{"id":259207,"date":"2026-03-20T02:00:38","date_gmt":"2026-03-20T01:00:38","guid":{"rendered":"https:\/\/schweizversand.ch\/produkt\/trespass-qikpac-regenjacke-jkt-tp75-3\/"},"modified":"2026-04-16T02:01:49","modified_gmt":"2026-04-16T00:01:49","slug":"trespass-qikpac-regenjacke-jkt-tp75-3","status":"publish","type":"product","link":"https:\/\/schweizversand.ch\/en\/produkt\/trespass-qikpac-regenjacke-jkt-tp75-3\/","title":{"rendered":"Trespass QIKPAC Rain Jacket JKT TP75"},"content":{"rendered":"<p>The QIKPAK JACKET is a minimalist rain jacket designed purely for function. Our waterproof, windproof, and breathable Tres-Tex technology uses supple, functional outer layers with surface treatments that repel water and, together with inner layers, wick moisture away from the body. This allows the QIKPAK to withstand a 5,000 mm water column and achieve a breathability rating of 5,000 g\/m\u00b2\/24h. Two zippered pockets provide space for essentials like keys, change, or a smartphone. And when the sun comes out, the QIKPAK can be easily packed away in the included mesh bag!<\/p>\n<\/p>\n<p>&#8211; Compact, rollable waterproof rain jacket<\/p>\n<\/p>\n<p>&#8211; Waterproof up to 5,000 mm<\/p>\n<\/p>\n<p>&#8211; Breathable up to 5,000 g\/m\u00b2\/24h<\/p>\n<\/p>\n<p>Windproof; sealed seams<\/p>\n<\/p>\n<p>Two zippered pockets<\/p>\n","protected":false},"excerpt":{"rendered":"<p>Trespass QIKPAC Regenjacke JKT TP75 sch\u00fctzt zuverl\u00e4ssig vor Wind und Regen mit 5.000mm Wassers\u00e4ule, ist atmungsaktiv und kompakt verstaubar f\u00fcr jede Wetterlage.<\/p>\n","protected":false},"featured_media":258034,"comment_status":"open","ping_status":"closed","template":"","meta":[],"product_brand":[],"product_cat":[38078],"product_tag":[],"class_list":{"0":"post-259207","1":"product","2":"type-product","3":"status-publish","4":"has-post-thumbnail","6":"product_cat-diverses","7":"product_shipping_class-global_methods","9":"first","10":"instock","11":"taxable","12":"shipping-taxable","13":"purchasable","14":"product-type-simple"},"yoast_head":"<!-- This site is optimized with the Yoast SEO plugin v27.4 - https:\/\/yoast.com\/product\/yoast-seo-wordpress\/ -->\n<title>Trespass QIKPAC Regenjacke JKT TP75<\/title>\n<meta name=\"description\" content=\"QIKPAK JACKET ist eine minimale Regenjacke, die pur auf Funktion gedrillt ist. Unsere wasserdichte, winddichte und atmungsaktive Tres-Tex Technologie verwendet\" \/>\n<meta name=\"robots\" content=\"index, follow, max-snippet:-1, max-image-preview:large, max-video-preview:-1\" \/>\n<link rel=\"canonical\" href=\"https:\/\/schweizversand.ch\/en\/produkt\/trespass-qikpac-regenjacke-jkt-tp75-3\/\" \/>\n<meta property=\"og:locale\" content=\"en_US\" \/>\n<meta property=\"og:type\" content=\"article\" \/>\n<meta property=\"og:title\" content=\"Trespass QIKPAC Regenjacke JKT TP75\" \/>\n<meta property=\"og:description\" content=\"QIKPAK JACKET ist eine minimale Regenjacke, die pur auf Funktion gedrillt ist. Unsere wasserdichte, winddichte und atmungsaktive Tres-Tex Technologie verwendet\" \/>\n<meta property=\"og:url\" content=\"https:\/\/schweizversand.ch\/en\/produkt\/trespass-qikpac-regenjacke-jkt-tp75-3\/\" \/>\n<meta property=\"og:site_name\" content=\"Schweizer Shop f\u00fcr Sport, Spiel und Freizeit\" \/>\n<meta property=\"article:publisher\" content=\"https:\/\/www.facebook.com\/Schweizversand\" \/>\n<meta property=\"article:modified_time\" content=\"2026-04-16T00:01:49+00:00\" \/>\n<meta property=\"og:image\" content=\"https:\/\/schweizversand.ch\/wp-content\/uploads\/2026\/03\/5471493597.jpg\" \/>\n\t<meta property=\"og:image:width\" content=\"698\" \/>\n\t<meta property=\"og:image:height\" content=\"1024\" \/>\n\t<meta property=\"og:image:type\" content=\"image\/jpeg\" \/>\n<meta name=\"twitter:card\" content=\"summary_large_image\" \/>\n<meta name=\"twitter:label1\" content=\"Est. reading time\" \/>\n\t<meta name=\"twitter:data1\" content=\"1 minute\" \/>\n<script type=\"application\/ld+json\" class=\"yoast-schema-graph\">{\"@context\":\"https:\\\/\\\/schema.org\",\"@graph\":[{\"@type\":\"WebPage\",\"@id\":\"https:\\\/\\\/schweizversand.ch\\\/en\\\/produkt\\\/trespass-qikpac-regenjacke-jkt-tp75-3\\\/\",\"url\":\"https:\\\/\\\/schweizversand.ch\\\/en\\\/produkt\\\/trespass-qikpac-regenjacke-jkt-tp75-3\\\/\",\"name\":\"Trespass QIKPAC Regenjacke JKT TP75\",\"isPartOf\":{\"@id\":\"https:\\\/\\\/schweizversand.ch\\\/en\\\/#website\"},\"primaryImageOfPage\":{\"@id\":\"https:\\\/\\\/schweizversand.ch\\\/en\\\/produkt\\\/trespass-qikpac-regenjacke-jkt-tp75-3\\\/#primaryimage\"},\"image\":{\"@id\":\"https:\\\/\\\/schweizversand.ch\\\/en\\\/produkt\\\/trespass-qikpac-regenjacke-jkt-tp75-3\\\/#primaryimage\"},\"thumbnailUrl\":\"https:\\\/\\\/schweizversand.ch\\\/wp-content\\\/uploads\\\/2026\\\/03\\\/5471493597.jpg\",\"datePublished\":\"2026-03-20T01:00:38+00:00\",\"dateModified\":\"2026-04-16T00:01:49+00:00\",\"description\":\"QIKPAK JACKET ist eine minimale Regenjacke, die pur auf Funktion gedrillt ist. Unsere wasserdichte, winddichte und atmungsaktive Tres-Tex Technologie verwendet\",\"breadcrumb\":{\"@id\":\"https:\\\/\\\/schweizversand.ch\\\/en\\\/produkt\\\/trespass-qikpac-regenjacke-jkt-tp75-3\\\/#breadcrumb\"},\"inLanguage\":\"en-US\",\"potentialAction\":[{\"@type\":\"ReadAction\",\"target\":[\"https:\\\/\\\/schweizversand.ch\\\/en\\\/produkt\\\/trespass-qikpac-regenjacke-jkt-tp75-3\\\/\"]}]},{\"@type\":\"ImageObject\",\"inLanguage\":\"en-US\",\"@id\":\"https:\\\/\\\/schweizversand.ch\\\/en\\\/produkt\\\/trespass-qikpac-regenjacke-jkt-tp75-3\\\/#primaryimage\",\"url\":\"https:\\\/\\\/schweizversand.ch\\\/wp-content\\\/uploads\\\/2026\\\/03\\\/5471493597.jpg\",\"contentUrl\":\"https:\\\/\\\/schweizversand.ch\\\/wp-content\\\/uploads\\\/2026\\\/03\\\/5471493597.jpg\",\"width\":698,\"height\":1024},{\"@type\":\"BreadcrumbList\",\"@id\":\"https:\\\/\\\/schweizversand.ch\\\/en\\\/produkt\\\/trespass-qikpac-regenjacke-jkt-tp75-3\\\/#breadcrumb\",\"itemListElement\":[{\"@type\":\"ListItem\",\"position\":1,\"name\":\"Startseite\",\"item\":\"https:\\\/\\\/schweizversand.ch\\\/en\\\/\"},{\"@type\":\"ListItem\",\"position\":2,\"name\":\"Shop\",\"item\":\"https:\\\/\\\/schweizversand.ch\\\/en\\\/shop\\\/\"},{\"@type\":\"ListItem\",\"position\":3,\"name\":\"Fashion\",\"item\":\"https:\\\/\\\/schweizversand.ch\\\/en\\\/produkt-kategorie\\\/fashion\\\/\"},{\"@type\":\"ListItem\",\"position\":4,\"name\":\"Unisex Fashion\",\"item\":\"https:\\\/\\\/schweizversand.ch\\\/en\\\/produkt-kategorie\\\/fashion\\\/unisex-fashion\\\/\"},{\"@type\":\"ListItem\",\"position\":5,\"name\":\"Miscellaneous\",\"item\":\"https:\\\/\\\/schweizversand.ch\\\/en\\\/produkt-kategorie\\\/fashion\\\/unisex-fashion\\\/diverses\\\/\"},{\"@type\":\"ListItem\",\"position\":6,\"name\":\"Trespass QIKPAC Rain Jacket JKT TP75\"}]},{\"@type\":\"WebSite\",\"@id\":\"https:\\\/\\\/schweizversand.ch\\\/en\\\/#website\",\"url\":\"https:\\\/\\\/schweizversand.ch\\\/en\\\/\",\"name\":\"Schweizer Shop f\u00fcr Sport, Spiel und Freizeit\",\"description\":\"Gratisversand ab 50.- (netto), ab eigenem schweizer Lager, Lieferung innert 48h\",\"publisher\":{\"@id\":\"https:\\\/\\\/schweizversand.ch\\\/en\\\/#organization\"},\"alternateName\":\"Schweizversand.ch\",\"potentialAction\":[{\"@type\":\"SearchAction\",\"target\":{\"@type\":\"EntryPoint\",\"urlTemplate\":\"https:\\\/\\\/schweizversand.ch\\\/en\\\/?s={search_term_string}\"},\"query-input\":{\"@type\":\"PropertyValueSpecification\",\"valueRequired\":true,\"valueName\":\"search_term_string\"}}],\"inLanguage\":\"en-US\"},{\"@type\":\"Organization\",\"@id\":\"https:\\\/\\\/schweizversand.ch\\\/en\\\/#organization\",\"name\":\"Schweizversand.ch\",\"url\":\"https:\\\/\\\/schweizversand.ch\\\/en\\\/\",\"logo\":{\"@type\":\"ImageObject\",\"inLanguage\":\"en-US\",\"@id\":\"https:\\\/\\\/schweizversand.ch\\\/en\\\/#\\\/schema\\\/logo\\\/image\\\/\",\"url\":\"https:\\\/\\\/schweizversand.ch\\\/wp-content\\\/uploads\\\/2026\\\/03\\\/Logo_Rund_Final-1.png\",\"contentUrl\":\"https:\\\/\\\/schweizversand.ch\\\/wp-content\\\/uploads\\\/2026\\\/03\\\/Logo_Rund_Final-1.png\",\"width\":404,\"height\":404,\"caption\":\"Schweizversand.ch\"},\"image\":{\"@id\":\"https:\\\/\\\/schweizversand.ch\\\/en\\\/#\\\/schema\\\/logo\\\/image\\\/\"},\"sameAs\":[\"https:\\\/\\\/www.facebook.com\\\/Schweizversand\",\"https:\\\/\\\/www.instagram.com\\\/schweizversand.ch\\\/\"]}]}<\/script>\n<!-- \/ Yoast SEO plugin. -->","yoast_head_json":{"title":"Trespass QIKPAC Regenjacke JKT TP75","description":"QIKPAK JACKET ist eine minimale Regenjacke, die pur auf Funktion gedrillt ist. Unsere wasserdichte, winddichte und atmungsaktive Tres-Tex Technologie verwendet","robots":{"index":"index","follow":"follow","max-snippet":"max-snippet:-1","max-image-preview":"max-image-preview:large","max-video-preview":"max-video-preview:-1"},"canonical":"https:\/\/schweizversand.ch\/en\/produkt\/trespass-qikpac-regenjacke-jkt-tp75-3\/","og_locale":"en_US","og_type":"article","og_title":"Trespass QIKPAC Regenjacke JKT TP75","og_description":"QIKPAK JACKET ist eine minimale Regenjacke, die pur auf Funktion gedrillt ist. Unsere wasserdichte, winddichte und atmungsaktive Tres-Tex Technologie verwendet","og_url":"https:\/\/schweizversand.ch\/en\/produkt\/trespass-qikpac-regenjacke-jkt-tp75-3\/","og_site_name":"Schweizer Shop f\u00fcr Sport, Spiel und Freizeit","article_publisher":"https:\/\/www.facebook.com\/Schweizversand","article_modified_time":"2026-04-16T00:01:49+00:00","og_image":[{"width":698,"height":1024,"url":"https:\/\/schweizversand.ch\/wp-content\/uploads\/2026\/03\/5471493597.jpg","type":"image\/jpeg"}],"twitter_card":"summary_large_image","twitter_misc":{"Est. reading time":"1 minute"},"schema":{"@context":"https:\/\/schema.org","@graph":[{"@type":"WebPage","@id":"https:\/\/schweizversand.ch\/en\/produkt\/trespass-qikpac-regenjacke-jkt-tp75-3\/","url":"https:\/\/schweizversand.ch\/en\/produkt\/trespass-qikpac-regenjacke-jkt-tp75-3\/","name":"Trespass QIKPAC Regenjacke JKT TP75","isPartOf":{"@id":"https:\/\/schweizversand.ch\/en\/#website"},"primaryImageOfPage":{"@id":"https:\/\/schweizversand.ch\/en\/produkt\/trespass-qikpac-regenjacke-jkt-tp75-3\/#primaryimage"},"image":{"@id":"https:\/\/schweizversand.ch\/en\/produkt\/trespass-qikpac-regenjacke-jkt-tp75-3\/#primaryimage"},"thumbnailUrl":"https:\/\/schweizversand.ch\/wp-content\/uploads\/2026\/03\/5471493597.jpg","datePublished":"2026-03-20T01:00:38+00:00","dateModified":"2026-04-16T00:01:49+00:00","description":"QIKPAK JACKET ist eine minimale Regenjacke, die pur auf Funktion gedrillt ist. Unsere wasserdichte, winddichte und atmungsaktive Tres-Tex Technologie verwendet","breadcrumb":{"@id":"https:\/\/schweizversand.ch\/en\/produkt\/trespass-qikpac-regenjacke-jkt-tp75-3\/#breadcrumb"},"inLanguage":"en-US","potentialAction":[{"@type":"ReadAction","target":["https:\/\/schweizversand.ch\/en\/produkt\/trespass-qikpac-regenjacke-jkt-tp75-3\/"]}]},{"@type":"ImageObject","inLanguage":"en-US","@id":"https:\/\/schweizversand.ch\/en\/produkt\/trespass-qikpac-regenjacke-jkt-tp75-3\/#primaryimage","url":"https:\/\/schweizversand.ch\/wp-content\/uploads\/2026\/03\/5471493597.jpg","contentUrl":"https:\/\/schweizversand.ch\/wp-content\/uploads\/2026\/03\/5471493597.jpg","width":698,"height":1024},{"@type":"BreadcrumbList","@id":"https:\/\/schweizversand.ch\/en\/produkt\/trespass-qikpac-regenjacke-jkt-tp75-3\/#breadcrumb","itemListElement":[{"@type":"ListItem","position":1,"name":"Startseite","item":"https:\/\/schweizversand.ch\/en\/"},{"@type":"ListItem","position":2,"name":"Shop","item":"https:\/\/schweizversand.ch\/en\/shop\/"},{"@type":"ListItem","position":3,"name":"Fashion","item":"https:\/\/schweizversand.ch\/en\/produkt-kategorie\/fashion\/"},{"@type":"ListItem","position":4,"name":"Unisex Fashion","item":"https:\/\/schweizversand.ch\/en\/produkt-kategorie\/fashion\/unisex-fashion\/"},{"@type":"ListItem","position":5,"name":"Miscellaneous","item":"https:\/\/schweizversand.ch\/en\/produkt-kategorie\/fashion\/unisex-fashion\/diverses\/"},{"@type":"ListItem","position":6,"name":"Trespass QIKPAC Rain Jacket JKT TP75"}]},{"@type":"WebSite","@id":"https:\/\/schweizversand.ch\/en\/#website","url":"https:\/\/schweizversand.ch\/en\/","name":"Schweizer Shop f\u00fcr Sport, Spiel und Freizeit","description":"Gratisversand ab 50.- (netto), ab eigenem schweizer Lager, Lieferung innert 48h","publisher":{"@id":"https:\/\/schweizversand.ch\/en\/#organization"},"alternateName":"Schweizversand.ch","potentialAction":[{"@type":"SearchAction","target":{"@type":"EntryPoint","urlTemplate":"https:\/\/schweizversand.ch\/en\/?s={search_term_string}"},"query-input":{"@type":"PropertyValueSpecification","valueRequired":true,"valueName":"search_term_string"}}],"inLanguage":"en-US"},{"@type":"Organization","@id":"https:\/\/schweizversand.ch\/en\/#organization","name":"Schweizversand.ch","url":"https:\/\/schweizversand.ch\/en\/","logo":{"@type":"ImageObject","inLanguage":"en-US","@id":"https:\/\/schweizversand.ch\/en\/#\/schema\/logo\/image\/","url":"https:\/\/schweizversand.ch\/wp-content\/uploads\/2026\/03\/Logo_Rund_Final-1.png","contentUrl":"https:\/\/schweizversand.ch\/wp-content\/uploads\/2026\/03\/Logo_Rund_Final-1.png","width":404,"height":404,"caption":"Schweizversand.ch"},"image":{"@id":"https:\/\/schweizversand.ch\/en\/#\/schema\/logo\/image\/"},"sameAs":["https:\/\/www.facebook.com\/Schweizversand","https:\/\/www.instagram.com\/schweizversand.ch\/"]}]}},"jetpack_sharing_enabled":true,"_links":{"self":[{"href":"https:\/\/schweizversand.ch\/en\/wp-json\/wp\/v2\/product\/259207","targetHints":{"allow":["GET"]}}],"collection":[{"href":"https:\/\/schweizversand.ch\/en\/wp-json\/wp\/v2\/product"}],"about":[{"href":"https:\/\/schweizversand.ch\/en\/wp-json\/wp\/v2\/types\/product"}],"replies":[{"embeddable":true,"href":"https:\/\/schweizversand.ch\/en\/wp-json\/wp\/v2\/comments?post=259207"}],"wp:featuredmedia":[{"embeddable":true,"href":"https:\/\/schweizversand.ch\/en\/wp-json\/wp\/v2\/media\/258034"}],"wp:attachment":[{"href":"https:\/\/schweizversand.ch\/en\/wp-json\/wp\/v2\/media?parent=259207"}],"wp:term":[{"taxonomy":"product_brand","embeddable":true,"href":"https:\/\/schweizversand.ch\/en\/wp-json\/wp\/v2\/product_brand?post=259207"},{"taxonomy":"product_cat","embeddable":true,"href":"https:\/\/schweizversand.ch\/en\/wp-json\/wp\/v2\/product_cat?post=259207"},{"taxonomy":"product_tag","embeddable":true,"href":"https:\/\/schweizversand.ch\/en\/wp-json\/wp\/v2\/product_tag?post=259207"}],"curies":[{"name":"wp","href":"https:\/\/api.w.org\/{rel}","templated":true}]}}