{"id":259220,"date":"2026-03-15T00:55:48","date_gmt":"2026-03-14T23:55:48","guid":{"rendered":"https:\/\/schweizversand.ch\/produkt\/trespass-softly-damen-kaputzenpullover-16\/"},"modified":"2026-04-19T02:01:57","modified_gmt":"2026-04-19T00:01:57","slug":"trespass-softly-damen-kaputzenpullover-16","status":"publish","type":"product","link":"https:\/\/schweizversand.ch\/en\/produkt\/trespass-softly-damen-kaputzenpullover-16\/","title":{"rendered":"Trespass SOFTLY &#8211; women&#8217;s hoodie"},"content":{"rendered":"<p>Comfort meets functionality \u2013 your new favorite hoodie!<\/p>\n<\/p>\n<p>This hoodie combines modern design with maximum comfort and practical features. Thanks to its high-quality material composition and thoughtful details, it&#8217;s the perfect companion for any occasion \u2013 whether for leisure, sports, or relaxing at home.<\/p>\n<\/p>\n<p>Highlights &#038; Features:<\/p>\n<\/p>\n<p>Yarn-dyed stripe on heathered fabric \u2013 enhances the aesthetic with a unique textured look<\/p>\n<\/p>\n<p>Soft feel &#038; double-brushed fabric \u2013 for a comfortable, cozy feel<\/p>\n<\/p>\n<p>Fixed hood with drawstring for added protection and style \u2013 offers optimal coverage and a sporty look<\/p>\n<\/p>\n<p>Half-zip at the neckline \u2013 for easy on and off and adjustable ventilation<\/p>\n<\/p>\n<p>Kangaroo pocket \u2013 a practical pocket for warm hands or small items<\/p>\n<\/p>\n<p>Side slits at the hem \u2013 for greater freedom of movement and a relaxed fit<\/p>\n<\/p>\n<p>Long sleeves with contrasting trim \u2013 a stylish accent for a modern look<\/p>\n<\/p>\n<p>High-quality fabric:<\/p>\n<\/p>\n<p>Material: Knitted fabric made of 88% polyester &#038; 12% elastane \u2013 flexible, durable, and easy to care for<\/p>\n<\/p>\n<p>Weight: 270 g\/m\u00b2 \u2013 ideal for a balanced ratio of warmth and breathability<\/p>\n<\/p>\n<p>Whether as a stylish addition to your streetwear wardrobe, a practical companion for outdoor activities, or a cozy hoodie for relaxed days \u2013 this model offers you comfort, functionality, and style in one.<\/p>\n","protected":false},"excerpt":{"rendered":"<p>Trespass SOFTLY \u2013 Damen Kapuzenpullover mit kuscheligem, geb\u00fcrstetem Stoff, stylischem Streifen, praktischer Kapuze und halbem Rei\u00dfverschluss f\u00fcr Komfort und Funktion.<\/p>\n","protected":false},"featured_media":261276,"comment_status":"open","ping_status":"closed","template":"","meta":[],"product_brand":[],"product_cat":[38069],"product_tag":[],"class_list":{"0":"post-259220","1":"product","2":"type-product","3":"status-publish","4":"has-post-thumbnail","6":"product_cat-damenbekleidung","7":"product_shipping_class-global_methods","9":"first","10":"instock","11":"taxable","12":"shipping-taxable","13":"purchasable","14":"product-type-simple"},"yoast_head":"<!-- This site is optimized with the Yoast SEO plugin v27.4 - https:\/\/yoast.com\/product\/yoast-seo-wordpress\/ -->\n<title>Trespass SOFTLY - Damen Kaputzenpullover<\/title>\n<meta name=\"description\" content=\"Komfort trifft auf Funktionalit\u00e4t \u2013 Dein neuer Lieblings-Hoodie! Dieser Hoodie vereint modernes Design mit maximaler Bequemlichkeit und praktischen Features. D\" \/>\n<meta name=\"robots\" content=\"index, follow, max-snippet:-1, max-image-preview:large, max-video-preview:-1\" \/>\n<link rel=\"canonical\" href=\"https:\/\/schweizversand.ch\/en\/produkt\/trespass-softly-damen-kaputzenpullover-16\/\" \/>\n<meta property=\"og:locale\" content=\"en_US\" \/>\n<meta property=\"og:type\" content=\"article\" \/>\n<meta property=\"og:title\" content=\"Trespass SOFTLY - Damen Kaputzenpullover\" \/>\n<meta property=\"og:description\" content=\"Komfort trifft auf Funktionalit\u00e4t \u2013 Dein neuer Lieblings-Hoodie! Dieser Hoodie vereint modernes Design mit maximaler Bequemlichkeit und praktischen Features. D\" \/>\n<meta property=\"og:url\" content=\"https:\/\/schweizversand.ch\/en\/produkt\/trespass-softly-damen-kaputzenpullover-16\/\" \/>\n<meta property=\"og:site_name\" content=\"Schweizer Shop f\u00fcr Sport, Spiel und Freizeit\" \/>\n<meta property=\"article:publisher\" content=\"https:\/\/www.facebook.com\/Schweizversand\" \/>\n<meta property=\"article:modified_time\" content=\"2026-04-19T00:01:57+00:00\" \/>\n<meta property=\"og:image\" content=\"https:\/\/schweizversand.ch\/wp-content\/uploads\/2026\/02\/5471841427.jpg\" \/>\n\t<meta property=\"og:image:width\" content=\"731\" \/>\n\t<meta property=\"og:image:height\" content=\"1024\" \/>\n\t<meta property=\"og:image:type\" content=\"image\/jpeg\" \/>\n<meta name=\"twitter:card\" content=\"summary_large_image\" \/>\n<meta name=\"twitter:label1\" content=\"Est. reading time\" \/>\n\t<meta name=\"twitter:data1\" content=\"1 minute\" \/>\n<script type=\"application\/ld+json\" class=\"yoast-schema-graph\">{\"@context\":\"https:\\\/\\\/schema.org\",\"@graph\":[{\"@type\":\"WebPage\",\"@id\":\"https:\\\/\\\/schweizversand.ch\\\/en\\\/produkt\\\/trespass-softly-damen-kaputzenpullover-16\\\/\",\"url\":\"https:\\\/\\\/schweizversand.ch\\\/en\\\/produkt\\\/trespass-softly-damen-kaputzenpullover-16\\\/\",\"name\":\"Trespass SOFTLY - Damen Kaputzenpullover\",\"isPartOf\":{\"@id\":\"https:\\\/\\\/schweizversand.ch\\\/en\\\/#website\"},\"primaryImageOfPage\":{\"@id\":\"https:\\\/\\\/schweizversand.ch\\\/en\\\/produkt\\\/trespass-softly-damen-kaputzenpullover-16\\\/#primaryimage\"},\"image\":{\"@id\":\"https:\\\/\\\/schweizversand.ch\\\/en\\\/produkt\\\/trespass-softly-damen-kaputzenpullover-16\\\/#primaryimage\"},\"thumbnailUrl\":\"https:\\\/\\\/schweizversand.ch\\\/wp-content\\\/uploads\\\/2026\\\/02\\\/5471841427.jpg\",\"datePublished\":\"2026-03-14T23:55:48+00:00\",\"dateModified\":\"2026-04-19T00:01:57+00:00\",\"description\":\"Komfort trifft auf Funktionalit\u00e4t \u2013 Dein neuer Lieblings-Hoodie! Dieser Hoodie vereint modernes Design mit maximaler Bequemlichkeit und praktischen Features. D\",\"breadcrumb\":{\"@id\":\"https:\\\/\\\/schweizversand.ch\\\/en\\\/produkt\\\/trespass-softly-damen-kaputzenpullover-16\\\/#breadcrumb\"},\"inLanguage\":\"en-US\",\"potentialAction\":[{\"@type\":\"ReadAction\",\"target\":[\"https:\\\/\\\/schweizversand.ch\\\/en\\\/produkt\\\/trespass-softly-damen-kaputzenpullover-16\\\/\"]}]},{\"@type\":\"ImageObject\",\"inLanguage\":\"en-US\",\"@id\":\"https:\\\/\\\/schweizversand.ch\\\/en\\\/produkt\\\/trespass-softly-damen-kaputzenpullover-16\\\/#primaryimage\",\"url\":\"https:\\\/\\\/schweizversand.ch\\\/wp-content\\\/uploads\\\/2026\\\/02\\\/5471841427.jpg\",\"contentUrl\":\"https:\\\/\\\/schweizversand.ch\\\/wp-content\\\/uploads\\\/2026\\\/02\\\/5471841427.jpg\",\"width\":731,\"height\":1024},{\"@type\":\"BreadcrumbList\",\"@id\":\"https:\\\/\\\/schweizversand.ch\\\/en\\\/produkt\\\/trespass-softly-damen-kaputzenpullover-16\\\/#breadcrumb\",\"itemListElement\":[{\"@type\":\"ListItem\",\"position\":1,\"name\":\"Startseite\",\"item\":\"https:\\\/\\\/schweizversand.ch\\\/en\\\/\"},{\"@type\":\"ListItem\",\"position\":2,\"name\":\"Shop\",\"item\":\"https:\\\/\\\/schweizversand.ch\\\/en\\\/shop\\\/\"},{\"@type\":\"ListItem\",\"position\":3,\"name\":\"Fashion\",\"item\":\"https:\\\/\\\/schweizversand.ch\\\/en\\\/produkt-kategorie\\\/fashion\\\/\"},{\"@type\":\"ListItem\",\"position\":4,\"name\":\"Women's Fashion\",\"item\":\"https:\\\/\\\/schweizversand.ch\\\/en\\\/produkt-kategorie\\\/fashion\\\/womens-fashion\\\/\"},{\"@type\":\"ListItem\",\"position\":5,\"name\":\"Women's Clothing\",\"item\":\"https:\\\/\\\/schweizversand.ch\\\/en\\\/produkt-kategorie\\\/fashion\\\/womens-fashion\\\/damenbekleidung\\\/\"},{\"@type\":\"ListItem\",\"position\":6,\"name\":\"Trespass SOFTLY &#8211; women&#8217;s hoodie\"}]},{\"@type\":\"WebSite\",\"@id\":\"https:\\\/\\\/schweizversand.ch\\\/en\\\/#website\",\"url\":\"https:\\\/\\\/schweizversand.ch\\\/en\\\/\",\"name\":\"Schweizer Shop f\u00fcr Sport, Spiel und Freizeit\",\"description\":\"Gratisversand ab 50.- (netto), ab eigenem schweizer Lager, Lieferung innert 48h\",\"publisher\":{\"@id\":\"https:\\\/\\\/schweizversand.ch\\\/en\\\/#organization\"},\"alternateName\":\"Schweizversand.ch\",\"potentialAction\":[{\"@type\":\"SearchAction\",\"target\":{\"@type\":\"EntryPoint\",\"urlTemplate\":\"https:\\\/\\\/schweizversand.ch\\\/en\\\/?s={search_term_string}\"},\"query-input\":{\"@type\":\"PropertyValueSpecification\",\"valueRequired\":true,\"valueName\":\"search_term_string\"}}],\"inLanguage\":\"en-US\"},{\"@type\":\"Organization\",\"@id\":\"https:\\\/\\\/schweizversand.ch\\\/en\\\/#organization\",\"name\":\"Schweizversand.ch\",\"url\":\"https:\\\/\\\/schweizversand.ch\\\/en\\\/\",\"logo\":{\"@type\":\"ImageObject\",\"inLanguage\":\"en-US\",\"@id\":\"https:\\\/\\\/schweizversand.ch\\\/en\\\/#\\\/schema\\\/logo\\\/image\\\/\",\"url\":\"https:\\\/\\\/schweizversand.ch\\\/wp-content\\\/uploads\\\/2026\\\/03\\\/Logo_Rund_Final-1.png\",\"contentUrl\":\"https:\\\/\\\/schweizversand.ch\\\/wp-content\\\/uploads\\\/2026\\\/03\\\/Logo_Rund_Final-1.png\",\"width\":404,\"height\":404,\"caption\":\"Schweizversand.ch\"},\"image\":{\"@id\":\"https:\\\/\\\/schweizversand.ch\\\/en\\\/#\\\/schema\\\/logo\\\/image\\\/\"},\"sameAs\":[\"https:\\\/\\\/www.facebook.com\\\/Schweizversand\",\"https:\\\/\\\/www.instagram.com\\\/schweizversand.ch\\\/\"]}]}<\/script>\n<!-- \/ Yoast SEO plugin. -->","yoast_head_json":{"title":"Trespass SOFTLY - Damen Kaputzenpullover","description":"Komfort trifft auf Funktionalit\u00e4t \u2013 Dein neuer Lieblings-Hoodie! Dieser Hoodie vereint modernes Design mit maximaler Bequemlichkeit und praktischen Features. D","robots":{"index":"index","follow":"follow","max-snippet":"max-snippet:-1","max-image-preview":"max-image-preview:large","max-video-preview":"max-video-preview:-1"},"canonical":"https:\/\/schweizversand.ch\/en\/produkt\/trespass-softly-damen-kaputzenpullover-16\/","og_locale":"en_US","og_type":"article","og_title":"Trespass SOFTLY - Damen Kaputzenpullover","og_description":"Komfort trifft auf Funktionalit\u00e4t \u2013 Dein neuer Lieblings-Hoodie! Dieser Hoodie vereint modernes Design mit maximaler Bequemlichkeit und praktischen Features. D","og_url":"https:\/\/schweizversand.ch\/en\/produkt\/trespass-softly-damen-kaputzenpullover-16\/","og_site_name":"Schweizer Shop f\u00fcr Sport, Spiel und Freizeit","article_publisher":"https:\/\/www.facebook.com\/Schweizversand","article_modified_time":"2026-04-19T00:01:57+00:00","og_image":[{"width":731,"height":1024,"url":"https:\/\/schweizversand.ch\/wp-content\/uploads\/2026\/02\/5471841427.jpg","type":"image\/jpeg"}],"twitter_card":"summary_large_image","twitter_misc":{"Est. reading time":"1 minute"},"schema":{"@context":"https:\/\/schema.org","@graph":[{"@type":"WebPage","@id":"https:\/\/schweizversand.ch\/en\/produkt\/trespass-softly-damen-kaputzenpullover-16\/","url":"https:\/\/schweizversand.ch\/en\/produkt\/trespass-softly-damen-kaputzenpullover-16\/","name":"Trespass SOFTLY - Damen Kaputzenpullover","isPartOf":{"@id":"https:\/\/schweizversand.ch\/en\/#website"},"primaryImageOfPage":{"@id":"https:\/\/schweizversand.ch\/en\/produkt\/trespass-softly-damen-kaputzenpullover-16\/#primaryimage"},"image":{"@id":"https:\/\/schweizversand.ch\/en\/produkt\/trespass-softly-damen-kaputzenpullover-16\/#primaryimage"},"thumbnailUrl":"https:\/\/schweizversand.ch\/wp-content\/uploads\/2026\/02\/5471841427.jpg","datePublished":"2026-03-14T23:55:48+00:00","dateModified":"2026-04-19T00:01:57+00:00","description":"Komfort trifft auf Funktionalit\u00e4t \u2013 Dein neuer Lieblings-Hoodie! Dieser Hoodie vereint modernes Design mit maximaler Bequemlichkeit und praktischen Features. D","breadcrumb":{"@id":"https:\/\/schweizversand.ch\/en\/produkt\/trespass-softly-damen-kaputzenpullover-16\/#breadcrumb"},"inLanguage":"en-US","potentialAction":[{"@type":"ReadAction","target":["https:\/\/schweizversand.ch\/en\/produkt\/trespass-softly-damen-kaputzenpullover-16\/"]}]},{"@type":"ImageObject","inLanguage":"en-US","@id":"https:\/\/schweizversand.ch\/en\/produkt\/trespass-softly-damen-kaputzenpullover-16\/#primaryimage","url":"https:\/\/schweizversand.ch\/wp-content\/uploads\/2026\/02\/5471841427.jpg","contentUrl":"https:\/\/schweizversand.ch\/wp-content\/uploads\/2026\/02\/5471841427.jpg","width":731,"height":1024},{"@type":"BreadcrumbList","@id":"https:\/\/schweizversand.ch\/en\/produkt\/trespass-softly-damen-kaputzenpullover-16\/#breadcrumb","itemListElement":[{"@type":"ListItem","position":1,"name":"Startseite","item":"https:\/\/schweizversand.ch\/en\/"},{"@type":"ListItem","position":2,"name":"Shop","item":"https:\/\/schweizversand.ch\/en\/shop\/"},{"@type":"ListItem","position":3,"name":"Fashion","item":"https:\/\/schweizversand.ch\/en\/produkt-kategorie\/fashion\/"},{"@type":"ListItem","position":4,"name":"Women's Fashion","item":"https:\/\/schweizversand.ch\/en\/produkt-kategorie\/fashion\/womens-fashion\/"},{"@type":"ListItem","position":5,"name":"Women's Clothing","item":"https:\/\/schweizversand.ch\/en\/produkt-kategorie\/fashion\/womens-fashion\/damenbekleidung\/"},{"@type":"ListItem","position":6,"name":"Trespass SOFTLY &#8211; women&#8217;s hoodie"}]},{"@type":"WebSite","@id":"https:\/\/schweizversand.ch\/en\/#website","url":"https:\/\/schweizversand.ch\/en\/","name":"Schweizer Shop f\u00fcr Sport, Spiel und Freizeit","description":"Gratisversand ab 50.- (netto), ab eigenem schweizer Lager, Lieferung innert 48h","publisher":{"@id":"https:\/\/schweizversand.ch\/en\/#organization"},"alternateName":"Schweizversand.ch","potentialAction":[{"@type":"SearchAction","target":{"@type":"EntryPoint","urlTemplate":"https:\/\/schweizversand.ch\/en\/?s={search_term_string}"},"query-input":{"@type":"PropertyValueSpecification","valueRequired":true,"valueName":"search_term_string"}}],"inLanguage":"en-US"},{"@type":"Organization","@id":"https:\/\/schweizversand.ch\/en\/#organization","name":"Schweizversand.ch","url":"https:\/\/schweizversand.ch\/en\/","logo":{"@type":"ImageObject","inLanguage":"en-US","@id":"https:\/\/schweizversand.ch\/en\/#\/schema\/logo\/image\/","url":"https:\/\/schweizversand.ch\/wp-content\/uploads\/2026\/03\/Logo_Rund_Final-1.png","contentUrl":"https:\/\/schweizversand.ch\/wp-content\/uploads\/2026\/03\/Logo_Rund_Final-1.png","width":404,"height":404,"caption":"Schweizversand.ch"},"image":{"@id":"https:\/\/schweizversand.ch\/en\/#\/schema\/logo\/image\/"},"sameAs":["https:\/\/www.facebook.com\/Schweizversand","https:\/\/www.instagram.com\/schweizversand.ch\/"]}]}},"jetpack_sharing_enabled":true,"_links":{"self":[{"href":"https:\/\/schweizversand.ch\/en\/wp-json\/wp\/v2\/product\/259220","targetHints":{"allow":["GET"]}}],"collection":[{"href":"https:\/\/schweizversand.ch\/en\/wp-json\/wp\/v2\/product"}],"about":[{"href":"https:\/\/schweizversand.ch\/en\/wp-json\/wp\/v2\/types\/product"}],"replies":[{"embeddable":true,"href":"https:\/\/schweizversand.ch\/en\/wp-json\/wp\/v2\/comments?post=259220"}],"wp:featuredmedia":[{"embeddable":true,"href":"https:\/\/schweizversand.ch\/en\/wp-json\/wp\/v2\/media\/261276"}],"wp:attachment":[{"href":"https:\/\/schweizversand.ch\/en\/wp-json\/wp\/v2\/media?parent=259220"}],"wp:term":[{"taxonomy":"product_brand","embeddable":true,"href":"https:\/\/schweizversand.ch\/en\/wp-json\/wp\/v2\/product_brand?post=259220"},{"taxonomy":"product_cat","embeddable":true,"href":"https:\/\/schweizversand.ch\/en\/wp-json\/wp\/v2\/product_cat?post=259220"},{"taxonomy":"product_tag","embeddable":true,"href":"https:\/\/schweizversand.ch\/en\/wp-json\/wp\/v2\/product_tag?post=259220"}],"curies":[{"name":"wp","href":"https:\/\/api.w.org\/{rel}","templated":true}]}}