{"id":259235,"date":"2026-03-15T00:55:49","date_gmt":"2026-03-14T23:55:49","guid":{"rendered":"https:\/\/schweizversand.ch\/produkt\/trespass-metraya-damenpullover-mit-kapuze-13\/"},"modified":"2026-04-20T02:01:45","modified_gmt":"2026-04-20T00:01:45","slug":"trespass-metraya-damenpullover-mit-kapuze-13","status":"publish","type":"product","link":"https:\/\/schweizversand.ch\/en\/produkt\/trespass-metraya-damenpullover-mit-kapuze-13\/","title":{"rendered":"Trespass METRAYA &#8211; Women&#8217;s hooded sweater"},"content":{"rendered":"<p>Discover the comfort of double-brushed fleece \u2013 your perfect companion for cold days! This high-quality pullover made from 100% polyester offers excellent thermal insulation and an incredibly comfortable feel. The double-brushed fleece ensures you stay comfortable even in low temperatures. Airtrap technology protects you from the cold, while the breathable material provides perfect temperature regulation. The half-zip at the neck allows for flexible adjustment depending on the weather and your needs. The hood and kangaroo front pocket offer additional comfort and storage. The binding at the hem and hood gives the pullover a modern look, while the stylish badge on the sleeve perfectly completes the design. Thanks to the robust knit and the lightweight fabric weight of 200gsm, the pullover is suitable for both sporting activities and everyday wear. Make it your new favorite! Ideal for active people who refuse to compromise on style and functionality.<\/p>\n","protected":false},"excerpt":{"rendered":"<p>Trespass METRAYA \u2013 Damenpullover mit Kapuze aus doppelseitig geb\u00fcrstetem Vlies f\u00fcr W\u00e4rme, Komfort und Stil. Airtrap-Technologie und halber Rei\u00dfverschluss f\u00fcr perfekte Passform.<\/p>\n","protected":false},"featured_media":160858,"comment_status":"open","ping_status":"closed","template":"","meta":[],"product_brand":[],"product_cat":[38069],"product_tag":[],"class_list":{"0":"post-259235","1":"product","2":"type-product","3":"status-publish","4":"has-post-thumbnail","6":"product_cat-damenbekleidung","7":"product_shipping_class-global_methods","9":"first","10":"instock","11":"taxable","12":"shipping-taxable","13":"purchasable","14":"product-type-simple"},"yoast_head":"<!-- This site is optimized with the Yoast SEO plugin v27.4 - https:\/\/yoast.com\/product\/yoast-seo-wordpress\/ -->\n<title>Trespass METRAYA - Damenpullover mit Kapuze<\/title>\n<meta name=\"description\" content=\"Entdecke den Komfort des doppelseitig geb\u00fcrstete Vlies\u00a0 \u2013 Dein perfekter Begleiter f\u00fcr kalte Tage! \u00a0 Mit diesem hochwertigen Pullover aus 100% Polyester setzt d\" \/>\n<meta name=\"robots\" content=\"index, follow, max-snippet:-1, max-image-preview:large, max-video-preview:-1\" \/>\n<link rel=\"canonical\" href=\"https:\/\/schweizversand.ch\/en\/produkt\/trespass-metraya-damenpullover-mit-kapuze-13\/\" \/>\n<meta property=\"og:locale\" content=\"en_US\" \/>\n<meta property=\"og:type\" content=\"article\" \/>\n<meta property=\"og:title\" content=\"Trespass METRAYA - Damenpullover mit Kapuze\" \/>\n<meta property=\"og:description\" content=\"Entdecke den Komfort des doppelseitig geb\u00fcrstete Vlies\u00a0 \u2013 Dein perfekter Begleiter f\u00fcr kalte Tage! \u00a0 Mit diesem hochwertigen Pullover aus 100% Polyester setzt d\" \/>\n<meta property=\"og:url\" content=\"https:\/\/schweizversand.ch\/en\/produkt\/trespass-metraya-damenpullover-mit-kapuze-13\/\" \/>\n<meta property=\"og:site_name\" content=\"Schweizer Shop f\u00fcr Sport, Spiel und Freizeit\" \/>\n<meta property=\"article:publisher\" content=\"https:\/\/www.facebook.com\/Schweizversand\" \/>\n<meta property=\"article:modified_time\" content=\"2026-04-20T00:01:45+00:00\" \/>\n<meta property=\"og:image\" content=\"https:\/\/schweizversand.ch\/wp-content\/uploads\/2026\/02\/5471875974.jpg\" \/>\n\t<meta property=\"og:image:width\" content=\"732\" \/>\n\t<meta property=\"og:image:height\" content=\"1024\" \/>\n\t<meta property=\"og:image:type\" content=\"image\/jpeg\" \/>\n<meta name=\"twitter:card\" content=\"summary_large_image\" \/>\n<meta name=\"twitter:label1\" content=\"Est. reading time\" \/>\n\t<meta name=\"twitter:data1\" content=\"1 minute\" \/>\n<script type=\"application\/ld+json\" class=\"yoast-schema-graph\">{\"@context\":\"https:\\\/\\\/schema.org\",\"@graph\":[{\"@type\":\"WebPage\",\"@id\":\"https:\\\/\\\/schweizversand.ch\\\/en\\\/produkt\\\/trespass-metraya-damenpullover-mit-kapuze-13\\\/\",\"url\":\"https:\\\/\\\/schweizversand.ch\\\/en\\\/produkt\\\/trespass-metraya-damenpullover-mit-kapuze-13\\\/\",\"name\":\"Trespass METRAYA - Damenpullover mit Kapuze\",\"isPartOf\":{\"@id\":\"https:\\\/\\\/schweizversand.ch\\\/en\\\/#website\"},\"primaryImageOfPage\":{\"@id\":\"https:\\\/\\\/schweizversand.ch\\\/en\\\/produkt\\\/trespass-metraya-damenpullover-mit-kapuze-13\\\/#primaryimage\"},\"image\":{\"@id\":\"https:\\\/\\\/schweizversand.ch\\\/en\\\/produkt\\\/trespass-metraya-damenpullover-mit-kapuze-13\\\/#primaryimage\"},\"thumbnailUrl\":\"https:\\\/\\\/schweizversand.ch\\\/wp-content\\\/uploads\\\/2026\\\/02\\\/5471875974.jpg\",\"datePublished\":\"2026-03-14T23:55:49+00:00\",\"dateModified\":\"2026-04-20T00:01:45+00:00\",\"description\":\"Entdecke den Komfort des doppelseitig geb\u00fcrstete Vlies\u00a0 \u2013 Dein perfekter Begleiter f\u00fcr kalte Tage! \u00a0 Mit diesem hochwertigen Pullover aus 100% Polyester setzt d\",\"breadcrumb\":{\"@id\":\"https:\\\/\\\/schweizversand.ch\\\/en\\\/produkt\\\/trespass-metraya-damenpullover-mit-kapuze-13\\\/#breadcrumb\"},\"inLanguage\":\"en-US\",\"potentialAction\":[{\"@type\":\"ReadAction\",\"target\":[\"https:\\\/\\\/schweizversand.ch\\\/en\\\/produkt\\\/trespass-metraya-damenpullover-mit-kapuze-13\\\/\"]}]},{\"@type\":\"ImageObject\",\"inLanguage\":\"en-US\",\"@id\":\"https:\\\/\\\/schweizversand.ch\\\/en\\\/produkt\\\/trespass-metraya-damenpullover-mit-kapuze-13\\\/#primaryimage\",\"url\":\"https:\\\/\\\/schweizversand.ch\\\/wp-content\\\/uploads\\\/2026\\\/02\\\/5471875974.jpg\",\"contentUrl\":\"https:\\\/\\\/schweizversand.ch\\\/wp-content\\\/uploads\\\/2026\\\/02\\\/5471875974.jpg\",\"width\":732,\"height\":1024},{\"@type\":\"BreadcrumbList\",\"@id\":\"https:\\\/\\\/schweizversand.ch\\\/en\\\/produkt\\\/trespass-metraya-damenpullover-mit-kapuze-13\\\/#breadcrumb\",\"itemListElement\":[{\"@type\":\"ListItem\",\"position\":1,\"name\":\"Startseite\",\"item\":\"https:\\\/\\\/schweizversand.ch\\\/en\\\/\"},{\"@type\":\"ListItem\",\"position\":2,\"name\":\"Shop\",\"item\":\"https:\\\/\\\/schweizversand.ch\\\/en\\\/shop\\\/\"},{\"@type\":\"ListItem\",\"position\":3,\"name\":\"Fashion\",\"item\":\"https:\\\/\\\/schweizversand.ch\\\/en\\\/produkt-kategorie\\\/fashion\\\/\"},{\"@type\":\"ListItem\",\"position\":4,\"name\":\"Women's Fashion\",\"item\":\"https:\\\/\\\/schweizversand.ch\\\/en\\\/produkt-kategorie\\\/fashion\\\/womens-fashion\\\/\"},{\"@type\":\"ListItem\",\"position\":5,\"name\":\"Women's Clothing\",\"item\":\"https:\\\/\\\/schweizversand.ch\\\/en\\\/produkt-kategorie\\\/fashion\\\/womens-fashion\\\/damenbekleidung\\\/\"},{\"@type\":\"ListItem\",\"position\":6,\"name\":\"Trespass METRAYA &#8211; Women&#8217;s hooded sweater\"}]},{\"@type\":\"WebSite\",\"@id\":\"https:\\\/\\\/schweizversand.ch\\\/en\\\/#website\",\"url\":\"https:\\\/\\\/schweizversand.ch\\\/en\\\/\",\"name\":\"Schweizer Shop f\u00fcr Sport, Spiel und Freizeit\",\"description\":\"Gratisversand ab 50.- (netto), ab eigenem schweizer Lager, Lieferung innert 48h\",\"publisher\":{\"@id\":\"https:\\\/\\\/schweizversand.ch\\\/en\\\/#organization\"},\"alternateName\":\"Schweizversand.ch\",\"potentialAction\":[{\"@type\":\"SearchAction\",\"target\":{\"@type\":\"EntryPoint\",\"urlTemplate\":\"https:\\\/\\\/schweizversand.ch\\\/en\\\/?s={search_term_string}\"},\"query-input\":{\"@type\":\"PropertyValueSpecification\",\"valueRequired\":true,\"valueName\":\"search_term_string\"}}],\"inLanguage\":\"en-US\"},{\"@type\":\"Organization\",\"@id\":\"https:\\\/\\\/schweizversand.ch\\\/en\\\/#organization\",\"name\":\"Schweizversand.ch\",\"url\":\"https:\\\/\\\/schweizversand.ch\\\/en\\\/\",\"logo\":{\"@type\":\"ImageObject\",\"inLanguage\":\"en-US\",\"@id\":\"https:\\\/\\\/schweizversand.ch\\\/en\\\/#\\\/schema\\\/logo\\\/image\\\/\",\"url\":\"https:\\\/\\\/schweizversand.ch\\\/wp-content\\\/uploads\\\/2026\\\/03\\\/Logo_Rund_Final-1.png\",\"contentUrl\":\"https:\\\/\\\/schweizversand.ch\\\/wp-content\\\/uploads\\\/2026\\\/03\\\/Logo_Rund_Final-1.png\",\"width\":404,\"height\":404,\"caption\":\"Schweizversand.ch\"},\"image\":{\"@id\":\"https:\\\/\\\/schweizversand.ch\\\/en\\\/#\\\/schema\\\/logo\\\/image\\\/\"},\"sameAs\":[\"https:\\\/\\\/www.facebook.com\\\/Schweizversand\",\"https:\\\/\\\/www.instagram.com\\\/schweizversand.ch\\\/\"]}]}<\/script>\n<!-- \/ Yoast SEO plugin. -->","yoast_head_json":{"title":"Trespass METRAYA - Damenpullover mit Kapuze","description":"Entdecke den Komfort des doppelseitig geb\u00fcrstete Vlies\u00a0 \u2013 Dein perfekter Begleiter f\u00fcr kalte Tage! \u00a0 Mit diesem hochwertigen Pullover aus 100% Polyester setzt d","robots":{"index":"index","follow":"follow","max-snippet":"max-snippet:-1","max-image-preview":"max-image-preview:large","max-video-preview":"max-video-preview:-1"},"canonical":"https:\/\/schweizversand.ch\/en\/produkt\/trespass-metraya-damenpullover-mit-kapuze-13\/","og_locale":"en_US","og_type":"article","og_title":"Trespass METRAYA - Damenpullover mit Kapuze","og_description":"Entdecke den Komfort des doppelseitig geb\u00fcrstete Vlies\u00a0 \u2013 Dein perfekter Begleiter f\u00fcr kalte Tage! \u00a0 Mit diesem hochwertigen Pullover aus 100% Polyester setzt d","og_url":"https:\/\/schweizversand.ch\/en\/produkt\/trespass-metraya-damenpullover-mit-kapuze-13\/","og_site_name":"Schweizer Shop f\u00fcr Sport, Spiel und Freizeit","article_publisher":"https:\/\/www.facebook.com\/Schweizversand","article_modified_time":"2026-04-20T00:01:45+00:00","og_image":[{"width":732,"height":1024,"url":"https:\/\/schweizversand.ch\/wp-content\/uploads\/2026\/02\/5471875974.jpg","type":"image\/jpeg"}],"twitter_card":"summary_large_image","twitter_misc":{"Est. reading time":"1 minute"},"schema":{"@context":"https:\/\/schema.org","@graph":[{"@type":"WebPage","@id":"https:\/\/schweizversand.ch\/en\/produkt\/trespass-metraya-damenpullover-mit-kapuze-13\/","url":"https:\/\/schweizversand.ch\/en\/produkt\/trespass-metraya-damenpullover-mit-kapuze-13\/","name":"Trespass METRAYA - Damenpullover mit Kapuze","isPartOf":{"@id":"https:\/\/schweizversand.ch\/en\/#website"},"primaryImageOfPage":{"@id":"https:\/\/schweizversand.ch\/en\/produkt\/trespass-metraya-damenpullover-mit-kapuze-13\/#primaryimage"},"image":{"@id":"https:\/\/schweizversand.ch\/en\/produkt\/trespass-metraya-damenpullover-mit-kapuze-13\/#primaryimage"},"thumbnailUrl":"https:\/\/schweizversand.ch\/wp-content\/uploads\/2026\/02\/5471875974.jpg","datePublished":"2026-03-14T23:55:49+00:00","dateModified":"2026-04-20T00:01:45+00:00","description":"Entdecke den Komfort des doppelseitig geb\u00fcrstete Vlies\u00a0 \u2013 Dein perfekter Begleiter f\u00fcr kalte Tage! \u00a0 Mit diesem hochwertigen Pullover aus 100% Polyester setzt d","breadcrumb":{"@id":"https:\/\/schweizversand.ch\/en\/produkt\/trespass-metraya-damenpullover-mit-kapuze-13\/#breadcrumb"},"inLanguage":"en-US","potentialAction":[{"@type":"ReadAction","target":["https:\/\/schweizversand.ch\/en\/produkt\/trespass-metraya-damenpullover-mit-kapuze-13\/"]}]},{"@type":"ImageObject","inLanguage":"en-US","@id":"https:\/\/schweizversand.ch\/en\/produkt\/trespass-metraya-damenpullover-mit-kapuze-13\/#primaryimage","url":"https:\/\/schweizversand.ch\/wp-content\/uploads\/2026\/02\/5471875974.jpg","contentUrl":"https:\/\/schweizversand.ch\/wp-content\/uploads\/2026\/02\/5471875974.jpg","width":732,"height":1024},{"@type":"BreadcrumbList","@id":"https:\/\/schweizversand.ch\/en\/produkt\/trespass-metraya-damenpullover-mit-kapuze-13\/#breadcrumb","itemListElement":[{"@type":"ListItem","position":1,"name":"Startseite","item":"https:\/\/schweizversand.ch\/en\/"},{"@type":"ListItem","position":2,"name":"Shop","item":"https:\/\/schweizversand.ch\/en\/shop\/"},{"@type":"ListItem","position":3,"name":"Fashion","item":"https:\/\/schweizversand.ch\/en\/produkt-kategorie\/fashion\/"},{"@type":"ListItem","position":4,"name":"Women's Fashion","item":"https:\/\/schweizversand.ch\/en\/produkt-kategorie\/fashion\/womens-fashion\/"},{"@type":"ListItem","position":5,"name":"Women's Clothing","item":"https:\/\/schweizversand.ch\/en\/produkt-kategorie\/fashion\/womens-fashion\/damenbekleidung\/"},{"@type":"ListItem","position":6,"name":"Trespass METRAYA &#8211; Women&#8217;s hooded sweater"}]},{"@type":"WebSite","@id":"https:\/\/schweizversand.ch\/en\/#website","url":"https:\/\/schweizversand.ch\/en\/","name":"Schweizer Shop f\u00fcr Sport, Spiel und Freizeit","description":"Gratisversand ab 50.- (netto), ab eigenem schweizer Lager, Lieferung innert 48h","publisher":{"@id":"https:\/\/schweizversand.ch\/en\/#organization"},"alternateName":"Schweizversand.ch","potentialAction":[{"@type":"SearchAction","target":{"@type":"EntryPoint","urlTemplate":"https:\/\/schweizversand.ch\/en\/?s={search_term_string}"},"query-input":{"@type":"PropertyValueSpecification","valueRequired":true,"valueName":"search_term_string"}}],"inLanguage":"en-US"},{"@type":"Organization","@id":"https:\/\/schweizversand.ch\/en\/#organization","name":"Schweizversand.ch","url":"https:\/\/schweizversand.ch\/en\/","logo":{"@type":"ImageObject","inLanguage":"en-US","@id":"https:\/\/schweizversand.ch\/en\/#\/schema\/logo\/image\/","url":"https:\/\/schweizversand.ch\/wp-content\/uploads\/2026\/03\/Logo_Rund_Final-1.png","contentUrl":"https:\/\/schweizversand.ch\/wp-content\/uploads\/2026\/03\/Logo_Rund_Final-1.png","width":404,"height":404,"caption":"Schweizversand.ch"},"image":{"@id":"https:\/\/schweizversand.ch\/en\/#\/schema\/logo\/image\/"},"sameAs":["https:\/\/www.facebook.com\/Schweizversand","https:\/\/www.instagram.com\/schweizversand.ch\/"]}]}},"jetpack_sharing_enabled":true,"_links":{"self":[{"href":"https:\/\/schweizversand.ch\/en\/wp-json\/wp\/v2\/product\/259235","targetHints":{"allow":["GET"]}}],"collection":[{"href":"https:\/\/schweizversand.ch\/en\/wp-json\/wp\/v2\/product"}],"about":[{"href":"https:\/\/schweizversand.ch\/en\/wp-json\/wp\/v2\/types\/product"}],"replies":[{"embeddable":true,"href":"https:\/\/schweizversand.ch\/en\/wp-json\/wp\/v2\/comments?post=259235"}],"wp:featuredmedia":[{"embeddable":true,"href":"https:\/\/schweizversand.ch\/en\/wp-json\/wp\/v2\/media\/160858"}],"wp:attachment":[{"href":"https:\/\/schweizversand.ch\/en\/wp-json\/wp\/v2\/media?parent=259235"}],"wp:term":[{"taxonomy":"product_brand","embeddable":true,"href":"https:\/\/schweizversand.ch\/en\/wp-json\/wp\/v2\/product_brand?post=259235"},{"taxonomy":"product_cat","embeddable":true,"href":"https:\/\/schweizversand.ch\/en\/wp-json\/wp\/v2\/product_cat?post=259235"},{"taxonomy":"product_tag","embeddable":true,"href":"https:\/\/schweizversand.ch\/en\/wp-json\/wp\/v2\/product_tag?post=259235"}],"curies":[{"name":"wp","href":"https:\/\/api.w.org\/{rel}","templated":true}]}}