{"id":259242,"date":"2026-03-20T02:00:48","date_gmt":"2026-03-20T01:00:48","guid":{"rendered":"https:\/\/schweizversand.ch\/produkt\/trespass-vistal-tasche\/"},"modified":"2026-04-15T02:01:54","modified_gmt":"2026-04-15T00:01:54","slug":"trespass-vistal-tasche","status":"publish","type":"product","link":"https:\/\/schweizversand.ch\/en\/produkt\/trespass-vistal-tasche\/","title":{"rendered":"Trespass VISTAL bag"},"content":{"rendered":"<p>Packaway Tote Bag \u2013 Plenty of space, compact size<br \/>\n<br \/>Whether for everyday use, a weekend getaway, or a spontaneous shopping trip \u2013 the Packaway Tote Bag is always there when you need it. And when it&#8217;s not? Then it disappears into its integrated pocket, saving space. Super lightweight, compact, and surprisingly spacious.<\/p>\n<p>Equipped with a zippered main compartment, a practical front pocket, an inner pocket, and clever bungee loops and daisy chains, this bag offers versatile organizational options. The two-tone webbing adds a stylish touch while ensuring comfortable carrying.<\/p>\n<p>Technical Highlights:<\/p>\n<p>\u2022 Ultra-compact packability \u2013 ideal for on the go<\/p>\n<p>\u2022 Main compartment &#038; front pocket with zipper \u2013 for secure storage<\/p>\n<p>\u2022 Daisy chains &#038; bungee loops \u2013 flexibly expandable<\/p>\n<p>\u2022 Two-tone webbing \u2013 stylish &#038; Comfortable<\/p>\n<p>\u2022 Lightweight material \u2013 perfect for travel or spontaneous outings<\/p>\n<p>Fabric composition:<\/p>\n<p>\u2022 Outer material: 100% polyester<\/p>\n<p>The bag you&#8217;ll always want to have with you \u2013 lightweight, practical, and thoughtfully designed.<\/p>\n","protected":false},"excerpt":{"rendered":"<p>Trespass VISTAL Tasche bietet viel Stauraum, ist ultrakompakt verstaubar und punktet mit Rei\u00dfverschlussf\u00e4chern sowie praktischen Bungee Loops f\u00fcr maximale Organisation.<\/p>\n","protected":false},"featured_media":261284,"comment_status":"open","ping_status":"closed","template":"","meta":[],"product_brand":[],"product_cat":[38002],"product_tag":[],"class_list":{"0":"post-259242","1":"product","2":"type-product","3":"status-publish","4":"has-post-thumbnail","6":"product_cat-taschen-rucksack","7":"product_shipping_class-global_methods","9":"first","10":"instock","11":"taxable","12":"shipping-taxable","13":"purchasable","14":"product-type-simple"},"yoast_head":"<!-- This site is optimized with the Yoast SEO plugin v27.4 - https:\/\/yoast.com\/product\/yoast-seo-wordpress\/ -->\n<title>Trespass VISTAL Tasche<\/title>\n<meta name=\"description\" content=\"Packaway Tote Bag \u2013 Viel Platz, klein verpackt Ob f\u00fcr den Alltag, den Wochenendtrip oder den spontanen Einkauf \u2013 die Packaway Tote Bag ist immer zur Stelle, we\" \/>\n<meta name=\"robots\" content=\"index, follow, max-snippet:-1, max-image-preview:large, max-video-preview:-1\" \/>\n<link rel=\"canonical\" href=\"https:\/\/schweizversand.ch\/en\/produkt\/trespass-vistal-tasche\/\" \/>\n<meta property=\"og:locale\" content=\"en_US\" \/>\n<meta property=\"og:type\" content=\"article\" \/>\n<meta property=\"og:title\" content=\"Trespass VISTAL Tasche\" \/>\n<meta property=\"og:description\" content=\"Packaway Tote Bag \u2013 Viel Platz, klein verpackt Ob f\u00fcr den Alltag, den Wochenendtrip oder den spontanen Einkauf \u2013 die Packaway Tote Bag ist immer zur Stelle, we\" \/>\n<meta property=\"og:url\" content=\"https:\/\/schweizversand.ch\/en\/produkt\/trespass-vistal-tasche\/\" \/>\n<meta property=\"og:site_name\" content=\"Schweizer Shop f\u00fcr Sport, Spiel und Freizeit\" \/>\n<meta property=\"article:publisher\" content=\"https:\/\/www.facebook.com\/Schweizversand\" \/>\n<meta property=\"article:modified_time\" content=\"2026-04-15T00:01:54+00:00\" \/>\n<meta property=\"og:image\" content=\"https:\/\/schweizversand.ch\/wp-content\/uploads\/2026\/03\/5471880863.jpg\" \/>\n\t<meta property=\"og:image:width\" content=\"732\" \/>\n\t<meta property=\"og:image:height\" content=\"1024\" \/>\n\t<meta property=\"og:image:type\" content=\"image\/jpeg\" \/>\n<meta name=\"twitter:card\" content=\"summary_large_image\" \/>\n<meta name=\"twitter:label1\" content=\"Est. reading time\" \/>\n\t<meta name=\"twitter:data1\" content=\"1 minute\" \/>\n<script type=\"application\/ld+json\" class=\"yoast-schema-graph\">{\"@context\":\"https:\\\/\\\/schema.org\",\"@graph\":[{\"@type\":\"WebPage\",\"@id\":\"https:\\\/\\\/schweizversand.ch\\\/en\\\/produkt\\\/trespass-vistal-tasche\\\/\",\"url\":\"https:\\\/\\\/schweizversand.ch\\\/en\\\/produkt\\\/trespass-vistal-tasche\\\/\",\"name\":\"Trespass VISTAL Tasche\",\"isPartOf\":{\"@id\":\"https:\\\/\\\/schweizversand.ch\\\/en\\\/#website\"},\"primaryImageOfPage\":{\"@id\":\"https:\\\/\\\/schweizversand.ch\\\/en\\\/produkt\\\/trespass-vistal-tasche\\\/#primaryimage\"},\"image\":{\"@id\":\"https:\\\/\\\/schweizversand.ch\\\/en\\\/produkt\\\/trespass-vistal-tasche\\\/#primaryimage\"},\"thumbnailUrl\":\"https:\\\/\\\/schweizversand.ch\\\/wp-content\\\/uploads\\\/2026\\\/03\\\/5471880863.jpg\",\"datePublished\":\"2026-03-20T01:00:48+00:00\",\"dateModified\":\"2026-04-15T00:01:54+00:00\",\"description\":\"Packaway Tote Bag \u2013 Viel Platz, klein verpackt Ob f\u00fcr den Alltag, den Wochenendtrip oder den spontanen Einkauf \u2013 die Packaway Tote Bag ist immer zur Stelle, we\",\"breadcrumb\":{\"@id\":\"https:\\\/\\\/schweizversand.ch\\\/en\\\/produkt\\\/trespass-vistal-tasche\\\/#breadcrumb\"},\"inLanguage\":\"en-US\",\"potentialAction\":[{\"@type\":\"ReadAction\",\"target\":[\"https:\\\/\\\/schweizversand.ch\\\/en\\\/produkt\\\/trespass-vistal-tasche\\\/\"]}]},{\"@type\":\"ImageObject\",\"inLanguage\":\"en-US\",\"@id\":\"https:\\\/\\\/schweizversand.ch\\\/en\\\/produkt\\\/trespass-vistal-tasche\\\/#primaryimage\",\"url\":\"https:\\\/\\\/schweizversand.ch\\\/wp-content\\\/uploads\\\/2026\\\/03\\\/5471880863.jpg\",\"contentUrl\":\"https:\\\/\\\/schweizversand.ch\\\/wp-content\\\/uploads\\\/2026\\\/03\\\/5471880863.jpg\",\"width\":732,\"height\":1024},{\"@type\":\"BreadcrumbList\",\"@id\":\"https:\\\/\\\/schweizversand.ch\\\/en\\\/produkt\\\/trespass-vistal-tasche\\\/#breadcrumb\",\"itemListElement\":[{\"@type\":\"ListItem\",\"position\":1,\"name\":\"Startseite\",\"item\":\"https:\\\/\\\/schweizversand.ch\\\/en\\\/\"},{\"@type\":\"ListItem\",\"position\":2,\"name\":\"Shop\",\"item\":\"https:\\\/\\\/schweizversand.ch\\\/en\\\/shop\\\/\"},{\"@type\":\"ListItem\",\"position\":3,\"name\":\"Travel\",\"item\":\"https:\\\/\\\/schweizversand.ch\\\/en\\\/produkt-kategorie\\\/travel\\\/\"},{\"@type\":\"ListItem\",\"position\":4,\"name\":\"Bags &amp; Luggage\",\"item\":\"https:\\\/\\\/schweizversand.ch\\\/en\\\/produkt-kategorie\\\/travel\\\/bags-luggage\\\/\"},{\"@type\":\"ListItem\",\"position\":5,\"name\":\"Bags &amp; Backpacks\",\"item\":\"https:\\\/\\\/schweizversand.ch\\\/en\\\/produkt-kategorie\\\/travel\\\/bags-luggage\\\/taschen-rucksack\\\/\"},{\"@type\":\"ListItem\",\"position\":6,\"name\":\"Trespass VISTAL bag\"}]},{\"@type\":\"WebSite\",\"@id\":\"https:\\\/\\\/schweizversand.ch\\\/en\\\/#website\",\"url\":\"https:\\\/\\\/schweizversand.ch\\\/en\\\/\",\"name\":\"Schweizer Shop f\u00fcr Sport, Spiel und Freizeit\",\"description\":\"Gratisversand ab 50.- (netto), ab eigenem schweizer Lager, Lieferung innert 48h\",\"publisher\":{\"@id\":\"https:\\\/\\\/schweizversand.ch\\\/en\\\/#organization\"},\"alternateName\":\"Schweizversand.ch\",\"potentialAction\":[{\"@type\":\"SearchAction\",\"target\":{\"@type\":\"EntryPoint\",\"urlTemplate\":\"https:\\\/\\\/schweizversand.ch\\\/en\\\/?s={search_term_string}\"},\"query-input\":{\"@type\":\"PropertyValueSpecification\",\"valueRequired\":true,\"valueName\":\"search_term_string\"}}],\"inLanguage\":\"en-US\"},{\"@type\":\"Organization\",\"@id\":\"https:\\\/\\\/schweizversand.ch\\\/en\\\/#organization\",\"name\":\"Schweizversand.ch\",\"url\":\"https:\\\/\\\/schweizversand.ch\\\/en\\\/\",\"logo\":{\"@type\":\"ImageObject\",\"inLanguage\":\"en-US\",\"@id\":\"https:\\\/\\\/schweizversand.ch\\\/en\\\/#\\\/schema\\\/logo\\\/image\\\/\",\"url\":\"https:\\\/\\\/schweizversand.ch\\\/wp-content\\\/uploads\\\/2026\\\/03\\\/Logo_Rund_Final-1.png\",\"contentUrl\":\"https:\\\/\\\/schweizversand.ch\\\/wp-content\\\/uploads\\\/2026\\\/03\\\/Logo_Rund_Final-1.png\",\"width\":404,\"height\":404,\"caption\":\"Schweizversand.ch\"},\"image\":{\"@id\":\"https:\\\/\\\/schweizversand.ch\\\/en\\\/#\\\/schema\\\/logo\\\/image\\\/\"},\"sameAs\":[\"https:\\\/\\\/www.facebook.com\\\/Schweizversand\",\"https:\\\/\\\/www.instagram.com\\\/schweizversand.ch\\\/\"]}]}<\/script>\n<!-- \/ Yoast SEO plugin. -->","yoast_head_json":{"title":"Trespass VISTAL Tasche","description":"Packaway Tote Bag \u2013 Viel Platz, klein verpackt Ob f\u00fcr den Alltag, den Wochenendtrip oder den spontanen Einkauf \u2013 die Packaway Tote Bag ist immer zur Stelle, we","robots":{"index":"index","follow":"follow","max-snippet":"max-snippet:-1","max-image-preview":"max-image-preview:large","max-video-preview":"max-video-preview:-1"},"canonical":"https:\/\/schweizversand.ch\/en\/produkt\/trespass-vistal-tasche\/","og_locale":"en_US","og_type":"article","og_title":"Trespass VISTAL Tasche","og_description":"Packaway Tote Bag \u2013 Viel Platz, klein verpackt Ob f\u00fcr den Alltag, den Wochenendtrip oder den spontanen Einkauf \u2013 die Packaway Tote Bag ist immer zur Stelle, we","og_url":"https:\/\/schweizversand.ch\/en\/produkt\/trespass-vistal-tasche\/","og_site_name":"Schweizer Shop f\u00fcr Sport, Spiel und Freizeit","article_publisher":"https:\/\/www.facebook.com\/Schweizversand","article_modified_time":"2026-04-15T00:01:54+00:00","og_image":[{"width":732,"height":1024,"url":"https:\/\/schweizversand.ch\/wp-content\/uploads\/2026\/03\/5471880863.jpg","type":"image\/jpeg"}],"twitter_card":"summary_large_image","twitter_misc":{"Est. reading time":"1 minute"},"schema":{"@context":"https:\/\/schema.org","@graph":[{"@type":"WebPage","@id":"https:\/\/schweizversand.ch\/en\/produkt\/trespass-vistal-tasche\/","url":"https:\/\/schweizversand.ch\/en\/produkt\/trespass-vistal-tasche\/","name":"Trespass VISTAL Tasche","isPartOf":{"@id":"https:\/\/schweizversand.ch\/en\/#website"},"primaryImageOfPage":{"@id":"https:\/\/schweizversand.ch\/en\/produkt\/trespass-vistal-tasche\/#primaryimage"},"image":{"@id":"https:\/\/schweizversand.ch\/en\/produkt\/trespass-vistal-tasche\/#primaryimage"},"thumbnailUrl":"https:\/\/schweizversand.ch\/wp-content\/uploads\/2026\/03\/5471880863.jpg","datePublished":"2026-03-20T01:00:48+00:00","dateModified":"2026-04-15T00:01:54+00:00","description":"Packaway Tote Bag \u2013 Viel Platz, klein verpackt Ob f\u00fcr den Alltag, den Wochenendtrip oder den spontanen Einkauf \u2013 die Packaway Tote Bag ist immer zur Stelle, we","breadcrumb":{"@id":"https:\/\/schweizversand.ch\/en\/produkt\/trespass-vistal-tasche\/#breadcrumb"},"inLanguage":"en-US","potentialAction":[{"@type":"ReadAction","target":["https:\/\/schweizversand.ch\/en\/produkt\/trespass-vistal-tasche\/"]}]},{"@type":"ImageObject","inLanguage":"en-US","@id":"https:\/\/schweizversand.ch\/en\/produkt\/trespass-vistal-tasche\/#primaryimage","url":"https:\/\/schweizversand.ch\/wp-content\/uploads\/2026\/03\/5471880863.jpg","contentUrl":"https:\/\/schweizversand.ch\/wp-content\/uploads\/2026\/03\/5471880863.jpg","width":732,"height":1024},{"@type":"BreadcrumbList","@id":"https:\/\/schweizversand.ch\/en\/produkt\/trespass-vistal-tasche\/#breadcrumb","itemListElement":[{"@type":"ListItem","position":1,"name":"Startseite","item":"https:\/\/schweizversand.ch\/en\/"},{"@type":"ListItem","position":2,"name":"Shop","item":"https:\/\/schweizversand.ch\/en\/shop\/"},{"@type":"ListItem","position":3,"name":"Travel","item":"https:\/\/schweizversand.ch\/en\/produkt-kategorie\/travel\/"},{"@type":"ListItem","position":4,"name":"Bags &amp; Luggage","item":"https:\/\/schweizversand.ch\/en\/produkt-kategorie\/travel\/bags-luggage\/"},{"@type":"ListItem","position":5,"name":"Bags &amp; Backpacks","item":"https:\/\/schweizversand.ch\/en\/produkt-kategorie\/travel\/bags-luggage\/taschen-rucksack\/"},{"@type":"ListItem","position":6,"name":"Trespass VISTAL bag"}]},{"@type":"WebSite","@id":"https:\/\/schweizversand.ch\/en\/#website","url":"https:\/\/schweizversand.ch\/en\/","name":"Schweizer Shop f\u00fcr Sport, Spiel und Freizeit","description":"Gratisversand ab 50.- (netto), ab eigenem schweizer Lager, Lieferung innert 48h","publisher":{"@id":"https:\/\/schweizversand.ch\/en\/#organization"},"alternateName":"Schweizversand.ch","potentialAction":[{"@type":"SearchAction","target":{"@type":"EntryPoint","urlTemplate":"https:\/\/schweizversand.ch\/en\/?s={search_term_string}"},"query-input":{"@type":"PropertyValueSpecification","valueRequired":true,"valueName":"search_term_string"}}],"inLanguage":"en-US"},{"@type":"Organization","@id":"https:\/\/schweizversand.ch\/en\/#organization","name":"Schweizversand.ch","url":"https:\/\/schweizversand.ch\/en\/","logo":{"@type":"ImageObject","inLanguage":"en-US","@id":"https:\/\/schweizversand.ch\/en\/#\/schema\/logo\/image\/","url":"https:\/\/schweizversand.ch\/wp-content\/uploads\/2026\/03\/Logo_Rund_Final-1.png","contentUrl":"https:\/\/schweizversand.ch\/wp-content\/uploads\/2026\/03\/Logo_Rund_Final-1.png","width":404,"height":404,"caption":"Schweizversand.ch"},"image":{"@id":"https:\/\/schweizversand.ch\/en\/#\/schema\/logo\/image\/"},"sameAs":["https:\/\/www.facebook.com\/Schweizversand","https:\/\/www.instagram.com\/schweizversand.ch\/"]}]}},"jetpack_sharing_enabled":true,"_links":{"self":[{"href":"https:\/\/schweizversand.ch\/en\/wp-json\/wp\/v2\/product\/259242","targetHints":{"allow":["GET"]}}],"collection":[{"href":"https:\/\/schweizversand.ch\/en\/wp-json\/wp\/v2\/product"}],"about":[{"href":"https:\/\/schweizversand.ch\/en\/wp-json\/wp\/v2\/types\/product"}],"replies":[{"embeddable":true,"href":"https:\/\/schweizversand.ch\/en\/wp-json\/wp\/v2\/comments?post=259242"}],"wp:featuredmedia":[{"embeddable":true,"href":"https:\/\/schweizversand.ch\/en\/wp-json\/wp\/v2\/media\/261284"}],"wp:attachment":[{"href":"https:\/\/schweizversand.ch\/en\/wp-json\/wp\/v2\/media?parent=259242"}],"wp:term":[{"taxonomy":"product_brand","embeddable":true,"href":"https:\/\/schweizversand.ch\/en\/wp-json\/wp\/v2\/product_brand?post=259242"},{"taxonomy":"product_cat","embeddable":true,"href":"https:\/\/schweizversand.ch\/en\/wp-json\/wp\/v2\/product_cat?post=259242"},{"taxonomy":"product_tag","embeddable":true,"href":"https:\/\/schweizversand.ch\/en\/wp-json\/wp\/v2\/product_tag?post=259242"}],"curies":[{"name":"wp","href":"https:\/\/api.w.org\/{rel}","templated":true}]}}