{"id":259273,"date":"2026-03-15T00:55:57","date_gmt":"2026-03-14T23:55:57","guid":{"rendered":"https:\/\/schweizversand.ch\/produkt\/trespass-morty-pickleball-set\/"},"modified":"2026-04-19T15:33:11","modified_gmt":"2026-04-19T13:33:11","slug":"trespass-morty-pickleball-set","status":"publish","type":"product","link":"https:\/\/schweizversand.ch\/en\/produkt\/trespass-morty-pickleball-set\/","title":{"rendered":"Trespass MORTY Pickleball Set"},"content":{"rendered":"<h1><strong>Morty Pickleball Set \u2013 Fun for everyone, everywhere<\/strong><\/h1>\n<div>Enter the fascinating world of pickleball with the <strong>Morty Pickleball Set<\/strong>. This carefully curated <strong>pickleball beginner set<\/strong> impresses with high-quality materials and a clever design that guarantees instant fun. Whether you&#8217;re a beginner or an experienced player, this <strong>pickleball set<\/strong> has everything you need for an exciting match.<\/p>\n<\/div>\n<div><strong>Highlights and Benefits<\/strong><br \/>The <strong>pickleball set<\/strong> is designed for durability and optimal performance. The robust <strong>pickleball paddles<\/strong> are made from a durable blend of PP, wood, and leather, giving you excellent <strong>control and precision<\/strong> during the game. The durable PE pickleball balls ensure a consistent bounce and reliable play on any surface. This compact pickleball set is ready to use immediately and ideal for leisure, holidays, or spontaneous training. Thanks to the included practical carrying bag, you can easily transport and store all your equipment \u2013 \u200b\u200bperfect for matches in the park or indoors.<\/p>\n<\/div>\n<div><strong>Scope of delivery and specifications<\/strong><br \/>&#8211; 2 high-quality <strong>pickleball paddles<\/strong> (rackets)<br \/>&#8211; 4 durable pickleball balls<br \/>&#8211; 1 practical polyester carrying bag<br \/>&#8211; Set dimensions: 40 x 20 x 6 cm (compact and handy)<br \/>&#8211; Racket material: PP \/ wood \/ leather<br \/>&#8211; Ball material: PE<\/p>\n<\/div>\n<div>Get your <strong>Morty Pickleball Set<\/strong> now and experience the trendy sport that connects generations. Start playing today!<\/p>\n<\/div>\n<div><\/div>\n","protected":false},"excerpt":{"rendered":"<p>Trespass MORTY Pickleball Set bietet langlebige Schl\u00e4ger aus PP, Holz &amp; Leder sowie stabile PE-B\u00e4lle f\u00fcr pr\u00e4zise Kontrolle und grenzenlosen Spielspa\u00df \u2013 perfekt f\u00fcr alle!<\/p>\n","protected":false},"featured_media":161107,"comment_status":"open","ping_status":"closed","template":"","meta":[],"product_brand":[],"product_cat":[39194,39229],"product_tag":[],"class_list":{"0":"post-259273","1":"product","2":"type-product","3":"status-publish","4":"has-post-thumbnail","6":"product_cat-racketsport","8":"product_shipping_class-global_methods","10":"first","11":"instock","12":"taxable","13":"shipping-taxable","14":"purchasable","15":"product-type-simple"},"yoast_head":"<!-- This site is optimized with the Yoast SEO plugin v27.4 - https:\/\/yoast.com\/product\/yoast-seo-wordpress\/ -->\n<title>Trespass MORTY Pickleball Set<\/title>\n<meta name=\"description\" content=\"Morty Pickleball Set \u2013 Spielspass f\u00fcr alle, \u00fcberall Steigen Sie ein in die faszinierende Welt des Pickleball mit dem Morty Pickleball Set . Dieses sorgf\u00e4ltig zu\" \/>\n<meta name=\"robots\" content=\"index, follow, max-snippet:-1, max-image-preview:large, max-video-preview:-1\" \/>\n<link rel=\"canonical\" href=\"https:\/\/schweizversand.ch\/en\/produkt\/trespass-morty-pickleball-set\/\" \/>\n<meta property=\"og:locale\" content=\"en_US\" \/>\n<meta property=\"og:type\" content=\"article\" \/>\n<meta property=\"og:title\" content=\"Trespass MORTY Pickleball Set\" \/>\n<meta property=\"og:description\" content=\"Morty Pickleball Set \u2013 Spielspass f\u00fcr alle, \u00fcberall Steigen Sie ein in die faszinierende Welt des Pickleball mit dem Morty Pickleball Set . Dieses sorgf\u00e4ltig zu\" \/>\n<meta property=\"og:url\" content=\"https:\/\/schweizversand.ch\/en\/produkt\/trespass-morty-pickleball-set\/\" \/>\n<meta property=\"og:site_name\" content=\"Schweizer Shop f\u00fcr Sport, Spiel und Freizeit\" \/>\n<meta property=\"article:publisher\" content=\"https:\/\/www.facebook.com\/Schweizversand\" \/>\n<meta property=\"article:modified_time\" content=\"2026-04-19T13:33:11+00:00\" \/>\n<meta property=\"og:image\" content=\"https:\/\/schweizversand.ch\/wp-content\/uploads\/2026\/02\/5471857263.jpg\" \/>\n\t<meta property=\"og:image:width\" content=\"543\" \/>\n\t<meta property=\"og:image:height\" content=\"1024\" \/>\n\t<meta property=\"og:image:type\" content=\"image\/jpeg\" \/>\n<meta name=\"twitter:card\" content=\"summary_large_image\" \/>\n<meta name=\"twitter:label1\" content=\"Est. reading time\" \/>\n\t<meta name=\"twitter:data1\" content=\"1 minute\" \/>\n<script type=\"application\/ld+json\" class=\"yoast-schema-graph\">{\"@context\":\"https:\\\/\\\/schema.org\",\"@graph\":[{\"@type\":\"WebPage\",\"@id\":\"https:\\\/\\\/schweizversand.ch\\\/en\\\/produkt\\\/trespass-morty-pickleball-set\\\/\",\"url\":\"https:\\\/\\\/schweizversand.ch\\\/en\\\/produkt\\\/trespass-morty-pickleball-set\\\/\",\"name\":\"Trespass MORTY Pickleball Set\",\"isPartOf\":{\"@id\":\"https:\\\/\\\/schweizversand.ch\\\/en\\\/#website\"},\"primaryImageOfPage\":{\"@id\":\"https:\\\/\\\/schweizversand.ch\\\/en\\\/produkt\\\/trespass-morty-pickleball-set\\\/#primaryimage\"},\"image\":{\"@id\":\"https:\\\/\\\/schweizversand.ch\\\/en\\\/produkt\\\/trespass-morty-pickleball-set\\\/#primaryimage\"},\"thumbnailUrl\":\"https:\\\/\\\/schweizversand.ch\\\/wp-content\\\/uploads\\\/2026\\\/02\\\/5471857263.jpg\",\"datePublished\":\"2026-03-14T23:55:57+00:00\",\"dateModified\":\"2026-04-19T13:33:11+00:00\",\"description\":\"Morty Pickleball Set \u2013 Spielspass f\u00fcr alle, \u00fcberall Steigen Sie ein in die faszinierende Welt des Pickleball mit dem Morty Pickleball Set . Dieses sorgf\u00e4ltig zu\",\"breadcrumb\":{\"@id\":\"https:\\\/\\\/schweizversand.ch\\\/en\\\/produkt\\\/trespass-morty-pickleball-set\\\/#breadcrumb\"},\"inLanguage\":\"en-US\",\"potentialAction\":[{\"@type\":\"ReadAction\",\"target\":[\"https:\\\/\\\/schweizversand.ch\\\/en\\\/produkt\\\/trespass-morty-pickleball-set\\\/\"]}]},{\"@type\":\"ImageObject\",\"inLanguage\":\"en-US\",\"@id\":\"https:\\\/\\\/schweizversand.ch\\\/en\\\/produkt\\\/trespass-morty-pickleball-set\\\/#primaryimage\",\"url\":\"https:\\\/\\\/schweizversand.ch\\\/wp-content\\\/uploads\\\/2026\\\/02\\\/5471857263.jpg\",\"contentUrl\":\"https:\\\/\\\/schweizversand.ch\\\/wp-content\\\/uploads\\\/2026\\\/02\\\/5471857263.jpg\",\"width\":543,\"height\":1024},{\"@type\":\"BreadcrumbList\",\"@id\":\"https:\\\/\\\/schweizversand.ch\\\/en\\\/produkt\\\/trespass-morty-pickleball-set\\\/#breadcrumb\",\"itemListElement\":[{\"@type\":\"ListItem\",\"position\":1,\"name\":\"Startseite\",\"item\":\"https:\\\/\\\/schweizversand.ch\\\/en\\\/\"},{\"@type\":\"ListItem\",\"position\":2,\"name\":\"Shop\",\"item\":\"https:\\\/\\\/schweizversand.ch\\\/en\\\/shop\\\/\"},{\"@type\":\"ListItem\",\"position\":3,\"name\":\"Sports\",\"item\":\"https:\\\/\\\/schweizversand.ch\\\/en\\\/produkt-kategorie\\\/sports\\\/\"},{\"@type\":\"ListItem\",\"position\":4,\"name\":\"ball sports &amp; darts\",\"item\":\"https:\\\/\\\/schweizversand.ch\\\/en\\\/produkt-kategorie\\\/sports\\\/ball-sports-darts\\\/\"},{\"@type\":\"ListItem\",\"position\":5,\"name\":\"sport con la racchetta\",\"item\":\"https:\\\/\\\/schweizversand.ch\\\/en\\\/produkt-kategorie\\\/racketsport\\\/\"},{\"@type\":\"ListItem\",\"position\":6,\"name\":\"Trespass MORTY Pickleball Set\"}]},{\"@type\":\"WebSite\",\"@id\":\"https:\\\/\\\/schweizversand.ch\\\/en\\\/#website\",\"url\":\"https:\\\/\\\/schweizversand.ch\\\/en\\\/\",\"name\":\"Schweizer Shop f\u00fcr Sport, Spiel und Freizeit\",\"description\":\"Gratisversand ab 50.- (netto), ab eigenem schweizer Lager, Lieferung innert 48h\",\"publisher\":{\"@id\":\"https:\\\/\\\/schweizversand.ch\\\/en\\\/#organization\"},\"alternateName\":\"Schweizversand.ch\",\"potentialAction\":[{\"@type\":\"SearchAction\",\"target\":{\"@type\":\"EntryPoint\",\"urlTemplate\":\"https:\\\/\\\/schweizversand.ch\\\/en\\\/?s={search_term_string}\"},\"query-input\":{\"@type\":\"PropertyValueSpecification\",\"valueRequired\":true,\"valueName\":\"search_term_string\"}}],\"inLanguage\":\"en-US\"},{\"@type\":\"Organization\",\"@id\":\"https:\\\/\\\/schweizversand.ch\\\/en\\\/#organization\",\"name\":\"Schweizversand.ch\",\"url\":\"https:\\\/\\\/schweizversand.ch\\\/en\\\/\",\"logo\":{\"@type\":\"ImageObject\",\"inLanguage\":\"en-US\",\"@id\":\"https:\\\/\\\/schweizversand.ch\\\/en\\\/#\\\/schema\\\/logo\\\/image\\\/\",\"url\":\"https:\\\/\\\/schweizversand.ch\\\/wp-content\\\/uploads\\\/2026\\\/03\\\/Logo_Rund_Final-1.png\",\"contentUrl\":\"https:\\\/\\\/schweizversand.ch\\\/wp-content\\\/uploads\\\/2026\\\/03\\\/Logo_Rund_Final-1.png\",\"width\":404,\"height\":404,\"caption\":\"Schweizversand.ch\"},\"image\":{\"@id\":\"https:\\\/\\\/schweizversand.ch\\\/en\\\/#\\\/schema\\\/logo\\\/image\\\/\"},\"sameAs\":[\"https:\\\/\\\/www.facebook.com\\\/Schweizversand\",\"https:\\\/\\\/www.instagram.com\\\/schweizversand.ch\\\/\"]}]}<\/script>\n<!-- \/ Yoast SEO plugin. -->","yoast_head_json":{"title":"Trespass MORTY Pickleball Set","description":"Morty Pickleball Set \u2013 Spielspass f\u00fcr alle, \u00fcberall Steigen Sie ein in die faszinierende Welt des Pickleball mit dem Morty Pickleball Set . Dieses sorgf\u00e4ltig zu","robots":{"index":"index","follow":"follow","max-snippet":"max-snippet:-1","max-image-preview":"max-image-preview:large","max-video-preview":"max-video-preview:-1"},"canonical":"https:\/\/schweizversand.ch\/en\/produkt\/trespass-morty-pickleball-set\/","og_locale":"en_US","og_type":"article","og_title":"Trespass MORTY Pickleball Set","og_description":"Morty Pickleball Set \u2013 Spielspass f\u00fcr alle, \u00fcberall Steigen Sie ein in die faszinierende Welt des Pickleball mit dem Morty Pickleball Set . Dieses sorgf\u00e4ltig zu","og_url":"https:\/\/schweizversand.ch\/en\/produkt\/trespass-morty-pickleball-set\/","og_site_name":"Schweizer Shop f\u00fcr Sport, Spiel und Freizeit","article_publisher":"https:\/\/www.facebook.com\/Schweizversand","article_modified_time":"2026-04-19T13:33:11+00:00","og_image":[{"width":543,"height":1024,"url":"https:\/\/schweizversand.ch\/wp-content\/uploads\/2026\/02\/5471857263.jpg","type":"image\/jpeg"}],"twitter_card":"summary_large_image","twitter_misc":{"Est. reading time":"1 minute"},"schema":{"@context":"https:\/\/schema.org","@graph":[{"@type":"WebPage","@id":"https:\/\/schweizversand.ch\/en\/produkt\/trespass-morty-pickleball-set\/","url":"https:\/\/schweizversand.ch\/en\/produkt\/trespass-morty-pickleball-set\/","name":"Trespass MORTY Pickleball Set","isPartOf":{"@id":"https:\/\/schweizversand.ch\/en\/#website"},"primaryImageOfPage":{"@id":"https:\/\/schweizversand.ch\/en\/produkt\/trespass-morty-pickleball-set\/#primaryimage"},"image":{"@id":"https:\/\/schweizversand.ch\/en\/produkt\/trespass-morty-pickleball-set\/#primaryimage"},"thumbnailUrl":"https:\/\/schweizversand.ch\/wp-content\/uploads\/2026\/02\/5471857263.jpg","datePublished":"2026-03-14T23:55:57+00:00","dateModified":"2026-04-19T13:33:11+00:00","description":"Morty Pickleball Set \u2013 Spielspass f\u00fcr alle, \u00fcberall Steigen Sie ein in die faszinierende Welt des Pickleball mit dem Morty Pickleball Set . Dieses sorgf\u00e4ltig zu","breadcrumb":{"@id":"https:\/\/schweizversand.ch\/en\/produkt\/trespass-morty-pickleball-set\/#breadcrumb"},"inLanguage":"en-US","potentialAction":[{"@type":"ReadAction","target":["https:\/\/schweizversand.ch\/en\/produkt\/trespass-morty-pickleball-set\/"]}]},{"@type":"ImageObject","inLanguage":"en-US","@id":"https:\/\/schweizversand.ch\/en\/produkt\/trespass-morty-pickleball-set\/#primaryimage","url":"https:\/\/schweizversand.ch\/wp-content\/uploads\/2026\/02\/5471857263.jpg","contentUrl":"https:\/\/schweizversand.ch\/wp-content\/uploads\/2026\/02\/5471857263.jpg","width":543,"height":1024},{"@type":"BreadcrumbList","@id":"https:\/\/schweizversand.ch\/en\/produkt\/trespass-morty-pickleball-set\/#breadcrumb","itemListElement":[{"@type":"ListItem","position":1,"name":"Startseite","item":"https:\/\/schweizversand.ch\/en\/"},{"@type":"ListItem","position":2,"name":"Shop","item":"https:\/\/schweizversand.ch\/en\/shop\/"},{"@type":"ListItem","position":3,"name":"Sports","item":"https:\/\/schweizversand.ch\/en\/produkt-kategorie\/sports\/"},{"@type":"ListItem","position":4,"name":"ball sports &amp; darts","item":"https:\/\/schweizversand.ch\/en\/produkt-kategorie\/sports\/ball-sports-darts\/"},{"@type":"ListItem","position":5,"name":"sport con la racchetta","item":"https:\/\/schweizversand.ch\/en\/produkt-kategorie\/racketsport\/"},{"@type":"ListItem","position":6,"name":"Trespass MORTY Pickleball Set"}]},{"@type":"WebSite","@id":"https:\/\/schweizversand.ch\/en\/#website","url":"https:\/\/schweizversand.ch\/en\/","name":"Schweizer Shop f\u00fcr Sport, Spiel und Freizeit","description":"Gratisversand ab 50.- (netto), ab eigenem schweizer Lager, Lieferung innert 48h","publisher":{"@id":"https:\/\/schweizversand.ch\/en\/#organization"},"alternateName":"Schweizversand.ch","potentialAction":[{"@type":"SearchAction","target":{"@type":"EntryPoint","urlTemplate":"https:\/\/schweizversand.ch\/en\/?s={search_term_string}"},"query-input":{"@type":"PropertyValueSpecification","valueRequired":true,"valueName":"search_term_string"}}],"inLanguage":"en-US"},{"@type":"Organization","@id":"https:\/\/schweizversand.ch\/en\/#organization","name":"Schweizversand.ch","url":"https:\/\/schweizversand.ch\/en\/","logo":{"@type":"ImageObject","inLanguage":"en-US","@id":"https:\/\/schweizversand.ch\/en\/#\/schema\/logo\/image\/","url":"https:\/\/schweizversand.ch\/wp-content\/uploads\/2026\/03\/Logo_Rund_Final-1.png","contentUrl":"https:\/\/schweizversand.ch\/wp-content\/uploads\/2026\/03\/Logo_Rund_Final-1.png","width":404,"height":404,"caption":"Schweizversand.ch"},"image":{"@id":"https:\/\/schweizversand.ch\/en\/#\/schema\/logo\/image\/"},"sameAs":["https:\/\/www.facebook.com\/Schweizversand","https:\/\/www.instagram.com\/schweizversand.ch\/"]}]}},"jetpack_sharing_enabled":true,"_links":{"self":[{"href":"https:\/\/schweizversand.ch\/en\/wp-json\/wp\/v2\/product\/259273","targetHints":{"allow":["GET"]}}],"collection":[{"href":"https:\/\/schweizversand.ch\/en\/wp-json\/wp\/v2\/product"}],"about":[{"href":"https:\/\/schweizversand.ch\/en\/wp-json\/wp\/v2\/types\/product"}],"replies":[{"embeddable":true,"href":"https:\/\/schweizversand.ch\/en\/wp-json\/wp\/v2\/comments?post=259273"}],"wp:featuredmedia":[{"embeddable":true,"href":"https:\/\/schweizversand.ch\/en\/wp-json\/wp\/v2\/media\/161107"}],"wp:attachment":[{"href":"https:\/\/schweizversand.ch\/en\/wp-json\/wp\/v2\/media?parent=259273"}],"wp:term":[{"taxonomy":"product_brand","embeddable":true,"href":"https:\/\/schweizversand.ch\/en\/wp-json\/wp\/v2\/product_brand?post=259273"},{"taxonomy":"product_cat","embeddable":true,"href":"https:\/\/schweizversand.ch\/en\/wp-json\/wp\/v2\/product_cat?post=259273"},{"taxonomy":"product_tag","embeddable":true,"href":"https:\/\/schweizversand.ch\/en\/wp-json\/wp\/v2\/product_tag?post=259273"}],"curies":[{"name":"wp","href":"https:\/\/api.w.org\/{rel}","templated":true}]}}