{"id":259280,"date":"2026-03-15T00:55:58","date_gmt":"2026-03-14T23:55:58","guid":{"rendered":"https:\/\/schweizversand.ch\/produkt\/trespass-joseph-herren-skijacke-4\/"},"modified":"2026-04-19T15:33:11","modified_gmt":"2026-04-19T13:33:11","slug":"trespass-joseph-herren-skijacke-4","status":"publish","type":"product","link":"https:\/\/schweizversand.ch\/en\/produkt\/trespass-joseph-herren-skijacke-4\/","title":{"rendered":"Trespass JOSEPH &#8211; men&#8217;s ski jacket"},"content":{"rendered":"<p>Choose the Trespass Joseph men&#8217;s ski jacket, designed for peak performance on the slopes. Elevate your skiing experience in style and function with this essential outerwear companion.<\/p>\n<p>Detachable zip-up hood &#8211; Customize your jacket to suit the weather and your personal preference by simply removing or attaching the hood.<\/p>\n<p>Water-resistant center front zip &#8211; Stay dry and comfortable with a water-resistant zip featuring contrasting teeth for added style.<\/p>\n<p>Multiple secure pockets &#8211; Two chest pockets with water-resistant zips, two lower zip pockets, and a convenient ski pass pocket on the sleeve keep your essentials safe and secure.<\/p>\n<p>Adjustable fit &#8211; The removable powder skirt, drawcord hem, underarm vents, inner stretch cuffs, and adjustable cuff tab ensure a perfect fit and keep out the cold.<\/p>\n<p>Adjustable fit &#8211; The removable powder skirt, drawcord hem, underarm vents, inner stretch cuffs, and adjustable cuff tabs provide optimal comfort and keep out the cold.<\/p>\n<p>Surface-protected pockets &#8211; Two chest pockets with water-resistant zips, two lower zip pockets, and a convenient ski pass pocket on the sleeve keep your essentials secure.<\/p>\n<p>Adjustable fit &#8211; The removable powder skirt, drawcord hem, underarm vents, inner stretch cuffs, and adjustable cuff tab ensure a comfortable fit and keep out the cold.<\/p>\n<p>\n&#8220;&#8220; <br \/>Matrial:&nbsp;<br \/>\n<br \/>100% polyester TPU membrane<\/p>\n","protected":false},"excerpt":{"rendered":"<p>Trespass JOSEPH &#8211; Herren Skijacke mit abnehmbarer Kapuze, wasserabweisenden Rei\u00dfverschl\u00fcssen und sicheren Taschen f\u00fcr maximalen Komfort und Schutz auf der Piste.<\/p>\n","protected":false},"featured_media":161127,"comment_status":"open","ping_status":"closed","template":"","meta":[],"product_brand":[],"product_cat":[38482],"product_tag":[],"class_list":{"0":"post-259280","1":"product","2":"type-product","3":"status-publish","4":"has-post-thumbnail","6":"product_cat-wintersportbekleidung","7":"product_shipping_class-global_methods","9":"first","10":"instock","11":"taxable","12":"shipping-taxable","13":"purchasable","14":"product-type-simple"},"yoast_head":"<!-- This site is optimized with the Yoast SEO plugin v27.4 - https:\/\/yoast.com\/product\/yoast-seo-wordpress\/ -->\n<title>Trespass JOSEPH - Herren Skijacke<\/title>\n<meta name=\"description\" content=\"Entscheiden Sie sich f\u00fcr die Trespass Herren-Skijacke Joseph, die f\u00fcr Spitzenleistungen auf der Piste entwickelt wurde. Erh\u00f6hen Sie Ihr Skierlebnis in Stil und\" \/>\n<meta name=\"robots\" content=\"index, follow, max-snippet:-1, max-image-preview:large, max-video-preview:-1\" \/>\n<link rel=\"canonical\" href=\"https:\/\/schweizversand.ch\/en\/produkt\/trespass-joseph-herren-skijacke-4\/\" \/>\n<meta property=\"og:locale\" content=\"en_US\" \/>\n<meta property=\"og:type\" content=\"article\" \/>\n<meta property=\"og:title\" content=\"Trespass JOSEPH - Herren Skijacke\" \/>\n<meta property=\"og:description\" content=\"Entscheiden Sie sich f\u00fcr die Trespass Herren-Skijacke Joseph, die f\u00fcr Spitzenleistungen auf der Piste entwickelt wurde. Erh\u00f6hen Sie Ihr Skierlebnis in Stil und\" \/>\n<meta property=\"og:url\" content=\"https:\/\/schweizversand.ch\/en\/produkt\/trespass-joseph-herren-skijacke-4\/\" \/>\n<meta property=\"og:site_name\" content=\"Schweizer Shop f\u00fcr Sport, Spiel und Freizeit\" \/>\n<meta property=\"article:publisher\" content=\"https:\/\/www.facebook.com\/Schweizversand\" \/>\n<meta property=\"article:modified_time\" content=\"2026-04-19T13:33:11+00:00\" \/>\n<meta property=\"og:image\" content=\"https:\/\/schweizversand.ch\/wp-content\/uploads\/2026\/02\/5471854032.jpg\" \/>\n\t<meta property=\"og:image:width\" content=\"732\" \/>\n\t<meta property=\"og:image:height\" content=\"1024\" \/>\n\t<meta property=\"og:image:type\" content=\"image\/jpeg\" \/>\n<meta name=\"twitter:card\" content=\"summary_large_image\" \/>\n<meta name=\"twitter:label1\" content=\"Est. reading time\" \/>\n\t<meta name=\"twitter:data1\" content=\"1 minute\" \/>\n<script type=\"application\/ld+json\" class=\"yoast-schema-graph\">{\"@context\":\"https:\\\/\\\/schema.org\",\"@graph\":[{\"@type\":\"WebPage\",\"@id\":\"https:\\\/\\\/schweizversand.ch\\\/en\\\/produkt\\\/trespass-joseph-herren-skijacke-4\\\/\",\"url\":\"https:\\\/\\\/schweizversand.ch\\\/en\\\/produkt\\\/trespass-joseph-herren-skijacke-4\\\/\",\"name\":\"Trespass JOSEPH - Herren Skijacke\",\"isPartOf\":{\"@id\":\"https:\\\/\\\/schweizversand.ch\\\/en\\\/#website\"},\"primaryImageOfPage\":{\"@id\":\"https:\\\/\\\/schweizversand.ch\\\/en\\\/produkt\\\/trespass-joseph-herren-skijacke-4\\\/#primaryimage\"},\"image\":{\"@id\":\"https:\\\/\\\/schweizversand.ch\\\/en\\\/produkt\\\/trespass-joseph-herren-skijacke-4\\\/#primaryimage\"},\"thumbnailUrl\":\"https:\\\/\\\/schweizversand.ch\\\/wp-content\\\/uploads\\\/2026\\\/02\\\/5471854032.jpg\",\"datePublished\":\"2026-03-14T23:55:58+00:00\",\"dateModified\":\"2026-04-19T13:33:11+00:00\",\"description\":\"Entscheiden Sie sich f\u00fcr die Trespass Herren-Skijacke Joseph, die f\u00fcr Spitzenleistungen auf der Piste entwickelt wurde. Erh\u00f6hen Sie Ihr Skierlebnis in Stil und\",\"breadcrumb\":{\"@id\":\"https:\\\/\\\/schweizversand.ch\\\/en\\\/produkt\\\/trespass-joseph-herren-skijacke-4\\\/#breadcrumb\"},\"inLanguage\":\"en-US\",\"potentialAction\":[{\"@type\":\"ReadAction\",\"target\":[\"https:\\\/\\\/schweizversand.ch\\\/en\\\/produkt\\\/trespass-joseph-herren-skijacke-4\\\/\"]}]},{\"@type\":\"ImageObject\",\"inLanguage\":\"en-US\",\"@id\":\"https:\\\/\\\/schweizversand.ch\\\/en\\\/produkt\\\/trespass-joseph-herren-skijacke-4\\\/#primaryimage\",\"url\":\"https:\\\/\\\/schweizversand.ch\\\/wp-content\\\/uploads\\\/2026\\\/02\\\/5471854032.jpg\",\"contentUrl\":\"https:\\\/\\\/schweizversand.ch\\\/wp-content\\\/uploads\\\/2026\\\/02\\\/5471854032.jpg\",\"width\":732,\"height\":1024},{\"@type\":\"BreadcrumbList\",\"@id\":\"https:\\\/\\\/schweizversand.ch\\\/en\\\/produkt\\\/trespass-joseph-herren-skijacke-4\\\/#breadcrumb\",\"itemListElement\":[{\"@type\":\"ListItem\",\"position\":1,\"name\":\"Startseite\",\"item\":\"https:\\\/\\\/schweizversand.ch\\\/en\\\/\"},{\"@type\":\"ListItem\",\"position\":2,\"name\":\"Shop\",\"item\":\"https:\\\/\\\/schweizversand.ch\\\/en\\\/shop\\\/\"},{\"@type\":\"ListItem\",\"position\":3,\"name\":\"Sports\",\"item\":\"https:\\\/\\\/schweizversand.ch\\\/en\\\/produkt-kategorie\\\/sports\\\/\"},{\"@type\":\"ListItem\",\"position\":4,\"name\":\"Winter sports\",\"item\":\"https:\\\/\\\/schweizversand.ch\\\/en\\\/produkt-kategorie\\\/sports\\\/winter-sports\\\/\"},{\"@type\":\"ListItem\",\"position\":5,\"name\":\"Winter sports clothing\",\"item\":\"https:\\\/\\\/schweizversand.ch\\\/en\\\/produkt-kategorie\\\/sports\\\/winter-sports\\\/wintersportbekleidung\\\/\"},{\"@type\":\"ListItem\",\"position\":6,\"name\":\"Trespass JOSEPH &#8211; men&#8217;s ski jacket\"}]},{\"@type\":\"WebSite\",\"@id\":\"https:\\\/\\\/schweizversand.ch\\\/en\\\/#website\",\"url\":\"https:\\\/\\\/schweizversand.ch\\\/en\\\/\",\"name\":\"Schweizer Shop f\u00fcr Sport, Spiel und Freizeit\",\"description\":\"Gratisversand ab 50.- (netto), ab eigenem schweizer Lager, Lieferung innert 48h\",\"publisher\":{\"@id\":\"https:\\\/\\\/schweizversand.ch\\\/en\\\/#organization\"},\"alternateName\":\"Schweizversand.ch\",\"potentialAction\":[{\"@type\":\"SearchAction\",\"target\":{\"@type\":\"EntryPoint\",\"urlTemplate\":\"https:\\\/\\\/schweizversand.ch\\\/en\\\/?s={search_term_string}\"},\"query-input\":{\"@type\":\"PropertyValueSpecification\",\"valueRequired\":true,\"valueName\":\"search_term_string\"}}],\"inLanguage\":\"en-US\"},{\"@type\":\"Organization\",\"@id\":\"https:\\\/\\\/schweizversand.ch\\\/en\\\/#organization\",\"name\":\"Schweizversand.ch\",\"url\":\"https:\\\/\\\/schweizversand.ch\\\/en\\\/\",\"logo\":{\"@type\":\"ImageObject\",\"inLanguage\":\"en-US\",\"@id\":\"https:\\\/\\\/schweizversand.ch\\\/en\\\/#\\\/schema\\\/logo\\\/image\\\/\",\"url\":\"https:\\\/\\\/schweizversand.ch\\\/wp-content\\\/uploads\\\/2026\\\/03\\\/Logo_Rund_Final-1.png\",\"contentUrl\":\"https:\\\/\\\/schweizversand.ch\\\/wp-content\\\/uploads\\\/2026\\\/03\\\/Logo_Rund_Final-1.png\",\"width\":404,\"height\":404,\"caption\":\"Schweizversand.ch\"},\"image\":{\"@id\":\"https:\\\/\\\/schweizversand.ch\\\/en\\\/#\\\/schema\\\/logo\\\/image\\\/\"},\"sameAs\":[\"https:\\\/\\\/www.facebook.com\\\/Schweizversand\",\"https:\\\/\\\/www.instagram.com\\\/schweizversand.ch\\\/\"]}]}<\/script>\n<!-- \/ Yoast SEO plugin. -->","yoast_head_json":{"title":"Trespass JOSEPH - Herren Skijacke","description":"Entscheiden Sie sich f\u00fcr die Trespass Herren-Skijacke Joseph, die f\u00fcr Spitzenleistungen auf der Piste entwickelt wurde. Erh\u00f6hen Sie Ihr Skierlebnis in Stil und","robots":{"index":"index","follow":"follow","max-snippet":"max-snippet:-1","max-image-preview":"max-image-preview:large","max-video-preview":"max-video-preview:-1"},"canonical":"https:\/\/schweizversand.ch\/en\/produkt\/trespass-joseph-herren-skijacke-4\/","og_locale":"en_US","og_type":"article","og_title":"Trespass JOSEPH - Herren Skijacke","og_description":"Entscheiden Sie sich f\u00fcr die Trespass Herren-Skijacke Joseph, die f\u00fcr Spitzenleistungen auf der Piste entwickelt wurde. Erh\u00f6hen Sie Ihr Skierlebnis in Stil und","og_url":"https:\/\/schweizversand.ch\/en\/produkt\/trespass-joseph-herren-skijacke-4\/","og_site_name":"Schweizer Shop f\u00fcr Sport, Spiel und Freizeit","article_publisher":"https:\/\/www.facebook.com\/Schweizversand","article_modified_time":"2026-04-19T13:33:11+00:00","og_image":[{"width":732,"height":1024,"url":"https:\/\/schweizversand.ch\/wp-content\/uploads\/2026\/02\/5471854032.jpg","type":"image\/jpeg"}],"twitter_card":"summary_large_image","twitter_misc":{"Est. reading time":"1 minute"},"schema":{"@context":"https:\/\/schema.org","@graph":[{"@type":"WebPage","@id":"https:\/\/schweizversand.ch\/en\/produkt\/trespass-joseph-herren-skijacke-4\/","url":"https:\/\/schweizversand.ch\/en\/produkt\/trespass-joseph-herren-skijacke-4\/","name":"Trespass JOSEPH - Herren Skijacke","isPartOf":{"@id":"https:\/\/schweizversand.ch\/en\/#website"},"primaryImageOfPage":{"@id":"https:\/\/schweizversand.ch\/en\/produkt\/trespass-joseph-herren-skijacke-4\/#primaryimage"},"image":{"@id":"https:\/\/schweizversand.ch\/en\/produkt\/trespass-joseph-herren-skijacke-4\/#primaryimage"},"thumbnailUrl":"https:\/\/schweizversand.ch\/wp-content\/uploads\/2026\/02\/5471854032.jpg","datePublished":"2026-03-14T23:55:58+00:00","dateModified":"2026-04-19T13:33:11+00:00","description":"Entscheiden Sie sich f\u00fcr die Trespass Herren-Skijacke Joseph, die f\u00fcr Spitzenleistungen auf der Piste entwickelt wurde. Erh\u00f6hen Sie Ihr Skierlebnis in Stil und","breadcrumb":{"@id":"https:\/\/schweizversand.ch\/en\/produkt\/trespass-joseph-herren-skijacke-4\/#breadcrumb"},"inLanguage":"en-US","potentialAction":[{"@type":"ReadAction","target":["https:\/\/schweizversand.ch\/en\/produkt\/trespass-joseph-herren-skijacke-4\/"]}]},{"@type":"ImageObject","inLanguage":"en-US","@id":"https:\/\/schweizversand.ch\/en\/produkt\/trespass-joseph-herren-skijacke-4\/#primaryimage","url":"https:\/\/schweizversand.ch\/wp-content\/uploads\/2026\/02\/5471854032.jpg","contentUrl":"https:\/\/schweizversand.ch\/wp-content\/uploads\/2026\/02\/5471854032.jpg","width":732,"height":1024},{"@type":"BreadcrumbList","@id":"https:\/\/schweizversand.ch\/en\/produkt\/trespass-joseph-herren-skijacke-4\/#breadcrumb","itemListElement":[{"@type":"ListItem","position":1,"name":"Startseite","item":"https:\/\/schweizversand.ch\/en\/"},{"@type":"ListItem","position":2,"name":"Shop","item":"https:\/\/schweizversand.ch\/en\/shop\/"},{"@type":"ListItem","position":3,"name":"Sports","item":"https:\/\/schweizversand.ch\/en\/produkt-kategorie\/sports\/"},{"@type":"ListItem","position":4,"name":"Winter sports","item":"https:\/\/schweizversand.ch\/en\/produkt-kategorie\/sports\/winter-sports\/"},{"@type":"ListItem","position":5,"name":"Winter sports clothing","item":"https:\/\/schweizversand.ch\/en\/produkt-kategorie\/sports\/winter-sports\/wintersportbekleidung\/"},{"@type":"ListItem","position":6,"name":"Trespass JOSEPH &#8211; men&#8217;s ski jacket"}]},{"@type":"WebSite","@id":"https:\/\/schweizversand.ch\/en\/#website","url":"https:\/\/schweizversand.ch\/en\/","name":"Schweizer Shop f\u00fcr Sport, Spiel und Freizeit","description":"Gratisversand ab 50.- (netto), ab eigenem schweizer Lager, Lieferung innert 48h","publisher":{"@id":"https:\/\/schweizversand.ch\/en\/#organization"},"alternateName":"Schweizversand.ch","potentialAction":[{"@type":"SearchAction","target":{"@type":"EntryPoint","urlTemplate":"https:\/\/schweizversand.ch\/en\/?s={search_term_string}"},"query-input":{"@type":"PropertyValueSpecification","valueRequired":true,"valueName":"search_term_string"}}],"inLanguage":"en-US"},{"@type":"Organization","@id":"https:\/\/schweizversand.ch\/en\/#organization","name":"Schweizversand.ch","url":"https:\/\/schweizversand.ch\/en\/","logo":{"@type":"ImageObject","inLanguage":"en-US","@id":"https:\/\/schweizversand.ch\/en\/#\/schema\/logo\/image\/","url":"https:\/\/schweizversand.ch\/wp-content\/uploads\/2026\/03\/Logo_Rund_Final-1.png","contentUrl":"https:\/\/schweizversand.ch\/wp-content\/uploads\/2026\/03\/Logo_Rund_Final-1.png","width":404,"height":404,"caption":"Schweizversand.ch"},"image":{"@id":"https:\/\/schweizversand.ch\/en\/#\/schema\/logo\/image\/"},"sameAs":["https:\/\/www.facebook.com\/Schweizversand","https:\/\/www.instagram.com\/schweizversand.ch\/"]}]}},"jetpack_sharing_enabled":true,"_links":{"self":[{"href":"https:\/\/schweizversand.ch\/en\/wp-json\/wp\/v2\/product\/259280","targetHints":{"allow":["GET"]}}],"collection":[{"href":"https:\/\/schweizversand.ch\/en\/wp-json\/wp\/v2\/product"}],"about":[{"href":"https:\/\/schweizversand.ch\/en\/wp-json\/wp\/v2\/types\/product"}],"replies":[{"embeddable":true,"href":"https:\/\/schweizversand.ch\/en\/wp-json\/wp\/v2\/comments?post=259280"}],"wp:featuredmedia":[{"embeddable":true,"href":"https:\/\/schweizversand.ch\/en\/wp-json\/wp\/v2\/media\/161127"}],"wp:attachment":[{"href":"https:\/\/schweizversand.ch\/en\/wp-json\/wp\/v2\/media?parent=259280"}],"wp:term":[{"taxonomy":"product_brand","embeddable":true,"href":"https:\/\/schweizversand.ch\/en\/wp-json\/wp\/v2\/product_brand?post=259280"},{"taxonomy":"product_cat","embeddable":true,"href":"https:\/\/schweizversand.ch\/en\/wp-json\/wp\/v2\/product_cat?post=259280"},{"taxonomy":"product_tag","embeddable":true,"href":"https:\/\/schweizversand.ch\/en\/wp-json\/wp\/v2\/product_tag?post=259280"}],"curies":[{"name":"wp","href":"https:\/\/api.w.org\/{rel}","templated":true}]}}