{"id":259322,"date":"2026-03-15T00:06:47","date_gmt":"2026-03-14T23:06:47","guid":{"rendered":"https:\/\/schweizversand.ch\/produkt\/trespass-leecana-herren-t-shirt-2\/"},"modified":"2026-04-16T02:01:56","modified_gmt":"2026-04-16T00:01:56","slug":"trespass-leecana-herren-t-shirt-2","status":"publish","type":"product","link":"https:\/\/schweizversand.ch\/en\/produkt\/trespass-leecana-herren-t-shirt-2\/","title":{"rendered":"Trespass LEECANA men&#8217;s t-shirt"},"content":{"rendered":"<p>If you&#8217;re looking for the perfect T-shirt for your active lifestyle, we have the solution for you. Our Trespass Performance Shirt is a masterpiece of technology and comfort, designed with your needs in mind.<\/p>\n<\/p>\n<p>Technical Specifications:<\/p>\n<\/p>\n<p>\u2022 Short sleeves: For maximum freedom of movement and comfort, whether you&#8217;re working out or just out and about.<\/p>\n<\/p>\n<p>\u2022 Crew neck: A timeless design that goes perfectly with any outfit.<\/p>\n<\/p>\n<p>\u2022 Trespass logo on the chest: Show your support for a brand synonymous with quality and innovation.<\/p>\n<\/p>\n<p>\u2022 Duoskin print on the back: Our exclusive Duoskin technology ensures you stay dry and fresh, even during intense workouts.<\/p>\n<\/p>\n<p>Fabric composition:<\/p>\n<\/p>\n<p>\u2022 Knitted: High-quality construction for long-lasting durability and comfort.<\/p>\n<\/p>\n<p>\u2022 100% polyester: A lightweight material that feels comfortable against the skin.<\/p>\n<\/p>\n<p>\u2022 Weight: 160 gsm: Perfect balance between lightness and durability.<\/p>\n<\/p>\n<\/p>\n<p>Fabric properties:<\/p>\n<p>&#8230; \u2022 Moisture-wicking: Our unique fabric technology draws sweat away from your skin, keeping you feeling dry.<\/p>\n<\/p>\n<p>\u2022 Quick-drying: Even after the most intense workout, our performance shirt dries in record time, so you stay comfortable and fresh.<\/p>\n<\/p>\n<p>Whether you&#8217;re hitting the gym, hiking, running, or simply enjoying an active lifestyle, our Trespass Performance Shirt will be your perfect companion. Experience the difference in quality and performance with our technically advanced T-shirt.<\/p>\n<\/p>\n<p>Get your Trespass Performance Shirt today and experience a new level of comfort and performance! Get ready to give it your all without compromise.<\/p>\n<\/p>\n<p>&#8220;` Trespass \u2013 Your choice for quality, innovation, and comfort.<\/p>\n","protected":false},"excerpt":{"rendered":"<p>Trespass LEECANA Herren T-Shirt bietet maximale Bewegungsfreiheit, Duoskin-Technologie f\u00fcr trockenen Tragekomfort und ein zeitloses Design f\u00fcr aktive M\u00e4nner.<\/p>\n","protected":false},"featured_media":161332,"comment_status":"open","ping_status":"closed","template":"","meta":[],"product_brand":[],"product_cat":[38067],"product_tag":[],"class_list":{"0":"post-259322","1":"product","2":"type-product","3":"status-publish","4":"has-post-thumbnail","6":"product_cat-herrenbekleidung","7":"product_shipping_class-global_methods","9":"first","10":"instock","11":"taxable","12":"shipping-taxable","13":"purchasable","14":"product-type-simple"},"yoast_head":"<!-- This site is optimized with the Yoast SEO plugin v27.4 - https:\/\/yoast.com\/product\/yoast-seo-wordpress\/ -->\n<title>Trespass LEECANA Herren T-Shirt<\/title>\n<meta name=\"description\" content=\"Wenn Sie nach dem perfekten T-Shirt f\u00fcr Ihr aktives Leben suchen, haben wir die L\u00f6sung f\u00fcr Sie. Unser Trespass Performance Shirt ist ein Meisterwerk der Technol\" \/>\n<meta name=\"robots\" content=\"index, follow, max-snippet:-1, max-image-preview:large, max-video-preview:-1\" \/>\n<link rel=\"canonical\" href=\"https:\/\/schweizversand.ch\/en\/produkt\/trespass-leecana-herren-t-shirt-2\/\" \/>\n<meta property=\"og:locale\" content=\"en_US\" \/>\n<meta property=\"og:type\" content=\"article\" \/>\n<meta property=\"og:title\" content=\"Trespass LEECANA Herren T-Shirt\" \/>\n<meta property=\"og:description\" content=\"Wenn Sie nach dem perfekten T-Shirt f\u00fcr Ihr aktives Leben suchen, haben wir die L\u00f6sung f\u00fcr Sie. Unser Trespass Performance Shirt ist ein Meisterwerk der Technol\" \/>\n<meta property=\"og:url\" content=\"https:\/\/schweizversand.ch\/en\/produkt\/trespass-leecana-herren-t-shirt-2\/\" \/>\n<meta property=\"og:site_name\" content=\"Schweizer Shop f\u00fcr Sport, Spiel und Freizeit\" \/>\n<meta property=\"article:publisher\" content=\"https:\/\/www.facebook.com\/Schweizversand\" \/>\n<meta property=\"article:modified_time\" content=\"2026-04-16T00:01:56+00:00\" \/>\n<meta property=\"og:image\" content=\"https:\/\/schweizversand.ch\/wp-content\/uploads\/2026\/02\/5471974791.jpg\" \/>\n\t<meta property=\"og:image:width\" content=\"732\" \/>\n\t<meta property=\"og:image:height\" content=\"1024\" \/>\n\t<meta property=\"og:image:type\" content=\"image\/jpeg\" \/>\n<meta name=\"twitter:card\" content=\"summary_large_image\" \/>\n<meta name=\"twitter:label1\" content=\"Est. reading time\" \/>\n\t<meta name=\"twitter:data1\" content=\"1 minute\" \/>\n<script type=\"application\/ld+json\" class=\"yoast-schema-graph\">{\"@context\":\"https:\\\/\\\/schema.org\",\"@graph\":[{\"@type\":\"WebPage\",\"@id\":\"https:\\\/\\\/schweizversand.ch\\\/en\\\/produkt\\\/trespass-leecana-herren-t-shirt-2\\\/\",\"url\":\"https:\\\/\\\/schweizversand.ch\\\/en\\\/produkt\\\/trespass-leecana-herren-t-shirt-2\\\/\",\"name\":\"Trespass LEECANA Herren T-Shirt\",\"isPartOf\":{\"@id\":\"https:\\\/\\\/schweizversand.ch\\\/en\\\/#website\"},\"primaryImageOfPage\":{\"@id\":\"https:\\\/\\\/schweizversand.ch\\\/en\\\/produkt\\\/trespass-leecana-herren-t-shirt-2\\\/#primaryimage\"},\"image\":{\"@id\":\"https:\\\/\\\/schweizversand.ch\\\/en\\\/produkt\\\/trespass-leecana-herren-t-shirt-2\\\/#primaryimage\"},\"thumbnailUrl\":\"https:\\\/\\\/schweizversand.ch\\\/wp-content\\\/uploads\\\/2026\\\/02\\\/5471974791.jpg\",\"datePublished\":\"2026-03-14T23:06:47+00:00\",\"dateModified\":\"2026-04-16T00:01:56+00:00\",\"description\":\"Wenn Sie nach dem perfekten T-Shirt f\u00fcr Ihr aktives Leben suchen, haben wir die L\u00f6sung f\u00fcr Sie. Unser Trespass Performance Shirt ist ein Meisterwerk der Technol\",\"breadcrumb\":{\"@id\":\"https:\\\/\\\/schweizversand.ch\\\/en\\\/produkt\\\/trespass-leecana-herren-t-shirt-2\\\/#breadcrumb\"},\"inLanguage\":\"en-US\",\"potentialAction\":[{\"@type\":\"ReadAction\",\"target\":[\"https:\\\/\\\/schweizversand.ch\\\/en\\\/produkt\\\/trespass-leecana-herren-t-shirt-2\\\/\"]}]},{\"@type\":\"ImageObject\",\"inLanguage\":\"en-US\",\"@id\":\"https:\\\/\\\/schweizversand.ch\\\/en\\\/produkt\\\/trespass-leecana-herren-t-shirt-2\\\/#primaryimage\",\"url\":\"https:\\\/\\\/schweizversand.ch\\\/wp-content\\\/uploads\\\/2026\\\/02\\\/5471974791.jpg\",\"contentUrl\":\"https:\\\/\\\/schweizversand.ch\\\/wp-content\\\/uploads\\\/2026\\\/02\\\/5471974791.jpg\",\"width\":732,\"height\":1024},{\"@type\":\"BreadcrumbList\",\"@id\":\"https:\\\/\\\/schweizversand.ch\\\/en\\\/produkt\\\/trespass-leecana-herren-t-shirt-2\\\/#breadcrumb\",\"itemListElement\":[{\"@type\":\"ListItem\",\"position\":1,\"name\":\"Startseite\",\"item\":\"https:\\\/\\\/schweizversand.ch\\\/en\\\/\"},{\"@type\":\"ListItem\",\"position\":2,\"name\":\"Shop\",\"item\":\"https:\\\/\\\/schweizversand.ch\\\/en\\\/shop\\\/\"},{\"@type\":\"ListItem\",\"position\":3,\"name\":\"Fashion\",\"item\":\"https:\\\/\\\/schweizversand.ch\\\/en\\\/produkt-kategorie\\\/fashion\\\/\"},{\"@type\":\"ListItem\",\"position\":4,\"name\":\"Men's Fashion\",\"item\":\"https:\\\/\\\/schweizversand.ch\\\/en\\\/produkt-kategorie\\\/fashion\\\/mens-fashion\\\/\"},{\"@type\":\"ListItem\",\"position\":5,\"name\":\"Men's Clothing\",\"item\":\"https:\\\/\\\/schweizversand.ch\\\/en\\\/produkt-kategorie\\\/fashion\\\/mens-fashion\\\/herrenbekleidung\\\/\"},{\"@type\":\"ListItem\",\"position\":6,\"name\":\"Trespass LEECANA men&#8217;s t-shirt\"}]},{\"@type\":\"WebSite\",\"@id\":\"https:\\\/\\\/schweizversand.ch\\\/en\\\/#website\",\"url\":\"https:\\\/\\\/schweizversand.ch\\\/en\\\/\",\"name\":\"Schweizer Shop f\u00fcr Sport, Spiel und Freizeit\",\"description\":\"Gratisversand ab 50.- (netto), ab eigenem schweizer Lager, Lieferung innert 48h\",\"publisher\":{\"@id\":\"https:\\\/\\\/schweizversand.ch\\\/en\\\/#organization\"},\"alternateName\":\"Schweizversand.ch\",\"potentialAction\":[{\"@type\":\"SearchAction\",\"target\":{\"@type\":\"EntryPoint\",\"urlTemplate\":\"https:\\\/\\\/schweizversand.ch\\\/en\\\/?s={search_term_string}\"},\"query-input\":{\"@type\":\"PropertyValueSpecification\",\"valueRequired\":true,\"valueName\":\"search_term_string\"}}],\"inLanguage\":\"en-US\"},{\"@type\":\"Organization\",\"@id\":\"https:\\\/\\\/schweizversand.ch\\\/en\\\/#organization\",\"name\":\"Schweizversand.ch\",\"url\":\"https:\\\/\\\/schweizversand.ch\\\/en\\\/\",\"logo\":{\"@type\":\"ImageObject\",\"inLanguage\":\"en-US\",\"@id\":\"https:\\\/\\\/schweizversand.ch\\\/en\\\/#\\\/schema\\\/logo\\\/image\\\/\",\"url\":\"https:\\\/\\\/schweizversand.ch\\\/wp-content\\\/uploads\\\/2026\\\/03\\\/Logo_Rund_Final-1.png\",\"contentUrl\":\"https:\\\/\\\/schweizversand.ch\\\/wp-content\\\/uploads\\\/2026\\\/03\\\/Logo_Rund_Final-1.png\",\"width\":404,\"height\":404,\"caption\":\"Schweizversand.ch\"},\"image\":{\"@id\":\"https:\\\/\\\/schweizversand.ch\\\/en\\\/#\\\/schema\\\/logo\\\/image\\\/\"},\"sameAs\":[\"https:\\\/\\\/www.facebook.com\\\/Schweizversand\",\"https:\\\/\\\/www.instagram.com\\\/schweizversand.ch\\\/\"]}]}<\/script>\n<!-- \/ Yoast SEO plugin. -->","yoast_head_json":{"title":"Trespass LEECANA Herren T-Shirt","description":"Wenn Sie nach dem perfekten T-Shirt f\u00fcr Ihr aktives Leben suchen, haben wir die L\u00f6sung f\u00fcr Sie. Unser Trespass Performance Shirt ist ein Meisterwerk der Technol","robots":{"index":"index","follow":"follow","max-snippet":"max-snippet:-1","max-image-preview":"max-image-preview:large","max-video-preview":"max-video-preview:-1"},"canonical":"https:\/\/schweizversand.ch\/en\/produkt\/trespass-leecana-herren-t-shirt-2\/","og_locale":"en_US","og_type":"article","og_title":"Trespass LEECANA Herren T-Shirt","og_description":"Wenn Sie nach dem perfekten T-Shirt f\u00fcr Ihr aktives Leben suchen, haben wir die L\u00f6sung f\u00fcr Sie. Unser Trespass Performance Shirt ist ein Meisterwerk der Technol","og_url":"https:\/\/schweizversand.ch\/en\/produkt\/trespass-leecana-herren-t-shirt-2\/","og_site_name":"Schweizer Shop f\u00fcr Sport, Spiel und Freizeit","article_publisher":"https:\/\/www.facebook.com\/Schweizversand","article_modified_time":"2026-04-16T00:01:56+00:00","og_image":[{"width":732,"height":1024,"url":"https:\/\/schweizversand.ch\/wp-content\/uploads\/2026\/02\/5471974791.jpg","type":"image\/jpeg"}],"twitter_card":"summary_large_image","twitter_misc":{"Est. reading time":"1 minute"},"schema":{"@context":"https:\/\/schema.org","@graph":[{"@type":"WebPage","@id":"https:\/\/schweizversand.ch\/en\/produkt\/trespass-leecana-herren-t-shirt-2\/","url":"https:\/\/schweizversand.ch\/en\/produkt\/trespass-leecana-herren-t-shirt-2\/","name":"Trespass LEECANA Herren T-Shirt","isPartOf":{"@id":"https:\/\/schweizversand.ch\/en\/#website"},"primaryImageOfPage":{"@id":"https:\/\/schweizversand.ch\/en\/produkt\/trespass-leecana-herren-t-shirt-2\/#primaryimage"},"image":{"@id":"https:\/\/schweizversand.ch\/en\/produkt\/trespass-leecana-herren-t-shirt-2\/#primaryimage"},"thumbnailUrl":"https:\/\/schweizversand.ch\/wp-content\/uploads\/2026\/02\/5471974791.jpg","datePublished":"2026-03-14T23:06:47+00:00","dateModified":"2026-04-16T00:01:56+00:00","description":"Wenn Sie nach dem perfekten T-Shirt f\u00fcr Ihr aktives Leben suchen, haben wir die L\u00f6sung f\u00fcr Sie. Unser Trespass Performance Shirt ist ein Meisterwerk der Technol","breadcrumb":{"@id":"https:\/\/schweizversand.ch\/en\/produkt\/trespass-leecana-herren-t-shirt-2\/#breadcrumb"},"inLanguage":"en-US","potentialAction":[{"@type":"ReadAction","target":["https:\/\/schweizversand.ch\/en\/produkt\/trespass-leecana-herren-t-shirt-2\/"]}]},{"@type":"ImageObject","inLanguage":"en-US","@id":"https:\/\/schweizversand.ch\/en\/produkt\/trespass-leecana-herren-t-shirt-2\/#primaryimage","url":"https:\/\/schweizversand.ch\/wp-content\/uploads\/2026\/02\/5471974791.jpg","contentUrl":"https:\/\/schweizversand.ch\/wp-content\/uploads\/2026\/02\/5471974791.jpg","width":732,"height":1024},{"@type":"BreadcrumbList","@id":"https:\/\/schweizversand.ch\/en\/produkt\/trespass-leecana-herren-t-shirt-2\/#breadcrumb","itemListElement":[{"@type":"ListItem","position":1,"name":"Startseite","item":"https:\/\/schweizversand.ch\/en\/"},{"@type":"ListItem","position":2,"name":"Shop","item":"https:\/\/schweizversand.ch\/en\/shop\/"},{"@type":"ListItem","position":3,"name":"Fashion","item":"https:\/\/schweizversand.ch\/en\/produkt-kategorie\/fashion\/"},{"@type":"ListItem","position":4,"name":"Men's Fashion","item":"https:\/\/schweizversand.ch\/en\/produkt-kategorie\/fashion\/mens-fashion\/"},{"@type":"ListItem","position":5,"name":"Men's Clothing","item":"https:\/\/schweizversand.ch\/en\/produkt-kategorie\/fashion\/mens-fashion\/herrenbekleidung\/"},{"@type":"ListItem","position":6,"name":"Trespass LEECANA men&#8217;s t-shirt"}]},{"@type":"WebSite","@id":"https:\/\/schweizversand.ch\/en\/#website","url":"https:\/\/schweizversand.ch\/en\/","name":"Schweizer Shop f\u00fcr Sport, Spiel und Freizeit","description":"Gratisversand ab 50.- (netto), ab eigenem schweizer Lager, Lieferung innert 48h","publisher":{"@id":"https:\/\/schweizversand.ch\/en\/#organization"},"alternateName":"Schweizversand.ch","potentialAction":[{"@type":"SearchAction","target":{"@type":"EntryPoint","urlTemplate":"https:\/\/schweizversand.ch\/en\/?s={search_term_string}"},"query-input":{"@type":"PropertyValueSpecification","valueRequired":true,"valueName":"search_term_string"}}],"inLanguage":"en-US"},{"@type":"Organization","@id":"https:\/\/schweizversand.ch\/en\/#organization","name":"Schweizversand.ch","url":"https:\/\/schweizversand.ch\/en\/","logo":{"@type":"ImageObject","inLanguage":"en-US","@id":"https:\/\/schweizversand.ch\/en\/#\/schema\/logo\/image\/","url":"https:\/\/schweizversand.ch\/wp-content\/uploads\/2026\/03\/Logo_Rund_Final-1.png","contentUrl":"https:\/\/schweizversand.ch\/wp-content\/uploads\/2026\/03\/Logo_Rund_Final-1.png","width":404,"height":404,"caption":"Schweizversand.ch"},"image":{"@id":"https:\/\/schweizversand.ch\/en\/#\/schema\/logo\/image\/"},"sameAs":["https:\/\/www.facebook.com\/Schweizversand","https:\/\/www.instagram.com\/schweizversand.ch\/"]}]}},"jetpack_sharing_enabled":true,"_links":{"self":[{"href":"https:\/\/schweizversand.ch\/en\/wp-json\/wp\/v2\/product\/259322","targetHints":{"allow":["GET"]}}],"collection":[{"href":"https:\/\/schweizversand.ch\/en\/wp-json\/wp\/v2\/product"}],"about":[{"href":"https:\/\/schweizversand.ch\/en\/wp-json\/wp\/v2\/types\/product"}],"replies":[{"embeddable":true,"href":"https:\/\/schweizversand.ch\/en\/wp-json\/wp\/v2\/comments?post=259322"}],"wp:featuredmedia":[{"embeddable":true,"href":"https:\/\/schweizversand.ch\/en\/wp-json\/wp\/v2\/media\/161332"}],"wp:attachment":[{"href":"https:\/\/schweizversand.ch\/en\/wp-json\/wp\/v2\/media?parent=259322"}],"wp:term":[{"taxonomy":"product_brand","embeddable":true,"href":"https:\/\/schweizversand.ch\/en\/wp-json\/wp\/v2\/product_brand?post=259322"},{"taxonomy":"product_cat","embeddable":true,"href":"https:\/\/schweizversand.ch\/en\/wp-json\/wp\/v2\/product_cat?post=259322"},{"taxonomy":"product_tag","embeddable":true,"href":"https:\/\/schweizversand.ch\/en\/wp-json\/wp\/v2\/product_tag?post=259322"}],"curies":[{"name":"wp","href":"https:\/\/api.w.org\/{rel}","templated":true}]}}