{"id":259377,"date":"2026-03-15T00:07:06","date_gmt":"2026-03-14T23:07:06","guid":{"rendered":"https:\/\/schweizversand.ch\/produkt\/trespass-vickland-damen-t-shirt-8\/"},"modified":"2026-04-16T02:02:01","modified_gmt":"2026-04-16T00:02:01","slug":"trespass-vickland-damen-t-shirt-8","status":"publish","type":"product","link":"https:\/\/schweizversand.ch\/en\/produkt\/trespass-vickland-damen-t-shirt-8\/","title":{"rendered":"Trespass Vickland women&#8217;s t-shirt"},"content":{"rendered":"<p>The VICKLAND T-shirt is an excellent choice for outdoor activities and sports, especially in warm weather. It offers comfort, moisture management, and durability, which are essential for such activities.<\/p>\n<\/p>\n<p>\u2022 Short sleeves: Ideal for warm weather or sports activities where you need your arms free.<\/p>\n<\/p>\n<p>\u2022 Crew neck: A classic crew neck gives the T-shirt a timeless design.<\/p>\n<\/p>\n<p>\u2022 Trespass logo on the back: The logo on the back adds a personal touch to the T-shirt and shows your support for the brand.<\/p>\n<\/p>\n<p>\u2022 Duoskin print on the sleeve: The Duoskin print likely indicates moisture-wicking properties that keep the T-shirt dry and comfortable.<\/p>\n<\/p>\n<p>\u2022 Knit: The fact that the T-shirt is knitted suggests quality and durability.<\/p>\n<\/p>\n<p>\u2022 100% Polyester: The 100% polyester material is known for its moisture-wicking and quick-drying properties.<\/p>\n<\/p>\n<p>\u2022 Weight 160 g\/m\u00b2: The medium weight of 160 g\/m\u00b2 indicates a lightweight and breathable material.<\/p>\n<\/p>\n<p>\u2022 Moisture-wicking: The T-shirt is designed to wick sweat and moisture away from the body, making it particularly suitable for sports activities.<\/p>\n<\/p>\n<p>\u2022 Quick-drying: The quick-drying properties help moisture evaporate quickly, keeping you dry.<\/p>\n<\/p>\n<p>\u2022 Wash at 40 degrees: The recommended washing temperature of 40 degrees helps maintain the quality and fit of the T-shirt.<\/p>\n","protected":false},"excerpt":{"rendered":"<p>Trespass Vickland Damen T-Shirt bietet optimalen Komfort und Feuchtigkeitsmanagement f\u00fcr sportliche Aktivit\u00e4ten bei warmem Wetter \u2013 leicht, atmungsaktiv und langlebig.<\/p>\n","protected":false},"featured_media":161626,"comment_status":"open","ping_status":"closed","template":"","meta":[],"product_brand":[],"product_cat":[38308],"product_tag":[],"class_list":{"0":"post-259377","1":"product","2":"type-product","3":"status-publish","4":"has-post-thumbnail","6":"product_cat-fitness-textilien","7":"product_shipping_class-global_methods","9":"first","10":"instock","11":"taxable","12":"shipping-taxable","13":"purchasable","14":"product-type-simple"},"yoast_head":"<!-- This site is optimized with the Yoast SEO plugin v27.4 - https:\/\/yoast.com\/product\/yoast-seo-wordpress\/ -->\n<title>Trespass Vickland Damen T-shirt<\/title>\n<meta name=\"description\" content=\"Das VICKLAND T-Shirt ist eine ausgezeichnete Wahl f\u00fcr Aktivit\u00e4ten im Freien und sportliche Bet\u00e4tigungen, insbesondere bei warmem Wetter. Es bietet Komfort, Feuc\" \/>\n<meta name=\"robots\" content=\"index, follow, max-snippet:-1, max-image-preview:large, max-video-preview:-1\" \/>\n<link rel=\"canonical\" href=\"https:\/\/schweizversand.ch\/en\/produkt\/trespass-vickland-damen-t-shirt-8\/\" \/>\n<meta property=\"og:locale\" content=\"en_US\" \/>\n<meta property=\"og:type\" content=\"article\" \/>\n<meta property=\"og:title\" content=\"Trespass Vickland Damen T-shirt\" \/>\n<meta property=\"og:description\" content=\"Das VICKLAND T-Shirt ist eine ausgezeichnete Wahl f\u00fcr Aktivit\u00e4ten im Freien und sportliche Bet\u00e4tigungen, insbesondere bei warmem Wetter. Es bietet Komfort, Feuc\" \/>\n<meta property=\"og:url\" content=\"https:\/\/schweizversand.ch\/en\/produkt\/trespass-vickland-damen-t-shirt-8\/\" \/>\n<meta property=\"og:site_name\" content=\"Schweizer Shop f\u00fcr Sport, Spiel und Freizeit\" \/>\n<meta property=\"article:publisher\" content=\"https:\/\/www.facebook.com\/Schweizversand\" \/>\n<meta property=\"article:modified_time\" content=\"2026-04-16T00:02:01+00:00\" \/>\n<meta property=\"og:image\" content=\"https:\/\/schweizversand.ch\/wp-content\/uploads\/2026\/02\/5471850096.jpg\" \/>\n\t<meta property=\"og:image:width\" content=\"654\" \/>\n\t<meta property=\"og:image:height\" content=\"1024\" \/>\n\t<meta property=\"og:image:type\" content=\"image\/jpeg\" \/>\n<meta name=\"twitter:card\" content=\"summary_large_image\" \/>\n<meta name=\"twitter:label1\" content=\"Est. reading time\" \/>\n\t<meta name=\"twitter:data1\" content=\"1 minute\" \/>\n<script type=\"application\/ld+json\" class=\"yoast-schema-graph\">{\"@context\":\"https:\\\/\\\/schema.org\",\"@graph\":[{\"@type\":\"WebPage\",\"@id\":\"https:\\\/\\\/schweizversand.ch\\\/en\\\/produkt\\\/trespass-vickland-damen-t-shirt-8\\\/\",\"url\":\"https:\\\/\\\/schweizversand.ch\\\/en\\\/produkt\\\/trespass-vickland-damen-t-shirt-8\\\/\",\"name\":\"Trespass Vickland Damen T-shirt\",\"isPartOf\":{\"@id\":\"https:\\\/\\\/schweizversand.ch\\\/en\\\/#website\"},\"primaryImageOfPage\":{\"@id\":\"https:\\\/\\\/schweizversand.ch\\\/en\\\/produkt\\\/trespass-vickland-damen-t-shirt-8\\\/#primaryimage\"},\"image\":{\"@id\":\"https:\\\/\\\/schweizversand.ch\\\/en\\\/produkt\\\/trespass-vickland-damen-t-shirt-8\\\/#primaryimage\"},\"thumbnailUrl\":\"https:\\\/\\\/schweizversand.ch\\\/wp-content\\\/uploads\\\/2026\\\/02\\\/5471850096.jpg\",\"datePublished\":\"2026-03-14T23:07:06+00:00\",\"dateModified\":\"2026-04-16T00:02:01+00:00\",\"description\":\"Das VICKLAND T-Shirt ist eine ausgezeichnete Wahl f\u00fcr Aktivit\u00e4ten im Freien und sportliche Bet\u00e4tigungen, insbesondere bei warmem Wetter. Es bietet Komfort, Feuc\",\"breadcrumb\":{\"@id\":\"https:\\\/\\\/schweizversand.ch\\\/en\\\/produkt\\\/trespass-vickland-damen-t-shirt-8\\\/#breadcrumb\"},\"inLanguage\":\"en-US\",\"potentialAction\":[{\"@type\":\"ReadAction\",\"target\":[\"https:\\\/\\\/schweizversand.ch\\\/en\\\/produkt\\\/trespass-vickland-damen-t-shirt-8\\\/\"]}]},{\"@type\":\"ImageObject\",\"inLanguage\":\"en-US\",\"@id\":\"https:\\\/\\\/schweizversand.ch\\\/en\\\/produkt\\\/trespass-vickland-damen-t-shirt-8\\\/#primaryimage\",\"url\":\"https:\\\/\\\/schweizversand.ch\\\/wp-content\\\/uploads\\\/2026\\\/02\\\/5471850096.jpg\",\"contentUrl\":\"https:\\\/\\\/schweizversand.ch\\\/wp-content\\\/uploads\\\/2026\\\/02\\\/5471850096.jpg\",\"width\":654,\"height\":1024},{\"@type\":\"BreadcrumbList\",\"@id\":\"https:\\\/\\\/schweizversand.ch\\\/en\\\/produkt\\\/trespass-vickland-damen-t-shirt-8\\\/#breadcrumb\",\"itemListElement\":[{\"@type\":\"ListItem\",\"position\":1,\"name\":\"Startseite\",\"item\":\"https:\\\/\\\/schweizversand.ch\\\/en\\\/\"},{\"@type\":\"ListItem\",\"position\":2,\"name\":\"Shop\",\"item\":\"https:\\\/\\\/schweizversand.ch\\\/en\\\/shop\\\/\"},{\"@type\":\"ListItem\",\"position\":3,\"name\":\"Sports\",\"item\":\"https:\\\/\\\/schweizversand.ch\\\/en\\\/produkt-kategorie\\\/sports\\\/\"},{\"@type\":\"ListItem\",\"position\":4,\"name\":\"Fitness\",\"item\":\"https:\\\/\\\/schweizversand.ch\\\/en\\\/produkt-kategorie\\\/sports\\\/fitness\\\/\"},{\"@type\":\"ListItem\",\"position\":5,\"name\":\"Fitness Textiles\",\"item\":\"https:\\\/\\\/schweizversand.ch\\\/en\\\/produkt-kategorie\\\/sports\\\/fitness\\\/fitness-textilien\\\/\"},{\"@type\":\"ListItem\",\"position\":6,\"name\":\"Trespass Vickland women&#8217;s t-shirt\"}]},{\"@type\":\"WebSite\",\"@id\":\"https:\\\/\\\/schweizversand.ch\\\/en\\\/#website\",\"url\":\"https:\\\/\\\/schweizversand.ch\\\/en\\\/\",\"name\":\"Schweizer Shop f\u00fcr Sport, Spiel und Freizeit\",\"description\":\"Gratisversand ab 50.- (netto), ab eigenem schweizer Lager, Lieferung innert 48h\",\"publisher\":{\"@id\":\"https:\\\/\\\/schweizversand.ch\\\/en\\\/#organization\"},\"alternateName\":\"Schweizversand.ch\",\"potentialAction\":[{\"@type\":\"SearchAction\",\"target\":{\"@type\":\"EntryPoint\",\"urlTemplate\":\"https:\\\/\\\/schweizversand.ch\\\/en\\\/?s={search_term_string}\"},\"query-input\":{\"@type\":\"PropertyValueSpecification\",\"valueRequired\":true,\"valueName\":\"search_term_string\"}}],\"inLanguage\":\"en-US\"},{\"@type\":\"Organization\",\"@id\":\"https:\\\/\\\/schweizversand.ch\\\/en\\\/#organization\",\"name\":\"Schweizversand.ch\",\"url\":\"https:\\\/\\\/schweizversand.ch\\\/en\\\/\",\"logo\":{\"@type\":\"ImageObject\",\"inLanguage\":\"en-US\",\"@id\":\"https:\\\/\\\/schweizversand.ch\\\/en\\\/#\\\/schema\\\/logo\\\/image\\\/\",\"url\":\"https:\\\/\\\/schweizversand.ch\\\/wp-content\\\/uploads\\\/2026\\\/03\\\/Logo_Rund_Final-1.png\",\"contentUrl\":\"https:\\\/\\\/schweizversand.ch\\\/wp-content\\\/uploads\\\/2026\\\/03\\\/Logo_Rund_Final-1.png\",\"width\":404,\"height\":404,\"caption\":\"Schweizversand.ch\"},\"image\":{\"@id\":\"https:\\\/\\\/schweizversand.ch\\\/en\\\/#\\\/schema\\\/logo\\\/image\\\/\"},\"sameAs\":[\"https:\\\/\\\/www.facebook.com\\\/Schweizversand\",\"https:\\\/\\\/www.instagram.com\\\/schweizversand.ch\\\/\"]}]}<\/script>\n<!-- \/ Yoast SEO plugin. -->","yoast_head_json":{"title":"Trespass Vickland Damen T-shirt","description":"Das VICKLAND T-Shirt ist eine ausgezeichnete Wahl f\u00fcr Aktivit\u00e4ten im Freien und sportliche Bet\u00e4tigungen, insbesondere bei warmem Wetter. Es bietet Komfort, Feuc","robots":{"index":"index","follow":"follow","max-snippet":"max-snippet:-1","max-image-preview":"max-image-preview:large","max-video-preview":"max-video-preview:-1"},"canonical":"https:\/\/schweizversand.ch\/en\/produkt\/trespass-vickland-damen-t-shirt-8\/","og_locale":"en_US","og_type":"article","og_title":"Trespass Vickland Damen T-shirt","og_description":"Das VICKLAND T-Shirt ist eine ausgezeichnete Wahl f\u00fcr Aktivit\u00e4ten im Freien und sportliche Bet\u00e4tigungen, insbesondere bei warmem Wetter. Es bietet Komfort, Feuc","og_url":"https:\/\/schweizversand.ch\/en\/produkt\/trespass-vickland-damen-t-shirt-8\/","og_site_name":"Schweizer Shop f\u00fcr Sport, Spiel und Freizeit","article_publisher":"https:\/\/www.facebook.com\/Schweizversand","article_modified_time":"2026-04-16T00:02:01+00:00","og_image":[{"width":654,"height":1024,"url":"https:\/\/schweizversand.ch\/wp-content\/uploads\/2026\/02\/5471850096.jpg","type":"image\/jpeg"}],"twitter_card":"summary_large_image","twitter_misc":{"Est. reading time":"1 minute"},"schema":{"@context":"https:\/\/schema.org","@graph":[{"@type":"WebPage","@id":"https:\/\/schweizversand.ch\/en\/produkt\/trespass-vickland-damen-t-shirt-8\/","url":"https:\/\/schweizversand.ch\/en\/produkt\/trespass-vickland-damen-t-shirt-8\/","name":"Trespass Vickland Damen T-shirt","isPartOf":{"@id":"https:\/\/schweizversand.ch\/en\/#website"},"primaryImageOfPage":{"@id":"https:\/\/schweizversand.ch\/en\/produkt\/trespass-vickland-damen-t-shirt-8\/#primaryimage"},"image":{"@id":"https:\/\/schweizversand.ch\/en\/produkt\/trespass-vickland-damen-t-shirt-8\/#primaryimage"},"thumbnailUrl":"https:\/\/schweizversand.ch\/wp-content\/uploads\/2026\/02\/5471850096.jpg","datePublished":"2026-03-14T23:07:06+00:00","dateModified":"2026-04-16T00:02:01+00:00","description":"Das VICKLAND T-Shirt ist eine ausgezeichnete Wahl f\u00fcr Aktivit\u00e4ten im Freien und sportliche Bet\u00e4tigungen, insbesondere bei warmem Wetter. Es bietet Komfort, Feuc","breadcrumb":{"@id":"https:\/\/schweizversand.ch\/en\/produkt\/trespass-vickland-damen-t-shirt-8\/#breadcrumb"},"inLanguage":"en-US","potentialAction":[{"@type":"ReadAction","target":["https:\/\/schweizversand.ch\/en\/produkt\/trespass-vickland-damen-t-shirt-8\/"]}]},{"@type":"ImageObject","inLanguage":"en-US","@id":"https:\/\/schweizversand.ch\/en\/produkt\/trespass-vickland-damen-t-shirt-8\/#primaryimage","url":"https:\/\/schweizversand.ch\/wp-content\/uploads\/2026\/02\/5471850096.jpg","contentUrl":"https:\/\/schweizversand.ch\/wp-content\/uploads\/2026\/02\/5471850096.jpg","width":654,"height":1024},{"@type":"BreadcrumbList","@id":"https:\/\/schweizversand.ch\/en\/produkt\/trespass-vickland-damen-t-shirt-8\/#breadcrumb","itemListElement":[{"@type":"ListItem","position":1,"name":"Startseite","item":"https:\/\/schweizversand.ch\/en\/"},{"@type":"ListItem","position":2,"name":"Shop","item":"https:\/\/schweizversand.ch\/en\/shop\/"},{"@type":"ListItem","position":3,"name":"Sports","item":"https:\/\/schweizversand.ch\/en\/produkt-kategorie\/sports\/"},{"@type":"ListItem","position":4,"name":"Fitness","item":"https:\/\/schweizversand.ch\/en\/produkt-kategorie\/sports\/fitness\/"},{"@type":"ListItem","position":5,"name":"Fitness Textiles","item":"https:\/\/schweizversand.ch\/en\/produkt-kategorie\/sports\/fitness\/fitness-textilien\/"},{"@type":"ListItem","position":6,"name":"Trespass Vickland women&#8217;s t-shirt"}]},{"@type":"WebSite","@id":"https:\/\/schweizversand.ch\/en\/#website","url":"https:\/\/schweizversand.ch\/en\/","name":"Schweizer Shop f\u00fcr Sport, Spiel und Freizeit","description":"Gratisversand ab 50.- (netto), ab eigenem schweizer Lager, Lieferung innert 48h","publisher":{"@id":"https:\/\/schweizversand.ch\/en\/#organization"},"alternateName":"Schweizversand.ch","potentialAction":[{"@type":"SearchAction","target":{"@type":"EntryPoint","urlTemplate":"https:\/\/schweizversand.ch\/en\/?s={search_term_string}"},"query-input":{"@type":"PropertyValueSpecification","valueRequired":true,"valueName":"search_term_string"}}],"inLanguage":"en-US"},{"@type":"Organization","@id":"https:\/\/schweizversand.ch\/en\/#organization","name":"Schweizversand.ch","url":"https:\/\/schweizversand.ch\/en\/","logo":{"@type":"ImageObject","inLanguage":"en-US","@id":"https:\/\/schweizversand.ch\/en\/#\/schema\/logo\/image\/","url":"https:\/\/schweizversand.ch\/wp-content\/uploads\/2026\/03\/Logo_Rund_Final-1.png","contentUrl":"https:\/\/schweizversand.ch\/wp-content\/uploads\/2026\/03\/Logo_Rund_Final-1.png","width":404,"height":404,"caption":"Schweizversand.ch"},"image":{"@id":"https:\/\/schweizversand.ch\/en\/#\/schema\/logo\/image\/"},"sameAs":["https:\/\/www.facebook.com\/Schweizversand","https:\/\/www.instagram.com\/schweizversand.ch\/"]}]}},"jetpack_sharing_enabled":true,"_links":{"self":[{"href":"https:\/\/schweizversand.ch\/en\/wp-json\/wp\/v2\/product\/259377","targetHints":{"allow":["GET"]}}],"collection":[{"href":"https:\/\/schweizversand.ch\/en\/wp-json\/wp\/v2\/product"}],"about":[{"href":"https:\/\/schweizversand.ch\/en\/wp-json\/wp\/v2\/types\/product"}],"replies":[{"embeddable":true,"href":"https:\/\/schweizversand.ch\/en\/wp-json\/wp\/v2\/comments?post=259377"}],"wp:featuredmedia":[{"embeddable":true,"href":"https:\/\/schweizversand.ch\/en\/wp-json\/wp\/v2\/media\/161626"}],"wp:attachment":[{"href":"https:\/\/schweizversand.ch\/en\/wp-json\/wp\/v2\/media?parent=259377"}],"wp:term":[{"taxonomy":"product_brand","embeddable":true,"href":"https:\/\/schweizversand.ch\/en\/wp-json\/wp\/v2\/product_brand?post=259377"},{"taxonomy":"product_cat","embeddable":true,"href":"https:\/\/schweizversand.ch\/en\/wp-json\/wp\/v2\/product_cat?post=259377"},{"taxonomy":"product_tag","embeddable":true,"href":"https:\/\/schweizversand.ch\/en\/wp-json\/wp\/v2\/product_tag?post=259377"}],"curies":[{"name":"wp","href":"https:\/\/api.w.org\/{rel}","templated":true}]}}