{"id":259417,"date":"2026-03-15T00:56:04","date_gmt":"2026-03-14T23:56:04","guid":{"rendered":"https:\/\/schweizversand.ch\/produkt\/trespass-jovana-damen-softshell-hose\/"},"modified":"2026-04-21T15:32:27","modified_gmt":"2026-04-21T13:32:27","slug":"trespass-jovana-damen-softshell-hose","status":"publish","type":"product","link":"https:\/\/schweizversand.ch\/en\/produkt\/trespass-jovana-damen-softshell-hose\/","title":{"rendered":"Trespass JOVANA women&#8217;s softshell trousers"},"content":{"rendered":"<p>Women&#8217;s softshell pants are a great choice for outdoor enthusiasts looking for functional pants that offer protection from light rain while providing freedom of movement and comfort. Whether hiking, cycling, or engaging in other outdoor activities, these pants are incredibly versatile.<\/p>\n<p>Features of Women&#8217;s Softshell Pants:<\/p>\n<p>\u2022 Water-repellent: The pants have a water-repellent coating that repels light rain and keeps you dry. This is especially useful during outdoor activities.<\/p>\n<p>\u2022 Breathable: The softshell material is breathable, allowing moisture to escape from the inside out. This effectively wicks away sweat and ensures a comfortable feel.<\/p>\n<p>\u2022 Stretch: Softshell pants are known for their stretch, which provides optimal freedom of movement during outdoor activities.<\/p>\n<p>\u2022 Pockets: The pants are equipped with two pockets, which are practical for securely storing small items such as keys or cards.<\/p>\n<p>\u2022 Internal waistband: The pants feature an adjustable waistband, allowing you to customize the fit and keep the pants securely in place.<\/p>\n<p>Material composition:<\/p>\n<p>\u2022 Outer: 92% polyamide, 8% elastane: The outer material of the pants is made of 92% polyamide and 8% elastane, combining durability and flexibility.<\/p>\n<p>\u2022 Inner: 90% polyamide, 10% elastane: The inner material is composed of 90% polyamide and 10% elastane, providing comfort and breathability.<\/p>\n","protected":false},"excerpt":{"rendered":"<p>Trespass JOVANA Damen Softshell Hose bietet wasserabweisenden Schutz, hohe Atmungsaktivit\u00e4t und flexible Stretch-Eigenschaften f\u00fcr maximalen Komfort bei jedem Outdoor-Abenteuer.<\/p>\n","protected":false},"featured_media":161761,"comment_status":"open","ping_status":"closed","template":"","meta":[],"product_brand":[],"product_cat":[38069],"product_tag":[],"class_list":{"0":"post-259417","1":"product","2":"type-product","3":"status-publish","4":"has-post-thumbnail","6":"product_cat-damenbekleidung","7":"product_shipping_class-global_methods","9":"first","10":"instock","11":"taxable","12":"shipping-taxable","13":"purchasable","14":"product-type-simple"},"yoast_head":"<!-- This site is optimized with the Yoast SEO plugin v27.4 - https:\/\/yoast.com\/product\/yoast-seo-wordpress\/ -->\n<title>Trespass JOVANA Damen Softshell Hose<\/title>\n<meta name=\"description\" content=\"Die Softshell-Hose f\u00fcr Damen ist eine gro\u00dfartige Wahl f\u00fcr Outdoor-Enthusiasten, die eine funktionelle Hose suchen, die sowohl vor leichtem Regen sch\u00fctzt als auc\" \/>\n<meta name=\"robots\" content=\"index, follow, max-snippet:-1, max-image-preview:large, max-video-preview:-1\" \/>\n<link rel=\"canonical\" href=\"https:\/\/schweizversand.ch\/en\/produkt\/trespass-jovana-damen-softshell-hose\/\" \/>\n<meta property=\"og:locale\" content=\"en_US\" \/>\n<meta property=\"og:type\" content=\"article\" \/>\n<meta property=\"og:title\" content=\"Trespass JOVANA Damen Softshell Hose\" \/>\n<meta property=\"og:description\" content=\"Die Softshell-Hose f\u00fcr Damen ist eine gro\u00dfartige Wahl f\u00fcr Outdoor-Enthusiasten, die eine funktionelle Hose suchen, die sowohl vor leichtem Regen sch\u00fctzt als auc\" \/>\n<meta property=\"og:url\" content=\"https:\/\/schweizversand.ch\/en\/produkt\/trespass-jovana-damen-softshell-hose\/\" \/>\n<meta property=\"og:site_name\" content=\"Schweizer Shop f\u00fcr Sport, Spiel und Freizeit\" \/>\n<meta property=\"article:publisher\" content=\"https:\/\/www.facebook.com\/Schweizversand\" \/>\n<meta property=\"article:modified_time\" content=\"2026-04-21T13:32:27+00:00\" \/>\n<meta property=\"og:image\" content=\"https:\/\/schweizversand.ch\/wp-content\/uploads\/2026\/02\/5471689200.jpg\" \/>\n\t<meta property=\"og:image:width\" content=\"654\" \/>\n\t<meta property=\"og:image:height\" content=\"1024\" \/>\n\t<meta property=\"og:image:type\" content=\"image\/jpeg\" \/>\n<meta name=\"twitter:card\" content=\"summary_large_image\" \/>\n<meta name=\"twitter:label1\" content=\"Est. reading time\" \/>\n\t<meta name=\"twitter:data1\" content=\"1 minute\" \/>\n<script type=\"application\/ld+json\" class=\"yoast-schema-graph\">{\"@context\":\"https:\\\/\\\/schema.org\",\"@graph\":[{\"@type\":\"WebPage\",\"@id\":\"https:\\\/\\\/schweizversand.ch\\\/en\\\/produkt\\\/trespass-jovana-damen-softshell-hose\\\/\",\"url\":\"https:\\\/\\\/schweizversand.ch\\\/en\\\/produkt\\\/trespass-jovana-damen-softshell-hose\\\/\",\"name\":\"Trespass JOVANA Damen Softshell Hose\",\"isPartOf\":{\"@id\":\"https:\\\/\\\/schweizversand.ch\\\/en\\\/#website\"},\"primaryImageOfPage\":{\"@id\":\"https:\\\/\\\/schweizversand.ch\\\/en\\\/produkt\\\/trespass-jovana-damen-softshell-hose\\\/#primaryimage\"},\"image\":{\"@id\":\"https:\\\/\\\/schweizversand.ch\\\/en\\\/produkt\\\/trespass-jovana-damen-softshell-hose\\\/#primaryimage\"},\"thumbnailUrl\":\"https:\\\/\\\/schweizversand.ch\\\/wp-content\\\/uploads\\\/2026\\\/02\\\/5471689200.jpg\",\"datePublished\":\"2026-03-14T23:56:04+00:00\",\"dateModified\":\"2026-04-21T13:32:27+00:00\",\"description\":\"Die Softshell-Hose f\u00fcr Damen ist eine gro\u00dfartige Wahl f\u00fcr Outdoor-Enthusiasten, die eine funktionelle Hose suchen, die sowohl vor leichtem Regen sch\u00fctzt als auc\",\"breadcrumb\":{\"@id\":\"https:\\\/\\\/schweizversand.ch\\\/en\\\/produkt\\\/trespass-jovana-damen-softshell-hose\\\/#breadcrumb\"},\"inLanguage\":\"en-US\",\"potentialAction\":[{\"@type\":\"ReadAction\",\"target\":[\"https:\\\/\\\/schweizversand.ch\\\/en\\\/produkt\\\/trespass-jovana-damen-softshell-hose\\\/\"]}]},{\"@type\":\"ImageObject\",\"inLanguage\":\"en-US\",\"@id\":\"https:\\\/\\\/schweizversand.ch\\\/en\\\/produkt\\\/trespass-jovana-damen-softshell-hose\\\/#primaryimage\",\"url\":\"https:\\\/\\\/schweizversand.ch\\\/wp-content\\\/uploads\\\/2026\\\/02\\\/5471689200.jpg\",\"contentUrl\":\"https:\\\/\\\/schweizversand.ch\\\/wp-content\\\/uploads\\\/2026\\\/02\\\/5471689200.jpg\",\"width\":654,\"height\":1024},{\"@type\":\"BreadcrumbList\",\"@id\":\"https:\\\/\\\/schweizversand.ch\\\/en\\\/produkt\\\/trespass-jovana-damen-softshell-hose\\\/#breadcrumb\",\"itemListElement\":[{\"@type\":\"ListItem\",\"position\":1,\"name\":\"Startseite\",\"item\":\"https:\\\/\\\/schweizversand.ch\\\/en\\\/\"},{\"@type\":\"ListItem\",\"position\":2,\"name\":\"Shop\",\"item\":\"https:\\\/\\\/schweizversand.ch\\\/en\\\/shop\\\/\"},{\"@type\":\"ListItem\",\"position\":3,\"name\":\"Fashion\",\"item\":\"https:\\\/\\\/schweizversand.ch\\\/en\\\/produkt-kategorie\\\/fashion\\\/\"},{\"@type\":\"ListItem\",\"position\":4,\"name\":\"Women's Fashion\",\"item\":\"https:\\\/\\\/schweizversand.ch\\\/en\\\/produkt-kategorie\\\/fashion\\\/womens-fashion\\\/\"},{\"@type\":\"ListItem\",\"position\":5,\"name\":\"Women's Clothing\",\"item\":\"https:\\\/\\\/schweizversand.ch\\\/en\\\/produkt-kategorie\\\/fashion\\\/womens-fashion\\\/damenbekleidung\\\/\"},{\"@type\":\"ListItem\",\"position\":6,\"name\":\"Trespass JOVANA women&#8217;s softshell trousers\"}]},{\"@type\":\"WebSite\",\"@id\":\"https:\\\/\\\/schweizversand.ch\\\/en\\\/#website\",\"url\":\"https:\\\/\\\/schweizversand.ch\\\/en\\\/\",\"name\":\"Schweizer Shop f\u00fcr Sport, Spiel und Freizeit\",\"description\":\"Gratisversand ab 50.- (netto), ab eigenem schweizer Lager, Lieferung innert 48h\",\"publisher\":{\"@id\":\"https:\\\/\\\/schweizversand.ch\\\/en\\\/#organization\"},\"alternateName\":\"Schweizversand.ch\",\"potentialAction\":[{\"@type\":\"SearchAction\",\"target\":{\"@type\":\"EntryPoint\",\"urlTemplate\":\"https:\\\/\\\/schweizversand.ch\\\/en\\\/?s={search_term_string}\"},\"query-input\":{\"@type\":\"PropertyValueSpecification\",\"valueRequired\":true,\"valueName\":\"search_term_string\"}}],\"inLanguage\":\"en-US\"},{\"@type\":\"Organization\",\"@id\":\"https:\\\/\\\/schweizversand.ch\\\/en\\\/#organization\",\"name\":\"Schweizversand.ch\",\"url\":\"https:\\\/\\\/schweizversand.ch\\\/en\\\/\",\"logo\":{\"@type\":\"ImageObject\",\"inLanguage\":\"en-US\",\"@id\":\"https:\\\/\\\/schweizversand.ch\\\/en\\\/#\\\/schema\\\/logo\\\/image\\\/\",\"url\":\"https:\\\/\\\/schweizversand.ch\\\/wp-content\\\/uploads\\\/2026\\\/03\\\/Logo_Rund_Final-1.png\",\"contentUrl\":\"https:\\\/\\\/schweizversand.ch\\\/wp-content\\\/uploads\\\/2026\\\/03\\\/Logo_Rund_Final-1.png\",\"width\":404,\"height\":404,\"caption\":\"Schweizversand.ch\"},\"image\":{\"@id\":\"https:\\\/\\\/schweizversand.ch\\\/en\\\/#\\\/schema\\\/logo\\\/image\\\/\"},\"sameAs\":[\"https:\\\/\\\/www.facebook.com\\\/Schweizversand\",\"https:\\\/\\\/www.instagram.com\\\/schweizversand.ch\\\/\"]}]}<\/script>\n<!-- \/ Yoast SEO plugin. -->","yoast_head_json":{"title":"Trespass JOVANA Damen Softshell Hose","description":"Die Softshell-Hose f\u00fcr Damen ist eine gro\u00dfartige Wahl f\u00fcr Outdoor-Enthusiasten, die eine funktionelle Hose suchen, die sowohl vor leichtem Regen sch\u00fctzt als auc","robots":{"index":"index","follow":"follow","max-snippet":"max-snippet:-1","max-image-preview":"max-image-preview:large","max-video-preview":"max-video-preview:-1"},"canonical":"https:\/\/schweizversand.ch\/en\/produkt\/trespass-jovana-damen-softshell-hose\/","og_locale":"en_US","og_type":"article","og_title":"Trespass JOVANA Damen Softshell Hose","og_description":"Die Softshell-Hose f\u00fcr Damen ist eine gro\u00dfartige Wahl f\u00fcr Outdoor-Enthusiasten, die eine funktionelle Hose suchen, die sowohl vor leichtem Regen sch\u00fctzt als auc","og_url":"https:\/\/schweizversand.ch\/en\/produkt\/trespass-jovana-damen-softshell-hose\/","og_site_name":"Schweizer Shop f\u00fcr Sport, Spiel und Freizeit","article_publisher":"https:\/\/www.facebook.com\/Schweizversand","article_modified_time":"2026-04-21T13:32:27+00:00","og_image":[{"width":654,"height":1024,"url":"https:\/\/schweizversand.ch\/wp-content\/uploads\/2026\/02\/5471689200.jpg","type":"image\/jpeg"}],"twitter_card":"summary_large_image","twitter_misc":{"Est. reading time":"1 minute"},"schema":{"@context":"https:\/\/schema.org","@graph":[{"@type":"WebPage","@id":"https:\/\/schweizversand.ch\/en\/produkt\/trespass-jovana-damen-softshell-hose\/","url":"https:\/\/schweizversand.ch\/en\/produkt\/trespass-jovana-damen-softshell-hose\/","name":"Trespass JOVANA Damen Softshell Hose","isPartOf":{"@id":"https:\/\/schweizversand.ch\/en\/#website"},"primaryImageOfPage":{"@id":"https:\/\/schweizversand.ch\/en\/produkt\/trespass-jovana-damen-softshell-hose\/#primaryimage"},"image":{"@id":"https:\/\/schweizversand.ch\/en\/produkt\/trespass-jovana-damen-softshell-hose\/#primaryimage"},"thumbnailUrl":"https:\/\/schweizversand.ch\/wp-content\/uploads\/2026\/02\/5471689200.jpg","datePublished":"2026-03-14T23:56:04+00:00","dateModified":"2026-04-21T13:32:27+00:00","description":"Die Softshell-Hose f\u00fcr Damen ist eine gro\u00dfartige Wahl f\u00fcr Outdoor-Enthusiasten, die eine funktionelle Hose suchen, die sowohl vor leichtem Regen sch\u00fctzt als auc","breadcrumb":{"@id":"https:\/\/schweizversand.ch\/en\/produkt\/trespass-jovana-damen-softshell-hose\/#breadcrumb"},"inLanguage":"en-US","potentialAction":[{"@type":"ReadAction","target":["https:\/\/schweizversand.ch\/en\/produkt\/trespass-jovana-damen-softshell-hose\/"]}]},{"@type":"ImageObject","inLanguage":"en-US","@id":"https:\/\/schweizversand.ch\/en\/produkt\/trespass-jovana-damen-softshell-hose\/#primaryimage","url":"https:\/\/schweizversand.ch\/wp-content\/uploads\/2026\/02\/5471689200.jpg","contentUrl":"https:\/\/schweizversand.ch\/wp-content\/uploads\/2026\/02\/5471689200.jpg","width":654,"height":1024},{"@type":"BreadcrumbList","@id":"https:\/\/schweizversand.ch\/en\/produkt\/trespass-jovana-damen-softshell-hose\/#breadcrumb","itemListElement":[{"@type":"ListItem","position":1,"name":"Startseite","item":"https:\/\/schweizversand.ch\/en\/"},{"@type":"ListItem","position":2,"name":"Shop","item":"https:\/\/schweizversand.ch\/en\/shop\/"},{"@type":"ListItem","position":3,"name":"Fashion","item":"https:\/\/schweizversand.ch\/en\/produkt-kategorie\/fashion\/"},{"@type":"ListItem","position":4,"name":"Women's Fashion","item":"https:\/\/schweizversand.ch\/en\/produkt-kategorie\/fashion\/womens-fashion\/"},{"@type":"ListItem","position":5,"name":"Women's Clothing","item":"https:\/\/schweizversand.ch\/en\/produkt-kategorie\/fashion\/womens-fashion\/damenbekleidung\/"},{"@type":"ListItem","position":6,"name":"Trespass JOVANA women&#8217;s softshell trousers"}]},{"@type":"WebSite","@id":"https:\/\/schweizversand.ch\/en\/#website","url":"https:\/\/schweizversand.ch\/en\/","name":"Schweizer Shop f\u00fcr Sport, Spiel und Freizeit","description":"Gratisversand ab 50.- (netto), ab eigenem schweizer Lager, Lieferung innert 48h","publisher":{"@id":"https:\/\/schweizversand.ch\/en\/#organization"},"alternateName":"Schweizversand.ch","potentialAction":[{"@type":"SearchAction","target":{"@type":"EntryPoint","urlTemplate":"https:\/\/schweizversand.ch\/en\/?s={search_term_string}"},"query-input":{"@type":"PropertyValueSpecification","valueRequired":true,"valueName":"search_term_string"}}],"inLanguage":"en-US"},{"@type":"Organization","@id":"https:\/\/schweizversand.ch\/en\/#organization","name":"Schweizversand.ch","url":"https:\/\/schweizversand.ch\/en\/","logo":{"@type":"ImageObject","inLanguage":"en-US","@id":"https:\/\/schweizversand.ch\/en\/#\/schema\/logo\/image\/","url":"https:\/\/schweizversand.ch\/wp-content\/uploads\/2026\/03\/Logo_Rund_Final-1.png","contentUrl":"https:\/\/schweizversand.ch\/wp-content\/uploads\/2026\/03\/Logo_Rund_Final-1.png","width":404,"height":404,"caption":"Schweizversand.ch"},"image":{"@id":"https:\/\/schweizversand.ch\/en\/#\/schema\/logo\/image\/"},"sameAs":["https:\/\/www.facebook.com\/Schweizversand","https:\/\/www.instagram.com\/schweizversand.ch\/"]}]}},"jetpack_sharing_enabled":true,"_links":{"self":[{"href":"https:\/\/schweizversand.ch\/en\/wp-json\/wp\/v2\/product\/259417","targetHints":{"allow":["GET"]}}],"collection":[{"href":"https:\/\/schweizversand.ch\/en\/wp-json\/wp\/v2\/product"}],"about":[{"href":"https:\/\/schweizversand.ch\/en\/wp-json\/wp\/v2\/types\/product"}],"replies":[{"embeddable":true,"href":"https:\/\/schweizversand.ch\/en\/wp-json\/wp\/v2\/comments?post=259417"}],"wp:featuredmedia":[{"embeddable":true,"href":"https:\/\/schweizversand.ch\/en\/wp-json\/wp\/v2\/media\/161761"}],"wp:attachment":[{"href":"https:\/\/schweizversand.ch\/en\/wp-json\/wp\/v2\/media?parent=259417"}],"wp:term":[{"taxonomy":"product_brand","embeddable":true,"href":"https:\/\/schweizversand.ch\/en\/wp-json\/wp\/v2\/product_brand?post=259417"},{"taxonomy":"product_cat","embeddable":true,"href":"https:\/\/schweizversand.ch\/en\/wp-json\/wp\/v2\/product_cat?post=259417"},{"taxonomy":"product_tag","embeddable":true,"href":"https:\/\/schweizversand.ch\/en\/wp-json\/wp\/v2\/product_tag?post=259417"}],"curies":[{"name":"wp","href":"https:\/\/api.w.org\/{rel}","templated":true}]}}