{"id":259488,"date":"2026-03-15T00:56:17","date_gmt":"2026-03-14T23:56:17","guid":{"rendered":"https:\/\/schweizversand.ch\/produkt\/trespass-veldy-bauchtasche\/"},"modified":"2026-04-20T02:02:02","modified_gmt":"2026-04-20T00:02:02","slug":"trespass-veldy-bauchtasche","status":"publish","type":"product","link":"https:\/\/schweizversand.ch\/en\/produkt\/trespass-veldy-bauchtasche\/","title":{"rendered":"Trespass VELDY fanny pack"},"content":{"rendered":"<p>The Trespass Veldy Waist Pack is a great addition to your outdoor gear or a perfect travel companion.<\/p>\n<\/p>\n<p>Features:<\/p>\n<\/p>\n<p>\u2022 1L Waist Pack: The waist pack offers ample space to securely store essential items.<\/p>\n<\/p>\n<p>\u2022 Zippered Pocket: The main pocket features a zipper closure to keep your belongings safe.<\/p>\n<\/p>\n<p>\u2022 Adjustable Waist Belt: The waist belt is adjustable, allowing you to customize the fit to your needs.<\/p>\n<\/p>\n<p>\u2022 Radio Frequency Identification (RFID): The waist pack features RFID protection to safeguard your personal information from unauthorized access.<\/p>\n<\/p>\n<p>\u2022 Protective Pocket: The waist pack provides secure storage for your valuables.<\/p>\n<\/p>\n<p>Specifications:<\/p>\n<\/p>\n<p>\u2022 Material Composition: \u2022 Outer Material: 100% Polyester with PU coating.<\/p>\n<\/p>\n<p>\u2022 Lining 1: 100% Polyester with AC coating.<\/p>\n<\/p>\n<p>\u2022 Lining 2: 64% Polyester \/ 19% Copper \/ 17% Nickel.<\/p>\n<\/p>\n<p>\u2022 Filling: 100% Polyethylene.<\/p>\n<\/p>\n<p>The Trespass Veldy waist pack is a practical and functional accessory that helps you keep essential items safe and organized, whether you&#8217;re enjoying outdoor activities or traveling.<\/p>\n","protected":false},"excerpt":{"rendered":"<p>Trespass VELDY Bauchtasche sch\u00fctzt Ihre Wertsachen mit RFID-Schutz, bietet 1L Stauraum und verstellbaren H\u00fcftgurt \u2013 der perfekte Begleiter f\u00fcr Outdoor &amp; Reisen.<\/p>\n","protected":false},"featured_media":162283,"comment_status":"open","ping_status":"closed","template":"","meta":[],"product_brand":[],"product_cat":[38688,39084,39107],"product_tag":[],"class_list":{"0":"post-259488","1":"product","2":"type-product","3":"status-publish","4":"has-post-thumbnail","6":"product_cat-bauchtasche","9":"product_shipping_class-global_methods","11":"first","12":"instock","13":"taxable","14":"shipping-taxable","15":"purchasable","16":"product-type-simple"},"yoast_head":"<!-- This site is optimized with the Yoast SEO plugin v27.4 - https:\/\/yoast.com\/product\/yoast-seo-wordpress\/ -->\n<title>Trespass VELDY Bauchtasche<\/title>\n<meta name=\"description\" content=\"Der Trespass Veldy Waist Pack ist eine gro\u00dfartige Erg\u00e4nzung f\u00fcr Ihre Outdoor-Ausr\u00fcstung oder als Begleiter auf Reisen.\u00a0 Merkmale:\u00a0 \u2022 1L Bauchtasche: Die\u00a0 Bauc\" \/>\n<meta name=\"robots\" content=\"index, follow, max-snippet:-1, max-image-preview:large, max-video-preview:-1\" \/>\n<link rel=\"canonical\" href=\"https:\/\/schweizversand.ch\/en\/produkt\/trespass-veldy-bauchtasche\/\" \/>\n<meta property=\"og:locale\" content=\"en_US\" \/>\n<meta property=\"og:type\" content=\"article\" \/>\n<meta property=\"og:title\" content=\"Trespass VELDY Bauchtasche\" \/>\n<meta property=\"og:description\" content=\"Der Trespass Veldy Waist Pack ist eine gro\u00dfartige Erg\u00e4nzung f\u00fcr Ihre Outdoor-Ausr\u00fcstung oder als Begleiter auf Reisen.\u00a0 Merkmale:\u00a0 \u2022 1L Bauchtasche: Die\u00a0 Bauc\" \/>\n<meta property=\"og:url\" content=\"https:\/\/schweizversand.ch\/en\/produkt\/trespass-veldy-bauchtasche\/\" \/>\n<meta property=\"og:site_name\" content=\"Schweizer Shop f\u00fcr Sport, Spiel und Freizeit\" \/>\n<meta property=\"article:publisher\" content=\"https:\/\/www.facebook.com\/Schweizversand\" \/>\n<meta property=\"article:modified_time\" content=\"2026-04-20T00:02:02+00:00\" \/>\n<meta property=\"og:image\" content=\"https:\/\/schweizversand.ch\/wp-content\/uploads\/2026\/02\/5471597864.jpg\" \/>\n\t<meta property=\"og:image:width\" content=\"1024\" \/>\n\t<meta property=\"og:image:height\" content=\"649\" \/>\n\t<meta property=\"og:image:type\" content=\"image\/jpeg\" \/>\n<meta name=\"twitter:card\" content=\"summary_large_image\" \/>\n<meta name=\"twitter:label1\" content=\"Est. reading time\" \/>\n\t<meta name=\"twitter:data1\" content=\"1 minute\" \/>\n<script type=\"application\/ld+json\" class=\"yoast-schema-graph\">{\"@context\":\"https:\\\/\\\/schema.org\",\"@graph\":[{\"@type\":\"WebPage\",\"@id\":\"https:\\\/\\\/schweizversand.ch\\\/en\\\/produkt\\\/trespass-veldy-bauchtasche\\\/\",\"url\":\"https:\\\/\\\/schweizversand.ch\\\/en\\\/produkt\\\/trespass-veldy-bauchtasche\\\/\",\"name\":\"Trespass VELDY Bauchtasche\",\"isPartOf\":{\"@id\":\"https:\\\/\\\/schweizversand.ch\\\/en\\\/#website\"},\"primaryImageOfPage\":{\"@id\":\"https:\\\/\\\/schweizversand.ch\\\/en\\\/produkt\\\/trespass-veldy-bauchtasche\\\/#primaryimage\"},\"image\":{\"@id\":\"https:\\\/\\\/schweizversand.ch\\\/en\\\/produkt\\\/trespass-veldy-bauchtasche\\\/#primaryimage\"},\"thumbnailUrl\":\"https:\\\/\\\/schweizversand.ch\\\/wp-content\\\/uploads\\\/2026\\\/02\\\/5471597864.jpg\",\"datePublished\":\"2026-03-14T23:56:17+00:00\",\"dateModified\":\"2026-04-20T00:02:02+00:00\",\"description\":\"Der Trespass Veldy Waist Pack ist eine gro\u00dfartige Erg\u00e4nzung f\u00fcr Ihre Outdoor-Ausr\u00fcstung oder als Begleiter auf Reisen.\u00a0 Merkmale:\u00a0 \u2022 1L Bauchtasche: Die\u00a0 Bauc\",\"breadcrumb\":{\"@id\":\"https:\\\/\\\/schweizversand.ch\\\/en\\\/produkt\\\/trespass-veldy-bauchtasche\\\/#breadcrumb\"},\"inLanguage\":\"en-US\",\"potentialAction\":[{\"@type\":\"ReadAction\",\"target\":[\"https:\\\/\\\/schweizversand.ch\\\/en\\\/produkt\\\/trespass-veldy-bauchtasche\\\/\"]}]},{\"@type\":\"ImageObject\",\"inLanguage\":\"en-US\",\"@id\":\"https:\\\/\\\/schweizversand.ch\\\/en\\\/produkt\\\/trespass-veldy-bauchtasche\\\/#primaryimage\",\"url\":\"https:\\\/\\\/schweizversand.ch\\\/wp-content\\\/uploads\\\/2026\\\/02\\\/5471597864.jpg\",\"contentUrl\":\"https:\\\/\\\/schweizversand.ch\\\/wp-content\\\/uploads\\\/2026\\\/02\\\/5471597864.jpg\",\"width\":1024,\"height\":649},{\"@type\":\"BreadcrumbList\",\"@id\":\"https:\\\/\\\/schweizversand.ch\\\/en\\\/produkt\\\/trespass-veldy-bauchtasche\\\/#breadcrumb\",\"itemListElement\":[{\"@type\":\"ListItem\",\"position\":1,\"name\":\"Startseite\",\"item\":\"https:\\\/\\\/schweizversand.ch\\\/en\\\/\"},{\"@type\":\"ListItem\",\"position\":2,\"name\":\"Shop\",\"item\":\"https:\\\/\\\/schweizversand.ch\\\/en\\\/shop\\\/\"},{\"@type\":\"ListItem\",\"position\":3,\"name\":\"Travel\",\"item\":\"https:\\\/\\\/schweizversand.ch\\\/en\\\/produkt-kategorie\\\/travel\\\/\"},{\"@type\":\"ListItem\",\"position\":4,\"name\":\"Bags &amp; Luggage\",\"item\":\"https:\\\/\\\/schweizversand.ch\\\/en\\\/produkt-kategorie\\\/travel\\\/bags-luggage\\\/\"},{\"@type\":\"ListItem\",\"position\":5,\"name\":\"Bauchtasche\",\"item\":\"https:\\\/\\\/schweizversand.ch\\\/en\\\/produkt-kategorie\\\/bauchtasche\\\/\"},{\"@type\":\"ListItem\",\"position\":6,\"name\":\"Trespass VELDY fanny pack\"}]},{\"@type\":\"WebSite\",\"@id\":\"https:\\\/\\\/schweizversand.ch\\\/en\\\/#website\",\"url\":\"https:\\\/\\\/schweizversand.ch\\\/en\\\/\",\"name\":\"Schweizer Shop f\u00fcr Sport, Spiel und Freizeit\",\"description\":\"Gratisversand ab 50.- (netto), ab eigenem schweizer Lager, Lieferung innert 48h\",\"publisher\":{\"@id\":\"https:\\\/\\\/schweizversand.ch\\\/en\\\/#organization\"},\"alternateName\":\"Schweizversand.ch\",\"potentialAction\":[{\"@type\":\"SearchAction\",\"target\":{\"@type\":\"EntryPoint\",\"urlTemplate\":\"https:\\\/\\\/schweizversand.ch\\\/en\\\/?s={search_term_string}\"},\"query-input\":{\"@type\":\"PropertyValueSpecification\",\"valueRequired\":true,\"valueName\":\"search_term_string\"}}],\"inLanguage\":\"en-US\"},{\"@type\":\"Organization\",\"@id\":\"https:\\\/\\\/schweizversand.ch\\\/en\\\/#organization\",\"name\":\"Schweizversand.ch\",\"url\":\"https:\\\/\\\/schweizversand.ch\\\/en\\\/\",\"logo\":{\"@type\":\"ImageObject\",\"inLanguage\":\"en-US\",\"@id\":\"https:\\\/\\\/schweizversand.ch\\\/en\\\/#\\\/schema\\\/logo\\\/image\\\/\",\"url\":\"https:\\\/\\\/schweizversand.ch\\\/wp-content\\\/uploads\\\/2026\\\/03\\\/Logo_Rund_Final-1.png\",\"contentUrl\":\"https:\\\/\\\/schweizversand.ch\\\/wp-content\\\/uploads\\\/2026\\\/03\\\/Logo_Rund_Final-1.png\",\"width\":404,\"height\":404,\"caption\":\"Schweizversand.ch\"},\"image\":{\"@id\":\"https:\\\/\\\/schweizversand.ch\\\/en\\\/#\\\/schema\\\/logo\\\/image\\\/\"},\"sameAs\":[\"https:\\\/\\\/www.facebook.com\\\/Schweizversand\",\"https:\\\/\\\/www.instagram.com\\\/schweizversand.ch\\\/\"]}]}<\/script>\n<!-- \/ Yoast SEO plugin. -->","yoast_head_json":{"title":"Trespass VELDY Bauchtasche","description":"Der Trespass Veldy Waist Pack ist eine gro\u00dfartige Erg\u00e4nzung f\u00fcr Ihre Outdoor-Ausr\u00fcstung oder als Begleiter auf Reisen.\u00a0 Merkmale:\u00a0 \u2022 1L Bauchtasche: Die\u00a0 Bauc","robots":{"index":"index","follow":"follow","max-snippet":"max-snippet:-1","max-image-preview":"max-image-preview:large","max-video-preview":"max-video-preview:-1"},"canonical":"https:\/\/schweizversand.ch\/en\/produkt\/trespass-veldy-bauchtasche\/","og_locale":"en_US","og_type":"article","og_title":"Trespass VELDY Bauchtasche","og_description":"Der Trespass Veldy Waist Pack ist eine gro\u00dfartige Erg\u00e4nzung f\u00fcr Ihre Outdoor-Ausr\u00fcstung oder als Begleiter auf Reisen.\u00a0 Merkmale:\u00a0 \u2022 1L Bauchtasche: Die\u00a0 Bauc","og_url":"https:\/\/schweizversand.ch\/en\/produkt\/trespass-veldy-bauchtasche\/","og_site_name":"Schweizer Shop f\u00fcr Sport, Spiel und Freizeit","article_publisher":"https:\/\/www.facebook.com\/Schweizversand","article_modified_time":"2026-04-20T00:02:02+00:00","og_image":[{"width":1024,"height":649,"url":"https:\/\/schweizversand.ch\/wp-content\/uploads\/2026\/02\/5471597864.jpg","type":"image\/jpeg"}],"twitter_card":"summary_large_image","twitter_misc":{"Est. reading time":"1 minute"},"schema":{"@context":"https:\/\/schema.org","@graph":[{"@type":"WebPage","@id":"https:\/\/schweizversand.ch\/en\/produkt\/trespass-veldy-bauchtasche\/","url":"https:\/\/schweizversand.ch\/en\/produkt\/trespass-veldy-bauchtasche\/","name":"Trespass VELDY Bauchtasche","isPartOf":{"@id":"https:\/\/schweizversand.ch\/en\/#website"},"primaryImageOfPage":{"@id":"https:\/\/schweizversand.ch\/en\/produkt\/trespass-veldy-bauchtasche\/#primaryimage"},"image":{"@id":"https:\/\/schweizversand.ch\/en\/produkt\/trespass-veldy-bauchtasche\/#primaryimage"},"thumbnailUrl":"https:\/\/schweizversand.ch\/wp-content\/uploads\/2026\/02\/5471597864.jpg","datePublished":"2026-03-14T23:56:17+00:00","dateModified":"2026-04-20T00:02:02+00:00","description":"Der Trespass Veldy Waist Pack ist eine gro\u00dfartige Erg\u00e4nzung f\u00fcr Ihre Outdoor-Ausr\u00fcstung oder als Begleiter auf Reisen.\u00a0 Merkmale:\u00a0 \u2022 1L Bauchtasche: Die\u00a0 Bauc","breadcrumb":{"@id":"https:\/\/schweizversand.ch\/en\/produkt\/trespass-veldy-bauchtasche\/#breadcrumb"},"inLanguage":"en-US","potentialAction":[{"@type":"ReadAction","target":["https:\/\/schweizversand.ch\/en\/produkt\/trespass-veldy-bauchtasche\/"]}]},{"@type":"ImageObject","inLanguage":"en-US","@id":"https:\/\/schweizversand.ch\/en\/produkt\/trespass-veldy-bauchtasche\/#primaryimage","url":"https:\/\/schweizversand.ch\/wp-content\/uploads\/2026\/02\/5471597864.jpg","contentUrl":"https:\/\/schweizversand.ch\/wp-content\/uploads\/2026\/02\/5471597864.jpg","width":1024,"height":649},{"@type":"BreadcrumbList","@id":"https:\/\/schweizversand.ch\/en\/produkt\/trespass-veldy-bauchtasche\/#breadcrumb","itemListElement":[{"@type":"ListItem","position":1,"name":"Startseite","item":"https:\/\/schweizversand.ch\/en\/"},{"@type":"ListItem","position":2,"name":"Shop","item":"https:\/\/schweizversand.ch\/en\/shop\/"},{"@type":"ListItem","position":3,"name":"Travel","item":"https:\/\/schweizversand.ch\/en\/produkt-kategorie\/travel\/"},{"@type":"ListItem","position":4,"name":"Bags &amp; Luggage","item":"https:\/\/schweizversand.ch\/en\/produkt-kategorie\/travel\/bags-luggage\/"},{"@type":"ListItem","position":5,"name":"Bauchtasche","item":"https:\/\/schweizversand.ch\/en\/produkt-kategorie\/bauchtasche\/"},{"@type":"ListItem","position":6,"name":"Trespass VELDY fanny pack"}]},{"@type":"WebSite","@id":"https:\/\/schweizversand.ch\/en\/#website","url":"https:\/\/schweizversand.ch\/en\/","name":"Schweizer Shop f\u00fcr Sport, Spiel und Freizeit","description":"Gratisversand ab 50.- (netto), ab eigenem schweizer Lager, Lieferung innert 48h","publisher":{"@id":"https:\/\/schweizversand.ch\/en\/#organization"},"alternateName":"Schweizversand.ch","potentialAction":[{"@type":"SearchAction","target":{"@type":"EntryPoint","urlTemplate":"https:\/\/schweizversand.ch\/en\/?s={search_term_string}"},"query-input":{"@type":"PropertyValueSpecification","valueRequired":true,"valueName":"search_term_string"}}],"inLanguage":"en-US"},{"@type":"Organization","@id":"https:\/\/schweizversand.ch\/en\/#organization","name":"Schweizversand.ch","url":"https:\/\/schweizversand.ch\/en\/","logo":{"@type":"ImageObject","inLanguage":"en-US","@id":"https:\/\/schweizversand.ch\/en\/#\/schema\/logo\/image\/","url":"https:\/\/schweizversand.ch\/wp-content\/uploads\/2026\/03\/Logo_Rund_Final-1.png","contentUrl":"https:\/\/schweizversand.ch\/wp-content\/uploads\/2026\/03\/Logo_Rund_Final-1.png","width":404,"height":404,"caption":"Schweizversand.ch"},"image":{"@id":"https:\/\/schweizversand.ch\/en\/#\/schema\/logo\/image\/"},"sameAs":["https:\/\/www.facebook.com\/Schweizversand","https:\/\/www.instagram.com\/schweizversand.ch\/"]}]}},"jetpack_sharing_enabled":true,"_links":{"self":[{"href":"https:\/\/schweizversand.ch\/en\/wp-json\/wp\/v2\/product\/259488","targetHints":{"allow":["GET"]}}],"collection":[{"href":"https:\/\/schweizversand.ch\/en\/wp-json\/wp\/v2\/product"}],"about":[{"href":"https:\/\/schweizversand.ch\/en\/wp-json\/wp\/v2\/types\/product"}],"replies":[{"embeddable":true,"href":"https:\/\/schweizversand.ch\/en\/wp-json\/wp\/v2\/comments?post=259488"}],"wp:featuredmedia":[{"embeddable":true,"href":"https:\/\/schweizversand.ch\/en\/wp-json\/wp\/v2\/media\/162283"}],"wp:attachment":[{"href":"https:\/\/schweizversand.ch\/en\/wp-json\/wp\/v2\/media?parent=259488"}],"wp:term":[{"taxonomy":"product_brand","embeddable":true,"href":"https:\/\/schweizversand.ch\/en\/wp-json\/wp\/v2\/product_brand?post=259488"},{"taxonomy":"product_cat","embeddable":true,"href":"https:\/\/schweizversand.ch\/en\/wp-json\/wp\/v2\/product_cat?post=259488"},{"taxonomy":"product_tag","embeddable":true,"href":"https:\/\/schweizversand.ch\/en\/wp-json\/wp\/v2\/product_tag?post=259488"}],"curies":[{"name":"wp","href":"https:\/\/api.w.org\/{rel}","templated":true}]}}