{"id":259503,"date":"2026-03-15T00:56:20","date_gmt":"2026-03-14T23:56:20","guid":{"rendered":"https:\/\/schweizversand.ch\/produkt\/trespass-scawton-herren-jacke\/"},"modified":"2026-04-27T15:32:33","modified_gmt":"2026-04-27T13:32:33","slug":"trespass-scawton-herren-jacke","status":"publish","type":"product","link":"https:\/\/schweizversand.ch\/en\/produkt\/trespass-scawton-herren-jacke\/","title":{"rendered":"Trespass SCAWTON Men&#8217;s Jacket"},"content":{"rendered":"<div>Scawton Fleece Hoodie \u2013 Warm, soft &#038; perfect for cold days<br \/>With the Scawton fleece hoodie, you&#8217;re perfectly equipped for cold days. The high-quality knitted fleece material not only offers excellent thermal insulation but also feels pleasantly soft against the skin. The cozy interior provides extra warmth and comfort \u2013 ideal for walks, outdoor activities, or relaxing at home.<br \/>The textured marl fleece (400 g\/m\u00b2) impresses with its premium feel and durable quality. Thanks to the full-length front zipper, the jacket is easy to put on and take off, while the drawstring hood offers protection from wind and cold. Two practical side pockets complete the functional design and offer space for hands, smartphone, or keys. Product benefits at a glance: \u2022 Warming material: Soft, knitted fleece with a cozy interior \u2022 High-quality: Structured marl fleece (400 g\/m\u00b2) for optimal insulation \u2022 Comfortable hood: With drawstring for a customized fit and weather protection \u2022 Practical design: Full-length zipper and two side pockets \u2022 Easy care and durable: Comfortable to wear during any activity \u2022 Material: 65% cotton, 35% polyester The Scawton fleece jacket combines functionality, style, and warmth \u2013 perfect for anyone who wants to stay active even on cold days.<\/p>\n","protected":false},"excerpt":{"rendered":"<p>Trespass SCAWTON Herren Jacke bietet kuschelige W\u00e4rme, weiches Fleece und praktische Kapuze. Perfekt f\u00fcr kalte Tage und Outdoor-Abenteuer. Komfort trifft Funktionalit\u00e4t.<\/p>\n","protected":false},"featured_media":261351,"comment_status":"open","ping_status":"closed","template":"","meta":[],"product_brand":[],"product_cat":[38067],"product_tag":[],"class_list":{"0":"post-259503","1":"product","2":"type-product","3":"status-publish","4":"has-post-thumbnail","6":"product_cat-herrenbekleidung","7":"product_shipping_class-global_methods","9":"first","10":"instock","11":"taxable","12":"shipping-taxable","13":"purchasable","14":"product-type-simple"},"yoast_head":"<!-- This site is optimized with the Yoast SEO plugin v27.4 - https:\/\/yoast.com\/product\/yoast-seo-wordpress\/ -->\n<title>Trespass SCAWTON Herren Jacke<\/title>\n<meta name=\"description\" content=\"Fleece-Kapuzenjacke Scawton \u2013 Warm, weich &amp; perfekt f\u00fcr kalte Tage\u00a0 Mit der Fleece-Kapuzenjacke Scawton sind Sie bestens f\u00fcr kalte Tage ger\u00fcstet. Das hochwertig\" \/>\n<meta name=\"robots\" content=\"index, follow, max-snippet:-1, max-image-preview:large, max-video-preview:-1\" \/>\n<link rel=\"canonical\" href=\"https:\/\/schweizversand.ch\/en\/produkt\/trespass-scawton-herren-jacke\/\" \/>\n<meta property=\"og:locale\" content=\"en_US\" \/>\n<meta property=\"og:type\" content=\"article\" \/>\n<meta property=\"og:title\" content=\"Trespass SCAWTON Herren Jacke\" \/>\n<meta property=\"og:description\" content=\"Fleece-Kapuzenjacke Scawton \u2013 Warm, weich &amp; perfekt f\u00fcr kalte Tage\u00a0 Mit der Fleece-Kapuzenjacke Scawton sind Sie bestens f\u00fcr kalte Tage ger\u00fcstet. Das hochwertig\" \/>\n<meta property=\"og:url\" content=\"https:\/\/schweizversand.ch\/en\/produkt\/trespass-scawton-herren-jacke\/\" \/>\n<meta property=\"og:site_name\" content=\"Schweizer Shop f\u00fcr Sport, Spiel und Freizeit\" \/>\n<meta property=\"article:publisher\" content=\"https:\/\/www.facebook.com\/Schweizversand\" \/>\n<meta property=\"article:modified_time\" content=\"2026-04-27T13:32:33+00:00\" \/>\n<meta property=\"og:image\" content=\"https:\/\/schweizversand.ch\/wp-content\/uploads\/2026\/02\/5471662467.jpg\" \/>\n\t<meta property=\"og:image:width\" content=\"1024\" \/>\n\t<meta property=\"og:image:height\" content=\"1024\" \/>\n\t<meta property=\"og:image:type\" content=\"image\/jpeg\" \/>\n<meta name=\"twitter:card\" content=\"summary_large_image\" \/>\n<meta name=\"twitter:label1\" content=\"Est. reading time\" \/>\n\t<meta name=\"twitter:data1\" content=\"1 minute\" \/>\n<script type=\"application\/ld+json\" class=\"yoast-schema-graph\">{\"@context\":\"https:\\\/\\\/schema.org\",\"@graph\":[{\"@type\":\"WebPage\",\"@id\":\"https:\\\/\\\/schweizversand.ch\\\/en\\\/produkt\\\/trespass-scawton-herren-jacke\\\/\",\"url\":\"https:\\\/\\\/schweizversand.ch\\\/en\\\/produkt\\\/trespass-scawton-herren-jacke\\\/\",\"name\":\"Trespass SCAWTON Herren Jacke\",\"isPartOf\":{\"@id\":\"https:\\\/\\\/schweizversand.ch\\\/en\\\/#website\"},\"primaryImageOfPage\":{\"@id\":\"https:\\\/\\\/schweizversand.ch\\\/en\\\/produkt\\\/trespass-scawton-herren-jacke\\\/#primaryimage\"},\"image\":{\"@id\":\"https:\\\/\\\/schweizversand.ch\\\/en\\\/produkt\\\/trespass-scawton-herren-jacke\\\/#primaryimage\"},\"thumbnailUrl\":\"https:\\\/\\\/schweizversand.ch\\\/wp-content\\\/uploads\\\/2026\\\/02\\\/5471662467.jpg\",\"datePublished\":\"2026-03-14T23:56:20+00:00\",\"dateModified\":\"2026-04-27T13:32:33+00:00\",\"description\":\"Fleece-Kapuzenjacke Scawton \u2013 Warm, weich & perfekt f\u00fcr kalte Tage\u00a0 Mit der Fleece-Kapuzenjacke Scawton sind Sie bestens f\u00fcr kalte Tage ger\u00fcstet. Das hochwertig\",\"breadcrumb\":{\"@id\":\"https:\\\/\\\/schweizversand.ch\\\/en\\\/produkt\\\/trespass-scawton-herren-jacke\\\/#breadcrumb\"},\"inLanguage\":\"en-US\",\"potentialAction\":[{\"@type\":\"ReadAction\",\"target\":[\"https:\\\/\\\/schweizversand.ch\\\/en\\\/produkt\\\/trespass-scawton-herren-jacke\\\/\"]}]},{\"@type\":\"ImageObject\",\"inLanguage\":\"en-US\",\"@id\":\"https:\\\/\\\/schweizversand.ch\\\/en\\\/produkt\\\/trespass-scawton-herren-jacke\\\/#primaryimage\",\"url\":\"https:\\\/\\\/schweizversand.ch\\\/wp-content\\\/uploads\\\/2026\\\/02\\\/5471662467.jpg\",\"contentUrl\":\"https:\\\/\\\/schweizversand.ch\\\/wp-content\\\/uploads\\\/2026\\\/02\\\/5471662467.jpg\",\"width\":1024,\"height\":1024},{\"@type\":\"BreadcrumbList\",\"@id\":\"https:\\\/\\\/schweizversand.ch\\\/en\\\/produkt\\\/trespass-scawton-herren-jacke\\\/#breadcrumb\",\"itemListElement\":[{\"@type\":\"ListItem\",\"position\":1,\"name\":\"Startseite\",\"item\":\"https:\\\/\\\/schweizversand.ch\\\/en\\\/\"},{\"@type\":\"ListItem\",\"position\":2,\"name\":\"Shop\",\"item\":\"https:\\\/\\\/schweizversand.ch\\\/en\\\/shop\\\/\"},{\"@type\":\"ListItem\",\"position\":3,\"name\":\"Fashion\",\"item\":\"https:\\\/\\\/schweizversand.ch\\\/en\\\/produkt-kategorie\\\/fashion\\\/\"},{\"@type\":\"ListItem\",\"position\":4,\"name\":\"Men's Fashion\",\"item\":\"https:\\\/\\\/schweizversand.ch\\\/en\\\/produkt-kategorie\\\/fashion\\\/mens-fashion\\\/\"},{\"@type\":\"ListItem\",\"position\":5,\"name\":\"Men's Clothing\",\"item\":\"https:\\\/\\\/schweizversand.ch\\\/en\\\/produkt-kategorie\\\/fashion\\\/mens-fashion\\\/herrenbekleidung\\\/\"},{\"@type\":\"ListItem\",\"position\":6,\"name\":\"Trespass SCAWTON Men&#8217;s Jacket\"}]},{\"@type\":\"WebSite\",\"@id\":\"https:\\\/\\\/schweizversand.ch\\\/en\\\/#website\",\"url\":\"https:\\\/\\\/schweizversand.ch\\\/en\\\/\",\"name\":\"Schweizer Shop f\u00fcr Sport, Spiel und Freizeit\",\"description\":\"Gratisversand ab 50.- (netto), ab eigenem schweizer Lager, Lieferung innert 48h\",\"publisher\":{\"@id\":\"https:\\\/\\\/schweizversand.ch\\\/en\\\/#organization\"},\"alternateName\":\"Schweizversand.ch\",\"potentialAction\":[{\"@type\":\"SearchAction\",\"target\":{\"@type\":\"EntryPoint\",\"urlTemplate\":\"https:\\\/\\\/schweizversand.ch\\\/en\\\/?s={search_term_string}\"},\"query-input\":{\"@type\":\"PropertyValueSpecification\",\"valueRequired\":true,\"valueName\":\"search_term_string\"}}],\"inLanguage\":\"en-US\"},{\"@type\":\"Organization\",\"@id\":\"https:\\\/\\\/schweizversand.ch\\\/en\\\/#organization\",\"name\":\"Schweizversand.ch\",\"url\":\"https:\\\/\\\/schweizversand.ch\\\/en\\\/\",\"logo\":{\"@type\":\"ImageObject\",\"inLanguage\":\"en-US\",\"@id\":\"https:\\\/\\\/schweizversand.ch\\\/en\\\/#\\\/schema\\\/logo\\\/image\\\/\",\"url\":\"https:\\\/\\\/schweizversand.ch\\\/wp-content\\\/uploads\\\/2026\\\/03\\\/Logo_Rund_Final-1.png\",\"contentUrl\":\"https:\\\/\\\/schweizversand.ch\\\/wp-content\\\/uploads\\\/2026\\\/03\\\/Logo_Rund_Final-1.png\",\"width\":404,\"height\":404,\"caption\":\"Schweizversand.ch\"},\"image\":{\"@id\":\"https:\\\/\\\/schweizversand.ch\\\/en\\\/#\\\/schema\\\/logo\\\/image\\\/\"},\"sameAs\":[\"https:\\\/\\\/www.facebook.com\\\/Schweizversand\",\"https:\\\/\\\/www.instagram.com\\\/schweizversand.ch\\\/\"]}]}<\/script>\n<!-- \/ Yoast SEO plugin. -->","yoast_head_json":{"title":"Trespass SCAWTON Herren Jacke","description":"Fleece-Kapuzenjacke Scawton \u2013 Warm, weich & perfekt f\u00fcr kalte Tage\u00a0 Mit der Fleece-Kapuzenjacke Scawton sind Sie bestens f\u00fcr kalte Tage ger\u00fcstet. Das hochwertig","robots":{"index":"index","follow":"follow","max-snippet":"max-snippet:-1","max-image-preview":"max-image-preview:large","max-video-preview":"max-video-preview:-1"},"canonical":"https:\/\/schweizversand.ch\/en\/produkt\/trespass-scawton-herren-jacke\/","og_locale":"en_US","og_type":"article","og_title":"Trespass SCAWTON Herren Jacke","og_description":"Fleece-Kapuzenjacke Scawton \u2013 Warm, weich & perfekt f\u00fcr kalte Tage\u00a0 Mit der Fleece-Kapuzenjacke Scawton sind Sie bestens f\u00fcr kalte Tage ger\u00fcstet. Das hochwertig","og_url":"https:\/\/schweizversand.ch\/en\/produkt\/trespass-scawton-herren-jacke\/","og_site_name":"Schweizer Shop f\u00fcr Sport, Spiel und Freizeit","article_publisher":"https:\/\/www.facebook.com\/Schweizversand","article_modified_time":"2026-04-27T13:32:33+00:00","og_image":[{"width":1024,"height":1024,"url":"https:\/\/schweizversand.ch\/wp-content\/uploads\/2026\/02\/5471662467.jpg","type":"image\/jpeg"}],"twitter_card":"summary_large_image","twitter_misc":{"Est. reading time":"1 minute"},"schema":{"@context":"https:\/\/schema.org","@graph":[{"@type":"WebPage","@id":"https:\/\/schweizversand.ch\/en\/produkt\/trespass-scawton-herren-jacke\/","url":"https:\/\/schweizversand.ch\/en\/produkt\/trespass-scawton-herren-jacke\/","name":"Trespass SCAWTON Herren Jacke","isPartOf":{"@id":"https:\/\/schweizversand.ch\/en\/#website"},"primaryImageOfPage":{"@id":"https:\/\/schweizversand.ch\/en\/produkt\/trespass-scawton-herren-jacke\/#primaryimage"},"image":{"@id":"https:\/\/schweizversand.ch\/en\/produkt\/trespass-scawton-herren-jacke\/#primaryimage"},"thumbnailUrl":"https:\/\/schweizversand.ch\/wp-content\/uploads\/2026\/02\/5471662467.jpg","datePublished":"2026-03-14T23:56:20+00:00","dateModified":"2026-04-27T13:32:33+00:00","description":"Fleece-Kapuzenjacke Scawton \u2013 Warm, weich & perfekt f\u00fcr kalte Tage\u00a0 Mit der Fleece-Kapuzenjacke Scawton sind Sie bestens f\u00fcr kalte Tage ger\u00fcstet. Das hochwertig","breadcrumb":{"@id":"https:\/\/schweizversand.ch\/en\/produkt\/trespass-scawton-herren-jacke\/#breadcrumb"},"inLanguage":"en-US","potentialAction":[{"@type":"ReadAction","target":["https:\/\/schweizversand.ch\/en\/produkt\/trespass-scawton-herren-jacke\/"]}]},{"@type":"ImageObject","inLanguage":"en-US","@id":"https:\/\/schweizversand.ch\/en\/produkt\/trespass-scawton-herren-jacke\/#primaryimage","url":"https:\/\/schweizversand.ch\/wp-content\/uploads\/2026\/02\/5471662467.jpg","contentUrl":"https:\/\/schweizversand.ch\/wp-content\/uploads\/2026\/02\/5471662467.jpg","width":1024,"height":1024},{"@type":"BreadcrumbList","@id":"https:\/\/schweizversand.ch\/en\/produkt\/trespass-scawton-herren-jacke\/#breadcrumb","itemListElement":[{"@type":"ListItem","position":1,"name":"Startseite","item":"https:\/\/schweizversand.ch\/en\/"},{"@type":"ListItem","position":2,"name":"Shop","item":"https:\/\/schweizversand.ch\/en\/shop\/"},{"@type":"ListItem","position":3,"name":"Fashion","item":"https:\/\/schweizversand.ch\/en\/produkt-kategorie\/fashion\/"},{"@type":"ListItem","position":4,"name":"Men's Fashion","item":"https:\/\/schweizversand.ch\/en\/produkt-kategorie\/fashion\/mens-fashion\/"},{"@type":"ListItem","position":5,"name":"Men's Clothing","item":"https:\/\/schweizversand.ch\/en\/produkt-kategorie\/fashion\/mens-fashion\/herrenbekleidung\/"},{"@type":"ListItem","position":6,"name":"Trespass SCAWTON Men&#8217;s Jacket"}]},{"@type":"WebSite","@id":"https:\/\/schweizversand.ch\/en\/#website","url":"https:\/\/schweizversand.ch\/en\/","name":"Schweizer Shop f\u00fcr Sport, Spiel und Freizeit","description":"Gratisversand ab 50.- (netto), ab eigenem schweizer Lager, Lieferung innert 48h","publisher":{"@id":"https:\/\/schweizversand.ch\/en\/#organization"},"alternateName":"Schweizversand.ch","potentialAction":[{"@type":"SearchAction","target":{"@type":"EntryPoint","urlTemplate":"https:\/\/schweizversand.ch\/en\/?s={search_term_string}"},"query-input":{"@type":"PropertyValueSpecification","valueRequired":true,"valueName":"search_term_string"}}],"inLanguage":"en-US"},{"@type":"Organization","@id":"https:\/\/schweizversand.ch\/en\/#organization","name":"Schweizversand.ch","url":"https:\/\/schweizversand.ch\/en\/","logo":{"@type":"ImageObject","inLanguage":"en-US","@id":"https:\/\/schweizversand.ch\/en\/#\/schema\/logo\/image\/","url":"https:\/\/schweizversand.ch\/wp-content\/uploads\/2026\/03\/Logo_Rund_Final-1.png","contentUrl":"https:\/\/schweizversand.ch\/wp-content\/uploads\/2026\/03\/Logo_Rund_Final-1.png","width":404,"height":404,"caption":"Schweizversand.ch"},"image":{"@id":"https:\/\/schweizversand.ch\/en\/#\/schema\/logo\/image\/"},"sameAs":["https:\/\/www.facebook.com\/Schweizversand","https:\/\/www.instagram.com\/schweizversand.ch\/"]}]}},"jetpack_sharing_enabled":true,"_links":{"self":[{"href":"https:\/\/schweizversand.ch\/en\/wp-json\/wp\/v2\/product\/259503","targetHints":{"allow":["GET"]}}],"collection":[{"href":"https:\/\/schweizversand.ch\/en\/wp-json\/wp\/v2\/product"}],"about":[{"href":"https:\/\/schweizversand.ch\/en\/wp-json\/wp\/v2\/types\/product"}],"replies":[{"embeddable":true,"href":"https:\/\/schweizversand.ch\/en\/wp-json\/wp\/v2\/comments?post=259503"}],"wp:featuredmedia":[{"embeddable":true,"href":"https:\/\/schweizversand.ch\/en\/wp-json\/wp\/v2\/media\/261351"}],"wp:attachment":[{"href":"https:\/\/schweizversand.ch\/en\/wp-json\/wp\/v2\/media?parent=259503"}],"wp:term":[{"taxonomy":"product_brand","embeddable":true,"href":"https:\/\/schweizversand.ch\/en\/wp-json\/wp\/v2\/product_brand?post=259503"},{"taxonomy":"product_cat","embeddable":true,"href":"https:\/\/schweizversand.ch\/en\/wp-json\/wp\/v2\/product_cat?post=259503"},{"taxonomy":"product_tag","embeddable":true,"href":"https:\/\/schweizversand.ch\/en\/wp-json\/wp\/v2\/product_tag?post=259503"}],"curies":[{"name":"wp","href":"https:\/\/api.w.org\/{rel}","templated":true}]}}