{"id":259559,"date":"2026-03-15T00:56:30","date_gmt":"2026-03-14T23:56:30","guid":{"rendered":"https:\/\/schweizversand.ch\/produkt\/trespass-mitzi-low-cut-damen-wanderschuhe\/"},"modified":"2026-04-20T02:02:06","modified_gmt":"2026-04-20T00:02:06","slug":"trespass-mitzi-low-cut-damen-wanderschuhe","status":"publish","type":"product","link":"https:\/\/schweizversand.ch\/en\/produkt\/trespass-mitzi-low-cut-damen-wanderschuhe\/","title":{"rendered":"Trespass MITZI LOW CUT Women&#8217;s Hiking Shoes"},"content":{"rendered":"<p>The Mitzi hiking shoes for women are an ideal choice for hiking and outdoor activities. They offer protection from water, support for your feet, and are both comfortable and breathable. Here are the key features and characteristics of these shoes:<\/p>\n<p>Description:<\/p>\n<p>\u2022 The shoes have a low-cut design yet offer excellent cushioning for comfort.<\/p>\n<p>\u2022 They feature a waterproof and breathable membrane that ensures your feet stay dry, even in wet conditions.<\/p>\n<p>\u2022 The shoe offers ankle support in the form of a padded collar and tongue, which enhances comfort and promotes stability.<\/p>\n<p>\u2022 Additionally, the shoes have a protective and durable toe and heel cap that protects your feet from impacts and wear.<\/p>\n<p>\u2022 The shoes are equipped with an arch-stabilizing and supportive steel shank that helps stabilize the foot and reduce fatigue on long hikes.<\/p>\n<p>Features:<\/p>\n<p>\u2022 Waterproof: Yes, the shoes are waterproof and protect your feet from moisture.<\/p>\n<p>\u2022 Breathable: Yes, despite being waterproof, the shoes are breathable and wick moisture away from the foot to enhance comfort.<\/p>\n<p>\u2022 Low-cut, waterproof, and breathable membrane: The low-cut design allows for freedom of movement, while the waterproof and breathable membrane provides protection and comfort.<\/p>\n<p>\u2022 Ankle support with padded collar and tongue: These features ensure a secure fit and comfort.<\/p>\n<p>\u2022 Protective and durable toe and heel caps: These protect against impacts and wear.<\/p>\n<p>\u2022 Arch-stabilizing and supportive steel shaft: The steel shaft provides additional stability and support for your feet.<\/p>\n","protected":false},"excerpt":{"rendered":"<p>Trespass MITZI LOW CUT Damen Wanderschuhe bieten wasserdichten Schutz, atmungsaktiven Komfort und stabile Kn\u00f6chelunterst\u00fctzung f\u00fcr sichere und bequeme Outdoor-Abenteuer.<\/p>\n","protected":false},"featured_media":162759,"comment_status":"open","ping_status":"closed","template":"","meta":[],"product_brand":[],"product_cat":[38059],"product_tag":[],"class_list":{"0":"post-259559","1":"product","2":"type-product","3":"status-publish","4":"has-post-thumbnail","6":"product_cat-wandern","7":"product_shipping_class-global_methods","9":"first","10":"instock","11":"taxable","12":"shipping-taxable","13":"purchasable","14":"product-type-simple"},"yoast_head":"<!-- This site is optimized with the Yoast SEO plugin v27.4 - https:\/\/yoast.com\/product\/yoast-seo-wordpress\/ -->\n<title>Trespass MITZI LOW CUT Damen Wanderschuhe<\/title>\n<meta name=\"description\" content=\"Die Mitzi Wanderschuhe f\u00fcr Frauen sind eine ideale Wahl f\u00fcr Wanderungen und Outdoor-Aktivit\u00e4ten. Sie bieten Schutz vor Wasser, Unterst\u00fctzung f\u00fcr die F\u00fc\u00dfe und si\" \/>\n<meta name=\"robots\" content=\"index, follow, max-snippet:-1, max-image-preview:large, max-video-preview:-1\" \/>\n<link rel=\"canonical\" href=\"https:\/\/schweizversand.ch\/en\/produkt\/trespass-mitzi-low-cut-damen-wanderschuhe\/\" \/>\n<meta property=\"og:locale\" content=\"en_US\" \/>\n<meta property=\"og:type\" content=\"article\" \/>\n<meta property=\"og:title\" content=\"Trespass MITZI LOW CUT Damen Wanderschuhe\" \/>\n<meta property=\"og:description\" content=\"Die Mitzi Wanderschuhe f\u00fcr Frauen sind eine ideale Wahl f\u00fcr Wanderungen und Outdoor-Aktivit\u00e4ten. Sie bieten Schutz vor Wasser, Unterst\u00fctzung f\u00fcr die F\u00fc\u00dfe und si\" \/>\n<meta property=\"og:url\" content=\"https:\/\/schweizversand.ch\/en\/produkt\/trespass-mitzi-low-cut-damen-wanderschuhe\/\" \/>\n<meta property=\"og:site_name\" content=\"Schweizer Shop f\u00fcr Sport, Spiel und Freizeit\" \/>\n<meta property=\"article:publisher\" content=\"https:\/\/www.facebook.com\/Schweizversand\" \/>\n<meta property=\"article:modified_time\" content=\"2026-04-20T00:02:06+00:00\" \/>\n<meta property=\"og:image\" content=\"https:\/\/schweizversand.ch\/wp-content\/uploads\/2026\/02\/5471703340.jpg\" \/>\n\t<meta property=\"og:image:width\" content=\"1024\" \/>\n\t<meta property=\"og:image:height\" content=\"1024\" \/>\n\t<meta property=\"og:image:type\" content=\"image\/jpeg\" \/>\n<meta name=\"twitter:card\" content=\"summary_large_image\" \/>\n<meta name=\"twitter:label1\" content=\"Est. reading time\" \/>\n\t<meta name=\"twitter:data1\" content=\"1 minute\" \/>\n<script type=\"application\/ld+json\" class=\"yoast-schema-graph\">{\"@context\":\"https:\\\/\\\/schema.org\",\"@graph\":[{\"@type\":\"WebPage\",\"@id\":\"https:\\\/\\\/schweizversand.ch\\\/en\\\/produkt\\\/trespass-mitzi-low-cut-damen-wanderschuhe\\\/\",\"url\":\"https:\\\/\\\/schweizversand.ch\\\/en\\\/produkt\\\/trespass-mitzi-low-cut-damen-wanderschuhe\\\/\",\"name\":\"Trespass MITZI LOW CUT Damen Wanderschuhe\",\"isPartOf\":{\"@id\":\"https:\\\/\\\/schweizversand.ch\\\/en\\\/#website\"},\"primaryImageOfPage\":{\"@id\":\"https:\\\/\\\/schweizversand.ch\\\/en\\\/produkt\\\/trespass-mitzi-low-cut-damen-wanderschuhe\\\/#primaryimage\"},\"image\":{\"@id\":\"https:\\\/\\\/schweizversand.ch\\\/en\\\/produkt\\\/trespass-mitzi-low-cut-damen-wanderschuhe\\\/#primaryimage\"},\"thumbnailUrl\":\"https:\\\/\\\/schweizversand.ch\\\/wp-content\\\/uploads\\\/2026\\\/02\\\/5471703340.jpg\",\"datePublished\":\"2026-03-14T23:56:30+00:00\",\"dateModified\":\"2026-04-20T00:02:06+00:00\",\"description\":\"Die Mitzi Wanderschuhe f\u00fcr Frauen sind eine ideale Wahl f\u00fcr Wanderungen und Outdoor-Aktivit\u00e4ten. Sie bieten Schutz vor Wasser, Unterst\u00fctzung f\u00fcr die F\u00fc\u00dfe und si\",\"breadcrumb\":{\"@id\":\"https:\\\/\\\/schweizversand.ch\\\/en\\\/produkt\\\/trespass-mitzi-low-cut-damen-wanderschuhe\\\/#breadcrumb\"},\"inLanguage\":\"en-US\",\"potentialAction\":[{\"@type\":\"ReadAction\",\"target\":[\"https:\\\/\\\/schweizversand.ch\\\/en\\\/produkt\\\/trespass-mitzi-low-cut-damen-wanderschuhe\\\/\"]}]},{\"@type\":\"ImageObject\",\"inLanguage\":\"en-US\",\"@id\":\"https:\\\/\\\/schweizversand.ch\\\/en\\\/produkt\\\/trespass-mitzi-low-cut-damen-wanderschuhe\\\/#primaryimage\",\"url\":\"https:\\\/\\\/schweizversand.ch\\\/wp-content\\\/uploads\\\/2026\\\/02\\\/5471703340.jpg\",\"contentUrl\":\"https:\\\/\\\/schweizversand.ch\\\/wp-content\\\/uploads\\\/2026\\\/02\\\/5471703340.jpg\",\"width\":1024,\"height\":1024},{\"@type\":\"BreadcrumbList\",\"@id\":\"https:\\\/\\\/schweizversand.ch\\\/en\\\/produkt\\\/trespass-mitzi-low-cut-damen-wanderschuhe\\\/#breadcrumb\",\"itemListElement\":[{\"@type\":\"ListItem\",\"position\":1,\"name\":\"Startseite\",\"item\":\"https:\\\/\\\/schweizversand.ch\\\/en\\\/\"},{\"@type\":\"ListItem\",\"position\":2,\"name\":\"Shop\",\"item\":\"https:\\\/\\\/schweizversand.ch\\\/en\\\/shop\\\/\"},{\"@type\":\"ListItem\",\"position\":3,\"name\":\"Sports\",\"item\":\"https:\\\/\\\/schweizversand.ch\\\/en\\\/produkt-kategorie\\\/sports\\\/\"},{\"@type\":\"ListItem\",\"position\":4,\"name\":\"Outdoor\",\"item\":\"https:\\\/\\\/schweizversand.ch\\\/en\\\/produkt-kategorie\\\/sports\\\/outdoor\\\/\"},{\"@type\":\"ListItem\",\"position\":5,\"name\":\"Hiking\",\"item\":\"https:\\\/\\\/schweizversand.ch\\\/en\\\/produkt-kategorie\\\/sports\\\/outdoor\\\/wandern\\\/\"},{\"@type\":\"ListItem\",\"position\":6,\"name\":\"Trespass MITZI LOW CUT Women&#8217;s Hiking Shoes\"}]},{\"@type\":\"WebSite\",\"@id\":\"https:\\\/\\\/schweizversand.ch\\\/en\\\/#website\",\"url\":\"https:\\\/\\\/schweizversand.ch\\\/en\\\/\",\"name\":\"Schweizer Shop f\u00fcr Sport, Spiel und Freizeit\",\"description\":\"Gratisversand ab 50.- (netto), ab eigenem schweizer Lager, Lieferung innert 48h\",\"publisher\":{\"@id\":\"https:\\\/\\\/schweizversand.ch\\\/en\\\/#organization\"},\"alternateName\":\"Schweizversand.ch\",\"potentialAction\":[{\"@type\":\"SearchAction\",\"target\":{\"@type\":\"EntryPoint\",\"urlTemplate\":\"https:\\\/\\\/schweizversand.ch\\\/en\\\/?s={search_term_string}\"},\"query-input\":{\"@type\":\"PropertyValueSpecification\",\"valueRequired\":true,\"valueName\":\"search_term_string\"}}],\"inLanguage\":\"en-US\"},{\"@type\":\"Organization\",\"@id\":\"https:\\\/\\\/schweizversand.ch\\\/en\\\/#organization\",\"name\":\"Schweizversand.ch\",\"url\":\"https:\\\/\\\/schweizversand.ch\\\/en\\\/\",\"logo\":{\"@type\":\"ImageObject\",\"inLanguage\":\"en-US\",\"@id\":\"https:\\\/\\\/schweizversand.ch\\\/en\\\/#\\\/schema\\\/logo\\\/image\\\/\",\"url\":\"https:\\\/\\\/schweizversand.ch\\\/wp-content\\\/uploads\\\/2026\\\/03\\\/Logo_Rund_Final-1.png\",\"contentUrl\":\"https:\\\/\\\/schweizversand.ch\\\/wp-content\\\/uploads\\\/2026\\\/03\\\/Logo_Rund_Final-1.png\",\"width\":404,\"height\":404,\"caption\":\"Schweizversand.ch\"},\"image\":{\"@id\":\"https:\\\/\\\/schweizversand.ch\\\/en\\\/#\\\/schema\\\/logo\\\/image\\\/\"},\"sameAs\":[\"https:\\\/\\\/www.facebook.com\\\/Schweizversand\",\"https:\\\/\\\/www.instagram.com\\\/schweizversand.ch\\\/\"]}]}<\/script>\n<!-- \/ Yoast SEO plugin. -->","yoast_head_json":{"title":"Trespass MITZI LOW CUT Damen Wanderschuhe","description":"Die Mitzi Wanderschuhe f\u00fcr Frauen sind eine ideale Wahl f\u00fcr Wanderungen und Outdoor-Aktivit\u00e4ten. Sie bieten Schutz vor Wasser, Unterst\u00fctzung f\u00fcr die F\u00fc\u00dfe und si","robots":{"index":"index","follow":"follow","max-snippet":"max-snippet:-1","max-image-preview":"max-image-preview:large","max-video-preview":"max-video-preview:-1"},"canonical":"https:\/\/schweizversand.ch\/en\/produkt\/trespass-mitzi-low-cut-damen-wanderschuhe\/","og_locale":"en_US","og_type":"article","og_title":"Trespass MITZI LOW CUT Damen Wanderschuhe","og_description":"Die Mitzi Wanderschuhe f\u00fcr Frauen sind eine ideale Wahl f\u00fcr Wanderungen und Outdoor-Aktivit\u00e4ten. Sie bieten Schutz vor Wasser, Unterst\u00fctzung f\u00fcr die F\u00fc\u00dfe und si","og_url":"https:\/\/schweizversand.ch\/en\/produkt\/trespass-mitzi-low-cut-damen-wanderschuhe\/","og_site_name":"Schweizer Shop f\u00fcr Sport, Spiel und Freizeit","article_publisher":"https:\/\/www.facebook.com\/Schweizversand","article_modified_time":"2026-04-20T00:02:06+00:00","og_image":[{"width":1024,"height":1024,"url":"https:\/\/schweizversand.ch\/wp-content\/uploads\/2026\/02\/5471703340.jpg","type":"image\/jpeg"}],"twitter_card":"summary_large_image","twitter_misc":{"Est. reading time":"1 minute"},"schema":{"@context":"https:\/\/schema.org","@graph":[{"@type":"WebPage","@id":"https:\/\/schweizversand.ch\/en\/produkt\/trespass-mitzi-low-cut-damen-wanderschuhe\/","url":"https:\/\/schweizversand.ch\/en\/produkt\/trespass-mitzi-low-cut-damen-wanderschuhe\/","name":"Trespass MITZI LOW CUT Damen Wanderschuhe","isPartOf":{"@id":"https:\/\/schweizversand.ch\/en\/#website"},"primaryImageOfPage":{"@id":"https:\/\/schweizversand.ch\/en\/produkt\/trespass-mitzi-low-cut-damen-wanderschuhe\/#primaryimage"},"image":{"@id":"https:\/\/schweizversand.ch\/en\/produkt\/trespass-mitzi-low-cut-damen-wanderschuhe\/#primaryimage"},"thumbnailUrl":"https:\/\/schweizversand.ch\/wp-content\/uploads\/2026\/02\/5471703340.jpg","datePublished":"2026-03-14T23:56:30+00:00","dateModified":"2026-04-20T00:02:06+00:00","description":"Die Mitzi Wanderschuhe f\u00fcr Frauen sind eine ideale Wahl f\u00fcr Wanderungen und Outdoor-Aktivit\u00e4ten. Sie bieten Schutz vor Wasser, Unterst\u00fctzung f\u00fcr die F\u00fc\u00dfe und si","breadcrumb":{"@id":"https:\/\/schweizversand.ch\/en\/produkt\/trespass-mitzi-low-cut-damen-wanderschuhe\/#breadcrumb"},"inLanguage":"en-US","potentialAction":[{"@type":"ReadAction","target":["https:\/\/schweizversand.ch\/en\/produkt\/trespass-mitzi-low-cut-damen-wanderschuhe\/"]}]},{"@type":"ImageObject","inLanguage":"en-US","@id":"https:\/\/schweizversand.ch\/en\/produkt\/trespass-mitzi-low-cut-damen-wanderschuhe\/#primaryimage","url":"https:\/\/schweizversand.ch\/wp-content\/uploads\/2026\/02\/5471703340.jpg","contentUrl":"https:\/\/schweizversand.ch\/wp-content\/uploads\/2026\/02\/5471703340.jpg","width":1024,"height":1024},{"@type":"BreadcrumbList","@id":"https:\/\/schweizversand.ch\/en\/produkt\/trespass-mitzi-low-cut-damen-wanderschuhe\/#breadcrumb","itemListElement":[{"@type":"ListItem","position":1,"name":"Startseite","item":"https:\/\/schweizversand.ch\/en\/"},{"@type":"ListItem","position":2,"name":"Shop","item":"https:\/\/schweizversand.ch\/en\/shop\/"},{"@type":"ListItem","position":3,"name":"Sports","item":"https:\/\/schweizversand.ch\/en\/produkt-kategorie\/sports\/"},{"@type":"ListItem","position":4,"name":"Outdoor","item":"https:\/\/schweizversand.ch\/en\/produkt-kategorie\/sports\/outdoor\/"},{"@type":"ListItem","position":5,"name":"Hiking","item":"https:\/\/schweizversand.ch\/en\/produkt-kategorie\/sports\/outdoor\/wandern\/"},{"@type":"ListItem","position":6,"name":"Trespass MITZI LOW CUT Women&#8217;s Hiking Shoes"}]},{"@type":"WebSite","@id":"https:\/\/schweizversand.ch\/en\/#website","url":"https:\/\/schweizversand.ch\/en\/","name":"Schweizer Shop f\u00fcr Sport, Spiel und Freizeit","description":"Gratisversand ab 50.- (netto), ab eigenem schweizer Lager, Lieferung innert 48h","publisher":{"@id":"https:\/\/schweizversand.ch\/en\/#organization"},"alternateName":"Schweizversand.ch","potentialAction":[{"@type":"SearchAction","target":{"@type":"EntryPoint","urlTemplate":"https:\/\/schweizversand.ch\/en\/?s={search_term_string}"},"query-input":{"@type":"PropertyValueSpecification","valueRequired":true,"valueName":"search_term_string"}}],"inLanguage":"en-US"},{"@type":"Organization","@id":"https:\/\/schweizversand.ch\/en\/#organization","name":"Schweizversand.ch","url":"https:\/\/schweizversand.ch\/en\/","logo":{"@type":"ImageObject","inLanguage":"en-US","@id":"https:\/\/schweizversand.ch\/en\/#\/schema\/logo\/image\/","url":"https:\/\/schweizversand.ch\/wp-content\/uploads\/2026\/03\/Logo_Rund_Final-1.png","contentUrl":"https:\/\/schweizversand.ch\/wp-content\/uploads\/2026\/03\/Logo_Rund_Final-1.png","width":404,"height":404,"caption":"Schweizversand.ch"},"image":{"@id":"https:\/\/schweizversand.ch\/en\/#\/schema\/logo\/image\/"},"sameAs":["https:\/\/www.facebook.com\/Schweizversand","https:\/\/www.instagram.com\/schweizversand.ch\/"]}]}},"jetpack_sharing_enabled":true,"_links":{"self":[{"href":"https:\/\/schweizversand.ch\/en\/wp-json\/wp\/v2\/product\/259559","targetHints":{"allow":["GET"]}}],"collection":[{"href":"https:\/\/schweizversand.ch\/en\/wp-json\/wp\/v2\/product"}],"about":[{"href":"https:\/\/schweizversand.ch\/en\/wp-json\/wp\/v2\/types\/product"}],"replies":[{"embeddable":true,"href":"https:\/\/schweizversand.ch\/en\/wp-json\/wp\/v2\/comments?post=259559"}],"wp:featuredmedia":[{"embeddable":true,"href":"https:\/\/schweizversand.ch\/en\/wp-json\/wp\/v2\/media\/162759"}],"wp:attachment":[{"href":"https:\/\/schweizversand.ch\/en\/wp-json\/wp\/v2\/media?parent=259559"}],"wp:term":[{"taxonomy":"product_brand","embeddable":true,"href":"https:\/\/schweizversand.ch\/en\/wp-json\/wp\/v2\/product_brand?post=259559"},{"taxonomy":"product_cat","embeddable":true,"href":"https:\/\/schweizversand.ch\/en\/wp-json\/wp\/v2\/product_cat?post=259559"},{"taxonomy":"product_tag","embeddable":true,"href":"https:\/\/schweizversand.ch\/en\/wp-json\/wp\/v2\/product_tag?post=259559"}],"curies":[{"name":"wp","href":"https:\/\/api.w.org\/{rel}","templated":true}]}}