{"id":259566,"date":"2026-03-20T02:01:07","date_gmt":"2026-03-20T01:01:07","guid":{"rendered":"https:\/\/schweizversand.ch\/produkt\/trespass-laces-130-schnuersenkel-2\/"},"modified":"2026-04-15T02:02:13","modified_gmt":"2026-04-15T00:02:13","slug":"trespass-laces-130-schnuersenkel-2","status":"publish","type":"product","link":"https:\/\/schweizversand.ch\/en\/produkt\/trespass-laces-130-schnuersenkel-2\/","title":{"rendered":"Trespass LACES 130 shoelaces"},"content":{"rendered":"<h1><strong>Round Shoelaces for Hiking Boots 130cm, Black<\/strong><\/h1>\n<div>Discover the ideal <strong>replacement shoelaces for trekking boots<\/strong>, guaranteeing maximum reliability and durability. These <strong>round shoelaces 130cm<\/strong> are specially designed for use in demanding environments and offer optimal support for your hikes.<\/p>\n<\/div>\n<div><strong>Perfect Fit and Stability<\/strong><br \/>At 130cm in length, these shoelaces are ideal for <strong>hiking boots<\/strong> and boots with up to <strong>10 eyelets<\/strong>. They ensure a secure and firm lacing that won&#8217;t loosen, even on long hikes or difficult terrain. Enjoy the comfort and stability you need for your outdoor adventures. Material and Durability: Made from 100% polyester, these black shoelaces are extremely robust and resistant to abrasion and moisture. The high-quality material ensures that these durable shoelaces retain their shape and color even with intensive use. A reliable accessory that won&#8217;t let you down.<\/p>\n<\/div>\n<div><strong>Product details and scope of delivery<\/strong><br \/>&#8211; Length: 2 x 130 cm (one pair)<br \/>&#8211; Color: Black<br \/>&#8211; Material: 100% Polyester<br \/>&#8211; Suitable for: <strong>shoelaces with 10 eyelets<\/strong> and fewer<\/p>\n<\/div>\n<div>Upgrade your gear and ensure your <strong>hiking shoelaces<\/strong> can withstand the rigors of hiking. Order now and benefit from maximum security with every step.<\/p>\n<\/div>\n<div>\n<\/div>\n","protected":false},"excerpt":{"rendered":"<p>Trespass LACES 130 Schn\u00fcrsenkel bieten langlebige, robuste 130 cm Schn\u00fcrung f\u00fcr Wanderstiefel mit bis zu 10 \u00d6sen \u2013 zuverl\u00e4ssiger Halt und optimaler Komfort bei jedem Outdoor-Abenteuer.<\/p>\n","protected":false},"featured_media":261009,"comment_status":"open","ping_status":"closed","template":"","meta":[],"product_brand":[],"product_cat":[39082],"product_tag":[],"class_list":{"0":"post-259566","1":"product","2":"type-product","3":"status-publish","4":"has-post-thumbnail","6":"product_cat-outdoorschuhe","7":"product_shipping_class-global_methods","9":"first","10":"instock","11":"taxable","12":"shipping-taxable","13":"purchasable","14":"product-type-simple"},"yoast_head":"<!-- This site is optimized with the Yoast SEO plugin v27.4 - https:\/\/yoast.com\/product\/yoast-seo-wordpress\/ -->\n<title>Trespass LACES 130 Schn\u00fcrsenkel<\/title>\n<meta name=\"description\" content=\"Runde Schn\u00fcrsenkel Wanderschuhe 130cm, Schwarz Entdecken Sie die idealen Ersatzschn\u00fcrsenkel Trekkingstiefel , die h\u00f6chste Zuverl\u00e4ssigkeit und Langlebigkeit gara\" \/>\n<meta name=\"robots\" content=\"index, follow, max-snippet:-1, max-image-preview:large, max-video-preview:-1\" \/>\n<link rel=\"canonical\" href=\"https:\/\/schweizversand.ch\/en\/produkt\/trespass-laces-130-schnuersenkel-2\/\" \/>\n<meta property=\"og:locale\" content=\"en_US\" \/>\n<meta property=\"og:type\" content=\"article\" \/>\n<meta property=\"og:title\" content=\"Trespass LACES 130 Schn\u00fcrsenkel\" \/>\n<meta property=\"og:description\" content=\"Runde Schn\u00fcrsenkel Wanderschuhe 130cm, Schwarz Entdecken Sie die idealen Ersatzschn\u00fcrsenkel Trekkingstiefel , die h\u00f6chste Zuverl\u00e4ssigkeit und Langlebigkeit gara\" \/>\n<meta property=\"og:url\" content=\"https:\/\/schweizversand.ch\/en\/produkt\/trespass-laces-130-schnuersenkel-2\/\" \/>\n<meta property=\"og:site_name\" content=\"Schweizer Shop f\u00fcr Sport, Spiel und Freizeit\" \/>\n<meta property=\"article:publisher\" content=\"https:\/\/www.facebook.com\/Schweizversand\" \/>\n<meta property=\"article:modified_time\" content=\"2026-04-15T00:02:13+00:00\" \/>\n<meta property=\"og:image\" content=\"https:\/\/schweizversand.ch\/wp-content\/uploads\/2026\/03\/5678299012.jpg\" \/>\n\t<meta property=\"og:image:width\" content=\"710\" \/>\n\t<meta property=\"og:image:height\" content=\"1024\" \/>\n\t<meta property=\"og:image:type\" content=\"image\/jpeg\" \/>\n<meta name=\"twitter:card\" content=\"summary_large_image\" \/>\n<meta name=\"twitter:label1\" content=\"Est. reading time\" \/>\n\t<meta name=\"twitter:data1\" content=\"1 minute\" \/>\n<script type=\"application\/ld+json\" class=\"yoast-schema-graph\">{\"@context\":\"https:\\\/\\\/schema.org\",\"@graph\":[{\"@type\":\"WebPage\",\"@id\":\"https:\\\/\\\/schweizversand.ch\\\/en\\\/produkt\\\/trespass-laces-130-schnuersenkel-2\\\/\",\"url\":\"https:\\\/\\\/schweizversand.ch\\\/en\\\/produkt\\\/trespass-laces-130-schnuersenkel-2\\\/\",\"name\":\"Trespass LACES 130 Schn\u00fcrsenkel\",\"isPartOf\":{\"@id\":\"https:\\\/\\\/schweizversand.ch\\\/en\\\/#website\"},\"primaryImageOfPage\":{\"@id\":\"https:\\\/\\\/schweizversand.ch\\\/en\\\/produkt\\\/trespass-laces-130-schnuersenkel-2\\\/#primaryimage\"},\"image\":{\"@id\":\"https:\\\/\\\/schweizversand.ch\\\/en\\\/produkt\\\/trespass-laces-130-schnuersenkel-2\\\/#primaryimage\"},\"thumbnailUrl\":\"https:\\\/\\\/schweizversand.ch\\\/wp-content\\\/uploads\\\/2026\\\/03\\\/5678299012.jpg\",\"datePublished\":\"2026-03-20T01:01:07+00:00\",\"dateModified\":\"2026-04-15T00:02:13+00:00\",\"description\":\"Runde Schn\u00fcrsenkel Wanderschuhe 130cm, Schwarz Entdecken Sie die idealen Ersatzschn\u00fcrsenkel Trekkingstiefel , die h\u00f6chste Zuverl\u00e4ssigkeit und Langlebigkeit gara\",\"breadcrumb\":{\"@id\":\"https:\\\/\\\/schweizversand.ch\\\/en\\\/produkt\\\/trespass-laces-130-schnuersenkel-2\\\/#breadcrumb\"},\"inLanguage\":\"en-US\",\"potentialAction\":[{\"@type\":\"ReadAction\",\"target\":[\"https:\\\/\\\/schweizversand.ch\\\/en\\\/produkt\\\/trespass-laces-130-schnuersenkel-2\\\/\"]}]},{\"@type\":\"ImageObject\",\"inLanguage\":\"en-US\",\"@id\":\"https:\\\/\\\/schweizversand.ch\\\/en\\\/produkt\\\/trespass-laces-130-schnuersenkel-2\\\/#primaryimage\",\"url\":\"https:\\\/\\\/schweizversand.ch\\\/wp-content\\\/uploads\\\/2026\\\/03\\\/5678299012.jpg\",\"contentUrl\":\"https:\\\/\\\/schweizversand.ch\\\/wp-content\\\/uploads\\\/2026\\\/03\\\/5678299012.jpg\",\"width\":710,\"height\":1024},{\"@type\":\"BreadcrumbList\",\"@id\":\"https:\\\/\\\/schweizversand.ch\\\/en\\\/produkt\\\/trespass-laces-130-schnuersenkel-2\\\/#breadcrumb\",\"itemListElement\":[{\"@type\":\"ListItem\",\"position\":1,\"name\":\"Startseite\",\"item\":\"https:\\\/\\\/schweizversand.ch\\\/en\\\/\"},{\"@type\":\"ListItem\",\"position\":2,\"name\":\"Shop\",\"item\":\"https:\\\/\\\/schweizversand.ch\\\/en\\\/shop\\\/\"},{\"@type\":\"ListItem\",\"position\":3,\"name\":\"Sports\",\"item\":\"https:\\\/\\\/schweizversand.ch\\\/en\\\/produkt-kategorie\\\/sports\\\/\"},{\"@type\":\"ListItem\",\"position\":4,\"name\":\"Outdoor\",\"item\":\"https:\\\/\\\/schweizversand.ch\\\/en\\\/produkt-kategorie\\\/sports\\\/outdoor\\\/\"},{\"@type\":\"ListItem\",\"position\":5,\"name\":\"Outdoorschuhe\",\"item\":\"https:\\\/\\\/schweizversand.ch\\\/en\\\/produkt-kategorie\\\/sports\\\/outdoor\\\/outdoorschuhe\\\/\"},{\"@type\":\"ListItem\",\"position\":6,\"name\":\"Trespass LACES 130 shoelaces\"}]},{\"@type\":\"WebSite\",\"@id\":\"https:\\\/\\\/schweizversand.ch\\\/en\\\/#website\",\"url\":\"https:\\\/\\\/schweizversand.ch\\\/en\\\/\",\"name\":\"Schweizer Shop f\u00fcr Sport, Spiel und Freizeit\",\"description\":\"Gratisversand ab 50.- (netto), ab eigenem schweizer Lager, Lieferung innert 48h\",\"publisher\":{\"@id\":\"https:\\\/\\\/schweizversand.ch\\\/en\\\/#organization\"},\"alternateName\":\"Schweizversand.ch\",\"potentialAction\":[{\"@type\":\"SearchAction\",\"target\":{\"@type\":\"EntryPoint\",\"urlTemplate\":\"https:\\\/\\\/schweizversand.ch\\\/en\\\/?s={search_term_string}\"},\"query-input\":{\"@type\":\"PropertyValueSpecification\",\"valueRequired\":true,\"valueName\":\"search_term_string\"}}],\"inLanguage\":\"en-US\"},{\"@type\":\"Organization\",\"@id\":\"https:\\\/\\\/schweizversand.ch\\\/en\\\/#organization\",\"name\":\"Schweizversand.ch\",\"url\":\"https:\\\/\\\/schweizversand.ch\\\/en\\\/\",\"logo\":{\"@type\":\"ImageObject\",\"inLanguage\":\"en-US\",\"@id\":\"https:\\\/\\\/schweizversand.ch\\\/en\\\/#\\\/schema\\\/logo\\\/image\\\/\",\"url\":\"https:\\\/\\\/schweizversand.ch\\\/wp-content\\\/uploads\\\/2026\\\/03\\\/Logo_Rund_Final-1.png\",\"contentUrl\":\"https:\\\/\\\/schweizversand.ch\\\/wp-content\\\/uploads\\\/2026\\\/03\\\/Logo_Rund_Final-1.png\",\"width\":404,\"height\":404,\"caption\":\"Schweizversand.ch\"},\"image\":{\"@id\":\"https:\\\/\\\/schweizversand.ch\\\/en\\\/#\\\/schema\\\/logo\\\/image\\\/\"},\"sameAs\":[\"https:\\\/\\\/www.facebook.com\\\/Schweizversand\",\"https:\\\/\\\/www.instagram.com\\\/schweizversand.ch\\\/\"]}]}<\/script>\n<!-- \/ Yoast SEO plugin. -->","yoast_head_json":{"title":"Trespass LACES 130 Schn\u00fcrsenkel","description":"Runde Schn\u00fcrsenkel Wanderschuhe 130cm, Schwarz Entdecken Sie die idealen Ersatzschn\u00fcrsenkel Trekkingstiefel , die h\u00f6chste Zuverl\u00e4ssigkeit und Langlebigkeit gara","robots":{"index":"index","follow":"follow","max-snippet":"max-snippet:-1","max-image-preview":"max-image-preview:large","max-video-preview":"max-video-preview:-1"},"canonical":"https:\/\/schweizversand.ch\/en\/produkt\/trespass-laces-130-schnuersenkel-2\/","og_locale":"en_US","og_type":"article","og_title":"Trespass LACES 130 Schn\u00fcrsenkel","og_description":"Runde Schn\u00fcrsenkel Wanderschuhe 130cm, Schwarz Entdecken Sie die idealen Ersatzschn\u00fcrsenkel Trekkingstiefel , die h\u00f6chste Zuverl\u00e4ssigkeit und Langlebigkeit gara","og_url":"https:\/\/schweizversand.ch\/en\/produkt\/trespass-laces-130-schnuersenkel-2\/","og_site_name":"Schweizer Shop f\u00fcr Sport, Spiel und Freizeit","article_publisher":"https:\/\/www.facebook.com\/Schweizversand","article_modified_time":"2026-04-15T00:02:13+00:00","og_image":[{"width":710,"height":1024,"url":"https:\/\/schweizversand.ch\/wp-content\/uploads\/2026\/03\/5678299012.jpg","type":"image\/jpeg"}],"twitter_card":"summary_large_image","twitter_misc":{"Est. reading time":"1 minute"},"schema":{"@context":"https:\/\/schema.org","@graph":[{"@type":"WebPage","@id":"https:\/\/schweizversand.ch\/en\/produkt\/trespass-laces-130-schnuersenkel-2\/","url":"https:\/\/schweizversand.ch\/en\/produkt\/trespass-laces-130-schnuersenkel-2\/","name":"Trespass LACES 130 Schn\u00fcrsenkel","isPartOf":{"@id":"https:\/\/schweizversand.ch\/en\/#website"},"primaryImageOfPage":{"@id":"https:\/\/schweizversand.ch\/en\/produkt\/trespass-laces-130-schnuersenkel-2\/#primaryimage"},"image":{"@id":"https:\/\/schweizversand.ch\/en\/produkt\/trespass-laces-130-schnuersenkel-2\/#primaryimage"},"thumbnailUrl":"https:\/\/schweizversand.ch\/wp-content\/uploads\/2026\/03\/5678299012.jpg","datePublished":"2026-03-20T01:01:07+00:00","dateModified":"2026-04-15T00:02:13+00:00","description":"Runde Schn\u00fcrsenkel Wanderschuhe 130cm, Schwarz Entdecken Sie die idealen Ersatzschn\u00fcrsenkel Trekkingstiefel , die h\u00f6chste Zuverl\u00e4ssigkeit und Langlebigkeit gara","breadcrumb":{"@id":"https:\/\/schweizversand.ch\/en\/produkt\/trespass-laces-130-schnuersenkel-2\/#breadcrumb"},"inLanguage":"en-US","potentialAction":[{"@type":"ReadAction","target":["https:\/\/schweizversand.ch\/en\/produkt\/trespass-laces-130-schnuersenkel-2\/"]}]},{"@type":"ImageObject","inLanguage":"en-US","@id":"https:\/\/schweizversand.ch\/en\/produkt\/trespass-laces-130-schnuersenkel-2\/#primaryimage","url":"https:\/\/schweizversand.ch\/wp-content\/uploads\/2026\/03\/5678299012.jpg","contentUrl":"https:\/\/schweizversand.ch\/wp-content\/uploads\/2026\/03\/5678299012.jpg","width":710,"height":1024},{"@type":"BreadcrumbList","@id":"https:\/\/schweizversand.ch\/en\/produkt\/trespass-laces-130-schnuersenkel-2\/#breadcrumb","itemListElement":[{"@type":"ListItem","position":1,"name":"Startseite","item":"https:\/\/schweizversand.ch\/en\/"},{"@type":"ListItem","position":2,"name":"Shop","item":"https:\/\/schweizversand.ch\/en\/shop\/"},{"@type":"ListItem","position":3,"name":"Sports","item":"https:\/\/schweizversand.ch\/en\/produkt-kategorie\/sports\/"},{"@type":"ListItem","position":4,"name":"Outdoor","item":"https:\/\/schweizversand.ch\/en\/produkt-kategorie\/sports\/outdoor\/"},{"@type":"ListItem","position":5,"name":"Outdoorschuhe","item":"https:\/\/schweizversand.ch\/en\/produkt-kategorie\/sports\/outdoor\/outdoorschuhe\/"},{"@type":"ListItem","position":6,"name":"Trespass LACES 130 shoelaces"}]},{"@type":"WebSite","@id":"https:\/\/schweizversand.ch\/en\/#website","url":"https:\/\/schweizversand.ch\/en\/","name":"Schweizer Shop f\u00fcr Sport, Spiel und Freizeit","description":"Gratisversand ab 50.- (netto), ab eigenem schweizer Lager, Lieferung innert 48h","publisher":{"@id":"https:\/\/schweizversand.ch\/en\/#organization"},"alternateName":"Schweizversand.ch","potentialAction":[{"@type":"SearchAction","target":{"@type":"EntryPoint","urlTemplate":"https:\/\/schweizversand.ch\/en\/?s={search_term_string}"},"query-input":{"@type":"PropertyValueSpecification","valueRequired":true,"valueName":"search_term_string"}}],"inLanguage":"en-US"},{"@type":"Organization","@id":"https:\/\/schweizversand.ch\/en\/#organization","name":"Schweizversand.ch","url":"https:\/\/schweizversand.ch\/en\/","logo":{"@type":"ImageObject","inLanguage":"en-US","@id":"https:\/\/schweizversand.ch\/en\/#\/schema\/logo\/image\/","url":"https:\/\/schweizversand.ch\/wp-content\/uploads\/2026\/03\/Logo_Rund_Final-1.png","contentUrl":"https:\/\/schweizversand.ch\/wp-content\/uploads\/2026\/03\/Logo_Rund_Final-1.png","width":404,"height":404,"caption":"Schweizversand.ch"},"image":{"@id":"https:\/\/schweizversand.ch\/en\/#\/schema\/logo\/image\/"},"sameAs":["https:\/\/www.facebook.com\/Schweizversand","https:\/\/www.instagram.com\/schweizversand.ch\/"]}]}},"jetpack_sharing_enabled":true,"_links":{"self":[{"href":"https:\/\/schweizversand.ch\/en\/wp-json\/wp\/v2\/product\/259566","targetHints":{"allow":["GET"]}}],"collection":[{"href":"https:\/\/schweizversand.ch\/en\/wp-json\/wp\/v2\/product"}],"about":[{"href":"https:\/\/schweizversand.ch\/en\/wp-json\/wp\/v2\/types\/product"}],"replies":[{"embeddable":true,"href":"https:\/\/schweizversand.ch\/en\/wp-json\/wp\/v2\/comments?post=259566"}],"wp:featuredmedia":[{"embeddable":true,"href":"https:\/\/schweizversand.ch\/en\/wp-json\/wp\/v2\/media\/261009"}],"wp:attachment":[{"href":"https:\/\/schweizversand.ch\/en\/wp-json\/wp\/v2\/media?parent=259566"}],"wp:term":[{"taxonomy":"product_brand","embeddable":true,"href":"https:\/\/schweizversand.ch\/en\/wp-json\/wp\/v2\/product_brand?post=259566"},{"taxonomy":"product_cat","embeddable":true,"href":"https:\/\/schweizversand.ch\/en\/wp-json\/wp\/v2\/product_cat?post=259566"},{"taxonomy":"product_tag","embeddable":true,"href":"https:\/\/schweizversand.ch\/en\/wp-json\/wp\/v2\/product_tag?post=259566"}],"curies":[{"name":"wp","href":"https:\/\/api.w.org\/{rel}","templated":true}]}}