{"id":259570,"date":"2026-03-15T00:56:34","date_gmt":"2026-03-14T23:56:34","guid":{"rendered":"https:\/\/schweizversand.ch\/produkt\/trespass-franklyn-wattiertes-herren-gilet\/"},"modified":"2026-04-20T15:32:47","modified_gmt":"2026-04-20T13:32:47","slug":"trespass-franklyn-wattiertes-herren-gilet","status":"publish","type":"product","link":"https:\/\/schweizversand.ch\/en\/produkt\/trespass-franklyn-wattiertes-herren-gilet\/","title":{"rendered":"Trespass FRANKLYN padded men&#8217;s gilet"},"content":{"rendered":"<p>Trespass Men&#8217;s Franklyn Quilted Vest \u2013 Warmth, Comfort, and Weather Protection<\/p>\n<p>The Franklyn gilet is the perfect companion for anyone who doesn&#8217;t want to compromise on style and function, even in cooler weather. Whether hiking, going about your daily life, or traveling \u2013 this quilted vest offers reliability, comfort, and protection all in one.<\/p>\n<p>Trespass Men&#8217;s Franklyn Quilted Vest \u2013 Warmth, Comfort, and Weather Protection<\/p>\n<p>The Franklyn gilet is the perfect companion for anyone who doesn&#8217;t want to compromise on style and function, even in cooler weather. Features at a glance:<\/p>\n<p>\u2022 Detachable, adjustable hood with snap fasteners \u2013 Protects against wind and rain whenever you need it<\/p>\n<p>\u2022 3 practical pockets \u2013 Two zippered outer pockets and one inner pocket offer secure storage<\/p>\n<p>\u2022 Drawstring hem \u2013 For a customized fit and additional wind protection<\/p>\n<p>\u2022 Chin guard and internal storm flap \u2013 For comfortable wear even in inclement weather<\/p>\n<p>Technical features:<\/p>\n<p>\u2022 Lined, quilted vest \u2013 Ideal for transitional weather or as an extra layer of warmth<\/p>\n<p>\u2022 Internal storm flap \u2013 Protects against drafts<\/p>\n<p>Material composition:<\/p>\n<p>\u2022 Woven<\/p>\n<p>\u2022 Outer fabric: 100% polyamide (acrylic coating)<\/p>\n<p>\u2022 Lining: 100% polyester<\/p>\n<p>\u2022 Filling: 100% polyester<\/p>\n<p>This functional men&#8217;s vest Combines well-thought-out details with robust workmanship \u2013 ideal for any outdoor adventure.<\/p>\n","protected":false},"excerpt":{"rendered":"<p>Trespass FRANKLYN wattiertes Herren Gilet bietet W\u00e4rme, Komfort und Wetterschutz mit abnehmbarer Kapuze, 3 Taschen und verstellbarem Saum \u2013 ideal f\u00fcr Outdoor und Alltag.<\/p>\n","protected":false},"featured_media":162916,"comment_status":"open","ping_status":"closed","template":"","meta":[],"product_brand":[],"product_cat":[38067],"product_tag":[],"class_list":{"0":"post-259570","1":"product","2":"type-product","3":"status-publish","4":"has-post-thumbnail","6":"product_cat-herrenbekleidung","7":"product_shipping_class-global_methods","9":"first","10":"instock","11":"taxable","12":"shipping-taxable","13":"purchasable","14":"product-type-simple"},"yoast_head":"<!-- This site is optimized with the Yoast SEO plugin v27.4 - https:\/\/yoast.com\/product\/yoast-seo-wordpress\/ -->\n<title>Trespass FRANKLYN wattiertes Herren Gilet<\/title>\n<meta name=\"description\" content=\"Trespass Herren Steppweste Franklyn \u2013 W\u00e4rme, Komfort und Wetterschutz Die Franklyn Gilet ist der perfekte Begleiter f\u00fcr alle, die auch bei k\u00fchlerem Wetter nich\" \/>\n<meta name=\"robots\" content=\"index, follow, max-snippet:-1, max-image-preview:large, max-video-preview:-1\" \/>\n<link rel=\"canonical\" href=\"https:\/\/schweizversand.ch\/en\/produkt\/trespass-franklyn-wattiertes-herren-gilet\/\" \/>\n<meta property=\"og:locale\" content=\"en_US\" \/>\n<meta property=\"og:type\" content=\"article\" \/>\n<meta property=\"og:title\" content=\"Trespass FRANKLYN wattiertes Herren Gilet\" \/>\n<meta property=\"og:description\" content=\"Trespass Herren Steppweste Franklyn \u2013 W\u00e4rme, Komfort und Wetterschutz Die Franklyn Gilet ist der perfekte Begleiter f\u00fcr alle, die auch bei k\u00fchlerem Wetter nich\" \/>\n<meta property=\"og:url\" content=\"https:\/\/schweizversand.ch\/en\/produkt\/trespass-franklyn-wattiertes-herren-gilet\/\" \/>\n<meta property=\"og:site_name\" content=\"Schweizer Shop f\u00fcr Sport, Spiel und Freizeit\" \/>\n<meta property=\"article:publisher\" content=\"https:\/\/www.facebook.com\/Schweizversand\" \/>\n<meta property=\"article:modified_time\" content=\"2026-04-20T13:32:47+00:00\" \/>\n<meta property=\"og:image\" content=\"https:\/\/schweizversand.ch\/wp-content\/uploads\/2026\/02\/5471855601.jpg\" \/>\n\t<meta property=\"og:image:width\" content=\"581\" \/>\n\t<meta property=\"og:image:height\" content=\"1024\" \/>\n\t<meta property=\"og:image:type\" content=\"image\/jpeg\" \/>\n<meta name=\"twitter:card\" content=\"summary_large_image\" \/>\n<meta name=\"twitter:label1\" content=\"Est. reading time\" \/>\n\t<meta name=\"twitter:data1\" content=\"1 minute\" \/>\n<script type=\"application\/ld+json\" class=\"yoast-schema-graph\">{\"@context\":\"https:\\\/\\\/schema.org\",\"@graph\":[{\"@type\":\"WebPage\",\"@id\":\"https:\\\/\\\/schweizversand.ch\\\/en\\\/produkt\\\/trespass-franklyn-wattiertes-herren-gilet\\\/\",\"url\":\"https:\\\/\\\/schweizversand.ch\\\/en\\\/produkt\\\/trespass-franklyn-wattiertes-herren-gilet\\\/\",\"name\":\"Trespass FRANKLYN wattiertes Herren Gilet\",\"isPartOf\":{\"@id\":\"https:\\\/\\\/schweizversand.ch\\\/en\\\/#website\"},\"primaryImageOfPage\":{\"@id\":\"https:\\\/\\\/schweizversand.ch\\\/en\\\/produkt\\\/trespass-franklyn-wattiertes-herren-gilet\\\/#primaryimage\"},\"image\":{\"@id\":\"https:\\\/\\\/schweizversand.ch\\\/en\\\/produkt\\\/trespass-franklyn-wattiertes-herren-gilet\\\/#primaryimage\"},\"thumbnailUrl\":\"https:\\\/\\\/schweizversand.ch\\\/wp-content\\\/uploads\\\/2026\\\/02\\\/5471855601.jpg\",\"datePublished\":\"2026-03-14T23:56:34+00:00\",\"dateModified\":\"2026-04-20T13:32:47+00:00\",\"description\":\"Trespass Herren Steppweste Franklyn \u2013 W\u00e4rme, Komfort und Wetterschutz Die Franklyn Gilet ist der perfekte Begleiter f\u00fcr alle, die auch bei k\u00fchlerem Wetter nich\",\"breadcrumb\":{\"@id\":\"https:\\\/\\\/schweizversand.ch\\\/en\\\/produkt\\\/trespass-franklyn-wattiertes-herren-gilet\\\/#breadcrumb\"},\"inLanguage\":\"en-US\",\"potentialAction\":[{\"@type\":\"ReadAction\",\"target\":[\"https:\\\/\\\/schweizversand.ch\\\/en\\\/produkt\\\/trespass-franklyn-wattiertes-herren-gilet\\\/\"]}]},{\"@type\":\"ImageObject\",\"inLanguage\":\"en-US\",\"@id\":\"https:\\\/\\\/schweizversand.ch\\\/en\\\/produkt\\\/trespass-franklyn-wattiertes-herren-gilet\\\/#primaryimage\",\"url\":\"https:\\\/\\\/schweizversand.ch\\\/wp-content\\\/uploads\\\/2026\\\/02\\\/5471855601.jpg\",\"contentUrl\":\"https:\\\/\\\/schweizversand.ch\\\/wp-content\\\/uploads\\\/2026\\\/02\\\/5471855601.jpg\",\"width\":581,\"height\":1024},{\"@type\":\"BreadcrumbList\",\"@id\":\"https:\\\/\\\/schweizversand.ch\\\/en\\\/produkt\\\/trespass-franklyn-wattiertes-herren-gilet\\\/#breadcrumb\",\"itemListElement\":[{\"@type\":\"ListItem\",\"position\":1,\"name\":\"Startseite\",\"item\":\"https:\\\/\\\/schweizversand.ch\\\/en\\\/\"},{\"@type\":\"ListItem\",\"position\":2,\"name\":\"Shop\",\"item\":\"https:\\\/\\\/schweizversand.ch\\\/en\\\/shop\\\/\"},{\"@type\":\"ListItem\",\"position\":3,\"name\":\"Fashion\",\"item\":\"https:\\\/\\\/schweizversand.ch\\\/en\\\/produkt-kategorie\\\/fashion\\\/\"},{\"@type\":\"ListItem\",\"position\":4,\"name\":\"Men's Fashion\",\"item\":\"https:\\\/\\\/schweizversand.ch\\\/en\\\/produkt-kategorie\\\/fashion\\\/mens-fashion\\\/\"},{\"@type\":\"ListItem\",\"position\":5,\"name\":\"Men's Clothing\",\"item\":\"https:\\\/\\\/schweizversand.ch\\\/en\\\/produkt-kategorie\\\/fashion\\\/mens-fashion\\\/herrenbekleidung\\\/\"},{\"@type\":\"ListItem\",\"position\":6,\"name\":\"Trespass FRANKLYN padded men&#8217;s gilet\"}]},{\"@type\":\"WebSite\",\"@id\":\"https:\\\/\\\/schweizversand.ch\\\/en\\\/#website\",\"url\":\"https:\\\/\\\/schweizversand.ch\\\/en\\\/\",\"name\":\"Schweizer Shop f\u00fcr Sport, Spiel und Freizeit\",\"description\":\"Gratisversand ab 50.- (netto), ab eigenem schweizer Lager, Lieferung innert 48h\",\"publisher\":{\"@id\":\"https:\\\/\\\/schweizversand.ch\\\/en\\\/#organization\"},\"alternateName\":\"Schweizversand.ch\",\"potentialAction\":[{\"@type\":\"SearchAction\",\"target\":{\"@type\":\"EntryPoint\",\"urlTemplate\":\"https:\\\/\\\/schweizversand.ch\\\/en\\\/?s={search_term_string}\"},\"query-input\":{\"@type\":\"PropertyValueSpecification\",\"valueRequired\":true,\"valueName\":\"search_term_string\"}}],\"inLanguage\":\"en-US\"},{\"@type\":\"Organization\",\"@id\":\"https:\\\/\\\/schweizversand.ch\\\/en\\\/#organization\",\"name\":\"Schweizversand.ch\",\"url\":\"https:\\\/\\\/schweizversand.ch\\\/en\\\/\",\"logo\":{\"@type\":\"ImageObject\",\"inLanguage\":\"en-US\",\"@id\":\"https:\\\/\\\/schweizversand.ch\\\/en\\\/#\\\/schema\\\/logo\\\/image\\\/\",\"url\":\"https:\\\/\\\/schweizversand.ch\\\/wp-content\\\/uploads\\\/2026\\\/03\\\/Logo_Rund_Final-1.png\",\"contentUrl\":\"https:\\\/\\\/schweizversand.ch\\\/wp-content\\\/uploads\\\/2026\\\/03\\\/Logo_Rund_Final-1.png\",\"width\":404,\"height\":404,\"caption\":\"Schweizversand.ch\"},\"image\":{\"@id\":\"https:\\\/\\\/schweizversand.ch\\\/en\\\/#\\\/schema\\\/logo\\\/image\\\/\"},\"sameAs\":[\"https:\\\/\\\/www.facebook.com\\\/Schweizversand\",\"https:\\\/\\\/www.instagram.com\\\/schweizversand.ch\\\/\"]}]}<\/script>\n<!-- \/ Yoast SEO plugin. -->","yoast_head_json":{"title":"Trespass FRANKLYN wattiertes Herren Gilet","description":"Trespass Herren Steppweste Franklyn \u2013 W\u00e4rme, Komfort und Wetterschutz Die Franklyn Gilet ist der perfekte Begleiter f\u00fcr alle, die auch bei k\u00fchlerem Wetter nich","robots":{"index":"index","follow":"follow","max-snippet":"max-snippet:-1","max-image-preview":"max-image-preview:large","max-video-preview":"max-video-preview:-1"},"canonical":"https:\/\/schweizversand.ch\/en\/produkt\/trespass-franklyn-wattiertes-herren-gilet\/","og_locale":"en_US","og_type":"article","og_title":"Trespass FRANKLYN wattiertes Herren Gilet","og_description":"Trespass Herren Steppweste Franklyn \u2013 W\u00e4rme, Komfort und Wetterschutz Die Franklyn Gilet ist der perfekte Begleiter f\u00fcr alle, die auch bei k\u00fchlerem Wetter nich","og_url":"https:\/\/schweizversand.ch\/en\/produkt\/trespass-franklyn-wattiertes-herren-gilet\/","og_site_name":"Schweizer Shop f\u00fcr Sport, Spiel und Freizeit","article_publisher":"https:\/\/www.facebook.com\/Schweizversand","article_modified_time":"2026-04-20T13:32:47+00:00","og_image":[{"width":581,"height":1024,"url":"https:\/\/schweizversand.ch\/wp-content\/uploads\/2026\/02\/5471855601.jpg","type":"image\/jpeg"}],"twitter_card":"summary_large_image","twitter_misc":{"Est. reading time":"1 minute"},"schema":{"@context":"https:\/\/schema.org","@graph":[{"@type":"WebPage","@id":"https:\/\/schweizversand.ch\/en\/produkt\/trespass-franklyn-wattiertes-herren-gilet\/","url":"https:\/\/schweizversand.ch\/en\/produkt\/trespass-franklyn-wattiertes-herren-gilet\/","name":"Trespass FRANKLYN wattiertes Herren Gilet","isPartOf":{"@id":"https:\/\/schweizversand.ch\/en\/#website"},"primaryImageOfPage":{"@id":"https:\/\/schweizversand.ch\/en\/produkt\/trespass-franklyn-wattiertes-herren-gilet\/#primaryimage"},"image":{"@id":"https:\/\/schweizversand.ch\/en\/produkt\/trespass-franklyn-wattiertes-herren-gilet\/#primaryimage"},"thumbnailUrl":"https:\/\/schweizversand.ch\/wp-content\/uploads\/2026\/02\/5471855601.jpg","datePublished":"2026-03-14T23:56:34+00:00","dateModified":"2026-04-20T13:32:47+00:00","description":"Trespass Herren Steppweste Franklyn \u2013 W\u00e4rme, Komfort und Wetterschutz Die Franklyn Gilet ist der perfekte Begleiter f\u00fcr alle, die auch bei k\u00fchlerem Wetter nich","breadcrumb":{"@id":"https:\/\/schweizversand.ch\/en\/produkt\/trespass-franklyn-wattiertes-herren-gilet\/#breadcrumb"},"inLanguage":"en-US","potentialAction":[{"@type":"ReadAction","target":["https:\/\/schweizversand.ch\/en\/produkt\/trespass-franklyn-wattiertes-herren-gilet\/"]}]},{"@type":"ImageObject","inLanguage":"en-US","@id":"https:\/\/schweizversand.ch\/en\/produkt\/trespass-franklyn-wattiertes-herren-gilet\/#primaryimage","url":"https:\/\/schweizversand.ch\/wp-content\/uploads\/2026\/02\/5471855601.jpg","contentUrl":"https:\/\/schweizversand.ch\/wp-content\/uploads\/2026\/02\/5471855601.jpg","width":581,"height":1024},{"@type":"BreadcrumbList","@id":"https:\/\/schweizversand.ch\/en\/produkt\/trespass-franklyn-wattiertes-herren-gilet\/#breadcrumb","itemListElement":[{"@type":"ListItem","position":1,"name":"Startseite","item":"https:\/\/schweizversand.ch\/en\/"},{"@type":"ListItem","position":2,"name":"Shop","item":"https:\/\/schweizversand.ch\/en\/shop\/"},{"@type":"ListItem","position":3,"name":"Fashion","item":"https:\/\/schweizversand.ch\/en\/produkt-kategorie\/fashion\/"},{"@type":"ListItem","position":4,"name":"Men's Fashion","item":"https:\/\/schweizversand.ch\/en\/produkt-kategorie\/fashion\/mens-fashion\/"},{"@type":"ListItem","position":5,"name":"Men's Clothing","item":"https:\/\/schweizversand.ch\/en\/produkt-kategorie\/fashion\/mens-fashion\/herrenbekleidung\/"},{"@type":"ListItem","position":6,"name":"Trespass FRANKLYN padded men&#8217;s gilet"}]},{"@type":"WebSite","@id":"https:\/\/schweizversand.ch\/en\/#website","url":"https:\/\/schweizversand.ch\/en\/","name":"Schweizer Shop f\u00fcr Sport, Spiel und Freizeit","description":"Gratisversand ab 50.- (netto), ab eigenem schweizer Lager, Lieferung innert 48h","publisher":{"@id":"https:\/\/schweizversand.ch\/en\/#organization"},"alternateName":"Schweizversand.ch","potentialAction":[{"@type":"SearchAction","target":{"@type":"EntryPoint","urlTemplate":"https:\/\/schweizversand.ch\/en\/?s={search_term_string}"},"query-input":{"@type":"PropertyValueSpecification","valueRequired":true,"valueName":"search_term_string"}}],"inLanguage":"en-US"},{"@type":"Organization","@id":"https:\/\/schweizversand.ch\/en\/#organization","name":"Schweizversand.ch","url":"https:\/\/schweizversand.ch\/en\/","logo":{"@type":"ImageObject","inLanguage":"en-US","@id":"https:\/\/schweizversand.ch\/en\/#\/schema\/logo\/image\/","url":"https:\/\/schweizversand.ch\/wp-content\/uploads\/2026\/03\/Logo_Rund_Final-1.png","contentUrl":"https:\/\/schweizversand.ch\/wp-content\/uploads\/2026\/03\/Logo_Rund_Final-1.png","width":404,"height":404,"caption":"Schweizversand.ch"},"image":{"@id":"https:\/\/schweizversand.ch\/en\/#\/schema\/logo\/image\/"},"sameAs":["https:\/\/www.facebook.com\/Schweizversand","https:\/\/www.instagram.com\/schweizversand.ch\/"]}]}},"jetpack_sharing_enabled":true,"_links":{"self":[{"href":"https:\/\/schweizversand.ch\/en\/wp-json\/wp\/v2\/product\/259570","targetHints":{"allow":["GET"]}}],"collection":[{"href":"https:\/\/schweizversand.ch\/en\/wp-json\/wp\/v2\/product"}],"about":[{"href":"https:\/\/schweizversand.ch\/en\/wp-json\/wp\/v2\/types\/product"}],"replies":[{"embeddable":true,"href":"https:\/\/schweizversand.ch\/en\/wp-json\/wp\/v2\/comments?post=259570"}],"wp:featuredmedia":[{"embeddable":true,"href":"https:\/\/schweizversand.ch\/en\/wp-json\/wp\/v2\/media\/162916"}],"wp:attachment":[{"href":"https:\/\/schweizversand.ch\/en\/wp-json\/wp\/v2\/media?parent=259570"}],"wp:term":[{"taxonomy":"product_brand","embeddable":true,"href":"https:\/\/schweizversand.ch\/en\/wp-json\/wp\/v2\/product_brand?post=259570"},{"taxonomy":"product_cat","embeddable":true,"href":"https:\/\/schweizversand.ch\/en\/wp-json\/wp\/v2\/product_cat?post=259570"},{"taxonomy":"product_tag","embeddable":true,"href":"https:\/\/schweizversand.ch\/en\/wp-json\/wp\/v2\/product_tag?post=259570"}],"curies":[{"name":"wp","href":"https:\/\/api.w.org\/{rel}","templated":true}]}}