{"id":259572,"date":"2026-03-15T00:56:36","date_gmt":"2026-03-14T23:56:36","guid":{"rendered":"https:\/\/schweizversand.ch\/produkt\/trespass-tick-remover-zeckenentferner\/"},"modified":"2026-04-19T02:02:16","modified_gmt":"2026-04-19T00:02:16","slug":"trespass-tick-remover-zeckenentferner","status":"publish","type":"product","link":"https:\/\/schweizversand.ch\/en\/produkt\/trespass-tick-remover-zeckenentferner\/","title":{"rendered":"Trespass TICK REMOVER &#8211; Tick Remover"},"content":{"rendered":"<p>Get rid of ticks with our tick remover. This tool, available in two sizes, will remove those pesky ticks from both people and pets, so you never have to see them again.<\/p>\n<p>Tick Remover Tool<\/p>\n<p>Works on People and Pets<\/p>\n<p>2 Pieces, 2 Sizes<\/p>\n","protected":false},"excerpt":{"rendered":"<p>Trespass TICK REMOVER entfernt Zecken sicher und schnell von Menschen und Haustieren. Zwei praktische Gr\u00f6\u00dfen im Set sorgen f\u00fcr effektiven Schutz jederzeit und \u00fcberall.<\/p>\n","protected":false},"featured_media":163021,"comment_status":"open","ping_status":"closed","template":"","meta":[],"product_brand":[],"product_cat":[38768],"product_tag":[],"class_list":{"0":"post-259572","1":"product","2":"type-product","3":"status-publish","4":"has-post-thumbnail","6":"product_cat-diverses-zubehoer","7":"product_shipping_class-global_methods","9":"first","10":"instock","11":"taxable","12":"shipping-taxable","13":"purchasable","14":"product-type-simple"},"yoast_head":"<!-- This site is optimized with the Yoast SEO plugin v27.4 - https:\/\/yoast.com\/product\/yoast-seo-wordpress\/ -->\n<title>Trespass TICK REMOVER - Zeckenentferner<\/title>\n<meta name=\"description\" content=\"Vertreiben Sie die Zecken mit unserem Zeckenentferner. Mit diesem Werkzeug, das in zwei Gr\u00f6\u00dfen erh\u00e4ltlich ist, werden Sie die l\u00e4stigen Zecken von Menschen und H\" \/>\n<meta name=\"robots\" content=\"index, follow, max-snippet:-1, max-image-preview:large, max-video-preview:-1\" \/>\n<link rel=\"canonical\" href=\"https:\/\/schweizversand.ch\/en\/produkt\/trespass-tick-remover-zeckenentferner\/\" \/>\n<meta property=\"og:locale\" content=\"en_US\" \/>\n<meta property=\"og:type\" content=\"article\" \/>\n<meta property=\"og:title\" content=\"Trespass TICK REMOVER - Zeckenentferner\" \/>\n<meta property=\"og:description\" content=\"Vertreiben Sie die Zecken mit unserem Zeckenentferner. Mit diesem Werkzeug, das in zwei Gr\u00f6\u00dfen erh\u00e4ltlich ist, werden Sie die l\u00e4stigen Zecken von Menschen und H\" \/>\n<meta property=\"og:url\" content=\"https:\/\/schweizversand.ch\/en\/produkt\/trespass-tick-remover-zeckenentferner\/\" \/>\n<meta property=\"og:site_name\" content=\"Schweizer Shop f\u00fcr Sport, Spiel und Freizeit\" \/>\n<meta property=\"article:publisher\" content=\"https:\/\/www.facebook.com\/Schweizversand\" \/>\n<meta property=\"article:modified_time\" content=\"2026-04-19T00:02:16+00:00\" \/>\n<meta property=\"og:image\" content=\"https:\/\/schweizversand.ch\/wp-content\/uploads\/2026\/02\/5471611712.jpg\" \/>\n\t<meta property=\"og:image:width\" content=\"1024\" \/>\n\t<meta property=\"og:image:height\" content=\"1024\" \/>\n\t<meta property=\"og:image:type\" content=\"image\/jpeg\" \/>\n<meta name=\"twitter:card\" content=\"summary_large_image\" \/>\n<script type=\"application\/ld+json\" class=\"yoast-schema-graph\">{\"@context\":\"https:\\\/\\\/schema.org\",\"@graph\":[{\"@type\":\"WebPage\",\"@id\":\"https:\\\/\\\/schweizversand.ch\\\/en\\\/produkt\\\/trespass-tick-remover-zeckenentferner\\\/\",\"url\":\"https:\\\/\\\/schweizversand.ch\\\/en\\\/produkt\\\/trespass-tick-remover-zeckenentferner\\\/\",\"name\":\"Trespass TICK REMOVER - Zeckenentferner\",\"isPartOf\":{\"@id\":\"https:\\\/\\\/schweizversand.ch\\\/en\\\/#website\"},\"primaryImageOfPage\":{\"@id\":\"https:\\\/\\\/schweizversand.ch\\\/en\\\/produkt\\\/trespass-tick-remover-zeckenentferner\\\/#primaryimage\"},\"image\":{\"@id\":\"https:\\\/\\\/schweizversand.ch\\\/en\\\/produkt\\\/trespass-tick-remover-zeckenentferner\\\/#primaryimage\"},\"thumbnailUrl\":\"https:\\\/\\\/schweizversand.ch\\\/wp-content\\\/uploads\\\/2026\\\/02\\\/5471611712.jpg\",\"datePublished\":\"2026-03-14T23:56:36+00:00\",\"dateModified\":\"2026-04-19T00:02:16+00:00\",\"description\":\"Vertreiben Sie die Zecken mit unserem Zeckenentferner. Mit diesem Werkzeug, das in zwei Gr\u00f6\u00dfen erh\u00e4ltlich ist, werden Sie die l\u00e4stigen Zecken von Menschen und H\",\"breadcrumb\":{\"@id\":\"https:\\\/\\\/schweizversand.ch\\\/en\\\/produkt\\\/trespass-tick-remover-zeckenentferner\\\/#breadcrumb\"},\"inLanguage\":\"en-US\",\"potentialAction\":[{\"@type\":\"ReadAction\",\"target\":[\"https:\\\/\\\/schweizversand.ch\\\/en\\\/produkt\\\/trespass-tick-remover-zeckenentferner\\\/\"]}]},{\"@type\":\"ImageObject\",\"inLanguage\":\"en-US\",\"@id\":\"https:\\\/\\\/schweizversand.ch\\\/en\\\/produkt\\\/trespass-tick-remover-zeckenentferner\\\/#primaryimage\",\"url\":\"https:\\\/\\\/schweizversand.ch\\\/wp-content\\\/uploads\\\/2026\\\/02\\\/5471611712.jpg\",\"contentUrl\":\"https:\\\/\\\/schweizversand.ch\\\/wp-content\\\/uploads\\\/2026\\\/02\\\/5471611712.jpg\",\"width\":1024,\"height\":1024},{\"@type\":\"BreadcrumbList\",\"@id\":\"https:\\\/\\\/schweizversand.ch\\\/en\\\/produkt\\\/trespass-tick-remover-zeckenentferner\\\/#breadcrumb\",\"itemListElement\":[{\"@type\":\"ListItem\",\"position\":1,\"name\":\"Startseite\",\"item\":\"https:\\\/\\\/schweizversand.ch\\\/en\\\/\"},{\"@type\":\"ListItem\",\"position\":2,\"name\":\"Shop\",\"item\":\"https:\\\/\\\/schweizversand.ch\\\/en\\\/shop\\\/\"},{\"@type\":\"ListItem\",\"position\":3,\"name\":\"Pet supplies\",\"item\":\"https:\\\/\\\/schweizversand.ch\\\/en\\\/produkt-kategorie\\\/pet-supplies\\\/\"},{\"@type\":\"ListItem\",\"position\":4,\"name\":\"Dog\",\"item\":\"https:\\\/\\\/schweizversand.ch\\\/en\\\/produkt-kategorie\\\/pet-supplies\\\/dog\\\/\"},{\"@type\":\"ListItem\",\"position\":5,\"name\":\"Miscellaneous &amp; Accessories\",\"item\":\"https:\\\/\\\/schweizversand.ch\\\/en\\\/produkt-kategorie\\\/pet-supplies\\\/dog\\\/diverses-zubehoer\\\/\"},{\"@type\":\"ListItem\",\"position\":6,\"name\":\"Trespass TICK REMOVER &#8211; Tick Remover\"}]},{\"@type\":\"WebSite\",\"@id\":\"https:\\\/\\\/schweizversand.ch\\\/en\\\/#website\",\"url\":\"https:\\\/\\\/schweizversand.ch\\\/en\\\/\",\"name\":\"Schweizer Shop f\u00fcr Sport, Spiel und Freizeit\",\"description\":\"Gratisversand ab 50.- (netto), ab eigenem schweizer Lager, Lieferung innert 48h\",\"publisher\":{\"@id\":\"https:\\\/\\\/schweizversand.ch\\\/en\\\/#organization\"},\"alternateName\":\"Schweizversand.ch\",\"potentialAction\":[{\"@type\":\"SearchAction\",\"target\":{\"@type\":\"EntryPoint\",\"urlTemplate\":\"https:\\\/\\\/schweizversand.ch\\\/en\\\/?s={search_term_string}\"},\"query-input\":{\"@type\":\"PropertyValueSpecification\",\"valueRequired\":true,\"valueName\":\"search_term_string\"}}],\"inLanguage\":\"en-US\"},{\"@type\":\"Organization\",\"@id\":\"https:\\\/\\\/schweizversand.ch\\\/en\\\/#organization\",\"name\":\"Schweizversand.ch\",\"url\":\"https:\\\/\\\/schweizversand.ch\\\/en\\\/\",\"logo\":{\"@type\":\"ImageObject\",\"inLanguage\":\"en-US\",\"@id\":\"https:\\\/\\\/schweizversand.ch\\\/en\\\/#\\\/schema\\\/logo\\\/image\\\/\",\"url\":\"https:\\\/\\\/schweizversand.ch\\\/wp-content\\\/uploads\\\/2026\\\/03\\\/Logo_Rund_Final-1.png\",\"contentUrl\":\"https:\\\/\\\/schweizversand.ch\\\/wp-content\\\/uploads\\\/2026\\\/03\\\/Logo_Rund_Final-1.png\",\"width\":404,\"height\":404,\"caption\":\"Schweizversand.ch\"},\"image\":{\"@id\":\"https:\\\/\\\/schweizversand.ch\\\/en\\\/#\\\/schema\\\/logo\\\/image\\\/\"},\"sameAs\":[\"https:\\\/\\\/www.facebook.com\\\/Schweizversand\",\"https:\\\/\\\/www.instagram.com\\\/schweizversand.ch\\\/\"]}]}<\/script>\n<!-- \/ Yoast SEO plugin. -->","yoast_head_json":{"title":"Trespass TICK REMOVER - Zeckenentferner","description":"Vertreiben Sie die Zecken mit unserem Zeckenentferner. Mit diesem Werkzeug, das in zwei Gr\u00f6\u00dfen erh\u00e4ltlich ist, werden Sie die l\u00e4stigen Zecken von Menschen und H","robots":{"index":"index","follow":"follow","max-snippet":"max-snippet:-1","max-image-preview":"max-image-preview:large","max-video-preview":"max-video-preview:-1"},"canonical":"https:\/\/schweizversand.ch\/en\/produkt\/trespass-tick-remover-zeckenentferner\/","og_locale":"en_US","og_type":"article","og_title":"Trespass TICK REMOVER - Zeckenentferner","og_description":"Vertreiben Sie die Zecken mit unserem Zeckenentferner. Mit diesem Werkzeug, das in zwei Gr\u00f6\u00dfen erh\u00e4ltlich ist, werden Sie die l\u00e4stigen Zecken von Menschen und H","og_url":"https:\/\/schweizversand.ch\/en\/produkt\/trespass-tick-remover-zeckenentferner\/","og_site_name":"Schweizer Shop f\u00fcr Sport, Spiel und Freizeit","article_publisher":"https:\/\/www.facebook.com\/Schweizversand","article_modified_time":"2026-04-19T00:02:16+00:00","og_image":[{"width":1024,"height":1024,"url":"https:\/\/schweizversand.ch\/wp-content\/uploads\/2026\/02\/5471611712.jpg","type":"image\/jpeg"}],"twitter_card":"summary_large_image","schema":{"@context":"https:\/\/schema.org","@graph":[{"@type":"WebPage","@id":"https:\/\/schweizversand.ch\/en\/produkt\/trespass-tick-remover-zeckenentferner\/","url":"https:\/\/schweizversand.ch\/en\/produkt\/trespass-tick-remover-zeckenentferner\/","name":"Trespass TICK REMOVER - Zeckenentferner","isPartOf":{"@id":"https:\/\/schweizversand.ch\/en\/#website"},"primaryImageOfPage":{"@id":"https:\/\/schweizversand.ch\/en\/produkt\/trespass-tick-remover-zeckenentferner\/#primaryimage"},"image":{"@id":"https:\/\/schweizversand.ch\/en\/produkt\/trespass-tick-remover-zeckenentferner\/#primaryimage"},"thumbnailUrl":"https:\/\/schweizversand.ch\/wp-content\/uploads\/2026\/02\/5471611712.jpg","datePublished":"2026-03-14T23:56:36+00:00","dateModified":"2026-04-19T00:02:16+00:00","description":"Vertreiben Sie die Zecken mit unserem Zeckenentferner. Mit diesem Werkzeug, das in zwei Gr\u00f6\u00dfen erh\u00e4ltlich ist, werden Sie die l\u00e4stigen Zecken von Menschen und H","breadcrumb":{"@id":"https:\/\/schweizversand.ch\/en\/produkt\/trespass-tick-remover-zeckenentferner\/#breadcrumb"},"inLanguage":"en-US","potentialAction":[{"@type":"ReadAction","target":["https:\/\/schweizversand.ch\/en\/produkt\/trespass-tick-remover-zeckenentferner\/"]}]},{"@type":"ImageObject","inLanguage":"en-US","@id":"https:\/\/schweizversand.ch\/en\/produkt\/trespass-tick-remover-zeckenentferner\/#primaryimage","url":"https:\/\/schweizversand.ch\/wp-content\/uploads\/2026\/02\/5471611712.jpg","contentUrl":"https:\/\/schweizversand.ch\/wp-content\/uploads\/2026\/02\/5471611712.jpg","width":1024,"height":1024},{"@type":"BreadcrumbList","@id":"https:\/\/schweizversand.ch\/en\/produkt\/trespass-tick-remover-zeckenentferner\/#breadcrumb","itemListElement":[{"@type":"ListItem","position":1,"name":"Startseite","item":"https:\/\/schweizversand.ch\/en\/"},{"@type":"ListItem","position":2,"name":"Shop","item":"https:\/\/schweizversand.ch\/en\/shop\/"},{"@type":"ListItem","position":3,"name":"Pet supplies","item":"https:\/\/schweizversand.ch\/en\/produkt-kategorie\/pet-supplies\/"},{"@type":"ListItem","position":4,"name":"Dog","item":"https:\/\/schweizversand.ch\/en\/produkt-kategorie\/pet-supplies\/dog\/"},{"@type":"ListItem","position":5,"name":"Miscellaneous &amp; Accessories","item":"https:\/\/schweizversand.ch\/en\/produkt-kategorie\/pet-supplies\/dog\/diverses-zubehoer\/"},{"@type":"ListItem","position":6,"name":"Trespass TICK REMOVER &#8211; Tick Remover"}]},{"@type":"WebSite","@id":"https:\/\/schweizversand.ch\/en\/#website","url":"https:\/\/schweizversand.ch\/en\/","name":"Schweizer Shop f\u00fcr Sport, Spiel und Freizeit","description":"Gratisversand ab 50.- (netto), ab eigenem schweizer Lager, Lieferung innert 48h","publisher":{"@id":"https:\/\/schweizversand.ch\/en\/#organization"},"alternateName":"Schweizversand.ch","potentialAction":[{"@type":"SearchAction","target":{"@type":"EntryPoint","urlTemplate":"https:\/\/schweizversand.ch\/en\/?s={search_term_string}"},"query-input":{"@type":"PropertyValueSpecification","valueRequired":true,"valueName":"search_term_string"}}],"inLanguage":"en-US"},{"@type":"Organization","@id":"https:\/\/schweizversand.ch\/en\/#organization","name":"Schweizversand.ch","url":"https:\/\/schweizversand.ch\/en\/","logo":{"@type":"ImageObject","inLanguage":"en-US","@id":"https:\/\/schweizversand.ch\/en\/#\/schema\/logo\/image\/","url":"https:\/\/schweizversand.ch\/wp-content\/uploads\/2026\/03\/Logo_Rund_Final-1.png","contentUrl":"https:\/\/schweizversand.ch\/wp-content\/uploads\/2026\/03\/Logo_Rund_Final-1.png","width":404,"height":404,"caption":"Schweizversand.ch"},"image":{"@id":"https:\/\/schweizversand.ch\/en\/#\/schema\/logo\/image\/"},"sameAs":["https:\/\/www.facebook.com\/Schweizversand","https:\/\/www.instagram.com\/schweizversand.ch\/"]}]}},"jetpack_sharing_enabled":true,"_links":{"self":[{"href":"https:\/\/schweizversand.ch\/en\/wp-json\/wp\/v2\/product\/259572","targetHints":{"allow":["GET"]}}],"collection":[{"href":"https:\/\/schweizversand.ch\/en\/wp-json\/wp\/v2\/product"}],"about":[{"href":"https:\/\/schweizversand.ch\/en\/wp-json\/wp\/v2\/types\/product"}],"replies":[{"embeddable":true,"href":"https:\/\/schweizversand.ch\/en\/wp-json\/wp\/v2\/comments?post=259572"}],"wp:featuredmedia":[{"embeddable":true,"href":"https:\/\/schweizversand.ch\/en\/wp-json\/wp\/v2\/media\/163021"}],"wp:attachment":[{"href":"https:\/\/schweizversand.ch\/en\/wp-json\/wp\/v2\/media?parent=259572"}],"wp:term":[{"taxonomy":"product_brand","embeddable":true,"href":"https:\/\/schweizversand.ch\/en\/wp-json\/wp\/v2\/product_brand?post=259572"},{"taxonomy":"product_cat","embeddable":true,"href":"https:\/\/schweizversand.ch\/en\/wp-json\/wp\/v2\/product_cat?post=259572"},{"taxonomy":"product_tag","embeddable":true,"href":"https:\/\/schweizversand.ch\/en\/wp-json\/wp\/v2\/product_tag?post=259572"}],"curies":[{"name":"wp","href":"https:\/\/api.w.org\/{rel}","templated":true}]}}