{"id":259581,"date":"2026-03-20T02:01:08","date_gmt":"2026-03-20T01:01:08","guid":{"rendered":"https:\/\/schweizversand.ch\/produkt\/trespass-pool-party-handyhuelle-wasserdicht\/"},"modified":"2026-04-19T15:33:43","modified_gmt":"2026-04-19T13:33:43","slug":"trespass-pool-party-handyhuelle-wasserdicht","status":"publish","type":"product","link":"https:\/\/schweizversand.ch\/en\/produkt\/trespass-pool-party-handyhuelle-wasserdicht\/","title":{"rendered":"Trespass POOL PARTY &#8211; Waterproof Phone Case"},"content":{"rendered":"<p>The POOLPARTY case is a waterproof and dustproof bag designed to protect sensitive items such as electronic devices, documents, or personal belongings from the elements. This bag can be useful in various situations, such as hiking, traveling, at the beach, or during outdoor activities.<\/p>\n<p>1. The bag features a secure closure mechanism that prevents water, dust, or other particles from entering.<\/p>\n<p>2. A lanyard is attached to the case for easy carrying around the neck or over the shoulder. This provides convenience and freedom, allowing you to keep your hands free for other activities while the bag is securely attached to your body.<\/p>\n<p>3. The PVC (polyvinyl chloride) material is generally waterproof and is often used for waterproof bags and cases. <\/p>\n<p>The Trespass &#8220;Pool Party&#8221; case measures approximately 175 \u00d7 110 mm (about 6.9 \u00d7 4.3 inches) and, according to the manufacturer, is therefore suitable for most smartphones.<\/p>\n<p>Which phones fit specifically?<\/p>\n<p>Current smartphone sizes (e.g., iPhone 15 Pro Max, Samsung Galaxy S24 Ultra) are usually smaller than these dimensions:<\/p>\n<p>iPhone 15 Pro Max: approx. 160.8 \u00d7 78.1 mm<br \/>\n<br \/>Galaxy S24 Ultra: approx. 162 \u00d7 80 mm<\/p>\n<p>Both fit well in the case.<\/p>\n<p>Even older and more compact models like the iPhone 14, iPhone 12 mini, Samsung A-series, Google Pixel, etc., fit without any problems.<\/p>\n","protected":false},"excerpt":{"rendered":"<p>Trespass POOL PARTY sch\u00fctzt Ihr Handy wasserdicht und staubdicht. Mit sicherem Verschluss und praktischem Umh\u00e4ngeband ideal f\u00fcr Outdoor, Strand und Reisen.<\/p>\n","protected":false},"featured_media":163063,"comment_status":"open","ping_status":"closed","template":"","meta":[],"product_brand":[],"product_cat":[39042],"product_tag":[],"class_list":{"0":"post-259581","1":"product","2":"type-product","3":"status-publish","4":"has-post-thumbnail","6":"product_cat-miscellaneous","7":"product_shipping_class-global_methods","9":"first","10":"instock","11":"taxable","12":"shipping-taxable","13":"purchasable","14":"product-type-simple"},"yoast_head":"<!-- This site is optimized with the Yoast SEO plugin v27.4 - https:\/\/yoast.com\/product\/yoast-seo-wordpress\/ -->\n<title>Trespass POOL PARTY - Handyh\u00fclle Wasserdicht<\/title>\n<meta name=\"description\" content=\"Bei der POOLPARTY H\u00fclle handelt es sich um eine wasserdichte und staubdichte Tasche, die entwickelt wurde, um empfindliche Gegenst\u00e4nde wie elektronische Ger\u00e4te,\" \/>\n<meta name=\"robots\" content=\"index, follow, max-snippet:-1, max-image-preview:large, max-video-preview:-1\" \/>\n<link rel=\"canonical\" href=\"https:\/\/schweizversand.ch\/en\/produkt\/trespass-pool-party-handyhuelle-wasserdicht\/\" \/>\n<meta property=\"og:locale\" content=\"en_US\" \/>\n<meta property=\"og:type\" content=\"article\" \/>\n<meta property=\"og:title\" content=\"Trespass POOL PARTY - Handyh\u00fclle Wasserdicht\" \/>\n<meta property=\"og:description\" content=\"Bei der POOLPARTY H\u00fclle handelt es sich um eine wasserdichte und staubdichte Tasche, die entwickelt wurde, um empfindliche Gegenst\u00e4nde wie elektronische Ger\u00e4te,\" \/>\n<meta property=\"og:url\" content=\"https:\/\/schweizversand.ch\/en\/produkt\/trespass-pool-party-handyhuelle-wasserdicht\/\" \/>\n<meta property=\"og:site_name\" content=\"Schweizer Shop f\u00fcr Sport, Spiel und Freizeit\" \/>\n<meta property=\"article:publisher\" content=\"https:\/\/www.facebook.com\/Schweizversand\" \/>\n<meta property=\"article:modified_time\" content=\"2026-04-19T13:33:43+00:00\" \/>\n<meta property=\"og:image\" content=\"https:\/\/schweizversand.ch\/wp-content\/uploads\/2026\/02\/5471517014.jpg\" \/>\n\t<meta property=\"og:image:width\" content=\"795\" \/>\n\t<meta property=\"og:image:height\" content=\"1024\" \/>\n\t<meta property=\"og:image:type\" content=\"image\/jpeg\" \/>\n<meta name=\"twitter:card\" content=\"summary_large_image\" \/>\n<meta name=\"twitter:label1\" content=\"Est. reading time\" \/>\n\t<meta name=\"twitter:data1\" content=\"1 minute\" \/>\n<script type=\"application\/ld+json\" class=\"yoast-schema-graph\">{\"@context\":\"https:\\\/\\\/schema.org\",\"@graph\":[{\"@type\":\"WebPage\",\"@id\":\"https:\\\/\\\/schweizversand.ch\\\/en\\\/produkt\\\/trespass-pool-party-handyhuelle-wasserdicht\\\/\",\"url\":\"https:\\\/\\\/schweizversand.ch\\\/en\\\/produkt\\\/trespass-pool-party-handyhuelle-wasserdicht\\\/\",\"name\":\"Trespass POOL PARTY - Handyh\u00fclle Wasserdicht\",\"isPartOf\":{\"@id\":\"https:\\\/\\\/schweizversand.ch\\\/en\\\/#website\"},\"primaryImageOfPage\":{\"@id\":\"https:\\\/\\\/schweizversand.ch\\\/en\\\/produkt\\\/trespass-pool-party-handyhuelle-wasserdicht\\\/#primaryimage\"},\"image\":{\"@id\":\"https:\\\/\\\/schweizversand.ch\\\/en\\\/produkt\\\/trespass-pool-party-handyhuelle-wasserdicht\\\/#primaryimage\"},\"thumbnailUrl\":\"https:\\\/\\\/schweizversand.ch\\\/wp-content\\\/uploads\\\/2026\\\/02\\\/5471517014.jpg\",\"datePublished\":\"2026-03-20T01:01:08+00:00\",\"dateModified\":\"2026-04-19T13:33:43+00:00\",\"description\":\"Bei der POOLPARTY H\u00fclle handelt es sich um eine wasserdichte und staubdichte Tasche, die entwickelt wurde, um empfindliche Gegenst\u00e4nde wie elektronische Ger\u00e4te,\",\"breadcrumb\":{\"@id\":\"https:\\\/\\\/schweizversand.ch\\\/en\\\/produkt\\\/trespass-pool-party-handyhuelle-wasserdicht\\\/#breadcrumb\"},\"inLanguage\":\"en-US\",\"potentialAction\":[{\"@type\":\"ReadAction\",\"target\":[\"https:\\\/\\\/schweizversand.ch\\\/en\\\/produkt\\\/trespass-pool-party-handyhuelle-wasserdicht\\\/\"]}]},{\"@type\":\"ImageObject\",\"inLanguage\":\"en-US\",\"@id\":\"https:\\\/\\\/schweizversand.ch\\\/en\\\/produkt\\\/trespass-pool-party-handyhuelle-wasserdicht\\\/#primaryimage\",\"url\":\"https:\\\/\\\/schweizversand.ch\\\/wp-content\\\/uploads\\\/2026\\\/02\\\/5471517014.jpg\",\"contentUrl\":\"https:\\\/\\\/schweizversand.ch\\\/wp-content\\\/uploads\\\/2026\\\/02\\\/5471517014.jpg\",\"width\":795,\"height\":1024},{\"@type\":\"BreadcrumbList\",\"@id\":\"https:\\\/\\\/schweizversand.ch\\\/en\\\/produkt\\\/trespass-pool-party-handyhuelle-wasserdicht\\\/#breadcrumb\",\"itemListElement\":[{\"@type\":\"ListItem\",\"position\":1,\"name\":\"Startseite\",\"item\":\"https:\\\/\\\/schweizversand.ch\\\/en\\\/\"},{\"@type\":\"ListItem\",\"position\":2,\"name\":\"Shop\",\"item\":\"https:\\\/\\\/schweizversand.ch\\\/en\\\/shop\\\/\"},{\"@type\":\"ListItem\",\"position\":3,\"name\":\"Sports\",\"item\":\"https:\\\/\\\/schweizversand.ch\\\/en\\\/produkt-kategorie\\\/sports\\\/\"},{\"@type\":\"ListItem\",\"position\":4,\"name\":\"Water sports\",\"item\":\"https:\\\/\\\/schweizversand.ch\\\/en\\\/produkt-kategorie\\\/sports\\\/water-sports\\\/\"},{\"@type\":\"ListItem\",\"position\":5,\"name\":\"Miscellaneous\",\"item\":\"https:\\\/\\\/schweizversand.ch\\\/en\\\/produkt-kategorie\\\/sports\\\/water-sports\\\/miscellaneous\\\/\"},{\"@type\":\"ListItem\",\"position\":6,\"name\":\"Trespass POOL PARTY &#8211; Waterproof Phone Case\"}]},{\"@type\":\"WebSite\",\"@id\":\"https:\\\/\\\/schweizversand.ch\\\/en\\\/#website\",\"url\":\"https:\\\/\\\/schweizversand.ch\\\/en\\\/\",\"name\":\"Schweizer Shop f\u00fcr Sport, Spiel und Freizeit\",\"description\":\"Gratisversand ab 50.- (netto), ab eigenem schweizer Lager, Lieferung innert 48h\",\"publisher\":{\"@id\":\"https:\\\/\\\/schweizversand.ch\\\/en\\\/#organization\"},\"alternateName\":\"Schweizversand.ch\",\"potentialAction\":[{\"@type\":\"SearchAction\",\"target\":{\"@type\":\"EntryPoint\",\"urlTemplate\":\"https:\\\/\\\/schweizversand.ch\\\/en\\\/?s={search_term_string}\"},\"query-input\":{\"@type\":\"PropertyValueSpecification\",\"valueRequired\":true,\"valueName\":\"search_term_string\"}}],\"inLanguage\":\"en-US\"},{\"@type\":\"Organization\",\"@id\":\"https:\\\/\\\/schweizversand.ch\\\/en\\\/#organization\",\"name\":\"Schweizversand.ch\",\"url\":\"https:\\\/\\\/schweizversand.ch\\\/en\\\/\",\"logo\":{\"@type\":\"ImageObject\",\"inLanguage\":\"en-US\",\"@id\":\"https:\\\/\\\/schweizversand.ch\\\/en\\\/#\\\/schema\\\/logo\\\/image\\\/\",\"url\":\"https:\\\/\\\/schweizversand.ch\\\/wp-content\\\/uploads\\\/2026\\\/03\\\/Logo_Rund_Final-1.png\",\"contentUrl\":\"https:\\\/\\\/schweizversand.ch\\\/wp-content\\\/uploads\\\/2026\\\/03\\\/Logo_Rund_Final-1.png\",\"width\":404,\"height\":404,\"caption\":\"Schweizversand.ch\"},\"image\":{\"@id\":\"https:\\\/\\\/schweizversand.ch\\\/en\\\/#\\\/schema\\\/logo\\\/image\\\/\"},\"sameAs\":[\"https:\\\/\\\/www.facebook.com\\\/Schweizversand\",\"https:\\\/\\\/www.instagram.com\\\/schweizversand.ch\\\/\"]}]}<\/script>\n<!-- \/ Yoast SEO plugin. -->","yoast_head_json":{"title":"Trespass POOL PARTY - Handyh\u00fclle Wasserdicht","description":"Bei der POOLPARTY H\u00fclle handelt es sich um eine wasserdichte und staubdichte Tasche, die entwickelt wurde, um empfindliche Gegenst\u00e4nde wie elektronische Ger\u00e4te,","robots":{"index":"index","follow":"follow","max-snippet":"max-snippet:-1","max-image-preview":"max-image-preview:large","max-video-preview":"max-video-preview:-1"},"canonical":"https:\/\/schweizversand.ch\/en\/produkt\/trespass-pool-party-handyhuelle-wasserdicht\/","og_locale":"en_US","og_type":"article","og_title":"Trespass POOL PARTY - Handyh\u00fclle Wasserdicht","og_description":"Bei der POOLPARTY H\u00fclle handelt es sich um eine wasserdichte und staubdichte Tasche, die entwickelt wurde, um empfindliche Gegenst\u00e4nde wie elektronische Ger\u00e4te,","og_url":"https:\/\/schweizversand.ch\/en\/produkt\/trespass-pool-party-handyhuelle-wasserdicht\/","og_site_name":"Schweizer Shop f\u00fcr Sport, Spiel und Freizeit","article_publisher":"https:\/\/www.facebook.com\/Schweizversand","article_modified_time":"2026-04-19T13:33:43+00:00","og_image":[{"width":795,"height":1024,"url":"https:\/\/schweizversand.ch\/wp-content\/uploads\/2026\/02\/5471517014.jpg","type":"image\/jpeg"}],"twitter_card":"summary_large_image","twitter_misc":{"Est. reading time":"1 minute"},"schema":{"@context":"https:\/\/schema.org","@graph":[{"@type":"WebPage","@id":"https:\/\/schweizversand.ch\/en\/produkt\/trespass-pool-party-handyhuelle-wasserdicht\/","url":"https:\/\/schweizversand.ch\/en\/produkt\/trespass-pool-party-handyhuelle-wasserdicht\/","name":"Trespass POOL PARTY - Handyh\u00fclle Wasserdicht","isPartOf":{"@id":"https:\/\/schweizversand.ch\/en\/#website"},"primaryImageOfPage":{"@id":"https:\/\/schweizversand.ch\/en\/produkt\/trespass-pool-party-handyhuelle-wasserdicht\/#primaryimage"},"image":{"@id":"https:\/\/schweizversand.ch\/en\/produkt\/trespass-pool-party-handyhuelle-wasserdicht\/#primaryimage"},"thumbnailUrl":"https:\/\/schweizversand.ch\/wp-content\/uploads\/2026\/02\/5471517014.jpg","datePublished":"2026-03-20T01:01:08+00:00","dateModified":"2026-04-19T13:33:43+00:00","description":"Bei der POOLPARTY H\u00fclle handelt es sich um eine wasserdichte und staubdichte Tasche, die entwickelt wurde, um empfindliche Gegenst\u00e4nde wie elektronische Ger\u00e4te,","breadcrumb":{"@id":"https:\/\/schweizversand.ch\/en\/produkt\/trespass-pool-party-handyhuelle-wasserdicht\/#breadcrumb"},"inLanguage":"en-US","potentialAction":[{"@type":"ReadAction","target":["https:\/\/schweizversand.ch\/en\/produkt\/trespass-pool-party-handyhuelle-wasserdicht\/"]}]},{"@type":"ImageObject","inLanguage":"en-US","@id":"https:\/\/schweizversand.ch\/en\/produkt\/trespass-pool-party-handyhuelle-wasserdicht\/#primaryimage","url":"https:\/\/schweizversand.ch\/wp-content\/uploads\/2026\/02\/5471517014.jpg","contentUrl":"https:\/\/schweizversand.ch\/wp-content\/uploads\/2026\/02\/5471517014.jpg","width":795,"height":1024},{"@type":"BreadcrumbList","@id":"https:\/\/schweizversand.ch\/en\/produkt\/trespass-pool-party-handyhuelle-wasserdicht\/#breadcrumb","itemListElement":[{"@type":"ListItem","position":1,"name":"Startseite","item":"https:\/\/schweizversand.ch\/en\/"},{"@type":"ListItem","position":2,"name":"Shop","item":"https:\/\/schweizversand.ch\/en\/shop\/"},{"@type":"ListItem","position":3,"name":"Sports","item":"https:\/\/schweizversand.ch\/en\/produkt-kategorie\/sports\/"},{"@type":"ListItem","position":4,"name":"Water sports","item":"https:\/\/schweizversand.ch\/en\/produkt-kategorie\/sports\/water-sports\/"},{"@type":"ListItem","position":5,"name":"Miscellaneous","item":"https:\/\/schweizversand.ch\/en\/produkt-kategorie\/sports\/water-sports\/miscellaneous\/"},{"@type":"ListItem","position":6,"name":"Trespass POOL PARTY &#8211; Waterproof Phone Case"}]},{"@type":"WebSite","@id":"https:\/\/schweizversand.ch\/en\/#website","url":"https:\/\/schweizversand.ch\/en\/","name":"Schweizer Shop f\u00fcr Sport, Spiel und Freizeit","description":"Gratisversand ab 50.- (netto), ab eigenem schweizer Lager, Lieferung innert 48h","publisher":{"@id":"https:\/\/schweizversand.ch\/en\/#organization"},"alternateName":"Schweizversand.ch","potentialAction":[{"@type":"SearchAction","target":{"@type":"EntryPoint","urlTemplate":"https:\/\/schweizversand.ch\/en\/?s={search_term_string}"},"query-input":{"@type":"PropertyValueSpecification","valueRequired":true,"valueName":"search_term_string"}}],"inLanguage":"en-US"},{"@type":"Organization","@id":"https:\/\/schweizversand.ch\/en\/#organization","name":"Schweizversand.ch","url":"https:\/\/schweizversand.ch\/en\/","logo":{"@type":"ImageObject","inLanguage":"en-US","@id":"https:\/\/schweizversand.ch\/en\/#\/schema\/logo\/image\/","url":"https:\/\/schweizversand.ch\/wp-content\/uploads\/2026\/03\/Logo_Rund_Final-1.png","contentUrl":"https:\/\/schweizversand.ch\/wp-content\/uploads\/2026\/03\/Logo_Rund_Final-1.png","width":404,"height":404,"caption":"Schweizversand.ch"},"image":{"@id":"https:\/\/schweizversand.ch\/en\/#\/schema\/logo\/image\/"},"sameAs":["https:\/\/www.facebook.com\/Schweizversand","https:\/\/www.instagram.com\/schweizversand.ch\/"]}]}},"jetpack_sharing_enabled":true,"_links":{"self":[{"href":"https:\/\/schweizversand.ch\/en\/wp-json\/wp\/v2\/product\/259581","targetHints":{"allow":["GET"]}}],"collection":[{"href":"https:\/\/schweizversand.ch\/en\/wp-json\/wp\/v2\/product"}],"about":[{"href":"https:\/\/schweizversand.ch\/en\/wp-json\/wp\/v2\/types\/product"}],"replies":[{"embeddable":true,"href":"https:\/\/schweizversand.ch\/en\/wp-json\/wp\/v2\/comments?post=259581"}],"wp:featuredmedia":[{"embeddable":true,"href":"https:\/\/schweizversand.ch\/en\/wp-json\/wp\/v2\/media\/163063"}],"wp:attachment":[{"href":"https:\/\/schweizversand.ch\/en\/wp-json\/wp\/v2\/media?parent=259581"}],"wp:term":[{"taxonomy":"product_brand","embeddable":true,"href":"https:\/\/schweizversand.ch\/en\/wp-json\/wp\/v2\/product_brand?post=259581"},{"taxonomy":"product_cat","embeddable":true,"href":"https:\/\/schweizversand.ch\/en\/wp-json\/wp\/v2\/product_cat?post=259581"},{"taxonomy":"product_tag","embeddable":true,"href":"https:\/\/schweizversand.ch\/en\/wp-json\/wp\/v2\/product_tag?post=259581"}],"curies":[{"name":"wp","href":"https:\/\/api.w.org\/{rel}","templated":true}]}}