{"id":259584,"date":"2026-03-20T02:01:08","date_gmt":"2026-03-20T01:01:08","guid":{"rendered":"https:\/\/schweizversand.ch\/produkt\/trespass-micron-schlafsack\/"},"modified":"2026-04-12T15:32:18","modified_gmt":"2026-04-12T13:32:18","slug":"trespass-micron-schlafsack","status":"publish","type":"product","link":"https:\/\/schweizversand.ch\/en\/produkt\/trespass-micron-schlafsack\/","title":{"rendered":"Trespass MICRON &#8211; Sleeping Bag"},"content":{"rendered":"<p>The Trespass MICRON Sleeping Bag &#8211; Your Summer Companion for Camping Adventures!<\/p>\n<p>The Trespass MICRON sleeping bag is the ideal companion for your summer camping adventures. With its striking, bright red design, it&#8217;s not only functional but also a real eye-catcher.<\/p>\n<p>Key Features of the Trespass MICRON Sleeping Bag:<\/p>\n<p>\u2022 This sleeping bag is specially designed for warmer nights and summer temperatures. The ultra-light microfiber filling ensures comfort without making you feel overheated on warm nights.<\/p>\n<p>\u2022 The sleeping bag has been technically advanced and carefully designed to offer high comfort and ample freedom of movement, allowing you to sleep undisturbed and restful.<\/p>\n<p>\u2022 The sleeping bag is equipped with a two-way zipper, making it easy to get in and out. The included compression sack makes it easy to transport and store the sleeping bag in a space-saving manner.<\/p>\n<p>\u2022 The MICRON sleeping bag offers a comfort temperature of +27\u00b0C, a lower limit of +22\u00b0C, and an extreme temperature of +18\u00b0C. This means it provides a comfortable night&#8217;s sleep in mild temperatures.<\/p>\n<p>\u2022 The outer fabric is made of 100% polyamide, the lining of 65% polyester and 35% cotton, and the filling of 100% polyester. These high-quality materials ensure durability, comfort, and functionality.<\/p>\n<p>\u2022 The Trespass MICRON sleeping bag offers everything you need for a relaxing and restful sleep during your summer camping trips. Whether at the campsite or under the stars, this sleeping bag will reliably accompany you on your adventures. Get ready for unique experiences and comfortable nights in the Trespass MICRON sleeping bag!<\/p>\n","protected":false},"excerpt":{"rendered":"<p>Trespass MICRON \u2013 ultraleichter Sommer-Schlafsack mit atmungsaktiver Mikrofaserf\u00fcllung und 2-Wege-Rei\u00dfverschluss f\u00fcr maximalen Komfort bei warmen N\u00e4chten.<\/p>\n","protected":false},"featured_media":258348,"comment_status":"open","ping_status":"closed","template":"","meta":[],"product_brand":[],"product_cat":[38033],"product_tag":[],"class_list":{"0":"post-259584","1":"product","2":"type-product","3":"status-publish","4":"has-post-thumbnail","6":"product_cat-camping","7":"product_shipping_class-global_methods","9":"first","10":"instock","11":"taxable","12":"shipping-taxable","13":"purchasable","14":"product-type-simple"},"yoast_head":"<!-- This site is optimized with the Yoast SEO plugin v27.3 - https:\/\/yoast.com\/product\/yoast-seo-wordpress\/ -->\n<title>Trespass MICRON - Schlafsack<\/title>\n<meta name=\"description\" content=\"Der Trespass MICRON Schlafsack - Ihr Sommerbegleiter f\u00fcr Campingabenteuer!\u00a0 Der Trespass MICRON Schlafsack ist der ideale Begleiter f\u00fcr Ihre sommerlichen Campi\" \/>\n<meta name=\"robots\" content=\"index, follow, max-snippet:-1, max-image-preview:large, max-video-preview:-1\" \/>\n<link rel=\"canonical\" href=\"https:\/\/schweizversand.ch\/en\/produkt\/trespass-micron-schlafsack\/\" \/>\n<meta property=\"og:locale\" content=\"en_US\" \/>\n<meta property=\"og:type\" content=\"article\" \/>\n<meta property=\"og:title\" content=\"Trespass MICRON - Schlafsack\" \/>\n<meta property=\"og:description\" content=\"Der Trespass MICRON Schlafsack - Ihr Sommerbegleiter f\u00fcr Campingabenteuer!\u00a0 Der Trespass MICRON Schlafsack ist der ideale Begleiter f\u00fcr Ihre sommerlichen Campi\" \/>\n<meta property=\"og:url\" content=\"https:\/\/schweizversand.ch\/en\/produkt\/trespass-micron-schlafsack\/\" \/>\n<meta property=\"og:site_name\" content=\"Schweizer Shop f\u00fcr Sport, Spiel und Freizeit\" \/>\n<meta property=\"article:publisher\" content=\"https:\/\/www.facebook.com\/Schweizversand\" \/>\n<meta property=\"article:modified_time\" content=\"2026-04-12T13:32:18+00:00\" \/>\n<meta property=\"og:image\" content=\"https:\/\/schweizversand.ch\/wp-content\/uploads\/2026\/03\/5471513476.jpg\" \/>\n\t<meta property=\"og:image:width\" content=\"1024\" \/>\n\t<meta property=\"og:image:height\" content=\"1024\" \/>\n\t<meta property=\"og:image:type\" content=\"image\/jpeg\" \/>\n<meta name=\"twitter:card\" content=\"summary_large_image\" \/>\n<meta name=\"twitter:label1\" content=\"Est. reading time\" \/>\n\t<meta name=\"twitter:data1\" content=\"1 minute\" \/>\n<script type=\"application\/ld+json\" class=\"yoast-schema-graph\">{\"@context\":\"https:\\\/\\\/schema.org\",\"@graph\":[{\"@type\":\"WebPage\",\"@id\":\"https:\\\/\\\/schweizversand.ch\\\/en\\\/produkt\\\/trespass-micron-schlafsack\\\/\",\"url\":\"https:\\\/\\\/schweizversand.ch\\\/en\\\/produkt\\\/trespass-micron-schlafsack\\\/\",\"name\":\"Trespass MICRON - Schlafsack\",\"isPartOf\":{\"@id\":\"https:\\\/\\\/schweizversand.ch\\\/en\\\/#website\"},\"primaryImageOfPage\":{\"@id\":\"https:\\\/\\\/schweizversand.ch\\\/en\\\/produkt\\\/trespass-micron-schlafsack\\\/#primaryimage\"},\"image\":{\"@id\":\"https:\\\/\\\/schweizversand.ch\\\/en\\\/produkt\\\/trespass-micron-schlafsack\\\/#primaryimage\"},\"thumbnailUrl\":\"https:\\\/\\\/schweizversand.ch\\\/wp-content\\\/uploads\\\/2026\\\/03\\\/5471513476.jpg\",\"datePublished\":\"2026-03-20T01:01:08+00:00\",\"dateModified\":\"2026-04-12T13:32:18+00:00\",\"description\":\"Der Trespass MICRON Schlafsack - Ihr Sommerbegleiter f\u00fcr Campingabenteuer!\u00a0 Der Trespass MICRON Schlafsack ist der ideale Begleiter f\u00fcr Ihre sommerlichen Campi\",\"breadcrumb\":{\"@id\":\"https:\\\/\\\/schweizversand.ch\\\/en\\\/produkt\\\/trespass-micron-schlafsack\\\/#breadcrumb\"},\"inLanguage\":\"en-US\",\"potentialAction\":[{\"@type\":\"ReadAction\",\"target\":[\"https:\\\/\\\/schweizversand.ch\\\/en\\\/produkt\\\/trespass-micron-schlafsack\\\/\"]}]},{\"@type\":\"ImageObject\",\"inLanguage\":\"en-US\",\"@id\":\"https:\\\/\\\/schweizversand.ch\\\/en\\\/produkt\\\/trespass-micron-schlafsack\\\/#primaryimage\",\"url\":\"https:\\\/\\\/schweizversand.ch\\\/wp-content\\\/uploads\\\/2026\\\/03\\\/5471513476.jpg\",\"contentUrl\":\"https:\\\/\\\/schweizversand.ch\\\/wp-content\\\/uploads\\\/2026\\\/03\\\/5471513476.jpg\",\"width\":1024,\"height\":1024},{\"@type\":\"BreadcrumbList\",\"@id\":\"https:\\\/\\\/schweizversand.ch\\\/en\\\/produkt\\\/trespass-micron-schlafsack\\\/#breadcrumb\",\"itemListElement\":[{\"@type\":\"ListItem\",\"position\":1,\"name\":\"Startseite\",\"item\":\"https:\\\/\\\/schweizversand.ch\\\/en\\\/\"},{\"@type\":\"ListItem\",\"position\":2,\"name\":\"Shop\",\"item\":\"https:\\\/\\\/schweizversand.ch\\\/en\\\/shop\\\/\"},{\"@type\":\"ListItem\",\"position\":3,\"name\":\"Trespass MICRON &#8211; Sleeping Bag\"}]},{\"@type\":\"WebSite\",\"@id\":\"https:\\\/\\\/schweizversand.ch\\\/en\\\/#website\",\"url\":\"https:\\\/\\\/schweizversand.ch\\\/en\\\/\",\"name\":\"Schweizer Shop f\u00fcr Sport, Spiel und Freizeit\",\"description\":\"Gratisversand ab 50.- (netto), ab eigenem schweizer Lager, Lieferung innert 48h\",\"publisher\":{\"@id\":\"https:\\\/\\\/schweizversand.ch\\\/en\\\/#organization\"},\"alternateName\":\"Schweizversand.ch\",\"potentialAction\":[{\"@type\":\"SearchAction\",\"target\":{\"@type\":\"EntryPoint\",\"urlTemplate\":\"https:\\\/\\\/schweizversand.ch\\\/en\\\/?s={search_term_string}\"},\"query-input\":{\"@type\":\"PropertyValueSpecification\",\"valueRequired\":true,\"valueName\":\"search_term_string\"}}],\"inLanguage\":\"en-US\"},{\"@type\":\"Organization\",\"@id\":\"https:\\\/\\\/schweizversand.ch\\\/en\\\/#organization\",\"name\":\"Schweizversand.ch\",\"url\":\"https:\\\/\\\/schweizversand.ch\\\/en\\\/\",\"logo\":{\"@type\":\"ImageObject\",\"inLanguage\":\"en-US\",\"@id\":\"https:\\\/\\\/schweizversand.ch\\\/en\\\/#\\\/schema\\\/logo\\\/image\\\/\",\"url\":\"https:\\\/\\\/schweizversand.ch\\\/wp-content\\\/uploads\\\/2026\\\/03\\\/Logo_Rund_Final-1.png\",\"contentUrl\":\"https:\\\/\\\/schweizversand.ch\\\/wp-content\\\/uploads\\\/2026\\\/03\\\/Logo_Rund_Final-1.png\",\"width\":404,\"height\":404,\"caption\":\"Schweizversand.ch\"},\"image\":{\"@id\":\"https:\\\/\\\/schweizversand.ch\\\/en\\\/#\\\/schema\\\/logo\\\/image\\\/\"},\"sameAs\":[\"https:\\\/\\\/www.facebook.com\\\/Schweizversand\",\"https:\\\/\\\/www.instagram.com\\\/schweizversand.ch\\\/\"]}]}<\/script>\n<!-- \/ Yoast SEO plugin. -->","yoast_head_json":{"title":"Trespass MICRON - Schlafsack","description":"Der Trespass MICRON Schlafsack - Ihr Sommerbegleiter f\u00fcr Campingabenteuer!\u00a0 Der Trespass MICRON Schlafsack ist der ideale Begleiter f\u00fcr Ihre sommerlichen Campi","robots":{"index":"index","follow":"follow","max-snippet":"max-snippet:-1","max-image-preview":"max-image-preview:large","max-video-preview":"max-video-preview:-1"},"canonical":"https:\/\/schweizversand.ch\/en\/produkt\/trespass-micron-schlafsack\/","og_locale":"en_US","og_type":"article","og_title":"Trespass MICRON - Schlafsack","og_description":"Der Trespass MICRON Schlafsack - Ihr Sommerbegleiter f\u00fcr Campingabenteuer!\u00a0 Der Trespass MICRON Schlafsack ist der ideale Begleiter f\u00fcr Ihre sommerlichen Campi","og_url":"https:\/\/schweizversand.ch\/en\/produkt\/trespass-micron-schlafsack\/","og_site_name":"Schweizer Shop f\u00fcr Sport, Spiel und Freizeit","article_publisher":"https:\/\/www.facebook.com\/Schweizversand","article_modified_time":"2026-04-12T13:32:18+00:00","og_image":[{"width":1024,"height":1024,"url":"https:\/\/schweizversand.ch\/wp-content\/uploads\/2026\/03\/5471513476.jpg","type":"image\/jpeg"}],"twitter_card":"summary_large_image","twitter_misc":{"Est. reading time":"1 minute"},"schema":{"@context":"https:\/\/schema.org","@graph":[{"@type":"WebPage","@id":"https:\/\/schweizversand.ch\/en\/produkt\/trespass-micron-schlafsack\/","url":"https:\/\/schweizversand.ch\/en\/produkt\/trespass-micron-schlafsack\/","name":"Trespass MICRON - Schlafsack","isPartOf":{"@id":"https:\/\/schweizversand.ch\/en\/#website"},"primaryImageOfPage":{"@id":"https:\/\/schweizversand.ch\/en\/produkt\/trespass-micron-schlafsack\/#primaryimage"},"image":{"@id":"https:\/\/schweizversand.ch\/en\/produkt\/trespass-micron-schlafsack\/#primaryimage"},"thumbnailUrl":"https:\/\/schweizversand.ch\/wp-content\/uploads\/2026\/03\/5471513476.jpg","datePublished":"2026-03-20T01:01:08+00:00","dateModified":"2026-04-12T13:32:18+00:00","description":"Der Trespass MICRON Schlafsack - Ihr Sommerbegleiter f\u00fcr Campingabenteuer!\u00a0 Der Trespass MICRON Schlafsack ist der ideale Begleiter f\u00fcr Ihre sommerlichen Campi","breadcrumb":{"@id":"https:\/\/schweizversand.ch\/en\/produkt\/trespass-micron-schlafsack\/#breadcrumb"},"inLanguage":"en-US","potentialAction":[{"@type":"ReadAction","target":["https:\/\/schweizversand.ch\/en\/produkt\/trespass-micron-schlafsack\/"]}]},{"@type":"ImageObject","inLanguage":"en-US","@id":"https:\/\/schweizversand.ch\/en\/produkt\/trespass-micron-schlafsack\/#primaryimage","url":"https:\/\/schweizversand.ch\/wp-content\/uploads\/2026\/03\/5471513476.jpg","contentUrl":"https:\/\/schweizversand.ch\/wp-content\/uploads\/2026\/03\/5471513476.jpg","width":1024,"height":1024},{"@type":"BreadcrumbList","@id":"https:\/\/schweizversand.ch\/en\/produkt\/trespass-micron-schlafsack\/#breadcrumb","itemListElement":[{"@type":"ListItem","position":1,"name":"Startseite","item":"https:\/\/schweizversand.ch\/en\/"},{"@type":"ListItem","position":2,"name":"Shop","item":"https:\/\/schweizversand.ch\/en\/shop\/"},{"@type":"ListItem","position":3,"name":"Trespass MICRON &#8211; Sleeping Bag"}]},{"@type":"WebSite","@id":"https:\/\/schweizversand.ch\/en\/#website","url":"https:\/\/schweizversand.ch\/en\/","name":"Schweizer Shop f\u00fcr Sport, Spiel und Freizeit","description":"Gratisversand ab 50.- (netto), ab eigenem schweizer Lager, Lieferung innert 48h","publisher":{"@id":"https:\/\/schweizversand.ch\/en\/#organization"},"alternateName":"Schweizversand.ch","potentialAction":[{"@type":"SearchAction","target":{"@type":"EntryPoint","urlTemplate":"https:\/\/schweizversand.ch\/en\/?s={search_term_string}"},"query-input":{"@type":"PropertyValueSpecification","valueRequired":true,"valueName":"search_term_string"}}],"inLanguage":"en-US"},{"@type":"Organization","@id":"https:\/\/schweizversand.ch\/en\/#organization","name":"Schweizversand.ch","url":"https:\/\/schweizversand.ch\/en\/","logo":{"@type":"ImageObject","inLanguage":"en-US","@id":"https:\/\/schweizversand.ch\/en\/#\/schema\/logo\/image\/","url":"https:\/\/schweizversand.ch\/wp-content\/uploads\/2026\/03\/Logo_Rund_Final-1.png","contentUrl":"https:\/\/schweizversand.ch\/wp-content\/uploads\/2026\/03\/Logo_Rund_Final-1.png","width":404,"height":404,"caption":"Schweizversand.ch"},"image":{"@id":"https:\/\/schweizversand.ch\/en\/#\/schema\/logo\/image\/"},"sameAs":["https:\/\/www.facebook.com\/Schweizversand","https:\/\/www.instagram.com\/schweizversand.ch\/"]}]}},"jetpack_sharing_enabled":true,"_links":{"self":[{"href":"https:\/\/schweizversand.ch\/en\/wp-json\/wp\/v2\/product\/259584","targetHints":{"allow":["GET"]}}],"collection":[{"href":"https:\/\/schweizversand.ch\/en\/wp-json\/wp\/v2\/product"}],"about":[{"href":"https:\/\/schweizversand.ch\/en\/wp-json\/wp\/v2\/types\/product"}],"replies":[{"embeddable":true,"href":"https:\/\/schweizversand.ch\/en\/wp-json\/wp\/v2\/comments?post=259584"}],"wp:featuredmedia":[{"embeddable":true,"href":"https:\/\/schweizversand.ch\/en\/wp-json\/wp\/v2\/media\/258348"}],"wp:attachment":[{"href":"https:\/\/schweizversand.ch\/en\/wp-json\/wp\/v2\/media?parent=259584"}],"wp:term":[{"taxonomy":"product_brand","embeddable":true,"href":"https:\/\/schweizversand.ch\/en\/wp-json\/wp\/v2\/product_brand?post=259584"},{"taxonomy":"product_cat","embeddable":true,"href":"https:\/\/schweizversand.ch\/en\/wp-json\/wp\/v2\/product_cat?post=259584"},{"taxonomy":"product_tag","embeddable":true,"href":"https:\/\/schweizversand.ch\/en\/wp-json\/wp\/v2\/product_tag?post=259584"}],"curies":[{"name":"wp","href":"https:\/\/api.w.org\/{rel}","templated":true}]}}