{"id":259591,"date":"2026-03-15T00:56:38","date_gmt":"2026-03-14T23:56:38","guid":{"rendered":"https:\/\/schweizversand.ch\/produkt\/trespass-straiton-ii-herren-winterschuh-4\/"},"modified":"2026-04-20T02:02:10","modified_gmt":"2026-04-20T00:02:10","slug":"trespass-straiton-ii-herren-winterschuh-4","status":"publish","type":"product","link":"https:\/\/schweizversand.ch\/en\/produkt\/trespass-straiton-ii-herren-winterschuh-4\/","title":{"rendered":"Trespass STRAITON II &#8211; Men&#8217;s Winter Shoe"},"content":{"rendered":"<h1><strong>Men&#8217;s Lined Winter Shoes \u2013 Waterproof and Insulated<\/strong><\/h1>\n<div>Discover the ideal companion for the cold season: These high-quality lined winter shoes offer optimal protection and maximum comfort. They combine functionality with an attractive design, so you can walk through snow and ice in style and warmth.<\/p>\n<\/div>\n<div><strong>Impressive Weather Protection<\/strong><br \/>These waterproof men&#8217;s winter shoe models are specially designed for wet and cold conditions. The upper is made of a water-repellent textile, complemented by a waterproof shell outsole that reliably keeps moisture out. This ensures your feet stay dry at all times, whether you&#8217;re walking through slush or rain.<\/p>\n<\/div>\n<div><strong>Maximum Thermal Insulation<\/strong><br \/>Thanks to the fully insulated construction and the soft fleece lining, you&#8217;ll enjoy pleasant warmth even in very low temperatures. The fleece lining of these winter boots provides a cozy feel, while the insulated construction effectively keeps out the cold. Never again will you have cold feet \u2013 your perfect protection against winter. Material and Comfort: These water-repellent winter boots offer not only protection but also stability. The robust <strong>TPR outsole<\/strong> ensures excellent grip on smooth surfaces and provides secure footing with every step.<\/p>\n<\/div>\n<div><strong>Product Details at a Glance<\/strong><br \/>&#8211; Upper: Water-repellent textile and waterproof shell outsole<br \/>&#8211; Lining: Warm fleece<br \/>&#8211; Outsole: Slip-resistant TPR outsole<br \/>&#8211; Features: Waterproof, fully insulated, and warmly lined<\/p>\n<\/div>\n<div>Get ready for winter now and experience comfort and safety with these functional and durable winter boots.<\/p>\n<\/div>\n<div><\/div>\n<div>&nbsp;Co\u00b3 v5.15.1-4&nbsp;<\/div>\n<div><\/div>\n<div><\/div>\n","protected":false},"excerpt":{"rendered":"<p>Trespass STRAITON II &#8211; Herren Winterschuh sch\u00fctzt wasserdicht und isoliert Ihre F\u00fc\u00dfe optimal. Komfortabel, warm und robust f\u00fcr jede kalte Wetterlage.<\/p>\n","protected":false},"featured_media":163119,"comment_status":"open","ping_status":"closed","template":"","meta":[],"product_brand":[],"product_cat":[38481],"product_tag":[],"class_list":{"0":"post-259591","1":"product","2":"type-product","3":"status-publish","4":"has-post-thumbnail","6":"product_cat-herrenschuhe","7":"product_shipping_class-global_methods","9":"first","10":"instock","11":"taxable","12":"shipping-taxable","13":"purchasable","14":"product-type-simple"},"yoast_head":"<!-- This site is optimized with the Yoast SEO plugin v27.4 - https:\/\/yoast.com\/product\/yoast-seo-wordpress\/ -->\n<title>Trespass STRAITON II - Herren Winterschuh<\/title>\n<meta name=\"description\" content=\"Winterschuh Herren Snow Boot Straiton II Der Winterschuh Straiton II ist Ihr idealer Begleiter f\u00fcr die kalte Jahreszeit. Diese gef\u00fctterten Winterstiefel wurden\" \/>\n<meta name=\"robots\" content=\"index, follow, max-snippet:-1, max-image-preview:large, max-video-preview:-1\" \/>\n<link rel=\"canonical\" href=\"https:\/\/schweizversand.ch\/en\/produkt\/trespass-straiton-ii-herren-winterschuh-4\/\" \/>\n<meta property=\"og:locale\" content=\"en_US\" \/>\n<meta property=\"og:type\" content=\"article\" \/>\n<meta property=\"og:title\" content=\"Trespass STRAITON II - Herren Winterschuh\" \/>\n<meta property=\"og:description\" content=\"Winterschuh Herren Snow Boot Straiton II Der Winterschuh Straiton II ist Ihr idealer Begleiter f\u00fcr die kalte Jahreszeit. Diese gef\u00fctterten Winterstiefel wurden\" \/>\n<meta property=\"og:url\" content=\"https:\/\/schweizversand.ch\/en\/produkt\/trespass-straiton-ii-herren-winterschuh-4\/\" \/>\n<meta property=\"og:site_name\" content=\"Schweizer Shop f\u00fcr Sport, Spiel und Freizeit\" \/>\n<meta property=\"article:publisher\" content=\"https:\/\/www.facebook.com\/Schweizversand\" \/>\n<meta property=\"article:modified_time\" content=\"2026-04-20T00:02:10+00:00\" \/>\n<meta property=\"og:image\" content=\"https:\/\/schweizversand.ch\/wp-content\/uploads\/2026\/02\/5471502086.jpg\" \/>\n\t<meta property=\"og:image:width\" content=\"922\" \/>\n\t<meta property=\"og:image:height\" content=\"1024\" \/>\n\t<meta property=\"og:image:type\" content=\"image\/jpeg\" \/>\n<meta name=\"twitter:card\" content=\"summary_large_image\" \/>\n<meta name=\"twitter:label1\" content=\"Est. reading time\" \/>\n\t<meta name=\"twitter:data1\" content=\"1 minute\" \/>\n<script type=\"application\/ld+json\" class=\"yoast-schema-graph\">{\"@context\":\"https:\\\/\\\/schema.org\",\"@graph\":[{\"@type\":\"WebPage\",\"@id\":\"https:\\\/\\\/schweizversand.ch\\\/en\\\/produkt\\\/trespass-straiton-ii-herren-winterschuh-4\\\/\",\"url\":\"https:\\\/\\\/schweizversand.ch\\\/en\\\/produkt\\\/trespass-straiton-ii-herren-winterschuh-4\\\/\",\"name\":\"Trespass STRAITON II - Herren Winterschuh\",\"isPartOf\":{\"@id\":\"https:\\\/\\\/schweizversand.ch\\\/en\\\/#website\"},\"primaryImageOfPage\":{\"@id\":\"https:\\\/\\\/schweizversand.ch\\\/en\\\/produkt\\\/trespass-straiton-ii-herren-winterschuh-4\\\/#primaryimage\"},\"image\":{\"@id\":\"https:\\\/\\\/schweizversand.ch\\\/en\\\/produkt\\\/trespass-straiton-ii-herren-winterschuh-4\\\/#primaryimage\"},\"thumbnailUrl\":\"https:\\\/\\\/schweizversand.ch\\\/wp-content\\\/uploads\\\/2026\\\/02\\\/5471502086.jpg\",\"datePublished\":\"2026-03-14T23:56:38+00:00\",\"dateModified\":\"2026-04-20T00:02:10+00:00\",\"description\":\"Winterschuh Herren Snow Boot Straiton II Der Winterschuh Straiton II ist Ihr idealer Begleiter f\u00fcr die kalte Jahreszeit. Diese gef\u00fctterten Winterstiefel wurden\",\"breadcrumb\":{\"@id\":\"https:\\\/\\\/schweizversand.ch\\\/en\\\/produkt\\\/trespass-straiton-ii-herren-winterschuh-4\\\/#breadcrumb\"},\"inLanguage\":\"en-US\",\"potentialAction\":[{\"@type\":\"ReadAction\",\"target\":[\"https:\\\/\\\/schweizversand.ch\\\/en\\\/produkt\\\/trespass-straiton-ii-herren-winterschuh-4\\\/\"]}]},{\"@type\":\"ImageObject\",\"inLanguage\":\"en-US\",\"@id\":\"https:\\\/\\\/schweizversand.ch\\\/en\\\/produkt\\\/trespass-straiton-ii-herren-winterschuh-4\\\/#primaryimage\",\"url\":\"https:\\\/\\\/schweizversand.ch\\\/wp-content\\\/uploads\\\/2026\\\/02\\\/5471502086.jpg\",\"contentUrl\":\"https:\\\/\\\/schweizversand.ch\\\/wp-content\\\/uploads\\\/2026\\\/02\\\/5471502086.jpg\",\"width\":922,\"height\":1024},{\"@type\":\"BreadcrumbList\",\"@id\":\"https:\\\/\\\/schweizversand.ch\\\/en\\\/produkt\\\/trespass-straiton-ii-herren-winterschuh-4\\\/#breadcrumb\",\"itemListElement\":[{\"@type\":\"ListItem\",\"position\":1,\"name\":\"Startseite\",\"item\":\"https:\\\/\\\/schweizversand.ch\\\/en\\\/\"},{\"@type\":\"ListItem\",\"position\":2,\"name\":\"Shop\",\"item\":\"https:\\\/\\\/schweizversand.ch\\\/en\\\/shop\\\/\"},{\"@type\":\"ListItem\",\"position\":3,\"name\":\"Fashion\",\"item\":\"https:\\\/\\\/schweizversand.ch\\\/en\\\/produkt-kategorie\\\/fashion\\\/\"},{\"@type\":\"ListItem\",\"position\":4,\"name\":\"Men's Fashion\",\"item\":\"https:\\\/\\\/schweizversand.ch\\\/en\\\/produkt-kategorie\\\/fashion\\\/mens-fashion\\\/\"},{\"@type\":\"ListItem\",\"position\":5,\"name\":\"Men's Shoes\",\"item\":\"https:\\\/\\\/schweizversand.ch\\\/en\\\/produkt-kategorie\\\/fashion\\\/mens-fashion\\\/herrenschuhe\\\/\"},{\"@type\":\"ListItem\",\"position\":6,\"name\":\"Trespass STRAITON II &#8211; Men&#8217;s Winter Shoe\"}]},{\"@type\":\"WebSite\",\"@id\":\"https:\\\/\\\/schweizversand.ch\\\/en\\\/#website\",\"url\":\"https:\\\/\\\/schweizversand.ch\\\/en\\\/\",\"name\":\"Schweizer Shop f\u00fcr Sport, Spiel und Freizeit\",\"description\":\"Gratisversand ab 50.- (netto), ab eigenem schweizer Lager, Lieferung innert 48h\",\"publisher\":{\"@id\":\"https:\\\/\\\/schweizversand.ch\\\/en\\\/#organization\"},\"alternateName\":\"Schweizversand.ch\",\"potentialAction\":[{\"@type\":\"SearchAction\",\"target\":{\"@type\":\"EntryPoint\",\"urlTemplate\":\"https:\\\/\\\/schweizversand.ch\\\/en\\\/?s={search_term_string}\"},\"query-input\":{\"@type\":\"PropertyValueSpecification\",\"valueRequired\":true,\"valueName\":\"search_term_string\"}}],\"inLanguage\":\"en-US\"},{\"@type\":\"Organization\",\"@id\":\"https:\\\/\\\/schweizversand.ch\\\/en\\\/#organization\",\"name\":\"Schweizversand.ch\",\"url\":\"https:\\\/\\\/schweizversand.ch\\\/en\\\/\",\"logo\":{\"@type\":\"ImageObject\",\"inLanguage\":\"en-US\",\"@id\":\"https:\\\/\\\/schweizversand.ch\\\/en\\\/#\\\/schema\\\/logo\\\/image\\\/\",\"url\":\"https:\\\/\\\/schweizversand.ch\\\/wp-content\\\/uploads\\\/2026\\\/03\\\/Logo_Rund_Final-1.png\",\"contentUrl\":\"https:\\\/\\\/schweizversand.ch\\\/wp-content\\\/uploads\\\/2026\\\/03\\\/Logo_Rund_Final-1.png\",\"width\":404,\"height\":404,\"caption\":\"Schweizversand.ch\"},\"image\":{\"@id\":\"https:\\\/\\\/schweizversand.ch\\\/en\\\/#\\\/schema\\\/logo\\\/image\\\/\"},\"sameAs\":[\"https:\\\/\\\/www.facebook.com\\\/Schweizversand\",\"https:\\\/\\\/www.instagram.com\\\/schweizversand.ch\\\/\"]}]}<\/script>\n<!-- \/ Yoast SEO plugin. -->","yoast_head_json":{"title":"Trespass STRAITON II - Herren Winterschuh","description":"Winterschuh Herren Snow Boot Straiton II Der Winterschuh Straiton II ist Ihr idealer Begleiter f\u00fcr die kalte Jahreszeit. Diese gef\u00fctterten Winterstiefel wurden","robots":{"index":"index","follow":"follow","max-snippet":"max-snippet:-1","max-image-preview":"max-image-preview:large","max-video-preview":"max-video-preview:-1"},"canonical":"https:\/\/schweizversand.ch\/en\/produkt\/trespass-straiton-ii-herren-winterschuh-4\/","og_locale":"en_US","og_type":"article","og_title":"Trespass STRAITON II - Herren Winterschuh","og_description":"Winterschuh Herren Snow Boot Straiton II Der Winterschuh Straiton II ist Ihr idealer Begleiter f\u00fcr die kalte Jahreszeit. Diese gef\u00fctterten Winterstiefel wurden","og_url":"https:\/\/schweizversand.ch\/en\/produkt\/trespass-straiton-ii-herren-winterschuh-4\/","og_site_name":"Schweizer Shop f\u00fcr Sport, Spiel und Freizeit","article_publisher":"https:\/\/www.facebook.com\/Schweizversand","article_modified_time":"2026-04-20T00:02:10+00:00","og_image":[{"width":922,"height":1024,"url":"https:\/\/schweizversand.ch\/wp-content\/uploads\/2026\/02\/5471502086.jpg","type":"image\/jpeg"}],"twitter_card":"summary_large_image","twitter_misc":{"Est. reading time":"1 minute"},"schema":{"@context":"https:\/\/schema.org","@graph":[{"@type":"WebPage","@id":"https:\/\/schweizversand.ch\/en\/produkt\/trespass-straiton-ii-herren-winterschuh-4\/","url":"https:\/\/schweizversand.ch\/en\/produkt\/trespass-straiton-ii-herren-winterschuh-4\/","name":"Trespass STRAITON II - Herren Winterschuh","isPartOf":{"@id":"https:\/\/schweizversand.ch\/en\/#website"},"primaryImageOfPage":{"@id":"https:\/\/schweizversand.ch\/en\/produkt\/trespass-straiton-ii-herren-winterschuh-4\/#primaryimage"},"image":{"@id":"https:\/\/schweizversand.ch\/en\/produkt\/trespass-straiton-ii-herren-winterschuh-4\/#primaryimage"},"thumbnailUrl":"https:\/\/schweizversand.ch\/wp-content\/uploads\/2026\/02\/5471502086.jpg","datePublished":"2026-03-14T23:56:38+00:00","dateModified":"2026-04-20T00:02:10+00:00","description":"Winterschuh Herren Snow Boot Straiton II Der Winterschuh Straiton II ist Ihr idealer Begleiter f\u00fcr die kalte Jahreszeit. Diese gef\u00fctterten Winterstiefel wurden","breadcrumb":{"@id":"https:\/\/schweizversand.ch\/en\/produkt\/trespass-straiton-ii-herren-winterschuh-4\/#breadcrumb"},"inLanguage":"en-US","potentialAction":[{"@type":"ReadAction","target":["https:\/\/schweizversand.ch\/en\/produkt\/trespass-straiton-ii-herren-winterschuh-4\/"]}]},{"@type":"ImageObject","inLanguage":"en-US","@id":"https:\/\/schweizversand.ch\/en\/produkt\/trespass-straiton-ii-herren-winterschuh-4\/#primaryimage","url":"https:\/\/schweizversand.ch\/wp-content\/uploads\/2026\/02\/5471502086.jpg","contentUrl":"https:\/\/schweizversand.ch\/wp-content\/uploads\/2026\/02\/5471502086.jpg","width":922,"height":1024},{"@type":"BreadcrumbList","@id":"https:\/\/schweizversand.ch\/en\/produkt\/trespass-straiton-ii-herren-winterschuh-4\/#breadcrumb","itemListElement":[{"@type":"ListItem","position":1,"name":"Startseite","item":"https:\/\/schweizversand.ch\/en\/"},{"@type":"ListItem","position":2,"name":"Shop","item":"https:\/\/schweizversand.ch\/en\/shop\/"},{"@type":"ListItem","position":3,"name":"Fashion","item":"https:\/\/schweizversand.ch\/en\/produkt-kategorie\/fashion\/"},{"@type":"ListItem","position":4,"name":"Men's Fashion","item":"https:\/\/schweizversand.ch\/en\/produkt-kategorie\/fashion\/mens-fashion\/"},{"@type":"ListItem","position":5,"name":"Men's Shoes","item":"https:\/\/schweizversand.ch\/en\/produkt-kategorie\/fashion\/mens-fashion\/herrenschuhe\/"},{"@type":"ListItem","position":6,"name":"Trespass STRAITON II &#8211; Men&#8217;s Winter Shoe"}]},{"@type":"WebSite","@id":"https:\/\/schweizversand.ch\/en\/#website","url":"https:\/\/schweizversand.ch\/en\/","name":"Schweizer Shop f\u00fcr Sport, Spiel und Freizeit","description":"Gratisversand ab 50.- (netto), ab eigenem schweizer Lager, Lieferung innert 48h","publisher":{"@id":"https:\/\/schweizversand.ch\/en\/#organization"},"alternateName":"Schweizversand.ch","potentialAction":[{"@type":"SearchAction","target":{"@type":"EntryPoint","urlTemplate":"https:\/\/schweizversand.ch\/en\/?s={search_term_string}"},"query-input":{"@type":"PropertyValueSpecification","valueRequired":true,"valueName":"search_term_string"}}],"inLanguage":"en-US"},{"@type":"Organization","@id":"https:\/\/schweizversand.ch\/en\/#organization","name":"Schweizversand.ch","url":"https:\/\/schweizversand.ch\/en\/","logo":{"@type":"ImageObject","inLanguage":"en-US","@id":"https:\/\/schweizversand.ch\/en\/#\/schema\/logo\/image\/","url":"https:\/\/schweizversand.ch\/wp-content\/uploads\/2026\/03\/Logo_Rund_Final-1.png","contentUrl":"https:\/\/schweizversand.ch\/wp-content\/uploads\/2026\/03\/Logo_Rund_Final-1.png","width":404,"height":404,"caption":"Schweizversand.ch"},"image":{"@id":"https:\/\/schweizversand.ch\/en\/#\/schema\/logo\/image\/"},"sameAs":["https:\/\/www.facebook.com\/Schweizversand","https:\/\/www.instagram.com\/schweizversand.ch\/"]}]}},"jetpack_sharing_enabled":true,"_links":{"self":[{"href":"https:\/\/schweizversand.ch\/en\/wp-json\/wp\/v2\/product\/259591","targetHints":{"allow":["GET"]}}],"collection":[{"href":"https:\/\/schweizversand.ch\/en\/wp-json\/wp\/v2\/product"}],"about":[{"href":"https:\/\/schweizversand.ch\/en\/wp-json\/wp\/v2\/types\/product"}],"replies":[{"embeddable":true,"href":"https:\/\/schweizversand.ch\/en\/wp-json\/wp\/v2\/comments?post=259591"}],"wp:featuredmedia":[{"embeddable":true,"href":"https:\/\/schweizversand.ch\/en\/wp-json\/wp\/v2\/media\/163119"}],"wp:attachment":[{"href":"https:\/\/schweizversand.ch\/en\/wp-json\/wp\/v2\/media?parent=259591"}],"wp:term":[{"taxonomy":"product_brand","embeddable":true,"href":"https:\/\/schweizversand.ch\/en\/wp-json\/wp\/v2\/product_brand?post=259591"},{"taxonomy":"product_cat","embeddable":true,"href":"https:\/\/schweizversand.ch\/en\/wp-json\/wp\/v2\/product_cat?post=259591"},{"taxonomy":"product_tag","embeddable":true,"href":"https:\/\/schweizversand.ch\/en\/wp-json\/wp\/v2\/product_tag?post=259591"}],"curies":[{"name":"wp","href":"https:\/\/api.w.org\/{rel}","templated":true}]}}