{"id":259617,"date":"2026-03-15T00:56:42","date_gmt":"2026-03-14T23:56:42","guid":{"rendered":"https:\/\/schweizversand.ch\/produkt\/trespass-lock-x-schluesselanhaenger-set-a-3-stueck\/"},"modified":"2026-04-22T15:32:49","modified_gmt":"2026-04-22T13:32:49","slug":"trespass-lock-x-schluesselanhaenger-set-a-3-stueck","status":"publish","type":"product","link":"https:\/\/schweizversand.ch\/en\/produkt\/trespass-lock-x-schluesselanhaenger-set-a-3-stueck\/","title":{"rendered":"Trespass LOCK X &#8211; Keyring Set of 3"},"content":{"rendered":"<h1><strong>3-Piece Aluminum Carabiner Set<\/strong><\/h1>\n<div>Discover the versatile 3-piece set of <strong>aluminum carabiners<\/strong>, an essential part of any outdoor gear. These lightweight and robust carabiners are the ideal solution for keeping things organized and securely attaching your equipment \u2013 \u200b\u200bperfect for <strong>camping gear<\/strong> and hiking.<\/p>\n<\/div>\n<div><strong>Product Highlights and Applications<\/strong><br \/>This compact <strong>carabiner set<\/strong> is made of high-quality, lightweight aluminum, offering maximum functionality at minimal weight. Whether you want to secure bags to your backpack, organize your keys, or optimize your <strong>gear attachment<\/strong> \u2013 these carabiners are universally applicable and make your everyday life and outdoor adventures easier.<\/p>\n<\/div>\n<div><strong>Safety Notice<\/strong><br \/>Please note that these <strong>lightweight carabiners<\/strong> are designed exclusively for non-safety-critical applications. They are NOT approved for climbing, belaying people, or other safety-related activities.<\/p>\n<\/div>\n<div><strong>Technical Details and Scope of Delivery<\/strong><br \/>&#8211; Material: Robust aluminum<br \/>&#8211; Dimensions per carabiner: approx. 5.5 x 3.5 cm<br \/>&#8211; Scope of delivery: 3 hiking carabiners<\/strong><br \/>&#8211; Features: Lightweight, compact, and durable<\/p>\n<\/div>\n<div>Equip yourself now with this essential 3-piece set and benefit from the simple and secure organization of all your gear.<\/p>\n<\/div>\n<div><\/div>\n","protected":false},"excerpt":{"rendered":"<p>Trespass LOCK X &#8211; Schl\u00fcsselanh\u00e4nger-Set \u00e0 3 St\u00fcck: Leichte, robuste Aluminium-Karabiner f\u00fcr vielseitige Befestigung und Ordnung bei Outdoor-Abenteuern und Alltag.<\/p>\n","protected":false},"featured_media":163279,"comment_status":"open","ping_status":"closed","template":"","meta":[],"product_brand":[],"product_cat":[38477],"product_tag":[],"class_list":{"0":"post-259617","1":"product","2":"type-product","3":"status-publish","4":"has-post-thumbnail","6":"product_cat-diverses","7":"product_shipping_class-global_methods","9":"first","10":"instock","11":"taxable","12":"shipping-taxable","13":"purchasable","14":"product-type-simple"},"yoast_head":"<!-- This site is optimized with the Yoast SEO plugin v27.4 - https:\/\/yoast.com\/product\/yoast-seo-wordpress\/ -->\n<title>Trespass LOCK X - Schl\u00fcsselanh\u00e4nger-Set \u00e0 3 St\u00fcck<\/title>\n<meta name=\"description\" content=\"3er Set Aluminium Karabiner Entdecken Sie das vielseitige 3er Set Aluminium Karabiner , das in keiner Outdoor-Ausr\u00fcstung fehlen darf. Diese leichten und robuste\" \/>\n<meta name=\"robots\" content=\"index, follow, max-snippet:-1, max-image-preview:large, max-video-preview:-1\" \/>\n<link rel=\"canonical\" href=\"https:\/\/schweizversand.ch\/en\/produkt\/trespass-lock-x-schluesselanhaenger-set-a-3-stueck\/\" \/>\n<meta property=\"og:locale\" content=\"en_US\" \/>\n<meta property=\"og:type\" content=\"article\" \/>\n<meta property=\"og:title\" content=\"Trespass LOCK X - Schl\u00fcsselanh\u00e4nger-Set \u00e0 3 St\u00fcck\" \/>\n<meta property=\"og:description\" content=\"3er Set Aluminium Karabiner Entdecken Sie das vielseitige 3er Set Aluminium Karabiner , das in keiner Outdoor-Ausr\u00fcstung fehlen darf. Diese leichten und robuste\" \/>\n<meta property=\"og:url\" content=\"https:\/\/schweizversand.ch\/en\/produkt\/trespass-lock-x-schluesselanhaenger-set-a-3-stueck\/\" \/>\n<meta property=\"og:site_name\" content=\"Schweizer Shop f\u00fcr Sport, Spiel und Freizeit\" \/>\n<meta property=\"article:publisher\" content=\"https:\/\/www.facebook.com\/Schweizversand\" \/>\n<meta property=\"article:modified_time\" content=\"2026-04-22T13:32:49+00:00\" \/>\n<meta property=\"og:image\" content=\"https:\/\/schweizversand.ch\/wp-content\/uploads\/2026\/02\/5471510849.jpg\" \/>\n\t<meta property=\"og:image:width\" content=\"1024\" \/>\n\t<meta property=\"og:image:height\" content=\"768\" \/>\n\t<meta property=\"og:image:type\" content=\"image\/jpeg\" \/>\n<meta name=\"twitter:card\" content=\"summary_large_image\" \/>\n<meta name=\"twitter:label1\" content=\"Est. reading time\" \/>\n\t<meta name=\"twitter:data1\" content=\"1 minute\" \/>\n<script type=\"application\/ld+json\" class=\"yoast-schema-graph\">{\"@context\":\"https:\\\/\\\/schema.org\",\"@graph\":[{\"@type\":\"WebPage\",\"@id\":\"https:\\\/\\\/schweizversand.ch\\\/en\\\/produkt\\\/trespass-lock-x-schluesselanhaenger-set-a-3-stueck\\\/\",\"url\":\"https:\\\/\\\/schweizversand.ch\\\/en\\\/produkt\\\/trespass-lock-x-schluesselanhaenger-set-a-3-stueck\\\/\",\"name\":\"Trespass LOCK X - Schl\u00fcsselanh\u00e4nger-Set \u00e0 3 St\u00fcck\",\"isPartOf\":{\"@id\":\"https:\\\/\\\/schweizversand.ch\\\/en\\\/#website\"},\"primaryImageOfPage\":{\"@id\":\"https:\\\/\\\/schweizversand.ch\\\/en\\\/produkt\\\/trespass-lock-x-schluesselanhaenger-set-a-3-stueck\\\/#primaryimage\"},\"image\":{\"@id\":\"https:\\\/\\\/schweizversand.ch\\\/en\\\/produkt\\\/trespass-lock-x-schluesselanhaenger-set-a-3-stueck\\\/#primaryimage\"},\"thumbnailUrl\":\"https:\\\/\\\/schweizversand.ch\\\/wp-content\\\/uploads\\\/2026\\\/02\\\/5471510849.jpg\",\"datePublished\":\"2026-03-14T23:56:42+00:00\",\"dateModified\":\"2026-04-22T13:32:49+00:00\",\"description\":\"3er Set Aluminium Karabiner Entdecken Sie das vielseitige 3er Set Aluminium Karabiner , das in keiner Outdoor-Ausr\u00fcstung fehlen darf. Diese leichten und robuste\",\"breadcrumb\":{\"@id\":\"https:\\\/\\\/schweizversand.ch\\\/en\\\/produkt\\\/trespass-lock-x-schluesselanhaenger-set-a-3-stueck\\\/#breadcrumb\"},\"inLanguage\":\"en-US\",\"potentialAction\":[{\"@type\":\"ReadAction\",\"target\":[\"https:\\\/\\\/schweizversand.ch\\\/en\\\/produkt\\\/trespass-lock-x-schluesselanhaenger-set-a-3-stueck\\\/\"]}]},{\"@type\":\"ImageObject\",\"inLanguage\":\"en-US\",\"@id\":\"https:\\\/\\\/schweizversand.ch\\\/en\\\/produkt\\\/trespass-lock-x-schluesselanhaenger-set-a-3-stueck\\\/#primaryimage\",\"url\":\"https:\\\/\\\/schweizversand.ch\\\/wp-content\\\/uploads\\\/2026\\\/02\\\/5471510849.jpg\",\"contentUrl\":\"https:\\\/\\\/schweizversand.ch\\\/wp-content\\\/uploads\\\/2026\\\/02\\\/5471510849.jpg\",\"width\":1024,\"height\":768},{\"@type\":\"BreadcrumbList\",\"@id\":\"https:\\\/\\\/schweizversand.ch\\\/en\\\/produkt\\\/trespass-lock-x-schluesselanhaenger-set-a-3-stueck\\\/#breadcrumb\",\"itemListElement\":[{\"@type\":\"ListItem\",\"position\":1,\"name\":\"Startseite\",\"item\":\"https:\\\/\\\/schweizversand.ch\\\/en\\\/\"},{\"@type\":\"ListItem\",\"position\":2,\"name\":\"Shop\",\"item\":\"https:\\\/\\\/schweizversand.ch\\\/en\\\/shop\\\/\"},{\"@type\":\"ListItem\",\"position\":3,\"name\":\"Fashion\",\"item\":\"https:\\\/\\\/schweizversand.ch\\\/en\\\/produkt-kategorie\\\/fashion\\\/\"},{\"@type\":\"ListItem\",\"position\":4,\"name\":\"Fashion Accessories\",\"item\":\"https:\\\/\\\/schweizversand.ch\\\/en\\\/produkt-kategorie\\\/fashion\\\/fashion-accessories\\\/\"},{\"@type\":\"ListItem\",\"position\":5,\"name\":\"Miscellaneous\",\"item\":\"https:\\\/\\\/schweizversand.ch\\\/en\\\/produkt-kategorie\\\/fashion\\\/fashion-accessories\\\/diverses\\\/\"},{\"@type\":\"ListItem\",\"position\":6,\"name\":\"Trespass LOCK X &#8211; Keyring Set of 3\"}]},{\"@type\":\"WebSite\",\"@id\":\"https:\\\/\\\/schweizversand.ch\\\/en\\\/#website\",\"url\":\"https:\\\/\\\/schweizversand.ch\\\/en\\\/\",\"name\":\"Schweizer Shop f\u00fcr Sport, Spiel und Freizeit\",\"description\":\"Gratisversand ab 50.- (netto), ab eigenem schweizer Lager, Lieferung innert 48h\",\"publisher\":{\"@id\":\"https:\\\/\\\/schweizversand.ch\\\/en\\\/#organization\"},\"alternateName\":\"Schweizversand.ch\",\"potentialAction\":[{\"@type\":\"SearchAction\",\"target\":{\"@type\":\"EntryPoint\",\"urlTemplate\":\"https:\\\/\\\/schweizversand.ch\\\/en\\\/?s={search_term_string}\"},\"query-input\":{\"@type\":\"PropertyValueSpecification\",\"valueRequired\":true,\"valueName\":\"search_term_string\"}}],\"inLanguage\":\"en-US\"},{\"@type\":\"Organization\",\"@id\":\"https:\\\/\\\/schweizversand.ch\\\/en\\\/#organization\",\"name\":\"Schweizversand.ch\",\"url\":\"https:\\\/\\\/schweizversand.ch\\\/en\\\/\",\"logo\":{\"@type\":\"ImageObject\",\"inLanguage\":\"en-US\",\"@id\":\"https:\\\/\\\/schweizversand.ch\\\/en\\\/#\\\/schema\\\/logo\\\/image\\\/\",\"url\":\"https:\\\/\\\/schweizversand.ch\\\/wp-content\\\/uploads\\\/2026\\\/03\\\/Logo_Rund_Final-1.png\",\"contentUrl\":\"https:\\\/\\\/schweizversand.ch\\\/wp-content\\\/uploads\\\/2026\\\/03\\\/Logo_Rund_Final-1.png\",\"width\":404,\"height\":404,\"caption\":\"Schweizversand.ch\"},\"image\":{\"@id\":\"https:\\\/\\\/schweizversand.ch\\\/en\\\/#\\\/schema\\\/logo\\\/image\\\/\"},\"sameAs\":[\"https:\\\/\\\/www.facebook.com\\\/Schweizversand\",\"https:\\\/\\\/www.instagram.com\\\/schweizversand.ch\\\/\"]}]}<\/script>\n<!-- \/ Yoast SEO plugin. -->","yoast_head_json":{"title":"Trespass LOCK X - Schl\u00fcsselanh\u00e4nger-Set \u00e0 3 St\u00fcck","description":"3er Set Aluminium Karabiner Entdecken Sie das vielseitige 3er Set Aluminium Karabiner , das in keiner Outdoor-Ausr\u00fcstung fehlen darf. Diese leichten und robuste","robots":{"index":"index","follow":"follow","max-snippet":"max-snippet:-1","max-image-preview":"max-image-preview:large","max-video-preview":"max-video-preview:-1"},"canonical":"https:\/\/schweizversand.ch\/en\/produkt\/trespass-lock-x-schluesselanhaenger-set-a-3-stueck\/","og_locale":"en_US","og_type":"article","og_title":"Trespass LOCK X - Schl\u00fcsselanh\u00e4nger-Set \u00e0 3 St\u00fcck","og_description":"3er Set Aluminium Karabiner Entdecken Sie das vielseitige 3er Set Aluminium Karabiner , das in keiner Outdoor-Ausr\u00fcstung fehlen darf. Diese leichten und robuste","og_url":"https:\/\/schweizversand.ch\/en\/produkt\/trespass-lock-x-schluesselanhaenger-set-a-3-stueck\/","og_site_name":"Schweizer Shop f\u00fcr Sport, Spiel und Freizeit","article_publisher":"https:\/\/www.facebook.com\/Schweizversand","article_modified_time":"2026-04-22T13:32:49+00:00","og_image":[{"width":1024,"height":768,"url":"https:\/\/schweizversand.ch\/wp-content\/uploads\/2026\/02\/5471510849.jpg","type":"image\/jpeg"}],"twitter_card":"summary_large_image","twitter_misc":{"Est. reading time":"1 minute"},"schema":{"@context":"https:\/\/schema.org","@graph":[{"@type":"WebPage","@id":"https:\/\/schweizversand.ch\/en\/produkt\/trespass-lock-x-schluesselanhaenger-set-a-3-stueck\/","url":"https:\/\/schweizversand.ch\/en\/produkt\/trespass-lock-x-schluesselanhaenger-set-a-3-stueck\/","name":"Trespass LOCK X - Schl\u00fcsselanh\u00e4nger-Set \u00e0 3 St\u00fcck","isPartOf":{"@id":"https:\/\/schweizversand.ch\/en\/#website"},"primaryImageOfPage":{"@id":"https:\/\/schweizversand.ch\/en\/produkt\/trespass-lock-x-schluesselanhaenger-set-a-3-stueck\/#primaryimage"},"image":{"@id":"https:\/\/schweizversand.ch\/en\/produkt\/trespass-lock-x-schluesselanhaenger-set-a-3-stueck\/#primaryimage"},"thumbnailUrl":"https:\/\/schweizversand.ch\/wp-content\/uploads\/2026\/02\/5471510849.jpg","datePublished":"2026-03-14T23:56:42+00:00","dateModified":"2026-04-22T13:32:49+00:00","description":"3er Set Aluminium Karabiner Entdecken Sie das vielseitige 3er Set Aluminium Karabiner , das in keiner Outdoor-Ausr\u00fcstung fehlen darf. Diese leichten und robuste","breadcrumb":{"@id":"https:\/\/schweizversand.ch\/en\/produkt\/trespass-lock-x-schluesselanhaenger-set-a-3-stueck\/#breadcrumb"},"inLanguage":"en-US","potentialAction":[{"@type":"ReadAction","target":["https:\/\/schweizversand.ch\/en\/produkt\/trespass-lock-x-schluesselanhaenger-set-a-3-stueck\/"]}]},{"@type":"ImageObject","inLanguage":"en-US","@id":"https:\/\/schweizversand.ch\/en\/produkt\/trespass-lock-x-schluesselanhaenger-set-a-3-stueck\/#primaryimage","url":"https:\/\/schweizversand.ch\/wp-content\/uploads\/2026\/02\/5471510849.jpg","contentUrl":"https:\/\/schweizversand.ch\/wp-content\/uploads\/2026\/02\/5471510849.jpg","width":1024,"height":768},{"@type":"BreadcrumbList","@id":"https:\/\/schweizversand.ch\/en\/produkt\/trespass-lock-x-schluesselanhaenger-set-a-3-stueck\/#breadcrumb","itemListElement":[{"@type":"ListItem","position":1,"name":"Startseite","item":"https:\/\/schweizversand.ch\/en\/"},{"@type":"ListItem","position":2,"name":"Shop","item":"https:\/\/schweizversand.ch\/en\/shop\/"},{"@type":"ListItem","position":3,"name":"Fashion","item":"https:\/\/schweizversand.ch\/en\/produkt-kategorie\/fashion\/"},{"@type":"ListItem","position":4,"name":"Fashion Accessories","item":"https:\/\/schweizversand.ch\/en\/produkt-kategorie\/fashion\/fashion-accessories\/"},{"@type":"ListItem","position":5,"name":"Miscellaneous","item":"https:\/\/schweizversand.ch\/en\/produkt-kategorie\/fashion\/fashion-accessories\/diverses\/"},{"@type":"ListItem","position":6,"name":"Trespass LOCK X &#8211; Keyring Set of 3"}]},{"@type":"WebSite","@id":"https:\/\/schweizversand.ch\/en\/#website","url":"https:\/\/schweizversand.ch\/en\/","name":"Schweizer Shop f\u00fcr Sport, Spiel und Freizeit","description":"Gratisversand ab 50.- (netto), ab eigenem schweizer Lager, Lieferung innert 48h","publisher":{"@id":"https:\/\/schweizversand.ch\/en\/#organization"},"alternateName":"Schweizversand.ch","potentialAction":[{"@type":"SearchAction","target":{"@type":"EntryPoint","urlTemplate":"https:\/\/schweizversand.ch\/en\/?s={search_term_string}"},"query-input":{"@type":"PropertyValueSpecification","valueRequired":true,"valueName":"search_term_string"}}],"inLanguage":"en-US"},{"@type":"Organization","@id":"https:\/\/schweizversand.ch\/en\/#organization","name":"Schweizversand.ch","url":"https:\/\/schweizversand.ch\/en\/","logo":{"@type":"ImageObject","inLanguage":"en-US","@id":"https:\/\/schweizversand.ch\/en\/#\/schema\/logo\/image\/","url":"https:\/\/schweizversand.ch\/wp-content\/uploads\/2026\/03\/Logo_Rund_Final-1.png","contentUrl":"https:\/\/schweizversand.ch\/wp-content\/uploads\/2026\/03\/Logo_Rund_Final-1.png","width":404,"height":404,"caption":"Schweizversand.ch"},"image":{"@id":"https:\/\/schweizversand.ch\/en\/#\/schema\/logo\/image\/"},"sameAs":["https:\/\/www.facebook.com\/Schweizversand","https:\/\/www.instagram.com\/schweizversand.ch\/"]}]}},"jetpack_sharing_enabled":true,"_links":{"self":[{"href":"https:\/\/schweizversand.ch\/en\/wp-json\/wp\/v2\/product\/259617","targetHints":{"allow":["GET"]}}],"collection":[{"href":"https:\/\/schweizversand.ch\/en\/wp-json\/wp\/v2\/product"}],"about":[{"href":"https:\/\/schweizversand.ch\/en\/wp-json\/wp\/v2\/types\/product"}],"replies":[{"embeddable":true,"href":"https:\/\/schweizversand.ch\/en\/wp-json\/wp\/v2\/comments?post=259617"}],"wp:featuredmedia":[{"embeddable":true,"href":"https:\/\/schweizversand.ch\/en\/wp-json\/wp\/v2\/media\/163279"}],"wp:attachment":[{"href":"https:\/\/schweizversand.ch\/en\/wp-json\/wp\/v2\/media?parent=259617"}],"wp:term":[{"taxonomy":"product_brand","embeddable":true,"href":"https:\/\/schweizversand.ch\/en\/wp-json\/wp\/v2\/product_brand?post=259617"},{"taxonomy":"product_cat","embeddable":true,"href":"https:\/\/schweizversand.ch\/en\/wp-json\/wp\/v2\/product_cat?post=259617"},{"taxonomy":"product_tag","embeddable":true,"href":"https:\/\/schweizversand.ch\/en\/wp-json\/wp\/v2\/product_tag?post=259617"}],"curies":[{"name":"wp","href":"https:\/\/api.w.org\/{rel}","templated":true}]}}