{"id":259624,"date":"2026-03-15T00:56:43","date_gmt":"2026-03-14T23:56:43","guid":{"rendered":"https:\/\/schweizversand.ch\/produkt\/trespass-rockie-zelthering-fuer-harten-boden-5er-set\/"},"modified":"2026-04-19T15:33:45","modified_gmt":"2026-04-19T13:33:45","slug":"trespass-rockie-zelthering-fuer-harten-boden-5er-set","status":"publish","type":"product","link":"https:\/\/schweizversand.ch\/en\/produkt\/trespass-rockie-zelthering-fuer-harten-boden-5er-set\/","title":{"rendered":"Trespass ROCKIE &#8211; Tent pegs for hard ground (5-pack)"},"content":{"rendered":"<p>Discover the Trespass ROCKIE tent pegs \u2013 your essential accessory for hard ground! This practical 5-pack contains five steel pegs with durable hard plastic heads, providing reliable support when pitching your tent on hard surfaces.<\/p>\n<\/p>\n<p>Measuring 180 x 8 mm, these pegs are robust and strong enough to withstand even harsh conditions. Whether on rocky ground, at the beach, or at a campsite, Trespass ROCKIE tent pegs will anchor your tent securely and stably.<\/p>\n<\/p>\n<p>Rely on the quality and reliability of Trespass ROCKIE tent pegs and get ready for unforgettable outdoor adventures. No matter where your travels take you, these sturdy pegs will have you well-prepared. Get your hands on the practical 5-piece Trespass ROCKIE tent peg set now and experience carefree camping moments on hard ground!<\/p>\n","protected":false},"excerpt":{"rendered":"<p>Trespass ROCKIE &#8211; 5 robuste Zeltheringe mit Stahlkern und Kunststoffkopf f\u00fcr sicheren Halt auf hartem Boden. Perfekt f\u00fcr Fels, Strand &amp; Camping.<\/p>\n","protected":false},"featured_media":163315,"comment_status":"open","ping_status":"closed","template":"","meta":[],"product_brand":[],"product_cat":[38033],"product_tag":[],"class_list":{"0":"post-259624","1":"product","2":"type-product","3":"status-publish","4":"has-post-thumbnail","6":"product_cat-camping","7":"product_shipping_class-global_methods","9":"first","10":"instock","11":"taxable","12":"shipping-taxable","13":"purchasable","14":"product-type-simple"},"yoast_head":"<!-- This site is optimized with the Yoast SEO plugin v27.4 - https:\/\/yoast.com\/product\/yoast-seo-wordpress\/ -->\n<title>Trespass ROCKIE - Zelthering f\u00fcr harten Boden (5er Set)<\/title>\n<meta name=\"description\" content=\"Entdecken Sie die Trespass ROCKIE Zeltheringe - Ihr unverzichtbares Zubeh\u00f6r f\u00fcr den harten Boden! Dieses praktische 5er Set enth\u00e4lt 5 Stahlheringe mit strapazie\" \/>\n<meta name=\"robots\" content=\"index, follow, max-snippet:-1, max-image-preview:large, max-video-preview:-1\" \/>\n<link rel=\"canonical\" href=\"https:\/\/schweizversand.ch\/en\/produkt\/trespass-rockie-zelthering-fuer-harten-boden-5er-set\/\" \/>\n<meta property=\"og:locale\" content=\"en_US\" \/>\n<meta property=\"og:type\" content=\"article\" \/>\n<meta property=\"og:title\" content=\"Trespass ROCKIE - Zelthering f\u00fcr harten Boden (5er Set)\" \/>\n<meta property=\"og:description\" content=\"Entdecken Sie die Trespass ROCKIE Zeltheringe - Ihr unverzichtbares Zubeh\u00f6r f\u00fcr den harten Boden! Dieses praktische 5er Set enth\u00e4lt 5 Stahlheringe mit strapazie\" \/>\n<meta property=\"og:url\" content=\"https:\/\/schweizversand.ch\/en\/produkt\/trespass-rockie-zelthering-fuer-harten-boden-5er-set\/\" \/>\n<meta property=\"og:site_name\" content=\"Schweizer Shop f\u00fcr Sport, Spiel und Freizeit\" \/>\n<meta property=\"article:publisher\" content=\"https:\/\/www.facebook.com\/Schweizversand\" \/>\n<meta property=\"article:modified_time\" content=\"2026-04-19T13:33:45+00:00\" \/>\n<meta property=\"og:image\" content=\"https:\/\/schweizversand.ch\/wp-content\/uploads\/2026\/02\/5471515786.jpg\" \/>\n\t<meta property=\"og:image:width\" content=\"529\" \/>\n\t<meta property=\"og:image:height\" content=\"1024\" \/>\n\t<meta property=\"og:image:type\" content=\"image\/jpeg\" \/>\n<meta name=\"twitter:card\" content=\"summary_large_image\" \/>\n<meta name=\"twitter:label1\" content=\"Est. reading time\" \/>\n\t<meta name=\"twitter:data1\" content=\"1 minute\" \/>\n<script type=\"application\/ld+json\" class=\"yoast-schema-graph\">{\"@context\":\"https:\\\/\\\/schema.org\",\"@graph\":[{\"@type\":\"WebPage\",\"@id\":\"https:\\\/\\\/schweizversand.ch\\\/en\\\/produkt\\\/trespass-rockie-zelthering-fuer-harten-boden-5er-set\\\/\",\"url\":\"https:\\\/\\\/schweizversand.ch\\\/en\\\/produkt\\\/trespass-rockie-zelthering-fuer-harten-boden-5er-set\\\/\",\"name\":\"Trespass ROCKIE - Zelthering f\u00fcr harten Boden (5er Set)\",\"isPartOf\":{\"@id\":\"https:\\\/\\\/schweizversand.ch\\\/en\\\/#website\"},\"primaryImageOfPage\":{\"@id\":\"https:\\\/\\\/schweizversand.ch\\\/en\\\/produkt\\\/trespass-rockie-zelthering-fuer-harten-boden-5er-set\\\/#primaryimage\"},\"image\":{\"@id\":\"https:\\\/\\\/schweizversand.ch\\\/en\\\/produkt\\\/trespass-rockie-zelthering-fuer-harten-boden-5er-set\\\/#primaryimage\"},\"thumbnailUrl\":\"https:\\\/\\\/schweizversand.ch\\\/wp-content\\\/uploads\\\/2026\\\/02\\\/5471515786.jpg\",\"datePublished\":\"2026-03-14T23:56:43+00:00\",\"dateModified\":\"2026-04-19T13:33:45+00:00\",\"description\":\"Entdecken Sie die Trespass ROCKIE Zeltheringe - Ihr unverzichtbares Zubeh\u00f6r f\u00fcr den harten Boden! Dieses praktische 5er Set enth\u00e4lt 5 Stahlheringe mit strapazie\",\"breadcrumb\":{\"@id\":\"https:\\\/\\\/schweizversand.ch\\\/en\\\/produkt\\\/trespass-rockie-zelthering-fuer-harten-boden-5er-set\\\/#breadcrumb\"},\"inLanguage\":\"en-US\",\"potentialAction\":[{\"@type\":\"ReadAction\",\"target\":[\"https:\\\/\\\/schweizversand.ch\\\/en\\\/produkt\\\/trespass-rockie-zelthering-fuer-harten-boden-5er-set\\\/\"]}]},{\"@type\":\"ImageObject\",\"inLanguage\":\"en-US\",\"@id\":\"https:\\\/\\\/schweizversand.ch\\\/en\\\/produkt\\\/trespass-rockie-zelthering-fuer-harten-boden-5er-set\\\/#primaryimage\",\"url\":\"https:\\\/\\\/schweizversand.ch\\\/wp-content\\\/uploads\\\/2026\\\/02\\\/5471515786.jpg\",\"contentUrl\":\"https:\\\/\\\/schweizversand.ch\\\/wp-content\\\/uploads\\\/2026\\\/02\\\/5471515786.jpg\",\"width\":529,\"height\":1024},{\"@type\":\"BreadcrumbList\",\"@id\":\"https:\\\/\\\/schweizversand.ch\\\/en\\\/produkt\\\/trespass-rockie-zelthering-fuer-harten-boden-5er-set\\\/#breadcrumb\",\"itemListElement\":[{\"@type\":\"ListItem\",\"position\":1,\"name\":\"Startseite\",\"item\":\"https:\\\/\\\/schweizversand.ch\\\/en\\\/\"},{\"@type\":\"ListItem\",\"position\":2,\"name\":\"Shop\",\"item\":\"https:\\\/\\\/schweizversand.ch\\\/en\\\/shop\\\/\"},{\"@type\":\"ListItem\",\"position\":3,\"name\":\"Sports\",\"item\":\"https:\\\/\\\/schweizversand.ch\\\/en\\\/produkt-kategorie\\\/sports\\\/\"},{\"@type\":\"ListItem\",\"position\":4,\"name\":\"Outdoor\",\"item\":\"https:\\\/\\\/schweizversand.ch\\\/en\\\/produkt-kategorie\\\/sports\\\/outdoor\\\/\"},{\"@type\":\"ListItem\",\"position\":5,\"name\":\"Camping\",\"item\":\"https:\\\/\\\/schweizversand.ch\\\/en\\\/produkt-kategorie\\\/sports\\\/outdoor\\\/camping\\\/\"},{\"@type\":\"ListItem\",\"position\":6,\"name\":\"Trespass ROCKIE &#8211; Tent pegs for hard ground (5-pack)\"}]},{\"@type\":\"WebSite\",\"@id\":\"https:\\\/\\\/schweizversand.ch\\\/en\\\/#website\",\"url\":\"https:\\\/\\\/schweizversand.ch\\\/en\\\/\",\"name\":\"Schweizer Shop f\u00fcr Sport, Spiel und Freizeit\",\"description\":\"Gratisversand ab 50.- (netto), ab eigenem schweizer Lager, Lieferung innert 48h\",\"publisher\":{\"@id\":\"https:\\\/\\\/schweizversand.ch\\\/en\\\/#organization\"},\"alternateName\":\"Schweizversand.ch\",\"potentialAction\":[{\"@type\":\"SearchAction\",\"target\":{\"@type\":\"EntryPoint\",\"urlTemplate\":\"https:\\\/\\\/schweizversand.ch\\\/en\\\/?s={search_term_string}\"},\"query-input\":{\"@type\":\"PropertyValueSpecification\",\"valueRequired\":true,\"valueName\":\"search_term_string\"}}],\"inLanguage\":\"en-US\"},{\"@type\":\"Organization\",\"@id\":\"https:\\\/\\\/schweizversand.ch\\\/en\\\/#organization\",\"name\":\"Schweizversand.ch\",\"url\":\"https:\\\/\\\/schweizversand.ch\\\/en\\\/\",\"logo\":{\"@type\":\"ImageObject\",\"inLanguage\":\"en-US\",\"@id\":\"https:\\\/\\\/schweizversand.ch\\\/en\\\/#\\\/schema\\\/logo\\\/image\\\/\",\"url\":\"https:\\\/\\\/schweizversand.ch\\\/wp-content\\\/uploads\\\/2026\\\/03\\\/Logo_Rund_Final-1.png\",\"contentUrl\":\"https:\\\/\\\/schweizversand.ch\\\/wp-content\\\/uploads\\\/2026\\\/03\\\/Logo_Rund_Final-1.png\",\"width\":404,\"height\":404,\"caption\":\"Schweizversand.ch\"},\"image\":{\"@id\":\"https:\\\/\\\/schweizversand.ch\\\/en\\\/#\\\/schema\\\/logo\\\/image\\\/\"},\"sameAs\":[\"https:\\\/\\\/www.facebook.com\\\/Schweizversand\",\"https:\\\/\\\/www.instagram.com\\\/schweizversand.ch\\\/\"]}]}<\/script>\n<!-- \/ Yoast SEO plugin. -->","yoast_head_json":{"title":"Trespass ROCKIE - Zelthering f\u00fcr harten Boden (5er Set)","description":"Entdecken Sie die Trespass ROCKIE Zeltheringe - Ihr unverzichtbares Zubeh\u00f6r f\u00fcr den harten Boden! Dieses praktische 5er Set enth\u00e4lt 5 Stahlheringe mit strapazie","robots":{"index":"index","follow":"follow","max-snippet":"max-snippet:-1","max-image-preview":"max-image-preview:large","max-video-preview":"max-video-preview:-1"},"canonical":"https:\/\/schweizversand.ch\/en\/produkt\/trespass-rockie-zelthering-fuer-harten-boden-5er-set\/","og_locale":"en_US","og_type":"article","og_title":"Trespass ROCKIE - Zelthering f\u00fcr harten Boden (5er Set)","og_description":"Entdecken Sie die Trespass ROCKIE Zeltheringe - Ihr unverzichtbares Zubeh\u00f6r f\u00fcr den harten Boden! Dieses praktische 5er Set enth\u00e4lt 5 Stahlheringe mit strapazie","og_url":"https:\/\/schweizversand.ch\/en\/produkt\/trespass-rockie-zelthering-fuer-harten-boden-5er-set\/","og_site_name":"Schweizer Shop f\u00fcr Sport, Spiel und Freizeit","article_publisher":"https:\/\/www.facebook.com\/Schweizversand","article_modified_time":"2026-04-19T13:33:45+00:00","og_image":[{"width":529,"height":1024,"url":"https:\/\/schweizversand.ch\/wp-content\/uploads\/2026\/02\/5471515786.jpg","type":"image\/jpeg"}],"twitter_card":"summary_large_image","twitter_misc":{"Est. reading time":"1 minute"},"schema":{"@context":"https:\/\/schema.org","@graph":[{"@type":"WebPage","@id":"https:\/\/schweizversand.ch\/en\/produkt\/trespass-rockie-zelthering-fuer-harten-boden-5er-set\/","url":"https:\/\/schweizversand.ch\/en\/produkt\/trespass-rockie-zelthering-fuer-harten-boden-5er-set\/","name":"Trespass ROCKIE - Zelthering f\u00fcr harten Boden (5er Set)","isPartOf":{"@id":"https:\/\/schweizversand.ch\/en\/#website"},"primaryImageOfPage":{"@id":"https:\/\/schweizversand.ch\/en\/produkt\/trespass-rockie-zelthering-fuer-harten-boden-5er-set\/#primaryimage"},"image":{"@id":"https:\/\/schweizversand.ch\/en\/produkt\/trespass-rockie-zelthering-fuer-harten-boden-5er-set\/#primaryimage"},"thumbnailUrl":"https:\/\/schweizversand.ch\/wp-content\/uploads\/2026\/02\/5471515786.jpg","datePublished":"2026-03-14T23:56:43+00:00","dateModified":"2026-04-19T13:33:45+00:00","description":"Entdecken Sie die Trespass ROCKIE Zeltheringe - Ihr unverzichtbares Zubeh\u00f6r f\u00fcr den harten Boden! Dieses praktische 5er Set enth\u00e4lt 5 Stahlheringe mit strapazie","breadcrumb":{"@id":"https:\/\/schweizversand.ch\/en\/produkt\/trespass-rockie-zelthering-fuer-harten-boden-5er-set\/#breadcrumb"},"inLanguage":"en-US","potentialAction":[{"@type":"ReadAction","target":["https:\/\/schweizversand.ch\/en\/produkt\/trespass-rockie-zelthering-fuer-harten-boden-5er-set\/"]}]},{"@type":"ImageObject","inLanguage":"en-US","@id":"https:\/\/schweizversand.ch\/en\/produkt\/trespass-rockie-zelthering-fuer-harten-boden-5er-set\/#primaryimage","url":"https:\/\/schweizversand.ch\/wp-content\/uploads\/2026\/02\/5471515786.jpg","contentUrl":"https:\/\/schweizversand.ch\/wp-content\/uploads\/2026\/02\/5471515786.jpg","width":529,"height":1024},{"@type":"BreadcrumbList","@id":"https:\/\/schweizversand.ch\/en\/produkt\/trespass-rockie-zelthering-fuer-harten-boden-5er-set\/#breadcrumb","itemListElement":[{"@type":"ListItem","position":1,"name":"Startseite","item":"https:\/\/schweizversand.ch\/en\/"},{"@type":"ListItem","position":2,"name":"Shop","item":"https:\/\/schweizversand.ch\/en\/shop\/"},{"@type":"ListItem","position":3,"name":"Sports","item":"https:\/\/schweizversand.ch\/en\/produkt-kategorie\/sports\/"},{"@type":"ListItem","position":4,"name":"Outdoor","item":"https:\/\/schweizversand.ch\/en\/produkt-kategorie\/sports\/outdoor\/"},{"@type":"ListItem","position":5,"name":"Camping","item":"https:\/\/schweizversand.ch\/en\/produkt-kategorie\/sports\/outdoor\/camping\/"},{"@type":"ListItem","position":6,"name":"Trespass ROCKIE &#8211; Tent pegs for hard ground (5-pack)"}]},{"@type":"WebSite","@id":"https:\/\/schweizversand.ch\/en\/#website","url":"https:\/\/schweizversand.ch\/en\/","name":"Schweizer Shop f\u00fcr Sport, Spiel und Freizeit","description":"Gratisversand ab 50.- (netto), ab eigenem schweizer Lager, Lieferung innert 48h","publisher":{"@id":"https:\/\/schweizversand.ch\/en\/#organization"},"alternateName":"Schweizversand.ch","potentialAction":[{"@type":"SearchAction","target":{"@type":"EntryPoint","urlTemplate":"https:\/\/schweizversand.ch\/en\/?s={search_term_string}"},"query-input":{"@type":"PropertyValueSpecification","valueRequired":true,"valueName":"search_term_string"}}],"inLanguage":"en-US"},{"@type":"Organization","@id":"https:\/\/schweizversand.ch\/en\/#organization","name":"Schweizversand.ch","url":"https:\/\/schweizversand.ch\/en\/","logo":{"@type":"ImageObject","inLanguage":"en-US","@id":"https:\/\/schweizversand.ch\/en\/#\/schema\/logo\/image\/","url":"https:\/\/schweizversand.ch\/wp-content\/uploads\/2026\/03\/Logo_Rund_Final-1.png","contentUrl":"https:\/\/schweizversand.ch\/wp-content\/uploads\/2026\/03\/Logo_Rund_Final-1.png","width":404,"height":404,"caption":"Schweizversand.ch"},"image":{"@id":"https:\/\/schweizversand.ch\/en\/#\/schema\/logo\/image\/"},"sameAs":["https:\/\/www.facebook.com\/Schweizversand","https:\/\/www.instagram.com\/schweizversand.ch\/"]}]}},"jetpack_sharing_enabled":true,"_links":{"self":[{"href":"https:\/\/schweizversand.ch\/en\/wp-json\/wp\/v2\/product\/259624","targetHints":{"allow":["GET"]}}],"collection":[{"href":"https:\/\/schweizversand.ch\/en\/wp-json\/wp\/v2\/product"}],"about":[{"href":"https:\/\/schweizversand.ch\/en\/wp-json\/wp\/v2\/types\/product"}],"replies":[{"embeddable":true,"href":"https:\/\/schweizversand.ch\/en\/wp-json\/wp\/v2\/comments?post=259624"}],"wp:featuredmedia":[{"embeddable":true,"href":"https:\/\/schweizversand.ch\/en\/wp-json\/wp\/v2\/media\/163315"}],"wp:attachment":[{"href":"https:\/\/schweizversand.ch\/en\/wp-json\/wp\/v2\/media?parent=259624"}],"wp:term":[{"taxonomy":"product_brand","embeddable":true,"href":"https:\/\/schweizversand.ch\/en\/wp-json\/wp\/v2\/product_brand?post=259624"},{"taxonomy":"product_cat","embeddable":true,"href":"https:\/\/schweizversand.ch\/en\/wp-json\/wp\/v2\/product_cat?post=259624"},{"taxonomy":"product_tag","embeddable":true,"href":"https:\/\/schweizversand.ch\/en\/wp-json\/wp\/v2\/product_tag?post=259624"}],"curies":[{"name":"wp","href":"https:\/\/api.w.org\/{rel}","templated":true}]}}