{"id":259631,"date":"2026-03-20T02:01:11","date_gmt":"2026-03-20T01:01:11","guid":{"rendered":"https:\/\/schweizversand.ch\/produkt\/trespass-mirror-sportrucksack-inkl-trinkblase-2\/"},"modified":"2026-04-16T02:02:19","modified_gmt":"2026-04-16T00:02:19","slug":"trespass-mirror-sportrucksack-inkl-trinkblase-2","status":"publish","type":"product","link":"https:\/\/schweizversand.ch\/en\/produkt\/trespass-mirror-sportrucksack-inkl-trinkblase-2\/","title":{"rendered":"Trespass MIRROR &#8211; Sports backpack including hydration bladder"},"content":{"rendered":"<p>MIRROR is a sports backpack designed to meet the needs of runners and cyclists. It has a 15-liter capacity and includes a 2-liter water reservoir. The mesh hip belt and shoulder straps ensure optimal ventilation and carrying comfort, distributing the weight evenly.<\/p>\n","protected":false},"excerpt":{"rendered":"<p>Trespass MIRROR bietet 15 Liter Stauraum, 2-Liter-Trinkblase und atmungsaktive Tr\u00e4ger f\u00fcr optimalen Komfort bei Lauf- und Radtouren. Perfekt f\u00fcr aktive Sportler.<\/p>\n","protected":false},"featured_media":258389,"comment_status":"open","ping_status":"closed","template":"","meta":[],"product_brand":[],"product_cat":[38059],"product_tag":[],"class_list":{"0":"post-259631","1":"product","2":"type-product","3":"status-publish","4":"has-post-thumbnail","6":"product_cat-wandern","7":"product_shipping_class-global_methods","9":"first","10":"instock","11":"taxable","12":"shipping-taxable","13":"purchasable","14":"product-type-simple"},"yoast_head":"<!-- This site is optimized with the Yoast SEO plugin v27.4 - https:\/\/yoast.com\/product\/yoast-seo-wordpress\/ -->\n<title>Trespass MIRROR - Sportrucksack inkl. Trinkblase<\/title>\n<meta name=\"description\" content=\"MIRROR ist ein Sportrucksack, der auf die Bed\u00fcrfnisse von L\u00e4ufern und Radsportlern abgestimmt wurde. Das Fassungsverm\u00f6gen betr\u00e4gt 15 Liter und ein Wasserreservo\" \/>\n<meta name=\"robots\" content=\"index, follow, max-snippet:-1, max-image-preview:large, max-video-preview:-1\" \/>\n<link rel=\"canonical\" href=\"https:\/\/schweizversand.ch\/en\/produkt\/trespass-mirror-sportrucksack-inkl-trinkblase-2\/\" \/>\n<meta property=\"og:locale\" content=\"en_US\" \/>\n<meta property=\"og:type\" content=\"article\" \/>\n<meta property=\"og:title\" content=\"Trespass MIRROR - Sportrucksack inkl. Trinkblase\" \/>\n<meta property=\"og:description\" content=\"MIRROR ist ein Sportrucksack, der auf die Bed\u00fcrfnisse von L\u00e4ufern und Radsportlern abgestimmt wurde. Das Fassungsverm\u00f6gen betr\u00e4gt 15 Liter und ein Wasserreservo\" \/>\n<meta property=\"og:url\" content=\"https:\/\/schweizversand.ch\/en\/produkt\/trespass-mirror-sportrucksack-inkl-trinkblase-2\/\" \/>\n<meta property=\"og:site_name\" content=\"Schweizer Shop f\u00fcr Sport, Spiel und Freizeit\" \/>\n<meta property=\"article:publisher\" content=\"https:\/\/www.facebook.com\/Schweizversand\" \/>\n<meta property=\"article:modified_time\" content=\"2026-04-16T00:02:19+00:00\" \/>\n<meta property=\"og:image\" content=\"https:\/\/schweizversand.ch\/wp-content\/uploads\/2026\/03\/5471494420.jpg\" \/>\n\t<meta property=\"og:image:width\" content=\"1024\" \/>\n\t<meta property=\"og:image:height\" content=\"1008\" \/>\n\t<meta property=\"og:image:type\" content=\"image\/jpeg\" \/>\n<meta name=\"twitter:card\" content=\"summary_large_image\" \/>\n<script type=\"application\/ld+json\" class=\"yoast-schema-graph\">{\"@context\":\"https:\\\/\\\/schema.org\",\"@graph\":[{\"@type\":\"WebPage\",\"@id\":\"https:\\\/\\\/schweizversand.ch\\\/en\\\/produkt\\\/trespass-mirror-sportrucksack-inkl-trinkblase-2\\\/\",\"url\":\"https:\\\/\\\/schweizversand.ch\\\/en\\\/produkt\\\/trespass-mirror-sportrucksack-inkl-trinkblase-2\\\/\",\"name\":\"Trespass MIRROR - Sportrucksack inkl. Trinkblase\",\"isPartOf\":{\"@id\":\"https:\\\/\\\/schweizversand.ch\\\/en\\\/#website\"},\"primaryImageOfPage\":{\"@id\":\"https:\\\/\\\/schweizversand.ch\\\/en\\\/produkt\\\/trespass-mirror-sportrucksack-inkl-trinkblase-2\\\/#primaryimage\"},\"image\":{\"@id\":\"https:\\\/\\\/schweizversand.ch\\\/en\\\/produkt\\\/trespass-mirror-sportrucksack-inkl-trinkblase-2\\\/#primaryimage\"},\"thumbnailUrl\":\"https:\\\/\\\/schweizversand.ch\\\/wp-content\\\/uploads\\\/2026\\\/03\\\/5471494420.jpg\",\"datePublished\":\"2026-03-20T01:01:11+00:00\",\"dateModified\":\"2026-04-16T00:02:19+00:00\",\"description\":\"MIRROR ist ein Sportrucksack, der auf die Bed\u00fcrfnisse von L\u00e4ufern und Radsportlern abgestimmt wurde. Das Fassungsverm\u00f6gen betr\u00e4gt 15 Liter und ein Wasserreservo\",\"breadcrumb\":{\"@id\":\"https:\\\/\\\/schweizversand.ch\\\/en\\\/produkt\\\/trespass-mirror-sportrucksack-inkl-trinkblase-2\\\/#breadcrumb\"},\"inLanguage\":\"en-US\",\"potentialAction\":[{\"@type\":\"ReadAction\",\"target\":[\"https:\\\/\\\/schweizversand.ch\\\/en\\\/produkt\\\/trespass-mirror-sportrucksack-inkl-trinkblase-2\\\/\"]}]},{\"@type\":\"ImageObject\",\"inLanguage\":\"en-US\",\"@id\":\"https:\\\/\\\/schweizversand.ch\\\/en\\\/produkt\\\/trespass-mirror-sportrucksack-inkl-trinkblase-2\\\/#primaryimage\",\"url\":\"https:\\\/\\\/schweizversand.ch\\\/wp-content\\\/uploads\\\/2026\\\/03\\\/5471494420.jpg\",\"contentUrl\":\"https:\\\/\\\/schweizversand.ch\\\/wp-content\\\/uploads\\\/2026\\\/03\\\/5471494420.jpg\",\"width\":1024,\"height\":1008},{\"@type\":\"BreadcrumbList\",\"@id\":\"https:\\\/\\\/schweizversand.ch\\\/en\\\/produkt\\\/trespass-mirror-sportrucksack-inkl-trinkblase-2\\\/#breadcrumb\",\"itemListElement\":[{\"@type\":\"ListItem\",\"position\":1,\"name\":\"Startseite\",\"item\":\"https:\\\/\\\/schweizversand.ch\\\/en\\\/\"},{\"@type\":\"ListItem\",\"position\":2,\"name\":\"Shop\",\"item\":\"https:\\\/\\\/schweizversand.ch\\\/en\\\/shop\\\/\"},{\"@type\":\"ListItem\",\"position\":3,\"name\":\"Sports\",\"item\":\"https:\\\/\\\/schweizversand.ch\\\/en\\\/produkt-kategorie\\\/sports\\\/\"},{\"@type\":\"ListItem\",\"position\":4,\"name\":\"Outdoor\",\"item\":\"https:\\\/\\\/schweizversand.ch\\\/en\\\/produkt-kategorie\\\/sports\\\/outdoor\\\/\"},{\"@type\":\"ListItem\",\"position\":5,\"name\":\"Hiking\",\"item\":\"https:\\\/\\\/schweizversand.ch\\\/en\\\/produkt-kategorie\\\/sports\\\/outdoor\\\/wandern\\\/\"},{\"@type\":\"ListItem\",\"position\":6,\"name\":\"Trespass MIRROR &#8211; Sports backpack including hydration bladder\"}]},{\"@type\":\"WebSite\",\"@id\":\"https:\\\/\\\/schweizversand.ch\\\/en\\\/#website\",\"url\":\"https:\\\/\\\/schweizversand.ch\\\/en\\\/\",\"name\":\"Schweizer Shop f\u00fcr Sport, Spiel und Freizeit\",\"description\":\"Gratisversand ab 50.- (netto), ab eigenem schweizer Lager, Lieferung innert 48h\",\"publisher\":{\"@id\":\"https:\\\/\\\/schweizversand.ch\\\/en\\\/#organization\"},\"alternateName\":\"Schweizversand.ch\",\"potentialAction\":[{\"@type\":\"SearchAction\",\"target\":{\"@type\":\"EntryPoint\",\"urlTemplate\":\"https:\\\/\\\/schweizversand.ch\\\/en\\\/?s={search_term_string}\"},\"query-input\":{\"@type\":\"PropertyValueSpecification\",\"valueRequired\":true,\"valueName\":\"search_term_string\"}}],\"inLanguage\":\"en-US\"},{\"@type\":\"Organization\",\"@id\":\"https:\\\/\\\/schweizversand.ch\\\/en\\\/#organization\",\"name\":\"Schweizversand.ch\",\"url\":\"https:\\\/\\\/schweizversand.ch\\\/en\\\/\",\"logo\":{\"@type\":\"ImageObject\",\"inLanguage\":\"en-US\",\"@id\":\"https:\\\/\\\/schweizversand.ch\\\/en\\\/#\\\/schema\\\/logo\\\/image\\\/\",\"url\":\"https:\\\/\\\/schweizversand.ch\\\/wp-content\\\/uploads\\\/2026\\\/03\\\/Logo_Rund_Final-1.png\",\"contentUrl\":\"https:\\\/\\\/schweizversand.ch\\\/wp-content\\\/uploads\\\/2026\\\/03\\\/Logo_Rund_Final-1.png\",\"width\":404,\"height\":404,\"caption\":\"Schweizversand.ch\"},\"image\":{\"@id\":\"https:\\\/\\\/schweizversand.ch\\\/en\\\/#\\\/schema\\\/logo\\\/image\\\/\"},\"sameAs\":[\"https:\\\/\\\/www.facebook.com\\\/Schweizversand\",\"https:\\\/\\\/www.instagram.com\\\/schweizversand.ch\\\/\"]}]}<\/script>\n<!-- \/ Yoast SEO plugin. -->","yoast_head_json":{"title":"Trespass MIRROR - Sportrucksack inkl. Trinkblase","description":"MIRROR ist ein Sportrucksack, der auf die Bed\u00fcrfnisse von L\u00e4ufern und Radsportlern abgestimmt wurde. Das Fassungsverm\u00f6gen betr\u00e4gt 15 Liter und ein Wasserreservo","robots":{"index":"index","follow":"follow","max-snippet":"max-snippet:-1","max-image-preview":"max-image-preview:large","max-video-preview":"max-video-preview:-1"},"canonical":"https:\/\/schweizversand.ch\/en\/produkt\/trespass-mirror-sportrucksack-inkl-trinkblase-2\/","og_locale":"en_US","og_type":"article","og_title":"Trespass MIRROR - Sportrucksack inkl. Trinkblase","og_description":"MIRROR ist ein Sportrucksack, der auf die Bed\u00fcrfnisse von L\u00e4ufern und Radsportlern abgestimmt wurde. Das Fassungsverm\u00f6gen betr\u00e4gt 15 Liter und ein Wasserreservo","og_url":"https:\/\/schweizversand.ch\/en\/produkt\/trespass-mirror-sportrucksack-inkl-trinkblase-2\/","og_site_name":"Schweizer Shop f\u00fcr Sport, Spiel und Freizeit","article_publisher":"https:\/\/www.facebook.com\/Schweizversand","article_modified_time":"2026-04-16T00:02:19+00:00","og_image":[{"width":1024,"height":1008,"url":"https:\/\/schweizversand.ch\/wp-content\/uploads\/2026\/03\/5471494420.jpg","type":"image\/jpeg"}],"twitter_card":"summary_large_image","schema":{"@context":"https:\/\/schema.org","@graph":[{"@type":"WebPage","@id":"https:\/\/schweizversand.ch\/en\/produkt\/trespass-mirror-sportrucksack-inkl-trinkblase-2\/","url":"https:\/\/schweizversand.ch\/en\/produkt\/trespass-mirror-sportrucksack-inkl-trinkblase-2\/","name":"Trespass MIRROR - Sportrucksack inkl. Trinkblase","isPartOf":{"@id":"https:\/\/schweizversand.ch\/en\/#website"},"primaryImageOfPage":{"@id":"https:\/\/schweizversand.ch\/en\/produkt\/trespass-mirror-sportrucksack-inkl-trinkblase-2\/#primaryimage"},"image":{"@id":"https:\/\/schweizversand.ch\/en\/produkt\/trespass-mirror-sportrucksack-inkl-trinkblase-2\/#primaryimage"},"thumbnailUrl":"https:\/\/schweizversand.ch\/wp-content\/uploads\/2026\/03\/5471494420.jpg","datePublished":"2026-03-20T01:01:11+00:00","dateModified":"2026-04-16T00:02:19+00:00","description":"MIRROR ist ein Sportrucksack, der auf die Bed\u00fcrfnisse von L\u00e4ufern und Radsportlern abgestimmt wurde. Das Fassungsverm\u00f6gen betr\u00e4gt 15 Liter und ein Wasserreservo","breadcrumb":{"@id":"https:\/\/schweizversand.ch\/en\/produkt\/trespass-mirror-sportrucksack-inkl-trinkblase-2\/#breadcrumb"},"inLanguage":"en-US","potentialAction":[{"@type":"ReadAction","target":["https:\/\/schweizversand.ch\/en\/produkt\/trespass-mirror-sportrucksack-inkl-trinkblase-2\/"]}]},{"@type":"ImageObject","inLanguage":"en-US","@id":"https:\/\/schweizversand.ch\/en\/produkt\/trespass-mirror-sportrucksack-inkl-trinkblase-2\/#primaryimage","url":"https:\/\/schweizversand.ch\/wp-content\/uploads\/2026\/03\/5471494420.jpg","contentUrl":"https:\/\/schweizversand.ch\/wp-content\/uploads\/2026\/03\/5471494420.jpg","width":1024,"height":1008},{"@type":"BreadcrumbList","@id":"https:\/\/schweizversand.ch\/en\/produkt\/trespass-mirror-sportrucksack-inkl-trinkblase-2\/#breadcrumb","itemListElement":[{"@type":"ListItem","position":1,"name":"Startseite","item":"https:\/\/schweizversand.ch\/en\/"},{"@type":"ListItem","position":2,"name":"Shop","item":"https:\/\/schweizversand.ch\/en\/shop\/"},{"@type":"ListItem","position":3,"name":"Sports","item":"https:\/\/schweizversand.ch\/en\/produkt-kategorie\/sports\/"},{"@type":"ListItem","position":4,"name":"Outdoor","item":"https:\/\/schweizversand.ch\/en\/produkt-kategorie\/sports\/outdoor\/"},{"@type":"ListItem","position":5,"name":"Hiking","item":"https:\/\/schweizversand.ch\/en\/produkt-kategorie\/sports\/outdoor\/wandern\/"},{"@type":"ListItem","position":6,"name":"Trespass MIRROR &#8211; Sports backpack including hydration bladder"}]},{"@type":"WebSite","@id":"https:\/\/schweizversand.ch\/en\/#website","url":"https:\/\/schweizversand.ch\/en\/","name":"Schweizer Shop f\u00fcr Sport, Spiel und Freizeit","description":"Gratisversand ab 50.- (netto), ab eigenem schweizer Lager, Lieferung innert 48h","publisher":{"@id":"https:\/\/schweizversand.ch\/en\/#organization"},"alternateName":"Schweizversand.ch","potentialAction":[{"@type":"SearchAction","target":{"@type":"EntryPoint","urlTemplate":"https:\/\/schweizversand.ch\/en\/?s={search_term_string}"},"query-input":{"@type":"PropertyValueSpecification","valueRequired":true,"valueName":"search_term_string"}}],"inLanguage":"en-US"},{"@type":"Organization","@id":"https:\/\/schweizversand.ch\/en\/#organization","name":"Schweizversand.ch","url":"https:\/\/schweizversand.ch\/en\/","logo":{"@type":"ImageObject","inLanguage":"en-US","@id":"https:\/\/schweizversand.ch\/en\/#\/schema\/logo\/image\/","url":"https:\/\/schweizversand.ch\/wp-content\/uploads\/2026\/03\/Logo_Rund_Final-1.png","contentUrl":"https:\/\/schweizversand.ch\/wp-content\/uploads\/2026\/03\/Logo_Rund_Final-1.png","width":404,"height":404,"caption":"Schweizversand.ch"},"image":{"@id":"https:\/\/schweizversand.ch\/en\/#\/schema\/logo\/image\/"},"sameAs":["https:\/\/www.facebook.com\/Schweizversand","https:\/\/www.instagram.com\/schweizversand.ch\/"]}]}},"jetpack_sharing_enabled":true,"_links":{"self":[{"href":"https:\/\/schweizversand.ch\/en\/wp-json\/wp\/v2\/product\/259631","targetHints":{"allow":["GET"]}}],"collection":[{"href":"https:\/\/schweizversand.ch\/en\/wp-json\/wp\/v2\/product"}],"about":[{"href":"https:\/\/schweizversand.ch\/en\/wp-json\/wp\/v2\/types\/product"}],"replies":[{"embeddable":true,"href":"https:\/\/schweizversand.ch\/en\/wp-json\/wp\/v2\/comments?post=259631"}],"wp:featuredmedia":[{"embeddable":true,"href":"https:\/\/schweizversand.ch\/en\/wp-json\/wp\/v2\/media\/258389"}],"wp:attachment":[{"href":"https:\/\/schweizversand.ch\/en\/wp-json\/wp\/v2\/media?parent=259631"}],"wp:term":[{"taxonomy":"product_brand","embeddable":true,"href":"https:\/\/schweizversand.ch\/en\/wp-json\/wp\/v2\/product_brand?post=259631"},{"taxonomy":"product_cat","embeddable":true,"href":"https:\/\/schweizversand.ch\/en\/wp-json\/wp\/v2\/product_cat?post=259631"},{"taxonomy":"product_tag","embeddable":true,"href":"https:\/\/schweizversand.ch\/en\/wp-json\/wp\/v2\/product_tag?post=259631"}],"curies":[{"name":"wp","href":"https:\/\/api.w.org\/{rel}","templated":true}]}}