{"id":259640,"date":"2026-03-15T00:56:44","date_gmt":"2026-03-14T23:56:44","guid":{"rendered":"https:\/\/schweizversand.ch\/produkt\/winmau-kairos-steel-tip-dartpfeile-26g\/"},"modified":"2026-04-19T02:02:19","modified_gmt":"2026-04-19T00:02:19","slug":"winmau-kairos-steel-tip-dartpfeile-26g","status":"publish","type":"product","link":"https:\/\/schweizversand.ch\/en\/produkt\/winmau-kairos-steel-tip-dartpfeile-26g\/","title":{"rendered":"Winmau Kairos Steel Tip Darts 26G"},"content":{"rendered":"<p>Kairos Steel Darts \u2013 Precision Perfected<\/p>\n<\/p>\n<p>Kairos steel darts, crafted from a high-quality 90% tungsten alloy, are designed for players who demand peak performance. Engineered for consistent throw speed and maximum control, these darts feature a thoughtfully designed grip configuration across the entire barrel \u2013 ideal for precise and repeatable throws.<\/p>\n<\/p>\n<p>The innovative Ripsaw profile provides exceptional grip, giving you the confidence you need at the crucial moment of release. Each dart sits securely in your hand \u2013 for absolute control and an explosive feel with every throw.<\/p>\n<\/p>\n<p>The elegant, atomized finish accentuates the modern design with clean lines and a subtle look. Kairos steel darts are the perfect choice for ambitious players who value technique, style, and performance. Experience darts on a new level \u2013 with Kairos.<\/p>\n<\/p>\n<p>Details:<\/p>\n<p>&#8230;Kairos Steel Darts \u2013 &lt;p&gt;<\/p>\n<\/p>\n<p>`&lt;p&gt;<\/p>\n<p>`&lt;p&gt;<\/p>\n<p>`&lt;p&gt;<\/p>\n<p>`&lt;p&gt;<\/p>\n<p>`&lt;p&gt;<\/p>\n<p>`&lt;p&gt;<\/p>\n<p>`&lt;p&gt;<\/p>\n<\/p>\n<p>`&lt;p&gt;<\/p>\n<\/p>\n<p>`&lt;p&gt;<\/p>\n<\/p>\n<p>`&lt;p&gt;<\/p>\n<\/p>\n<p>`&lt;p&gt;<\/p>\n<\/p>\n<p>`&lt;p&gt;<\/p>\n<\/p>\n<p>`&lt;p&gt;<\/p>\n<\/p>\n<p>`&lt;p&gt;<\/p>\n<\/p>\n<p>`&lt;p&gt;<\/p>\n<\/p>\n<p>`&lt;p&gt; \u2022 Flights: X1 Prisma Delta Standard extra thick 6915-281<\/p>\n<\/p>\n<p>\u2022 Shafts: x1 Vecta short 7025-114<\/p>\n<\/p>\n<p>\u2022 Weight: 26 grams<\/p>\n<\/p>\n<p>\u2022 Material: 90% tungsten alloy<\/p>\n<\/p>\n<p>\u2022 Weight distribution: Center<\/p>\n<\/p>\n<p>\u2022 Barrel profile: Torpedo<\/p>\n<\/p>\n<p>\u2022 Front profile: Tapered<\/p>\n<\/p>\n<p>\u2022 Tip type: Silver effect with high tensile strength<\/p>\n<\/p>\n<p>\u2022 Dart grip features<\/p>\n<\/p>\n<p>&#8211; Grip zone: Full length<\/p>\n<\/p>\n<p>&#8211; Grip type: Ripsaw grip<\/p>\n<\/p>\n<p>Grip Level: 5 (1 = Soft, 5 = Aggressive)<\/p>\n<\/p>\n<p>\u2022 Laser Engraving: Winmau W Logo<\/p>\n<\/p>\n<p>\u2022 Surface: Atomized<\/p>\n<\/p>\n<p>\u2022 Dimensions: 7.3 mm x 50.8 mm<\/p>\n","protected":false},"excerpt":{"rendered":"<p>Winmau Kairos Steel Tip Dartpfeile 26G bieten h\u00f6chste Pr\u00e4zision, perfekten Grip dank Ripsaw-Profil und maximale Kontrolle f\u00fcr dein bestes Spiel auf Profi-Niveau.<\/p>\n","protected":false},"featured_media":163411,"comment_status":"open","ping_status":"closed","template":"","meta":[],"product_brand":[],"product_cat":[39175],"product_tag":[],"class_list":{"0":"post-259640","1":"product","2":"type-product","3":"status-publish","4":"has-post-thumbnail","6":"product_cat-dart","7":"product_shipping_class-global_methods","9":"first","10":"instock","11":"taxable","12":"shipping-taxable","13":"purchasable","14":"product-type-simple"},"yoast_head":"<!-- This site is optimized with the Yoast SEO plugin v27.4 - https:\/\/yoast.com\/product\/yoast-seo-wordpress\/ -->\n<title>Winmau Kairos Steel Tip Dartpfeile 26G<\/title>\n<meta name=\"description\" content=\"Kairos Steel Darts \u2013 Pr\u00e4zision in Perfektion Die Kairos Steel Darts aus hochwertiger 90 % Tungsten-Legierung sind gemacht f\u00fcr Spieler, die auf h\u00f6chstem Niveau\" \/>\n<meta name=\"robots\" content=\"index, follow, max-snippet:-1, max-image-preview:large, max-video-preview:-1\" \/>\n<link rel=\"canonical\" href=\"https:\/\/schweizversand.ch\/en\/produkt\/winmau-kairos-steel-tip-dartpfeile-26g\/\" \/>\n<meta property=\"og:locale\" content=\"en_US\" \/>\n<meta property=\"og:type\" content=\"article\" \/>\n<meta property=\"og:title\" content=\"Winmau Kairos Steel Tip Dartpfeile 26G\" \/>\n<meta property=\"og:description\" content=\"Kairos Steel Darts \u2013 Pr\u00e4zision in Perfektion Die Kairos Steel Darts aus hochwertiger 90 % Tungsten-Legierung sind gemacht f\u00fcr Spieler, die auf h\u00f6chstem Niveau\" \/>\n<meta property=\"og:url\" content=\"https:\/\/schweizversand.ch\/en\/produkt\/winmau-kairos-steel-tip-dartpfeile-26g\/\" \/>\n<meta property=\"og:site_name\" content=\"Schweizer Shop f\u00fcr Sport, Spiel und Freizeit\" \/>\n<meta property=\"article:publisher\" content=\"https:\/\/www.facebook.com\/Schweizversand\" \/>\n<meta property=\"article:modified_time\" content=\"2026-04-19T00:02:19+00:00\" \/>\n<meta property=\"og:image\" content=\"https:\/\/schweizversand.ch\/wp-content\/uploads\/2026\/02\/5471855636.jpg\" \/>\n\t<meta property=\"og:image:width\" content=\"1024\" \/>\n\t<meta property=\"og:image:height\" content=\"1024\" \/>\n\t<meta property=\"og:image:type\" content=\"image\/jpeg\" \/>\n<meta name=\"twitter:card\" content=\"summary_large_image\" \/>\n<meta name=\"twitter:label1\" content=\"Est. reading time\" \/>\n\t<meta name=\"twitter:data1\" content=\"1 minute\" \/>\n<script type=\"application\/ld+json\" class=\"yoast-schema-graph\">{\"@context\":\"https:\\\/\\\/schema.org\",\"@graph\":[{\"@type\":\"WebPage\",\"@id\":\"https:\\\/\\\/schweizversand.ch\\\/en\\\/produkt\\\/winmau-kairos-steel-tip-dartpfeile-26g\\\/\",\"url\":\"https:\\\/\\\/schweizversand.ch\\\/en\\\/produkt\\\/winmau-kairos-steel-tip-dartpfeile-26g\\\/\",\"name\":\"Winmau Kairos Steel Tip Dartpfeile 26G\",\"isPartOf\":{\"@id\":\"https:\\\/\\\/schweizversand.ch\\\/en\\\/#website\"},\"primaryImageOfPage\":{\"@id\":\"https:\\\/\\\/schweizversand.ch\\\/en\\\/produkt\\\/winmau-kairos-steel-tip-dartpfeile-26g\\\/#primaryimage\"},\"image\":{\"@id\":\"https:\\\/\\\/schweizversand.ch\\\/en\\\/produkt\\\/winmau-kairos-steel-tip-dartpfeile-26g\\\/#primaryimage\"},\"thumbnailUrl\":\"https:\\\/\\\/schweizversand.ch\\\/wp-content\\\/uploads\\\/2026\\\/02\\\/5471855636.jpg\",\"datePublished\":\"2026-03-14T23:56:44+00:00\",\"dateModified\":\"2026-04-19T00:02:19+00:00\",\"description\":\"Kairos Steel Darts \u2013 Pr\u00e4zision in Perfektion Die Kairos Steel Darts aus hochwertiger 90 % Tungsten-Legierung sind gemacht f\u00fcr Spieler, die auf h\u00f6chstem Niveau\",\"breadcrumb\":{\"@id\":\"https:\\\/\\\/schweizversand.ch\\\/en\\\/produkt\\\/winmau-kairos-steel-tip-dartpfeile-26g\\\/#breadcrumb\"},\"inLanguage\":\"en-US\",\"potentialAction\":[{\"@type\":\"ReadAction\",\"target\":[\"https:\\\/\\\/schweizversand.ch\\\/en\\\/produkt\\\/winmau-kairos-steel-tip-dartpfeile-26g\\\/\"]}]},{\"@type\":\"ImageObject\",\"inLanguage\":\"en-US\",\"@id\":\"https:\\\/\\\/schweizversand.ch\\\/en\\\/produkt\\\/winmau-kairos-steel-tip-dartpfeile-26g\\\/#primaryimage\",\"url\":\"https:\\\/\\\/schweizversand.ch\\\/wp-content\\\/uploads\\\/2026\\\/02\\\/5471855636.jpg\",\"contentUrl\":\"https:\\\/\\\/schweizversand.ch\\\/wp-content\\\/uploads\\\/2026\\\/02\\\/5471855636.jpg\",\"width\":1024,\"height\":1024},{\"@type\":\"BreadcrumbList\",\"@id\":\"https:\\\/\\\/schweizversand.ch\\\/en\\\/produkt\\\/winmau-kairos-steel-tip-dartpfeile-26g\\\/#breadcrumb\",\"itemListElement\":[{\"@type\":\"ListItem\",\"position\":1,\"name\":\"Startseite\",\"item\":\"https:\\\/\\\/schweizversand.ch\\\/en\\\/\"},{\"@type\":\"ListItem\",\"position\":2,\"name\":\"Shop\",\"item\":\"https:\\\/\\\/schweizversand.ch\\\/en\\\/shop\\\/\"},{\"@type\":\"ListItem\",\"position\":3,\"name\":\"Sports\",\"item\":\"https:\\\/\\\/schweizversand.ch\\\/en\\\/produkt-kategorie\\\/sports\\\/\"},{\"@type\":\"ListItem\",\"position\":4,\"name\":\"ball sports &amp; darts\",\"item\":\"https:\\\/\\\/schweizversand.ch\\\/en\\\/produkt-kategorie\\\/sports\\\/ball-sports-darts\\\/\"},{\"@type\":\"ListItem\",\"position\":5,\"name\":\"Darts\",\"item\":\"https:\\\/\\\/schweizversand.ch\\\/en\\\/produkt-kategorie\\\/dart-2\\\/\"},{\"@type\":\"ListItem\",\"position\":6,\"name\":\"Winmau Kairos Steel Tip Darts 26G\"}]},{\"@type\":\"WebSite\",\"@id\":\"https:\\\/\\\/schweizversand.ch\\\/en\\\/#website\",\"url\":\"https:\\\/\\\/schweizversand.ch\\\/en\\\/\",\"name\":\"Schweizer Shop f\u00fcr Sport, Spiel und Freizeit\",\"description\":\"Gratisversand ab 50.- (netto), ab eigenem schweizer Lager, Lieferung innert 48h\",\"publisher\":{\"@id\":\"https:\\\/\\\/schweizversand.ch\\\/en\\\/#organization\"},\"alternateName\":\"Schweizversand.ch\",\"potentialAction\":[{\"@type\":\"SearchAction\",\"target\":{\"@type\":\"EntryPoint\",\"urlTemplate\":\"https:\\\/\\\/schweizversand.ch\\\/en\\\/?s={search_term_string}\"},\"query-input\":{\"@type\":\"PropertyValueSpecification\",\"valueRequired\":true,\"valueName\":\"search_term_string\"}}],\"inLanguage\":\"en-US\"},{\"@type\":\"Organization\",\"@id\":\"https:\\\/\\\/schweizversand.ch\\\/en\\\/#organization\",\"name\":\"Schweizversand.ch\",\"url\":\"https:\\\/\\\/schweizversand.ch\\\/en\\\/\",\"logo\":{\"@type\":\"ImageObject\",\"inLanguage\":\"en-US\",\"@id\":\"https:\\\/\\\/schweizversand.ch\\\/en\\\/#\\\/schema\\\/logo\\\/image\\\/\",\"url\":\"https:\\\/\\\/schweizversand.ch\\\/wp-content\\\/uploads\\\/2026\\\/03\\\/Logo_Rund_Final-1.png\",\"contentUrl\":\"https:\\\/\\\/schweizversand.ch\\\/wp-content\\\/uploads\\\/2026\\\/03\\\/Logo_Rund_Final-1.png\",\"width\":404,\"height\":404,\"caption\":\"Schweizversand.ch\"},\"image\":{\"@id\":\"https:\\\/\\\/schweizversand.ch\\\/en\\\/#\\\/schema\\\/logo\\\/image\\\/\"},\"sameAs\":[\"https:\\\/\\\/www.facebook.com\\\/Schweizversand\",\"https:\\\/\\\/www.instagram.com\\\/schweizversand.ch\\\/\"]}]}<\/script>\n<!-- \/ Yoast SEO plugin. -->","yoast_head_json":{"title":"Winmau Kairos Steel Tip Dartpfeile 26G","description":"Kairos Steel Darts \u2013 Pr\u00e4zision in Perfektion Die Kairos Steel Darts aus hochwertiger 90 % Tungsten-Legierung sind gemacht f\u00fcr Spieler, die auf h\u00f6chstem Niveau","robots":{"index":"index","follow":"follow","max-snippet":"max-snippet:-1","max-image-preview":"max-image-preview:large","max-video-preview":"max-video-preview:-1"},"canonical":"https:\/\/schweizversand.ch\/en\/produkt\/winmau-kairos-steel-tip-dartpfeile-26g\/","og_locale":"en_US","og_type":"article","og_title":"Winmau Kairos Steel Tip Dartpfeile 26G","og_description":"Kairos Steel Darts \u2013 Pr\u00e4zision in Perfektion Die Kairos Steel Darts aus hochwertiger 90 % Tungsten-Legierung sind gemacht f\u00fcr Spieler, die auf h\u00f6chstem Niveau","og_url":"https:\/\/schweizversand.ch\/en\/produkt\/winmau-kairos-steel-tip-dartpfeile-26g\/","og_site_name":"Schweizer Shop f\u00fcr Sport, Spiel und Freizeit","article_publisher":"https:\/\/www.facebook.com\/Schweizversand","article_modified_time":"2026-04-19T00:02:19+00:00","og_image":[{"width":1024,"height":1024,"url":"https:\/\/schweizversand.ch\/wp-content\/uploads\/2026\/02\/5471855636.jpg","type":"image\/jpeg"}],"twitter_card":"summary_large_image","twitter_misc":{"Est. reading time":"1 minute"},"schema":{"@context":"https:\/\/schema.org","@graph":[{"@type":"WebPage","@id":"https:\/\/schweizversand.ch\/en\/produkt\/winmau-kairos-steel-tip-dartpfeile-26g\/","url":"https:\/\/schweizversand.ch\/en\/produkt\/winmau-kairos-steel-tip-dartpfeile-26g\/","name":"Winmau Kairos Steel Tip Dartpfeile 26G","isPartOf":{"@id":"https:\/\/schweizversand.ch\/en\/#website"},"primaryImageOfPage":{"@id":"https:\/\/schweizversand.ch\/en\/produkt\/winmau-kairos-steel-tip-dartpfeile-26g\/#primaryimage"},"image":{"@id":"https:\/\/schweizversand.ch\/en\/produkt\/winmau-kairos-steel-tip-dartpfeile-26g\/#primaryimage"},"thumbnailUrl":"https:\/\/schweizversand.ch\/wp-content\/uploads\/2026\/02\/5471855636.jpg","datePublished":"2026-03-14T23:56:44+00:00","dateModified":"2026-04-19T00:02:19+00:00","description":"Kairos Steel Darts \u2013 Pr\u00e4zision in Perfektion Die Kairos Steel Darts aus hochwertiger 90 % Tungsten-Legierung sind gemacht f\u00fcr Spieler, die auf h\u00f6chstem Niveau","breadcrumb":{"@id":"https:\/\/schweizversand.ch\/en\/produkt\/winmau-kairos-steel-tip-dartpfeile-26g\/#breadcrumb"},"inLanguage":"en-US","potentialAction":[{"@type":"ReadAction","target":["https:\/\/schweizversand.ch\/en\/produkt\/winmau-kairos-steel-tip-dartpfeile-26g\/"]}]},{"@type":"ImageObject","inLanguage":"en-US","@id":"https:\/\/schweizversand.ch\/en\/produkt\/winmau-kairos-steel-tip-dartpfeile-26g\/#primaryimage","url":"https:\/\/schweizversand.ch\/wp-content\/uploads\/2026\/02\/5471855636.jpg","contentUrl":"https:\/\/schweizversand.ch\/wp-content\/uploads\/2026\/02\/5471855636.jpg","width":1024,"height":1024},{"@type":"BreadcrumbList","@id":"https:\/\/schweizversand.ch\/en\/produkt\/winmau-kairos-steel-tip-dartpfeile-26g\/#breadcrumb","itemListElement":[{"@type":"ListItem","position":1,"name":"Startseite","item":"https:\/\/schweizversand.ch\/en\/"},{"@type":"ListItem","position":2,"name":"Shop","item":"https:\/\/schweizversand.ch\/en\/shop\/"},{"@type":"ListItem","position":3,"name":"Sports","item":"https:\/\/schweizversand.ch\/en\/produkt-kategorie\/sports\/"},{"@type":"ListItem","position":4,"name":"ball sports &amp; darts","item":"https:\/\/schweizversand.ch\/en\/produkt-kategorie\/sports\/ball-sports-darts\/"},{"@type":"ListItem","position":5,"name":"Darts","item":"https:\/\/schweizversand.ch\/en\/produkt-kategorie\/dart-2\/"},{"@type":"ListItem","position":6,"name":"Winmau Kairos Steel Tip Darts 26G"}]},{"@type":"WebSite","@id":"https:\/\/schweizversand.ch\/en\/#website","url":"https:\/\/schweizversand.ch\/en\/","name":"Schweizer Shop f\u00fcr Sport, Spiel und Freizeit","description":"Gratisversand ab 50.- (netto), ab eigenem schweizer Lager, Lieferung innert 48h","publisher":{"@id":"https:\/\/schweizversand.ch\/en\/#organization"},"alternateName":"Schweizversand.ch","potentialAction":[{"@type":"SearchAction","target":{"@type":"EntryPoint","urlTemplate":"https:\/\/schweizversand.ch\/en\/?s={search_term_string}"},"query-input":{"@type":"PropertyValueSpecification","valueRequired":true,"valueName":"search_term_string"}}],"inLanguage":"en-US"},{"@type":"Organization","@id":"https:\/\/schweizversand.ch\/en\/#organization","name":"Schweizversand.ch","url":"https:\/\/schweizversand.ch\/en\/","logo":{"@type":"ImageObject","inLanguage":"en-US","@id":"https:\/\/schweizversand.ch\/en\/#\/schema\/logo\/image\/","url":"https:\/\/schweizversand.ch\/wp-content\/uploads\/2026\/03\/Logo_Rund_Final-1.png","contentUrl":"https:\/\/schweizversand.ch\/wp-content\/uploads\/2026\/03\/Logo_Rund_Final-1.png","width":404,"height":404,"caption":"Schweizversand.ch"},"image":{"@id":"https:\/\/schweizversand.ch\/en\/#\/schema\/logo\/image\/"},"sameAs":["https:\/\/www.facebook.com\/Schweizversand","https:\/\/www.instagram.com\/schweizversand.ch\/"]}]}},"jetpack_sharing_enabled":true,"_links":{"self":[{"href":"https:\/\/schweizversand.ch\/en\/wp-json\/wp\/v2\/product\/259640","targetHints":{"allow":["GET"]}}],"collection":[{"href":"https:\/\/schweizversand.ch\/en\/wp-json\/wp\/v2\/product"}],"about":[{"href":"https:\/\/schweizversand.ch\/en\/wp-json\/wp\/v2\/types\/product"}],"replies":[{"embeddable":true,"href":"https:\/\/schweizversand.ch\/en\/wp-json\/wp\/v2\/comments?post=259640"}],"wp:featuredmedia":[{"embeddable":true,"href":"https:\/\/schweizversand.ch\/en\/wp-json\/wp\/v2\/media\/163411"}],"wp:attachment":[{"href":"https:\/\/schweizversand.ch\/en\/wp-json\/wp\/v2\/media?parent=259640"}],"wp:term":[{"taxonomy":"product_brand","embeddable":true,"href":"https:\/\/schweizversand.ch\/en\/wp-json\/wp\/v2\/product_brand?post=259640"},{"taxonomy":"product_cat","embeddable":true,"href":"https:\/\/schweizversand.ch\/en\/wp-json\/wp\/v2\/product_cat?post=259640"},{"taxonomy":"product_tag","embeddable":true,"href":"https:\/\/schweizversand.ch\/en\/wp-json\/wp\/v2\/product_tag?post=259640"}],"curies":[{"name":"wp","href":"https:\/\/api.w.org\/{rel}","templated":true}]}}