{"id":259641,"date":"2026-03-15T00:56:45","date_gmt":"2026-03-14T23:56:45","guid":{"rendered":"https:\/\/schweizversand.ch\/produkt\/winmau-cypher-soft-tip-dartpfeile-20g\/"},"modified":"2026-04-19T02:02:19","modified_gmt":"2026-04-19T00:02:19","slug":"winmau-cypher-soft-tip-dartpfeile-20g","status":"publish","type":"product","link":"https:\/\/schweizversand.ch\/en\/produkt\/winmau-cypher-soft-tip-dartpfeile-20g\/","title":{"rendered":"Winmau Cypher Soft Tip Darts 20G"},"content":{"rendered":"<p>Cypher \u2013 Precision, Control, Perfection!<\/p>\n<p>The Cypher Cluster Grip extends the entire length of the barrel, offering unparalleled control for a personalized feel. Designed for a natural throwing rhythm and maximum stability, this dart delivers consistent, high-performance darts.<\/p>\n<p>The stunning parallel barrel profile, crafted from precision-machined, atomically optimized tungsten, guarantees perfect balance and aerodynamic efficiency. Every throw is executed with pinpoint accuracy \u2013 for maximum hit rate and professional-level play.<\/p>\n<p>Decode your trajectory, aim for your target, and make every throw a hit \u2013 with Cypher!<\/p>\n<p>Details:<\/p>\n<p>&#8220;` \u2022 Flights: X1 Prisma Delta Standard extra thick 6915-279<\/p>\n<p>\u2022 Shafts: x1 Vecta short 7025-115<\/p>\n<p>\u2022 Barrel weight: 18 grams<\/p>\n<p>\u2022 Total weight: 20 grams<\/p>\n<p>\u2022 Material: 90% tungsten alloy<\/p>\n<p>\u2022 Weight distribution: Center<\/p>\n<p>\u2022 Barrel profile: Parallel<\/p>\n<p>\u2022 Front profile: Tapered<\/p>\n<p>\u2022 Tip type: Triton Softip<\/p>\n<p>\u2022 Dart grip features<\/p>\n<p>\u2022 Grip zone: Full length<\/p>\n<p>&#8211; Grip Type: Cluster Grip<\/p>\n<p>&#8211; Grip Level: 3 (1 = Soft, 5 = Aggressive)<\/p>\n<p>\u2022 Groove Color: Red<\/p>\n<p>\u2022 Laser Engraving: Winmau W Logo<\/p>\n<p>\u2022 Surface: Atomized<\/p>\n<p>\u2022 Dimensions: 6.53 mm x 50.8 mm<\/p>\n","protected":false},"excerpt":{"rendered":"<p>Winmau Cypher Soft Tip Dartpfeile 20G bieten pr\u00e4zisen Cluster-Grip, perfekte Balance und maximale Kontrolle f\u00fcr konstant starke W\u00fcrfe auf Profi-Niveau.<\/p>\n","protected":false},"featured_media":163416,"comment_status":"open","ping_status":"closed","template":"","meta":[],"product_brand":[],"product_cat":[38502],"product_tag":[],"class_list":{"0":"post-259641","1":"product","2":"type-product","3":"status-publish","4":"has-post-thumbnail","6":"product_cat-dart-2","7":"product_shipping_class-global_methods","9":"first","10":"instock","11":"taxable","12":"shipping-taxable","13":"purchasable","14":"product-type-simple"},"yoast_head":"<!-- This site is optimized with the Yoast SEO plugin v27.4 - https:\/\/yoast.com\/product\/yoast-seo-wordpress\/ -->\n<title>Winmau Cypher Soft Tip Dartpfeile 20G<\/title>\n<meta name=\"description\" content=\"Cypher \u2013 Pr\u00e4zision, Kontrolle, Perfektion! Der Cypher Cluster-Grip erstreckt sich \u00fcber die gesamte L\u00e4nge des Barrels und bietet eine unvergleichliche Kontrolle\" \/>\n<meta name=\"robots\" content=\"index, follow, max-snippet:-1, max-image-preview:large, max-video-preview:-1\" \/>\n<link rel=\"canonical\" href=\"https:\/\/schweizversand.ch\/en\/produkt\/winmau-cypher-soft-tip-dartpfeile-20g\/\" \/>\n<meta property=\"og:locale\" content=\"en_US\" \/>\n<meta property=\"og:type\" content=\"article\" \/>\n<meta property=\"og:title\" content=\"Winmau Cypher Soft Tip Dartpfeile 20G\" \/>\n<meta property=\"og:description\" content=\"Cypher \u2013 Pr\u00e4zision, Kontrolle, Perfektion! Der Cypher Cluster-Grip erstreckt sich \u00fcber die gesamte L\u00e4nge des Barrels und bietet eine unvergleichliche Kontrolle\" \/>\n<meta property=\"og:url\" content=\"https:\/\/schweizversand.ch\/en\/produkt\/winmau-cypher-soft-tip-dartpfeile-20g\/\" \/>\n<meta property=\"og:site_name\" content=\"Schweizer Shop f\u00fcr Sport, Spiel und Freizeit\" \/>\n<meta property=\"article:publisher\" content=\"https:\/\/www.facebook.com\/Schweizversand\" \/>\n<meta property=\"article:modified_time\" content=\"2026-04-19T00:02:19+00:00\" \/>\n<meta property=\"og:image\" content=\"https:\/\/schweizversand.ch\/wp-content\/uploads\/2026\/02\/5471847111.jpg\" \/>\n\t<meta property=\"og:image:width\" content=\"1024\" \/>\n\t<meta property=\"og:image:height\" content=\"1024\" \/>\n\t<meta property=\"og:image:type\" content=\"image\/jpeg\" \/>\n<meta name=\"twitter:card\" content=\"summary_large_image\" \/>\n<meta name=\"twitter:label1\" content=\"Est. reading time\" \/>\n\t<meta name=\"twitter:data1\" content=\"1 minute\" \/>\n<script type=\"application\/ld+json\" class=\"yoast-schema-graph\">{\"@context\":\"https:\\\/\\\/schema.org\",\"@graph\":[{\"@type\":\"WebPage\",\"@id\":\"https:\\\/\\\/schweizversand.ch\\\/en\\\/produkt\\\/winmau-cypher-soft-tip-dartpfeile-20g\\\/\",\"url\":\"https:\\\/\\\/schweizversand.ch\\\/en\\\/produkt\\\/winmau-cypher-soft-tip-dartpfeile-20g\\\/\",\"name\":\"Winmau Cypher Soft Tip Dartpfeile 20G\",\"isPartOf\":{\"@id\":\"https:\\\/\\\/schweizversand.ch\\\/en\\\/#website\"},\"primaryImageOfPage\":{\"@id\":\"https:\\\/\\\/schweizversand.ch\\\/en\\\/produkt\\\/winmau-cypher-soft-tip-dartpfeile-20g\\\/#primaryimage\"},\"image\":{\"@id\":\"https:\\\/\\\/schweizversand.ch\\\/en\\\/produkt\\\/winmau-cypher-soft-tip-dartpfeile-20g\\\/#primaryimage\"},\"thumbnailUrl\":\"https:\\\/\\\/schweizversand.ch\\\/wp-content\\\/uploads\\\/2026\\\/02\\\/5471847111.jpg\",\"datePublished\":\"2026-03-14T23:56:45+00:00\",\"dateModified\":\"2026-04-19T00:02:19+00:00\",\"description\":\"Cypher \u2013 Pr\u00e4zision, Kontrolle, Perfektion! Der Cypher Cluster-Grip erstreckt sich \u00fcber die gesamte L\u00e4nge des Barrels und bietet eine unvergleichliche Kontrolle\",\"breadcrumb\":{\"@id\":\"https:\\\/\\\/schweizversand.ch\\\/en\\\/produkt\\\/winmau-cypher-soft-tip-dartpfeile-20g\\\/#breadcrumb\"},\"inLanguage\":\"en-US\",\"potentialAction\":[{\"@type\":\"ReadAction\",\"target\":[\"https:\\\/\\\/schweizversand.ch\\\/en\\\/produkt\\\/winmau-cypher-soft-tip-dartpfeile-20g\\\/\"]}]},{\"@type\":\"ImageObject\",\"inLanguage\":\"en-US\",\"@id\":\"https:\\\/\\\/schweizversand.ch\\\/en\\\/produkt\\\/winmau-cypher-soft-tip-dartpfeile-20g\\\/#primaryimage\",\"url\":\"https:\\\/\\\/schweizversand.ch\\\/wp-content\\\/uploads\\\/2026\\\/02\\\/5471847111.jpg\",\"contentUrl\":\"https:\\\/\\\/schweizversand.ch\\\/wp-content\\\/uploads\\\/2026\\\/02\\\/5471847111.jpg\",\"width\":1024,\"height\":1024},{\"@type\":\"BreadcrumbList\",\"@id\":\"https:\\\/\\\/schweizversand.ch\\\/en\\\/produkt\\\/winmau-cypher-soft-tip-dartpfeile-20g\\\/#breadcrumb\",\"itemListElement\":[{\"@type\":\"ListItem\",\"position\":1,\"name\":\"Startseite\",\"item\":\"https:\\\/\\\/schweizversand.ch\\\/en\\\/\"},{\"@type\":\"ListItem\",\"position\":2,\"name\":\"Shop\",\"item\":\"https:\\\/\\\/schweizversand.ch\\\/en\\\/shop\\\/\"},{\"@type\":\"ListItem\",\"position\":3,\"name\":\"Sports\",\"item\":\"https:\\\/\\\/schweizversand.ch\\\/en\\\/produkt-kategorie\\\/sports\\\/\"},{\"@type\":\"ListItem\",\"position\":4,\"name\":\"ball sports &amp; darts\",\"item\":\"https:\\\/\\\/schweizversand.ch\\\/en\\\/produkt-kategorie\\\/sports\\\/ball-sports-darts\\\/\"},{\"@type\":\"ListItem\",\"position\":5,\"name\":\"Darts\",\"item\":\"https:\\\/\\\/schweizversand.ch\\\/en\\\/produkt-kategorie\\\/dart-2\\\/\"},{\"@type\":\"ListItem\",\"position\":6,\"name\":\"Winmau Cypher Soft Tip Darts 20G\"}]},{\"@type\":\"WebSite\",\"@id\":\"https:\\\/\\\/schweizversand.ch\\\/en\\\/#website\",\"url\":\"https:\\\/\\\/schweizversand.ch\\\/en\\\/\",\"name\":\"Schweizer Shop f\u00fcr Sport, Spiel und Freizeit\",\"description\":\"Gratisversand ab 50.- (netto), ab eigenem schweizer Lager, Lieferung innert 48h\",\"publisher\":{\"@id\":\"https:\\\/\\\/schweizversand.ch\\\/en\\\/#organization\"},\"alternateName\":\"Schweizversand.ch\",\"potentialAction\":[{\"@type\":\"SearchAction\",\"target\":{\"@type\":\"EntryPoint\",\"urlTemplate\":\"https:\\\/\\\/schweizversand.ch\\\/en\\\/?s={search_term_string}\"},\"query-input\":{\"@type\":\"PropertyValueSpecification\",\"valueRequired\":true,\"valueName\":\"search_term_string\"}}],\"inLanguage\":\"en-US\"},{\"@type\":\"Organization\",\"@id\":\"https:\\\/\\\/schweizversand.ch\\\/en\\\/#organization\",\"name\":\"Schweizversand.ch\",\"url\":\"https:\\\/\\\/schweizversand.ch\\\/en\\\/\",\"logo\":{\"@type\":\"ImageObject\",\"inLanguage\":\"en-US\",\"@id\":\"https:\\\/\\\/schweizversand.ch\\\/en\\\/#\\\/schema\\\/logo\\\/image\\\/\",\"url\":\"https:\\\/\\\/schweizversand.ch\\\/wp-content\\\/uploads\\\/2026\\\/03\\\/Logo_Rund_Final-1.png\",\"contentUrl\":\"https:\\\/\\\/schweizversand.ch\\\/wp-content\\\/uploads\\\/2026\\\/03\\\/Logo_Rund_Final-1.png\",\"width\":404,\"height\":404,\"caption\":\"Schweizversand.ch\"},\"image\":{\"@id\":\"https:\\\/\\\/schweizversand.ch\\\/en\\\/#\\\/schema\\\/logo\\\/image\\\/\"},\"sameAs\":[\"https:\\\/\\\/www.facebook.com\\\/Schweizversand\",\"https:\\\/\\\/www.instagram.com\\\/schweizversand.ch\\\/\"]}]}<\/script>\n<!-- \/ Yoast SEO plugin. -->","yoast_head_json":{"title":"Winmau Cypher Soft Tip Dartpfeile 20G","description":"Cypher \u2013 Pr\u00e4zision, Kontrolle, Perfektion! Der Cypher Cluster-Grip erstreckt sich \u00fcber die gesamte L\u00e4nge des Barrels und bietet eine unvergleichliche Kontrolle","robots":{"index":"index","follow":"follow","max-snippet":"max-snippet:-1","max-image-preview":"max-image-preview:large","max-video-preview":"max-video-preview:-1"},"canonical":"https:\/\/schweizversand.ch\/en\/produkt\/winmau-cypher-soft-tip-dartpfeile-20g\/","og_locale":"en_US","og_type":"article","og_title":"Winmau Cypher Soft Tip Dartpfeile 20G","og_description":"Cypher \u2013 Pr\u00e4zision, Kontrolle, Perfektion! Der Cypher Cluster-Grip erstreckt sich \u00fcber die gesamte L\u00e4nge des Barrels und bietet eine unvergleichliche Kontrolle","og_url":"https:\/\/schweizversand.ch\/en\/produkt\/winmau-cypher-soft-tip-dartpfeile-20g\/","og_site_name":"Schweizer Shop f\u00fcr Sport, Spiel und Freizeit","article_publisher":"https:\/\/www.facebook.com\/Schweizversand","article_modified_time":"2026-04-19T00:02:19+00:00","og_image":[{"width":1024,"height":1024,"url":"https:\/\/schweizversand.ch\/wp-content\/uploads\/2026\/02\/5471847111.jpg","type":"image\/jpeg"}],"twitter_card":"summary_large_image","twitter_misc":{"Est. reading time":"1 minute"},"schema":{"@context":"https:\/\/schema.org","@graph":[{"@type":"WebPage","@id":"https:\/\/schweizversand.ch\/en\/produkt\/winmau-cypher-soft-tip-dartpfeile-20g\/","url":"https:\/\/schweizversand.ch\/en\/produkt\/winmau-cypher-soft-tip-dartpfeile-20g\/","name":"Winmau Cypher Soft Tip Dartpfeile 20G","isPartOf":{"@id":"https:\/\/schweizversand.ch\/en\/#website"},"primaryImageOfPage":{"@id":"https:\/\/schweizversand.ch\/en\/produkt\/winmau-cypher-soft-tip-dartpfeile-20g\/#primaryimage"},"image":{"@id":"https:\/\/schweizversand.ch\/en\/produkt\/winmau-cypher-soft-tip-dartpfeile-20g\/#primaryimage"},"thumbnailUrl":"https:\/\/schweizversand.ch\/wp-content\/uploads\/2026\/02\/5471847111.jpg","datePublished":"2026-03-14T23:56:45+00:00","dateModified":"2026-04-19T00:02:19+00:00","description":"Cypher \u2013 Pr\u00e4zision, Kontrolle, Perfektion! Der Cypher Cluster-Grip erstreckt sich \u00fcber die gesamte L\u00e4nge des Barrels und bietet eine unvergleichliche Kontrolle","breadcrumb":{"@id":"https:\/\/schweizversand.ch\/en\/produkt\/winmau-cypher-soft-tip-dartpfeile-20g\/#breadcrumb"},"inLanguage":"en-US","potentialAction":[{"@type":"ReadAction","target":["https:\/\/schweizversand.ch\/en\/produkt\/winmau-cypher-soft-tip-dartpfeile-20g\/"]}]},{"@type":"ImageObject","inLanguage":"en-US","@id":"https:\/\/schweizversand.ch\/en\/produkt\/winmau-cypher-soft-tip-dartpfeile-20g\/#primaryimage","url":"https:\/\/schweizversand.ch\/wp-content\/uploads\/2026\/02\/5471847111.jpg","contentUrl":"https:\/\/schweizversand.ch\/wp-content\/uploads\/2026\/02\/5471847111.jpg","width":1024,"height":1024},{"@type":"BreadcrumbList","@id":"https:\/\/schweizversand.ch\/en\/produkt\/winmau-cypher-soft-tip-dartpfeile-20g\/#breadcrumb","itemListElement":[{"@type":"ListItem","position":1,"name":"Startseite","item":"https:\/\/schweizversand.ch\/en\/"},{"@type":"ListItem","position":2,"name":"Shop","item":"https:\/\/schweizversand.ch\/en\/shop\/"},{"@type":"ListItem","position":3,"name":"Sports","item":"https:\/\/schweizversand.ch\/en\/produkt-kategorie\/sports\/"},{"@type":"ListItem","position":4,"name":"ball sports &amp; darts","item":"https:\/\/schweizversand.ch\/en\/produkt-kategorie\/sports\/ball-sports-darts\/"},{"@type":"ListItem","position":5,"name":"Darts","item":"https:\/\/schweizversand.ch\/en\/produkt-kategorie\/dart-2\/"},{"@type":"ListItem","position":6,"name":"Winmau Cypher Soft Tip Darts 20G"}]},{"@type":"WebSite","@id":"https:\/\/schweizversand.ch\/en\/#website","url":"https:\/\/schweizversand.ch\/en\/","name":"Schweizer Shop f\u00fcr Sport, Spiel und Freizeit","description":"Gratisversand ab 50.- (netto), ab eigenem schweizer Lager, Lieferung innert 48h","publisher":{"@id":"https:\/\/schweizversand.ch\/en\/#organization"},"alternateName":"Schweizversand.ch","potentialAction":[{"@type":"SearchAction","target":{"@type":"EntryPoint","urlTemplate":"https:\/\/schweizversand.ch\/en\/?s={search_term_string}"},"query-input":{"@type":"PropertyValueSpecification","valueRequired":true,"valueName":"search_term_string"}}],"inLanguage":"en-US"},{"@type":"Organization","@id":"https:\/\/schweizversand.ch\/en\/#organization","name":"Schweizversand.ch","url":"https:\/\/schweizversand.ch\/en\/","logo":{"@type":"ImageObject","inLanguage":"en-US","@id":"https:\/\/schweizversand.ch\/en\/#\/schema\/logo\/image\/","url":"https:\/\/schweizversand.ch\/wp-content\/uploads\/2026\/03\/Logo_Rund_Final-1.png","contentUrl":"https:\/\/schweizversand.ch\/wp-content\/uploads\/2026\/03\/Logo_Rund_Final-1.png","width":404,"height":404,"caption":"Schweizversand.ch"},"image":{"@id":"https:\/\/schweizversand.ch\/en\/#\/schema\/logo\/image\/"},"sameAs":["https:\/\/www.facebook.com\/Schweizversand","https:\/\/www.instagram.com\/schweizversand.ch\/"]}]}},"jetpack_sharing_enabled":true,"_links":{"self":[{"href":"https:\/\/schweizversand.ch\/en\/wp-json\/wp\/v2\/product\/259641","targetHints":{"allow":["GET"]}}],"collection":[{"href":"https:\/\/schweizversand.ch\/en\/wp-json\/wp\/v2\/product"}],"about":[{"href":"https:\/\/schweizversand.ch\/en\/wp-json\/wp\/v2\/types\/product"}],"replies":[{"embeddable":true,"href":"https:\/\/schweizversand.ch\/en\/wp-json\/wp\/v2\/comments?post=259641"}],"wp:featuredmedia":[{"embeddable":true,"href":"https:\/\/schweizversand.ch\/en\/wp-json\/wp\/v2\/media\/163416"}],"wp:attachment":[{"href":"https:\/\/schweizversand.ch\/en\/wp-json\/wp\/v2\/media?parent=259641"}],"wp:term":[{"taxonomy":"product_brand","embeddable":true,"href":"https:\/\/schweizversand.ch\/en\/wp-json\/wp\/v2\/product_brand?post=259641"},{"taxonomy":"product_cat","embeddable":true,"href":"https:\/\/schweizversand.ch\/en\/wp-json\/wp\/v2\/product_cat?post=259641"},{"taxonomy":"product_tag","embeddable":true,"href":"https:\/\/schweizversand.ch\/en\/wp-json\/wp\/v2\/product_tag?post=259641"}],"curies":[{"name":"wp","href":"https:\/\/api.w.org\/{rel}","templated":true}]}}