{"id":259654,"date":"2026-03-15T00:56:46","date_gmt":"2026-03-14T23:56:46","guid":{"rendered":"https:\/\/schweizversand.ch\/produkt\/winmau-aspria-steel-dartpfeile-22g\/"},"modified":"2026-04-21T02:02:07","modified_gmt":"2026-04-21T00:02:07","slug":"winmau-aspria-steel-dartpfeile-22g","status":"publish","type":"product","link":"https:\/\/schweizversand.ch\/en\/produkt\/winmau-aspria-steel-dartpfeile-22g\/","title":{"rendered":"Winmau Aspria Steel darts 22G"},"content":{"rendered":"<p>Take control of the dartboard with Aspria darts \u2013 precision tools made from high-quality 85% tungsten that combine a slim profile with perfect weight. Their scientifically developed grip design ensures exceptional control at every stage of your throw. The sophisticated barrel structure combines different grip zones to allow for natural finger placement \u2013 \u200b\u200bfor consistent throws, throw after throw.<\/p>\n<\/p>\n<p>Each barrel undergoes rigorous quality checks to guarantee optimal weight distribution and aerodynamic precision. The elegant finish is not only visually appealing but also provides a reliable grip \u2013 regardless of playing conditions. For ambitious players who know: High-quality equipment is the key to consistent performance. Aspria darts \u2013 tournament quality for your game when it counts.<\/p>\n<\/p>\n<p>Details:<\/p>\n<\/p>\n<p>\u2022 Flights: X1 Prism Alpha Standard extra thick<\/p>\n<\/p>\n<p>\u2022 Shafts: x1 Prisma Force medium<\/p>\n<\/p>\n<p>\u2022 Barrel Weight: 24 grams<\/p>\n<\/p>\n<p>\u2022 Material: 95%\/85% Dual Core Tungsten<\/p>\n<\/p>\n<p>\u2022 Weight Distribution: Center<\/p>\n<\/p>\n<p>\u2022 Barrel Profile: Parallel<\/p>\n<\/p>\n<p>\u2022 Front Profile: Tapered<\/p>\n<\/p>\n<p>\u2022 Tip Type: Black, heavy-duty<\/p>\n<\/p>\n<p>\u2022 Dart Grip Features<\/p>\n<\/p>\n<p>&#8211; Grip Zone: Full length<\/p>\n<\/p>\n<p>&#8211; Grip Type: Axle grip<\/p>\n<\/p>\n<p>&#8211; Grip Level: 5 (1 = Soft, 5 = Aggressive)<\/p>\n<\/p>\n<p>\u2022 Surface: Polished<\/p>\n<\/p>\n<p>\u2022 Dimensions: 6.35 mm x 50 mm<\/p>\n","protected":false},"excerpt":{"rendered":"<p>Winmau Aspria Steel Dartpfeile 22G bieten pr\u00e4zises Wurfgef\u00fchl dank 85% Tungsten und innovativem Griffdesign f\u00fcr maximale Kontrolle und konstante Leistung bei jedem Spiel.<\/p>\n","protected":false},"featured_media":163485,"comment_status":"open","ping_status":"closed","template":"","meta":[],"product_brand":[],"product_cat":[38502],"product_tag":[],"class_list":{"0":"post-259654","1":"product","2":"type-product","3":"status-publish","4":"has-post-thumbnail","6":"product_cat-dart-2","7":"product_shipping_class-global_methods","9":"first","10":"instock","11":"taxable","12":"shipping-taxable","13":"purchasable","14":"product-type-simple"},"yoast_head":"<!-- This site is optimized with the Yoast SEO plugin v27.4 - https:\/\/yoast.com\/product\/yoast-seo-wordpress\/ -->\n<title>Winmau Aspria Steel Dartpfeile 22G<\/title>\n<meta name=\"description\" content=\"\u00dcbernimm die Kontrolle am Dartboard mit den Aspria Darts \u2013 Pr\u00e4zisionswerkzeuge aus hochwertigem 85% Tungsten, die ein schlankes Profil mit perfektem Gewicht ver\" \/>\n<meta name=\"robots\" content=\"index, follow, max-snippet:-1, max-image-preview:large, max-video-preview:-1\" \/>\n<link rel=\"canonical\" href=\"https:\/\/schweizversand.ch\/en\/produkt\/winmau-aspria-steel-dartpfeile-22g\/\" \/>\n<meta property=\"og:locale\" content=\"en_US\" \/>\n<meta property=\"og:type\" content=\"article\" \/>\n<meta property=\"og:title\" content=\"Winmau Aspria Steel Dartpfeile 22G\" \/>\n<meta property=\"og:description\" content=\"\u00dcbernimm die Kontrolle am Dartboard mit den Aspria Darts \u2013 Pr\u00e4zisionswerkzeuge aus hochwertigem 85% Tungsten, die ein schlankes Profil mit perfektem Gewicht ver\" \/>\n<meta property=\"og:url\" content=\"https:\/\/schweizversand.ch\/en\/produkt\/winmau-aspria-steel-dartpfeile-22g\/\" \/>\n<meta property=\"og:site_name\" content=\"Schweizer Shop f\u00fcr Sport, Spiel und Freizeit\" \/>\n<meta property=\"article:publisher\" content=\"https:\/\/www.facebook.com\/Schweizversand\" \/>\n<meta property=\"article:modified_time\" content=\"2026-04-21T00:02:07+00:00\" \/>\n<meta property=\"og:image\" content=\"https:\/\/schweizversand.ch\/wp-content\/uploads\/2026\/02\/5471875766.jpg\" \/>\n\t<meta property=\"og:image:width\" content=\"1024\" \/>\n\t<meta property=\"og:image:height\" content=\"1024\" \/>\n\t<meta property=\"og:image:type\" content=\"image\/jpeg\" \/>\n<meta name=\"twitter:card\" content=\"summary_large_image\" \/>\n<meta name=\"twitter:label1\" content=\"Est. reading time\" \/>\n\t<meta name=\"twitter:data1\" content=\"1 minute\" \/>\n<script type=\"application\/ld+json\" class=\"yoast-schema-graph\">{\"@context\":\"https:\\\/\\\/schema.org\",\"@graph\":[{\"@type\":\"WebPage\",\"@id\":\"https:\\\/\\\/schweizversand.ch\\\/en\\\/produkt\\\/winmau-aspria-steel-dartpfeile-22g\\\/\",\"url\":\"https:\\\/\\\/schweizversand.ch\\\/en\\\/produkt\\\/winmau-aspria-steel-dartpfeile-22g\\\/\",\"name\":\"Winmau Aspria Steel Dartpfeile 22G\",\"isPartOf\":{\"@id\":\"https:\\\/\\\/schweizversand.ch\\\/en\\\/#website\"},\"primaryImageOfPage\":{\"@id\":\"https:\\\/\\\/schweizversand.ch\\\/en\\\/produkt\\\/winmau-aspria-steel-dartpfeile-22g\\\/#primaryimage\"},\"image\":{\"@id\":\"https:\\\/\\\/schweizversand.ch\\\/en\\\/produkt\\\/winmau-aspria-steel-dartpfeile-22g\\\/#primaryimage\"},\"thumbnailUrl\":\"https:\\\/\\\/schweizversand.ch\\\/wp-content\\\/uploads\\\/2026\\\/02\\\/5471875766.jpg\",\"datePublished\":\"2026-03-14T23:56:46+00:00\",\"dateModified\":\"2026-04-21T00:02:07+00:00\",\"description\":\"\u00dcbernimm die Kontrolle am Dartboard mit den Aspria Darts \u2013 Pr\u00e4zisionswerkzeuge aus hochwertigem 85% Tungsten, die ein schlankes Profil mit perfektem Gewicht ver\",\"breadcrumb\":{\"@id\":\"https:\\\/\\\/schweizversand.ch\\\/en\\\/produkt\\\/winmau-aspria-steel-dartpfeile-22g\\\/#breadcrumb\"},\"inLanguage\":\"en-US\",\"potentialAction\":[{\"@type\":\"ReadAction\",\"target\":[\"https:\\\/\\\/schweizversand.ch\\\/en\\\/produkt\\\/winmau-aspria-steel-dartpfeile-22g\\\/\"]}]},{\"@type\":\"ImageObject\",\"inLanguage\":\"en-US\",\"@id\":\"https:\\\/\\\/schweizversand.ch\\\/en\\\/produkt\\\/winmau-aspria-steel-dartpfeile-22g\\\/#primaryimage\",\"url\":\"https:\\\/\\\/schweizversand.ch\\\/wp-content\\\/uploads\\\/2026\\\/02\\\/5471875766.jpg\",\"contentUrl\":\"https:\\\/\\\/schweizversand.ch\\\/wp-content\\\/uploads\\\/2026\\\/02\\\/5471875766.jpg\",\"width\":1024,\"height\":1024},{\"@type\":\"BreadcrumbList\",\"@id\":\"https:\\\/\\\/schweizversand.ch\\\/en\\\/produkt\\\/winmau-aspria-steel-dartpfeile-22g\\\/#breadcrumb\",\"itemListElement\":[{\"@type\":\"ListItem\",\"position\":1,\"name\":\"Startseite\",\"item\":\"https:\\\/\\\/schweizversand.ch\\\/en\\\/\"},{\"@type\":\"ListItem\",\"position\":2,\"name\":\"Shop\",\"item\":\"https:\\\/\\\/schweizversand.ch\\\/en\\\/shop\\\/\"},{\"@type\":\"ListItem\",\"position\":3,\"name\":\"Sports\",\"item\":\"https:\\\/\\\/schweizversand.ch\\\/en\\\/produkt-kategorie\\\/sports\\\/\"},{\"@type\":\"ListItem\",\"position\":4,\"name\":\"Ballsport &amp; Dart\",\"item\":\"https:\\\/\\\/schweizversand.ch\\\/produkt-kategorie\\\/sport\\\/ballsport-dart-sport\\\/\"},{\"@type\":\"ListItem\",\"position\":5,\"name\":\"Darts\",\"item\":\"https:\\\/\\\/schweizversand.ch\\\/en\\\/produkt-kategorie\\\/dart-2\\\/\"},{\"@type\":\"ListItem\",\"position\":6,\"name\":\"Winmau Aspria Steel darts 22G\"}]},{\"@type\":\"WebSite\",\"@id\":\"https:\\\/\\\/schweizversand.ch\\\/en\\\/#website\",\"url\":\"https:\\\/\\\/schweizversand.ch\\\/en\\\/\",\"name\":\"Schweizer Shop f\u00fcr Sport, Spiel und Freizeit\",\"description\":\"Gratisversand ab 50.- (netto), ab eigenem schweizer Lager, Lieferung innert 48h\",\"publisher\":{\"@id\":\"https:\\\/\\\/schweizversand.ch\\\/en\\\/#organization\"},\"alternateName\":\"Schweizversand.ch\",\"potentialAction\":[{\"@type\":\"SearchAction\",\"target\":{\"@type\":\"EntryPoint\",\"urlTemplate\":\"https:\\\/\\\/schweizversand.ch\\\/en\\\/?s={search_term_string}\"},\"query-input\":{\"@type\":\"PropertyValueSpecification\",\"valueRequired\":true,\"valueName\":\"search_term_string\"}}],\"inLanguage\":\"en-US\"},{\"@type\":\"Organization\",\"@id\":\"https:\\\/\\\/schweizversand.ch\\\/en\\\/#organization\",\"name\":\"Schweizversand.ch\",\"url\":\"https:\\\/\\\/schweizversand.ch\\\/en\\\/\",\"logo\":{\"@type\":\"ImageObject\",\"inLanguage\":\"en-US\",\"@id\":\"https:\\\/\\\/schweizversand.ch\\\/en\\\/#\\\/schema\\\/logo\\\/image\\\/\",\"url\":\"https:\\\/\\\/schweizversand.ch\\\/wp-content\\\/uploads\\\/2026\\\/03\\\/Logo_Rund_Final-1.png\",\"contentUrl\":\"https:\\\/\\\/schweizversand.ch\\\/wp-content\\\/uploads\\\/2026\\\/03\\\/Logo_Rund_Final-1.png\",\"width\":404,\"height\":404,\"caption\":\"Schweizversand.ch\"},\"image\":{\"@id\":\"https:\\\/\\\/schweizversand.ch\\\/en\\\/#\\\/schema\\\/logo\\\/image\\\/\"},\"sameAs\":[\"https:\\\/\\\/www.facebook.com\\\/Schweizversand\",\"https:\\\/\\\/www.instagram.com\\\/schweizversand.ch\\\/\"]}]}<\/script>\n<!-- \/ Yoast SEO plugin. -->","yoast_head_json":{"title":"Winmau Aspria Steel Dartpfeile 22G","description":"\u00dcbernimm die Kontrolle am Dartboard mit den Aspria Darts \u2013 Pr\u00e4zisionswerkzeuge aus hochwertigem 85% Tungsten, die ein schlankes Profil mit perfektem Gewicht ver","robots":{"index":"index","follow":"follow","max-snippet":"max-snippet:-1","max-image-preview":"max-image-preview:large","max-video-preview":"max-video-preview:-1"},"canonical":"https:\/\/schweizversand.ch\/en\/produkt\/winmau-aspria-steel-dartpfeile-22g\/","og_locale":"en_US","og_type":"article","og_title":"Winmau Aspria Steel Dartpfeile 22G","og_description":"\u00dcbernimm die Kontrolle am Dartboard mit den Aspria Darts \u2013 Pr\u00e4zisionswerkzeuge aus hochwertigem 85% Tungsten, die ein schlankes Profil mit perfektem Gewicht ver","og_url":"https:\/\/schweizversand.ch\/en\/produkt\/winmau-aspria-steel-dartpfeile-22g\/","og_site_name":"Schweizer Shop f\u00fcr Sport, Spiel und Freizeit","article_publisher":"https:\/\/www.facebook.com\/Schweizversand","article_modified_time":"2026-04-21T00:02:07+00:00","og_image":[{"width":1024,"height":1024,"url":"https:\/\/schweizversand.ch\/wp-content\/uploads\/2026\/02\/5471875766.jpg","type":"image\/jpeg"}],"twitter_card":"summary_large_image","twitter_misc":{"Est. reading time":"1 minute"},"schema":{"@context":"https:\/\/schema.org","@graph":[{"@type":"WebPage","@id":"https:\/\/schweizversand.ch\/en\/produkt\/winmau-aspria-steel-dartpfeile-22g\/","url":"https:\/\/schweizversand.ch\/en\/produkt\/winmau-aspria-steel-dartpfeile-22g\/","name":"Winmau Aspria Steel Dartpfeile 22G","isPartOf":{"@id":"https:\/\/schweizversand.ch\/en\/#website"},"primaryImageOfPage":{"@id":"https:\/\/schweizversand.ch\/en\/produkt\/winmau-aspria-steel-dartpfeile-22g\/#primaryimage"},"image":{"@id":"https:\/\/schweizversand.ch\/en\/produkt\/winmau-aspria-steel-dartpfeile-22g\/#primaryimage"},"thumbnailUrl":"https:\/\/schweizversand.ch\/wp-content\/uploads\/2026\/02\/5471875766.jpg","datePublished":"2026-03-14T23:56:46+00:00","dateModified":"2026-04-21T00:02:07+00:00","description":"\u00dcbernimm die Kontrolle am Dartboard mit den Aspria Darts \u2013 Pr\u00e4zisionswerkzeuge aus hochwertigem 85% Tungsten, die ein schlankes Profil mit perfektem Gewicht ver","breadcrumb":{"@id":"https:\/\/schweizversand.ch\/en\/produkt\/winmau-aspria-steel-dartpfeile-22g\/#breadcrumb"},"inLanguage":"en-US","potentialAction":[{"@type":"ReadAction","target":["https:\/\/schweizversand.ch\/en\/produkt\/winmau-aspria-steel-dartpfeile-22g\/"]}]},{"@type":"ImageObject","inLanguage":"en-US","@id":"https:\/\/schweizversand.ch\/en\/produkt\/winmau-aspria-steel-dartpfeile-22g\/#primaryimage","url":"https:\/\/schweizversand.ch\/wp-content\/uploads\/2026\/02\/5471875766.jpg","contentUrl":"https:\/\/schweizversand.ch\/wp-content\/uploads\/2026\/02\/5471875766.jpg","width":1024,"height":1024},{"@type":"BreadcrumbList","@id":"https:\/\/schweizversand.ch\/en\/produkt\/winmau-aspria-steel-dartpfeile-22g\/#breadcrumb","itemListElement":[{"@type":"ListItem","position":1,"name":"Startseite","item":"https:\/\/schweizversand.ch\/en\/"},{"@type":"ListItem","position":2,"name":"Shop","item":"https:\/\/schweizversand.ch\/en\/shop\/"},{"@type":"ListItem","position":3,"name":"Sports","item":"https:\/\/schweizversand.ch\/en\/produkt-kategorie\/sports\/"},{"@type":"ListItem","position":4,"name":"Ballsport &amp; Dart","item":"https:\/\/schweizversand.ch\/produkt-kategorie\/sport\/ballsport-dart-sport\/"},{"@type":"ListItem","position":5,"name":"Darts","item":"https:\/\/schweizversand.ch\/en\/produkt-kategorie\/dart-2\/"},{"@type":"ListItem","position":6,"name":"Winmau Aspria Steel darts 22G"}]},{"@type":"WebSite","@id":"https:\/\/schweizversand.ch\/en\/#website","url":"https:\/\/schweizversand.ch\/en\/","name":"Schweizer Shop f\u00fcr Sport, Spiel und Freizeit","description":"Gratisversand ab 50.- (netto), ab eigenem schweizer Lager, Lieferung innert 48h","publisher":{"@id":"https:\/\/schweizversand.ch\/en\/#organization"},"alternateName":"Schweizversand.ch","potentialAction":[{"@type":"SearchAction","target":{"@type":"EntryPoint","urlTemplate":"https:\/\/schweizversand.ch\/en\/?s={search_term_string}"},"query-input":{"@type":"PropertyValueSpecification","valueRequired":true,"valueName":"search_term_string"}}],"inLanguage":"en-US"},{"@type":"Organization","@id":"https:\/\/schweizversand.ch\/en\/#organization","name":"Schweizversand.ch","url":"https:\/\/schweizversand.ch\/en\/","logo":{"@type":"ImageObject","inLanguage":"en-US","@id":"https:\/\/schweizversand.ch\/en\/#\/schema\/logo\/image\/","url":"https:\/\/schweizversand.ch\/wp-content\/uploads\/2026\/03\/Logo_Rund_Final-1.png","contentUrl":"https:\/\/schweizversand.ch\/wp-content\/uploads\/2026\/03\/Logo_Rund_Final-1.png","width":404,"height":404,"caption":"Schweizversand.ch"},"image":{"@id":"https:\/\/schweizversand.ch\/en\/#\/schema\/logo\/image\/"},"sameAs":["https:\/\/www.facebook.com\/Schweizversand","https:\/\/www.instagram.com\/schweizversand.ch\/"]}]}},"jetpack_sharing_enabled":true,"_links":{"self":[{"href":"https:\/\/schweizversand.ch\/en\/wp-json\/wp\/v2\/product\/259654","targetHints":{"allow":["GET"]}}],"collection":[{"href":"https:\/\/schweizversand.ch\/en\/wp-json\/wp\/v2\/product"}],"about":[{"href":"https:\/\/schweizversand.ch\/en\/wp-json\/wp\/v2\/types\/product"}],"replies":[{"embeddable":true,"href":"https:\/\/schweizversand.ch\/en\/wp-json\/wp\/v2\/comments?post=259654"}],"wp:featuredmedia":[{"embeddable":true,"href":"https:\/\/schweizversand.ch\/en\/wp-json\/wp\/v2\/media\/163485"}],"wp:attachment":[{"href":"https:\/\/schweizversand.ch\/en\/wp-json\/wp\/v2\/media?parent=259654"}],"wp:term":[{"taxonomy":"product_brand","embeddable":true,"href":"https:\/\/schweizversand.ch\/en\/wp-json\/wp\/v2\/product_brand?post=259654"},{"taxonomy":"product_cat","embeddable":true,"href":"https:\/\/schweizversand.ch\/en\/wp-json\/wp\/v2\/product_cat?post=259654"},{"taxonomy":"product_tag","embeddable":true,"href":"https:\/\/schweizversand.ch\/en\/wp-json\/wp\/v2\/product_tag?post=259654"}],"curies":[{"name":"wp","href":"https:\/\/api.w.org\/{rel}","templated":true}]}}