{"id":259655,"date":"2026-03-15T00:56:46","date_gmt":"2026-03-14T23:56:46","guid":{"rendered":"https:\/\/schweizversand.ch\/produkt\/winmau-barbarian-steel-dartpfeile-20g\/"},"modified":"2026-04-28T15:32:47","modified_gmt":"2026-04-28T13:32:47","slug":"winmau-barbarian-steel-dartpfeile-20g","status":"publish","type":"product","link":"https:\/\/schweizversand.ch\/en\/produkt\/winmau-barbarian-steel-dartpfeile-20g\/","title":{"rendered":"Winmau Barbarian Steel darts 20G"},"content":{"rendered":"<p>Discover the perfect combination of technology and precision with these tungsten-style darts, crafted from high-quality stainless steel. These darts offer not only exceptional durability but also impressive resilience that withstands every throw. The precisely cut barrel design ensures maximum grip and gives you ultimate throwing control, allowing you to achieve pinpoint accuracy with every spin and every throw.<\/p>\n<\/p>\n<p>These darts offer not only excellent handling but also perfect balance, taking your performance to the next level. Whether you&#8217;re an experienced player or an ambitious beginner, these darts provide everything you need to improve your game and achieve your goals.<\/p>\n<\/p>\n<p>Opt for quality, opt for control \u2013 with these tungsten-style darts made of stainless steel. Get the perfect tool for success and experience how your throwing accuracy reaches new heights.<\/p>\n<\/p>\n<p>Details:<\/p>\n<\/p>\n<p>\u2022 Flights: 1 x Prism Alpha Standard extra thick \u2022 Shafts: 1 x Prisma Force medium<\/p>\n<\/p>\n<p>\u2022 Barrel Weight: 20 grams<\/p>\n<\/p>\n<p>\u2022 Material: Stainless steel<\/p>\n<p>\u2022 Weight distribution: Center<\/p>\n<\/p>\n<p>\u2022 Barrel profile: Parallel<\/p>\n<\/p>\n<p>\u2022 Front profile: Round<\/p>\n<\/p>\n<p>\u2022 Tip type: Black, heavy-duty<\/p>\n<\/p>\n<p>\u2022 Dart grip features<\/p>\n<\/p>\n<p>&#8211; Grip zone: Full length<\/p>\n<\/p>\n<p>&#8211; Grip type: Medium knurling<\/p>\n<\/p>\n<p>&#8211; Grip level: 4 (1 = Soft, 5 = Aggressive)<\/p>\n<\/p>\n<p>\u2022 Groove color: Black<\/p>\n<\/p>\n<p>\u2022 Laser engraving: Winmau W logo<\/p>\n<\/p>\n<p>\u2022 Finish: Polished<\/p>\n<\/p>\n<p>\u2022 Dimensions: 8.0 mm x 55.9 mm<\/p>\n","protected":false},"excerpt":{"rendered":"<p>Winmau Barbarian Steel Dartpfeile 20G: Hochwertiger Inox-Stahl, pr\u00e4zises Barrel-Design und perfekte Balance f\u00fcr maximale Kontrolle und langlebige Pr\u00e4zision bei jedem Wurf.<\/p>\n","protected":false},"featured_media":163491,"comment_status":"open","ping_status":"closed","template":"","meta":[],"product_brand":[],"product_cat":[39183],"product_tag":[],"class_list":{"0":"post-259655","1":"product","2":"type-product","3":"status-publish","4":"has-post-thumbnail","6":"product_cat-dart","7":"product_shipping_class-global_methods","9":"first","10":"instock","11":"taxable","12":"shipping-taxable","13":"purchasable","14":"product-type-simple"},"yoast_head":"<!-- This site is optimized with the Yoast SEO plugin v27.5 - https:\/\/yoast.com\/product\/yoast-seo-wordpress\/ -->\n<title>Winmau Barbarian Steel Dartpfeile 20G<\/title>\n<meta name=\"description\" content=\"Entdecken Sie die perfekte Kombination aus Technologie und Pr\u00e4zision mit den Tungsten-Style Darts, gefertigt aus hochwertigem Inox-Stahl. Diese Darts bieten nic\" \/>\n<meta name=\"robots\" content=\"index, follow, max-snippet:-1, max-image-preview:large, max-video-preview:-1\" \/>\n<link rel=\"canonical\" href=\"https:\/\/schweizversand.ch\/en\/produkt\/winmau-barbarian-steel-dartpfeile-20g\/\" \/>\n<meta property=\"og:locale\" content=\"en_US\" \/>\n<meta property=\"og:type\" content=\"article\" \/>\n<meta property=\"og:title\" content=\"Winmau Barbarian Steel Dartpfeile 20G\" \/>\n<meta property=\"og:description\" content=\"Entdecken Sie die perfekte Kombination aus Technologie und Pr\u00e4zision mit den Tungsten-Style Darts, gefertigt aus hochwertigem Inox-Stahl. Diese Darts bieten nic\" \/>\n<meta property=\"og:url\" content=\"https:\/\/schweizversand.ch\/en\/produkt\/winmau-barbarian-steel-dartpfeile-20g\/\" \/>\n<meta property=\"og:site_name\" content=\"Schweizer Shop f\u00fcr Sport, Spiel und Freizeit\" \/>\n<meta property=\"article:publisher\" content=\"https:\/\/www.facebook.com\/Schweizversand\" \/>\n<meta property=\"article:modified_time\" content=\"2026-04-28T13:32:47+00:00\" \/>\n<meta property=\"og:image\" content=\"https:\/\/schweizversand.ch\/wp-content\/uploads\/2026\/02\/5471831597.jpg\" \/>\n\t<meta property=\"og:image:width\" content=\"1024\" \/>\n\t<meta property=\"og:image:height\" content=\"1024\" \/>\n\t<meta property=\"og:image:type\" content=\"image\/jpeg\" \/>\n<meta name=\"twitter:card\" content=\"summary_large_image\" \/>\n<meta name=\"twitter:label1\" content=\"Est. reading time\" \/>\n\t<meta name=\"twitter:data1\" content=\"1 minute\" \/>\n<script type=\"application\/ld+json\" class=\"yoast-schema-graph\">{\"@context\":\"https:\\\/\\\/schema.org\",\"@graph\":[{\"@type\":\"WebPage\",\"@id\":\"https:\\\/\\\/schweizversand.ch\\\/en\\\/produkt\\\/winmau-barbarian-steel-dartpfeile-20g\\\/\",\"url\":\"https:\\\/\\\/schweizversand.ch\\\/en\\\/produkt\\\/winmau-barbarian-steel-dartpfeile-20g\\\/\",\"name\":\"Winmau Barbarian Steel Dartpfeile 20G\",\"isPartOf\":{\"@id\":\"https:\\\/\\\/schweizversand.ch\\\/en\\\/#website\"},\"primaryImageOfPage\":{\"@id\":\"https:\\\/\\\/schweizversand.ch\\\/en\\\/produkt\\\/winmau-barbarian-steel-dartpfeile-20g\\\/#primaryimage\"},\"image\":{\"@id\":\"https:\\\/\\\/schweizversand.ch\\\/en\\\/produkt\\\/winmau-barbarian-steel-dartpfeile-20g\\\/#primaryimage\"},\"thumbnailUrl\":\"https:\\\/\\\/schweizversand.ch\\\/wp-content\\\/uploads\\\/2026\\\/02\\\/5471831597.jpg\",\"datePublished\":\"2026-03-14T23:56:46+00:00\",\"dateModified\":\"2026-04-28T13:32:47+00:00\",\"description\":\"Entdecken Sie die perfekte Kombination aus Technologie und Pr\u00e4zision mit den Tungsten-Style Darts, gefertigt aus hochwertigem Inox-Stahl. Diese Darts bieten nic\",\"breadcrumb\":{\"@id\":\"https:\\\/\\\/schweizversand.ch\\\/en\\\/produkt\\\/winmau-barbarian-steel-dartpfeile-20g\\\/#breadcrumb\"},\"inLanguage\":\"en-US\",\"potentialAction\":[{\"@type\":\"ReadAction\",\"target\":[\"https:\\\/\\\/schweizversand.ch\\\/en\\\/produkt\\\/winmau-barbarian-steel-dartpfeile-20g\\\/\"]}]},{\"@type\":\"ImageObject\",\"inLanguage\":\"en-US\",\"@id\":\"https:\\\/\\\/schweizversand.ch\\\/en\\\/produkt\\\/winmau-barbarian-steel-dartpfeile-20g\\\/#primaryimage\",\"url\":\"https:\\\/\\\/schweizversand.ch\\\/wp-content\\\/uploads\\\/2026\\\/02\\\/5471831597.jpg\",\"contentUrl\":\"https:\\\/\\\/schweizversand.ch\\\/wp-content\\\/uploads\\\/2026\\\/02\\\/5471831597.jpg\",\"width\":1024,\"height\":1024},{\"@type\":\"BreadcrumbList\",\"@id\":\"https:\\\/\\\/schweizversand.ch\\\/en\\\/produkt\\\/winmau-barbarian-steel-dartpfeile-20g\\\/#breadcrumb\",\"itemListElement\":[{\"@type\":\"ListItem\",\"position\":1,\"name\":\"Startseite\",\"item\":\"https:\\\/\\\/schweizversand.ch\\\/en\\\/\"},{\"@type\":\"ListItem\",\"position\":2,\"name\":\"Shop\",\"item\":\"https:\\\/\\\/schweizversand.ch\\\/en\\\/shop\\\/\"},{\"@type\":\"ListItem\",\"position\":3,\"name\":\"Sports\",\"item\":\"https:\\\/\\\/schweizversand.ch\\\/en\\\/produkt-kategorie\\\/sports\\\/\"},{\"@type\":\"ListItem\",\"position\":4,\"name\":\"ball sports &amp; darts\",\"item\":\"https:\\\/\\\/schweizversand.ch\\\/en\\\/produkt-kategorie\\\/sports\\\/ball-sports-darts\\\/\"},{\"@type\":\"ListItem\",\"position\":5,\"name\":\"Dart\",\"item\":\"https:\\\/\\\/schweizversand.ch\\\/en\\\/produkt-kategorie\\\/sports\\\/ball-sports-darts\\\/dart\\\/\"},{\"@type\":\"ListItem\",\"position\":6,\"name\":\"Winmau Barbarian Steel darts 20G\"}]},{\"@type\":\"WebSite\",\"@id\":\"https:\\\/\\\/schweizversand.ch\\\/en\\\/#website\",\"url\":\"https:\\\/\\\/schweizversand.ch\\\/en\\\/\",\"name\":\"Schweizer Shop f\u00fcr Sport, Spiel und Freizeit\",\"description\":\"Gratisversand ab 50.- (netto), ab eigenem schweizer Lager, Lieferung innert 48h\",\"publisher\":{\"@id\":\"https:\\\/\\\/schweizversand.ch\\\/en\\\/#organization\"},\"alternateName\":\"Schweizversand.ch\",\"potentialAction\":[{\"@type\":\"SearchAction\",\"target\":{\"@type\":\"EntryPoint\",\"urlTemplate\":\"https:\\\/\\\/schweizversand.ch\\\/en\\\/?s={search_term_string}\"},\"query-input\":{\"@type\":\"PropertyValueSpecification\",\"valueRequired\":true,\"valueName\":\"search_term_string\"}}],\"inLanguage\":\"en-US\"},{\"@type\":\"Organization\",\"@id\":\"https:\\\/\\\/schweizversand.ch\\\/en\\\/#organization\",\"name\":\"Schweizversand.ch\",\"url\":\"https:\\\/\\\/schweizversand.ch\\\/en\\\/\",\"logo\":{\"@type\":\"ImageObject\",\"inLanguage\":\"en-US\",\"@id\":\"https:\\\/\\\/schweizversand.ch\\\/en\\\/#\\\/schema\\\/logo\\\/image\\\/\",\"url\":\"https:\\\/\\\/schweizversand.ch\\\/wp-content\\\/uploads\\\/2026\\\/03\\\/Logo_Rund_Final-1.png\",\"contentUrl\":\"https:\\\/\\\/schweizversand.ch\\\/wp-content\\\/uploads\\\/2026\\\/03\\\/Logo_Rund_Final-1.png\",\"width\":404,\"height\":404,\"caption\":\"Schweizversand.ch\"},\"image\":{\"@id\":\"https:\\\/\\\/schweizversand.ch\\\/en\\\/#\\\/schema\\\/logo\\\/image\\\/\"},\"sameAs\":[\"https:\\\/\\\/www.facebook.com\\\/Schweizversand\",\"https:\\\/\\\/www.instagram.com\\\/schweizversand.ch\\\/\"]}]}<\/script>\n<!-- \/ Yoast SEO plugin. -->","yoast_head_json":{"title":"Winmau Barbarian Steel Dartpfeile 20G","description":"Entdecken Sie die perfekte Kombination aus Technologie und Pr\u00e4zision mit den Tungsten-Style Darts, gefertigt aus hochwertigem Inox-Stahl. Diese Darts bieten nic","robots":{"index":"index","follow":"follow","max-snippet":"max-snippet:-1","max-image-preview":"max-image-preview:large","max-video-preview":"max-video-preview:-1"},"canonical":"https:\/\/schweizversand.ch\/en\/produkt\/winmau-barbarian-steel-dartpfeile-20g\/","og_locale":"en_US","og_type":"article","og_title":"Winmau Barbarian Steel Dartpfeile 20G","og_description":"Entdecken Sie die perfekte Kombination aus Technologie und Pr\u00e4zision mit den Tungsten-Style Darts, gefertigt aus hochwertigem Inox-Stahl. Diese Darts bieten nic","og_url":"https:\/\/schweizversand.ch\/en\/produkt\/winmau-barbarian-steel-dartpfeile-20g\/","og_site_name":"Schweizer Shop f\u00fcr Sport, Spiel und Freizeit","article_publisher":"https:\/\/www.facebook.com\/Schweizversand","article_modified_time":"2026-04-28T13:32:47+00:00","og_image":[{"width":1024,"height":1024,"url":"https:\/\/schweizversand.ch\/wp-content\/uploads\/2026\/02\/5471831597.jpg","type":"image\/jpeg"}],"twitter_card":"summary_large_image","twitter_misc":{"Est. reading time":"1 minute"},"schema":{"@context":"https:\/\/schema.org","@graph":[{"@type":"WebPage","@id":"https:\/\/schweizversand.ch\/en\/produkt\/winmau-barbarian-steel-dartpfeile-20g\/","url":"https:\/\/schweizversand.ch\/en\/produkt\/winmau-barbarian-steel-dartpfeile-20g\/","name":"Winmau Barbarian Steel Dartpfeile 20G","isPartOf":{"@id":"https:\/\/schweizversand.ch\/en\/#website"},"primaryImageOfPage":{"@id":"https:\/\/schweizversand.ch\/en\/produkt\/winmau-barbarian-steel-dartpfeile-20g\/#primaryimage"},"image":{"@id":"https:\/\/schweizversand.ch\/en\/produkt\/winmau-barbarian-steel-dartpfeile-20g\/#primaryimage"},"thumbnailUrl":"https:\/\/schweizversand.ch\/wp-content\/uploads\/2026\/02\/5471831597.jpg","datePublished":"2026-03-14T23:56:46+00:00","dateModified":"2026-04-28T13:32:47+00:00","description":"Entdecken Sie die perfekte Kombination aus Technologie und Pr\u00e4zision mit den Tungsten-Style Darts, gefertigt aus hochwertigem Inox-Stahl. Diese Darts bieten nic","breadcrumb":{"@id":"https:\/\/schweizversand.ch\/en\/produkt\/winmau-barbarian-steel-dartpfeile-20g\/#breadcrumb"},"inLanguage":"en-US","potentialAction":[{"@type":"ReadAction","target":["https:\/\/schweizversand.ch\/en\/produkt\/winmau-barbarian-steel-dartpfeile-20g\/"]}]},{"@type":"ImageObject","inLanguage":"en-US","@id":"https:\/\/schweizversand.ch\/en\/produkt\/winmau-barbarian-steel-dartpfeile-20g\/#primaryimage","url":"https:\/\/schweizversand.ch\/wp-content\/uploads\/2026\/02\/5471831597.jpg","contentUrl":"https:\/\/schweizversand.ch\/wp-content\/uploads\/2026\/02\/5471831597.jpg","width":1024,"height":1024},{"@type":"BreadcrumbList","@id":"https:\/\/schweizversand.ch\/en\/produkt\/winmau-barbarian-steel-dartpfeile-20g\/#breadcrumb","itemListElement":[{"@type":"ListItem","position":1,"name":"Startseite","item":"https:\/\/schweizversand.ch\/en\/"},{"@type":"ListItem","position":2,"name":"Shop","item":"https:\/\/schweizversand.ch\/en\/shop\/"},{"@type":"ListItem","position":3,"name":"Sports","item":"https:\/\/schweizversand.ch\/en\/produkt-kategorie\/sports\/"},{"@type":"ListItem","position":4,"name":"ball sports &amp; darts","item":"https:\/\/schweizversand.ch\/en\/produkt-kategorie\/sports\/ball-sports-darts\/"},{"@type":"ListItem","position":5,"name":"Dart","item":"https:\/\/schweizversand.ch\/en\/produkt-kategorie\/sports\/ball-sports-darts\/dart\/"},{"@type":"ListItem","position":6,"name":"Winmau Barbarian Steel darts 20G"}]},{"@type":"WebSite","@id":"https:\/\/schweizversand.ch\/en\/#website","url":"https:\/\/schweizversand.ch\/en\/","name":"Schweizer Shop f\u00fcr Sport, Spiel und Freizeit","description":"Gratisversand ab 50.- (netto), ab eigenem schweizer Lager, Lieferung innert 48h","publisher":{"@id":"https:\/\/schweizversand.ch\/en\/#organization"},"alternateName":"Schweizversand.ch","potentialAction":[{"@type":"SearchAction","target":{"@type":"EntryPoint","urlTemplate":"https:\/\/schweizversand.ch\/en\/?s={search_term_string}"},"query-input":{"@type":"PropertyValueSpecification","valueRequired":true,"valueName":"search_term_string"}}],"inLanguage":"en-US"},{"@type":"Organization","@id":"https:\/\/schweizversand.ch\/en\/#organization","name":"Schweizversand.ch","url":"https:\/\/schweizversand.ch\/en\/","logo":{"@type":"ImageObject","inLanguage":"en-US","@id":"https:\/\/schweizversand.ch\/en\/#\/schema\/logo\/image\/","url":"https:\/\/schweizversand.ch\/wp-content\/uploads\/2026\/03\/Logo_Rund_Final-1.png","contentUrl":"https:\/\/schweizversand.ch\/wp-content\/uploads\/2026\/03\/Logo_Rund_Final-1.png","width":404,"height":404,"caption":"Schweizversand.ch"},"image":{"@id":"https:\/\/schweizversand.ch\/en\/#\/schema\/logo\/image\/"},"sameAs":["https:\/\/www.facebook.com\/Schweizversand","https:\/\/www.instagram.com\/schweizversand.ch\/"]}]}},"jetpack_sharing_enabled":true,"_links":{"self":[{"href":"https:\/\/schweizversand.ch\/en\/wp-json\/wp\/v2\/product\/259655","targetHints":{"allow":["GET"]}}],"collection":[{"href":"https:\/\/schweizversand.ch\/en\/wp-json\/wp\/v2\/product"}],"about":[{"href":"https:\/\/schweizversand.ch\/en\/wp-json\/wp\/v2\/types\/product"}],"replies":[{"embeddable":true,"href":"https:\/\/schweizversand.ch\/en\/wp-json\/wp\/v2\/comments?post=259655"}],"wp:featuredmedia":[{"embeddable":true,"href":"https:\/\/schweizversand.ch\/en\/wp-json\/wp\/v2\/media\/163491"}],"wp:attachment":[{"href":"https:\/\/schweizversand.ch\/en\/wp-json\/wp\/v2\/media?parent=259655"}],"wp:term":[{"taxonomy":"product_brand","embeddable":true,"href":"https:\/\/schweizversand.ch\/en\/wp-json\/wp\/v2\/product_brand?post=259655"},{"taxonomy":"product_cat","embeddable":true,"href":"https:\/\/schweizversand.ch\/en\/wp-json\/wp\/v2\/product_cat?post=259655"},{"taxonomy":"product_tag","embeddable":true,"href":"https:\/\/schweizversand.ch\/en\/wp-json\/wp\/v2\/product_tag?post=259655"}],"curies":[{"name":"wp","href":"https:\/\/api.w.org\/{rel}","templated":true}]}}