{"id":259682,"date":"2026-03-15T00:28:47","date_gmt":"2026-03-14T23:28:47","guid":{"rendered":"https:\/\/schweizversand.ch\/produkt\/vivess-herren-flip-flop\/"},"modified":"2026-04-19T15:33:49","modified_gmt":"2026-04-19T13:33:49","slug":"vivess-herren-flip-flop","status":"publish","type":"product","link":"https:\/\/schweizversand.ch\/en\/produkt\/vivess-herren-flip-flop\/","title":{"rendered":"VIVESS Men&#8217;s Flip-Flops"},"content":{"rendered":"<p>These men&#8217;s flip-flops in petrol blue combine functionality with a fashionable design. The rubber sole offers reliable traction and durability while remaining lightweight and flexible. The rubber outsole is perfect for use on the beach, by the pool, or on various surfaces.<\/p>\n<p>The flip-flop strap is made of a high-quality fabric material that feels pleasantly soft against the skin and ensures comfortable wear. The petrol blue color gives the flip-flops a modern and appealing look that pairs perfectly with various summer outfits.<\/p>\n<p>These flip-flops are not only stylish but also practical. The fabric strap provides a secure fit and is easy to slip on and off. The rubber sole also offers good cushioning.<\/p>\n<p>These men&#8217;s flip-flops in petrol blue with a rubber sole and fabric strap are the perfect choice for men who value both comfort and style, whether at the beach, by the pool, or in the city.<\/p>\n<p>Sole: Rubber<\/p>\n<p>Band: Fabric, white\/petrol striped<\/p>\n","protected":false},"excerpt":{"rendered":"<p>VIVESS Herren Flip-Flop vereint modisches Petrol-Design mit rutschfester Gummisohle und weichem Stoffband f\u00fcr bequemen, sicheren Halt am Strand und in der Stadt.<\/p>\n","protected":false},"featured_media":163723,"comment_status":"open","ping_status":"closed","template":"","meta":[],"product_brand":[],"product_cat":[38481],"product_tag":[],"class_list":{"0":"post-259682","1":"product","2":"type-product","3":"status-publish","4":"has-post-thumbnail","6":"product_cat-herrenschuhe","7":"product_shipping_class-global_methods","9":"first","10":"instock","11":"taxable","12":"shipping-taxable","13":"purchasable","14":"product-type-simple"},"yoast_head":"<!-- This site is optimized with the Yoast SEO plugin v27.4 - https:\/\/yoast.com\/product\/yoast-seo-wordpress\/ -->\n<title>VIVESS Herren Flip-Flop<\/title>\n<meta name=\"description\" content=\"Diese Herren Flip Flops in Petrol vereinen Funktionalit\u00e4t mit modischem Design. Die Gummisohle bietet zuverl\u00e4ssige Traktion und Haltbarkeit, w\u00e4hrend sie gleichz\" \/>\n<meta name=\"robots\" content=\"index, follow, max-snippet:-1, max-image-preview:large, max-video-preview:-1\" \/>\n<link rel=\"canonical\" href=\"https:\/\/schweizversand.ch\/en\/produkt\/vivess-herren-flip-flop\/\" \/>\n<meta property=\"og:locale\" content=\"en_US\" \/>\n<meta property=\"og:type\" content=\"article\" \/>\n<meta property=\"og:title\" content=\"VIVESS Herren Flip-Flop\" \/>\n<meta property=\"og:description\" content=\"Diese Herren Flip Flops in Petrol vereinen Funktionalit\u00e4t mit modischem Design. Die Gummisohle bietet zuverl\u00e4ssige Traktion und Haltbarkeit, w\u00e4hrend sie gleichz\" \/>\n<meta property=\"og:url\" content=\"https:\/\/schweizversand.ch\/en\/produkt\/vivess-herren-flip-flop\/\" \/>\n<meta property=\"og:site_name\" content=\"Schweizer Shop f\u00fcr Sport, Spiel und Freizeit\" \/>\n<meta property=\"article:publisher\" content=\"https:\/\/www.facebook.com\/Schweizversand\" \/>\n<meta property=\"article:modified_time\" content=\"2026-04-19T13:33:49+00:00\" \/>\n<meta property=\"og:image\" content=\"https:\/\/schweizversand.ch\/wp-content\/uploads\/2026\/02\/5471738046.jpg\" \/>\n\t<meta property=\"og:image:width\" content=\"768\" \/>\n\t<meta property=\"og:image:height\" content=\"1024\" \/>\n\t<meta property=\"og:image:type\" content=\"image\/jpeg\" \/>\n<meta name=\"twitter:card\" content=\"summary_large_image\" \/>\n<meta name=\"twitter:label1\" content=\"Est. reading time\" \/>\n\t<meta name=\"twitter:data1\" content=\"1 minute\" \/>\n<script type=\"application\/ld+json\" class=\"yoast-schema-graph\">{\"@context\":\"https:\\\/\\\/schema.org\",\"@graph\":[{\"@type\":\"WebPage\",\"@id\":\"https:\\\/\\\/schweizversand.ch\\\/en\\\/produkt\\\/vivess-herren-flip-flop\\\/\",\"url\":\"https:\\\/\\\/schweizversand.ch\\\/en\\\/produkt\\\/vivess-herren-flip-flop\\\/\",\"name\":\"VIVESS Herren Flip-Flop\",\"isPartOf\":{\"@id\":\"https:\\\/\\\/schweizversand.ch\\\/en\\\/#website\"},\"primaryImageOfPage\":{\"@id\":\"https:\\\/\\\/schweizversand.ch\\\/en\\\/produkt\\\/vivess-herren-flip-flop\\\/#primaryimage\"},\"image\":{\"@id\":\"https:\\\/\\\/schweizversand.ch\\\/en\\\/produkt\\\/vivess-herren-flip-flop\\\/#primaryimage\"},\"thumbnailUrl\":\"https:\\\/\\\/schweizversand.ch\\\/wp-content\\\/uploads\\\/2026\\\/02\\\/5471738046.jpg\",\"datePublished\":\"2026-03-14T23:28:47+00:00\",\"dateModified\":\"2026-04-19T13:33:49+00:00\",\"description\":\"Diese Herren Flip Flops in Petrol vereinen Funktionalit\u00e4t mit modischem Design. Die Gummisohle bietet zuverl\u00e4ssige Traktion und Haltbarkeit, w\u00e4hrend sie gleichz\",\"breadcrumb\":{\"@id\":\"https:\\\/\\\/schweizversand.ch\\\/en\\\/produkt\\\/vivess-herren-flip-flop\\\/#breadcrumb\"},\"inLanguage\":\"en-US\",\"potentialAction\":[{\"@type\":\"ReadAction\",\"target\":[\"https:\\\/\\\/schweizversand.ch\\\/en\\\/produkt\\\/vivess-herren-flip-flop\\\/\"]}]},{\"@type\":\"ImageObject\",\"inLanguage\":\"en-US\",\"@id\":\"https:\\\/\\\/schweizversand.ch\\\/en\\\/produkt\\\/vivess-herren-flip-flop\\\/#primaryimage\",\"url\":\"https:\\\/\\\/schweizversand.ch\\\/wp-content\\\/uploads\\\/2026\\\/02\\\/5471738046.jpg\",\"contentUrl\":\"https:\\\/\\\/schweizversand.ch\\\/wp-content\\\/uploads\\\/2026\\\/02\\\/5471738046.jpg\",\"width\":768,\"height\":1024},{\"@type\":\"BreadcrumbList\",\"@id\":\"https:\\\/\\\/schweizversand.ch\\\/en\\\/produkt\\\/vivess-herren-flip-flop\\\/#breadcrumb\",\"itemListElement\":[{\"@type\":\"ListItem\",\"position\":1,\"name\":\"Startseite\",\"item\":\"https:\\\/\\\/schweizversand.ch\\\/en\\\/\"},{\"@type\":\"ListItem\",\"position\":2,\"name\":\"Shop\",\"item\":\"https:\\\/\\\/schweizversand.ch\\\/en\\\/shop\\\/\"},{\"@type\":\"ListItem\",\"position\":3,\"name\":\"Fashion\",\"item\":\"https:\\\/\\\/schweizversand.ch\\\/en\\\/produkt-kategorie\\\/fashion\\\/\"},{\"@type\":\"ListItem\",\"position\":4,\"name\":\"Men's Fashion\",\"item\":\"https:\\\/\\\/schweizversand.ch\\\/en\\\/produkt-kategorie\\\/fashion\\\/mens-fashion\\\/\"},{\"@type\":\"ListItem\",\"position\":5,\"name\":\"Men's Shoes\",\"item\":\"https:\\\/\\\/schweizversand.ch\\\/en\\\/produkt-kategorie\\\/fashion\\\/mens-fashion\\\/herrenschuhe\\\/\"},{\"@type\":\"ListItem\",\"position\":6,\"name\":\"VIVESS Men&#8217;s Flip-Flops\"}]},{\"@type\":\"WebSite\",\"@id\":\"https:\\\/\\\/schweizversand.ch\\\/en\\\/#website\",\"url\":\"https:\\\/\\\/schweizversand.ch\\\/en\\\/\",\"name\":\"Schweizer Shop f\u00fcr Sport, Spiel und Freizeit\",\"description\":\"Gratisversand ab 50.- (netto), ab eigenem schweizer Lager, Lieferung innert 48h\",\"publisher\":{\"@id\":\"https:\\\/\\\/schweizversand.ch\\\/en\\\/#organization\"},\"alternateName\":\"Schweizversand.ch\",\"potentialAction\":[{\"@type\":\"SearchAction\",\"target\":{\"@type\":\"EntryPoint\",\"urlTemplate\":\"https:\\\/\\\/schweizversand.ch\\\/en\\\/?s={search_term_string}\"},\"query-input\":{\"@type\":\"PropertyValueSpecification\",\"valueRequired\":true,\"valueName\":\"search_term_string\"}}],\"inLanguage\":\"en-US\"},{\"@type\":\"Organization\",\"@id\":\"https:\\\/\\\/schweizversand.ch\\\/en\\\/#organization\",\"name\":\"Schweizversand.ch\",\"url\":\"https:\\\/\\\/schweizversand.ch\\\/en\\\/\",\"logo\":{\"@type\":\"ImageObject\",\"inLanguage\":\"en-US\",\"@id\":\"https:\\\/\\\/schweizversand.ch\\\/en\\\/#\\\/schema\\\/logo\\\/image\\\/\",\"url\":\"https:\\\/\\\/schweizversand.ch\\\/wp-content\\\/uploads\\\/2026\\\/03\\\/Logo_Rund_Final-1.png\",\"contentUrl\":\"https:\\\/\\\/schweizversand.ch\\\/wp-content\\\/uploads\\\/2026\\\/03\\\/Logo_Rund_Final-1.png\",\"width\":404,\"height\":404,\"caption\":\"Schweizversand.ch\"},\"image\":{\"@id\":\"https:\\\/\\\/schweizversand.ch\\\/en\\\/#\\\/schema\\\/logo\\\/image\\\/\"},\"sameAs\":[\"https:\\\/\\\/www.facebook.com\\\/Schweizversand\",\"https:\\\/\\\/www.instagram.com\\\/schweizversand.ch\\\/\"]}]}<\/script>\n<!-- \/ Yoast SEO plugin. -->","yoast_head_json":{"title":"VIVESS Herren Flip-Flop","description":"Diese Herren Flip Flops in Petrol vereinen Funktionalit\u00e4t mit modischem Design. Die Gummisohle bietet zuverl\u00e4ssige Traktion und Haltbarkeit, w\u00e4hrend sie gleichz","robots":{"index":"index","follow":"follow","max-snippet":"max-snippet:-1","max-image-preview":"max-image-preview:large","max-video-preview":"max-video-preview:-1"},"canonical":"https:\/\/schweizversand.ch\/en\/produkt\/vivess-herren-flip-flop\/","og_locale":"en_US","og_type":"article","og_title":"VIVESS Herren Flip-Flop","og_description":"Diese Herren Flip Flops in Petrol vereinen Funktionalit\u00e4t mit modischem Design. Die Gummisohle bietet zuverl\u00e4ssige Traktion und Haltbarkeit, w\u00e4hrend sie gleichz","og_url":"https:\/\/schweizversand.ch\/en\/produkt\/vivess-herren-flip-flop\/","og_site_name":"Schweizer Shop f\u00fcr Sport, Spiel und Freizeit","article_publisher":"https:\/\/www.facebook.com\/Schweizversand","article_modified_time":"2026-04-19T13:33:49+00:00","og_image":[{"width":768,"height":1024,"url":"https:\/\/schweizversand.ch\/wp-content\/uploads\/2026\/02\/5471738046.jpg","type":"image\/jpeg"}],"twitter_card":"summary_large_image","twitter_misc":{"Est. reading time":"1 minute"},"schema":{"@context":"https:\/\/schema.org","@graph":[{"@type":"WebPage","@id":"https:\/\/schweizversand.ch\/en\/produkt\/vivess-herren-flip-flop\/","url":"https:\/\/schweizversand.ch\/en\/produkt\/vivess-herren-flip-flop\/","name":"VIVESS Herren Flip-Flop","isPartOf":{"@id":"https:\/\/schweizversand.ch\/en\/#website"},"primaryImageOfPage":{"@id":"https:\/\/schweizversand.ch\/en\/produkt\/vivess-herren-flip-flop\/#primaryimage"},"image":{"@id":"https:\/\/schweizversand.ch\/en\/produkt\/vivess-herren-flip-flop\/#primaryimage"},"thumbnailUrl":"https:\/\/schweizversand.ch\/wp-content\/uploads\/2026\/02\/5471738046.jpg","datePublished":"2026-03-14T23:28:47+00:00","dateModified":"2026-04-19T13:33:49+00:00","description":"Diese Herren Flip Flops in Petrol vereinen Funktionalit\u00e4t mit modischem Design. Die Gummisohle bietet zuverl\u00e4ssige Traktion und Haltbarkeit, w\u00e4hrend sie gleichz","breadcrumb":{"@id":"https:\/\/schweizversand.ch\/en\/produkt\/vivess-herren-flip-flop\/#breadcrumb"},"inLanguage":"en-US","potentialAction":[{"@type":"ReadAction","target":["https:\/\/schweizversand.ch\/en\/produkt\/vivess-herren-flip-flop\/"]}]},{"@type":"ImageObject","inLanguage":"en-US","@id":"https:\/\/schweizversand.ch\/en\/produkt\/vivess-herren-flip-flop\/#primaryimage","url":"https:\/\/schweizversand.ch\/wp-content\/uploads\/2026\/02\/5471738046.jpg","contentUrl":"https:\/\/schweizversand.ch\/wp-content\/uploads\/2026\/02\/5471738046.jpg","width":768,"height":1024},{"@type":"BreadcrumbList","@id":"https:\/\/schweizversand.ch\/en\/produkt\/vivess-herren-flip-flop\/#breadcrumb","itemListElement":[{"@type":"ListItem","position":1,"name":"Startseite","item":"https:\/\/schweizversand.ch\/en\/"},{"@type":"ListItem","position":2,"name":"Shop","item":"https:\/\/schweizversand.ch\/en\/shop\/"},{"@type":"ListItem","position":3,"name":"Fashion","item":"https:\/\/schweizversand.ch\/en\/produkt-kategorie\/fashion\/"},{"@type":"ListItem","position":4,"name":"Men's Fashion","item":"https:\/\/schweizversand.ch\/en\/produkt-kategorie\/fashion\/mens-fashion\/"},{"@type":"ListItem","position":5,"name":"Men's Shoes","item":"https:\/\/schweizversand.ch\/en\/produkt-kategorie\/fashion\/mens-fashion\/herrenschuhe\/"},{"@type":"ListItem","position":6,"name":"VIVESS Men&#8217;s Flip-Flops"}]},{"@type":"WebSite","@id":"https:\/\/schweizversand.ch\/en\/#website","url":"https:\/\/schweizversand.ch\/en\/","name":"Schweizer Shop f\u00fcr Sport, Spiel und Freizeit","description":"Gratisversand ab 50.- (netto), ab eigenem schweizer Lager, Lieferung innert 48h","publisher":{"@id":"https:\/\/schweizversand.ch\/en\/#organization"},"alternateName":"Schweizversand.ch","potentialAction":[{"@type":"SearchAction","target":{"@type":"EntryPoint","urlTemplate":"https:\/\/schweizversand.ch\/en\/?s={search_term_string}"},"query-input":{"@type":"PropertyValueSpecification","valueRequired":true,"valueName":"search_term_string"}}],"inLanguage":"en-US"},{"@type":"Organization","@id":"https:\/\/schweizversand.ch\/en\/#organization","name":"Schweizversand.ch","url":"https:\/\/schweizversand.ch\/en\/","logo":{"@type":"ImageObject","inLanguage":"en-US","@id":"https:\/\/schweizversand.ch\/en\/#\/schema\/logo\/image\/","url":"https:\/\/schweizversand.ch\/wp-content\/uploads\/2026\/03\/Logo_Rund_Final-1.png","contentUrl":"https:\/\/schweizversand.ch\/wp-content\/uploads\/2026\/03\/Logo_Rund_Final-1.png","width":404,"height":404,"caption":"Schweizversand.ch"},"image":{"@id":"https:\/\/schweizversand.ch\/en\/#\/schema\/logo\/image\/"},"sameAs":["https:\/\/www.facebook.com\/Schweizversand","https:\/\/www.instagram.com\/schweizversand.ch\/"]}]}},"jetpack_sharing_enabled":true,"_links":{"self":[{"href":"https:\/\/schweizversand.ch\/en\/wp-json\/wp\/v2\/product\/259682","targetHints":{"allow":["GET"]}}],"collection":[{"href":"https:\/\/schweizversand.ch\/en\/wp-json\/wp\/v2\/product"}],"about":[{"href":"https:\/\/schweizversand.ch\/en\/wp-json\/wp\/v2\/types\/product"}],"replies":[{"embeddable":true,"href":"https:\/\/schweizversand.ch\/en\/wp-json\/wp\/v2\/comments?post=259682"}],"wp:featuredmedia":[{"embeddable":true,"href":"https:\/\/schweizversand.ch\/en\/wp-json\/wp\/v2\/media\/163723"}],"wp:attachment":[{"href":"https:\/\/schweizversand.ch\/en\/wp-json\/wp\/v2\/media?parent=259682"}],"wp:term":[{"taxonomy":"product_brand","embeddable":true,"href":"https:\/\/schweizversand.ch\/en\/wp-json\/wp\/v2\/product_brand?post=259682"},{"taxonomy":"product_cat","embeddable":true,"href":"https:\/\/schweizversand.ch\/en\/wp-json\/wp\/v2\/product_cat?post=259682"},{"taxonomy":"product_tag","embeddable":true,"href":"https:\/\/schweizversand.ch\/en\/wp-json\/wp\/v2\/product_tag?post=259682"}],"curies":[{"name":"wp","href":"https:\/\/api.w.org\/{rel}","templated":true}]}}