{"id":259689,"date":"2026-03-15T00:28:51","date_gmt":"2026-03-14T23:28:51","guid":{"rendered":"https:\/\/schweizversand.ch\/produkt\/share-permanentmarker-2er-set\/"},"modified":"2026-04-21T15:32:45","modified_gmt":"2026-04-21T13:32:45","slug":"share-permanentmarker-2er-set","status":"publish","type":"product","link":"https:\/\/schweizversand.ch\/en\/produkt\/share-permanentmarker-2er-set\/","title":{"rendered":"share Permanent Marker 2-pack"},"content":{"rendered":"<p>share Permanent Marker 2-Pack (Green &#038; Black): Sustainability Meets Quality!<\/p>\n<p>When it comes to leaving a lasting impression, it takes more than just ink. It takes responsibility, quality, and sustainability. That&#8217;s exactly what the 2-pack of share permanent markers, in collaboration with edding, delivers.<\/p>\n<p>Key Features of the share Permanent Markers:<\/p>\n<p>1. Environmentally Responsible: With 90% recycled material in the plastic parts, this marker takes an important step towards a more sustainable future.<\/p>\n<p>2. Expert Craftsmanship: Through our collaboration with edding, an industry leader in markers, we guarantee first-class quality and durability.<\/p>\n<p>3. Versatile &#038; Precise: With a line width of 1.5-3 mm, the markers are ideal for a wide range of applications, from fine notes to bold markings.<\/p>\n<p>4. Doubly practical: The set includes two markers in green and black, ensuring clarity and versatility in your marking.<\/p>\n<p>5. Durability: An added bonus is the option to refill the markers with Edding refill ink, extending the product&#8217;s lifespan and reducing waste.<\/p>\n<p>Conclusion: If you&#8217;re looking for a permanent marker that leaves a lasting impression not only on paper but also in terms of environmental protection, then the share permanent marker 2-pack is perfect for you. Write with a clear conscience without compromising on quality and functionality.<\/p>\n","protected":false},"excerpt":{"rendered":"<p>share Permanentmarker 2er Set vereint 90% recyceltes Material mit edding-Qualit\u00e4t f\u00fcr langlebige, pr\u00e4zise Markierungen in Gr\u00fcn und Schwarz \u2013 nachhaltig und vielseitig.<\/p>\n","protected":false},"featured_media":261373,"comment_status":"open","ping_status":"closed","template":"","meta":[],"product_brand":[],"product_cat":[38013],"product_tag":[],"class_list":{"0":"post-259689","1":"product","2":"type-product","3":"status-publish","4":"has-post-thumbnail","6":"product_cat-stifte-schreibgeraete","7":"product_shipping_class-global_methods","9":"first","10":"instock","11":"taxable","12":"shipping-taxable","13":"purchasable","14":"product-type-simple"},"yoast_head":"<!-- This site is optimized with the Yoast SEO plugin v27.4 - https:\/\/yoast.com\/product\/yoast-seo-wordpress\/ -->\n<title>share Permanentmarker 2er Set<\/title>\n<meta name=\"description\" content=\"share Permanentmarker 2er Set (gr\u00fcn &amp; schwarz): Nachhaltigkeit trifft Qualit\u00e4t!\u00a0 Wenn es darum geht, markante Spuren zu hinterlassen, braucht es mehr als nur F\" \/>\n<meta name=\"robots\" content=\"index, follow, max-snippet:-1, max-image-preview:large, max-video-preview:-1\" \/>\n<link rel=\"canonical\" href=\"https:\/\/schweizversand.ch\/en\/produkt\/share-permanentmarker-2er-set\/\" \/>\n<meta property=\"og:locale\" content=\"en_US\" \/>\n<meta property=\"og:type\" content=\"article\" \/>\n<meta property=\"og:title\" content=\"share Permanentmarker 2er Set\" \/>\n<meta property=\"og:description\" content=\"share Permanentmarker 2er Set (gr\u00fcn &amp; schwarz): Nachhaltigkeit trifft Qualit\u00e4t!\u00a0 Wenn es darum geht, markante Spuren zu hinterlassen, braucht es mehr als nur F\" \/>\n<meta property=\"og:url\" content=\"https:\/\/schweizversand.ch\/en\/produkt\/share-permanentmarker-2er-set\/\" \/>\n<meta property=\"og:site_name\" content=\"Schweizer Shop f\u00fcr Sport, Spiel und Freizeit\" \/>\n<meta property=\"article:publisher\" content=\"https:\/\/www.facebook.com\/Schweizversand\" \/>\n<meta property=\"article:modified_time\" content=\"2026-04-21T13:32:45+00:00\" \/>\n<meta property=\"og:image\" content=\"https:\/\/schweizversand.ch\/wp-content\/uploads\/2026\/02\/5471652586.jpg\" \/>\n\t<meta property=\"og:image:width\" content=\"1024\" \/>\n\t<meta property=\"og:image:height\" content=\"683\" \/>\n\t<meta property=\"og:image:type\" content=\"image\/jpeg\" \/>\n<meta name=\"twitter:card\" content=\"summary_large_image\" \/>\n<meta name=\"twitter:label1\" content=\"Est. reading time\" \/>\n\t<meta name=\"twitter:data1\" content=\"1 minute\" \/>\n<script type=\"application\/ld+json\" class=\"yoast-schema-graph\">{\"@context\":\"https:\\\/\\\/schema.org\",\"@graph\":[{\"@type\":\"WebPage\",\"@id\":\"https:\\\/\\\/schweizversand.ch\\\/en\\\/produkt\\\/share-permanentmarker-2er-set\\\/\",\"url\":\"https:\\\/\\\/schweizversand.ch\\\/en\\\/produkt\\\/share-permanentmarker-2er-set\\\/\",\"name\":\"share Permanentmarker 2er Set\",\"isPartOf\":{\"@id\":\"https:\\\/\\\/schweizversand.ch\\\/en\\\/#website\"},\"primaryImageOfPage\":{\"@id\":\"https:\\\/\\\/schweizversand.ch\\\/en\\\/produkt\\\/share-permanentmarker-2er-set\\\/#primaryimage\"},\"image\":{\"@id\":\"https:\\\/\\\/schweizversand.ch\\\/en\\\/produkt\\\/share-permanentmarker-2er-set\\\/#primaryimage\"},\"thumbnailUrl\":\"https:\\\/\\\/schweizversand.ch\\\/wp-content\\\/uploads\\\/2026\\\/02\\\/5471652586.jpg\",\"datePublished\":\"2026-03-14T23:28:51+00:00\",\"dateModified\":\"2026-04-21T13:32:45+00:00\",\"description\":\"share Permanentmarker 2er Set (gr\u00fcn & schwarz): Nachhaltigkeit trifft Qualit\u00e4t!\u00a0 Wenn es darum geht, markante Spuren zu hinterlassen, braucht es mehr als nur F\",\"breadcrumb\":{\"@id\":\"https:\\\/\\\/schweizversand.ch\\\/en\\\/produkt\\\/share-permanentmarker-2er-set\\\/#breadcrumb\"},\"inLanguage\":\"en-US\",\"potentialAction\":[{\"@type\":\"ReadAction\",\"target\":[\"https:\\\/\\\/schweizversand.ch\\\/en\\\/produkt\\\/share-permanentmarker-2er-set\\\/\"]}]},{\"@type\":\"ImageObject\",\"inLanguage\":\"en-US\",\"@id\":\"https:\\\/\\\/schweizversand.ch\\\/en\\\/produkt\\\/share-permanentmarker-2er-set\\\/#primaryimage\",\"url\":\"https:\\\/\\\/schweizversand.ch\\\/wp-content\\\/uploads\\\/2026\\\/02\\\/5471652586.jpg\",\"contentUrl\":\"https:\\\/\\\/schweizversand.ch\\\/wp-content\\\/uploads\\\/2026\\\/02\\\/5471652586.jpg\",\"width\":1024,\"height\":683},{\"@type\":\"BreadcrumbList\",\"@id\":\"https:\\\/\\\/schweizversand.ch\\\/en\\\/produkt\\\/share-permanentmarker-2er-set\\\/#breadcrumb\",\"itemListElement\":[{\"@type\":\"ListItem\",\"position\":1,\"name\":\"Startseite\",\"item\":\"https:\\\/\\\/schweizversand.ch\\\/en\\\/\"},{\"@type\":\"ListItem\",\"position\":2,\"name\":\"Shop\",\"item\":\"https:\\\/\\\/schweizversand.ch\\\/en\\\/shop\\\/\"},{\"@type\":\"ListItem\",\"position\":3,\"name\":\"Office &amp; Stationery\",\"item\":\"https:\\\/\\\/schweizversand.ch\\\/en\\\/produkt-kategorie\\\/office-stationery\\\/\"},{\"@type\":\"ListItem\",\"position\":4,\"name\":\"Workplace\",\"item\":\"https:\\\/\\\/schweizversand.ch\\\/en\\\/produkt-kategorie\\\/office-stationery\\\/workplace\\\/\"},{\"@type\":\"ListItem\",\"position\":5,\"name\":\"Pens &amp; Writing Instruments\",\"item\":\"https:\\\/\\\/schweizversand.ch\\\/en\\\/produkt-kategorie\\\/office-stationery\\\/workplace\\\/stifte-schreibgeraete\\\/\"},{\"@type\":\"ListItem\",\"position\":6,\"name\":\"share Permanent Marker 2-pack\"}]},{\"@type\":\"WebSite\",\"@id\":\"https:\\\/\\\/schweizversand.ch\\\/en\\\/#website\",\"url\":\"https:\\\/\\\/schweizversand.ch\\\/en\\\/\",\"name\":\"Schweizer Shop f\u00fcr Sport, Spiel und Freizeit\",\"description\":\"Gratisversand ab 50.- (netto), ab eigenem schweizer Lager, Lieferung innert 48h\",\"publisher\":{\"@id\":\"https:\\\/\\\/schweizversand.ch\\\/en\\\/#organization\"},\"alternateName\":\"Schweizversand.ch\",\"potentialAction\":[{\"@type\":\"SearchAction\",\"target\":{\"@type\":\"EntryPoint\",\"urlTemplate\":\"https:\\\/\\\/schweizversand.ch\\\/en\\\/?s={search_term_string}\"},\"query-input\":{\"@type\":\"PropertyValueSpecification\",\"valueRequired\":true,\"valueName\":\"search_term_string\"}}],\"inLanguage\":\"en-US\"},{\"@type\":\"Organization\",\"@id\":\"https:\\\/\\\/schweizversand.ch\\\/en\\\/#organization\",\"name\":\"Schweizversand.ch\",\"url\":\"https:\\\/\\\/schweizversand.ch\\\/en\\\/\",\"logo\":{\"@type\":\"ImageObject\",\"inLanguage\":\"en-US\",\"@id\":\"https:\\\/\\\/schweizversand.ch\\\/en\\\/#\\\/schema\\\/logo\\\/image\\\/\",\"url\":\"https:\\\/\\\/schweizversand.ch\\\/wp-content\\\/uploads\\\/2026\\\/03\\\/Logo_Rund_Final-1.png\",\"contentUrl\":\"https:\\\/\\\/schweizversand.ch\\\/wp-content\\\/uploads\\\/2026\\\/03\\\/Logo_Rund_Final-1.png\",\"width\":404,\"height\":404,\"caption\":\"Schweizversand.ch\"},\"image\":{\"@id\":\"https:\\\/\\\/schweizversand.ch\\\/en\\\/#\\\/schema\\\/logo\\\/image\\\/\"},\"sameAs\":[\"https:\\\/\\\/www.facebook.com\\\/Schweizversand\",\"https:\\\/\\\/www.instagram.com\\\/schweizversand.ch\\\/\"]}]}<\/script>\n<!-- \/ Yoast SEO plugin. -->","yoast_head_json":{"title":"share Permanentmarker 2er Set","description":"share Permanentmarker 2er Set (gr\u00fcn & schwarz): Nachhaltigkeit trifft Qualit\u00e4t!\u00a0 Wenn es darum geht, markante Spuren zu hinterlassen, braucht es mehr als nur F","robots":{"index":"index","follow":"follow","max-snippet":"max-snippet:-1","max-image-preview":"max-image-preview:large","max-video-preview":"max-video-preview:-1"},"canonical":"https:\/\/schweizversand.ch\/en\/produkt\/share-permanentmarker-2er-set\/","og_locale":"en_US","og_type":"article","og_title":"share Permanentmarker 2er Set","og_description":"share Permanentmarker 2er Set (gr\u00fcn & schwarz): Nachhaltigkeit trifft Qualit\u00e4t!\u00a0 Wenn es darum geht, markante Spuren zu hinterlassen, braucht es mehr als nur F","og_url":"https:\/\/schweizversand.ch\/en\/produkt\/share-permanentmarker-2er-set\/","og_site_name":"Schweizer Shop f\u00fcr Sport, Spiel und Freizeit","article_publisher":"https:\/\/www.facebook.com\/Schweizversand","article_modified_time":"2026-04-21T13:32:45+00:00","og_image":[{"width":1024,"height":683,"url":"https:\/\/schweizversand.ch\/wp-content\/uploads\/2026\/02\/5471652586.jpg","type":"image\/jpeg"}],"twitter_card":"summary_large_image","twitter_misc":{"Est. reading time":"1 minute"},"schema":{"@context":"https:\/\/schema.org","@graph":[{"@type":"WebPage","@id":"https:\/\/schweizversand.ch\/en\/produkt\/share-permanentmarker-2er-set\/","url":"https:\/\/schweizversand.ch\/en\/produkt\/share-permanentmarker-2er-set\/","name":"share Permanentmarker 2er Set","isPartOf":{"@id":"https:\/\/schweizversand.ch\/en\/#website"},"primaryImageOfPage":{"@id":"https:\/\/schweizversand.ch\/en\/produkt\/share-permanentmarker-2er-set\/#primaryimage"},"image":{"@id":"https:\/\/schweizversand.ch\/en\/produkt\/share-permanentmarker-2er-set\/#primaryimage"},"thumbnailUrl":"https:\/\/schweizversand.ch\/wp-content\/uploads\/2026\/02\/5471652586.jpg","datePublished":"2026-03-14T23:28:51+00:00","dateModified":"2026-04-21T13:32:45+00:00","description":"share Permanentmarker 2er Set (gr\u00fcn & schwarz): Nachhaltigkeit trifft Qualit\u00e4t!\u00a0 Wenn es darum geht, markante Spuren zu hinterlassen, braucht es mehr als nur F","breadcrumb":{"@id":"https:\/\/schweizversand.ch\/en\/produkt\/share-permanentmarker-2er-set\/#breadcrumb"},"inLanguage":"en-US","potentialAction":[{"@type":"ReadAction","target":["https:\/\/schweizversand.ch\/en\/produkt\/share-permanentmarker-2er-set\/"]}]},{"@type":"ImageObject","inLanguage":"en-US","@id":"https:\/\/schweizversand.ch\/en\/produkt\/share-permanentmarker-2er-set\/#primaryimage","url":"https:\/\/schweizversand.ch\/wp-content\/uploads\/2026\/02\/5471652586.jpg","contentUrl":"https:\/\/schweizversand.ch\/wp-content\/uploads\/2026\/02\/5471652586.jpg","width":1024,"height":683},{"@type":"BreadcrumbList","@id":"https:\/\/schweizversand.ch\/en\/produkt\/share-permanentmarker-2er-set\/#breadcrumb","itemListElement":[{"@type":"ListItem","position":1,"name":"Startseite","item":"https:\/\/schweizversand.ch\/en\/"},{"@type":"ListItem","position":2,"name":"Shop","item":"https:\/\/schweizversand.ch\/en\/shop\/"},{"@type":"ListItem","position":3,"name":"Office &amp; Stationery","item":"https:\/\/schweizversand.ch\/en\/produkt-kategorie\/office-stationery\/"},{"@type":"ListItem","position":4,"name":"Workplace","item":"https:\/\/schweizversand.ch\/en\/produkt-kategorie\/office-stationery\/workplace\/"},{"@type":"ListItem","position":5,"name":"Pens &amp; Writing Instruments","item":"https:\/\/schweizversand.ch\/en\/produkt-kategorie\/office-stationery\/workplace\/stifte-schreibgeraete\/"},{"@type":"ListItem","position":6,"name":"share Permanent Marker 2-pack"}]},{"@type":"WebSite","@id":"https:\/\/schweizversand.ch\/en\/#website","url":"https:\/\/schweizversand.ch\/en\/","name":"Schweizer Shop f\u00fcr Sport, Spiel und Freizeit","description":"Gratisversand ab 50.- (netto), ab eigenem schweizer Lager, Lieferung innert 48h","publisher":{"@id":"https:\/\/schweizversand.ch\/en\/#organization"},"alternateName":"Schweizversand.ch","potentialAction":[{"@type":"SearchAction","target":{"@type":"EntryPoint","urlTemplate":"https:\/\/schweizversand.ch\/en\/?s={search_term_string}"},"query-input":{"@type":"PropertyValueSpecification","valueRequired":true,"valueName":"search_term_string"}}],"inLanguage":"en-US"},{"@type":"Organization","@id":"https:\/\/schweizversand.ch\/en\/#organization","name":"Schweizversand.ch","url":"https:\/\/schweizversand.ch\/en\/","logo":{"@type":"ImageObject","inLanguage":"en-US","@id":"https:\/\/schweizversand.ch\/en\/#\/schema\/logo\/image\/","url":"https:\/\/schweizversand.ch\/wp-content\/uploads\/2026\/03\/Logo_Rund_Final-1.png","contentUrl":"https:\/\/schweizversand.ch\/wp-content\/uploads\/2026\/03\/Logo_Rund_Final-1.png","width":404,"height":404,"caption":"Schweizversand.ch"},"image":{"@id":"https:\/\/schweizversand.ch\/en\/#\/schema\/logo\/image\/"},"sameAs":["https:\/\/www.facebook.com\/Schweizversand","https:\/\/www.instagram.com\/schweizversand.ch\/"]}]}},"jetpack_sharing_enabled":true,"_links":{"self":[{"href":"https:\/\/schweizversand.ch\/en\/wp-json\/wp\/v2\/product\/259689","targetHints":{"allow":["GET"]}}],"collection":[{"href":"https:\/\/schweizversand.ch\/en\/wp-json\/wp\/v2\/product"}],"about":[{"href":"https:\/\/schweizversand.ch\/en\/wp-json\/wp\/v2\/types\/product"}],"replies":[{"embeddable":true,"href":"https:\/\/schweizversand.ch\/en\/wp-json\/wp\/v2\/comments?post=259689"}],"wp:featuredmedia":[{"embeddable":true,"href":"https:\/\/schweizversand.ch\/en\/wp-json\/wp\/v2\/media\/261373"}],"wp:attachment":[{"href":"https:\/\/schweizversand.ch\/en\/wp-json\/wp\/v2\/media?parent=259689"}],"wp:term":[{"taxonomy":"product_brand","embeddable":true,"href":"https:\/\/schweizversand.ch\/en\/wp-json\/wp\/v2\/product_brand?post=259689"},{"taxonomy":"product_cat","embeddable":true,"href":"https:\/\/schweizversand.ch\/en\/wp-json\/wp\/v2\/product_cat?post=259689"},{"taxonomy":"product_tag","embeddable":true,"href":"https:\/\/schweizversand.ch\/en\/wp-json\/wp\/v2\/product_tag?post=259689"}],"curies":[{"name":"wp","href":"https:\/\/api.w.org\/{rel}","templated":true}]}}