{"id":259690,"date":"2026-03-15T00:28:58","date_gmt":"2026-03-14T23:28:58","guid":{"rendered":"https:\/\/schweizversand.ch\/produkt\/welliebellies-waermetier-einhorn\/"},"modified":"2026-04-19T02:02:25","modified_gmt":"2026-04-19T00:02:25","slug":"welliebellies-waermetier-einhorn","status":"publish","type":"product","link":"https:\/\/schweizversand.ch\/en\/produkt\/welliebellies-waermetier-einhorn\/","title":{"rendered":"Welliebellies Heatable Unicorn Toy"},"content":{"rendered":"<h1><strong>Unicorn Heatable Toy<\/strong><\/h1>\n<div>Discover the <strong>heatable toy<\/strong>, a loyal companion that not only invites cuddling but also provides soothing warmth. This adorable <strong>heatable pillow<\/strong> is perfect for providing comfort and delighting hearts of all ages.<\/p>\n<\/div>\n<div><strong>Unique comfort for your child<\/strong><br \/>Our <strong>cuddly toy<\/strong> is more than just a toy; it&#8217;s a friend that provides warmth and comfort. Ideal for cozy moments, falling asleep, or simply as a cuddly source of warmth on chilly days. The <strong>heatable plush toy<\/strong> is a wonderful gift that guarantees joy and well-being.<\/p>\n<\/div>\n<div><strong>Soothing warmth and safety<\/strong><br \/>The removable heating pad makes this <strong>heatable plush toy<\/strong> child-friendly and safe to use. It is easy to heat and provides a long-lasting, pleasant temperature. It is simple to use and offers a gentle way to soothe and relax your child.<\/p>\n<\/div>\n<div><strong>Important safety instructions for use<\/strong><br \/>Please note that the <strong>heatable plush toy<\/strong> is suitable for children aged 36 months and older. Ensure the product is clean and dry before heating. It must be completely cooled to room temperature before each reheating. Always remove the heating pad from the plush toy before heating. The plush toy itself must not be heated! Never exceed the recommended temperatures and heating times to avoid the risk of fire. The microwave or oven must only be operated by adults. Any grill function must be switched off, and the turntable must be able to rotate freely. Carefully check the temperature of the heat pack before giving it to children to avoid burns. Allergic reactions may occur in at-risk groups such as immunocompromised individuals or those with allergies. The contents of the pack are not for consumption and should only be used under strict adult supervision.<\/p>\n<\/div>\n<div><strong>Product Details<\/strong><br \/>&#8211; Weight: 250 g<br \/>&#8211; Size: (Length x Width x Height): 20 x 18 x 12 cm<br \/>&#8211; Material: High-quality plush with removable heat pack<br \/><strong>&#8211; Can also be used chilled &#8211; for relief from swelling &amp; Pain<\/strong><\/p>\n<\/div>\n<div>Give your child a cuddly friend with the <strong>heatable animal<\/strong>, bringing warmth and comfort to everyday life.<\/div>\n<div><\/div>\n","protected":false},"excerpt":{"rendered":"<p>Unicorn Heatable Toy Discover the heatable toy, a loyal companion that not only invites cuddling but also provides soothing warmth. This adorable heatable pillow is perfect for providing comfort and delighting hearts of all ages. Unique comfort for your childOur cuddly toy is more than just a toy; it&#8217;s a friend that provides warmth and comfort. Ideal for cozy moments, falling asleep, or simply as a cuddly source of warmth on chilly days. The heatable&hellip;<\/p>\n","protected":false},"featured_media":164050,"comment_status":"open","ping_status":"closed","template":"","meta":[],"product_brand":[],"product_cat":[38907,38706],"product_tag":[],"class_list":{"0":"post-259690","1":"product","2":"type-product","3":"status-publish","4":"has-post-thumbnail","6":"product_cat-plueschtier","8":"product_shipping_class-global_methods","10":"first","11":"instock","12":"taxable","13":"shipping-taxable","14":"purchasable","15":"product-type-simple"},"yoast_head":"<!-- This site is optimized with the Yoast SEO plugin v27.4 - https:\/\/yoast.com\/product\/yoast-seo-wordpress\/ -->\n<title>Welliebellies W\u00e4rmetier Einhorn<\/title>\n<meta name=\"description\" content=\"W\u00e4rmetier Einhorn Entdecken Sie das W\u00e4rmetier , einen treuen Begleiter, der nicht nur zum Kuscheln einl\u00e4dt, sondern auch wohltuende W\u00e4rme spendet. Dieses entz\u00fcc\" \/>\n<meta name=\"robots\" content=\"index, follow, max-snippet:-1, max-image-preview:large, max-video-preview:-1\" \/>\n<link rel=\"canonical\" href=\"https:\/\/schweizversand.ch\/en\/produkt\/welliebellies-waermetier-einhorn\/\" \/>\n<meta property=\"og:locale\" content=\"en_US\" \/>\n<meta property=\"og:type\" content=\"article\" \/>\n<meta property=\"og:title\" content=\"Welliebellies W\u00e4rmetier Einhorn\" \/>\n<meta property=\"og:description\" content=\"W\u00e4rmetier Einhorn Entdecken Sie das W\u00e4rmetier , einen treuen Begleiter, der nicht nur zum Kuscheln einl\u00e4dt, sondern auch wohltuende W\u00e4rme spendet. Dieses entz\u00fcc\" \/>\n<meta property=\"og:url\" content=\"https:\/\/schweizversand.ch\/en\/produkt\/welliebellies-waermetier-einhorn\/\" \/>\n<meta property=\"og:site_name\" content=\"Schweizer Shop f\u00fcr Sport, Spiel und Freizeit\" \/>\n<meta property=\"article:publisher\" content=\"https:\/\/www.facebook.com\/Schweizversand\" \/>\n<meta property=\"article:modified_time\" content=\"2026-04-19T00:02:25+00:00\" \/>\n<meta property=\"og:image\" content=\"https:\/\/schweizversand.ch\/wp-content\/uploads\/2026\/02\/5511261334.jpg\" \/>\n\t<meta property=\"og:image:width\" content=\"1024\" \/>\n\t<meta property=\"og:image:height\" content=\"792\" \/>\n\t<meta property=\"og:image:type\" content=\"image\/jpeg\" \/>\n<meta name=\"twitter:card\" content=\"summary_large_image\" \/>\n<meta name=\"twitter:label1\" content=\"Est. reading time\" \/>\n\t<meta name=\"twitter:data1\" content=\"2 minutes\" \/>\n<script type=\"application\/ld+json\" class=\"yoast-schema-graph\">{\"@context\":\"https:\\\/\\\/schema.org\",\"@graph\":[{\"@type\":\"WebPage\",\"@id\":\"https:\\\/\\\/schweizversand.ch\\\/en\\\/produkt\\\/welliebellies-waermetier-einhorn\\\/\",\"url\":\"https:\\\/\\\/schweizversand.ch\\\/en\\\/produkt\\\/welliebellies-waermetier-einhorn\\\/\",\"name\":\"Welliebellies W\u00e4rmetier Einhorn\",\"isPartOf\":{\"@id\":\"https:\\\/\\\/schweizversand.ch\\\/en\\\/#website\"},\"primaryImageOfPage\":{\"@id\":\"https:\\\/\\\/schweizversand.ch\\\/en\\\/produkt\\\/welliebellies-waermetier-einhorn\\\/#primaryimage\"},\"image\":{\"@id\":\"https:\\\/\\\/schweizversand.ch\\\/en\\\/produkt\\\/welliebellies-waermetier-einhorn\\\/#primaryimage\"},\"thumbnailUrl\":\"https:\\\/\\\/schweizversand.ch\\\/wp-content\\\/uploads\\\/2026\\\/02\\\/5511261334.jpg\",\"datePublished\":\"2026-03-14T23:28:58+00:00\",\"dateModified\":\"2026-04-19T00:02:25+00:00\",\"description\":\"W\u00e4rmetier Einhorn Entdecken Sie das W\u00e4rmetier , einen treuen Begleiter, der nicht nur zum Kuscheln einl\u00e4dt, sondern auch wohltuende W\u00e4rme spendet. Dieses entz\u00fcc\",\"breadcrumb\":{\"@id\":\"https:\\\/\\\/schweizversand.ch\\\/en\\\/produkt\\\/welliebellies-waermetier-einhorn\\\/#breadcrumb\"},\"inLanguage\":\"en-US\",\"potentialAction\":[{\"@type\":\"ReadAction\",\"target\":[\"https:\\\/\\\/schweizversand.ch\\\/en\\\/produkt\\\/welliebellies-waermetier-einhorn\\\/\"]}]},{\"@type\":\"ImageObject\",\"inLanguage\":\"en-US\",\"@id\":\"https:\\\/\\\/schweizversand.ch\\\/en\\\/produkt\\\/welliebellies-waermetier-einhorn\\\/#primaryimage\",\"url\":\"https:\\\/\\\/schweizversand.ch\\\/wp-content\\\/uploads\\\/2026\\\/02\\\/5511261334.jpg\",\"contentUrl\":\"https:\\\/\\\/schweizversand.ch\\\/wp-content\\\/uploads\\\/2026\\\/02\\\/5511261334.jpg\",\"width\":1024,\"height\":792},{\"@type\":\"BreadcrumbList\",\"@id\":\"https:\\\/\\\/schweizversand.ch\\\/en\\\/produkt\\\/welliebellies-waermetier-einhorn\\\/#breadcrumb\",\"itemListElement\":[{\"@type\":\"ListItem\",\"position\":1,\"name\":\"Startseite\",\"item\":\"https:\\\/\\\/schweizversand.ch\\\/en\\\/\"},{\"@type\":\"ListItem\",\"position\":2,\"name\":\"Shop\",\"item\":\"https:\\\/\\\/schweizversand.ch\\\/en\\\/shop\\\/\"},{\"@type\":\"ListItem\",\"position\":3,\"name\":\"Toys &amp; Games\",\"item\":\"https:\\\/\\\/schweizversand.ch\\\/en\\\/produkt-kategorie\\\/toys-games\\\/\"},{\"@type\":\"ListItem\",\"position\":4,\"name\":\"Figures &amp; Dolls\",\"item\":\"https:\\\/\\\/schweizversand.ch\\\/en\\\/produkt-kategorie\\\/toys-games\\\/figures-dolls\\\/\"},{\"@type\":\"ListItem\",\"position\":5,\"name\":\"Peluche\",\"item\":\"https:\\\/\\\/schweizversand.ch\\\/en\\\/produkt-kategorie\\\/plueschtier\\\/\"},{\"@type\":\"ListItem\",\"position\":6,\"name\":\"Welliebellies Heatable Unicorn Toy\"}]},{\"@type\":\"WebSite\",\"@id\":\"https:\\\/\\\/schweizversand.ch\\\/en\\\/#website\",\"url\":\"https:\\\/\\\/schweizversand.ch\\\/en\\\/\",\"name\":\"Schweizer Shop f\u00fcr Sport, Spiel und Freizeit\",\"description\":\"Gratisversand ab 50.- (netto), ab eigenem schweizer Lager, Lieferung innert 48h\",\"publisher\":{\"@id\":\"https:\\\/\\\/schweizversand.ch\\\/en\\\/#organization\"},\"alternateName\":\"Schweizversand.ch\",\"potentialAction\":[{\"@type\":\"SearchAction\",\"target\":{\"@type\":\"EntryPoint\",\"urlTemplate\":\"https:\\\/\\\/schweizversand.ch\\\/en\\\/?s={search_term_string}\"},\"query-input\":{\"@type\":\"PropertyValueSpecification\",\"valueRequired\":true,\"valueName\":\"search_term_string\"}}],\"inLanguage\":\"en-US\"},{\"@type\":\"Organization\",\"@id\":\"https:\\\/\\\/schweizversand.ch\\\/en\\\/#organization\",\"name\":\"Schweizversand.ch\",\"url\":\"https:\\\/\\\/schweizversand.ch\\\/en\\\/\",\"logo\":{\"@type\":\"ImageObject\",\"inLanguage\":\"en-US\",\"@id\":\"https:\\\/\\\/schweizversand.ch\\\/en\\\/#\\\/schema\\\/logo\\\/image\\\/\",\"url\":\"https:\\\/\\\/schweizversand.ch\\\/wp-content\\\/uploads\\\/2026\\\/03\\\/Logo_Rund_Final-1.png\",\"contentUrl\":\"https:\\\/\\\/schweizversand.ch\\\/wp-content\\\/uploads\\\/2026\\\/03\\\/Logo_Rund_Final-1.png\",\"width\":404,\"height\":404,\"caption\":\"Schweizversand.ch\"},\"image\":{\"@id\":\"https:\\\/\\\/schweizversand.ch\\\/en\\\/#\\\/schema\\\/logo\\\/image\\\/\"},\"sameAs\":[\"https:\\\/\\\/www.facebook.com\\\/Schweizversand\",\"https:\\\/\\\/www.instagram.com\\\/schweizversand.ch\\\/\"]}]}<\/script>\n<!-- \/ Yoast SEO plugin. -->","yoast_head_json":{"title":"Welliebellies W\u00e4rmetier Einhorn","description":"W\u00e4rmetier Einhorn Entdecken Sie das W\u00e4rmetier , einen treuen Begleiter, der nicht nur zum Kuscheln einl\u00e4dt, sondern auch wohltuende W\u00e4rme spendet. Dieses entz\u00fcc","robots":{"index":"index","follow":"follow","max-snippet":"max-snippet:-1","max-image-preview":"max-image-preview:large","max-video-preview":"max-video-preview:-1"},"canonical":"https:\/\/schweizversand.ch\/en\/produkt\/welliebellies-waermetier-einhorn\/","og_locale":"en_US","og_type":"article","og_title":"Welliebellies W\u00e4rmetier Einhorn","og_description":"W\u00e4rmetier Einhorn Entdecken Sie das W\u00e4rmetier , einen treuen Begleiter, der nicht nur zum Kuscheln einl\u00e4dt, sondern auch wohltuende W\u00e4rme spendet. Dieses entz\u00fcc","og_url":"https:\/\/schweizversand.ch\/en\/produkt\/welliebellies-waermetier-einhorn\/","og_site_name":"Schweizer Shop f\u00fcr Sport, Spiel und Freizeit","article_publisher":"https:\/\/www.facebook.com\/Schweizversand","article_modified_time":"2026-04-19T00:02:25+00:00","og_image":[{"width":1024,"height":792,"url":"https:\/\/schweizversand.ch\/wp-content\/uploads\/2026\/02\/5511261334.jpg","type":"image\/jpeg"}],"twitter_card":"summary_large_image","twitter_misc":{"Est. reading time":"2 minutes"},"schema":{"@context":"https:\/\/schema.org","@graph":[{"@type":"WebPage","@id":"https:\/\/schweizversand.ch\/en\/produkt\/welliebellies-waermetier-einhorn\/","url":"https:\/\/schweizversand.ch\/en\/produkt\/welliebellies-waermetier-einhorn\/","name":"Welliebellies W\u00e4rmetier Einhorn","isPartOf":{"@id":"https:\/\/schweizversand.ch\/en\/#website"},"primaryImageOfPage":{"@id":"https:\/\/schweizversand.ch\/en\/produkt\/welliebellies-waermetier-einhorn\/#primaryimage"},"image":{"@id":"https:\/\/schweizversand.ch\/en\/produkt\/welliebellies-waermetier-einhorn\/#primaryimage"},"thumbnailUrl":"https:\/\/schweizversand.ch\/wp-content\/uploads\/2026\/02\/5511261334.jpg","datePublished":"2026-03-14T23:28:58+00:00","dateModified":"2026-04-19T00:02:25+00:00","description":"W\u00e4rmetier Einhorn Entdecken Sie das W\u00e4rmetier , einen treuen Begleiter, der nicht nur zum Kuscheln einl\u00e4dt, sondern auch wohltuende W\u00e4rme spendet. Dieses entz\u00fcc","breadcrumb":{"@id":"https:\/\/schweizversand.ch\/en\/produkt\/welliebellies-waermetier-einhorn\/#breadcrumb"},"inLanguage":"en-US","potentialAction":[{"@type":"ReadAction","target":["https:\/\/schweizversand.ch\/en\/produkt\/welliebellies-waermetier-einhorn\/"]}]},{"@type":"ImageObject","inLanguage":"en-US","@id":"https:\/\/schweizversand.ch\/en\/produkt\/welliebellies-waermetier-einhorn\/#primaryimage","url":"https:\/\/schweizversand.ch\/wp-content\/uploads\/2026\/02\/5511261334.jpg","contentUrl":"https:\/\/schweizversand.ch\/wp-content\/uploads\/2026\/02\/5511261334.jpg","width":1024,"height":792},{"@type":"BreadcrumbList","@id":"https:\/\/schweizversand.ch\/en\/produkt\/welliebellies-waermetier-einhorn\/#breadcrumb","itemListElement":[{"@type":"ListItem","position":1,"name":"Startseite","item":"https:\/\/schweizversand.ch\/en\/"},{"@type":"ListItem","position":2,"name":"Shop","item":"https:\/\/schweizversand.ch\/en\/shop\/"},{"@type":"ListItem","position":3,"name":"Toys &amp; Games","item":"https:\/\/schweizversand.ch\/en\/produkt-kategorie\/toys-games\/"},{"@type":"ListItem","position":4,"name":"Figures &amp; Dolls","item":"https:\/\/schweizversand.ch\/en\/produkt-kategorie\/toys-games\/figures-dolls\/"},{"@type":"ListItem","position":5,"name":"Peluche","item":"https:\/\/schweizversand.ch\/en\/produkt-kategorie\/plueschtier\/"},{"@type":"ListItem","position":6,"name":"Welliebellies Heatable Unicorn Toy"}]},{"@type":"WebSite","@id":"https:\/\/schweizversand.ch\/en\/#website","url":"https:\/\/schweizversand.ch\/en\/","name":"Schweizer Shop f\u00fcr Sport, Spiel und Freizeit","description":"Gratisversand ab 50.- (netto), ab eigenem schweizer Lager, Lieferung innert 48h","publisher":{"@id":"https:\/\/schweizversand.ch\/en\/#organization"},"alternateName":"Schweizversand.ch","potentialAction":[{"@type":"SearchAction","target":{"@type":"EntryPoint","urlTemplate":"https:\/\/schweizversand.ch\/en\/?s={search_term_string}"},"query-input":{"@type":"PropertyValueSpecification","valueRequired":true,"valueName":"search_term_string"}}],"inLanguage":"en-US"},{"@type":"Organization","@id":"https:\/\/schweizversand.ch\/en\/#organization","name":"Schweizversand.ch","url":"https:\/\/schweizversand.ch\/en\/","logo":{"@type":"ImageObject","inLanguage":"en-US","@id":"https:\/\/schweizversand.ch\/en\/#\/schema\/logo\/image\/","url":"https:\/\/schweizversand.ch\/wp-content\/uploads\/2026\/03\/Logo_Rund_Final-1.png","contentUrl":"https:\/\/schweizversand.ch\/wp-content\/uploads\/2026\/03\/Logo_Rund_Final-1.png","width":404,"height":404,"caption":"Schweizversand.ch"},"image":{"@id":"https:\/\/schweizversand.ch\/en\/#\/schema\/logo\/image\/"},"sameAs":["https:\/\/www.facebook.com\/Schweizversand","https:\/\/www.instagram.com\/schweizversand.ch\/"]}]}},"jetpack_sharing_enabled":true,"_links":{"self":[{"href":"https:\/\/schweizversand.ch\/en\/wp-json\/wp\/v2\/product\/259690","targetHints":{"allow":["GET"]}}],"collection":[{"href":"https:\/\/schweizversand.ch\/en\/wp-json\/wp\/v2\/product"}],"about":[{"href":"https:\/\/schweizversand.ch\/en\/wp-json\/wp\/v2\/types\/product"}],"replies":[{"embeddable":true,"href":"https:\/\/schweizversand.ch\/en\/wp-json\/wp\/v2\/comments?post=259690"}],"wp:featuredmedia":[{"embeddable":true,"href":"https:\/\/schweizversand.ch\/en\/wp-json\/wp\/v2\/media\/164050"}],"wp:attachment":[{"href":"https:\/\/schweizversand.ch\/en\/wp-json\/wp\/v2\/media?parent=259690"}],"wp:term":[{"taxonomy":"product_brand","embeddable":true,"href":"https:\/\/schweizversand.ch\/en\/wp-json\/wp\/v2\/product_brand?post=259690"},{"taxonomy":"product_cat","embeddable":true,"href":"https:\/\/schweizversand.ch\/en\/wp-json\/wp\/v2\/product_cat?post=259690"},{"taxonomy":"product_tag","embeddable":true,"href":"https:\/\/schweizversand.ch\/en\/wp-json\/wp\/v2\/product_tag?post=259690"}],"curies":[{"name":"wp","href":"https:\/\/api.w.org\/{rel}","templated":true}]}}