{"id":259698,"date":"2026-03-30T15:30:34","date_gmt":"2026-03-30T13:30:34","guid":{"rendered":"https:\/\/schweizversand.ch\/produkt\/kynast-keramik-heizluefter-2000-watt\/"},"modified":"2026-04-11T15:32:38","modified_gmt":"2026-04-11T13:32:38","slug":"kynast-keramik-heizluefter-2000-watt","status":"publish","type":"product","link":"https:\/\/schweizversand.ch\/en\/produkt\/kynast-keramik-heizluefter-2000-watt\/","title":{"rendered":"Kynast Ceramic Fan Heater 2000 Watt"},"content":{"rendered":"<div><strong>Kynast Ceramic Fan Heater \u2013 2000 Watts<br \/><\/strong><\/div>\n<div>Looking for a fast, safe, and efficient solution to heat up cool rooms? The <strong>Kynast Ceramic Fan Heater<\/strong> is the ideal <strong>electric auxiliary heater<\/strong>, boasting state-of-the-art technology and a compact design. Experience instant warmth and maximum comfort wherever you need it.<\/p>\n<\/div>\n<div><strong>Performance and Efficiency<\/strong><br \/> This powerful <strong>ceramic fan heater<\/strong> from Kynast delivers a maximum heating output of an impressive <strong>2000 watts<\/strong> thanks to its high-quality <strong>ceramic heating element<\/strong>. Unlike conventional heating wires, ceramic technology ensures faster heating, more even heat distribution, and a longer lifespan. You have the choice between two heating levels (1000 W or 2000 W) to precisely adjust the heat output to your needs. Convenient Control and Use: The compact fan heater is equipped with a continuously adjustable thermostat. This allows you to set the desired room temperature precisely. Once the target temperature is reached, the device switches off automatically, thus saving energy. Thanks to the integrated carrying handle and small dimensions, the fan heater is easy to transport and is ideal for offices, hobby rooms, or as a temporary heating source. Maximum Safety During Operation: Your safety is our top priority. The Kynast fan heater features reliable overheat protection, which automatically switches off the device if the temperature gets too high. This makes it a particularly safe choice among ceramic fan heaters. Please note that this model is designed for indoor use only and should not be used in damp rooms such as bathrooms or basements.<\/p>\n<\/div>\n<div><strong>Technical Specifications<\/strong><br \/> &#8211; Dimensions: 24.0 x 13.5 x 23.5 cm<br \/> &#8211; Max. power: 2000 watts<br \/> &#8211; Heating levels: 1000 W \/ 2000 W<br \/> &#8211; Voltage: 220\u2013240 V \/ 50\u201360 Hz<br \/> &#8211; Cable length: 1.49 m<\/p>\n<\/div>\n<div>Invest in the <strong>Kynast Ceramic Fan Heater<\/strong> and enjoy instant, safe, and efficient warmth \u2013 the perfect <strong>electric supplemental heater<\/strong> for the cold season.<\/p>\n<\/div>\n","protected":false},"excerpt":{"rendered":"<p>Kynast Keramik Heizl\u00fcfter 2000 Watt sorgt mit schneller Keramik-Technologie f\u00fcr sofortige, effiziente W\u00e4rme. Kompakt, sicher und flexibel mit zwei Heizstufen.<\/p>\n","protected":false},"featured_media":261015,"comment_status":"open","ping_status":"closed","template":"","meta":[],"product_brand":[],"product_cat":[38039],"product_tag":[],"class_list":{"0":"post-259698","1":"product","2":"type-product","3":"status-publish","4":"has-post-thumbnail","6":"product_cat-diverses","7":"product_shipping_class-global_methods","9":"first","10":"instock","11":"taxable","12":"shipping-taxable","13":"purchasable","14":"product-type-simple"},"yoast_head":"<!-- This site is optimized with the Yoast SEO plugin v27.3 - https:\/\/yoast.com\/product\/yoast-seo-wordpress\/ -->\n<title>Kynast Keramik Heizl\u00fcfter 2000 Watt<\/title>\n<meta name=\"description\" content=\"Kynast Keramik Heizl\u00fcfter \u2013 2000 Watt Suchen Sie nach einer schnellen, sicheren und effizienten L\u00f6sung, um k\u00fchle R\u00e4ume aufzuheizen? Der Kynast Keramik Heizl\u00fcfte\" \/>\n<meta name=\"robots\" content=\"index, follow, max-snippet:-1, max-image-preview:large, max-video-preview:-1\" \/>\n<link rel=\"canonical\" href=\"https:\/\/schweizversand.ch\/en\/produkt\/kynast-keramik-heizluefter-2000-watt\/\" \/>\n<meta property=\"og:locale\" content=\"en_US\" \/>\n<meta property=\"og:type\" content=\"article\" \/>\n<meta property=\"og:title\" content=\"Kynast Keramik Heizl\u00fcfter 2000 Watt\" \/>\n<meta property=\"og:description\" content=\"Kynast Keramik Heizl\u00fcfter \u2013 2000 Watt Suchen Sie nach einer schnellen, sicheren und effizienten L\u00f6sung, um k\u00fchle R\u00e4ume aufzuheizen? Der Kynast Keramik Heizl\u00fcfte\" \/>\n<meta property=\"og:url\" content=\"https:\/\/schweizversand.ch\/en\/produkt\/kynast-keramik-heizluefter-2000-watt\/\" \/>\n<meta property=\"og:site_name\" content=\"Schweizer Shop f\u00fcr Sport, Spiel und Freizeit\" \/>\n<meta property=\"article:publisher\" content=\"https:\/\/www.facebook.com\/Schweizversand\" \/>\n<meta property=\"article:modified_time\" content=\"2026-04-11T13:32:38+00:00\" \/>\n<meta property=\"og:image\" content=\"https:\/\/schweizversand.ch\/wp-content\/uploads\/2026\/03\/5483746422.jpg\" \/>\n\t<meta property=\"og:image:width\" content=\"928\" \/>\n\t<meta property=\"og:image:height\" content=\"1024\" \/>\n\t<meta property=\"og:image:type\" content=\"image\/jpeg\" \/>\n<meta name=\"twitter:card\" content=\"summary_large_image\" \/>\n<meta name=\"twitter:label1\" content=\"Est. reading time\" \/>\n\t<meta name=\"twitter:data1\" content=\"1 minute\" \/>\n<script type=\"application\/ld+json\" class=\"yoast-schema-graph\">{\"@context\":\"https:\\\/\\\/schema.org\",\"@graph\":[{\"@type\":\"WebPage\",\"@id\":\"https:\\\/\\\/schweizversand.ch\\\/en\\\/produkt\\\/kynast-keramik-heizluefter-2000-watt\\\/\",\"url\":\"https:\\\/\\\/schweizversand.ch\\\/en\\\/produkt\\\/kynast-keramik-heizluefter-2000-watt\\\/\",\"name\":\"Kynast Keramik Heizl\u00fcfter 2000 Watt\",\"isPartOf\":{\"@id\":\"https:\\\/\\\/schweizversand.ch\\\/en\\\/#website\"},\"primaryImageOfPage\":{\"@id\":\"https:\\\/\\\/schweizversand.ch\\\/en\\\/produkt\\\/kynast-keramik-heizluefter-2000-watt\\\/#primaryimage\"},\"image\":{\"@id\":\"https:\\\/\\\/schweizversand.ch\\\/en\\\/produkt\\\/kynast-keramik-heizluefter-2000-watt\\\/#primaryimage\"},\"thumbnailUrl\":\"https:\\\/\\\/schweizversand.ch\\\/wp-content\\\/uploads\\\/2026\\\/03\\\/5483746422.jpg\",\"datePublished\":\"2026-03-30T13:30:34+00:00\",\"dateModified\":\"2026-04-11T13:32:38+00:00\",\"description\":\"Kynast Keramik Heizl\u00fcfter \u2013 2000 Watt Suchen Sie nach einer schnellen, sicheren und effizienten L\u00f6sung, um k\u00fchle R\u00e4ume aufzuheizen? Der Kynast Keramik Heizl\u00fcfte\",\"breadcrumb\":{\"@id\":\"https:\\\/\\\/schweizversand.ch\\\/en\\\/produkt\\\/kynast-keramik-heizluefter-2000-watt\\\/#breadcrumb\"},\"inLanguage\":\"en-US\",\"potentialAction\":[{\"@type\":\"ReadAction\",\"target\":[\"https:\\\/\\\/schweizversand.ch\\\/en\\\/produkt\\\/kynast-keramik-heizluefter-2000-watt\\\/\"]}]},{\"@type\":\"ImageObject\",\"inLanguage\":\"en-US\",\"@id\":\"https:\\\/\\\/schweizversand.ch\\\/en\\\/produkt\\\/kynast-keramik-heizluefter-2000-watt\\\/#primaryimage\",\"url\":\"https:\\\/\\\/schweizversand.ch\\\/wp-content\\\/uploads\\\/2026\\\/03\\\/5483746422.jpg\",\"contentUrl\":\"https:\\\/\\\/schweizversand.ch\\\/wp-content\\\/uploads\\\/2026\\\/03\\\/5483746422.jpg\",\"width\":928,\"height\":1024},{\"@type\":\"BreadcrumbList\",\"@id\":\"https:\\\/\\\/schweizversand.ch\\\/en\\\/produkt\\\/kynast-keramik-heizluefter-2000-watt\\\/#breadcrumb\",\"itemListElement\":[{\"@type\":\"ListItem\",\"position\":1,\"name\":\"Startseite\",\"item\":\"https:\\\/\\\/schweizversand.ch\\\/en\\\/\"},{\"@type\":\"ListItem\",\"position\":2,\"name\":\"Shop\",\"item\":\"https:\\\/\\\/schweizversand.ch\\\/en\\\/shop\\\/\"},{\"@type\":\"ListItem\",\"position\":3,\"name\":\"Kynast Ceramic Fan Heater 2000 Watt\"}]},{\"@type\":\"WebSite\",\"@id\":\"https:\\\/\\\/schweizversand.ch\\\/en\\\/#website\",\"url\":\"https:\\\/\\\/schweizversand.ch\\\/en\\\/\",\"name\":\"Schweizer Shop f\u00fcr Sport, Spiel und Freizeit\",\"description\":\"Gratisversand ab 50.- (netto), ab eigenem schweizer Lager, Lieferung innert 48h\",\"publisher\":{\"@id\":\"https:\\\/\\\/schweizversand.ch\\\/en\\\/#organization\"},\"alternateName\":\"Schweizversand.ch\",\"potentialAction\":[{\"@type\":\"SearchAction\",\"target\":{\"@type\":\"EntryPoint\",\"urlTemplate\":\"https:\\\/\\\/schweizversand.ch\\\/en\\\/?s={search_term_string}\"},\"query-input\":{\"@type\":\"PropertyValueSpecification\",\"valueRequired\":true,\"valueName\":\"search_term_string\"}}],\"inLanguage\":\"en-US\"},{\"@type\":\"Organization\",\"@id\":\"https:\\\/\\\/schweizversand.ch\\\/en\\\/#organization\",\"name\":\"Schweizversand.ch\",\"url\":\"https:\\\/\\\/schweizversand.ch\\\/en\\\/\",\"logo\":{\"@type\":\"ImageObject\",\"inLanguage\":\"en-US\",\"@id\":\"https:\\\/\\\/schweizversand.ch\\\/en\\\/#\\\/schema\\\/logo\\\/image\\\/\",\"url\":\"https:\\\/\\\/schweizversand.ch\\\/wp-content\\\/uploads\\\/2026\\\/03\\\/Logo_Rund_Final-1.png\",\"contentUrl\":\"https:\\\/\\\/schweizversand.ch\\\/wp-content\\\/uploads\\\/2026\\\/03\\\/Logo_Rund_Final-1.png\",\"width\":404,\"height\":404,\"caption\":\"Schweizversand.ch\"},\"image\":{\"@id\":\"https:\\\/\\\/schweizversand.ch\\\/en\\\/#\\\/schema\\\/logo\\\/image\\\/\"},\"sameAs\":[\"https:\\\/\\\/www.facebook.com\\\/Schweizversand\",\"https:\\\/\\\/www.instagram.com\\\/schweizversand.ch\\\/\"]}]}<\/script>\n<!-- \/ Yoast SEO plugin. -->","yoast_head_json":{"title":"Kynast Keramik Heizl\u00fcfter 2000 Watt","description":"Kynast Keramik Heizl\u00fcfter \u2013 2000 Watt Suchen Sie nach einer schnellen, sicheren und effizienten L\u00f6sung, um k\u00fchle R\u00e4ume aufzuheizen? Der Kynast Keramik Heizl\u00fcfte","robots":{"index":"index","follow":"follow","max-snippet":"max-snippet:-1","max-image-preview":"max-image-preview:large","max-video-preview":"max-video-preview:-1"},"canonical":"https:\/\/schweizversand.ch\/en\/produkt\/kynast-keramik-heizluefter-2000-watt\/","og_locale":"en_US","og_type":"article","og_title":"Kynast Keramik Heizl\u00fcfter 2000 Watt","og_description":"Kynast Keramik Heizl\u00fcfter \u2013 2000 Watt Suchen Sie nach einer schnellen, sicheren und effizienten L\u00f6sung, um k\u00fchle R\u00e4ume aufzuheizen? Der Kynast Keramik Heizl\u00fcfte","og_url":"https:\/\/schweizversand.ch\/en\/produkt\/kynast-keramik-heizluefter-2000-watt\/","og_site_name":"Schweizer Shop f\u00fcr Sport, Spiel und Freizeit","article_publisher":"https:\/\/www.facebook.com\/Schweizversand","article_modified_time":"2026-04-11T13:32:38+00:00","og_image":[{"width":928,"height":1024,"url":"https:\/\/schweizversand.ch\/wp-content\/uploads\/2026\/03\/5483746422.jpg","type":"image\/jpeg"}],"twitter_card":"summary_large_image","twitter_misc":{"Est. reading time":"1 minute"},"schema":{"@context":"https:\/\/schema.org","@graph":[{"@type":"WebPage","@id":"https:\/\/schweizversand.ch\/en\/produkt\/kynast-keramik-heizluefter-2000-watt\/","url":"https:\/\/schweizversand.ch\/en\/produkt\/kynast-keramik-heizluefter-2000-watt\/","name":"Kynast Keramik Heizl\u00fcfter 2000 Watt","isPartOf":{"@id":"https:\/\/schweizversand.ch\/en\/#website"},"primaryImageOfPage":{"@id":"https:\/\/schweizversand.ch\/en\/produkt\/kynast-keramik-heizluefter-2000-watt\/#primaryimage"},"image":{"@id":"https:\/\/schweizversand.ch\/en\/produkt\/kynast-keramik-heizluefter-2000-watt\/#primaryimage"},"thumbnailUrl":"https:\/\/schweizversand.ch\/wp-content\/uploads\/2026\/03\/5483746422.jpg","datePublished":"2026-03-30T13:30:34+00:00","dateModified":"2026-04-11T13:32:38+00:00","description":"Kynast Keramik Heizl\u00fcfter \u2013 2000 Watt Suchen Sie nach einer schnellen, sicheren und effizienten L\u00f6sung, um k\u00fchle R\u00e4ume aufzuheizen? Der Kynast Keramik Heizl\u00fcfte","breadcrumb":{"@id":"https:\/\/schweizversand.ch\/en\/produkt\/kynast-keramik-heizluefter-2000-watt\/#breadcrumb"},"inLanguage":"en-US","potentialAction":[{"@type":"ReadAction","target":["https:\/\/schweizversand.ch\/en\/produkt\/kynast-keramik-heizluefter-2000-watt\/"]}]},{"@type":"ImageObject","inLanguage":"en-US","@id":"https:\/\/schweizversand.ch\/en\/produkt\/kynast-keramik-heizluefter-2000-watt\/#primaryimage","url":"https:\/\/schweizversand.ch\/wp-content\/uploads\/2026\/03\/5483746422.jpg","contentUrl":"https:\/\/schweizversand.ch\/wp-content\/uploads\/2026\/03\/5483746422.jpg","width":928,"height":1024},{"@type":"BreadcrumbList","@id":"https:\/\/schweizversand.ch\/en\/produkt\/kynast-keramik-heizluefter-2000-watt\/#breadcrumb","itemListElement":[{"@type":"ListItem","position":1,"name":"Startseite","item":"https:\/\/schweizversand.ch\/en\/"},{"@type":"ListItem","position":2,"name":"Shop","item":"https:\/\/schweizversand.ch\/en\/shop\/"},{"@type":"ListItem","position":3,"name":"Kynast Ceramic Fan Heater 2000 Watt"}]},{"@type":"WebSite","@id":"https:\/\/schweizversand.ch\/en\/#website","url":"https:\/\/schweizversand.ch\/en\/","name":"Schweizer Shop f\u00fcr Sport, Spiel und Freizeit","description":"Gratisversand ab 50.- (netto), ab eigenem schweizer Lager, Lieferung innert 48h","publisher":{"@id":"https:\/\/schweizversand.ch\/en\/#organization"},"alternateName":"Schweizversand.ch","potentialAction":[{"@type":"SearchAction","target":{"@type":"EntryPoint","urlTemplate":"https:\/\/schweizversand.ch\/en\/?s={search_term_string}"},"query-input":{"@type":"PropertyValueSpecification","valueRequired":true,"valueName":"search_term_string"}}],"inLanguage":"en-US"},{"@type":"Organization","@id":"https:\/\/schweizversand.ch\/en\/#organization","name":"Schweizversand.ch","url":"https:\/\/schweizversand.ch\/en\/","logo":{"@type":"ImageObject","inLanguage":"en-US","@id":"https:\/\/schweizversand.ch\/en\/#\/schema\/logo\/image\/","url":"https:\/\/schweizversand.ch\/wp-content\/uploads\/2026\/03\/Logo_Rund_Final-1.png","contentUrl":"https:\/\/schweizversand.ch\/wp-content\/uploads\/2026\/03\/Logo_Rund_Final-1.png","width":404,"height":404,"caption":"Schweizversand.ch"},"image":{"@id":"https:\/\/schweizversand.ch\/en\/#\/schema\/logo\/image\/"},"sameAs":["https:\/\/www.facebook.com\/Schweizversand","https:\/\/www.instagram.com\/schweizversand.ch\/"]}]}},"jetpack_sharing_enabled":true,"_links":{"self":[{"href":"https:\/\/schweizversand.ch\/en\/wp-json\/wp\/v2\/product\/259698","targetHints":{"allow":["GET"]}}],"collection":[{"href":"https:\/\/schweizversand.ch\/en\/wp-json\/wp\/v2\/product"}],"about":[{"href":"https:\/\/schweizversand.ch\/en\/wp-json\/wp\/v2\/types\/product"}],"replies":[{"embeddable":true,"href":"https:\/\/schweizversand.ch\/en\/wp-json\/wp\/v2\/comments?post=259698"}],"wp:featuredmedia":[{"embeddable":true,"href":"https:\/\/schweizversand.ch\/en\/wp-json\/wp\/v2\/media\/261015"}],"wp:attachment":[{"href":"https:\/\/schweizversand.ch\/en\/wp-json\/wp\/v2\/media?parent=259698"}],"wp:term":[{"taxonomy":"product_brand","embeddable":true,"href":"https:\/\/schweizversand.ch\/en\/wp-json\/wp\/v2\/product_brand?post=259698"},{"taxonomy":"product_cat","embeddable":true,"href":"https:\/\/schweizversand.ch\/en\/wp-json\/wp\/v2\/product_cat?post=259698"},{"taxonomy":"product_tag","embeddable":true,"href":"https:\/\/schweizversand.ch\/en\/wp-json\/wp\/v2\/product_tag?post=259698"}],"curies":[{"name":"wp","href":"https:\/\/api.w.org\/{rel}","templated":true}]}}