{"id":259701,"date":"2026-03-30T15:30:34","date_gmt":"2026-03-30T13:30:34","guid":{"rendered":"https:\/\/schweizversand.ch\/produkt\/kynast-led-solar-glaskugellampe-zum-aufhaengen\/"},"modified":"2026-04-10T15:32:30","modified_gmt":"2026-04-10T13:32:30","slug":"kynast-led-solar-glaskugellampe-zum-aufhaengen","status":"publish","type":"product","link":"https:\/\/schweizversand.ch\/en\/produkt\/kynast-led-solar-glaskugellampe-zum-aufhaengen\/","title":{"rendered":"Kynast LED Solar Glass Ball Lamp for Hanging"},"content":{"rendered":"<p>The warm white light creates a cozy atmosphere in your garden or on your patio. This lamp is equipped with a solar panel that collects solar energy during the day and charges the battery. At dusk, the LED switches on automatically thanks to the twilight sensor. This makes it an energy-efficient and low-maintenance option for garden lighting.<\/p>\n<p>Details:<\/p>\n<p>\u2022 Scope of delivery: 1 pc.<\/p>\n<p>\u2022 Sphere diameter: approx. 6 cm<\/p>\n<p>\u2022 Total height including hanger: 13 cm<\/p>\n<p>\u2022 Solar panel size: approx. 3 x 3 cm<\/p>\n<p>\u2022 Material: Stainless steel, glass (crushed look), plastic<\/p>\n<p>\u2022 Light color: White<\/p>\n<p>\u2022 Number of LEDs: 1<\/p>\n<p>\u2022 Battery: 1 x AA 1.2 V 100 mAh NiMH (rechargeable)<\/p>\n<p>\u2022 With on\/off switch and dusk-to-dawn sensor<\/p>\n<p>The globe lamp is made of stainless steel, crushed-effect glass, and plastic. It is not only functional but also an aesthetically pleasing addition to your outdoor space.<\/p>\n","protected":false},"excerpt":{"rendered":"<p>Kynast LED Solar Glaskugellampe zum Aufh\u00e4ngen bringt warmwei\u00dfes Licht mit D\u00e4mmerungssensor in Edelstahl-Glas-Design \u2013 nachhaltig, wartungsarm und stilvoll f\u00fcr Garten &amp; Terrasse.<\/p>\n","protected":false},"featured_media":261123,"comment_status":"open","ping_status":"closed","template":"","meta":[],"product_brand":[],"product_cat":[38075],"product_tag":[],"class_list":{"0":"post-259701","1":"product","2":"type-product","3":"status-publish","4":"has-post-thumbnail","6":"product_cat-gartenbeleuchtung","7":"product_shipping_class-global_methods","9":"first","10":"instock","11":"taxable","12":"shipping-taxable","13":"purchasable","14":"product-type-simple"},"yoast_head":"<!-- This site is optimized with the Yoast SEO plugin v27.3 - https:\/\/yoast.com\/product\/yoast-seo-wordpress\/ -->\n<title>Kynast LED Solar Glaskugellampe zum aufh\u00e4ngen<\/title>\n<meta name=\"description\" content=\"Die warmweisse Beleuchtung verleiht Ihrem Garten oder Ihrer Terrasse eine gem\u00fctliche Atmosph\u00e4re. Diese Lampe ist mit einem Solarpanel ausgestattet, das w\u00e4hrend\" \/>\n<meta name=\"robots\" content=\"index, follow, max-snippet:-1, max-image-preview:large, max-video-preview:-1\" \/>\n<link rel=\"canonical\" href=\"https:\/\/schweizversand.ch\/en\/produkt\/kynast-led-solar-glaskugellampe-zum-aufhaengen\/\" \/>\n<meta property=\"og:locale\" content=\"en_US\" \/>\n<meta property=\"og:type\" content=\"article\" \/>\n<meta property=\"og:title\" content=\"Kynast LED Solar Glaskugellampe zum aufh\u00e4ngen\" \/>\n<meta property=\"og:description\" content=\"Die warmweisse Beleuchtung verleiht Ihrem Garten oder Ihrer Terrasse eine gem\u00fctliche Atmosph\u00e4re. Diese Lampe ist mit einem Solarpanel ausgestattet, das w\u00e4hrend\" \/>\n<meta property=\"og:url\" content=\"https:\/\/schweizversand.ch\/en\/produkt\/kynast-led-solar-glaskugellampe-zum-aufhaengen\/\" \/>\n<meta property=\"og:site_name\" content=\"Schweizer Shop f\u00fcr Sport, Spiel und Freizeit\" \/>\n<meta property=\"article:publisher\" content=\"https:\/\/www.facebook.com\/Schweizversand\" \/>\n<meta property=\"article:modified_time\" content=\"2026-04-10T13:32:30+00:00\" \/>\n<meta property=\"og:image\" content=\"https:\/\/schweizversand.ch\/wp-content\/uploads\/2026\/03\/5471533213.jpg\" \/>\n\t<meta property=\"og:image:width\" content=\"1024\" \/>\n\t<meta property=\"og:image:height\" content=\"1024\" \/>\n\t<meta property=\"og:image:type\" content=\"image\/jpeg\" \/>\n<meta name=\"twitter:card\" content=\"summary_large_image\" \/>\n<meta name=\"twitter:label1\" content=\"Est. reading time\" \/>\n\t<meta name=\"twitter:data1\" content=\"1 minute\" \/>\n<script type=\"application\/ld+json\" class=\"yoast-schema-graph\">{\"@context\":\"https:\\\/\\\/schema.org\",\"@graph\":[{\"@type\":\"WebPage\",\"@id\":\"https:\\\/\\\/schweizversand.ch\\\/en\\\/produkt\\\/kynast-led-solar-glaskugellampe-zum-aufhaengen\\\/\",\"url\":\"https:\\\/\\\/schweizversand.ch\\\/en\\\/produkt\\\/kynast-led-solar-glaskugellampe-zum-aufhaengen\\\/\",\"name\":\"Kynast LED Solar Glaskugellampe zum aufh\u00e4ngen\",\"isPartOf\":{\"@id\":\"https:\\\/\\\/schweizversand.ch\\\/en\\\/#website\"},\"primaryImageOfPage\":{\"@id\":\"https:\\\/\\\/schweizversand.ch\\\/en\\\/produkt\\\/kynast-led-solar-glaskugellampe-zum-aufhaengen\\\/#primaryimage\"},\"image\":{\"@id\":\"https:\\\/\\\/schweizversand.ch\\\/en\\\/produkt\\\/kynast-led-solar-glaskugellampe-zum-aufhaengen\\\/#primaryimage\"},\"thumbnailUrl\":\"https:\\\/\\\/schweizversand.ch\\\/wp-content\\\/uploads\\\/2026\\\/03\\\/5471533213.jpg\",\"datePublished\":\"2026-03-30T13:30:34+00:00\",\"dateModified\":\"2026-04-10T13:32:30+00:00\",\"description\":\"Die warmweisse Beleuchtung verleiht Ihrem Garten oder Ihrer Terrasse eine gem\u00fctliche Atmosph\u00e4re. Diese Lampe ist mit einem Solarpanel ausgestattet, das w\u00e4hrend\",\"breadcrumb\":{\"@id\":\"https:\\\/\\\/schweizversand.ch\\\/en\\\/produkt\\\/kynast-led-solar-glaskugellampe-zum-aufhaengen\\\/#breadcrumb\"},\"inLanguage\":\"en-US\",\"potentialAction\":[{\"@type\":\"ReadAction\",\"target\":[\"https:\\\/\\\/schweizversand.ch\\\/en\\\/produkt\\\/kynast-led-solar-glaskugellampe-zum-aufhaengen\\\/\"]}]},{\"@type\":\"ImageObject\",\"inLanguage\":\"en-US\",\"@id\":\"https:\\\/\\\/schweizversand.ch\\\/en\\\/produkt\\\/kynast-led-solar-glaskugellampe-zum-aufhaengen\\\/#primaryimage\",\"url\":\"https:\\\/\\\/schweizversand.ch\\\/wp-content\\\/uploads\\\/2026\\\/03\\\/5471533213.jpg\",\"contentUrl\":\"https:\\\/\\\/schweizversand.ch\\\/wp-content\\\/uploads\\\/2026\\\/03\\\/5471533213.jpg\",\"width\":1024,\"height\":1024},{\"@type\":\"BreadcrumbList\",\"@id\":\"https:\\\/\\\/schweizversand.ch\\\/en\\\/produkt\\\/kynast-led-solar-glaskugellampe-zum-aufhaengen\\\/#breadcrumb\",\"itemListElement\":[{\"@type\":\"ListItem\",\"position\":1,\"name\":\"Startseite\",\"item\":\"https:\\\/\\\/schweizversand.ch\\\/en\\\/\"},{\"@type\":\"ListItem\",\"position\":2,\"name\":\"Shop\",\"item\":\"https:\\\/\\\/schweizversand.ch\\\/en\\\/shop\\\/\"},{\"@type\":\"ListItem\",\"position\":3,\"name\":\"Kynast LED Solar Glass Ball Lamp for Hanging\"}]},{\"@type\":\"WebSite\",\"@id\":\"https:\\\/\\\/schweizversand.ch\\\/en\\\/#website\",\"url\":\"https:\\\/\\\/schweizversand.ch\\\/en\\\/\",\"name\":\"Schweizer Shop f\u00fcr Sport, Spiel und Freizeit\",\"description\":\"Gratisversand ab 50.- (netto), ab eigenem schweizer Lager, Lieferung innert 48h\",\"publisher\":{\"@id\":\"https:\\\/\\\/schweizversand.ch\\\/en\\\/#organization\"},\"alternateName\":\"Schweizversand.ch\",\"potentialAction\":[{\"@type\":\"SearchAction\",\"target\":{\"@type\":\"EntryPoint\",\"urlTemplate\":\"https:\\\/\\\/schweizversand.ch\\\/en\\\/?s={search_term_string}\"},\"query-input\":{\"@type\":\"PropertyValueSpecification\",\"valueRequired\":true,\"valueName\":\"search_term_string\"}}],\"inLanguage\":\"en-US\"},{\"@type\":\"Organization\",\"@id\":\"https:\\\/\\\/schweizversand.ch\\\/en\\\/#organization\",\"name\":\"Schweizversand.ch\",\"url\":\"https:\\\/\\\/schweizversand.ch\\\/en\\\/\",\"logo\":{\"@type\":\"ImageObject\",\"inLanguage\":\"en-US\",\"@id\":\"https:\\\/\\\/schweizversand.ch\\\/en\\\/#\\\/schema\\\/logo\\\/image\\\/\",\"url\":\"https:\\\/\\\/schweizversand.ch\\\/wp-content\\\/uploads\\\/2026\\\/03\\\/Logo_Rund_Final-1.png\",\"contentUrl\":\"https:\\\/\\\/schweizversand.ch\\\/wp-content\\\/uploads\\\/2026\\\/03\\\/Logo_Rund_Final-1.png\",\"width\":404,\"height\":404,\"caption\":\"Schweizversand.ch\"},\"image\":{\"@id\":\"https:\\\/\\\/schweizversand.ch\\\/en\\\/#\\\/schema\\\/logo\\\/image\\\/\"},\"sameAs\":[\"https:\\\/\\\/www.facebook.com\\\/Schweizversand\",\"https:\\\/\\\/www.instagram.com\\\/schweizversand.ch\\\/\"]}]}<\/script>\n<!-- \/ Yoast SEO plugin. -->","yoast_head_json":{"title":"Kynast LED Solar Glaskugellampe zum aufh\u00e4ngen","description":"Die warmweisse Beleuchtung verleiht Ihrem Garten oder Ihrer Terrasse eine gem\u00fctliche Atmosph\u00e4re. Diese Lampe ist mit einem Solarpanel ausgestattet, das w\u00e4hrend","robots":{"index":"index","follow":"follow","max-snippet":"max-snippet:-1","max-image-preview":"max-image-preview:large","max-video-preview":"max-video-preview:-1"},"canonical":"https:\/\/schweizversand.ch\/en\/produkt\/kynast-led-solar-glaskugellampe-zum-aufhaengen\/","og_locale":"en_US","og_type":"article","og_title":"Kynast LED Solar Glaskugellampe zum aufh\u00e4ngen","og_description":"Die warmweisse Beleuchtung verleiht Ihrem Garten oder Ihrer Terrasse eine gem\u00fctliche Atmosph\u00e4re. Diese Lampe ist mit einem Solarpanel ausgestattet, das w\u00e4hrend","og_url":"https:\/\/schweizversand.ch\/en\/produkt\/kynast-led-solar-glaskugellampe-zum-aufhaengen\/","og_site_name":"Schweizer Shop f\u00fcr Sport, Spiel und Freizeit","article_publisher":"https:\/\/www.facebook.com\/Schweizversand","article_modified_time":"2026-04-10T13:32:30+00:00","og_image":[{"width":1024,"height":1024,"url":"https:\/\/schweizversand.ch\/wp-content\/uploads\/2026\/03\/5471533213.jpg","type":"image\/jpeg"}],"twitter_card":"summary_large_image","twitter_misc":{"Est. reading time":"1 minute"},"schema":{"@context":"https:\/\/schema.org","@graph":[{"@type":"WebPage","@id":"https:\/\/schweizversand.ch\/en\/produkt\/kynast-led-solar-glaskugellampe-zum-aufhaengen\/","url":"https:\/\/schweizversand.ch\/en\/produkt\/kynast-led-solar-glaskugellampe-zum-aufhaengen\/","name":"Kynast LED Solar Glaskugellampe zum aufh\u00e4ngen","isPartOf":{"@id":"https:\/\/schweizversand.ch\/en\/#website"},"primaryImageOfPage":{"@id":"https:\/\/schweizversand.ch\/en\/produkt\/kynast-led-solar-glaskugellampe-zum-aufhaengen\/#primaryimage"},"image":{"@id":"https:\/\/schweizversand.ch\/en\/produkt\/kynast-led-solar-glaskugellampe-zum-aufhaengen\/#primaryimage"},"thumbnailUrl":"https:\/\/schweizversand.ch\/wp-content\/uploads\/2026\/03\/5471533213.jpg","datePublished":"2026-03-30T13:30:34+00:00","dateModified":"2026-04-10T13:32:30+00:00","description":"Die warmweisse Beleuchtung verleiht Ihrem Garten oder Ihrer Terrasse eine gem\u00fctliche Atmosph\u00e4re. Diese Lampe ist mit einem Solarpanel ausgestattet, das w\u00e4hrend","breadcrumb":{"@id":"https:\/\/schweizversand.ch\/en\/produkt\/kynast-led-solar-glaskugellampe-zum-aufhaengen\/#breadcrumb"},"inLanguage":"en-US","potentialAction":[{"@type":"ReadAction","target":["https:\/\/schweizversand.ch\/en\/produkt\/kynast-led-solar-glaskugellampe-zum-aufhaengen\/"]}]},{"@type":"ImageObject","inLanguage":"en-US","@id":"https:\/\/schweizversand.ch\/en\/produkt\/kynast-led-solar-glaskugellampe-zum-aufhaengen\/#primaryimage","url":"https:\/\/schweizversand.ch\/wp-content\/uploads\/2026\/03\/5471533213.jpg","contentUrl":"https:\/\/schweizversand.ch\/wp-content\/uploads\/2026\/03\/5471533213.jpg","width":1024,"height":1024},{"@type":"BreadcrumbList","@id":"https:\/\/schweizversand.ch\/en\/produkt\/kynast-led-solar-glaskugellampe-zum-aufhaengen\/#breadcrumb","itemListElement":[{"@type":"ListItem","position":1,"name":"Startseite","item":"https:\/\/schweizversand.ch\/en\/"},{"@type":"ListItem","position":2,"name":"Shop","item":"https:\/\/schweizversand.ch\/en\/shop\/"},{"@type":"ListItem","position":3,"name":"Kynast LED Solar Glass Ball Lamp for Hanging"}]},{"@type":"WebSite","@id":"https:\/\/schweizversand.ch\/en\/#website","url":"https:\/\/schweizversand.ch\/en\/","name":"Schweizer Shop f\u00fcr Sport, Spiel und Freizeit","description":"Gratisversand ab 50.- (netto), ab eigenem schweizer Lager, Lieferung innert 48h","publisher":{"@id":"https:\/\/schweizversand.ch\/en\/#organization"},"alternateName":"Schweizversand.ch","potentialAction":[{"@type":"SearchAction","target":{"@type":"EntryPoint","urlTemplate":"https:\/\/schweizversand.ch\/en\/?s={search_term_string}"},"query-input":{"@type":"PropertyValueSpecification","valueRequired":true,"valueName":"search_term_string"}}],"inLanguage":"en-US"},{"@type":"Organization","@id":"https:\/\/schweizversand.ch\/en\/#organization","name":"Schweizversand.ch","url":"https:\/\/schweizversand.ch\/en\/","logo":{"@type":"ImageObject","inLanguage":"en-US","@id":"https:\/\/schweizversand.ch\/en\/#\/schema\/logo\/image\/","url":"https:\/\/schweizversand.ch\/wp-content\/uploads\/2026\/03\/Logo_Rund_Final-1.png","contentUrl":"https:\/\/schweizversand.ch\/wp-content\/uploads\/2026\/03\/Logo_Rund_Final-1.png","width":404,"height":404,"caption":"Schweizversand.ch"},"image":{"@id":"https:\/\/schweizversand.ch\/en\/#\/schema\/logo\/image\/"},"sameAs":["https:\/\/www.facebook.com\/Schweizversand","https:\/\/www.instagram.com\/schweizversand.ch\/"]}]}},"jetpack_sharing_enabled":true,"_links":{"self":[{"href":"https:\/\/schweizversand.ch\/en\/wp-json\/wp\/v2\/product\/259701","targetHints":{"allow":["GET"]}}],"collection":[{"href":"https:\/\/schweizversand.ch\/en\/wp-json\/wp\/v2\/product"}],"about":[{"href":"https:\/\/schweizversand.ch\/en\/wp-json\/wp\/v2\/types\/product"}],"replies":[{"embeddable":true,"href":"https:\/\/schweizversand.ch\/en\/wp-json\/wp\/v2\/comments?post=259701"}],"wp:featuredmedia":[{"embeddable":true,"href":"https:\/\/schweizversand.ch\/en\/wp-json\/wp\/v2\/media\/261123"}],"wp:attachment":[{"href":"https:\/\/schweizversand.ch\/en\/wp-json\/wp\/v2\/media?parent=259701"}],"wp:term":[{"taxonomy":"product_brand","embeddable":true,"href":"https:\/\/schweizversand.ch\/en\/wp-json\/wp\/v2\/product_brand?post=259701"},{"taxonomy":"product_cat","embeddable":true,"href":"https:\/\/schweizversand.ch\/en\/wp-json\/wp\/v2\/product_cat?post=259701"},{"taxonomy":"product_tag","embeddable":true,"href":"https:\/\/schweizversand.ch\/en\/wp-json\/wp\/v2\/product_tag?post=259701"}],"curies":[{"name":"wp","href":"https:\/\/api.w.org\/{rel}","templated":true}]}}