{"id":259702,"date":"2026-03-30T15:30:34","date_gmt":"2026-03-30T13:30:34","guid":{"rendered":"https:\/\/schweizversand.ch\/produkt\/x-mas-lichterkette-48-led-mit-timer\/"},"modified":"2026-04-14T02:02:32","modified_gmt":"2026-04-14T00:02:32","slug":"x-mas-lichterkette-48-led-mit-timer","status":"publish","type":"product","link":"https:\/\/schweizversand.ch\/en\/produkt\/x-mas-lichterkette-48-led-mit-timer\/","title":{"rendered":"Christmas string lights, 48 \u200b\u200bLEDs with timer"},"content":{"rendered":"<h1><strong>LED String Lights 48 LEDs with Timer Function, Warm White<\/strong><\/h1>\n<div>Transform your home or outdoor space into an atmospheric oasis. This versatile <strong>battery-operated LED string light<\/strong> offers maximum flexibility and creates a cozy ambiance wherever you choose to use it.<\/p>\n<\/div>\n<div><strong>Perfect for Indoor and Outdoor Use<\/strong><br \/>Thanks to its robust construction, this <strong>48 LED string light<\/strong> is suitable for both indoor and outdoor use. Whether used as festive decoration in the living room or as atmospheric lighting on the balcony or in the garden \u2013 the black cable blends discreetly into any environment. Enjoy the pleasant, warm white light that creates a cozy atmosphere. Smart features for maximum convenience: The integrated timer function (6 hours on, 18 hours off) eliminates the need for daily switching on and off, saving battery power. Choose from 8 different lighting modes to perfectly match your mood. This black battery-operated string of lights is the ideal decorative string of 48 LEDs for all occasions. Technical details and scope of delivery: &#8211; Area of \u200b\u200buse: Indoor and outdoor &#8211; Light color: Warm white &#8211; Number of LEDs: 48 &#8211; Cable color: Black &#8211; String length: 402.5 cm &#8211; Lead wire length: 50 cm &#8211; Timer function: 6 hours on \/ 18 hours off &#8211; Batteries required: 3 x AA (not included) Rely on this high-quality warm white LED outdoor string of lights to effortlessly and effectively implement your decorating concept. Order now and experience the magic of light!<\/p>\n","protected":false},"excerpt":{"rendered":"<p>X-Mas Lichterkette 48 LED mit Timer sorgt mit warmwei\u00dfem Licht und 6-Stunden-Timer f\u00fcr stimmungsvolle Beleuchtung innen und au\u00dfen \u2013 flexibel und batteriebetrieben.<\/p>\n","protected":false},"featured_media":261036,"comment_status":"open","ping_status":"closed","template":"","meta":[],"product_brand":[],"product_cat":[38891,38773],"product_tag":[],"class_list":{"0":"post-259702","1":"product","2":"type-product","3":"status-publish","4":"has-post-thumbnail","6":"product_cat-lichterketten","8":"product_shipping_class-global_methods","10":"first","11":"instock","12":"taxable","13":"shipping-taxable","14":"purchasable","15":"product-type-simple"},"yoast_head":"<!-- This site is optimized with the Yoast SEO plugin v27.4 - https:\/\/yoast.com\/product\/yoast-seo-wordpress\/ -->\n<title>X-Mas Lichterkette 48 LED mit Timer<\/title>\n<meta name=\"description\" content=\"LED Lichterkette 48 LED mit Timerfunktion, warmweiss Verwandeln Sie Ihr Zuhause oder Ihren Aussenbereich in eine stimmungsvolle Oase. Diese vielseitige LED Lich\" \/>\n<meta name=\"robots\" content=\"index, follow, max-snippet:-1, max-image-preview:large, max-video-preview:-1\" \/>\n<link rel=\"canonical\" href=\"https:\/\/schweizversand.ch\/en\/produkt\/x-mas-lichterkette-48-led-mit-timer\/\" \/>\n<meta property=\"og:locale\" content=\"en_US\" \/>\n<meta property=\"og:type\" content=\"article\" \/>\n<meta property=\"og:title\" content=\"X-Mas Lichterkette 48 LED mit Timer\" \/>\n<meta property=\"og:description\" content=\"LED Lichterkette 48 LED mit Timerfunktion, warmweiss Verwandeln Sie Ihr Zuhause oder Ihren Aussenbereich in eine stimmungsvolle Oase. Diese vielseitige LED Lich\" \/>\n<meta property=\"og:url\" content=\"https:\/\/schweizversand.ch\/en\/produkt\/x-mas-lichterkette-48-led-mit-timer\/\" \/>\n<meta property=\"og:site_name\" content=\"Schweizer Shop f\u00fcr Sport, Spiel und Freizeit\" \/>\n<meta property=\"article:publisher\" content=\"https:\/\/www.facebook.com\/Schweizversand\" \/>\n<meta property=\"article:modified_time\" content=\"2026-04-14T00:02:32+00:00\" \/>\n<meta property=\"og:image\" content=\"https:\/\/schweizversand.ch\/wp-content\/uploads\/2026\/03\/5471607667.jpg\" \/>\n\t<meta property=\"og:image:width\" content=\"1024\" \/>\n\t<meta property=\"og:image:height\" content=\"683\" \/>\n\t<meta property=\"og:image:type\" content=\"image\/jpeg\" \/>\n<meta name=\"twitter:card\" content=\"summary_large_image\" \/>\n<meta name=\"twitter:label1\" content=\"Est. reading time\" \/>\n\t<meta name=\"twitter:data1\" content=\"1 minute\" \/>\n<script type=\"application\/ld+json\" class=\"yoast-schema-graph\">{\"@context\":\"https:\\\/\\\/schema.org\",\"@graph\":[{\"@type\":\"WebPage\",\"@id\":\"https:\\\/\\\/schweizversand.ch\\\/en\\\/produkt\\\/x-mas-lichterkette-48-led-mit-timer\\\/\",\"url\":\"https:\\\/\\\/schweizversand.ch\\\/en\\\/produkt\\\/x-mas-lichterkette-48-led-mit-timer\\\/\",\"name\":\"X-Mas Lichterkette 48 LED mit Timer\",\"isPartOf\":{\"@id\":\"https:\\\/\\\/schweizversand.ch\\\/en\\\/#website\"},\"primaryImageOfPage\":{\"@id\":\"https:\\\/\\\/schweizversand.ch\\\/en\\\/produkt\\\/x-mas-lichterkette-48-led-mit-timer\\\/#primaryimage\"},\"image\":{\"@id\":\"https:\\\/\\\/schweizversand.ch\\\/en\\\/produkt\\\/x-mas-lichterkette-48-led-mit-timer\\\/#primaryimage\"},\"thumbnailUrl\":\"https:\\\/\\\/schweizversand.ch\\\/wp-content\\\/uploads\\\/2026\\\/03\\\/5471607667.jpg\",\"datePublished\":\"2026-03-30T13:30:34+00:00\",\"dateModified\":\"2026-04-14T00:02:32+00:00\",\"description\":\"LED Lichterkette 48 LED mit Timerfunktion, warmweiss Verwandeln Sie Ihr Zuhause oder Ihren Aussenbereich in eine stimmungsvolle Oase. Diese vielseitige LED Lich\",\"breadcrumb\":{\"@id\":\"https:\\\/\\\/schweizversand.ch\\\/en\\\/produkt\\\/x-mas-lichterkette-48-led-mit-timer\\\/#breadcrumb\"},\"inLanguage\":\"en-US\",\"potentialAction\":[{\"@type\":\"ReadAction\",\"target\":[\"https:\\\/\\\/schweizversand.ch\\\/en\\\/produkt\\\/x-mas-lichterkette-48-led-mit-timer\\\/\"]}]},{\"@type\":\"ImageObject\",\"inLanguage\":\"en-US\",\"@id\":\"https:\\\/\\\/schweizversand.ch\\\/en\\\/produkt\\\/x-mas-lichterkette-48-led-mit-timer\\\/#primaryimage\",\"url\":\"https:\\\/\\\/schweizversand.ch\\\/wp-content\\\/uploads\\\/2026\\\/03\\\/5471607667.jpg\",\"contentUrl\":\"https:\\\/\\\/schweizversand.ch\\\/wp-content\\\/uploads\\\/2026\\\/03\\\/5471607667.jpg\",\"width\":1024,\"height\":683},{\"@type\":\"BreadcrumbList\",\"@id\":\"https:\\\/\\\/schweizversand.ch\\\/en\\\/produkt\\\/x-mas-lichterkette-48-led-mit-timer\\\/#breadcrumb\",\"itemListElement\":[{\"@type\":\"ListItem\",\"position\":1,\"name\":\"Startseite\",\"item\":\"https:\\\/\\\/schweizversand.ch\\\/en\\\/\"},{\"@type\":\"ListItem\",\"position\":2,\"name\":\"Shop\",\"item\":\"https:\\\/\\\/schweizversand.ch\\\/en\\\/shop\\\/\"},{\"@type\":\"ListItem\",\"position\":3,\"name\":\"Home\",\"item\":\"https:\\\/\\\/schweizversand.ch\\\/en\\\/produkt-kategorie\\\/home\\\/\"},{\"@type\":\"ListItem\",\"position\":4,\"name\":\"Decor &amp; Accessories\",\"item\":\"https:\\\/\\\/schweizversand.ch\\\/en\\\/produkt-kategorie\\\/home\\\/decor-accessories\\\/\"},{\"@type\":\"ListItem\",\"position\":5,\"name\":\"Luci a stringa\",\"item\":\"https:\\\/\\\/schweizversand.ch\\\/en\\\/produkt-kategorie\\\/home\\\/decorazioni-e-accessori\\\/lichterketten\\\/\"},{\"@type\":\"ListItem\",\"position\":6,\"name\":\"Christmas string lights, 48 \u200b\u200bLEDs with timer\"}]},{\"@type\":\"WebSite\",\"@id\":\"https:\\\/\\\/schweizversand.ch\\\/en\\\/#website\",\"url\":\"https:\\\/\\\/schweizversand.ch\\\/en\\\/\",\"name\":\"Schweizer Shop f\u00fcr Sport, Spiel und Freizeit\",\"description\":\"Gratisversand ab 50.- (netto), ab eigenem schweizer Lager, Lieferung innert 48h\",\"publisher\":{\"@id\":\"https:\\\/\\\/schweizversand.ch\\\/en\\\/#organization\"},\"alternateName\":\"Schweizversand.ch\",\"potentialAction\":[{\"@type\":\"SearchAction\",\"target\":{\"@type\":\"EntryPoint\",\"urlTemplate\":\"https:\\\/\\\/schweizversand.ch\\\/en\\\/?s={search_term_string}\"},\"query-input\":{\"@type\":\"PropertyValueSpecification\",\"valueRequired\":true,\"valueName\":\"search_term_string\"}}],\"inLanguage\":\"en-US\"},{\"@type\":\"Organization\",\"@id\":\"https:\\\/\\\/schweizversand.ch\\\/en\\\/#organization\",\"name\":\"Schweizversand.ch\",\"url\":\"https:\\\/\\\/schweizversand.ch\\\/en\\\/\",\"logo\":{\"@type\":\"ImageObject\",\"inLanguage\":\"en-US\",\"@id\":\"https:\\\/\\\/schweizversand.ch\\\/en\\\/#\\\/schema\\\/logo\\\/image\\\/\",\"url\":\"https:\\\/\\\/schweizversand.ch\\\/wp-content\\\/uploads\\\/2026\\\/03\\\/Logo_Rund_Final-1.png\",\"contentUrl\":\"https:\\\/\\\/schweizversand.ch\\\/wp-content\\\/uploads\\\/2026\\\/03\\\/Logo_Rund_Final-1.png\",\"width\":404,\"height\":404,\"caption\":\"Schweizversand.ch\"},\"image\":{\"@id\":\"https:\\\/\\\/schweizversand.ch\\\/en\\\/#\\\/schema\\\/logo\\\/image\\\/\"},\"sameAs\":[\"https:\\\/\\\/www.facebook.com\\\/Schweizversand\",\"https:\\\/\\\/www.instagram.com\\\/schweizversand.ch\\\/\"]}]}<\/script>\n<!-- \/ Yoast SEO plugin. -->","yoast_head_json":{"title":"X-Mas Lichterkette 48 LED mit Timer","description":"LED Lichterkette 48 LED mit Timerfunktion, warmweiss Verwandeln Sie Ihr Zuhause oder Ihren Aussenbereich in eine stimmungsvolle Oase. Diese vielseitige LED Lich","robots":{"index":"index","follow":"follow","max-snippet":"max-snippet:-1","max-image-preview":"max-image-preview:large","max-video-preview":"max-video-preview:-1"},"canonical":"https:\/\/schweizversand.ch\/en\/produkt\/x-mas-lichterkette-48-led-mit-timer\/","og_locale":"en_US","og_type":"article","og_title":"X-Mas Lichterkette 48 LED mit Timer","og_description":"LED Lichterkette 48 LED mit Timerfunktion, warmweiss Verwandeln Sie Ihr Zuhause oder Ihren Aussenbereich in eine stimmungsvolle Oase. Diese vielseitige LED Lich","og_url":"https:\/\/schweizversand.ch\/en\/produkt\/x-mas-lichterkette-48-led-mit-timer\/","og_site_name":"Schweizer Shop f\u00fcr Sport, Spiel und Freizeit","article_publisher":"https:\/\/www.facebook.com\/Schweizversand","article_modified_time":"2026-04-14T00:02:32+00:00","og_image":[{"width":1024,"height":683,"url":"https:\/\/schweizversand.ch\/wp-content\/uploads\/2026\/03\/5471607667.jpg","type":"image\/jpeg"}],"twitter_card":"summary_large_image","twitter_misc":{"Est. reading time":"1 minute"},"schema":{"@context":"https:\/\/schema.org","@graph":[{"@type":"WebPage","@id":"https:\/\/schweizversand.ch\/en\/produkt\/x-mas-lichterkette-48-led-mit-timer\/","url":"https:\/\/schweizversand.ch\/en\/produkt\/x-mas-lichterkette-48-led-mit-timer\/","name":"X-Mas Lichterkette 48 LED mit Timer","isPartOf":{"@id":"https:\/\/schweizversand.ch\/en\/#website"},"primaryImageOfPage":{"@id":"https:\/\/schweizversand.ch\/en\/produkt\/x-mas-lichterkette-48-led-mit-timer\/#primaryimage"},"image":{"@id":"https:\/\/schweizversand.ch\/en\/produkt\/x-mas-lichterkette-48-led-mit-timer\/#primaryimage"},"thumbnailUrl":"https:\/\/schweizversand.ch\/wp-content\/uploads\/2026\/03\/5471607667.jpg","datePublished":"2026-03-30T13:30:34+00:00","dateModified":"2026-04-14T00:02:32+00:00","description":"LED Lichterkette 48 LED mit Timerfunktion, warmweiss Verwandeln Sie Ihr Zuhause oder Ihren Aussenbereich in eine stimmungsvolle Oase. Diese vielseitige LED Lich","breadcrumb":{"@id":"https:\/\/schweizversand.ch\/en\/produkt\/x-mas-lichterkette-48-led-mit-timer\/#breadcrumb"},"inLanguage":"en-US","potentialAction":[{"@type":"ReadAction","target":["https:\/\/schweizversand.ch\/en\/produkt\/x-mas-lichterkette-48-led-mit-timer\/"]}]},{"@type":"ImageObject","inLanguage":"en-US","@id":"https:\/\/schweizversand.ch\/en\/produkt\/x-mas-lichterkette-48-led-mit-timer\/#primaryimage","url":"https:\/\/schweizversand.ch\/wp-content\/uploads\/2026\/03\/5471607667.jpg","contentUrl":"https:\/\/schweizversand.ch\/wp-content\/uploads\/2026\/03\/5471607667.jpg","width":1024,"height":683},{"@type":"BreadcrumbList","@id":"https:\/\/schweizversand.ch\/en\/produkt\/x-mas-lichterkette-48-led-mit-timer\/#breadcrumb","itemListElement":[{"@type":"ListItem","position":1,"name":"Startseite","item":"https:\/\/schweizversand.ch\/en\/"},{"@type":"ListItem","position":2,"name":"Shop","item":"https:\/\/schweizversand.ch\/en\/shop\/"},{"@type":"ListItem","position":3,"name":"Home","item":"https:\/\/schweizversand.ch\/en\/produkt-kategorie\/home\/"},{"@type":"ListItem","position":4,"name":"Decor &amp; Accessories","item":"https:\/\/schweizversand.ch\/en\/produkt-kategorie\/home\/decor-accessories\/"},{"@type":"ListItem","position":5,"name":"Luci a stringa","item":"https:\/\/schweizversand.ch\/en\/produkt-kategorie\/home\/decorazioni-e-accessori\/lichterketten\/"},{"@type":"ListItem","position":6,"name":"Christmas string lights, 48 \u200b\u200bLEDs with timer"}]},{"@type":"WebSite","@id":"https:\/\/schweizversand.ch\/en\/#website","url":"https:\/\/schweizversand.ch\/en\/","name":"Schweizer Shop f\u00fcr Sport, Spiel und Freizeit","description":"Gratisversand ab 50.- (netto), ab eigenem schweizer Lager, Lieferung innert 48h","publisher":{"@id":"https:\/\/schweizversand.ch\/en\/#organization"},"alternateName":"Schweizversand.ch","potentialAction":[{"@type":"SearchAction","target":{"@type":"EntryPoint","urlTemplate":"https:\/\/schweizversand.ch\/en\/?s={search_term_string}"},"query-input":{"@type":"PropertyValueSpecification","valueRequired":true,"valueName":"search_term_string"}}],"inLanguage":"en-US"},{"@type":"Organization","@id":"https:\/\/schweizversand.ch\/en\/#organization","name":"Schweizversand.ch","url":"https:\/\/schweizversand.ch\/en\/","logo":{"@type":"ImageObject","inLanguage":"en-US","@id":"https:\/\/schweizversand.ch\/en\/#\/schema\/logo\/image\/","url":"https:\/\/schweizversand.ch\/wp-content\/uploads\/2026\/03\/Logo_Rund_Final-1.png","contentUrl":"https:\/\/schweizversand.ch\/wp-content\/uploads\/2026\/03\/Logo_Rund_Final-1.png","width":404,"height":404,"caption":"Schweizversand.ch"},"image":{"@id":"https:\/\/schweizversand.ch\/en\/#\/schema\/logo\/image\/"},"sameAs":["https:\/\/www.facebook.com\/Schweizversand","https:\/\/www.instagram.com\/schweizversand.ch\/"]}]}},"jetpack_sharing_enabled":true,"_links":{"self":[{"href":"https:\/\/schweizversand.ch\/en\/wp-json\/wp\/v2\/product\/259702","targetHints":{"allow":["GET"]}}],"collection":[{"href":"https:\/\/schweizversand.ch\/en\/wp-json\/wp\/v2\/product"}],"about":[{"href":"https:\/\/schweizversand.ch\/en\/wp-json\/wp\/v2\/types\/product"}],"replies":[{"embeddable":true,"href":"https:\/\/schweizversand.ch\/en\/wp-json\/wp\/v2\/comments?post=259702"}],"wp:featuredmedia":[{"embeddable":true,"href":"https:\/\/schweizversand.ch\/en\/wp-json\/wp\/v2\/media\/261036"}],"wp:attachment":[{"href":"https:\/\/schweizversand.ch\/en\/wp-json\/wp\/v2\/media?parent=259702"}],"wp:term":[{"taxonomy":"product_brand","embeddable":true,"href":"https:\/\/schweizversand.ch\/en\/wp-json\/wp\/v2\/product_brand?post=259702"},{"taxonomy":"product_cat","embeddable":true,"href":"https:\/\/schweizversand.ch\/en\/wp-json\/wp\/v2\/product_cat?post=259702"},{"taxonomy":"product_tag","embeddable":true,"href":"https:\/\/schweizversand.ch\/en\/wp-json\/wp\/v2\/product_tag?post=259702"}],"curies":[{"name":"wp","href":"https:\/\/api.w.org\/{rel}","templated":true}]}}