{"id":259706,"date":"2026-03-30T15:30:35","date_gmt":"2026-03-30T13:30:35","guid":{"rendered":"https:\/\/schweizversand.ch\/produkt\/bio-vital-creme-pferdebalsam\/"},"modified":"2026-04-05T15:32:26","modified_gmt":"2026-04-05T13:32:26","slug":"bio-vital-creme-pferdebalsam","status":"publish","type":"product","link":"https:\/\/schweizversand.ch\/en\/produkt\/bio-vital-creme-pferdebalsam\/","title":{"rendered":"Bio-Vital Cream Horse Balm"},"content":{"rendered":"<h1><strong>Horse Balm with Eucalyptus \u2013 Intensive Muscle Relaxation<\/strong><\/h1>\n<div>Discover the soothing power of <strong>Horse Balm<\/strong> with natural eucalyptus oil. This versatile balm was specially developed to <strong>relieve tension<\/strong> and provide fast relief after physical exertion or for everyday discomfort. Experience intensive <strong>muscle relaxation<\/strong> and increased well-being.<\/p>\n<\/div>\n<div><strong>Your benefit: Versatile pain relief<\/strong><br \/>Eucalyptus Balm<\/strong> is a proven remedy for <strong>muscle and joint pain relief. The special formula initially provides a pleasant cooling sensation and then promotes blood circulation, which helps to loosen the muscles. It is the ideal <strong>horse liniment<\/strong> for your everyday life.<\/p>\n<\/div>\n<div><strong>Optimal Applications<\/strong><br \/>This balm covers a wide range of ailments and specifically supports your body&#8217;s regeneration:<\/p>\n<\/div>\n<div><strong>Areas of Application at a Glance<\/strong><br \/>&#8211; <strong>Muscle Relaxation<\/strong>: Helps to loosen stubborn muscle tension in the neck, shoulders, and back.<br \/>&#8211; <strong>Injury Relief<\/strong>: Can help relieve pain and promote recovery from sprains and strains.<br \/>&#8211; <strong>Joint and Back Pain<\/strong>: Provides relief from chronic or overuse-related back and joint pain.<br \/>&#8211; <strong>Prolonged Standing<\/strong>: Relieves discomfort in the legs after long periods of inactivity or standing.<br \/>&#8211; <strong>Specific Ailments<\/strong>: Can provide support for painful conditions such as for lumbago or sciatica.<\/p>\n<\/div>\n<div><strong>Important Instructions for Use<\/strong><br \/>Please read the instructions for use carefully and use the balm according to the recommendations. Before applying the product over a larger area for the first time, test it on a small area of \u200b\u200bskin to rule out any allergic reactions. Please note that this product is intended as a complementary therapy and a medical consultation is always necessary for serious or chronic conditions.<\/p>\n<\/div>\n<div>Treat yourself to the effective care of <strong>Horse Balm<\/strong> and experience how quickly your body recovers and relaxes.<\/p>\n<\/div>\n<div>\n<\/div>\n","protected":false},"excerpt":{"rendered":"<p>Bio-Vital Creme Pferdebalsam lindert Muskelverspannungen mit nat\u00fcrlichem Eukalyptus\u00f6l. F\u00fcr schnelle, intensive Entspannung und gesteigertes Wohlbefinden im Alltag.<\/p>\n","protected":false},"featured_media":46840,"comment_status":"open","ping_status":"closed","template":"","meta":[],"product_brand":[],"product_cat":[39087],"product_tag":[],"class_list":{"0":"post-259706","1":"product","2":"type-product","3":"status-publish","4":"has-post-thumbnail","6":"product_cat-bodylotion","7":"product_shipping_class-global_methods","9":"first","10":"instock","11":"taxable","12":"shipping-taxable","13":"purchasable","14":"product-type-simple"},"yoast_head":"<!-- This site is optimized with the Yoast SEO plugin v27.3 - https:\/\/yoast.com\/product\/yoast-seo-wordpress\/ -->\n<title>Bio-Vital Creme Pferdebalsam<\/title>\n<meta name=\"description\" content=\"Pferdebalsam mit Eukalyptus \u2013 Intensive Muskelentspannung Entdecken Sie die wohltuende Kraft des Pferdebalsam mit nat\u00fcrlichem Eukalyptus\u00f6l. Dieses vielseitige B\" \/>\n<meta name=\"robots\" content=\"index, follow, max-snippet:-1, max-image-preview:large, max-video-preview:-1\" \/>\n<link rel=\"canonical\" href=\"https:\/\/schweizversand.ch\/en\/produkt\/bio-vital-creme-pferdebalsam\/\" \/>\n<meta property=\"og:locale\" content=\"en_US\" \/>\n<meta property=\"og:type\" content=\"article\" \/>\n<meta property=\"og:title\" content=\"Bio-Vital Creme Pferdebalsam\" \/>\n<meta property=\"og:description\" content=\"Pferdebalsam mit Eukalyptus \u2013 Intensive Muskelentspannung Entdecken Sie die wohltuende Kraft des Pferdebalsam mit nat\u00fcrlichem Eukalyptus\u00f6l. Dieses vielseitige B\" \/>\n<meta property=\"og:url\" content=\"https:\/\/schweizversand.ch\/en\/produkt\/bio-vital-creme-pferdebalsam\/\" \/>\n<meta property=\"og:site_name\" content=\"Schweizer Shop f\u00fcr Sport, Spiel und Freizeit\" \/>\n<meta property=\"article:publisher\" content=\"https:\/\/www.facebook.com\/Schweizversand\" \/>\n<meta property=\"article:modified_time\" content=\"2026-04-05T13:32:26+00:00\" \/>\n<meta property=\"og:image\" content=\"https:\/\/schweizversand.ch\/wp-content\/uploads\/2026\/01\/5471516324.jpg\" \/>\n\t<meta property=\"og:image:width\" content=\"1024\" \/>\n\t<meta property=\"og:image:height\" content=\"1024\" \/>\n\t<meta property=\"og:image:type\" content=\"image\/jpeg\" \/>\n<meta name=\"twitter:card\" content=\"summary_large_image\" \/>\n<meta name=\"twitter:label1\" content=\"Est. reading time\" \/>\n\t<meta name=\"twitter:data1\" content=\"1 minute\" \/>\n<script type=\"application\/ld+json\" class=\"yoast-schema-graph\">{\"@context\":\"https:\\\/\\\/schema.org\",\"@graph\":[{\"@type\":\"WebPage\",\"@id\":\"https:\\\/\\\/schweizversand.ch\\\/en\\\/produkt\\\/bio-vital-creme-pferdebalsam\\\/\",\"url\":\"https:\\\/\\\/schweizversand.ch\\\/en\\\/produkt\\\/bio-vital-creme-pferdebalsam\\\/\",\"name\":\"Bio-Vital Creme Pferdebalsam\",\"isPartOf\":{\"@id\":\"https:\\\/\\\/schweizversand.ch\\\/en\\\/#website\"},\"primaryImageOfPage\":{\"@id\":\"https:\\\/\\\/schweizversand.ch\\\/en\\\/produkt\\\/bio-vital-creme-pferdebalsam\\\/#primaryimage\"},\"image\":{\"@id\":\"https:\\\/\\\/schweizversand.ch\\\/en\\\/produkt\\\/bio-vital-creme-pferdebalsam\\\/#primaryimage\"},\"thumbnailUrl\":\"https:\\\/\\\/schweizversand.ch\\\/wp-content\\\/uploads\\\/2026\\\/01\\\/5471516324.jpg\",\"datePublished\":\"2026-03-30T13:30:35+00:00\",\"dateModified\":\"2026-04-05T13:32:26+00:00\",\"description\":\"Pferdebalsam mit Eukalyptus \u2013 Intensive Muskelentspannung Entdecken Sie die wohltuende Kraft des Pferdebalsam mit nat\u00fcrlichem Eukalyptus\u00f6l. Dieses vielseitige B\",\"breadcrumb\":{\"@id\":\"https:\\\/\\\/schweizversand.ch\\\/en\\\/produkt\\\/bio-vital-creme-pferdebalsam\\\/#breadcrumb\"},\"inLanguage\":\"en-US\",\"potentialAction\":[{\"@type\":\"ReadAction\",\"target\":[\"https:\\\/\\\/schweizversand.ch\\\/en\\\/produkt\\\/bio-vital-creme-pferdebalsam\\\/\"]}]},{\"@type\":\"ImageObject\",\"inLanguage\":\"en-US\",\"@id\":\"https:\\\/\\\/schweizversand.ch\\\/en\\\/produkt\\\/bio-vital-creme-pferdebalsam\\\/#primaryimage\",\"url\":\"https:\\\/\\\/schweizversand.ch\\\/wp-content\\\/uploads\\\/2026\\\/01\\\/5471516324.jpg\",\"contentUrl\":\"https:\\\/\\\/schweizversand.ch\\\/wp-content\\\/uploads\\\/2026\\\/01\\\/5471516324.jpg\",\"width\":1024,\"height\":1024},{\"@type\":\"BreadcrumbList\",\"@id\":\"https:\\\/\\\/schweizversand.ch\\\/en\\\/produkt\\\/bio-vital-creme-pferdebalsam\\\/#breadcrumb\",\"itemListElement\":[{\"@type\":\"ListItem\",\"position\":1,\"name\":\"Startseite\",\"item\":\"https:\\\/\\\/schweizversand.ch\\\/en\\\/\"},{\"@type\":\"ListItem\",\"position\":2,\"name\":\"Shop\",\"item\":\"https:\\\/\\\/schweizversand.ch\\\/en\\\/shop\\\/\"},{\"@type\":\"ListItem\",\"position\":3,\"name\":\"Bio-Vital Cream Horse Balm\"}]},{\"@type\":\"WebSite\",\"@id\":\"https:\\\/\\\/schweizversand.ch\\\/en\\\/#website\",\"url\":\"https:\\\/\\\/schweizversand.ch\\\/en\\\/\",\"name\":\"Schweizer Shop f\u00fcr Sport, Spiel und Freizeit\",\"description\":\"Gratisversand ab 50.- (netto), ab eigenem schweizer Lager, Lieferung innert 48h\",\"publisher\":{\"@id\":\"https:\\\/\\\/schweizversand.ch\\\/en\\\/#organization\"},\"alternateName\":\"Schweizversand.ch\",\"potentialAction\":[{\"@type\":\"SearchAction\",\"target\":{\"@type\":\"EntryPoint\",\"urlTemplate\":\"https:\\\/\\\/schweizversand.ch\\\/en\\\/?s={search_term_string}\"},\"query-input\":{\"@type\":\"PropertyValueSpecification\",\"valueRequired\":true,\"valueName\":\"search_term_string\"}}],\"inLanguage\":\"en-US\"},{\"@type\":\"Organization\",\"@id\":\"https:\\\/\\\/schweizversand.ch\\\/en\\\/#organization\",\"name\":\"Schweizversand.ch\",\"url\":\"https:\\\/\\\/schweizversand.ch\\\/en\\\/\",\"logo\":{\"@type\":\"ImageObject\",\"inLanguage\":\"en-US\",\"@id\":\"https:\\\/\\\/schweizversand.ch\\\/en\\\/#\\\/schema\\\/logo\\\/image\\\/\",\"url\":\"https:\\\/\\\/schweizversand.ch\\\/wp-content\\\/uploads\\\/2026\\\/03\\\/Logo_Rund_Final-1.png\",\"contentUrl\":\"https:\\\/\\\/schweizversand.ch\\\/wp-content\\\/uploads\\\/2026\\\/03\\\/Logo_Rund_Final-1.png\",\"width\":404,\"height\":404,\"caption\":\"Schweizversand.ch\"},\"image\":{\"@id\":\"https:\\\/\\\/schweizversand.ch\\\/en\\\/#\\\/schema\\\/logo\\\/image\\\/\"},\"sameAs\":[\"https:\\\/\\\/www.facebook.com\\\/Schweizversand\",\"https:\\\/\\\/www.instagram.com\\\/schweizversand.ch\\\/\"]}]}<\/script>\n<!-- \/ Yoast SEO plugin. -->","yoast_head_json":{"title":"Bio-Vital Creme Pferdebalsam","description":"Pferdebalsam mit Eukalyptus \u2013 Intensive Muskelentspannung Entdecken Sie die wohltuende Kraft des Pferdebalsam mit nat\u00fcrlichem Eukalyptus\u00f6l. Dieses vielseitige B","robots":{"index":"index","follow":"follow","max-snippet":"max-snippet:-1","max-image-preview":"max-image-preview:large","max-video-preview":"max-video-preview:-1"},"canonical":"https:\/\/schweizversand.ch\/en\/produkt\/bio-vital-creme-pferdebalsam\/","og_locale":"en_US","og_type":"article","og_title":"Bio-Vital Creme Pferdebalsam","og_description":"Pferdebalsam mit Eukalyptus \u2013 Intensive Muskelentspannung Entdecken Sie die wohltuende Kraft des Pferdebalsam mit nat\u00fcrlichem Eukalyptus\u00f6l. Dieses vielseitige B","og_url":"https:\/\/schweizversand.ch\/en\/produkt\/bio-vital-creme-pferdebalsam\/","og_site_name":"Schweizer Shop f\u00fcr Sport, Spiel und Freizeit","article_publisher":"https:\/\/www.facebook.com\/Schweizversand","article_modified_time":"2026-04-05T13:32:26+00:00","og_image":[{"width":1024,"height":1024,"url":"https:\/\/schweizversand.ch\/wp-content\/uploads\/2026\/01\/5471516324.jpg","type":"image\/jpeg"}],"twitter_card":"summary_large_image","twitter_misc":{"Est. reading time":"1 minute"},"schema":{"@context":"https:\/\/schema.org","@graph":[{"@type":"WebPage","@id":"https:\/\/schweizversand.ch\/en\/produkt\/bio-vital-creme-pferdebalsam\/","url":"https:\/\/schweizversand.ch\/en\/produkt\/bio-vital-creme-pferdebalsam\/","name":"Bio-Vital Creme Pferdebalsam","isPartOf":{"@id":"https:\/\/schweizversand.ch\/en\/#website"},"primaryImageOfPage":{"@id":"https:\/\/schweizversand.ch\/en\/produkt\/bio-vital-creme-pferdebalsam\/#primaryimage"},"image":{"@id":"https:\/\/schweizversand.ch\/en\/produkt\/bio-vital-creme-pferdebalsam\/#primaryimage"},"thumbnailUrl":"https:\/\/schweizversand.ch\/wp-content\/uploads\/2026\/01\/5471516324.jpg","datePublished":"2026-03-30T13:30:35+00:00","dateModified":"2026-04-05T13:32:26+00:00","description":"Pferdebalsam mit Eukalyptus \u2013 Intensive Muskelentspannung Entdecken Sie die wohltuende Kraft des Pferdebalsam mit nat\u00fcrlichem Eukalyptus\u00f6l. Dieses vielseitige B","breadcrumb":{"@id":"https:\/\/schweizversand.ch\/en\/produkt\/bio-vital-creme-pferdebalsam\/#breadcrumb"},"inLanguage":"en-US","potentialAction":[{"@type":"ReadAction","target":["https:\/\/schweizversand.ch\/en\/produkt\/bio-vital-creme-pferdebalsam\/"]}]},{"@type":"ImageObject","inLanguage":"en-US","@id":"https:\/\/schweizversand.ch\/en\/produkt\/bio-vital-creme-pferdebalsam\/#primaryimage","url":"https:\/\/schweizversand.ch\/wp-content\/uploads\/2026\/01\/5471516324.jpg","contentUrl":"https:\/\/schweizversand.ch\/wp-content\/uploads\/2026\/01\/5471516324.jpg","width":1024,"height":1024},{"@type":"BreadcrumbList","@id":"https:\/\/schweizversand.ch\/en\/produkt\/bio-vital-creme-pferdebalsam\/#breadcrumb","itemListElement":[{"@type":"ListItem","position":1,"name":"Startseite","item":"https:\/\/schweizversand.ch\/en\/"},{"@type":"ListItem","position":2,"name":"Shop","item":"https:\/\/schweizversand.ch\/en\/shop\/"},{"@type":"ListItem","position":3,"name":"Bio-Vital Cream Horse Balm"}]},{"@type":"WebSite","@id":"https:\/\/schweizversand.ch\/en\/#website","url":"https:\/\/schweizversand.ch\/en\/","name":"Schweizer Shop f\u00fcr Sport, Spiel und Freizeit","description":"Gratisversand ab 50.- (netto), ab eigenem schweizer Lager, Lieferung innert 48h","publisher":{"@id":"https:\/\/schweizversand.ch\/en\/#organization"},"alternateName":"Schweizversand.ch","potentialAction":[{"@type":"SearchAction","target":{"@type":"EntryPoint","urlTemplate":"https:\/\/schweizversand.ch\/en\/?s={search_term_string}"},"query-input":{"@type":"PropertyValueSpecification","valueRequired":true,"valueName":"search_term_string"}}],"inLanguage":"en-US"},{"@type":"Organization","@id":"https:\/\/schweizversand.ch\/en\/#organization","name":"Schweizversand.ch","url":"https:\/\/schweizversand.ch\/en\/","logo":{"@type":"ImageObject","inLanguage":"en-US","@id":"https:\/\/schweizversand.ch\/en\/#\/schema\/logo\/image\/","url":"https:\/\/schweizversand.ch\/wp-content\/uploads\/2026\/03\/Logo_Rund_Final-1.png","contentUrl":"https:\/\/schweizversand.ch\/wp-content\/uploads\/2026\/03\/Logo_Rund_Final-1.png","width":404,"height":404,"caption":"Schweizversand.ch"},"image":{"@id":"https:\/\/schweizversand.ch\/en\/#\/schema\/logo\/image\/"},"sameAs":["https:\/\/www.facebook.com\/Schweizversand","https:\/\/www.instagram.com\/schweizversand.ch\/"]}]}},"jetpack_sharing_enabled":true,"_links":{"self":[{"href":"https:\/\/schweizversand.ch\/en\/wp-json\/wp\/v2\/product\/259706","targetHints":{"allow":["GET"]}}],"collection":[{"href":"https:\/\/schweizversand.ch\/en\/wp-json\/wp\/v2\/product"}],"about":[{"href":"https:\/\/schweizversand.ch\/en\/wp-json\/wp\/v2\/types\/product"}],"replies":[{"embeddable":true,"href":"https:\/\/schweizversand.ch\/en\/wp-json\/wp\/v2\/comments?post=259706"}],"wp:featuredmedia":[{"embeddable":true,"href":"https:\/\/schweizversand.ch\/en\/wp-json\/wp\/v2\/media\/46840"}],"wp:attachment":[{"href":"https:\/\/schweizversand.ch\/en\/wp-json\/wp\/v2\/media?parent=259706"}],"wp:term":[{"taxonomy":"product_brand","embeddable":true,"href":"https:\/\/schweizversand.ch\/en\/wp-json\/wp\/v2\/product_brand?post=259706"},{"taxonomy":"product_cat","embeddable":true,"href":"https:\/\/schweizversand.ch\/en\/wp-json\/wp\/v2\/product_cat?post=259706"},{"taxonomy":"product_tag","embeddable":true,"href":"https:\/\/schweizversand.ch\/en\/wp-json\/wp\/v2\/product_tag?post=259706"}],"curies":[{"name":"wp","href":"https:\/\/api.w.org\/{rel}","templated":true}]}}