{"id":259707,"date":"2026-03-30T15:30:35","date_gmt":"2026-03-30T13:30:35","guid":{"rendered":"https:\/\/schweizversand.ch\/produkt\/kynast-gartentonne-pop-up\/"},"modified":"2026-04-12T02:03:47","modified_gmt":"2026-04-12T00:03:47","slug":"kynast-gartentonne-pop-up","status":"publish","type":"product","link":"https:\/\/schweizversand.ch\/en\/produkt\/kynast-gartentonne-pop-up\/","title":{"rendered":"Kynast Garden Barrel POP UP"},"content":{"rendered":"<p>Kynast POP UP Garden Bin (\u230045cm \u00d7 75cm, 120L)<br \/>\n<br \/>The ultimate solution for garden waste disposal: Simple, efficient, and sustainable<\/p>\n<p>About the product<\/p>\n<p>The Kynast POP UP Garden Bin is a true all-rounder for anyone who loves a well-maintained garden. This collapsible and self-erecting garden waste bag is both practical and robust, offering a 120-liter capacity for all your garden waste.<\/p>\n<p>Key features:<\/p>\n<p>\u2022 Waterproof woven fabric: This garden waste bag is made of high-quality, waterproof materials to ensure a long lifespan.<\/p>\n<p>\u2022 Flexibility and robustness: Tear-resistant and reusable, ideal for all types of garden waste such as leaves, clippings, and more.<\/p>\n<p>\u2022 Easy to use: Equipped with two integrated carrying handles for comfortable carrying and easy disposal.<\/p>\n<p>\u2022 Space-saving: The collapsible design makes it easy to store the bin when not in use.<\/p>\n<p>\u2022 Self-standing: A reinforcing ring ensures the bin stands upright on its own, leaving both hands free for gardening.<\/p>\n<p>Technical specifications:<\/p>\n<p>\u2022 Dimensions: Diameter 45 cm, Height 75 cm<\/p>\n<p>\u2022 Capacity: 120 liters<\/p>\n<p>\u2022 Material: Waterproof woven fabric<\/p>\n<p>Conclusion:<\/p>\n<p>The Kynast POP UP garden bin is a must-have for every garden enthusiast. It combines user-friendliness with functionality and durability. Its flexible and robust construction makes it the ideal choice for disposing of all types of garden waste. Its space-saving and foldable design makes it easy to store and therefore a perfect addition to any garden.<\/p>\n","protected":false},"excerpt":{"rendered":"<p>Kynast Gartentonne POP UP vereinfacht die Gartenarbeit mit 120 l Fassungsverm\u00f6gen, rei\u00dffestem, wasserdichtem Material und selbstaufstellendem Pop-Up-Design.<\/p>\n","protected":false},"featured_media":261042,"comment_status":"open","ping_status":"closed","template":"","meta":[],"product_brand":[],"product_cat":[],"product_tag":[],"class_list":{"0":"post-259707","1":"product","2":"type-product","3":"status-publish","4":"has-post-thumbnail","6":"product_shipping_class-global_methods","8":"first","9":"instock","10":"taxable","11":"shipping-taxable","12":"purchasable","13":"product-type-simple"},"yoast_head":"<!-- This site is optimized with the Yoast SEO plugin v27.3 - https:\/\/yoast.com\/product\/yoast-seo-wordpress\/ -->\n<title>Kynast Gartentonne POP UP<\/title>\n<meta name=\"description\" content=\"Kynast Gartentonne POP UP (\u230045cm \u00d7 75cm, 120l) Die ultimative L\u00f6sung f\u00fcr die Gartenabfallentsorgung: Einfach, effizient und nachhaltig\u00a0 \u00dcber das Produkt\u00a0 Die\" \/>\n<meta name=\"robots\" content=\"index, follow, max-snippet:-1, max-image-preview:large, max-video-preview:-1\" \/>\n<link rel=\"canonical\" href=\"https:\/\/schweizversand.ch\/en\/produkt\/kynast-gartentonne-pop-up\/\" \/>\n<meta property=\"og:locale\" content=\"en_US\" \/>\n<meta property=\"og:type\" content=\"article\" \/>\n<meta property=\"og:title\" content=\"Kynast Gartentonne POP UP\" \/>\n<meta property=\"og:description\" content=\"Kynast Gartentonne POP UP (\u230045cm \u00d7 75cm, 120l) Die ultimative L\u00f6sung f\u00fcr die Gartenabfallentsorgung: Einfach, effizient und nachhaltig\u00a0 \u00dcber das Produkt\u00a0 Die\" \/>\n<meta property=\"og:url\" content=\"https:\/\/schweizversand.ch\/en\/produkt\/kynast-gartentonne-pop-up\/\" \/>\n<meta property=\"og:site_name\" content=\"Schweizer Shop f\u00fcr Sport, Spiel und Freizeit\" \/>\n<meta property=\"article:publisher\" content=\"https:\/\/www.facebook.com\/Schweizversand\" \/>\n<meta property=\"article:modified_time\" content=\"2026-04-12T00:03:47+00:00\" \/>\n<meta property=\"og:image\" content=\"https:\/\/schweizversand.ch\/wp-content\/uploads\/2026\/03\/5520099604.jpg\" \/>\n\t<meta property=\"og:image:width\" content=\"740\" \/>\n\t<meta property=\"og:image:height\" content=\"1024\" \/>\n\t<meta property=\"og:image:type\" content=\"image\/jpeg\" \/>\n<meta name=\"twitter:card\" content=\"summary_large_image\" \/>\n<meta name=\"twitter:label1\" content=\"Est. reading time\" \/>\n\t<meta name=\"twitter:data1\" content=\"1 minute\" \/>\n<script type=\"application\/ld+json\" class=\"yoast-schema-graph\">{\"@context\":\"https:\\\/\\\/schema.org\",\"@graph\":[{\"@type\":\"WebPage\",\"@id\":\"https:\\\/\\\/schweizversand.ch\\\/en\\\/produkt\\\/kynast-gartentonne-pop-up\\\/\",\"url\":\"https:\\\/\\\/schweizversand.ch\\\/en\\\/produkt\\\/kynast-gartentonne-pop-up\\\/\",\"name\":\"Kynast Gartentonne POP UP\",\"isPartOf\":{\"@id\":\"https:\\\/\\\/schweizversand.ch\\\/en\\\/#website\"},\"primaryImageOfPage\":{\"@id\":\"https:\\\/\\\/schweizversand.ch\\\/en\\\/produkt\\\/kynast-gartentonne-pop-up\\\/#primaryimage\"},\"image\":{\"@id\":\"https:\\\/\\\/schweizversand.ch\\\/en\\\/produkt\\\/kynast-gartentonne-pop-up\\\/#primaryimage\"},\"thumbnailUrl\":\"https:\\\/\\\/schweizversand.ch\\\/wp-content\\\/uploads\\\/2026\\\/03\\\/5520099604.jpg\",\"datePublished\":\"2026-03-30T13:30:35+00:00\",\"dateModified\":\"2026-04-12T00:03:47+00:00\",\"description\":\"Kynast Gartentonne POP UP (\u230045cm \u00d7 75cm, 120l) Die ultimative L\u00f6sung f\u00fcr die Gartenabfallentsorgung: Einfach, effizient und nachhaltig\u00a0 \u00dcber das Produkt\u00a0 Die\",\"breadcrumb\":{\"@id\":\"https:\\\/\\\/schweizversand.ch\\\/en\\\/produkt\\\/kynast-gartentonne-pop-up\\\/#breadcrumb\"},\"inLanguage\":\"en-US\",\"potentialAction\":[{\"@type\":\"ReadAction\",\"target\":[\"https:\\\/\\\/schweizversand.ch\\\/en\\\/produkt\\\/kynast-gartentonne-pop-up\\\/\"]}]},{\"@type\":\"ImageObject\",\"inLanguage\":\"en-US\",\"@id\":\"https:\\\/\\\/schweizversand.ch\\\/en\\\/produkt\\\/kynast-gartentonne-pop-up\\\/#primaryimage\",\"url\":\"https:\\\/\\\/schweizversand.ch\\\/wp-content\\\/uploads\\\/2026\\\/03\\\/5520099604.jpg\",\"contentUrl\":\"https:\\\/\\\/schweizversand.ch\\\/wp-content\\\/uploads\\\/2026\\\/03\\\/5520099604.jpg\",\"width\":740,\"height\":1024},{\"@type\":\"BreadcrumbList\",\"@id\":\"https:\\\/\\\/schweizversand.ch\\\/en\\\/produkt\\\/kynast-gartentonne-pop-up\\\/#breadcrumb\",\"itemListElement\":[{\"@type\":\"ListItem\",\"position\":1,\"name\":\"Startseite\",\"item\":\"https:\\\/\\\/schweizversand.ch\\\/en\\\/\"},{\"@type\":\"ListItem\",\"position\":2,\"name\":\"Shop\",\"item\":\"https:\\\/\\\/schweizversand.ch\\\/en\\\/shop\\\/\"},{\"@type\":\"ListItem\",\"position\":3,\"name\":\"Kynast Garden Barrel POP UP\"}]},{\"@type\":\"WebSite\",\"@id\":\"https:\\\/\\\/schweizversand.ch\\\/en\\\/#website\",\"url\":\"https:\\\/\\\/schweizversand.ch\\\/en\\\/\",\"name\":\"Schweizer Shop f\u00fcr Sport, Spiel und Freizeit\",\"description\":\"Gratisversand ab 50.- (netto), ab eigenem schweizer Lager, Lieferung innert 48h\",\"publisher\":{\"@id\":\"https:\\\/\\\/schweizversand.ch\\\/en\\\/#organization\"},\"alternateName\":\"Schweizversand.ch\",\"potentialAction\":[{\"@type\":\"SearchAction\",\"target\":{\"@type\":\"EntryPoint\",\"urlTemplate\":\"https:\\\/\\\/schweizversand.ch\\\/en\\\/?s={search_term_string}\"},\"query-input\":{\"@type\":\"PropertyValueSpecification\",\"valueRequired\":true,\"valueName\":\"search_term_string\"}}],\"inLanguage\":\"en-US\"},{\"@type\":\"Organization\",\"@id\":\"https:\\\/\\\/schweizversand.ch\\\/en\\\/#organization\",\"name\":\"Schweizversand.ch\",\"url\":\"https:\\\/\\\/schweizversand.ch\\\/en\\\/\",\"logo\":{\"@type\":\"ImageObject\",\"inLanguage\":\"en-US\",\"@id\":\"https:\\\/\\\/schweizversand.ch\\\/en\\\/#\\\/schema\\\/logo\\\/image\\\/\",\"url\":\"https:\\\/\\\/schweizversand.ch\\\/wp-content\\\/uploads\\\/2026\\\/03\\\/Logo_Rund_Final-1.png\",\"contentUrl\":\"https:\\\/\\\/schweizversand.ch\\\/wp-content\\\/uploads\\\/2026\\\/03\\\/Logo_Rund_Final-1.png\",\"width\":404,\"height\":404,\"caption\":\"Schweizversand.ch\"},\"image\":{\"@id\":\"https:\\\/\\\/schweizversand.ch\\\/en\\\/#\\\/schema\\\/logo\\\/image\\\/\"},\"sameAs\":[\"https:\\\/\\\/www.facebook.com\\\/Schweizversand\",\"https:\\\/\\\/www.instagram.com\\\/schweizversand.ch\\\/\"]}]}<\/script>\n<!-- \/ Yoast SEO plugin. -->","yoast_head_json":{"title":"Kynast Gartentonne POP UP","description":"Kynast Gartentonne POP UP (\u230045cm \u00d7 75cm, 120l) Die ultimative L\u00f6sung f\u00fcr die Gartenabfallentsorgung: Einfach, effizient und nachhaltig\u00a0 \u00dcber das Produkt\u00a0 Die","robots":{"index":"index","follow":"follow","max-snippet":"max-snippet:-1","max-image-preview":"max-image-preview:large","max-video-preview":"max-video-preview:-1"},"canonical":"https:\/\/schweizversand.ch\/en\/produkt\/kynast-gartentonne-pop-up\/","og_locale":"en_US","og_type":"article","og_title":"Kynast Gartentonne POP UP","og_description":"Kynast Gartentonne POP UP (\u230045cm \u00d7 75cm, 120l) Die ultimative L\u00f6sung f\u00fcr die Gartenabfallentsorgung: Einfach, effizient und nachhaltig\u00a0 \u00dcber das Produkt\u00a0 Die","og_url":"https:\/\/schweizversand.ch\/en\/produkt\/kynast-gartentonne-pop-up\/","og_site_name":"Schweizer Shop f\u00fcr Sport, Spiel und Freizeit","article_publisher":"https:\/\/www.facebook.com\/Schweizversand","article_modified_time":"2026-04-12T00:03:47+00:00","og_image":[{"width":740,"height":1024,"url":"https:\/\/schweizversand.ch\/wp-content\/uploads\/2026\/03\/5520099604.jpg","type":"image\/jpeg"}],"twitter_card":"summary_large_image","twitter_misc":{"Est. reading time":"1 minute"},"schema":{"@context":"https:\/\/schema.org","@graph":[{"@type":"WebPage","@id":"https:\/\/schweizversand.ch\/en\/produkt\/kynast-gartentonne-pop-up\/","url":"https:\/\/schweizversand.ch\/en\/produkt\/kynast-gartentonne-pop-up\/","name":"Kynast Gartentonne POP UP","isPartOf":{"@id":"https:\/\/schweizversand.ch\/en\/#website"},"primaryImageOfPage":{"@id":"https:\/\/schweizversand.ch\/en\/produkt\/kynast-gartentonne-pop-up\/#primaryimage"},"image":{"@id":"https:\/\/schweizversand.ch\/en\/produkt\/kynast-gartentonne-pop-up\/#primaryimage"},"thumbnailUrl":"https:\/\/schweizversand.ch\/wp-content\/uploads\/2026\/03\/5520099604.jpg","datePublished":"2026-03-30T13:30:35+00:00","dateModified":"2026-04-12T00:03:47+00:00","description":"Kynast Gartentonne POP UP (\u230045cm \u00d7 75cm, 120l) Die ultimative L\u00f6sung f\u00fcr die Gartenabfallentsorgung: Einfach, effizient und nachhaltig\u00a0 \u00dcber das Produkt\u00a0 Die","breadcrumb":{"@id":"https:\/\/schweizversand.ch\/en\/produkt\/kynast-gartentonne-pop-up\/#breadcrumb"},"inLanguage":"en-US","potentialAction":[{"@type":"ReadAction","target":["https:\/\/schweizversand.ch\/en\/produkt\/kynast-gartentonne-pop-up\/"]}]},{"@type":"ImageObject","inLanguage":"en-US","@id":"https:\/\/schweizversand.ch\/en\/produkt\/kynast-gartentonne-pop-up\/#primaryimage","url":"https:\/\/schweizversand.ch\/wp-content\/uploads\/2026\/03\/5520099604.jpg","contentUrl":"https:\/\/schweizversand.ch\/wp-content\/uploads\/2026\/03\/5520099604.jpg","width":740,"height":1024},{"@type":"BreadcrumbList","@id":"https:\/\/schweizversand.ch\/en\/produkt\/kynast-gartentonne-pop-up\/#breadcrumb","itemListElement":[{"@type":"ListItem","position":1,"name":"Startseite","item":"https:\/\/schweizversand.ch\/en\/"},{"@type":"ListItem","position":2,"name":"Shop","item":"https:\/\/schweizversand.ch\/en\/shop\/"},{"@type":"ListItem","position":3,"name":"Kynast Garden Barrel POP UP"}]},{"@type":"WebSite","@id":"https:\/\/schweizversand.ch\/en\/#website","url":"https:\/\/schweizversand.ch\/en\/","name":"Schweizer Shop f\u00fcr Sport, Spiel und Freizeit","description":"Gratisversand ab 50.- (netto), ab eigenem schweizer Lager, Lieferung innert 48h","publisher":{"@id":"https:\/\/schweizversand.ch\/en\/#organization"},"alternateName":"Schweizversand.ch","potentialAction":[{"@type":"SearchAction","target":{"@type":"EntryPoint","urlTemplate":"https:\/\/schweizversand.ch\/en\/?s={search_term_string}"},"query-input":{"@type":"PropertyValueSpecification","valueRequired":true,"valueName":"search_term_string"}}],"inLanguage":"en-US"},{"@type":"Organization","@id":"https:\/\/schweizversand.ch\/en\/#organization","name":"Schweizversand.ch","url":"https:\/\/schweizversand.ch\/en\/","logo":{"@type":"ImageObject","inLanguage":"en-US","@id":"https:\/\/schweizversand.ch\/en\/#\/schema\/logo\/image\/","url":"https:\/\/schweizversand.ch\/wp-content\/uploads\/2026\/03\/Logo_Rund_Final-1.png","contentUrl":"https:\/\/schweizversand.ch\/wp-content\/uploads\/2026\/03\/Logo_Rund_Final-1.png","width":404,"height":404,"caption":"Schweizversand.ch"},"image":{"@id":"https:\/\/schweizversand.ch\/en\/#\/schema\/logo\/image\/"},"sameAs":["https:\/\/www.facebook.com\/Schweizversand","https:\/\/www.instagram.com\/schweizversand.ch\/"]}]}},"jetpack_sharing_enabled":true,"_links":{"self":[{"href":"https:\/\/schweizversand.ch\/en\/wp-json\/wp\/v2\/product\/259707","targetHints":{"allow":["GET"]}}],"collection":[{"href":"https:\/\/schweizversand.ch\/en\/wp-json\/wp\/v2\/product"}],"about":[{"href":"https:\/\/schweizversand.ch\/en\/wp-json\/wp\/v2\/types\/product"}],"replies":[{"embeddable":true,"href":"https:\/\/schweizversand.ch\/en\/wp-json\/wp\/v2\/comments?post=259707"}],"wp:featuredmedia":[{"embeddable":true,"href":"https:\/\/schweizversand.ch\/en\/wp-json\/wp\/v2\/media\/261042"}],"wp:attachment":[{"href":"https:\/\/schweizversand.ch\/en\/wp-json\/wp\/v2\/media?parent=259707"}],"wp:term":[{"taxonomy":"product_brand","embeddable":true,"href":"https:\/\/schweizversand.ch\/en\/wp-json\/wp\/v2\/product_brand?post=259707"},{"taxonomy":"product_cat","embeddable":true,"href":"https:\/\/schweizversand.ch\/en\/wp-json\/wp\/v2\/product_cat?post=259707"},{"taxonomy":"product_tag","embeddable":true,"href":"https:\/\/schweizversand.ch\/en\/wp-json\/wp\/v2\/product_tag?post=259707"}],"curies":[{"name":"wp","href":"https:\/\/api.w.org\/{rel}","templated":true}]}}