{"id":259721,"date":"2026-03-15T00:57:20","date_gmt":"2026-03-14T23:57:20","guid":{"rendered":"https:\/\/schweizversand.ch\/produkt\/trespass-squidge-ii-damen-softshell-hosen-groesse-xxs\/"},"modified":"2026-04-12T02:04:08","modified_gmt":"2026-04-12T00:04:08","slug":"trespass-squidge-ii-damen-softshell-hosen-groesse-xxs","status":"publish","type":"product","link":"https:\/\/schweizversand.ch\/en\/produkt\/trespass-squidge-ii-damen-softshell-hosen-groesse-xxs\/","title":{"rendered":"Trespass SQUIDGE II &#8211; Women&#8217;s Softshell Trousers"},"content":{"rendered":"<p>Discover the ultimate combination of style, functionality, and the latest technological innovation!<\/p>\n<\/p>\n<p>These pants offer not only a trendy design but also a variety of practical features that will add a new dimension to your outdoor experiences.<\/p>\n<\/p>\n<p>With two zippered pockets, you have plenty of room for your essentials, while the side waist adjusters and ergonomic knees ensure a tailored fit.<\/p>\n<\/p>\n<p>Thanks to the side leg zippers with reinforced ankle kick patches, you can easily put the pants on and take them off, even with shoes on.<\/p>\n<\/p>\n<p>Made from a high-quality softshell fabric with a woven texture and a blend of 94% polyester and 6% elastane, they offer optimal freedom of movement and comfort.<\/p>\n<\/p>\n<p>&#8220;` With a 2000mm waterproof rating and 3000mvp breathability, you&#8217;re perfectly equipped for any weather. Experience the perfect balance between style and functionality \u2013 get our technical pants now and get going!<\/p>\n<\/p>\n<p>Material composition:<\/p>\n<\/p>\n<p>\u2022 Woven<\/p>\n<\/p>\n<p>\u2022 94% Polyester \/ 6% Elastane<\/p>\n<\/p>\n<p>Material properties:<\/p>\n<\/p>\n<p>\u2022 Waterproof: 2000mm<\/p>\n<\/p>\n<p>\u2022 Breathable: 3000mvp<\/p>\n","protected":false},"excerpt":{"rendered":"<p>Trespass SQUIDGE II &#8211; Damen Softshell Hosen bieten perfekte Passform, flexible Bewegungsfreiheit und praktische Rei\u00dfverschl\u00fcsse f\u00fcr komfortable Outdoor-Abenteuer bei jedem Wetter.<\/p>\n","protected":false},"featured_media":244036,"comment_status":"open","ping_status":"closed","template":"","meta":[],"product_brand":[],"product_cat":[38816],"product_tag":[],"class_list":{"0":"post-259721","1":"product","2":"type-product","3":"status-publish","4":"has-post-thumbnail","6":"product_cat-trekking-zubehoer","7":"product_shipping_class-global_methods","9":"first","10":"instock","11":"taxable","12":"shipping-taxable","13":"purchasable","14":"product-type-simple"},"yoast_head":"<!-- This site is optimized with the Yoast SEO plugin v27.3 - https:\/\/yoast.com\/product\/yoast-seo-wordpress\/ -->\n<title>Trespass SQUIDGE II - Damen Softshell Hosen (Gr\u00f6sse XXS)<\/title>\n<meta name=\"description\" content=\"Bei diesem Artikel handelt es sich um eine Retoure . Die Softshellhose kann leichte Gebrauchsspuren aufweisen, ist jedoch ansonsten einwandfrei und voll funktio\" \/>\n<meta name=\"robots\" content=\"index, follow, max-snippet:-1, max-image-preview:large, max-video-preview:-1\" \/>\n<link rel=\"canonical\" href=\"https:\/\/schweizversand.ch\/en\/produkt\/trespass-squidge-ii-damen-softshell-hosen-groesse-xxs\/\" \/>\n<meta property=\"og:locale\" content=\"en_US\" \/>\n<meta property=\"og:type\" content=\"article\" \/>\n<meta property=\"og:title\" content=\"Trespass SQUIDGE II - Damen Softshell Hosen (Gr\u00f6sse XXS)\" \/>\n<meta property=\"og:description\" content=\"Bei diesem Artikel handelt es sich um eine Retoure . Die Softshellhose kann leichte Gebrauchsspuren aufweisen, ist jedoch ansonsten einwandfrei und voll funktio\" \/>\n<meta property=\"og:url\" content=\"https:\/\/schweizversand.ch\/en\/produkt\/trespass-squidge-ii-damen-softshell-hosen-groesse-xxs\/\" \/>\n<meta property=\"og:site_name\" content=\"Schweizer Shop f\u00fcr Sport, Spiel und Freizeit\" \/>\n<meta property=\"article:publisher\" content=\"https:\/\/www.facebook.com\/Schweizversand\" \/>\n<meta property=\"article:modified_time\" content=\"2026-04-12T00:04:08+00:00\" \/>\n<meta property=\"og:image\" content=\"https:\/\/schweizversand.ch\/wp-content\/uploads\/2026\/03\/5567897684.jpg\" \/>\n\t<meta property=\"og:image:width\" content=\"810\" \/>\n\t<meta property=\"og:image:height\" content=\"1080\" \/>\n\t<meta property=\"og:image:type\" content=\"image\/jpeg\" \/>\n<meta name=\"twitter:card\" content=\"summary_large_image\" \/>\n<meta name=\"twitter:label1\" content=\"Est. reading time\" \/>\n\t<meta name=\"twitter:data1\" content=\"1 minute\" \/>\n<script type=\"application\/ld+json\" class=\"yoast-schema-graph\">{\"@context\":\"https:\\\/\\\/schema.org\",\"@graph\":[{\"@type\":\"WebPage\",\"@id\":\"https:\\\/\\\/schweizversand.ch\\\/en\\\/produkt\\\/trespass-squidge-ii-damen-softshell-hosen-groesse-xxs\\\/\",\"url\":\"https:\\\/\\\/schweizversand.ch\\\/en\\\/produkt\\\/trespass-squidge-ii-damen-softshell-hosen-groesse-xxs\\\/\",\"name\":\"Trespass SQUIDGE II - Damen Softshell Hosen (Gr\u00f6sse XXS)\",\"isPartOf\":{\"@id\":\"https:\\\/\\\/schweizversand.ch\\\/en\\\/#website\"},\"primaryImageOfPage\":{\"@id\":\"https:\\\/\\\/schweizversand.ch\\\/en\\\/produkt\\\/trespass-squidge-ii-damen-softshell-hosen-groesse-xxs\\\/#primaryimage\"},\"image\":{\"@id\":\"https:\\\/\\\/schweizversand.ch\\\/en\\\/produkt\\\/trespass-squidge-ii-damen-softshell-hosen-groesse-xxs\\\/#primaryimage\"},\"thumbnailUrl\":\"https:\\\/\\\/schweizversand.ch\\\/wp-content\\\/uploads\\\/2026\\\/03\\\/5567897684.jpg\",\"datePublished\":\"2026-03-14T23:57:20+00:00\",\"dateModified\":\"2026-04-12T00:04:08+00:00\",\"description\":\"Bei diesem Artikel handelt es sich um eine Retoure . Die Softshellhose kann leichte Gebrauchsspuren aufweisen, ist jedoch ansonsten einwandfrei und voll funktio\",\"breadcrumb\":{\"@id\":\"https:\\\/\\\/schweizversand.ch\\\/en\\\/produkt\\\/trespass-squidge-ii-damen-softshell-hosen-groesse-xxs\\\/#breadcrumb\"},\"inLanguage\":\"en-US\",\"potentialAction\":[{\"@type\":\"ReadAction\",\"target\":[\"https:\\\/\\\/schweizversand.ch\\\/en\\\/produkt\\\/trespass-squidge-ii-damen-softshell-hosen-groesse-xxs\\\/\"]}]},{\"@type\":\"ImageObject\",\"inLanguage\":\"en-US\",\"@id\":\"https:\\\/\\\/schweizversand.ch\\\/en\\\/produkt\\\/trespass-squidge-ii-damen-softshell-hosen-groesse-xxs\\\/#primaryimage\",\"url\":\"https:\\\/\\\/schweizversand.ch\\\/wp-content\\\/uploads\\\/2026\\\/03\\\/5567897684.jpg\",\"contentUrl\":\"https:\\\/\\\/schweizversand.ch\\\/wp-content\\\/uploads\\\/2026\\\/03\\\/5567897684.jpg\",\"width\":810,\"height\":1080},{\"@type\":\"BreadcrumbList\",\"@id\":\"https:\\\/\\\/schweizversand.ch\\\/en\\\/produkt\\\/trespass-squidge-ii-damen-softshell-hosen-groesse-xxs\\\/#breadcrumb\",\"itemListElement\":[{\"@type\":\"ListItem\",\"position\":1,\"name\":\"Startseite\",\"item\":\"https:\\\/\\\/schweizversand.ch\\\/en\\\/\"},{\"@type\":\"ListItem\",\"position\":2,\"name\":\"Shop\",\"item\":\"https:\\\/\\\/schweizversand.ch\\\/en\\\/shop\\\/\"},{\"@type\":\"ListItem\",\"position\":3,\"name\":\"Trespass SQUIDGE II &#8211; Women&#8217;s Softshell Trousers\"}]},{\"@type\":\"WebSite\",\"@id\":\"https:\\\/\\\/schweizversand.ch\\\/en\\\/#website\",\"url\":\"https:\\\/\\\/schweizversand.ch\\\/en\\\/\",\"name\":\"Schweizer Shop f\u00fcr Sport, Spiel und Freizeit\",\"description\":\"Gratisversand ab 50.- (netto), ab eigenem schweizer Lager, Lieferung innert 48h\",\"publisher\":{\"@id\":\"https:\\\/\\\/schweizversand.ch\\\/en\\\/#organization\"},\"alternateName\":\"Schweizversand.ch\",\"potentialAction\":[{\"@type\":\"SearchAction\",\"target\":{\"@type\":\"EntryPoint\",\"urlTemplate\":\"https:\\\/\\\/schweizversand.ch\\\/en\\\/?s={search_term_string}\"},\"query-input\":{\"@type\":\"PropertyValueSpecification\",\"valueRequired\":true,\"valueName\":\"search_term_string\"}}],\"inLanguage\":\"en-US\"},{\"@type\":\"Organization\",\"@id\":\"https:\\\/\\\/schweizversand.ch\\\/en\\\/#organization\",\"name\":\"Schweizversand.ch\",\"url\":\"https:\\\/\\\/schweizversand.ch\\\/en\\\/\",\"logo\":{\"@type\":\"ImageObject\",\"inLanguage\":\"en-US\",\"@id\":\"https:\\\/\\\/schweizversand.ch\\\/en\\\/#\\\/schema\\\/logo\\\/image\\\/\",\"url\":\"https:\\\/\\\/schweizversand.ch\\\/wp-content\\\/uploads\\\/2026\\\/03\\\/Logo_Rund_Final-1.png\",\"contentUrl\":\"https:\\\/\\\/schweizversand.ch\\\/wp-content\\\/uploads\\\/2026\\\/03\\\/Logo_Rund_Final-1.png\",\"width\":404,\"height\":404,\"caption\":\"Schweizversand.ch\"},\"image\":{\"@id\":\"https:\\\/\\\/schweizversand.ch\\\/en\\\/#\\\/schema\\\/logo\\\/image\\\/\"},\"sameAs\":[\"https:\\\/\\\/www.facebook.com\\\/Schweizversand\",\"https:\\\/\\\/www.instagram.com\\\/schweizversand.ch\\\/\"]}]}<\/script>\n<!-- \/ Yoast SEO plugin. -->","yoast_head_json":{"title":"Trespass SQUIDGE II - Damen Softshell Hosen (Gr\u00f6sse XXS)","description":"Bei diesem Artikel handelt es sich um eine Retoure . Die Softshellhose kann leichte Gebrauchsspuren aufweisen, ist jedoch ansonsten einwandfrei und voll funktio","robots":{"index":"index","follow":"follow","max-snippet":"max-snippet:-1","max-image-preview":"max-image-preview:large","max-video-preview":"max-video-preview:-1"},"canonical":"https:\/\/schweizversand.ch\/en\/produkt\/trespass-squidge-ii-damen-softshell-hosen-groesse-xxs\/","og_locale":"en_US","og_type":"article","og_title":"Trespass SQUIDGE II - Damen Softshell Hosen (Gr\u00f6sse XXS)","og_description":"Bei diesem Artikel handelt es sich um eine Retoure . Die Softshellhose kann leichte Gebrauchsspuren aufweisen, ist jedoch ansonsten einwandfrei und voll funktio","og_url":"https:\/\/schweizversand.ch\/en\/produkt\/trespass-squidge-ii-damen-softshell-hosen-groesse-xxs\/","og_site_name":"Schweizer Shop f\u00fcr Sport, Spiel und Freizeit","article_publisher":"https:\/\/www.facebook.com\/Schweizversand","article_modified_time":"2026-04-12T00:04:08+00:00","og_image":[{"width":810,"height":1080,"url":"https:\/\/schweizversand.ch\/wp-content\/uploads\/2026\/03\/5567897684.jpg","type":"image\/jpeg"}],"twitter_card":"summary_large_image","twitter_misc":{"Est. reading time":"1 minute"},"schema":{"@context":"https:\/\/schema.org","@graph":[{"@type":"WebPage","@id":"https:\/\/schweizversand.ch\/en\/produkt\/trespass-squidge-ii-damen-softshell-hosen-groesse-xxs\/","url":"https:\/\/schweizversand.ch\/en\/produkt\/trespass-squidge-ii-damen-softshell-hosen-groesse-xxs\/","name":"Trespass SQUIDGE II - Damen Softshell Hosen (Gr\u00f6sse XXS)","isPartOf":{"@id":"https:\/\/schweizversand.ch\/en\/#website"},"primaryImageOfPage":{"@id":"https:\/\/schweizversand.ch\/en\/produkt\/trespass-squidge-ii-damen-softshell-hosen-groesse-xxs\/#primaryimage"},"image":{"@id":"https:\/\/schweizversand.ch\/en\/produkt\/trespass-squidge-ii-damen-softshell-hosen-groesse-xxs\/#primaryimage"},"thumbnailUrl":"https:\/\/schweizversand.ch\/wp-content\/uploads\/2026\/03\/5567897684.jpg","datePublished":"2026-03-14T23:57:20+00:00","dateModified":"2026-04-12T00:04:08+00:00","description":"Bei diesem Artikel handelt es sich um eine Retoure . Die Softshellhose kann leichte Gebrauchsspuren aufweisen, ist jedoch ansonsten einwandfrei und voll funktio","breadcrumb":{"@id":"https:\/\/schweizversand.ch\/en\/produkt\/trespass-squidge-ii-damen-softshell-hosen-groesse-xxs\/#breadcrumb"},"inLanguage":"en-US","potentialAction":[{"@type":"ReadAction","target":["https:\/\/schweizversand.ch\/en\/produkt\/trespass-squidge-ii-damen-softshell-hosen-groesse-xxs\/"]}]},{"@type":"ImageObject","inLanguage":"en-US","@id":"https:\/\/schweizversand.ch\/en\/produkt\/trespass-squidge-ii-damen-softshell-hosen-groesse-xxs\/#primaryimage","url":"https:\/\/schweizversand.ch\/wp-content\/uploads\/2026\/03\/5567897684.jpg","contentUrl":"https:\/\/schweizversand.ch\/wp-content\/uploads\/2026\/03\/5567897684.jpg","width":810,"height":1080},{"@type":"BreadcrumbList","@id":"https:\/\/schweizversand.ch\/en\/produkt\/trespass-squidge-ii-damen-softshell-hosen-groesse-xxs\/#breadcrumb","itemListElement":[{"@type":"ListItem","position":1,"name":"Startseite","item":"https:\/\/schweizversand.ch\/en\/"},{"@type":"ListItem","position":2,"name":"Shop","item":"https:\/\/schweizversand.ch\/en\/shop\/"},{"@type":"ListItem","position":3,"name":"Trespass SQUIDGE II &#8211; Women&#8217;s Softshell Trousers"}]},{"@type":"WebSite","@id":"https:\/\/schweizversand.ch\/en\/#website","url":"https:\/\/schweizversand.ch\/en\/","name":"Schweizer Shop f\u00fcr Sport, Spiel und Freizeit","description":"Gratisversand ab 50.- (netto), ab eigenem schweizer Lager, Lieferung innert 48h","publisher":{"@id":"https:\/\/schweizversand.ch\/en\/#organization"},"alternateName":"Schweizversand.ch","potentialAction":[{"@type":"SearchAction","target":{"@type":"EntryPoint","urlTemplate":"https:\/\/schweizversand.ch\/en\/?s={search_term_string}"},"query-input":{"@type":"PropertyValueSpecification","valueRequired":true,"valueName":"search_term_string"}}],"inLanguage":"en-US"},{"@type":"Organization","@id":"https:\/\/schweizversand.ch\/en\/#organization","name":"Schweizversand.ch","url":"https:\/\/schweizversand.ch\/en\/","logo":{"@type":"ImageObject","inLanguage":"en-US","@id":"https:\/\/schweizversand.ch\/en\/#\/schema\/logo\/image\/","url":"https:\/\/schweizversand.ch\/wp-content\/uploads\/2026\/03\/Logo_Rund_Final-1.png","contentUrl":"https:\/\/schweizversand.ch\/wp-content\/uploads\/2026\/03\/Logo_Rund_Final-1.png","width":404,"height":404,"caption":"Schweizversand.ch"},"image":{"@id":"https:\/\/schweizversand.ch\/en\/#\/schema\/logo\/image\/"},"sameAs":["https:\/\/www.facebook.com\/Schweizversand","https:\/\/www.instagram.com\/schweizversand.ch\/"]}]}},"jetpack_sharing_enabled":true,"_links":{"self":[{"href":"https:\/\/schweizversand.ch\/en\/wp-json\/wp\/v2\/product\/259721","targetHints":{"allow":["GET"]}}],"collection":[{"href":"https:\/\/schweizversand.ch\/en\/wp-json\/wp\/v2\/product"}],"about":[{"href":"https:\/\/schweizversand.ch\/en\/wp-json\/wp\/v2\/types\/product"}],"replies":[{"embeddable":true,"href":"https:\/\/schweizversand.ch\/en\/wp-json\/wp\/v2\/comments?post=259721"}],"wp:featuredmedia":[{"embeddable":true,"href":"https:\/\/schweizversand.ch\/en\/wp-json\/wp\/v2\/media\/244036"}],"wp:attachment":[{"href":"https:\/\/schweizversand.ch\/en\/wp-json\/wp\/v2\/media?parent=259721"}],"wp:term":[{"taxonomy":"product_brand","embeddable":true,"href":"https:\/\/schweizversand.ch\/en\/wp-json\/wp\/v2\/product_brand?post=259721"},{"taxonomy":"product_cat","embeddable":true,"href":"https:\/\/schweizversand.ch\/en\/wp-json\/wp\/v2\/product_cat?post=259721"},{"taxonomy":"product_tag","embeddable":true,"href":"https:\/\/schweizversand.ch\/en\/wp-json\/wp\/v2\/product_tag?post=259721"}],"curies":[{"name":"wp","href":"https:\/\/api.w.org\/{rel}","templated":true}]}}