{"id":259724,"date":"2026-03-15T00:57:23","date_gmt":"2026-03-14T23:57:23","guid":{"rendered":"https:\/\/schweizversand.ch\/produkt\/trespass-rested-kinderschlafsack\/"},"modified":"2026-04-19T02:02:48","modified_gmt":"2026-04-19T00:02:48","slug":"trespass-rested-kinderschlafsack","status":"publish","type":"product","link":"https:\/\/schweizversand.ch\/en\/produkt\/trespass-rested-kinderschlafsack\/","title":{"rendered":"Trespass RESTED children&#8217;s sleeping bag"},"content":{"rendered":"<p>Kids Sleeping Bag Rested \u2013 Warm, Comfortable &#038; Ready for Any Adventure<\/p>\n<\/p>\n<p>Whether camping or at the next sleepover, the Kids Sleeping Bag Rested ensures cozy nights in any situation. With its durable outer material, soft inner lining, and warm filling \u2013 all made of 100% polyester \u2013 it&#8217;s ideal for children who want to experience the outdoors.<\/p>\n<\/p>\n<p>Thanks to its rectangular shape (160 x 65 cm), the sleeping bag offers plenty of room and freedom of movement. The practical two-way zipper allows for easy ventilation, depending on the temperature.<\/p>\n<\/p>\n<p>Comfort range: 1 \u00b0C \/ Upper limit: 6 \u00b0C \/ Lower limit: -10 \u00b0C \u2013 perfect for three seasons.<\/p>\n<\/p>\n<p>Features:<\/p>\n<\/p>\n<p>\u2022 3-season sleeping bag for children<\/p>\n<\/p>\n<p>\u2022 Comfortable blanket shape for greater freedom of movement<\/p>\n<\/p>\n<p>\u2022 Easy care and durable (100% polyester)<\/p>\n<\/p>\n<p>\u2022 Unisex design for girls and boys<\/p>\n","protected":false},"excerpt":{"rendered":"<p>Trespass RESTED Kinderschlafsack bietet warmen Komfort bis 1 \u00b0C, viel Platz und robuste Qualit\u00e4t \u2013 ideal f\u00fcr Abenteuer und \u00dcbernachtungen mit praktischem 2-Wege-Rei\u00dfverschluss.<\/p>\n","protected":false},"featured_media":245615,"comment_status":"open","ping_status":"closed","template":"","meta":[],"product_brand":[],"product_cat":[38506],"product_tag":[],"class_list":{"0":"post-259724","1":"product","2":"type-product","3":"status-publish","4":"has-post-thumbnail","6":"product_cat-campingartikel","7":"product_shipping_class-global_methods","9":"first","10":"instock","11":"taxable","12":"shipping-taxable","13":"purchasable","14":"product-type-simple"},"yoast_head":"<!-- This site is optimized with the Yoast SEO plugin v27.4 - https:\/\/yoast.com\/product\/yoast-seo-wordpress\/ -->\n<title>Trespass RESTED Kinderschlafsack<\/title>\n<meta name=\"description\" content=\"Bei diesem Artikel handelt es sich um ein Ausstellungsst\u00fcck , das daher leichte Gebrauchsspuren , wie zum Beispiel geringe Verschmutzungen, aufweisen kann. Die\" \/>\n<meta name=\"robots\" content=\"index, follow, max-snippet:-1, max-image-preview:large, max-video-preview:-1\" \/>\n<link rel=\"canonical\" href=\"https:\/\/schweizversand.ch\/en\/produkt\/trespass-rested-kinderschlafsack\/\" \/>\n<meta property=\"og:locale\" content=\"en_US\" \/>\n<meta property=\"og:type\" content=\"article\" \/>\n<meta property=\"og:title\" content=\"Trespass RESTED Kinderschlafsack\" \/>\n<meta property=\"og:description\" content=\"Bei diesem Artikel handelt es sich um ein Ausstellungsst\u00fcck , das daher leichte Gebrauchsspuren , wie zum Beispiel geringe Verschmutzungen, aufweisen kann. Die\" \/>\n<meta property=\"og:url\" content=\"https:\/\/schweizversand.ch\/en\/produkt\/trespass-rested-kinderschlafsack\/\" \/>\n<meta property=\"og:site_name\" content=\"Schweizer Shop f\u00fcr Sport, Spiel und Freizeit\" \/>\n<meta property=\"article:publisher\" content=\"https:\/\/www.facebook.com\/Schweizversand\" \/>\n<meta property=\"article:modified_time\" content=\"2026-04-19T00:02:48+00:00\" \/>\n<meta property=\"og:image\" content=\"https:\/\/schweizversand.ch\/wp-content\/uploads\/2026\/03\/5471887724.jpg\" \/>\n\t<meta property=\"og:image:width\" content=\"732\" \/>\n\t<meta property=\"og:image:height\" content=\"1024\" \/>\n\t<meta property=\"og:image:type\" content=\"image\/jpeg\" \/>\n<meta name=\"twitter:card\" content=\"summary_large_image\" \/>\n<meta name=\"twitter:label1\" content=\"Est. reading time\" \/>\n\t<meta name=\"twitter:data1\" content=\"1 minute\" \/>\n<script type=\"application\/ld+json\" class=\"yoast-schema-graph\">{\"@context\":\"https:\\\/\\\/schema.org\",\"@graph\":[{\"@type\":\"WebPage\",\"@id\":\"https:\\\/\\\/schweizversand.ch\\\/en\\\/produkt\\\/trespass-rested-kinderschlafsack\\\/\",\"url\":\"https:\\\/\\\/schweizversand.ch\\\/en\\\/produkt\\\/trespass-rested-kinderschlafsack\\\/\",\"name\":\"Trespass RESTED Kinderschlafsack\",\"isPartOf\":{\"@id\":\"https:\\\/\\\/schweizversand.ch\\\/en\\\/#website\"},\"primaryImageOfPage\":{\"@id\":\"https:\\\/\\\/schweizversand.ch\\\/en\\\/produkt\\\/trespass-rested-kinderschlafsack\\\/#primaryimage\"},\"image\":{\"@id\":\"https:\\\/\\\/schweizversand.ch\\\/en\\\/produkt\\\/trespass-rested-kinderschlafsack\\\/#primaryimage\"},\"thumbnailUrl\":\"https:\\\/\\\/schweizversand.ch\\\/wp-content\\\/uploads\\\/2026\\\/03\\\/5471887724.jpg\",\"datePublished\":\"2026-03-14T23:57:23+00:00\",\"dateModified\":\"2026-04-19T00:02:48+00:00\",\"description\":\"Bei diesem Artikel handelt es sich um ein Ausstellungsst\u00fcck , das daher leichte Gebrauchsspuren , wie zum Beispiel geringe Verschmutzungen, aufweisen kann. Die\",\"breadcrumb\":{\"@id\":\"https:\\\/\\\/schweizversand.ch\\\/en\\\/produkt\\\/trespass-rested-kinderschlafsack\\\/#breadcrumb\"},\"inLanguage\":\"en-US\",\"potentialAction\":[{\"@type\":\"ReadAction\",\"target\":[\"https:\\\/\\\/schweizversand.ch\\\/en\\\/produkt\\\/trespass-rested-kinderschlafsack\\\/\"]}]},{\"@type\":\"ImageObject\",\"inLanguage\":\"en-US\",\"@id\":\"https:\\\/\\\/schweizversand.ch\\\/en\\\/produkt\\\/trespass-rested-kinderschlafsack\\\/#primaryimage\",\"url\":\"https:\\\/\\\/schweizversand.ch\\\/wp-content\\\/uploads\\\/2026\\\/03\\\/5471887724.jpg\",\"contentUrl\":\"https:\\\/\\\/schweizversand.ch\\\/wp-content\\\/uploads\\\/2026\\\/03\\\/5471887724.jpg\",\"width\":732,\"height\":1024},{\"@type\":\"BreadcrumbList\",\"@id\":\"https:\\\/\\\/schweizversand.ch\\\/en\\\/produkt\\\/trespass-rested-kinderschlafsack\\\/#breadcrumb\",\"itemListElement\":[{\"@type\":\"ListItem\",\"position\":1,\"name\":\"Startseite\",\"item\":\"https:\\\/\\\/schweizversand.ch\\\/en\\\/\"},{\"@type\":\"ListItem\",\"position\":2,\"name\":\"Shop\",\"item\":\"https:\\\/\\\/schweizversand.ch\\\/en\\\/shop\\\/\"},{\"@type\":\"ListItem\",\"position\":3,\"name\":\"B-Grade Goods\",\"item\":\"https:\\\/\\\/schweizversand.ch\\\/en\\\/produkt-kategorie\\\/b-grade-goods\\\/\"},{\"@type\":\"ListItem\",\"position\":4,\"name\":\"Barbecue\",\"item\":\"https:\\\/\\\/schweizversand.ch\\\/en\\\/produkt-kategorie\\\/b-grade-goods\\\/campingartikel\\\/\"},{\"@type\":\"ListItem\",\"position\":5,\"name\":\"Trespass RESTED children&#8217;s sleeping bag\"}]},{\"@type\":\"WebSite\",\"@id\":\"https:\\\/\\\/schweizversand.ch\\\/en\\\/#website\",\"url\":\"https:\\\/\\\/schweizversand.ch\\\/en\\\/\",\"name\":\"Schweizer Shop f\u00fcr Sport, Spiel und Freizeit\",\"description\":\"Gratisversand ab 50.- (netto), ab eigenem schweizer Lager, Lieferung innert 48h\",\"publisher\":{\"@id\":\"https:\\\/\\\/schweizversand.ch\\\/en\\\/#organization\"},\"alternateName\":\"Schweizversand.ch\",\"potentialAction\":[{\"@type\":\"SearchAction\",\"target\":{\"@type\":\"EntryPoint\",\"urlTemplate\":\"https:\\\/\\\/schweizversand.ch\\\/en\\\/?s={search_term_string}\"},\"query-input\":{\"@type\":\"PropertyValueSpecification\",\"valueRequired\":true,\"valueName\":\"search_term_string\"}}],\"inLanguage\":\"en-US\"},{\"@type\":\"Organization\",\"@id\":\"https:\\\/\\\/schweizversand.ch\\\/en\\\/#organization\",\"name\":\"Schweizversand.ch\",\"url\":\"https:\\\/\\\/schweizversand.ch\\\/en\\\/\",\"logo\":{\"@type\":\"ImageObject\",\"inLanguage\":\"en-US\",\"@id\":\"https:\\\/\\\/schweizversand.ch\\\/en\\\/#\\\/schema\\\/logo\\\/image\\\/\",\"url\":\"https:\\\/\\\/schweizversand.ch\\\/wp-content\\\/uploads\\\/2026\\\/03\\\/Logo_Rund_Final-1.png\",\"contentUrl\":\"https:\\\/\\\/schweizversand.ch\\\/wp-content\\\/uploads\\\/2026\\\/03\\\/Logo_Rund_Final-1.png\",\"width\":404,\"height\":404,\"caption\":\"Schweizversand.ch\"},\"image\":{\"@id\":\"https:\\\/\\\/schweizversand.ch\\\/en\\\/#\\\/schema\\\/logo\\\/image\\\/\"},\"sameAs\":[\"https:\\\/\\\/www.facebook.com\\\/Schweizversand\",\"https:\\\/\\\/www.instagram.com\\\/schweizversand.ch\\\/\"]}]}<\/script>\n<!-- \/ Yoast SEO plugin. -->","yoast_head_json":{"title":"Trespass RESTED Kinderschlafsack","description":"Bei diesem Artikel handelt es sich um ein Ausstellungsst\u00fcck , das daher leichte Gebrauchsspuren , wie zum Beispiel geringe Verschmutzungen, aufweisen kann. Die","robots":{"index":"index","follow":"follow","max-snippet":"max-snippet:-1","max-image-preview":"max-image-preview:large","max-video-preview":"max-video-preview:-1"},"canonical":"https:\/\/schweizversand.ch\/en\/produkt\/trespass-rested-kinderschlafsack\/","og_locale":"en_US","og_type":"article","og_title":"Trespass RESTED Kinderschlafsack","og_description":"Bei diesem Artikel handelt es sich um ein Ausstellungsst\u00fcck , das daher leichte Gebrauchsspuren , wie zum Beispiel geringe Verschmutzungen, aufweisen kann. Die","og_url":"https:\/\/schweizversand.ch\/en\/produkt\/trespass-rested-kinderschlafsack\/","og_site_name":"Schweizer Shop f\u00fcr Sport, Spiel und Freizeit","article_publisher":"https:\/\/www.facebook.com\/Schweizversand","article_modified_time":"2026-04-19T00:02:48+00:00","og_image":[{"width":732,"height":1024,"url":"https:\/\/schweizversand.ch\/wp-content\/uploads\/2026\/03\/5471887724.jpg","type":"image\/jpeg"}],"twitter_card":"summary_large_image","twitter_misc":{"Est. reading time":"1 minute"},"schema":{"@context":"https:\/\/schema.org","@graph":[{"@type":"WebPage","@id":"https:\/\/schweizversand.ch\/en\/produkt\/trespass-rested-kinderschlafsack\/","url":"https:\/\/schweizversand.ch\/en\/produkt\/trespass-rested-kinderschlafsack\/","name":"Trespass RESTED Kinderschlafsack","isPartOf":{"@id":"https:\/\/schweizversand.ch\/en\/#website"},"primaryImageOfPage":{"@id":"https:\/\/schweizversand.ch\/en\/produkt\/trespass-rested-kinderschlafsack\/#primaryimage"},"image":{"@id":"https:\/\/schweizversand.ch\/en\/produkt\/trespass-rested-kinderschlafsack\/#primaryimage"},"thumbnailUrl":"https:\/\/schweizversand.ch\/wp-content\/uploads\/2026\/03\/5471887724.jpg","datePublished":"2026-03-14T23:57:23+00:00","dateModified":"2026-04-19T00:02:48+00:00","description":"Bei diesem Artikel handelt es sich um ein Ausstellungsst\u00fcck , das daher leichte Gebrauchsspuren , wie zum Beispiel geringe Verschmutzungen, aufweisen kann. Die","breadcrumb":{"@id":"https:\/\/schweizversand.ch\/en\/produkt\/trespass-rested-kinderschlafsack\/#breadcrumb"},"inLanguage":"en-US","potentialAction":[{"@type":"ReadAction","target":["https:\/\/schweizversand.ch\/en\/produkt\/trespass-rested-kinderschlafsack\/"]}]},{"@type":"ImageObject","inLanguage":"en-US","@id":"https:\/\/schweizversand.ch\/en\/produkt\/trespass-rested-kinderschlafsack\/#primaryimage","url":"https:\/\/schweizversand.ch\/wp-content\/uploads\/2026\/03\/5471887724.jpg","contentUrl":"https:\/\/schweizversand.ch\/wp-content\/uploads\/2026\/03\/5471887724.jpg","width":732,"height":1024},{"@type":"BreadcrumbList","@id":"https:\/\/schweizversand.ch\/en\/produkt\/trespass-rested-kinderschlafsack\/#breadcrumb","itemListElement":[{"@type":"ListItem","position":1,"name":"Startseite","item":"https:\/\/schweizversand.ch\/en\/"},{"@type":"ListItem","position":2,"name":"Shop","item":"https:\/\/schweizversand.ch\/en\/shop\/"},{"@type":"ListItem","position":3,"name":"B-Grade Goods","item":"https:\/\/schweizversand.ch\/en\/produkt-kategorie\/b-grade-goods\/"},{"@type":"ListItem","position":4,"name":"Barbecue","item":"https:\/\/schweizversand.ch\/en\/produkt-kategorie\/b-grade-goods\/campingartikel\/"},{"@type":"ListItem","position":5,"name":"Trespass RESTED children&#8217;s sleeping bag"}]},{"@type":"WebSite","@id":"https:\/\/schweizversand.ch\/en\/#website","url":"https:\/\/schweizversand.ch\/en\/","name":"Schweizer Shop f\u00fcr Sport, Spiel und Freizeit","description":"Gratisversand ab 50.- (netto), ab eigenem schweizer Lager, Lieferung innert 48h","publisher":{"@id":"https:\/\/schweizversand.ch\/en\/#organization"},"alternateName":"Schweizversand.ch","potentialAction":[{"@type":"SearchAction","target":{"@type":"EntryPoint","urlTemplate":"https:\/\/schweizversand.ch\/en\/?s={search_term_string}"},"query-input":{"@type":"PropertyValueSpecification","valueRequired":true,"valueName":"search_term_string"}}],"inLanguage":"en-US"},{"@type":"Organization","@id":"https:\/\/schweizversand.ch\/en\/#organization","name":"Schweizversand.ch","url":"https:\/\/schweizversand.ch\/en\/","logo":{"@type":"ImageObject","inLanguage":"en-US","@id":"https:\/\/schweizversand.ch\/en\/#\/schema\/logo\/image\/","url":"https:\/\/schweizversand.ch\/wp-content\/uploads\/2026\/03\/Logo_Rund_Final-1.png","contentUrl":"https:\/\/schweizversand.ch\/wp-content\/uploads\/2026\/03\/Logo_Rund_Final-1.png","width":404,"height":404,"caption":"Schweizversand.ch"},"image":{"@id":"https:\/\/schweizversand.ch\/en\/#\/schema\/logo\/image\/"},"sameAs":["https:\/\/www.facebook.com\/Schweizversand","https:\/\/www.instagram.com\/schweizversand.ch\/"]}]}},"jetpack_sharing_enabled":true,"_links":{"self":[{"href":"https:\/\/schweizversand.ch\/en\/wp-json\/wp\/v2\/product\/259724","targetHints":{"allow":["GET"]}}],"collection":[{"href":"https:\/\/schweizversand.ch\/en\/wp-json\/wp\/v2\/product"}],"about":[{"href":"https:\/\/schweizversand.ch\/en\/wp-json\/wp\/v2\/types\/product"}],"replies":[{"embeddable":true,"href":"https:\/\/schweizversand.ch\/en\/wp-json\/wp\/v2\/comments?post=259724"}],"wp:featuredmedia":[{"embeddable":true,"href":"https:\/\/schweizversand.ch\/en\/wp-json\/wp\/v2\/media\/245615"}],"wp:attachment":[{"href":"https:\/\/schweizversand.ch\/en\/wp-json\/wp\/v2\/media?parent=259724"}],"wp:term":[{"taxonomy":"product_brand","embeddable":true,"href":"https:\/\/schweizversand.ch\/en\/wp-json\/wp\/v2\/product_brand?post=259724"},{"taxonomy":"product_cat","embeddable":true,"href":"https:\/\/schweizversand.ch\/en\/wp-json\/wp\/v2\/product_cat?post=259724"},{"taxonomy":"product_tag","embeddable":true,"href":"https:\/\/schweizversand.ch\/en\/wp-json\/wp\/v2\/product_tag?post=259724"}],"curies":[{"name":"wp","href":"https:\/\/api.w.org\/{rel}","templated":true}]}}