{"id":261587,"date":"2026-04-01T02:00:15","date_gmt":"2026-04-01T00:00:15","guid":{"rendered":"https:\/\/schweizversand.ch\/produkt\/champ-mikrofasertuecher-50er-set\/"},"modified":"2026-04-08T02:00:55","modified_gmt":"2026-04-08T00:00:55","slug":"champ-mikrofasertuecher-50er-set","status":"publish","type":"product","link":"https:\/\/schweizversand.ch\/en\/produkt\/champ-mikrofasertuecher-50er-set\/","title":{"rendered":"CHAMP Microfiber Cloths 50-Piece Set"},"content":{"rendered":"<p>50x Cleanliness \u2013 Colorful &#038; Versatile<\/p>\n<p>This 50-piece set of microfiber cloths is the perfect solution for streak-free cleaning in the kitchen, bathroom, car, and around the house. Highly absorbent, durable, and available in four vibrant colors \u2013 conveniently sorted in a resealable polybag.<\/p>\n<p>50 cloths made of 100% polyester microfiber \u2013 gentle on surfaces, tough on dirt<\/p>\n<p>Size per cloth: 30 x 30 cm \u2013 ideal for any application<\/p>\n<p>200 gsm \u2013 high cleaning performance &#038; durability<\/p>\n<p>4 colors per set: Blue, Green, Yellow &#038; Pink \u2013 color-coded for different uses<\/p>\n<p>Whether for glass, mirrors, kitchen surfaces, or the car \u2013 these cloths are versatile everyday helpers for streak-free cleanliness.<\/p>\n","protected":false},"excerpt":{"rendered":"<p>CHAMP Mikrofasert\u00fccher 50er-Set: Saugstark, langlebig und farblich sortiert f\u00fcr streifenfreie Reinigung in K\u00fcche, Bad, Auto und Haushalt \u2013 vielseitig und praktisch im Polybeutel.<\/p>\n","protected":false},"featured_media":262242,"comment_status":"open","ping_status":"closed","template":"","meta":[],"product_brand":[],"product_cat":[38288],"product_tag":[],"class_list":{"0":"post-261587","1":"product","2":"type-product","3":"status-publish","4":"has-post-thumbnail","6":"product_cat-reinigungsutensilien","7":"product_shipping_class-global_methods","9":"first","10":"instock","11":"taxable","12":"shipping-taxable","13":"purchasable","14":"product-type-simple"},"yoast_head":"<!-- This site is optimized with the Yoast SEO plugin v27.3 - https:\/\/yoast.com\/product\/yoast-seo-wordpress\/ -->\n<title>CHAMP Mikrofasert\u00fccher 50er-Set<\/title>\n<meta name=\"description\" content=\"50x Sauberkeit \u2013 farbenfroh &amp; vielseitig Das 50er-Set Mikrofasert\u00fccher ist die perfekte L\u00f6sung f\u00fcr streifenfreie Reinigung in K\u00fcche, Bad, Auto und Haushalt. Sa\" \/>\n<meta name=\"robots\" content=\"index, follow, max-snippet:-1, max-image-preview:large, max-video-preview:-1\" \/>\n<link rel=\"canonical\" href=\"https:\/\/schweizversand.ch\/en\/produkt\/champ-mikrofasertuecher-50er-set\/\" \/>\n<meta property=\"og:locale\" content=\"en_US\" \/>\n<meta property=\"og:type\" content=\"article\" \/>\n<meta property=\"og:title\" content=\"CHAMP Mikrofasert\u00fccher 50er-Set\" \/>\n<meta property=\"og:description\" content=\"50x Sauberkeit \u2013 farbenfroh &amp; vielseitig Das 50er-Set Mikrofasert\u00fccher ist die perfekte L\u00f6sung f\u00fcr streifenfreie Reinigung in K\u00fcche, Bad, Auto und Haushalt. Sa\" \/>\n<meta property=\"og:url\" content=\"https:\/\/schweizversand.ch\/en\/produkt\/champ-mikrofasertuecher-50er-set\/\" \/>\n<meta property=\"og:site_name\" content=\"Schweizer Shop f\u00fcr Sport, Spiel und Freizeit\" \/>\n<meta property=\"article:publisher\" content=\"https:\/\/www.facebook.com\/Schweizversand\" \/>\n<meta property=\"article:modified_time\" content=\"2026-04-08T00:00:55+00:00\" \/>\n<meta property=\"og:image\" content=\"https:\/\/schweizversand.ch\/wp-content\/uploads\/2026\/04\/5471884356-1.jpg\" \/>\n\t<meta property=\"og:image:width\" content=\"989\" \/>\n\t<meta property=\"og:image:height\" content=\"1024\" \/>\n\t<meta property=\"og:image:type\" content=\"image\/jpeg\" \/>\n<meta name=\"twitter:card\" content=\"summary_large_image\" \/>\n<script type=\"application\/ld+json\" class=\"yoast-schema-graph\">{\"@context\":\"https:\\\/\\\/schema.org\",\"@graph\":[{\"@type\":\"WebPage\",\"@id\":\"https:\\\/\\\/schweizversand.ch\\\/en\\\/produkt\\\/champ-mikrofasertuecher-50er-set\\\/\",\"url\":\"https:\\\/\\\/schweizversand.ch\\\/en\\\/produkt\\\/champ-mikrofasertuecher-50er-set\\\/\",\"name\":\"CHAMP Mikrofasert\u00fccher 50er-Set\",\"isPartOf\":{\"@id\":\"https:\\\/\\\/schweizversand.ch\\\/en\\\/#website\"},\"primaryImageOfPage\":{\"@id\":\"https:\\\/\\\/schweizversand.ch\\\/en\\\/produkt\\\/champ-mikrofasertuecher-50er-set\\\/#primaryimage\"},\"image\":{\"@id\":\"https:\\\/\\\/schweizversand.ch\\\/en\\\/produkt\\\/champ-mikrofasertuecher-50er-set\\\/#primaryimage\"},\"thumbnailUrl\":\"https:\\\/\\\/schweizversand.ch\\\/wp-content\\\/uploads\\\/2026\\\/04\\\/5471884356-1.jpg\",\"datePublished\":\"2026-04-01T00:00:15+00:00\",\"dateModified\":\"2026-04-08T00:00:55+00:00\",\"description\":\"50x Sauberkeit \u2013 farbenfroh & vielseitig Das 50er-Set Mikrofasert\u00fccher ist die perfekte L\u00f6sung f\u00fcr streifenfreie Reinigung in K\u00fcche, Bad, Auto und Haushalt. Sa\",\"breadcrumb\":{\"@id\":\"https:\\\/\\\/schweizversand.ch\\\/en\\\/produkt\\\/champ-mikrofasertuecher-50er-set\\\/#breadcrumb\"},\"inLanguage\":\"en-US\",\"potentialAction\":[{\"@type\":\"ReadAction\",\"target\":[\"https:\\\/\\\/schweizversand.ch\\\/en\\\/produkt\\\/champ-mikrofasertuecher-50er-set\\\/\"]}]},{\"@type\":\"ImageObject\",\"inLanguage\":\"en-US\",\"@id\":\"https:\\\/\\\/schweizversand.ch\\\/en\\\/produkt\\\/champ-mikrofasertuecher-50er-set\\\/#primaryimage\",\"url\":\"https:\\\/\\\/schweizversand.ch\\\/wp-content\\\/uploads\\\/2026\\\/04\\\/5471884356-1.jpg\",\"contentUrl\":\"https:\\\/\\\/schweizversand.ch\\\/wp-content\\\/uploads\\\/2026\\\/04\\\/5471884356-1.jpg\",\"width\":989,\"height\":1024},{\"@type\":\"BreadcrumbList\",\"@id\":\"https:\\\/\\\/schweizversand.ch\\\/en\\\/produkt\\\/champ-mikrofasertuecher-50er-set\\\/#breadcrumb\",\"itemListElement\":[{\"@type\":\"ListItem\",\"position\":1,\"name\":\"Startseite\",\"item\":\"https:\\\/\\\/schweizversand.ch\\\/en\\\/\"},{\"@type\":\"ListItem\",\"position\":2,\"name\":\"Shop\",\"item\":\"https:\\\/\\\/schweizversand.ch\\\/en\\\/shop\\\/\"},{\"@type\":\"ListItem\",\"position\":3,\"name\":\"CHAMP Microfiber Cloths 50-Piece Set\"}]},{\"@type\":\"WebSite\",\"@id\":\"https:\\\/\\\/schweizversand.ch\\\/en\\\/#website\",\"url\":\"https:\\\/\\\/schweizversand.ch\\\/en\\\/\",\"name\":\"Schweizer Shop f\u00fcr Sport, Spiel und Freizeit\",\"description\":\"Gratisversand ab 50.- (netto), ab eigenem schweizer Lager, Lieferung innert 48h\",\"publisher\":{\"@id\":\"https:\\\/\\\/schweizversand.ch\\\/en\\\/#organization\"},\"alternateName\":\"Schweizversand.ch\",\"potentialAction\":[{\"@type\":\"SearchAction\",\"target\":{\"@type\":\"EntryPoint\",\"urlTemplate\":\"https:\\\/\\\/schweizversand.ch\\\/en\\\/?s={search_term_string}\"},\"query-input\":{\"@type\":\"PropertyValueSpecification\",\"valueRequired\":true,\"valueName\":\"search_term_string\"}}],\"inLanguage\":\"en-US\"},{\"@type\":\"Organization\",\"@id\":\"https:\\\/\\\/schweizversand.ch\\\/en\\\/#organization\",\"name\":\"Schweizversand.ch\",\"url\":\"https:\\\/\\\/schweizversand.ch\\\/en\\\/\",\"logo\":{\"@type\":\"ImageObject\",\"inLanguage\":\"en-US\",\"@id\":\"https:\\\/\\\/schweizversand.ch\\\/en\\\/#\\\/schema\\\/logo\\\/image\\\/\",\"url\":\"https:\\\/\\\/schweizversand.ch\\\/wp-content\\\/uploads\\\/2026\\\/03\\\/Logo_Rund_Final-1.png\",\"contentUrl\":\"https:\\\/\\\/schweizversand.ch\\\/wp-content\\\/uploads\\\/2026\\\/03\\\/Logo_Rund_Final-1.png\",\"width\":404,\"height\":404,\"caption\":\"Schweizversand.ch\"},\"image\":{\"@id\":\"https:\\\/\\\/schweizversand.ch\\\/en\\\/#\\\/schema\\\/logo\\\/image\\\/\"},\"sameAs\":[\"https:\\\/\\\/www.facebook.com\\\/Schweizversand\",\"https:\\\/\\\/www.instagram.com\\\/schweizversand.ch\\\/\"]}]}<\/script>\n<!-- \/ Yoast SEO plugin. -->","yoast_head_json":{"title":"CHAMP Mikrofasert\u00fccher 50er-Set","description":"50x Sauberkeit \u2013 farbenfroh & vielseitig Das 50er-Set Mikrofasert\u00fccher ist die perfekte L\u00f6sung f\u00fcr streifenfreie Reinigung in K\u00fcche, Bad, Auto und Haushalt. Sa","robots":{"index":"index","follow":"follow","max-snippet":"max-snippet:-1","max-image-preview":"max-image-preview:large","max-video-preview":"max-video-preview:-1"},"canonical":"https:\/\/schweizversand.ch\/en\/produkt\/champ-mikrofasertuecher-50er-set\/","og_locale":"en_US","og_type":"article","og_title":"CHAMP Mikrofasert\u00fccher 50er-Set","og_description":"50x Sauberkeit \u2013 farbenfroh & vielseitig Das 50er-Set Mikrofasert\u00fccher ist die perfekte L\u00f6sung f\u00fcr streifenfreie Reinigung in K\u00fcche, Bad, Auto und Haushalt. Sa","og_url":"https:\/\/schweizversand.ch\/en\/produkt\/champ-mikrofasertuecher-50er-set\/","og_site_name":"Schweizer Shop f\u00fcr Sport, Spiel und Freizeit","article_publisher":"https:\/\/www.facebook.com\/Schweizversand","article_modified_time":"2026-04-08T00:00:55+00:00","og_image":[{"width":989,"height":1024,"url":"https:\/\/schweizversand.ch\/wp-content\/uploads\/2026\/04\/5471884356-1.jpg","type":"image\/jpeg"}],"twitter_card":"summary_large_image","schema":{"@context":"https:\/\/schema.org","@graph":[{"@type":"WebPage","@id":"https:\/\/schweizversand.ch\/en\/produkt\/champ-mikrofasertuecher-50er-set\/","url":"https:\/\/schweizversand.ch\/en\/produkt\/champ-mikrofasertuecher-50er-set\/","name":"CHAMP Mikrofasert\u00fccher 50er-Set","isPartOf":{"@id":"https:\/\/schweizversand.ch\/en\/#website"},"primaryImageOfPage":{"@id":"https:\/\/schweizversand.ch\/en\/produkt\/champ-mikrofasertuecher-50er-set\/#primaryimage"},"image":{"@id":"https:\/\/schweizversand.ch\/en\/produkt\/champ-mikrofasertuecher-50er-set\/#primaryimage"},"thumbnailUrl":"https:\/\/schweizversand.ch\/wp-content\/uploads\/2026\/04\/5471884356-1.jpg","datePublished":"2026-04-01T00:00:15+00:00","dateModified":"2026-04-08T00:00:55+00:00","description":"50x Sauberkeit \u2013 farbenfroh & vielseitig Das 50er-Set Mikrofasert\u00fccher ist die perfekte L\u00f6sung f\u00fcr streifenfreie Reinigung in K\u00fcche, Bad, Auto und Haushalt. Sa","breadcrumb":{"@id":"https:\/\/schweizversand.ch\/en\/produkt\/champ-mikrofasertuecher-50er-set\/#breadcrumb"},"inLanguage":"en-US","potentialAction":[{"@type":"ReadAction","target":["https:\/\/schweizversand.ch\/en\/produkt\/champ-mikrofasertuecher-50er-set\/"]}]},{"@type":"ImageObject","inLanguage":"en-US","@id":"https:\/\/schweizversand.ch\/en\/produkt\/champ-mikrofasertuecher-50er-set\/#primaryimage","url":"https:\/\/schweizversand.ch\/wp-content\/uploads\/2026\/04\/5471884356-1.jpg","contentUrl":"https:\/\/schweizversand.ch\/wp-content\/uploads\/2026\/04\/5471884356-1.jpg","width":989,"height":1024},{"@type":"BreadcrumbList","@id":"https:\/\/schweizversand.ch\/en\/produkt\/champ-mikrofasertuecher-50er-set\/#breadcrumb","itemListElement":[{"@type":"ListItem","position":1,"name":"Startseite","item":"https:\/\/schweizversand.ch\/en\/"},{"@type":"ListItem","position":2,"name":"Shop","item":"https:\/\/schweizversand.ch\/en\/shop\/"},{"@type":"ListItem","position":3,"name":"CHAMP Microfiber Cloths 50-Piece Set"}]},{"@type":"WebSite","@id":"https:\/\/schweizversand.ch\/en\/#website","url":"https:\/\/schweizversand.ch\/en\/","name":"Schweizer Shop f\u00fcr Sport, Spiel und Freizeit","description":"Gratisversand ab 50.- (netto), ab eigenem schweizer Lager, Lieferung innert 48h","publisher":{"@id":"https:\/\/schweizversand.ch\/en\/#organization"},"alternateName":"Schweizversand.ch","potentialAction":[{"@type":"SearchAction","target":{"@type":"EntryPoint","urlTemplate":"https:\/\/schweizversand.ch\/en\/?s={search_term_string}"},"query-input":{"@type":"PropertyValueSpecification","valueRequired":true,"valueName":"search_term_string"}}],"inLanguage":"en-US"},{"@type":"Organization","@id":"https:\/\/schweizversand.ch\/en\/#organization","name":"Schweizversand.ch","url":"https:\/\/schweizversand.ch\/en\/","logo":{"@type":"ImageObject","inLanguage":"en-US","@id":"https:\/\/schweizversand.ch\/en\/#\/schema\/logo\/image\/","url":"https:\/\/schweizversand.ch\/wp-content\/uploads\/2026\/03\/Logo_Rund_Final-1.png","contentUrl":"https:\/\/schweizversand.ch\/wp-content\/uploads\/2026\/03\/Logo_Rund_Final-1.png","width":404,"height":404,"caption":"Schweizversand.ch"},"image":{"@id":"https:\/\/schweizversand.ch\/en\/#\/schema\/logo\/image\/"},"sameAs":["https:\/\/www.facebook.com\/Schweizversand","https:\/\/www.instagram.com\/schweizversand.ch\/"]}]}},"jetpack_sharing_enabled":true,"_links":{"self":[{"href":"https:\/\/schweizversand.ch\/en\/wp-json\/wp\/v2\/product\/261587","targetHints":{"allow":["GET"]}}],"collection":[{"href":"https:\/\/schweizversand.ch\/en\/wp-json\/wp\/v2\/product"}],"about":[{"href":"https:\/\/schweizversand.ch\/en\/wp-json\/wp\/v2\/types\/product"}],"replies":[{"embeddable":true,"href":"https:\/\/schweizversand.ch\/en\/wp-json\/wp\/v2\/comments?post=261587"}],"wp:featuredmedia":[{"embeddable":true,"href":"https:\/\/schweizversand.ch\/en\/wp-json\/wp\/v2\/media\/262242"}],"wp:attachment":[{"href":"https:\/\/schweizversand.ch\/en\/wp-json\/wp\/v2\/media?parent=261587"}],"wp:term":[{"taxonomy":"product_brand","embeddable":true,"href":"https:\/\/schweizversand.ch\/en\/wp-json\/wp\/v2\/product_brand?post=261587"},{"taxonomy":"product_cat","embeddable":true,"href":"https:\/\/schweizversand.ch\/en\/wp-json\/wp\/v2\/product_cat?post=261587"},{"taxonomy":"product_tag","embeddable":true,"href":"https:\/\/schweizversand.ch\/en\/wp-json\/wp\/v2\/product_tag?post=261587"}],"curies":[{"name":"wp","href":"https:\/\/api.w.org\/{rel}","templated":true}]}}