{"id":261593,"date":"2026-04-01T02:00:16","date_gmt":"2026-04-01T00:00:16","guid":{"rendered":"https:\/\/schweizversand.ch\/produkt\/redcliffs-isolierflasche\/"},"modified":"2026-04-07T15:31:07","modified_gmt":"2026-04-07T13:31:07","slug":"redcliffs-isolierflasche-2","status":"publish","type":"product","link":"https:\/\/schweizversand.ch\/en\/produkt\/redcliffs-isolierflasche-2\/","title":{"rendered":"Redcliffs insulated bottle"},"content":{"rendered":"<p>This vacuum flask is not only functional but also stylish and versatile. It&#8217;s perfect for outdoor adventures, everyday use in the office, or travel. The double-walled construction keeps your drinks at the desired temperature for longer, and the stainless steel ensures durability and a modern look.<\/p>\n<p>With various color options and a customizable hangcard, this flask also makes a great gift for family, friends, or colleagues. Always enjoy your drinks at the perfect temperature.<\/p>\n<p>Product Details:<\/p>\n<p>\u2022 Material: The flask features a double-walled construction with an inner container made of 304 stainless steel and an outer casing made of 201 stainless steel. The lid is also made of stainless steel and is lined with white PP and silicone.<\/p>\n<p>\u2022 Size: The flask measures 90mm in diameter and 255mm in height.<\/p>\n<p>\u2022 Capacity: It offers a generous capacity of 1000 ml (33.82 ounces).<\/p>\n<p>\u2022 Weight: The bottle weighs 405 grams, making it lightweight yet robust.<\/p>\n<p>\u2022 Colors: The bottle is available in three different colors: ochre, blue, and sand.<\/p>\n<p>\u2022 Color cannot be selected. Shipping is assorted whenever possible, while supplies last.<\/p>\n<p>Price per piece<\/p>\n","protected":false},"excerpt":{"rendered":"<p>Redcliffs Isolierflasche h\u00e4lt Getr\u00e4nke dank doppelwandiger Edelstahlkonstruktion lange hei\u00df oder kalt \u2013 ideal f\u00fcr Outdoor, B\u00fcro und Reisen in stilvollem Design.<\/p>\n","protected":false},"featured_media":27305,"comment_status":"open","ping_status":"closed","template":"","meta":[],"product_brand":[],"product_cat":[38055],"product_tag":[],"class_list":{"0":"post-261593","1":"product","2":"type-product","3":"status-publish","4":"has-post-thumbnail","6":"product_cat-outdoorausruestung","7":"product_shipping_class-global_methods","9":"first","10":"instock","11":"taxable","12":"shipping-taxable","13":"purchasable","14":"product-type-simple"},"yoast_head":"<!-- This site is optimized with the Yoast SEO plugin v27.3 - https:\/\/yoast.com\/product\/yoast-seo-wordpress\/ -->\n<title>Redcliffs Isolierflasche<\/title>\n<meta name=\"description\" content=\"Diese Vakuumflasche ist nicht nur funktional, sondern auch stilvoll und vielseitig einsetzbar. Sie eignet sich perfekt f\u00fcr Outdoor-Abenteuer, den t\u00e4glichen Gebr\" \/>\n<meta name=\"robots\" content=\"index, follow, max-snippet:-1, max-image-preview:large, max-video-preview:-1\" \/>\n<link rel=\"canonical\" href=\"https:\/\/schweizversand.ch\/en\/produkt\/redcliffs-isolierflasche-2\/\" \/>\n<meta property=\"og:locale\" content=\"en_US\" \/>\n<meta property=\"og:type\" content=\"article\" \/>\n<meta property=\"og:title\" content=\"Redcliffs Isolierflasche\" \/>\n<meta property=\"og:description\" content=\"Diese Vakuumflasche ist nicht nur funktional, sondern auch stilvoll und vielseitig einsetzbar. Sie eignet sich perfekt f\u00fcr Outdoor-Abenteuer, den t\u00e4glichen Gebr\" \/>\n<meta property=\"og:url\" content=\"https:\/\/schweizversand.ch\/en\/produkt\/redcliffs-isolierflasche-2\/\" \/>\n<meta property=\"og:site_name\" content=\"Schweizer Shop f\u00fcr Sport, Spiel und Freizeit\" \/>\n<meta property=\"article:publisher\" content=\"https:\/\/www.facebook.com\/Schweizversand\" \/>\n<meta property=\"article:modified_time\" content=\"2026-04-07T13:31:07+00:00\" \/>\n<meta name=\"twitter:card\" content=\"summary_large_image\" \/>\n<meta name=\"twitter:label1\" content=\"Est. reading time\" \/>\n\t<meta name=\"twitter:data1\" content=\"1 minute\" \/>\n<script type=\"application\/ld+json\" class=\"yoast-schema-graph\">{\"@context\":\"https:\\\/\\\/schema.org\",\"@graph\":[{\"@type\":\"WebPage\",\"@id\":\"https:\\\/\\\/schweizversand.ch\\\/en\\\/produkt\\\/redcliffs-isolierflasche-2\\\/\",\"url\":\"https:\\\/\\\/schweizversand.ch\\\/en\\\/produkt\\\/redcliffs-isolierflasche-2\\\/\",\"name\":\"Redcliffs Isolierflasche\",\"isPartOf\":{\"@id\":\"https:\\\/\\\/schweizversand.ch\\\/en\\\/#website\"},\"primaryImageOfPage\":{\"@id\":\"https:\\\/\\\/schweizversand.ch\\\/en\\\/produkt\\\/redcliffs-isolierflasche-2\\\/#primaryimage\"},\"image\":{\"@id\":\"https:\\\/\\\/schweizversand.ch\\\/en\\\/produkt\\\/redcliffs-isolierflasche-2\\\/#primaryimage\"},\"thumbnailUrl\":\"https:\\\/\\\/schweizversand.ch\\\/wp-content\\\/uploads\\\/2025\\\/12\\\/5471707715.jpg\",\"datePublished\":\"2026-04-01T00:00:16+00:00\",\"dateModified\":\"2026-04-07T13:31:07+00:00\",\"description\":\"Diese Vakuumflasche ist nicht nur funktional, sondern auch stilvoll und vielseitig einsetzbar. Sie eignet sich perfekt f\u00fcr Outdoor-Abenteuer, den t\u00e4glichen Gebr\",\"breadcrumb\":{\"@id\":\"https:\\\/\\\/schweizversand.ch\\\/en\\\/produkt\\\/redcliffs-isolierflasche-2\\\/#breadcrumb\"},\"inLanguage\":\"en-US\",\"potentialAction\":[{\"@type\":\"ReadAction\",\"target\":[\"https:\\\/\\\/schweizversand.ch\\\/en\\\/produkt\\\/redcliffs-isolierflasche-2\\\/\"]}]},{\"@type\":\"ImageObject\",\"inLanguage\":\"en-US\",\"@id\":\"https:\\\/\\\/schweizversand.ch\\\/en\\\/produkt\\\/redcliffs-isolierflasche-2\\\/#primaryimage\",\"url\":\"https:\\\/\\\/schweizversand.ch\\\/wp-content\\\/uploads\\\/2025\\\/12\\\/5471707715.jpg\",\"contentUrl\":\"https:\\\/\\\/schweizversand.ch\\\/wp-content\\\/uploads\\\/2025\\\/12\\\/5471707715.jpg\",\"width\":492,\"height\":1024},{\"@type\":\"BreadcrumbList\",\"@id\":\"https:\\\/\\\/schweizversand.ch\\\/en\\\/produkt\\\/redcliffs-isolierflasche-2\\\/#breadcrumb\",\"itemListElement\":[{\"@type\":\"ListItem\",\"position\":1,\"name\":\"Startseite\",\"item\":\"https:\\\/\\\/schweizversand.ch\\\/en\\\/\"},{\"@type\":\"ListItem\",\"position\":2,\"name\":\"Shop\",\"item\":\"https:\\\/\\\/schweizversand.ch\\\/en\\\/shop\\\/\"},{\"@type\":\"ListItem\",\"position\":3,\"name\":\"Redcliffs insulated bottle\"}]},{\"@type\":\"WebSite\",\"@id\":\"https:\\\/\\\/schweizversand.ch\\\/en\\\/#website\",\"url\":\"https:\\\/\\\/schweizversand.ch\\\/en\\\/\",\"name\":\"Schweizer Shop f\u00fcr Sport, Spiel und Freizeit\",\"description\":\"Gratisversand ab 50.- (netto), ab eigenem schweizer Lager, Lieferung innert 48h\",\"publisher\":{\"@id\":\"https:\\\/\\\/schweizversand.ch\\\/en\\\/#organization\"},\"alternateName\":\"Schweizversand.ch\",\"potentialAction\":[{\"@type\":\"SearchAction\",\"target\":{\"@type\":\"EntryPoint\",\"urlTemplate\":\"https:\\\/\\\/schweizversand.ch\\\/en\\\/?s={search_term_string}\"},\"query-input\":{\"@type\":\"PropertyValueSpecification\",\"valueRequired\":true,\"valueName\":\"search_term_string\"}}],\"inLanguage\":\"en-US\"},{\"@type\":\"Organization\",\"@id\":\"https:\\\/\\\/schweizversand.ch\\\/en\\\/#organization\",\"name\":\"Schweizversand.ch\",\"url\":\"https:\\\/\\\/schweizversand.ch\\\/en\\\/\",\"logo\":{\"@type\":\"ImageObject\",\"inLanguage\":\"en-US\",\"@id\":\"https:\\\/\\\/schweizversand.ch\\\/en\\\/#\\\/schema\\\/logo\\\/image\\\/\",\"url\":\"https:\\\/\\\/schweizversand.ch\\\/wp-content\\\/uploads\\\/2026\\\/03\\\/Logo_Rund_Final-1.png\",\"contentUrl\":\"https:\\\/\\\/schweizversand.ch\\\/wp-content\\\/uploads\\\/2026\\\/03\\\/Logo_Rund_Final-1.png\",\"width\":404,\"height\":404,\"caption\":\"Schweizversand.ch\"},\"image\":{\"@id\":\"https:\\\/\\\/schweizversand.ch\\\/en\\\/#\\\/schema\\\/logo\\\/image\\\/\"},\"sameAs\":[\"https:\\\/\\\/www.facebook.com\\\/Schweizversand\",\"https:\\\/\\\/www.instagram.com\\\/schweizversand.ch\\\/\"]}]}<\/script>\n<!-- \/ Yoast SEO plugin. -->","yoast_head_json":{"title":"Redcliffs Isolierflasche","description":"Diese Vakuumflasche ist nicht nur funktional, sondern auch stilvoll und vielseitig einsetzbar. Sie eignet sich perfekt f\u00fcr Outdoor-Abenteuer, den t\u00e4glichen Gebr","robots":{"index":"index","follow":"follow","max-snippet":"max-snippet:-1","max-image-preview":"max-image-preview:large","max-video-preview":"max-video-preview:-1"},"canonical":"https:\/\/schweizversand.ch\/en\/produkt\/redcliffs-isolierflasche-2\/","og_locale":"en_US","og_type":"article","og_title":"Redcliffs Isolierflasche","og_description":"Diese Vakuumflasche ist nicht nur funktional, sondern auch stilvoll und vielseitig einsetzbar. Sie eignet sich perfekt f\u00fcr Outdoor-Abenteuer, den t\u00e4glichen Gebr","og_url":"https:\/\/schweizversand.ch\/en\/produkt\/redcliffs-isolierflasche-2\/","og_site_name":"Schweizer Shop f\u00fcr Sport, Spiel und Freizeit","article_publisher":"https:\/\/www.facebook.com\/Schweizversand","article_modified_time":"2026-04-07T13:31:07+00:00","twitter_card":"summary_large_image","twitter_misc":{"Est. reading time":"1 minute"},"schema":{"@context":"https:\/\/schema.org","@graph":[{"@type":"WebPage","@id":"https:\/\/schweizversand.ch\/en\/produkt\/redcliffs-isolierflasche-2\/","url":"https:\/\/schweizversand.ch\/en\/produkt\/redcliffs-isolierflasche-2\/","name":"Redcliffs Isolierflasche","isPartOf":{"@id":"https:\/\/schweizversand.ch\/en\/#website"},"primaryImageOfPage":{"@id":"https:\/\/schweizversand.ch\/en\/produkt\/redcliffs-isolierflasche-2\/#primaryimage"},"image":{"@id":"https:\/\/schweizversand.ch\/en\/produkt\/redcliffs-isolierflasche-2\/#primaryimage"},"thumbnailUrl":"https:\/\/schweizversand.ch\/wp-content\/uploads\/2025\/12\/5471707715.jpg","datePublished":"2026-04-01T00:00:16+00:00","dateModified":"2026-04-07T13:31:07+00:00","description":"Diese Vakuumflasche ist nicht nur funktional, sondern auch stilvoll und vielseitig einsetzbar. Sie eignet sich perfekt f\u00fcr Outdoor-Abenteuer, den t\u00e4glichen Gebr","breadcrumb":{"@id":"https:\/\/schweizversand.ch\/en\/produkt\/redcliffs-isolierflasche-2\/#breadcrumb"},"inLanguage":"en-US","potentialAction":[{"@type":"ReadAction","target":["https:\/\/schweizversand.ch\/en\/produkt\/redcliffs-isolierflasche-2\/"]}]},{"@type":"ImageObject","inLanguage":"en-US","@id":"https:\/\/schweizversand.ch\/en\/produkt\/redcliffs-isolierflasche-2\/#primaryimage","url":"https:\/\/schweizversand.ch\/wp-content\/uploads\/2025\/12\/5471707715.jpg","contentUrl":"https:\/\/schweizversand.ch\/wp-content\/uploads\/2025\/12\/5471707715.jpg","width":492,"height":1024},{"@type":"BreadcrumbList","@id":"https:\/\/schweizversand.ch\/en\/produkt\/redcliffs-isolierflasche-2\/#breadcrumb","itemListElement":[{"@type":"ListItem","position":1,"name":"Startseite","item":"https:\/\/schweizversand.ch\/en\/"},{"@type":"ListItem","position":2,"name":"Shop","item":"https:\/\/schweizversand.ch\/en\/shop\/"},{"@type":"ListItem","position":3,"name":"Redcliffs insulated bottle"}]},{"@type":"WebSite","@id":"https:\/\/schweizversand.ch\/en\/#website","url":"https:\/\/schweizversand.ch\/en\/","name":"Schweizer Shop f\u00fcr Sport, Spiel und Freizeit","description":"Gratisversand ab 50.- (netto), ab eigenem schweizer Lager, Lieferung innert 48h","publisher":{"@id":"https:\/\/schweizversand.ch\/en\/#organization"},"alternateName":"Schweizversand.ch","potentialAction":[{"@type":"SearchAction","target":{"@type":"EntryPoint","urlTemplate":"https:\/\/schweizversand.ch\/en\/?s={search_term_string}"},"query-input":{"@type":"PropertyValueSpecification","valueRequired":true,"valueName":"search_term_string"}}],"inLanguage":"en-US"},{"@type":"Organization","@id":"https:\/\/schweizversand.ch\/en\/#organization","name":"Schweizversand.ch","url":"https:\/\/schweizversand.ch\/en\/","logo":{"@type":"ImageObject","inLanguage":"en-US","@id":"https:\/\/schweizversand.ch\/en\/#\/schema\/logo\/image\/","url":"https:\/\/schweizversand.ch\/wp-content\/uploads\/2026\/03\/Logo_Rund_Final-1.png","contentUrl":"https:\/\/schweizversand.ch\/wp-content\/uploads\/2026\/03\/Logo_Rund_Final-1.png","width":404,"height":404,"caption":"Schweizversand.ch"},"image":{"@id":"https:\/\/schweizversand.ch\/en\/#\/schema\/logo\/image\/"},"sameAs":["https:\/\/www.facebook.com\/Schweizversand","https:\/\/www.instagram.com\/schweizversand.ch\/"]}]}},"jetpack_sharing_enabled":true,"_links":{"self":[{"href":"https:\/\/schweizversand.ch\/en\/wp-json\/wp\/v2\/product\/261593","targetHints":{"allow":["GET"]}}],"collection":[{"href":"https:\/\/schweizversand.ch\/en\/wp-json\/wp\/v2\/product"}],"about":[{"href":"https:\/\/schweizversand.ch\/en\/wp-json\/wp\/v2\/types\/product"}],"replies":[{"embeddable":true,"href":"https:\/\/schweizversand.ch\/en\/wp-json\/wp\/v2\/comments?post=261593"}],"wp:featuredmedia":[{"embeddable":true,"href":"https:\/\/schweizversand.ch\/en\/wp-json\/wp\/v2\/media\/27305"}],"wp:attachment":[{"href":"https:\/\/schweizversand.ch\/en\/wp-json\/wp\/v2\/media?parent=261593"}],"wp:term":[{"taxonomy":"product_brand","embeddable":true,"href":"https:\/\/schweizversand.ch\/en\/wp-json\/wp\/v2\/product_brand?post=261593"},{"taxonomy":"product_cat","embeddable":true,"href":"https:\/\/schweizversand.ch\/en\/wp-json\/wp\/v2\/product_cat?post=261593"},{"taxonomy":"product_tag","embeddable":true,"href":"https:\/\/schweizversand.ch\/en\/wp-json\/wp\/v2\/product_tag?post=261593"}],"curies":[{"name":"wp","href":"https:\/\/api.w.org\/{rel}","templated":true}]}}