{"id":261600,"date":"2026-04-01T02:00:18","date_gmt":"2026-04-01T00:00:18","guid":{"rendered":"https:\/\/schweizversand.ch\/produkt\/champ-moskitonetz\/"},"modified":"2026-04-16T02:00:22","modified_gmt":"2026-04-16T00:00:22","slug":"champ-moskitonetz","status":"publish","type":"product","link":"https:\/\/schweizversand.ch\/en\/produkt\/champ-moskitonetz\/","title":{"rendered":"CHAMP mosquito net"},"content":{"rendered":"<h1><strong>Mosquito net for 1 person \u2013 Optimal insect protection<\/strong><\/h1>\n<div>Say goodbye to restless nights and enjoy <strong>undisturbed sleep<\/strong>, protected from annoying insects. This high-quality mosquito net for 1 person offers you an effective barrier against mosquitoes, flies, and other pests, whether at home or traveling.<\/p>\n<\/div>\n<div><strong>Your advantage: Maximum protection and comfort<\/strong><br \/>This <strong>single bed mosquito net<\/strong> is specially designed to offer you a safe haven. The fine <strong>mosquito net nylon<\/strong> fabric reliably keeps pests out, while the hooded shape ensures generous coverage. Thanks to its simple installation, the mosquito net is ready for use in no time. Ideal for travel and home use. As a lightweight travel mosquito net, it&#8217;s the perfect companion for on the go. It provides reliable insect protection for your bed and ensures you get the rest you deserve, wherever you are. Its robust construction and light weight make it an indispensable accessory for anyone who values \u200b\u200bhygienic and undisturbed sleep.<\/p>\n<\/div>\n<div><strong>Product Features and Specifications<\/strong><br \/>&#8211; Mosquito net for 1 person (hooded)<br \/>&#8211; Material: High-quality nylon fabric<br \/>&#8211; Mesh size: 12 holes\/cm\u00b2 (effective protection)<br \/>&#8211; Attachment: Robust metal ring<br \/>&#8211; Color: Off-white<br \/>&#8211; Weight: 177 grams (extremely lightweight)<\/p>\n<\/div>\n<div><strong>Dimensions<\/strong><br \/>&#8211; Height: 230 cm<br \/>&#8211; Diameter at top: 37 cm<br \/>&#8211; Diameter at bottom: 650 cm<br \/>&#8211; Size (unstretched): 230 x 960 cm<\/p>\n<\/div>\n<div>Get this practical mosquito net now and experience the difference a truly effective one makes. undisturbed sleep is what it is.<\/p>\n<\/div>\n<div><\/div>\n","protected":false},"excerpt":{"rendered":"<p>CHAMP Moskitonetz sch\u00fctzt Sie zuverl\u00e4ssig vor M\u00fccken und Insekten. Leicht, schnell montiert und ideal f\u00fcr Zuhause und Reisen \u2013 f\u00fcr erholsamen, ungest\u00f6rten Schlaf.<\/p>\n","protected":false},"featured_media":157055,"comment_status":"open","ping_status":"closed","template":"","meta":[],"product_brand":[],"product_cat":[39180],"product_tag":[],"class_list":{"0":"post-261600","1":"product","2":"type-product","3":"status-publish","4":"has-post-thumbnail","6":"product_cat-insektenschutz","7":"product_shipping_class-global_methods","9":"first","10":"instock","11":"taxable","12":"shipping-taxable","13":"purchasable","14":"product-type-simple"},"yoast_head":"<!-- This site is optimized with the Yoast SEO plugin v27.4 - https:\/\/yoast.com\/product\/yoast-seo-wordpress\/ -->\n<title>CHAMP Moskitonetz<\/title>\n<meta name=\"description\" content=\"Moskitonetz f\u00fcr 1 Person \u2013 Optimaler Insektenschutz Verabschieden Sie sich von unruhigen N\u00e4chten und geniessen Sie ungest\u00f6rten Schlaf , gesch\u00fctzt vor l\u00e4stigen I\" \/>\n<meta name=\"robots\" content=\"index, follow, max-snippet:-1, max-image-preview:large, max-video-preview:-1\" \/>\n<link rel=\"canonical\" href=\"https:\/\/schweizversand.ch\/en\/produkt\/champ-moskitonetz\/\" \/>\n<meta property=\"og:locale\" content=\"en_US\" \/>\n<meta property=\"og:type\" content=\"article\" \/>\n<meta property=\"og:title\" content=\"CHAMP Moskitonetz\" \/>\n<meta property=\"og:description\" content=\"Moskitonetz f\u00fcr 1 Person \u2013 Optimaler Insektenschutz Verabschieden Sie sich von unruhigen N\u00e4chten und geniessen Sie ungest\u00f6rten Schlaf , gesch\u00fctzt vor l\u00e4stigen I\" \/>\n<meta property=\"og:url\" content=\"https:\/\/schweizversand.ch\/en\/produkt\/champ-moskitonetz\/\" \/>\n<meta property=\"og:site_name\" content=\"Schweizer Shop f\u00fcr Sport, Spiel und Freizeit\" \/>\n<meta property=\"article:publisher\" content=\"https:\/\/www.facebook.com\/Schweizversand\" \/>\n<meta property=\"article:modified_time\" content=\"2026-04-16T00:00:22+00:00\" \/>\n<meta property=\"og:image\" content=\"https:\/\/schweizversand.ch\/wp-content\/uploads\/2026\/02\/5488682100.jpg\" \/>\n\t<meta property=\"og:image:width\" content=\"1024\" \/>\n\t<meta property=\"og:image:height\" content=\"684\" \/>\n\t<meta property=\"og:image:type\" content=\"image\/jpeg\" \/>\n<meta name=\"twitter:card\" content=\"summary_large_image\" \/>\n<meta name=\"twitter:label1\" content=\"Est. reading time\" \/>\n\t<meta name=\"twitter:data1\" content=\"1 minute\" \/>\n<script type=\"application\/ld+json\" class=\"yoast-schema-graph\">{\"@context\":\"https:\\\/\\\/schema.org\",\"@graph\":[{\"@type\":\"WebPage\",\"@id\":\"https:\\\/\\\/schweizversand.ch\\\/en\\\/produkt\\\/champ-moskitonetz\\\/\",\"url\":\"https:\\\/\\\/schweizversand.ch\\\/en\\\/produkt\\\/champ-moskitonetz\\\/\",\"name\":\"CHAMP Moskitonetz\",\"isPartOf\":{\"@id\":\"https:\\\/\\\/schweizversand.ch\\\/en\\\/#website\"},\"primaryImageOfPage\":{\"@id\":\"https:\\\/\\\/schweizversand.ch\\\/en\\\/produkt\\\/champ-moskitonetz\\\/#primaryimage\"},\"image\":{\"@id\":\"https:\\\/\\\/schweizversand.ch\\\/en\\\/produkt\\\/champ-moskitonetz\\\/#primaryimage\"},\"thumbnailUrl\":\"https:\\\/\\\/schweizversand.ch\\\/wp-content\\\/uploads\\\/2026\\\/02\\\/5488682100.jpg\",\"datePublished\":\"2026-04-01T00:00:18+00:00\",\"dateModified\":\"2026-04-16T00:00:22+00:00\",\"description\":\"Moskitonetz f\u00fcr 1 Person \u2013 Optimaler Insektenschutz Verabschieden Sie sich von unruhigen N\u00e4chten und geniessen Sie ungest\u00f6rten Schlaf , gesch\u00fctzt vor l\u00e4stigen I\",\"breadcrumb\":{\"@id\":\"https:\\\/\\\/schweizversand.ch\\\/en\\\/produkt\\\/champ-moskitonetz\\\/#breadcrumb\"},\"inLanguage\":\"en-US\",\"potentialAction\":[{\"@type\":\"ReadAction\",\"target\":[\"https:\\\/\\\/schweizversand.ch\\\/en\\\/produkt\\\/champ-moskitonetz\\\/\"]}]},{\"@type\":\"ImageObject\",\"inLanguage\":\"en-US\",\"@id\":\"https:\\\/\\\/schweizversand.ch\\\/en\\\/produkt\\\/champ-moskitonetz\\\/#primaryimage\",\"url\":\"https:\\\/\\\/schweizversand.ch\\\/wp-content\\\/uploads\\\/2026\\\/02\\\/5488682100.jpg\",\"contentUrl\":\"https:\\\/\\\/schweizversand.ch\\\/wp-content\\\/uploads\\\/2026\\\/02\\\/5488682100.jpg\",\"width\":1024,\"height\":684},{\"@type\":\"BreadcrumbList\",\"@id\":\"https:\\\/\\\/schweizversand.ch\\\/en\\\/produkt\\\/champ-moskitonetz\\\/#breadcrumb\",\"itemListElement\":[{\"@type\":\"ListItem\",\"position\":1,\"name\":\"Startseite\",\"item\":\"https:\\\/\\\/schweizversand.ch\\\/en\\\/\"},{\"@type\":\"ListItem\",\"position\":2,\"name\":\"Shop\",\"item\":\"https:\\\/\\\/schweizversand.ch\\\/en\\\/shop\\\/\"},{\"@type\":\"ListItem\",\"position\":3,\"name\":\"Home &amp; Garden\",\"item\":\"https:\\\/\\\/schweizversand.ch\\\/en\\\/produkt-kategorie\\\/home-garden\\\/\"},{\"@type\":\"ListItem\",\"position\":4,\"name\":\"Horticulture &amp; Technology\",\"item\":\"https:\\\/\\\/schweizversand.ch\\\/en\\\/produkt-kategorie\\\/home-garden\\\/horticulture-technology\\\/\"},{\"@type\":\"ListItem\",\"position\":5,\"name\":\"Insektenschutz\",\"item\":\"https:\\\/\\\/schweizversand.ch\\\/en\\\/produkt-kategorie\\\/home-garden\\\/horticulture-technology\\\/insektenschutz\\\/\"},{\"@type\":\"ListItem\",\"position\":6,\"name\":\"CHAMP mosquito net\"}]},{\"@type\":\"WebSite\",\"@id\":\"https:\\\/\\\/schweizversand.ch\\\/en\\\/#website\",\"url\":\"https:\\\/\\\/schweizversand.ch\\\/en\\\/\",\"name\":\"Schweizer Shop f\u00fcr Sport, Spiel und Freizeit\",\"description\":\"Gratisversand ab 50.- (netto), ab eigenem schweizer Lager, Lieferung innert 48h\",\"publisher\":{\"@id\":\"https:\\\/\\\/schweizversand.ch\\\/en\\\/#organization\"},\"alternateName\":\"Schweizversand.ch\",\"potentialAction\":[{\"@type\":\"SearchAction\",\"target\":{\"@type\":\"EntryPoint\",\"urlTemplate\":\"https:\\\/\\\/schweizversand.ch\\\/en\\\/?s={search_term_string}\"},\"query-input\":{\"@type\":\"PropertyValueSpecification\",\"valueRequired\":true,\"valueName\":\"search_term_string\"}}],\"inLanguage\":\"en-US\"},{\"@type\":\"Organization\",\"@id\":\"https:\\\/\\\/schweizversand.ch\\\/en\\\/#organization\",\"name\":\"Schweizversand.ch\",\"url\":\"https:\\\/\\\/schweizversand.ch\\\/en\\\/\",\"logo\":{\"@type\":\"ImageObject\",\"inLanguage\":\"en-US\",\"@id\":\"https:\\\/\\\/schweizversand.ch\\\/en\\\/#\\\/schema\\\/logo\\\/image\\\/\",\"url\":\"https:\\\/\\\/schweizversand.ch\\\/wp-content\\\/uploads\\\/2026\\\/03\\\/Logo_Rund_Final-1.png\",\"contentUrl\":\"https:\\\/\\\/schweizversand.ch\\\/wp-content\\\/uploads\\\/2026\\\/03\\\/Logo_Rund_Final-1.png\",\"width\":404,\"height\":404,\"caption\":\"Schweizversand.ch\"},\"image\":{\"@id\":\"https:\\\/\\\/schweizversand.ch\\\/en\\\/#\\\/schema\\\/logo\\\/image\\\/\"},\"sameAs\":[\"https:\\\/\\\/www.facebook.com\\\/Schweizversand\",\"https:\\\/\\\/www.instagram.com\\\/schweizversand.ch\\\/\"]}]}<\/script>\n<!-- \/ Yoast SEO plugin. -->","yoast_head_json":{"title":"CHAMP Moskitonetz","description":"Moskitonetz f\u00fcr 1 Person \u2013 Optimaler Insektenschutz Verabschieden Sie sich von unruhigen N\u00e4chten und geniessen Sie ungest\u00f6rten Schlaf , gesch\u00fctzt vor l\u00e4stigen I","robots":{"index":"index","follow":"follow","max-snippet":"max-snippet:-1","max-image-preview":"max-image-preview:large","max-video-preview":"max-video-preview:-1"},"canonical":"https:\/\/schweizversand.ch\/en\/produkt\/champ-moskitonetz\/","og_locale":"en_US","og_type":"article","og_title":"CHAMP Moskitonetz","og_description":"Moskitonetz f\u00fcr 1 Person \u2013 Optimaler Insektenschutz Verabschieden Sie sich von unruhigen N\u00e4chten und geniessen Sie ungest\u00f6rten Schlaf , gesch\u00fctzt vor l\u00e4stigen I","og_url":"https:\/\/schweizversand.ch\/en\/produkt\/champ-moskitonetz\/","og_site_name":"Schweizer Shop f\u00fcr Sport, Spiel und Freizeit","article_publisher":"https:\/\/www.facebook.com\/Schweizversand","article_modified_time":"2026-04-16T00:00:22+00:00","og_image":[{"width":1024,"height":684,"url":"https:\/\/schweizversand.ch\/wp-content\/uploads\/2026\/02\/5488682100.jpg","type":"image\/jpeg"}],"twitter_card":"summary_large_image","twitter_misc":{"Est. reading time":"1 minute"},"schema":{"@context":"https:\/\/schema.org","@graph":[{"@type":"WebPage","@id":"https:\/\/schweizversand.ch\/en\/produkt\/champ-moskitonetz\/","url":"https:\/\/schweizversand.ch\/en\/produkt\/champ-moskitonetz\/","name":"CHAMP Moskitonetz","isPartOf":{"@id":"https:\/\/schweizversand.ch\/en\/#website"},"primaryImageOfPage":{"@id":"https:\/\/schweizversand.ch\/en\/produkt\/champ-moskitonetz\/#primaryimage"},"image":{"@id":"https:\/\/schweizversand.ch\/en\/produkt\/champ-moskitonetz\/#primaryimage"},"thumbnailUrl":"https:\/\/schweizversand.ch\/wp-content\/uploads\/2026\/02\/5488682100.jpg","datePublished":"2026-04-01T00:00:18+00:00","dateModified":"2026-04-16T00:00:22+00:00","description":"Moskitonetz f\u00fcr 1 Person \u2013 Optimaler Insektenschutz Verabschieden Sie sich von unruhigen N\u00e4chten und geniessen Sie ungest\u00f6rten Schlaf , gesch\u00fctzt vor l\u00e4stigen I","breadcrumb":{"@id":"https:\/\/schweizversand.ch\/en\/produkt\/champ-moskitonetz\/#breadcrumb"},"inLanguage":"en-US","potentialAction":[{"@type":"ReadAction","target":["https:\/\/schweizversand.ch\/en\/produkt\/champ-moskitonetz\/"]}]},{"@type":"ImageObject","inLanguage":"en-US","@id":"https:\/\/schweizversand.ch\/en\/produkt\/champ-moskitonetz\/#primaryimage","url":"https:\/\/schweizversand.ch\/wp-content\/uploads\/2026\/02\/5488682100.jpg","contentUrl":"https:\/\/schweizversand.ch\/wp-content\/uploads\/2026\/02\/5488682100.jpg","width":1024,"height":684},{"@type":"BreadcrumbList","@id":"https:\/\/schweizversand.ch\/en\/produkt\/champ-moskitonetz\/#breadcrumb","itemListElement":[{"@type":"ListItem","position":1,"name":"Startseite","item":"https:\/\/schweizversand.ch\/en\/"},{"@type":"ListItem","position":2,"name":"Shop","item":"https:\/\/schweizversand.ch\/en\/shop\/"},{"@type":"ListItem","position":3,"name":"Home &amp; Garden","item":"https:\/\/schweizversand.ch\/en\/produkt-kategorie\/home-garden\/"},{"@type":"ListItem","position":4,"name":"Horticulture &amp; Technology","item":"https:\/\/schweizversand.ch\/en\/produkt-kategorie\/home-garden\/horticulture-technology\/"},{"@type":"ListItem","position":5,"name":"Insektenschutz","item":"https:\/\/schweizversand.ch\/en\/produkt-kategorie\/home-garden\/horticulture-technology\/insektenschutz\/"},{"@type":"ListItem","position":6,"name":"CHAMP mosquito net"}]},{"@type":"WebSite","@id":"https:\/\/schweizversand.ch\/en\/#website","url":"https:\/\/schweizversand.ch\/en\/","name":"Schweizer Shop f\u00fcr Sport, Spiel und Freizeit","description":"Gratisversand ab 50.- (netto), ab eigenem schweizer Lager, Lieferung innert 48h","publisher":{"@id":"https:\/\/schweizversand.ch\/en\/#organization"},"alternateName":"Schweizversand.ch","potentialAction":[{"@type":"SearchAction","target":{"@type":"EntryPoint","urlTemplate":"https:\/\/schweizversand.ch\/en\/?s={search_term_string}"},"query-input":{"@type":"PropertyValueSpecification","valueRequired":true,"valueName":"search_term_string"}}],"inLanguage":"en-US"},{"@type":"Organization","@id":"https:\/\/schweizversand.ch\/en\/#organization","name":"Schweizversand.ch","url":"https:\/\/schweizversand.ch\/en\/","logo":{"@type":"ImageObject","inLanguage":"en-US","@id":"https:\/\/schweizversand.ch\/en\/#\/schema\/logo\/image\/","url":"https:\/\/schweizversand.ch\/wp-content\/uploads\/2026\/03\/Logo_Rund_Final-1.png","contentUrl":"https:\/\/schweizversand.ch\/wp-content\/uploads\/2026\/03\/Logo_Rund_Final-1.png","width":404,"height":404,"caption":"Schweizversand.ch"},"image":{"@id":"https:\/\/schweizversand.ch\/en\/#\/schema\/logo\/image\/"},"sameAs":["https:\/\/www.facebook.com\/Schweizversand","https:\/\/www.instagram.com\/schweizversand.ch\/"]}]}},"jetpack_sharing_enabled":true,"_links":{"self":[{"href":"https:\/\/schweizversand.ch\/en\/wp-json\/wp\/v2\/product\/261600","targetHints":{"allow":["GET"]}}],"collection":[{"href":"https:\/\/schweizversand.ch\/en\/wp-json\/wp\/v2\/product"}],"about":[{"href":"https:\/\/schweizversand.ch\/en\/wp-json\/wp\/v2\/types\/product"}],"replies":[{"embeddable":true,"href":"https:\/\/schweizversand.ch\/en\/wp-json\/wp\/v2\/comments?post=261600"}],"wp:featuredmedia":[{"embeddable":true,"href":"https:\/\/schweizversand.ch\/en\/wp-json\/wp\/v2\/media\/157055"}],"wp:attachment":[{"href":"https:\/\/schweizversand.ch\/en\/wp-json\/wp\/v2\/media?parent=261600"}],"wp:term":[{"taxonomy":"product_brand","embeddable":true,"href":"https:\/\/schweizversand.ch\/en\/wp-json\/wp\/v2\/product_brand?post=261600"},{"taxonomy":"product_cat","embeddable":true,"href":"https:\/\/schweizversand.ch\/en\/wp-json\/wp\/v2\/product_cat?post=261600"},{"taxonomy":"product_tag","embeddable":true,"href":"https:\/\/schweizversand.ch\/en\/wp-json\/wp\/v2\/product_tag?post=261600"}],"curies":[{"name":"wp","href":"https:\/\/api.w.org\/{rel}","templated":true}]}}