{"id":261602,"date":"2026-04-01T02:00:19","date_gmt":"2026-04-01T00:00:19","guid":{"rendered":"https:\/\/schweizversand.ch\/produkt\/pure2improve-handgelenk-daumenstuetze\/"},"modified":"2026-05-02T02:06:34","modified_gmt":"2026-05-02T00:06:34","slug":"pure2improve-handgelenk-daumenstuetze","status":"publish","type":"product","link":"https:\/\/schweizversand.ch\/en\/produkt\/pure2improve-handgelenk-daumenstuetze\/","title":{"rendered":"Pure2improve Handgelenk-Daumenst\u00fctze"},"content":{"rendered":"<h1><strong>Handgelenk-Daumenst\u00fctze aus Neopren<\/strong><\/h1>\n<div>Diese hochwertige <strong>Handgelenk-Daumenst\u00fctze<\/strong> wurde entwickelt, um Ihrem Handgelenk und Daumen optimalen, leichten Halt zu bieten. Sie ist die ideale <strong>Daumenbandage<\/strong> zur Stabilisierung und Unterst\u00fctzung im Alltag sowie bei sportlichen Aktivit\u00e4ten.<\/p>\n<\/div>\n<div><strong>Ihr Vorteil: Schutz und Regeneration<\/strong><br \/>Die Bandage stabilisiert gezielt das Gelenk und reduziert dadurch das Risiko von erneuten Verletzungen. Gleichzeitig unterst\u00fctzt sie die Erholungsphase einer bestehenden <strong>Daumen Verletzung<\/strong>, indem sie die betroffene Region schont und ruhigstellt.<\/p>\n<\/div>\n<div><strong>Material und Tragekomfort<\/strong><br \/>Dank des hochwertigen Neoprens bietet diese <strong>Handgelenkbandage<\/strong> nicht nur Stabilit\u00e4t, sondern auch einen angenehmen W\u00e4rmeeffekt. Dieser thermische Effekt verhindert das schnelle Ausk\u00fchlen des Gelenks und f\u00f6rdert die Durchblutung \u2013 ein wichtiger Faktor f\u00fcr eine schnelle Genesung. Die <strong>Neopren Bandage<\/strong> gew\u00e4hrleistet eine komfortable und effektive <strong>Handgelenkstabilisierung<\/strong>.<\/p>\n<\/div>\n<div><strong>Produkteigenschaften<\/strong><br \/>&#8211; Bietet leichten Halt f\u00fcr Handgelenk und Daumen<br \/>&#8211; Reduziert das Risiko neuer Verletzungen<br \/>&#8211; Unterst\u00fctzt die Regeneration bei bestehenden Verletzungen<br \/>&#8211; W\u00e4rmeeffekt durch Neopren-Material<br \/>&#8211; Angenehmer Tragekomfort<\/p>\n<\/div>\n<div>Sichern Sie sich jetzt diese effektive St\u00fctze, um Ihren Daumen und Ihr Handgelenk optimal zu sch\u00fctzen und Ihre Mobilit\u00e4t schnellstm\u00f6glich wiederherzustellen.<\/p>\n<\/div>\n<div>\n<\/div>\n","protected":false},"excerpt":{"rendered":"<p>Pure2improve Handgelenk-Daumenst\u00fctze bietet stabilen Halt und angenehme W\u00e4rme f\u00fcr Schutz und Regeneration \u2013 ideal f\u00fcr Alltag und Sport bei Daumenverletzungen.<\/p>\n","protected":false},"featured_media":261953,"comment_status":"open","ping_status":"closed","template":"","meta":[],"product_brand":[],"product_cat":[38251],"product_tag":[],"class_list":{"0":"post-261602","1":"product","2":"type-product","3":"status-publish","4":"has-post-thumbnail","6":"product_cat-stuetzen-bandagen","7":"product_shipping_class-global_methods","9":"first","10":"instock","11":"taxable","12":"shipping-taxable","13":"purchasable","14":"product-type-simple"},"yoast_head":"<!-- This site is optimized with the Yoast SEO plugin v27.5 - https:\/\/yoast.com\/product\/yoast-seo-wordpress\/ -->\n<title>Pure2improve Handgelenk-Daumenst\u00fctze<\/title>\n<meta name=\"description\" content=\"Handgelenk-Daumenst\u00fctze aus Neopren Diese hochwertige Handgelenk-Daumenst\u00fctze wurde entwickelt, um Ihrem Handgelenk und Daumen optimalen, leichten Halt zu biete\" \/>\n<meta name=\"robots\" content=\"index, follow, max-snippet:-1, max-image-preview:large, max-video-preview:-1\" \/>\n<link rel=\"canonical\" href=\"https:\/\/schweizversand.ch\/en\/produkt\/pure2improve-handgelenk-daumenstuetze\/\" \/>\n<meta property=\"og:locale\" content=\"en_US\" \/>\n<meta property=\"og:type\" content=\"article\" \/>\n<meta property=\"og:title\" content=\"Pure2improve Handgelenk-Daumenst\u00fctze\" \/>\n<meta property=\"og:description\" content=\"Handgelenk-Daumenst\u00fctze aus Neopren Diese hochwertige Handgelenk-Daumenst\u00fctze wurde entwickelt, um Ihrem Handgelenk und Daumen optimalen, leichten Halt zu biete\" \/>\n<meta property=\"og:url\" content=\"https:\/\/schweizversand.ch\/en\/produkt\/pure2improve-handgelenk-daumenstuetze\/\" \/>\n<meta property=\"og:site_name\" content=\"Schweizer Shop f\u00fcr Sport, Spiel und Freizeit\" \/>\n<meta property=\"article:publisher\" content=\"https:\/\/www.facebook.com\/Schweizversand\" \/>\n<meta property=\"article:modified_time\" content=\"2026-05-02T00:06:34+00:00\" \/>\n<meta property=\"og:image\" content=\"https:\/\/schweizversand.ch\/wp-content\/uploads\/2026\/04\/5471629840.jpg\" \/>\n\t<meta property=\"og:image:width\" content=\"1024\" \/>\n\t<meta property=\"og:image:height\" content=\"1024\" \/>\n\t<meta property=\"og:image:type\" content=\"image\/jpeg\" \/>\n<meta name=\"twitter:card\" content=\"summary_large_image\" \/>\n<meta name=\"twitter:label1\" content=\"Est. reading time\" \/>\n\t<meta name=\"twitter:data1\" content=\"1 minute\" \/>\n<script type=\"application\/ld+json\" class=\"yoast-schema-graph\">{\"@context\":\"https:\\\/\\\/schema.org\",\"@graph\":[{\"@type\":\"WebPage\",\"@id\":\"https:\\\/\\\/schweizversand.ch\\\/en\\\/produkt\\\/pure2improve-handgelenk-daumenstuetze\\\/\",\"url\":\"https:\\\/\\\/schweizversand.ch\\\/en\\\/produkt\\\/pure2improve-handgelenk-daumenstuetze\\\/\",\"name\":\"Pure2improve Handgelenk-Daumenst\u00fctze\",\"isPartOf\":{\"@id\":\"https:\\\/\\\/schweizversand.ch\\\/en\\\/#website\"},\"primaryImageOfPage\":{\"@id\":\"https:\\\/\\\/schweizversand.ch\\\/en\\\/produkt\\\/pure2improve-handgelenk-daumenstuetze\\\/#primaryimage\"},\"image\":{\"@id\":\"https:\\\/\\\/schweizversand.ch\\\/en\\\/produkt\\\/pure2improve-handgelenk-daumenstuetze\\\/#primaryimage\"},\"thumbnailUrl\":\"https:\\\/\\\/schweizversand.ch\\\/wp-content\\\/uploads\\\/2026\\\/04\\\/5471629840.jpg\",\"datePublished\":\"2026-04-01T00:00:19+00:00\",\"dateModified\":\"2026-05-02T00:06:34+00:00\",\"description\":\"Handgelenk-Daumenst\u00fctze aus Neopren Diese hochwertige Handgelenk-Daumenst\u00fctze wurde entwickelt, um Ihrem Handgelenk und Daumen optimalen, leichten Halt zu biete\",\"breadcrumb\":{\"@id\":\"https:\\\/\\\/schweizversand.ch\\\/en\\\/produkt\\\/pure2improve-handgelenk-daumenstuetze\\\/#breadcrumb\"},\"inLanguage\":\"en-US\",\"potentialAction\":[{\"@type\":\"ReadAction\",\"target\":[\"https:\\\/\\\/schweizversand.ch\\\/en\\\/produkt\\\/pure2improve-handgelenk-daumenstuetze\\\/\"]}]},{\"@type\":\"ImageObject\",\"inLanguage\":\"en-US\",\"@id\":\"https:\\\/\\\/schweizversand.ch\\\/en\\\/produkt\\\/pure2improve-handgelenk-daumenstuetze\\\/#primaryimage\",\"url\":\"https:\\\/\\\/schweizversand.ch\\\/wp-content\\\/uploads\\\/2026\\\/04\\\/5471629840.jpg\",\"contentUrl\":\"https:\\\/\\\/schweizversand.ch\\\/wp-content\\\/uploads\\\/2026\\\/04\\\/5471629840.jpg\",\"width\":1024,\"height\":1024},{\"@type\":\"BreadcrumbList\",\"@id\":\"https:\\\/\\\/schweizversand.ch\\\/en\\\/produkt\\\/pure2improve-handgelenk-daumenstuetze\\\/#breadcrumb\",\"itemListElement\":[{\"@type\":\"ListItem\",\"position\":1,\"name\":\"Startseite\",\"item\":\"https:\\\/\\\/schweizversand.ch\\\/en\\\/\"},{\"@type\":\"ListItem\",\"position\":2,\"name\":\"Shop\",\"item\":\"https:\\\/\\\/schweizversand.ch\\\/en\\\/shop\\\/\"},{\"@type\":\"ListItem\",\"position\":3,\"name\":\"Beauty &amp; Health\",\"item\":\"https:\\\/\\\/schweizversand.ch\\\/en\\\/produkt-kategorie\\\/beauty-health\\\/\"},{\"@type\":\"ListItem\",\"position\":4,\"name\":\"Health\",\"item\":\"https:\\\/\\\/schweizversand.ch\\\/en\\\/produkt-kategorie\\\/beauty-health\\\/health\\\/\"},{\"@type\":\"ListItem\",\"position\":5,\"name\":\"Supports &amp; Bandages\",\"item\":\"https:\\\/\\\/schweizversand.ch\\\/en\\\/produkt-kategorie\\\/beauty-health\\\/health\\\/stuetzen-bandagen\\\/\"},{\"@type\":\"ListItem\",\"position\":6,\"name\":\"Pure2improve Wrist and Thumb Support\"}]},{\"@type\":\"WebSite\",\"@id\":\"https:\\\/\\\/schweizversand.ch\\\/en\\\/#website\",\"url\":\"https:\\\/\\\/schweizversand.ch\\\/en\\\/\",\"name\":\"Schweizer Shop f\u00fcr Sport, Spiel und Freizeit\",\"description\":\"Gratisversand ab 50.- (netto), ab eigenem schweizer Lager, Lieferung innert 48h\",\"publisher\":{\"@id\":\"https:\\\/\\\/schweizversand.ch\\\/en\\\/#organization\"},\"alternateName\":\"Schweizversand.ch\",\"potentialAction\":[{\"@type\":\"SearchAction\",\"target\":{\"@type\":\"EntryPoint\",\"urlTemplate\":\"https:\\\/\\\/schweizversand.ch\\\/en\\\/?s={search_term_string}\"},\"query-input\":{\"@type\":\"PropertyValueSpecification\",\"valueRequired\":true,\"valueName\":\"search_term_string\"}}],\"inLanguage\":\"en-US\"},{\"@type\":\"Organization\",\"@id\":\"https:\\\/\\\/schweizversand.ch\\\/en\\\/#organization\",\"name\":\"Schweizversand.ch\",\"url\":\"https:\\\/\\\/schweizversand.ch\\\/en\\\/\",\"logo\":{\"@type\":\"ImageObject\",\"inLanguage\":\"en-US\",\"@id\":\"https:\\\/\\\/schweizversand.ch\\\/en\\\/#\\\/schema\\\/logo\\\/image\\\/\",\"url\":\"https:\\\/\\\/schweizversand.ch\\\/wp-content\\\/uploads\\\/2026\\\/03\\\/Logo_Rund_Final-1.png\",\"contentUrl\":\"https:\\\/\\\/schweizversand.ch\\\/wp-content\\\/uploads\\\/2026\\\/03\\\/Logo_Rund_Final-1.png\",\"width\":404,\"height\":404,\"caption\":\"Schweizversand.ch\"},\"image\":{\"@id\":\"https:\\\/\\\/schweizversand.ch\\\/en\\\/#\\\/schema\\\/logo\\\/image\\\/\"},\"sameAs\":[\"https:\\\/\\\/www.facebook.com\\\/Schweizversand\",\"https:\\\/\\\/www.instagram.com\\\/schweizversand.ch\\\/\"]}]}<\/script>\n<!-- \/ Yoast SEO plugin. -->","yoast_head_json":{"title":"Pure2improve Handgelenk-Daumenst\u00fctze","description":"Handgelenk-Daumenst\u00fctze aus Neopren Diese hochwertige Handgelenk-Daumenst\u00fctze wurde entwickelt, um Ihrem Handgelenk und Daumen optimalen, leichten Halt zu biete","robots":{"index":"index","follow":"follow","max-snippet":"max-snippet:-1","max-image-preview":"max-image-preview:large","max-video-preview":"max-video-preview:-1"},"canonical":"https:\/\/schweizversand.ch\/en\/produkt\/pure2improve-handgelenk-daumenstuetze\/","og_locale":"en_US","og_type":"article","og_title":"Pure2improve Handgelenk-Daumenst\u00fctze","og_description":"Handgelenk-Daumenst\u00fctze aus Neopren Diese hochwertige Handgelenk-Daumenst\u00fctze wurde entwickelt, um Ihrem Handgelenk und Daumen optimalen, leichten Halt zu biete","og_url":"https:\/\/schweizversand.ch\/en\/produkt\/pure2improve-handgelenk-daumenstuetze\/","og_site_name":"Schweizer Shop f\u00fcr Sport, Spiel und Freizeit","article_publisher":"https:\/\/www.facebook.com\/Schweizversand","article_modified_time":"2026-05-02T00:06:34+00:00","og_image":[{"width":1024,"height":1024,"url":"https:\/\/schweizversand.ch\/wp-content\/uploads\/2026\/04\/5471629840.jpg","type":"image\/jpeg"}],"twitter_card":"summary_large_image","twitter_misc":{"Est. reading time":"1 minute"},"schema":{"@context":"https:\/\/schema.org","@graph":[{"@type":"WebPage","@id":"https:\/\/schweizversand.ch\/en\/produkt\/pure2improve-handgelenk-daumenstuetze\/","url":"https:\/\/schweizversand.ch\/en\/produkt\/pure2improve-handgelenk-daumenstuetze\/","name":"Pure2improve Handgelenk-Daumenst\u00fctze","isPartOf":{"@id":"https:\/\/schweizversand.ch\/en\/#website"},"primaryImageOfPage":{"@id":"https:\/\/schweizversand.ch\/en\/produkt\/pure2improve-handgelenk-daumenstuetze\/#primaryimage"},"image":{"@id":"https:\/\/schweizversand.ch\/en\/produkt\/pure2improve-handgelenk-daumenstuetze\/#primaryimage"},"thumbnailUrl":"https:\/\/schweizversand.ch\/wp-content\/uploads\/2026\/04\/5471629840.jpg","datePublished":"2026-04-01T00:00:19+00:00","dateModified":"2026-05-02T00:06:34+00:00","description":"Handgelenk-Daumenst\u00fctze aus Neopren Diese hochwertige Handgelenk-Daumenst\u00fctze wurde entwickelt, um Ihrem Handgelenk und Daumen optimalen, leichten Halt zu biete","breadcrumb":{"@id":"https:\/\/schweizversand.ch\/en\/produkt\/pure2improve-handgelenk-daumenstuetze\/#breadcrumb"},"inLanguage":"en-US","potentialAction":[{"@type":"ReadAction","target":["https:\/\/schweizversand.ch\/en\/produkt\/pure2improve-handgelenk-daumenstuetze\/"]}]},{"@type":"ImageObject","inLanguage":"en-US","@id":"https:\/\/schweizversand.ch\/en\/produkt\/pure2improve-handgelenk-daumenstuetze\/#primaryimage","url":"https:\/\/schweizversand.ch\/wp-content\/uploads\/2026\/04\/5471629840.jpg","contentUrl":"https:\/\/schweizversand.ch\/wp-content\/uploads\/2026\/04\/5471629840.jpg","width":1024,"height":1024},{"@type":"BreadcrumbList","@id":"https:\/\/schweizversand.ch\/en\/produkt\/pure2improve-handgelenk-daumenstuetze\/#breadcrumb","itemListElement":[{"@type":"ListItem","position":1,"name":"Startseite","item":"https:\/\/schweizversand.ch\/en\/"},{"@type":"ListItem","position":2,"name":"Shop","item":"https:\/\/schweizversand.ch\/en\/shop\/"},{"@type":"ListItem","position":3,"name":"Beauty &amp; Health","item":"https:\/\/schweizversand.ch\/en\/produkt-kategorie\/beauty-health\/"},{"@type":"ListItem","position":4,"name":"Health","item":"https:\/\/schweizversand.ch\/en\/produkt-kategorie\/beauty-health\/health\/"},{"@type":"ListItem","position":5,"name":"Supports &amp; Bandages","item":"https:\/\/schweizversand.ch\/en\/produkt-kategorie\/beauty-health\/health\/stuetzen-bandagen\/"},{"@type":"ListItem","position":6,"name":"Pure2improve Wrist and Thumb Support"}]},{"@type":"WebSite","@id":"https:\/\/schweizversand.ch\/en\/#website","url":"https:\/\/schweizversand.ch\/en\/","name":"Schweizer Shop f\u00fcr Sport, Spiel und Freizeit","description":"Gratisversand ab 50.- (netto), ab eigenem schweizer Lager, Lieferung innert 48h","publisher":{"@id":"https:\/\/schweizversand.ch\/en\/#organization"},"alternateName":"Schweizversand.ch","potentialAction":[{"@type":"SearchAction","target":{"@type":"EntryPoint","urlTemplate":"https:\/\/schweizversand.ch\/en\/?s={search_term_string}"},"query-input":{"@type":"PropertyValueSpecification","valueRequired":true,"valueName":"search_term_string"}}],"inLanguage":"en-US"},{"@type":"Organization","@id":"https:\/\/schweizversand.ch\/en\/#organization","name":"Schweizversand.ch","url":"https:\/\/schweizversand.ch\/en\/","logo":{"@type":"ImageObject","inLanguage":"en-US","@id":"https:\/\/schweizversand.ch\/en\/#\/schema\/logo\/image\/","url":"https:\/\/schweizversand.ch\/wp-content\/uploads\/2026\/03\/Logo_Rund_Final-1.png","contentUrl":"https:\/\/schweizversand.ch\/wp-content\/uploads\/2026\/03\/Logo_Rund_Final-1.png","width":404,"height":404,"caption":"Schweizversand.ch"},"image":{"@id":"https:\/\/schweizversand.ch\/en\/#\/schema\/logo\/image\/"},"sameAs":["https:\/\/www.facebook.com\/Schweizversand","https:\/\/www.instagram.com\/schweizversand.ch\/"]}]}},"jetpack_sharing_enabled":true,"_links":{"self":[{"href":"https:\/\/schweizversand.ch\/en\/wp-json\/wp\/v2\/product\/261602","targetHints":{"allow":["GET"]}}],"collection":[{"href":"https:\/\/schweizversand.ch\/en\/wp-json\/wp\/v2\/product"}],"about":[{"href":"https:\/\/schweizversand.ch\/en\/wp-json\/wp\/v2\/types\/product"}],"replies":[{"embeddable":true,"href":"https:\/\/schweizversand.ch\/en\/wp-json\/wp\/v2\/comments?post=261602"}],"wp:featuredmedia":[{"embeddable":true,"href":"https:\/\/schweizversand.ch\/en\/wp-json\/wp\/v2\/media\/261953"}],"wp:attachment":[{"href":"https:\/\/schweizversand.ch\/en\/wp-json\/wp\/v2\/media?parent=261602"}],"wp:term":[{"taxonomy":"product_brand","embeddable":true,"href":"https:\/\/schweizversand.ch\/en\/wp-json\/wp\/v2\/product_brand?post=261602"},{"taxonomy":"product_cat","embeddable":true,"href":"https:\/\/schweizversand.ch\/en\/wp-json\/wp\/v2\/product_cat?post=261602"},{"taxonomy":"product_tag","embeddable":true,"href":"https:\/\/schweizversand.ch\/en\/wp-json\/wp\/v2\/product_tag?post=261602"}],"curies":[{"name":"wp","href":"https:\/\/api.w.org\/{rel}","templated":true}]}}