{"id":261623,"date":"2026-04-01T02:00:22","date_gmt":"2026-04-01T00:00:22","guid":{"rendered":"https:\/\/schweizversand.ch\/produkt\/pure2improve-neopren-kurzhantel-5kg\/"},"modified":"2026-04-10T02:01:09","modified_gmt":"2026-04-10T00:01:09","slug":"pure2improve-neopren-kurzhantel-5kg","status":"publish","type":"product","link":"https:\/\/schweizversand.ch\/en\/produkt\/pure2improve-neopren-kurzhantel-5kg\/","title":{"rendered":"Pure2improve Neoprene Dumbbell 5kg"},"content":{"rendered":"<h1><strong>Neoprene Dumbbell \u2013 Perfect Full-Body Workout Accessory<\/strong><\/h1>\n<div>Increase the effectiveness of your workout with this high-quality neoprene dumbbell from Pure2Improve. This essential fitness accessory is ideal for strengthening various muscle groups and provides an excellent addition to your full-body workout.<\/p>\n<\/div>\n<div><strong>Versatile Use<\/strong><br \/>The neoprene dumbbell is extremely versatile and perfect for working out at home. Whether you want to do aerobic exercises, intense gymnastics, or general fitness workouts, this dumbbell will optimally support you in achieving your goals.<\/p>\n<\/div>\n<div><strong>Comfort and Safety<\/strong><br \/>This dumbbell was designed for maximum comfort and a secure grip. It features a non-slip upper layer made of soft rubber (neoprene) that ensures a firm and comfortable grip. This is especially important during sweaty workouts to maintain control and minimize the risk of injury. The dumbbell sits comfortably in your hand, allowing you to fully concentrate on your form. Product Details &#8211; Material: High-quality neoprene &#8211; Surface: Non-slip and soft &#8211; Ideal for: Aerobics, gymnastics, fitness, and full-body workouts. Invest in your fitness and make this neoprene dumbbell an essential part of your training routine. Order now and start your effective workout!<\/p>\n","protected":false},"excerpt":{"rendered":"<p>Pure2improve Neopren Kurzhantel 5kg bietet rutschfesten Halt und vielseitiges Training f\u00fcr Zuhause \u2013 ideal f\u00fcr effektives Ganzk\u00f6rper-Workout und gezielten Muskelaufbau.<\/p>\n","protected":false},"featured_media":262071,"comment_status":"open","ping_status":"closed","template":"","meta":[],"product_brand":[],"product_cat":[38599],"product_tag":[],"class_list":{"0":"post-261623","1":"product","2":"type-product","3":"status-publish","4":"has-post-thumbnail","6":"product_cat-hanteln-gewichte","7":"product_shipping_class-global_methods","9":"first","10":"instock","11":"taxable","12":"shipping-taxable","13":"purchasable","14":"product-type-simple"},"yoast_head":"<!-- This site is optimized with the Yoast SEO plugin v27.3 - https:\/\/yoast.com\/product\/yoast-seo-wordpress\/ -->\n<title>Pure2improve Neopren Kurzhantel 5kg<\/title>\n<meta name=\"description\" content=\"Neopren Kurzhantel \u2013 Perfektes Ganzk\u00f6rpertraining Zubeh\u00f6r Steigern Sie die Effektivit\u00e4t Ihres Trainings mit dieser hochwertigen Neopren Kurzhantel von Pure2Impr\" \/>\n<meta name=\"robots\" content=\"index, follow, max-snippet:-1, max-image-preview:large, max-video-preview:-1\" \/>\n<link rel=\"canonical\" href=\"https:\/\/schweizversand.ch\/en\/produkt\/pure2improve-neopren-kurzhantel-5kg\/\" \/>\n<meta property=\"og:locale\" content=\"en_US\" \/>\n<meta property=\"og:type\" content=\"article\" \/>\n<meta property=\"og:title\" content=\"Pure2improve Neopren Kurzhantel 5kg\" \/>\n<meta property=\"og:description\" content=\"Neopren Kurzhantel \u2013 Perfektes Ganzk\u00f6rpertraining Zubeh\u00f6r Steigern Sie die Effektivit\u00e4t Ihres Trainings mit dieser hochwertigen Neopren Kurzhantel von Pure2Impr\" \/>\n<meta property=\"og:url\" content=\"https:\/\/schweizversand.ch\/en\/produkt\/pure2improve-neopren-kurzhantel-5kg\/\" \/>\n<meta property=\"og:site_name\" content=\"Schweizer Shop f\u00fcr Sport, Spiel und Freizeit\" \/>\n<meta property=\"article:publisher\" content=\"https:\/\/www.facebook.com\/Schweizversand\" \/>\n<meta property=\"article:modified_time\" content=\"2026-04-10T00:01:09+00:00\" \/>\n<meta name=\"twitter:card\" content=\"summary_large_image\" \/>\n<meta name=\"twitter:label1\" content=\"Est. reading time\" \/>\n\t<meta name=\"twitter:data1\" content=\"1 minute\" \/>\n<script type=\"application\/ld+json\" class=\"yoast-schema-graph\">{\"@context\":\"https:\\\/\\\/schema.org\",\"@graph\":[{\"@type\":\"WebPage\",\"@id\":\"https:\\\/\\\/schweizversand.ch\\\/en\\\/produkt\\\/pure2improve-neopren-kurzhantel-5kg\\\/\",\"url\":\"https:\\\/\\\/schweizversand.ch\\\/en\\\/produkt\\\/pure2improve-neopren-kurzhantel-5kg\\\/\",\"name\":\"Pure2improve Neopren Kurzhantel 5kg\",\"isPartOf\":{\"@id\":\"https:\\\/\\\/schweizversand.ch\\\/en\\\/#website\"},\"primaryImageOfPage\":{\"@id\":\"https:\\\/\\\/schweizversand.ch\\\/en\\\/produkt\\\/pure2improve-neopren-kurzhantel-5kg\\\/#primaryimage\"},\"image\":{\"@id\":\"https:\\\/\\\/schweizversand.ch\\\/en\\\/produkt\\\/pure2improve-neopren-kurzhantel-5kg\\\/#primaryimage\"},\"thumbnailUrl\":\"https:\\\/\\\/schweizversand.ch\\\/wp-content\\\/uploads\\\/2026\\\/04\\\/5471550471-1.jpg\",\"datePublished\":\"2026-04-01T00:00:22+00:00\",\"dateModified\":\"2026-04-10T00:01:09+00:00\",\"description\":\"Neopren Kurzhantel \u2013 Perfektes Ganzk\u00f6rpertraining Zubeh\u00f6r Steigern Sie die Effektivit\u00e4t Ihres Trainings mit dieser hochwertigen Neopren Kurzhantel von Pure2Impr\",\"breadcrumb\":{\"@id\":\"https:\\\/\\\/schweizversand.ch\\\/en\\\/produkt\\\/pure2improve-neopren-kurzhantel-5kg\\\/#breadcrumb\"},\"inLanguage\":\"en-US\",\"potentialAction\":[{\"@type\":\"ReadAction\",\"target\":[\"https:\\\/\\\/schweizversand.ch\\\/en\\\/produkt\\\/pure2improve-neopren-kurzhantel-5kg\\\/\"]}]},{\"@type\":\"ImageObject\",\"inLanguage\":\"en-US\",\"@id\":\"https:\\\/\\\/schweizversand.ch\\\/en\\\/produkt\\\/pure2improve-neopren-kurzhantel-5kg\\\/#primaryimage\",\"url\":\"https:\\\/\\\/schweizversand.ch\\\/wp-content\\\/uploads\\\/2026\\\/04\\\/5471550471-1.jpg\",\"contentUrl\":\"https:\\\/\\\/schweizversand.ch\\\/wp-content\\\/uploads\\\/2026\\\/04\\\/5471550471-1.jpg\",\"width\":1024,\"height\":1024},{\"@type\":\"BreadcrumbList\",\"@id\":\"https:\\\/\\\/schweizversand.ch\\\/en\\\/produkt\\\/pure2improve-neopren-kurzhantel-5kg\\\/#breadcrumb\",\"itemListElement\":[{\"@type\":\"ListItem\",\"position\":1,\"name\":\"Startseite\",\"item\":\"https:\\\/\\\/schweizversand.ch\\\/en\\\/\"},{\"@type\":\"ListItem\",\"position\":2,\"name\":\"Shop\",\"item\":\"https:\\\/\\\/schweizversand.ch\\\/en\\\/shop\\\/\"},{\"@type\":\"ListItem\",\"position\":3,\"name\":\"Pure2improve Neoprene Dumbbell 5kg\"}]},{\"@type\":\"WebSite\",\"@id\":\"https:\\\/\\\/schweizversand.ch\\\/en\\\/#website\",\"url\":\"https:\\\/\\\/schweizversand.ch\\\/en\\\/\",\"name\":\"Schweizer Shop f\u00fcr Sport, Spiel und Freizeit\",\"description\":\"Gratisversand ab 50.- (netto), ab eigenem schweizer Lager, Lieferung innert 48h\",\"publisher\":{\"@id\":\"https:\\\/\\\/schweizversand.ch\\\/en\\\/#organization\"},\"alternateName\":\"Schweizversand.ch\",\"potentialAction\":[{\"@type\":\"SearchAction\",\"target\":{\"@type\":\"EntryPoint\",\"urlTemplate\":\"https:\\\/\\\/schweizversand.ch\\\/en\\\/?s={search_term_string}\"},\"query-input\":{\"@type\":\"PropertyValueSpecification\",\"valueRequired\":true,\"valueName\":\"search_term_string\"}}],\"inLanguage\":\"en-US\"},{\"@type\":\"Organization\",\"@id\":\"https:\\\/\\\/schweizversand.ch\\\/en\\\/#organization\",\"name\":\"Schweizversand.ch\",\"url\":\"https:\\\/\\\/schweizversand.ch\\\/en\\\/\",\"logo\":{\"@type\":\"ImageObject\",\"inLanguage\":\"en-US\",\"@id\":\"https:\\\/\\\/schweizversand.ch\\\/en\\\/#\\\/schema\\\/logo\\\/image\\\/\",\"url\":\"https:\\\/\\\/schweizversand.ch\\\/wp-content\\\/uploads\\\/2026\\\/03\\\/Logo_Rund_Final-1.png\",\"contentUrl\":\"https:\\\/\\\/schweizversand.ch\\\/wp-content\\\/uploads\\\/2026\\\/03\\\/Logo_Rund_Final-1.png\",\"width\":404,\"height\":404,\"caption\":\"Schweizversand.ch\"},\"image\":{\"@id\":\"https:\\\/\\\/schweizversand.ch\\\/en\\\/#\\\/schema\\\/logo\\\/image\\\/\"},\"sameAs\":[\"https:\\\/\\\/www.facebook.com\\\/Schweizversand\",\"https:\\\/\\\/www.instagram.com\\\/schweizversand.ch\\\/\"]}]}<\/script>\n<!-- \/ Yoast SEO plugin. -->","yoast_head_json":{"title":"Pure2improve Neopren Kurzhantel 5kg","description":"Neopren Kurzhantel \u2013 Perfektes Ganzk\u00f6rpertraining Zubeh\u00f6r Steigern Sie die Effektivit\u00e4t Ihres Trainings mit dieser hochwertigen Neopren Kurzhantel von Pure2Impr","robots":{"index":"index","follow":"follow","max-snippet":"max-snippet:-1","max-image-preview":"max-image-preview:large","max-video-preview":"max-video-preview:-1"},"canonical":"https:\/\/schweizversand.ch\/en\/produkt\/pure2improve-neopren-kurzhantel-5kg\/","og_locale":"en_US","og_type":"article","og_title":"Pure2improve Neopren Kurzhantel 5kg","og_description":"Neopren Kurzhantel \u2013 Perfektes Ganzk\u00f6rpertraining Zubeh\u00f6r Steigern Sie die Effektivit\u00e4t Ihres Trainings mit dieser hochwertigen Neopren Kurzhantel von Pure2Impr","og_url":"https:\/\/schweizversand.ch\/en\/produkt\/pure2improve-neopren-kurzhantel-5kg\/","og_site_name":"Schweizer Shop f\u00fcr Sport, Spiel und Freizeit","article_publisher":"https:\/\/www.facebook.com\/Schweizversand","article_modified_time":"2026-04-10T00:01:09+00:00","twitter_card":"summary_large_image","twitter_misc":{"Est. reading time":"1 minute"},"schema":{"@context":"https:\/\/schema.org","@graph":[{"@type":"WebPage","@id":"https:\/\/schweizversand.ch\/en\/produkt\/pure2improve-neopren-kurzhantel-5kg\/","url":"https:\/\/schweizversand.ch\/en\/produkt\/pure2improve-neopren-kurzhantel-5kg\/","name":"Pure2improve Neopren Kurzhantel 5kg","isPartOf":{"@id":"https:\/\/schweizversand.ch\/en\/#website"},"primaryImageOfPage":{"@id":"https:\/\/schweizversand.ch\/en\/produkt\/pure2improve-neopren-kurzhantel-5kg\/#primaryimage"},"image":{"@id":"https:\/\/schweizversand.ch\/en\/produkt\/pure2improve-neopren-kurzhantel-5kg\/#primaryimage"},"thumbnailUrl":"https:\/\/schweizversand.ch\/wp-content\/uploads\/2026\/04\/5471550471-1.jpg","datePublished":"2026-04-01T00:00:22+00:00","dateModified":"2026-04-10T00:01:09+00:00","description":"Neopren Kurzhantel \u2013 Perfektes Ganzk\u00f6rpertraining Zubeh\u00f6r Steigern Sie die Effektivit\u00e4t Ihres Trainings mit dieser hochwertigen Neopren Kurzhantel von Pure2Impr","breadcrumb":{"@id":"https:\/\/schweizversand.ch\/en\/produkt\/pure2improve-neopren-kurzhantel-5kg\/#breadcrumb"},"inLanguage":"en-US","potentialAction":[{"@type":"ReadAction","target":["https:\/\/schweizversand.ch\/en\/produkt\/pure2improve-neopren-kurzhantel-5kg\/"]}]},{"@type":"ImageObject","inLanguage":"en-US","@id":"https:\/\/schweizversand.ch\/en\/produkt\/pure2improve-neopren-kurzhantel-5kg\/#primaryimage","url":"https:\/\/schweizversand.ch\/wp-content\/uploads\/2026\/04\/5471550471-1.jpg","contentUrl":"https:\/\/schweizversand.ch\/wp-content\/uploads\/2026\/04\/5471550471-1.jpg","width":1024,"height":1024},{"@type":"BreadcrumbList","@id":"https:\/\/schweizversand.ch\/en\/produkt\/pure2improve-neopren-kurzhantel-5kg\/#breadcrumb","itemListElement":[{"@type":"ListItem","position":1,"name":"Startseite","item":"https:\/\/schweizversand.ch\/en\/"},{"@type":"ListItem","position":2,"name":"Shop","item":"https:\/\/schweizversand.ch\/en\/shop\/"},{"@type":"ListItem","position":3,"name":"Pure2improve Neoprene Dumbbell 5kg"}]},{"@type":"WebSite","@id":"https:\/\/schweizversand.ch\/en\/#website","url":"https:\/\/schweizversand.ch\/en\/","name":"Schweizer Shop f\u00fcr Sport, Spiel und Freizeit","description":"Gratisversand ab 50.- (netto), ab eigenem schweizer Lager, Lieferung innert 48h","publisher":{"@id":"https:\/\/schweizversand.ch\/en\/#organization"},"alternateName":"Schweizversand.ch","potentialAction":[{"@type":"SearchAction","target":{"@type":"EntryPoint","urlTemplate":"https:\/\/schweizversand.ch\/en\/?s={search_term_string}"},"query-input":{"@type":"PropertyValueSpecification","valueRequired":true,"valueName":"search_term_string"}}],"inLanguage":"en-US"},{"@type":"Organization","@id":"https:\/\/schweizversand.ch\/en\/#organization","name":"Schweizversand.ch","url":"https:\/\/schweizversand.ch\/en\/","logo":{"@type":"ImageObject","inLanguage":"en-US","@id":"https:\/\/schweizversand.ch\/en\/#\/schema\/logo\/image\/","url":"https:\/\/schweizversand.ch\/wp-content\/uploads\/2026\/03\/Logo_Rund_Final-1.png","contentUrl":"https:\/\/schweizversand.ch\/wp-content\/uploads\/2026\/03\/Logo_Rund_Final-1.png","width":404,"height":404,"caption":"Schweizversand.ch"},"image":{"@id":"https:\/\/schweizversand.ch\/en\/#\/schema\/logo\/image\/"},"sameAs":["https:\/\/www.facebook.com\/Schweizversand","https:\/\/www.instagram.com\/schweizversand.ch\/"]}]}},"jetpack_sharing_enabled":true,"_links":{"self":[{"href":"https:\/\/schweizversand.ch\/en\/wp-json\/wp\/v2\/product\/261623","targetHints":{"allow":["GET"]}}],"collection":[{"href":"https:\/\/schweizversand.ch\/en\/wp-json\/wp\/v2\/product"}],"about":[{"href":"https:\/\/schweizversand.ch\/en\/wp-json\/wp\/v2\/types\/product"}],"replies":[{"embeddable":true,"href":"https:\/\/schweizversand.ch\/en\/wp-json\/wp\/v2\/comments?post=261623"}],"wp:featuredmedia":[{"embeddable":true,"href":"https:\/\/schweizversand.ch\/en\/wp-json\/wp\/v2\/media\/262071"}],"wp:attachment":[{"href":"https:\/\/schweizversand.ch\/en\/wp-json\/wp\/v2\/media?parent=261623"}],"wp:term":[{"taxonomy":"product_brand","embeddable":true,"href":"https:\/\/schweizversand.ch\/en\/wp-json\/wp\/v2\/product_brand?post=261623"},{"taxonomy":"product_cat","embeddable":true,"href":"https:\/\/schweizversand.ch\/en\/wp-json\/wp\/v2\/product_cat?post=261623"},{"taxonomy":"product_tag","embeddable":true,"href":"https:\/\/schweizversand.ch\/en\/wp-json\/wp\/v2\/product_tag?post=261623"}],"curies":[{"name":"wp","href":"https:\/\/api.w.org\/{rel}","templated":true}]}}