{"id":263114,"date":"2026-04-08T15:30:43","date_gmt":"2026-04-08T13:30:43","guid":{"rendered":"https:\/\/schweizversand.ch\/produkt\/sponeta-schutzhuelle-fuer-tischtennistisch\/"},"modified":"2026-04-22T15:33:10","modified_gmt":"2026-04-22T13:33:10","slug":"sponeta-schutzhuelle-fuer-tischtennistisch","status":"publish","type":"product","link":"https:\/\/schweizversand.ch\/en\/produkt\/sponeta-schutzhuelle-fuer-tischtennistisch\/","title":{"rendered":"Sponeta protective cover for table tennis table"},"content":{"rendered":"<div>Safe storage with the Sponeta cover. It is suitable for all models with an Automatic, Compact, or Super Compact base that are foldable. A protective cover is also highly recommended if you have an outdoor table tennis table \u2013 especially if you plan to store it outdoors. This protects the table from constantly changing weather conditions such as strong sunlight, Protected from frost and rain, the surface structure still offers optimal conditions for perfect play even after extended use. Thanks to the Sponeta cover, you can enjoy your table tennis table for even longer. The cover can be used for both indoor and outdoor table tennis tables. The large cover is made of polyethylene, i.e., thermoplastic. The two all-around zippers ensure easy and quick attachment and removal. The fastening cord also ensures that the transparent cover does not slip. Product features: Material: Polyethylene; Protects against dust (indoors) or rain (outdoors); With zipper and fastening system &nbsp;&nbsp;<br \/>With pressure Sponeta&nbsp; &nbsp; &nbsp; &nbsp;&nbsp;<br \/>Dimensions H=150cm x L=160cm x W=55-80cm<\/p>\n<\/div>\n","protected":false},"excerpt":{"rendered":"<p>Sponeta Schutzh\u00fclle f\u00fcr Tischtennistisch sch\u00fctzt zuverl\u00e4ssig vor Sonne, Frost und Regen. Perfekt f\u00fcr Indoor- und Outdoor-Modelle mit klappbarem Untergestell.<\/p>\n","protected":false},"featured_media":229906,"comment_status":"open","ping_status":"closed","template":"","meta":[],"product_brand":[],"product_cat":[39225],"product_tag":[],"class_list":{"0":"post-263114","1":"product","2":"type-product","3":"status-publish","4":"has-post-thumbnail","6":"product_cat-tischtennis","7":"product_shipping_class-global_methods","9":"first","10":"instock","11":"taxable","12":"shipping-taxable","13":"purchasable","14":"product-type-simple"},"yoast_head":"<!-- This site is optimized with the Yoast SEO plugin v27.4 - https:\/\/yoast.com\/product\/yoast-seo-wordpress\/ -->\n<title>Sponeta Schutzh\u00fclle f\u00fcr Tischtennistisch<\/title>\n<meta name=\"description\" content=\"Sicheres Aufbewahren mit der Sponeta Abdeckh\u00fclle.\u00a0 \u00a0 \u00a0 \u00a0 Geeignet ist sie f\u00fcr alle Modelle, die ein Automatic-, Compact- oder Super-Compact-Untergestell aufweis\" \/>\n<meta name=\"robots\" content=\"index, follow, max-snippet:-1, max-image-preview:large, max-video-preview:-1\" \/>\n<link rel=\"canonical\" href=\"https:\/\/schweizversand.ch\/en\/produkt\/sponeta-schutzhuelle-fuer-tischtennistisch\/\" \/>\n<meta property=\"og:locale\" content=\"en_US\" \/>\n<meta property=\"og:type\" content=\"article\" \/>\n<meta property=\"og:title\" content=\"Sponeta Schutzh\u00fclle f\u00fcr Tischtennistisch\" \/>\n<meta property=\"og:description\" content=\"Sicheres Aufbewahren mit der Sponeta Abdeckh\u00fclle.\u00a0 \u00a0 \u00a0 \u00a0 Geeignet ist sie f\u00fcr alle Modelle, die ein Automatic-, Compact- oder Super-Compact-Untergestell aufweis\" \/>\n<meta property=\"og:url\" content=\"https:\/\/schweizversand.ch\/en\/produkt\/sponeta-schutzhuelle-fuer-tischtennistisch\/\" \/>\n<meta property=\"og:site_name\" content=\"Schweizer Shop f\u00fcr Sport, Spiel und Freizeit\" \/>\n<meta property=\"article:publisher\" content=\"https:\/\/www.facebook.com\/Schweizversand\" \/>\n<meta property=\"article:modified_time\" content=\"2026-04-22T13:33:10+00:00\" \/>\n<meta name=\"twitter:card\" content=\"summary_large_image\" \/>\n<meta name=\"twitter:label1\" content=\"Est. reading time\" \/>\n\t<meta name=\"twitter:data1\" content=\"1 minute\" \/>\n<script type=\"application\/ld+json\" class=\"yoast-schema-graph\">{\"@context\":\"https:\\\/\\\/schema.org\",\"@graph\":[{\"@type\":\"WebPage\",\"@id\":\"https:\\\/\\\/schweizversand.ch\\\/en\\\/produkt\\\/sponeta-schutzhuelle-fuer-tischtennistisch\\\/\",\"url\":\"https:\\\/\\\/schweizversand.ch\\\/en\\\/produkt\\\/sponeta-schutzhuelle-fuer-tischtennistisch\\\/\",\"name\":\"Sponeta Schutzh\u00fclle f\u00fcr Tischtennistisch\",\"isPartOf\":{\"@id\":\"https:\\\/\\\/schweizversand.ch\\\/en\\\/#website\"},\"primaryImageOfPage\":{\"@id\":\"https:\\\/\\\/schweizversand.ch\\\/en\\\/produkt\\\/sponeta-schutzhuelle-fuer-tischtennistisch\\\/#primaryimage\"},\"image\":{\"@id\":\"https:\\\/\\\/schweizversand.ch\\\/en\\\/produkt\\\/sponeta-schutzhuelle-fuer-tischtennistisch\\\/#primaryimage\"},\"thumbnailUrl\":\"https:\\\/\\\/schweizversand.ch\\\/wp-content\\\/uploads\\\/2026\\\/03\\\/5471519974.jpg\",\"datePublished\":\"2026-04-08T13:30:43+00:00\",\"dateModified\":\"2026-04-22T13:33:10+00:00\",\"description\":\"Sicheres Aufbewahren mit der Sponeta Abdeckh\u00fclle.\u00a0 \u00a0 \u00a0 \u00a0 Geeignet ist sie f\u00fcr alle Modelle, die ein Automatic-, Compact- oder Super-Compact-Untergestell aufweis\",\"breadcrumb\":{\"@id\":\"https:\\\/\\\/schweizversand.ch\\\/en\\\/produkt\\\/sponeta-schutzhuelle-fuer-tischtennistisch\\\/#breadcrumb\"},\"inLanguage\":\"en-US\",\"potentialAction\":[{\"@type\":\"ReadAction\",\"target\":[\"https:\\\/\\\/schweizversand.ch\\\/en\\\/produkt\\\/sponeta-schutzhuelle-fuer-tischtennistisch\\\/\"]}]},{\"@type\":\"ImageObject\",\"inLanguage\":\"en-US\",\"@id\":\"https:\\\/\\\/schweizversand.ch\\\/en\\\/produkt\\\/sponeta-schutzhuelle-fuer-tischtennistisch\\\/#primaryimage\",\"url\":\"https:\\\/\\\/schweizversand.ch\\\/wp-content\\\/uploads\\\/2026\\\/03\\\/5471519974.jpg\",\"contentUrl\":\"https:\\\/\\\/schweizversand.ch\\\/wp-content\\\/uploads\\\/2026\\\/03\\\/5471519974.jpg\",\"width\":1024,\"height\":649},{\"@type\":\"BreadcrumbList\",\"@id\":\"https:\\\/\\\/schweizversand.ch\\\/en\\\/produkt\\\/sponeta-schutzhuelle-fuer-tischtennistisch\\\/#breadcrumb\",\"itemListElement\":[{\"@type\":\"ListItem\",\"position\":1,\"name\":\"Startseite\",\"item\":\"https:\\\/\\\/schweizversand.ch\\\/en\\\/\"},{\"@type\":\"ListItem\",\"position\":2,\"name\":\"Shop\",\"item\":\"https:\\\/\\\/schweizversand.ch\\\/en\\\/shop\\\/\"},{\"@type\":\"ListItem\",\"position\":3,\"name\":\"Tischtennis\",\"item\":\"https:\\\/\\\/schweizversand.ch\\\/en\\\/produkt-kategorie\\\/sports\\\/ball-sports-darts\\\/tischtennis\\\/\"},{\"@type\":\"ListItem\",\"position\":4,\"name\":\"Sponeta protective cover for table tennis table\"}]},{\"@type\":\"WebSite\",\"@id\":\"https:\\\/\\\/schweizversand.ch\\\/en\\\/#website\",\"url\":\"https:\\\/\\\/schweizversand.ch\\\/en\\\/\",\"name\":\"Schweizer Shop f\u00fcr Sport, Spiel und Freizeit\",\"description\":\"Gratisversand ab 50.- (netto), ab eigenem schweizer Lager, Lieferung innert 48h\",\"publisher\":{\"@id\":\"https:\\\/\\\/schweizversand.ch\\\/en\\\/#organization\"},\"alternateName\":\"Schweizversand.ch\",\"potentialAction\":[{\"@type\":\"SearchAction\",\"target\":{\"@type\":\"EntryPoint\",\"urlTemplate\":\"https:\\\/\\\/schweizversand.ch\\\/en\\\/?s={search_term_string}\"},\"query-input\":{\"@type\":\"PropertyValueSpecification\",\"valueRequired\":true,\"valueName\":\"search_term_string\"}}],\"inLanguage\":\"en-US\"},{\"@type\":\"Organization\",\"@id\":\"https:\\\/\\\/schweizversand.ch\\\/en\\\/#organization\",\"name\":\"Schweizversand.ch\",\"url\":\"https:\\\/\\\/schweizversand.ch\\\/en\\\/\",\"logo\":{\"@type\":\"ImageObject\",\"inLanguage\":\"en-US\",\"@id\":\"https:\\\/\\\/schweizversand.ch\\\/en\\\/#\\\/schema\\\/logo\\\/image\\\/\",\"url\":\"https:\\\/\\\/schweizversand.ch\\\/wp-content\\\/uploads\\\/2026\\\/03\\\/Logo_Rund_Final-1.png\",\"contentUrl\":\"https:\\\/\\\/schweizversand.ch\\\/wp-content\\\/uploads\\\/2026\\\/03\\\/Logo_Rund_Final-1.png\",\"width\":404,\"height\":404,\"caption\":\"Schweizversand.ch\"},\"image\":{\"@id\":\"https:\\\/\\\/schweizversand.ch\\\/en\\\/#\\\/schema\\\/logo\\\/image\\\/\"},\"sameAs\":[\"https:\\\/\\\/www.facebook.com\\\/Schweizversand\",\"https:\\\/\\\/www.instagram.com\\\/schweizversand.ch\\\/\"]}]}<\/script>\n<!-- \/ Yoast SEO plugin. -->","yoast_head_json":{"title":"Sponeta Schutzh\u00fclle f\u00fcr Tischtennistisch","description":"Sicheres Aufbewahren mit der Sponeta Abdeckh\u00fclle.\u00a0 \u00a0 \u00a0 \u00a0 Geeignet ist sie f\u00fcr alle Modelle, die ein Automatic-, Compact- oder Super-Compact-Untergestell aufweis","robots":{"index":"index","follow":"follow","max-snippet":"max-snippet:-1","max-image-preview":"max-image-preview:large","max-video-preview":"max-video-preview:-1"},"canonical":"https:\/\/schweizversand.ch\/en\/produkt\/sponeta-schutzhuelle-fuer-tischtennistisch\/","og_locale":"en_US","og_type":"article","og_title":"Sponeta Schutzh\u00fclle f\u00fcr Tischtennistisch","og_description":"Sicheres Aufbewahren mit der Sponeta Abdeckh\u00fclle.\u00a0 \u00a0 \u00a0 \u00a0 Geeignet ist sie f\u00fcr alle Modelle, die ein Automatic-, Compact- oder Super-Compact-Untergestell aufweis","og_url":"https:\/\/schweizversand.ch\/en\/produkt\/sponeta-schutzhuelle-fuer-tischtennistisch\/","og_site_name":"Schweizer Shop f\u00fcr Sport, Spiel und Freizeit","article_publisher":"https:\/\/www.facebook.com\/Schweizversand","article_modified_time":"2026-04-22T13:33:10+00:00","twitter_card":"summary_large_image","twitter_misc":{"Est. reading time":"1 minute"},"schema":{"@context":"https:\/\/schema.org","@graph":[{"@type":"WebPage","@id":"https:\/\/schweizversand.ch\/en\/produkt\/sponeta-schutzhuelle-fuer-tischtennistisch\/","url":"https:\/\/schweizversand.ch\/en\/produkt\/sponeta-schutzhuelle-fuer-tischtennistisch\/","name":"Sponeta Schutzh\u00fclle f\u00fcr Tischtennistisch","isPartOf":{"@id":"https:\/\/schweizversand.ch\/en\/#website"},"primaryImageOfPage":{"@id":"https:\/\/schweizversand.ch\/en\/produkt\/sponeta-schutzhuelle-fuer-tischtennistisch\/#primaryimage"},"image":{"@id":"https:\/\/schweizversand.ch\/en\/produkt\/sponeta-schutzhuelle-fuer-tischtennistisch\/#primaryimage"},"thumbnailUrl":"https:\/\/schweizversand.ch\/wp-content\/uploads\/2026\/03\/5471519974.jpg","datePublished":"2026-04-08T13:30:43+00:00","dateModified":"2026-04-22T13:33:10+00:00","description":"Sicheres Aufbewahren mit der Sponeta Abdeckh\u00fclle.\u00a0 \u00a0 \u00a0 \u00a0 Geeignet ist sie f\u00fcr alle Modelle, die ein Automatic-, Compact- oder Super-Compact-Untergestell aufweis","breadcrumb":{"@id":"https:\/\/schweizversand.ch\/en\/produkt\/sponeta-schutzhuelle-fuer-tischtennistisch\/#breadcrumb"},"inLanguage":"en-US","potentialAction":[{"@type":"ReadAction","target":["https:\/\/schweizversand.ch\/en\/produkt\/sponeta-schutzhuelle-fuer-tischtennistisch\/"]}]},{"@type":"ImageObject","inLanguage":"en-US","@id":"https:\/\/schweizversand.ch\/en\/produkt\/sponeta-schutzhuelle-fuer-tischtennistisch\/#primaryimage","url":"https:\/\/schweizversand.ch\/wp-content\/uploads\/2026\/03\/5471519974.jpg","contentUrl":"https:\/\/schweizversand.ch\/wp-content\/uploads\/2026\/03\/5471519974.jpg","width":1024,"height":649},{"@type":"BreadcrumbList","@id":"https:\/\/schweizversand.ch\/en\/produkt\/sponeta-schutzhuelle-fuer-tischtennistisch\/#breadcrumb","itemListElement":[{"@type":"ListItem","position":1,"name":"Startseite","item":"https:\/\/schweizversand.ch\/en\/"},{"@type":"ListItem","position":2,"name":"Shop","item":"https:\/\/schweizversand.ch\/en\/shop\/"},{"@type":"ListItem","position":3,"name":"Tischtennis","item":"https:\/\/schweizversand.ch\/en\/produkt-kategorie\/sports\/ball-sports-darts\/tischtennis\/"},{"@type":"ListItem","position":4,"name":"Sponeta protective cover for table tennis table"}]},{"@type":"WebSite","@id":"https:\/\/schweizversand.ch\/en\/#website","url":"https:\/\/schweizversand.ch\/en\/","name":"Schweizer Shop f\u00fcr Sport, Spiel und Freizeit","description":"Gratisversand ab 50.- (netto), ab eigenem schweizer Lager, Lieferung innert 48h","publisher":{"@id":"https:\/\/schweizversand.ch\/en\/#organization"},"alternateName":"Schweizversand.ch","potentialAction":[{"@type":"SearchAction","target":{"@type":"EntryPoint","urlTemplate":"https:\/\/schweizversand.ch\/en\/?s={search_term_string}"},"query-input":{"@type":"PropertyValueSpecification","valueRequired":true,"valueName":"search_term_string"}}],"inLanguage":"en-US"},{"@type":"Organization","@id":"https:\/\/schweizversand.ch\/en\/#organization","name":"Schweizversand.ch","url":"https:\/\/schweizversand.ch\/en\/","logo":{"@type":"ImageObject","inLanguage":"en-US","@id":"https:\/\/schweizversand.ch\/en\/#\/schema\/logo\/image\/","url":"https:\/\/schweizversand.ch\/wp-content\/uploads\/2026\/03\/Logo_Rund_Final-1.png","contentUrl":"https:\/\/schweizversand.ch\/wp-content\/uploads\/2026\/03\/Logo_Rund_Final-1.png","width":404,"height":404,"caption":"Schweizversand.ch"},"image":{"@id":"https:\/\/schweizversand.ch\/en\/#\/schema\/logo\/image\/"},"sameAs":["https:\/\/www.facebook.com\/Schweizversand","https:\/\/www.instagram.com\/schweizversand.ch\/"]}]}},"jetpack_sharing_enabled":true,"_links":{"self":[{"href":"https:\/\/schweizversand.ch\/en\/wp-json\/wp\/v2\/product\/263114","targetHints":{"allow":["GET"]}}],"collection":[{"href":"https:\/\/schweizversand.ch\/en\/wp-json\/wp\/v2\/product"}],"about":[{"href":"https:\/\/schweizversand.ch\/en\/wp-json\/wp\/v2\/types\/product"}],"replies":[{"embeddable":true,"href":"https:\/\/schweizversand.ch\/en\/wp-json\/wp\/v2\/comments?post=263114"}],"wp:featuredmedia":[{"embeddable":true,"href":"https:\/\/schweizversand.ch\/en\/wp-json\/wp\/v2\/media\/229906"}],"wp:attachment":[{"href":"https:\/\/schweizversand.ch\/en\/wp-json\/wp\/v2\/media?parent=263114"}],"wp:term":[{"taxonomy":"product_brand","embeddable":true,"href":"https:\/\/schweizversand.ch\/en\/wp-json\/wp\/v2\/product_brand?post=263114"},{"taxonomy":"product_cat","embeddable":true,"href":"https:\/\/schweizversand.ch\/en\/wp-json\/wp\/v2\/product_cat?post=263114"},{"taxonomy":"product_tag","embeddable":true,"href":"https:\/\/schweizversand.ch\/en\/wp-json\/wp\/v2\/product_tag?post=263114"}],"curies":[{"name":"wp","href":"https:\/\/api.w.org\/{rel}","templated":true}]}}