{"id":263920,"date":"2026-04-11T02:00:26","date_gmt":"2026-04-11T00:00:26","guid":{"rendered":"https:\/\/schweizversand.ch\/produkt\/jilong-aufblasbarer-ball-mit-tier-motiven\/"},"modified":"2026-04-15T02:01:38","modified_gmt":"2026-04-15T00:01:38","slug":"jilong-aufblasbarer-ball-mit-tier-motiven","status":"publish","type":"product","link":"https:\/\/schweizversand.ch\/en\/produkt\/jilong-aufblasbarer-ball-mit-tier-motiven\/","title":{"rendered":"Jilong Inflatable Ball with Animal Motifs"},"content":{"rendered":"<div>Inflatable Animal Ball \u00d8 50 cm \u2013 Fun for Children Ages 2 and Up<br \/>With this inflatable ball (\u00d8 50 cm), playing in the garden, on the beach, or in the water becomes a wild adventure! Cute little animals are hidden inside the ball, revealing themselves when the ball is moved, sure to delight children.<br \/>Ideal for children ages 2 and up, the ball provides safe and fun play while playfully promoting motor skills and movement. Available in three charming designs \u2013 perfect for collecting or giving as a gift!<br \/>Product Details:<br \/>\u2022 Diameter (deflated): 50 cm (20&#8243;)<br \/>\u2022 Designs: 3 different versions with cute animal figures inside<br \/>\u2022 Material: Durable, child-friendly plastic<br \/>\u2022 Recommended Age: 2 years and up<\/p>\n<\/div>\n","protected":false},"excerpt":{"rendered":"<p>Jilong Aufblasbarer Ball mit Tier-Motiven f\u00f6rdert spielerisch Motorik und Neugier. Mit s\u00fc\u00dfen Tierfiguren im Inneren sorgt er f\u00fcr sicheren Spielspa\u00df im Garten, Wasser und Strand.<\/p>\n","protected":false},"featured_media":265021,"comment_status":"open","ping_status":"closed","template":"","meta":[],"product_brand":[],"product_cat":[39234],"product_tag":[],"class_list":{"0":"post-263920","1":"product","2":"type-product","3":"status-publish","4":"has-post-thumbnail","6":"product_cat-strandspiele","7":"product_shipping_class-global_methods","9":"first","10":"instock","11":"taxable","12":"shipping-taxable","13":"purchasable","14":"product-type-simple"},"yoast_head":"<!-- This site is optimized with the Yoast SEO plugin v27.4 - https:\/\/yoast.com\/product\/yoast-seo-wordpress\/ -->\n<title>Jilong Aufblasbarer Ball mit Tier-Motiven<\/title>\n<meta name=\"description\" content=\"Aufblasbarer Tier-Ball \u00d8 50 cm \u2013 Spielspa\u00df f\u00fcr Kinder ab 2 Jahren\u00a0 Mit diesem aufblasbaren Ball (\u00d8 50 cm) wird Spielen im Garten, am Strand oder im Wasser zum t\" \/>\n<meta name=\"robots\" content=\"index, follow, max-snippet:-1, max-image-preview:large, max-video-preview:-1\" \/>\n<link rel=\"canonical\" href=\"https:\/\/schweizversand.ch\/en\/produkt\/jilong-aufblasbarer-ball-mit-tier-motiven\/\" \/>\n<meta property=\"og:locale\" content=\"en_US\" \/>\n<meta property=\"og:type\" content=\"article\" \/>\n<meta property=\"og:title\" content=\"Jilong Aufblasbarer Ball mit Tier-Motiven\" \/>\n<meta property=\"og:description\" content=\"Aufblasbarer Tier-Ball \u00d8 50 cm \u2013 Spielspa\u00df f\u00fcr Kinder ab 2 Jahren\u00a0 Mit diesem aufblasbaren Ball (\u00d8 50 cm) wird Spielen im Garten, am Strand oder im Wasser zum t\" \/>\n<meta property=\"og:url\" content=\"https:\/\/schweizversand.ch\/en\/produkt\/jilong-aufblasbarer-ball-mit-tier-motiven\/\" \/>\n<meta property=\"og:site_name\" content=\"Schweizer Shop f\u00fcr Sport, Spiel und Freizeit\" \/>\n<meta property=\"article:publisher\" content=\"https:\/\/www.facebook.com\/Schweizversand\" \/>\n<meta property=\"article:modified_time\" content=\"2026-04-15T00:01:38+00:00\" \/>\n<meta property=\"og:image\" content=\"https:\/\/schweizversand.ch\/wp-content\/uploads\/2026\/04\/5471918698.png\" \/>\n\t<meta property=\"og:image:width\" content=\"1024\" \/>\n\t<meta property=\"og:image:height\" content=\"680\" \/>\n\t<meta property=\"og:image:type\" content=\"image\/png\" \/>\n<meta name=\"twitter:card\" content=\"summary_large_image\" \/>\n<meta name=\"twitter:label1\" content=\"Est. reading time\" \/>\n\t<meta name=\"twitter:data1\" content=\"1 minute\" \/>\n<script type=\"application\/ld+json\" class=\"yoast-schema-graph\">{\"@context\":\"https:\\\/\\\/schema.org\",\"@graph\":[{\"@type\":\"WebPage\",\"@id\":\"https:\\\/\\\/schweizversand.ch\\\/en\\\/produkt\\\/jilong-aufblasbarer-ball-mit-tier-motiven\\\/\",\"url\":\"https:\\\/\\\/schweizversand.ch\\\/en\\\/produkt\\\/jilong-aufblasbarer-ball-mit-tier-motiven\\\/\",\"name\":\"Jilong Aufblasbarer Ball mit Tier-Motiven\",\"isPartOf\":{\"@id\":\"https:\\\/\\\/schweizversand.ch\\\/en\\\/#website\"},\"primaryImageOfPage\":{\"@id\":\"https:\\\/\\\/schweizversand.ch\\\/en\\\/produkt\\\/jilong-aufblasbarer-ball-mit-tier-motiven\\\/#primaryimage\"},\"image\":{\"@id\":\"https:\\\/\\\/schweizversand.ch\\\/en\\\/produkt\\\/jilong-aufblasbarer-ball-mit-tier-motiven\\\/#primaryimage\"},\"thumbnailUrl\":\"https:\\\/\\\/schweizversand.ch\\\/wp-content\\\/uploads\\\/2026\\\/04\\\/5471918698.png\",\"datePublished\":\"2026-04-11T00:00:26+00:00\",\"dateModified\":\"2026-04-15T00:01:38+00:00\",\"description\":\"Aufblasbarer Tier-Ball \u00d8 50 cm \u2013 Spielspa\u00df f\u00fcr Kinder ab 2 Jahren\u00a0 Mit diesem aufblasbaren Ball (\u00d8 50 cm) wird Spielen im Garten, am Strand oder im Wasser zum t\",\"breadcrumb\":{\"@id\":\"https:\\\/\\\/schweizversand.ch\\\/en\\\/produkt\\\/jilong-aufblasbarer-ball-mit-tier-motiven\\\/#breadcrumb\"},\"inLanguage\":\"en-US\",\"potentialAction\":[{\"@type\":\"ReadAction\",\"target\":[\"https:\\\/\\\/schweizversand.ch\\\/en\\\/produkt\\\/jilong-aufblasbarer-ball-mit-tier-motiven\\\/\"]}]},{\"@type\":\"ImageObject\",\"inLanguage\":\"en-US\",\"@id\":\"https:\\\/\\\/schweizversand.ch\\\/en\\\/produkt\\\/jilong-aufblasbarer-ball-mit-tier-motiven\\\/#primaryimage\",\"url\":\"https:\\\/\\\/schweizversand.ch\\\/wp-content\\\/uploads\\\/2026\\\/04\\\/5471918698.png\",\"contentUrl\":\"https:\\\/\\\/schweizversand.ch\\\/wp-content\\\/uploads\\\/2026\\\/04\\\/5471918698.png\",\"width\":1024,\"height\":680},{\"@type\":\"BreadcrumbList\",\"@id\":\"https:\\\/\\\/schweizversand.ch\\\/en\\\/produkt\\\/jilong-aufblasbarer-ball-mit-tier-motiven\\\/#breadcrumb\",\"itemListElement\":[{\"@type\":\"ListItem\",\"position\":1,\"name\":\"Startseite\",\"item\":\"https:\\\/\\\/schweizversand.ch\\\/en\\\/\"},{\"@type\":\"ListItem\",\"position\":2,\"name\":\"Shop\",\"item\":\"https:\\\/\\\/schweizversand.ch\\\/en\\\/shop\\\/\"},{\"@type\":\"ListItem\",\"position\":3,\"name\":\"Strandspiele\",\"item\":\"https:\\\/\\\/schweizversand.ch\\\/en\\\/produkt-kategorie\\\/strandspiele\\\/\"},{\"@type\":\"ListItem\",\"position\":4,\"name\":\"Jilong Inflatable Ball with Animal Motifs\"}]},{\"@type\":\"WebSite\",\"@id\":\"https:\\\/\\\/schweizversand.ch\\\/en\\\/#website\",\"url\":\"https:\\\/\\\/schweizversand.ch\\\/en\\\/\",\"name\":\"Schweizer Shop f\u00fcr Sport, Spiel und Freizeit\",\"description\":\"Gratisversand ab 50.- (netto), ab eigenem schweizer Lager, Lieferung innert 48h\",\"publisher\":{\"@id\":\"https:\\\/\\\/schweizversand.ch\\\/en\\\/#organization\"},\"alternateName\":\"Schweizversand.ch\",\"potentialAction\":[{\"@type\":\"SearchAction\",\"target\":{\"@type\":\"EntryPoint\",\"urlTemplate\":\"https:\\\/\\\/schweizversand.ch\\\/en\\\/?s={search_term_string}\"},\"query-input\":{\"@type\":\"PropertyValueSpecification\",\"valueRequired\":true,\"valueName\":\"search_term_string\"}}],\"inLanguage\":\"en-US\"},{\"@type\":\"Organization\",\"@id\":\"https:\\\/\\\/schweizversand.ch\\\/en\\\/#organization\",\"name\":\"Schweizversand.ch\",\"url\":\"https:\\\/\\\/schweizversand.ch\\\/en\\\/\",\"logo\":{\"@type\":\"ImageObject\",\"inLanguage\":\"en-US\",\"@id\":\"https:\\\/\\\/schweizversand.ch\\\/en\\\/#\\\/schema\\\/logo\\\/image\\\/\",\"url\":\"https:\\\/\\\/schweizversand.ch\\\/wp-content\\\/uploads\\\/2026\\\/03\\\/Logo_Rund_Final-1.png\",\"contentUrl\":\"https:\\\/\\\/schweizversand.ch\\\/wp-content\\\/uploads\\\/2026\\\/03\\\/Logo_Rund_Final-1.png\",\"width\":404,\"height\":404,\"caption\":\"Schweizversand.ch\"},\"image\":{\"@id\":\"https:\\\/\\\/schweizversand.ch\\\/en\\\/#\\\/schema\\\/logo\\\/image\\\/\"},\"sameAs\":[\"https:\\\/\\\/www.facebook.com\\\/Schweizversand\",\"https:\\\/\\\/www.instagram.com\\\/schweizversand.ch\\\/\"]}]}<\/script>\n<!-- \/ Yoast SEO plugin. -->","yoast_head_json":{"title":"Jilong Aufblasbarer Ball mit Tier-Motiven","description":"Aufblasbarer Tier-Ball \u00d8 50 cm \u2013 Spielspa\u00df f\u00fcr Kinder ab 2 Jahren\u00a0 Mit diesem aufblasbaren Ball (\u00d8 50 cm) wird Spielen im Garten, am Strand oder im Wasser zum t","robots":{"index":"index","follow":"follow","max-snippet":"max-snippet:-1","max-image-preview":"max-image-preview:large","max-video-preview":"max-video-preview:-1"},"canonical":"https:\/\/schweizversand.ch\/en\/produkt\/jilong-aufblasbarer-ball-mit-tier-motiven\/","og_locale":"en_US","og_type":"article","og_title":"Jilong Aufblasbarer Ball mit Tier-Motiven","og_description":"Aufblasbarer Tier-Ball \u00d8 50 cm \u2013 Spielspa\u00df f\u00fcr Kinder ab 2 Jahren\u00a0 Mit diesem aufblasbaren Ball (\u00d8 50 cm) wird Spielen im Garten, am Strand oder im Wasser zum t","og_url":"https:\/\/schweizversand.ch\/en\/produkt\/jilong-aufblasbarer-ball-mit-tier-motiven\/","og_site_name":"Schweizer Shop f\u00fcr Sport, Spiel und Freizeit","article_publisher":"https:\/\/www.facebook.com\/Schweizversand","article_modified_time":"2026-04-15T00:01:38+00:00","og_image":[{"width":1024,"height":680,"url":"https:\/\/schweizversand.ch\/wp-content\/uploads\/2026\/04\/5471918698.png","type":"image\/png"}],"twitter_card":"summary_large_image","twitter_misc":{"Est. reading time":"1 minute"},"schema":{"@context":"https:\/\/schema.org","@graph":[{"@type":"WebPage","@id":"https:\/\/schweizversand.ch\/en\/produkt\/jilong-aufblasbarer-ball-mit-tier-motiven\/","url":"https:\/\/schweizversand.ch\/en\/produkt\/jilong-aufblasbarer-ball-mit-tier-motiven\/","name":"Jilong Aufblasbarer Ball mit Tier-Motiven","isPartOf":{"@id":"https:\/\/schweizversand.ch\/en\/#website"},"primaryImageOfPage":{"@id":"https:\/\/schweizversand.ch\/en\/produkt\/jilong-aufblasbarer-ball-mit-tier-motiven\/#primaryimage"},"image":{"@id":"https:\/\/schweizversand.ch\/en\/produkt\/jilong-aufblasbarer-ball-mit-tier-motiven\/#primaryimage"},"thumbnailUrl":"https:\/\/schweizversand.ch\/wp-content\/uploads\/2026\/04\/5471918698.png","datePublished":"2026-04-11T00:00:26+00:00","dateModified":"2026-04-15T00:01:38+00:00","description":"Aufblasbarer Tier-Ball \u00d8 50 cm \u2013 Spielspa\u00df f\u00fcr Kinder ab 2 Jahren\u00a0 Mit diesem aufblasbaren Ball (\u00d8 50 cm) wird Spielen im Garten, am Strand oder im Wasser zum t","breadcrumb":{"@id":"https:\/\/schweizversand.ch\/en\/produkt\/jilong-aufblasbarer-ball-mit-tier-motiven\/#breadcrumb"},"inLanguage":"en-US","potentialAction":[{"@type":"ReadAction","target":["https:\/\/schweizversand.ch\/en\/produkt\/jilong-aufblasbarer-ball-mit-tier-motiven\/"]}]},{"@type":"ImageObject","inLanguage":"en-US","@id":"https:\/\/schweizversand.ch\/en\/produkt\/jilong-aufblasbarer-ball-mit-tier-motiven\/#primaryimage","url":"https:\/\/schweizversand.ch\/wp-content\/uploads\/2026\/04\/5471918698.png","contentUrl":"https:\/\/schweizversand.ch\/wp-content\/uploads\/2026\/04\/5471918698.png","width":1024,"height":680},{"@type":"BreadcrumbList","@id":"https:\/\/schweizversand.ch\/en\/produkt\/jilong-aufblasbarer-ball-mit-tier-motiven\/#breadcrumb","itemListElement":[{"@type":"ListItem","position":1,"name":"Startseite","item":"https:\/\/schweizversand.ch\/en\/"},{"@type":"ListItem","position":2,"name":"Shop","item":"https:\/\/schweizversand.ch\/en\/shop\/"},{"@type":"ListItem","position":3,"name":"Strandspiele","item":"https:\/\/schweizversand.ch\/en\/produkt-kategorie\/strandspiele\/"},{"@type":"ListItem","position":4,"name":"Jilong Inflatable Ball with Animal Motifs"}]},{"@type":"WebSite","@id":"https:\/\/schweizversand.ch\/en\/#website","url":"https:\/\/schweizversand.ch\/en\/","name":"Schweizer Shop f\u00fcr Sport, Spiel und Freizeit","description":"Gratisversand ab 50.- (netto), ab eigenem schweizer Lager, Lieferung innert 48h","publisher":{"@id":"https:\/\/schweizversand.ch\/en\/#organization"},"alternateName":"Schweizversand.ch","potentialAction":[{"@type":"SearchAction","target":{"@type":"EntryPoint","urlTemplate":"https:\/\/schweizversand.ch\/en\/?s={search_term_string}"},"query-input":{"@type":"PropertyValueSpecification","valueRequired":true,"valueName":"search_term_string"}}],"inLanguage":"en-US"},{"@type":"Organization","@id":"https:\/\/schweizversand.ch\/en\/#organization","name":"Schweizversand.ch","url":"https:\/\/schweizversand.ch\/en\/","logo":{"@type":"ImageObject","inLanguage":"en-US","@id":"https:\/\/schweizversand.ch\/en\/#\/schema\/logo\/image\/","url":"https:\/\/schweizversand.ch\/wp-content\/uploads\/2026\/03\/Logo_Rund_Final-1.png","contentUrl":"https:\/\/schweizversand.ch\/wp-content\/uploads\/2026\/03\/Logo_Rund_Final-1.png","width":404,"height":404,"caption":"Schweizversand.ch"},"image":{"@id":"https:\/\/schweizversand.ch\/en\/#\/schema\/logo\/image\/"},"sameAs":["https:\/\/www.facebook.com\/Schweizversand","https:\/\/www.instagram.com\/schweizversand.ch\/"]}]}},"jetpack_sharing_enabled":true,"_links":{"self":[{"href":"https:\/\/schweizversand.ch\/en\/wp-json\/wp\/v2\/product\/263920","targetHints":{"allow":["GET"]}}],"collection":[{"href":"https:\/\/schweizversand.ch\/en\/wp-json\/wp\/v2\/product"}],"about":[{"href":"https:\/\/schweizversand.ch\/en\/wp-json\/wp\/v2\/types\/product"}],"replies":[{"embeddable":true,"href":"https:\/\/schweizversand.ch\/en\/wp-json\/wp\/v2\/comments?post=263920"}],"wp:featuredmedia":[{"embeddable":true,"href":"https:\/\/schweizversand.ch\/en\/wp-json\/wp\/v2\/media\/265021"}],"wp:attachment":[{"href":"https:\/\/schweizversand.ch\/en\/wp-json\/wp\/v2\/media?parent=263920"}],"wp:term":[{"taxonomy":"product_brand","embeddable":true,"href":"https:\/\/schweizversand.ch\/en\/wp-json\/wp\/v2\/product_brand?post=263920"},{"taxonomy":"product_cat","embeddable":true,"href":"https:\/\/schweizversand.ch\/en\/wp-json\/wp\/v2\/product_cat?post=263920"},{"taxonomy":"product_tag","embeddable":true,"href":"https:\/\/schweizversand.ch\/en\/wp-json\/wp\/v2\/product_tag?post=263920"}],"curies":[{"name":"wp","href":"https:\/\/api.w.org\/{rel}","templated":true}]}}