{"id":263922,"date":"2026-04-11T02:00:26","date_gmt":"2026-04-11T00:00:26","guid":{"rendered":"https:\/\/schweizversand.ch\/produkt\/jilong-kinderpool-3-ring-pool-daisy\/"},"modified":"2026-04-11T15:31:51","modified_gmt":"2026-04-11T13:31:51","slug":"jilong-kinderpool-3-ring-pool-daisy","status":"publish","type":"product","link":"https:\/\/schweizversand.ch\/en\/produkt\/jilong-kinderpool-3-ring-pool-daisy\/","title":{"rendered":"Jilong children&#8217;s pool &#8211; 3-ring pool &#8220;Daisy&#8221;"},"content":{"rendered":"<div>Daisy 3-Ring Pool \u2013 Floral Fun for Kids in the Garden<br \/>Bring summer freshness and playful floral magic to your garden with the Daisy 3-Ring Pool (\u00d8 125 cm x 31 cm)! With its refreshing chrysanthemum print, this inflatable pool is not only functional but also a real eye-catcher \u2013 ideal for children aged 2 to 6 years.<br \/>The pool holds up to 205 liters of water (75% full) and offers little water lovers plenty of space to splash, play, and cool off. Thanks to its robust 3-ring design made of durable PVC, the pool stands stably on any level surface. A repair patch is also included.<br \/>Available in three different colors \u2013 for even more choice and individual style!<br \/>Product details at a glance:<br \/>\u2022 Inflated dimensions: \u00d8 125 cm x 31 cm (\u00d8 49&#8243; x 12&#8243;)<br \/>\u2022 Water capacity (75%): 205 liters \/ 54 gallons<br \/>\u2022 Design: Fresh chrysanthemum print<br \/>\u2022 Color selection: 3 different colors available<br \/>\u2022 Color selection is not possible. The price is per piece.<\/p>\n<\/div>\n<div>\u2022 Recommended age: 2\u20136 years<br \/>\u2022 Material: Durable PVC<br \/>\u2022 Construction: 3-ring design for stability<br \/>\u2022 Includes: Repair patch<\/p>\n<\/div>\n","protected":false},"excerpt":{"rendered":"<p>Jilong Kinderpool \u2013 3-Ring Pool &#8220;Daisy&#8221; bietet stabilen Badespa\u00df mit 205 L Fassungsverm\u00f6gen, buntem Chrysanthemen-Design und robustem PVC f\u00fcr Kinder von 2-6 Jahren.<\/p>\n","protected":false},"featured_media":265030,"comment_status":"open","ping_status":"closed","template":"","meta":[],"product_brand":[],"product_cat":[38315],"product_tag":[],"class_list":{"0":"post-263922","1":"product","2":"type-product","3":"status-publish","4":"has-post-thumbnail","6":"product_cat-wasserspielzeug","7":"product_shipping_class-global_methods","9":"first","10":"instock","11":"taxable","12":"shipping-taxable","13":"purchasable","14":"product-type-simple"},"yoast_head":"<!-- This site is optimized with the Yoast SEO plugin v27.3 - https:\/\/yoast.com\/product\/yoast-seo-wordpress\/ -->\n<title>Jilong Kinderpool - 3-Ring Pool &quot;Daisy&quot;<\/title>\n<meta name=\"description\" content=\"Daisy 3-Ring-Pool \u2013 Blumiger Badespa\u00df f\u00fcr Kinder im Garten\u00a0 Bringen Sie sommerliche Frische und verspielten Bl\u00fctenzauber in Ihren Garten mit dem Daisy 3-Ring-Po\" \/>\n<meta name=\"robots\" content=\"index, follow, max-snippet:-1, max-image-preview:large, max-video-preview:-1\" \/>\n<link rel=\"canonical\" href=\"https:\/\/schweizversand.ch\/en\/produkt\/jilong-kinderpool-3-ring-pool-daisy\/\" \/>\n<meta property=\"og:locale\" content=\"en_US\" \/>\n<meta property=\"og:type\" content=\"article\" \/>\n<meta property=\"og:title\" content=\"Jilong Kinderpool - 3-Ring Pool &quot;Daisy&quot;\" \/>\n<meta property=\"og:description\" content=\"Daisy 3-Ring-Pool \u2013 Blumiger Badespa\u00df f\u00fcr Kinder im Garten\u00a0 Bringen Sie sommerliche Frische und verspielten Bl\u00fctenzauber in Ihren Garten mit dem Daisy 3-Ring-Po\" \/>\n<meta property=\"og:url\" content=\"https:\/\/schweizversand.ch\/en\/produkt\/jilong-kinderpool-3-ring-pool-daisy\/\" \/>\n<meta property=\"og:site_name\" content=\"Schweizer Shop f\u00fcr Sport, Spiel und Freizeit\" \/>\n<meta property=\"article:publisher\" content=\"https:\/\/www.facebook.com\/Schweizversand\" \/>\n<meta property=\"article:modified_time\" content=\"2026-04-11T13:31:51+00:00\" \/>\n<meta property=\"og:image\" content=\"https:\/\/schweizversand.ch\/wp-content\/uploads\/2026\/04\/5471920527.png\" \/>\n\t<meta property=\"og:image:width\" content=\"1024\" \/>\n\t<meta property=\"og:image:height\" content=\"680\" \/>\n\t<meta property=\"og:image:type\" content=\"image\/png\" \/>\n<meta name=\"twitter:card\" content=\"summary_large_image\" \/>\n<meta name=\"twitter:label1\" content=\"Est. reading time\" \/>\n\t<meta name=\"twitter:data1\" content=\"1 minute\" \/>\n<script type=\"application\/ld+json\" class=\"yoast-schema-graph\">{\"@context\":\"https:\\\/\\\/schema.org\",\"@graph\":[{\"@type\":\"WebPage\",\"@id\":\"https:\\\/\\\/schweizversand.ch\\\/en\\\/produkt\\\/jilong-kinderpool-3-ring-pool-daisy\\\/\",\"url\":\"https:\\\/\\\/schweizversand.ch\\\/en\\\/produkt\\\/jilong-kinderpool-3-ring-pool-daisy\\\/\",\"name\":\"Jilong Kinderpool - 3-Ring Pool \\\"Daisy\\\"\",\"isPartOf\":{\"@id\":\"https:\\\/\\\/schweizversand.ch\\\/en\\\/#website\"},\"primaryImageOfPage\":{\"@id\":\"https:\\\/\\\/schweizversand.ch\\\/en\\\/produkt\\\/jilong-kinderpool-3-ring-pool-daisy\\\/#primaryimage\"},\"image\":{\"@id\":\"https:\\\/\\\/schweizversand.ch\\\/en\\\/produkt\\\/jilong-kinderpool-3-ring-pool-daisy\\\/#primaryimage\"},\"thumbnailUrl\":\"https:\\\/\\\/schweizversand.ch\\\/wp-content\\\/uploads\\\/2026\\\/04\\\/5471920527.png\",\"datePublished\":\"2026-04-11T00:00:26+00:00\",\"dateModified\":\"2026-04-11T13:31:51+00:00\",\"description\":\"Daisy 3-Ring-Pool \u2013 Blumiger Badespa\u00df f\u00fcr Kinder im Garten\u00a0 Bringen Sie sommerliche Frische und verspielten Bl\u00fctenzauber in Ihren Garten mit dem Daisy 3-Ring-Po\",\"breadcrumb\":{\"@id\":\"https:\\\/\\\/schweizversand.ch\\\/en\\\/produkt\\\/jilong-kinderpool-3-ring-pool-daisy\\\/#breadcrumb\"},\"inLanguage\":\"en-US\",\"potentialAction\":[{\"@type\":\"ReadAction\",\"target\":[\"https:\\\/\\\/schweizversand.ch\\\/en\\\/produkt\\\/jilong-kinderpool-3-ring-pool-daisy\\\/\"]}]},{\"@type\":\"ImageObject\",\"inLanguage\":\"en-US\",\"@id\":\"https:\\\/\\\/schweizversand.ch\\\/en\\\/produkt\\\/jilong-kinderpool-3-ring-pool-daisy\\\/#primaryimage\",\"url\":\"https:\\\/\\\/schweizversand.ch\\\/wp-content\\\/uploads\\\/2026\\\/04\\\/5471920527.png\",\"contentUrl\":\"https:\\\/\\\/schweizversand.ch\\\/wp-content\\\/uploads\\\/2026\\\/04\\\/5471920527.png\",\"width\":1024,\"height\":680},{\"@type\":\"BreadcrumbList\",\"@id\":\"https:\\\/\\\/schweizversand.ch\\\/en\\\/produkt\\\/jilong-kinderpool-3-ring-pool-daisy\\\/#breadcrumb\",\"itemListElement\":[{\"@type\":\"ListItem\",\"position\":1,\"name\":\"Startseite\",\"item\":\"https:\\\/\\\/schweizversand.ch\\\/en\\\/\"},{\"@type\":\"ListItem\",\"position\":2,\"name\":\"Shop\",\"item\":\"https:\\\/\\\/schweizversand.ch\\\/en\\\/shop\\\/\"},{\"@type\":\"ListItem\",\"position\":3,\"name\":\"Jilong children&#8217;s pool &#8211; 3-ring pool &#8220;Daisy&#8221;\"}]},{\"@type\":\"WebSite\",\"@id\":\"https:\\\/\\\/schweizversand.ch\\\/en\\\/#website\",\"url\":\"https:\\\/\\\/schweizversand.ch\\\/en\\\/\",\"name\":\"Schweizer Shop f\u00fcr Sport, Spiel und Freizeit\",\"description\":\"Gratisversand ab 50.- (netto), ab eigenem schweizer Lager, Lieferung innert 48h\",\"publisher\":{\"@id\":\"https:\\\/\\\/schweizversand.ch\\\/en\\\/#organization\"},\"alternateName\":\"Schweizversand.ch\",\"potentialAction\":[{\"@type\":\"SearchAction\",\"target\":{\"@type\":\"EntryPoint\",\"urlTemplate\":\"https:\\\/\\\/schweizversand.ch\\\/en\\\/?s={search_term_string}\"},\"query-input\":{\"@type\":\"PropertyValueSpecification\",\"valueRequired\":true,\"valueName\":\"search_term_string\"}}],\"inLanguage\":\"en-US\"},{\"@type\":\"Organization\",\"@id\":\"https:\\\/\\\/schweizversand.ch\\\/en\\\/#organization\",\"name\":\"Schweizversand.ch\",\"url\":\"https:\\\/\\\/schweizversand.ch\\\/en\\\/\",\"logo\":{\"@type\":\"ImageObject\",\"inLanguage\":\"en-US\",\"@id\":\"https:\\\/\\\/schweizversand.ch\\\/en\\\/#\\\/schema\\\/logo\\\/image\\\/\",\"url\":\"https:\\\/\\\/schweizversand.ch\\\/wp-content\\\/uploads\\\/2026\\\/03\\\/Logo_Rund_Final-1.png\",\"contentUrl\":\"https:\\\/\\\/schweizversand.ch\\\/wp-content\\\/uploads\\\/2026\\\/03\\\/Logo_Rund_Final-1.png\",\"width\":404,\"height\":404,\"caption\":\"Schweizversand.ch\"},\"image\":{\"@id\":\"https:\\\/\\\/schweizversand.ch\\\/en\\\/#\\\/schema\\\/logo\\\/image\\\/\"},\"sameAs\":[\"https:\\\/\\\/www.facebook.com\\\/Schweizversand\",\"https:\\\/\\\/www.instagram.com\\\/schweizversand.ch\\\/\"]}]}<\/script>\n<!-- \/ Yoast SEO plugin. -->","yoast_head_json":{"title":"Jilong Kinderpool - 3-Ring Pool \"Daisy\"","description":"Daisy 3-Ring-Pool \u2013 Blumiger Badespa\u00df f\u00fcr Kinder im Garten\u00a0 Bringen Sie sommerliche Frische und verspielten Bl\u00fctenzauber in Ihren Garten mit dem Daisy 3-Ring-Po","robots":{"index":"index","follow":"follow","max-snippet":"max-snippet:-1","max-image-preview":"max-image-preview:large","max-video-preview":"max-video-preview:-1"},"canonical":"https:\/\/schweizversand.ch\/en\/produkt\/jilong-kinderpool-3-ring-pool-daisy\/","og_locale":"en_US","og_type":"article","og_title":"Jilong Kinderpool - 3-Ring Pool \"Daisy\"","og_description":"Daisy 3-Ring-Pool \u2013 Blumiger Badespa\u00df f\u00fcr Kinder im Garten\u00a0 Bringen Sie sommerliche Frische und verspielten Bl\u00fctenzauber in Ihren Garten mit dem Daisy 3-Ring-Po","og_url":"https:\/\/schweizversand.ch\/en\/produkt\/jilong-kinderpool-3-ring-pool-daisy\/","og_site_name":"Schweizer Shop f\u00fcr Sport, Spiel und Freizeit","article_publisher":"https:\/\/www.facebook.com\/Schweizversand","article_modified_time":"2026-04-11T13:31:51+00:00","og_image":[{"width":1024,"height":680,"url":"https:\/\/schweizversand.ch\/wp-content\/uploads\/2026\/04\/5471920527.png","type":"image\/png"}],"twitter_card":"summary_large_image","twitter_misc":{"Est. reading time":"1 minute"},"schema":{"@context":"https:\/\/schema.org","@graph":[{"@type":"WebPage","@id":"https:\/\/schweizversand.ch\/en\/produkt\/jilong-kinderpool-3-ring-pool-daisy\/","url":"https:\/\/schweizversand.ch\/en\/produkt\/jilong-kinderpool-3-ring-pool-daisy\/","name":"Jilong Kinderpool - 3-Ring Pool \"Daisy\"","isPartOf":{"@id":"https:\/\/schweizversand.ch\/en\/#website"},"primaryImageOfPage":{"@id":"https:\/\/schweizversand.ch\/en\/produkt\/jilong-kinderpool-3-ring-pool-daisy\/#primaryimage"},"image":{"@id":"https:\/\/schweizversand.ch\/en\/produkt\/jilong-kinderpool-3-ring-pool-daisy\/#primaryimage"},"thumbnailUrl":"https:\/\/schweizversand.ch\/wp-content\/uploads\/2026\/04\/5471920527.png","datePublished":"2026-04-11T00:00:26+00:00","dateModified":"2026-04-11T13:31:51+00:00","description":"Daisy 3-Ring-Pool \u2013 Blumiger Badespa\u00df f\u00fcr Kinder im Garten\u00a0 Bringen Sie sommerliche Frische und verspielten Bl\u00fctenzauber in Ihren Garten mit dem Daisy 3-Ring-Po","breadcrumb":{"@id":"https:\/\/schweizversand.ch\/en\/produkt\/jilong-kinderpool-3-ring-pool-daisy\/#breadcrumb"},"inLanguage":"en-US","potentialAction":[{"@type":"ReadAction","target":["https:\/\/schweizversand.ch\/en\/produkt\/jilong-kinderpool-3-ring-pool-daisy\/"]}]},{"@type":"ImageObject","inLanguage":"en-US","@id":"https:\/\/schweizversand.ch\/en\/produkt\/jilong-kinderpool-3-ring-pool-daisy\/#primaryimage","url":"https:\/\/schweizversand.ch\/wp-content\/uploads\/2026\/04\/5471920527.png","contentUrl":"https:\/\/schweizversand.ch\/wp-content\/uploads\/2026\/04\/5471920527.png","width":1024,"height":680},{"@type":"BreadcrumbList","@id":"https:\/\/schweizversand.ch\/en\/produkt\/jilong-kinderpool-3-ring-pool-daisy\/#breadcrumb","itemListElement":[{"@type":"ListItem","position":1,"name":"Startseite","item":"https:\/\/schweizversand.ch\/en\/"},{"@type":"ListItem","position":2,"name":"Shop","item":"https:\/\/schweizversand.ch\/en\/shop\/"},{"@type":"ListItem","position":3,"name":"Jilong children&#8217;s pool &#8211; 3-ring pool &#8220;Daisy&#8221;"}]},{"@type":"WebSite","@id":"https:\/\/schweizversand.ch\/en\/#website","url":"https:\/\/schweizversand.ch\/en\/","name":"Schweizer Shop f\u00fcr Sport, Spiel und Freizeit","description":"Gratisversand ab 50.- (netto), ab eigenem schweizer Lager, Lieferung innert 48h","publisher":{"@id":"https:\/\/schweizversand.ch\/en\/#organization"},"alternateName":"Schweizversand.ch","potentialAction":[{"@type":"SearchAction","target":{"@type":"EntryPoint","urlTemplate":"https:\/\/schweizversand.ch\/en\/?s={search_term_string}"},"query-input":{"@type":"PropertyValueSpecification","valueRequired":true,"valueName":"search_term_string"}}],"inLanguage":"en-US"},{"@type":"Organization","@id":"https:\/\/schweizversand.ch\/en\/#organization","name":"Schweizversand.ch","url":"https:\/\/schweizversand.ch\/en\/","logo":{"@type":"ImageObject","inLanguage":"en-US","@id":"https:\/\/schweizversand.ch\/en\/#\/schema\/logo\/image\/","url":"https:\/\/schweizversand.ch\/wp-content\/uploads\/2026\/03\/Logo_Rund_Final-1.png","contentUrl":"https:\/\/schweizversand.ch\/wp-content\/uploads\/2026\/03\/Logo_Rund_Final-1.png","width":404,"height":404,"caption":"Schweizversand.ch"},"image":{"@id":"https:\/\/schweizversand.ch\/en\/#\/schema\/logo\/image\/"},"sameAs":["https:\/\/www.facebook.com\/Schweizversand","https:\/\/www.instagram.com\/schweizversand.ch\/"]}]}},"jetpack_sharing_enabled":true,"_links":{"self":[{"href":"https:\/\/schweizversand.ch\/en\/wp-json\/wp\/v2\/product\/263922","targetHints":{"allow":["GET"]}}],"collection":[{"href":"https:\/\/schweizversand.ch\/en\/wp-json\/wp\/v2\/product"}],"about":[{"href":"https:\/\/schweizversand.ch\/en\/wp-json\/wp\/v2\/types\/product"}],"replies":[{"embeddable":true,"href":"https:\/\/schweizversand.ch\/en\/wp-json\/wp\/v2\/comments?post=263922"}],"wp:featuredmedia":[{"embeddable":true,"href":"https:\/\/schweizversand.ch\/en\/wp-json\/wp\/v2\/media\/265030"}],"wp:attachment":[{"href":"https:\/\/schweizversand.ch\/en\/wp-json\/wp\/v2\/media?parent=263922"}],"wp:term":[{"taxonomy":"product_brand","embeddable":true,"href":"https:\/\/schweizversand.ch\/en\/wp-json\/wp\/v2\/product_brand?post=263922"},{"taxonomy":"product_cat","embeddable":true,"href":"https:\/\/schweizversand.ch\/en\/wp-json\/wp\/v2\/product_cat?post=263922"},{"taxonomy":"product_tag","embeddable":true,"href":"https:\/\/schweizversand.ch\/en\/wp-json\/wp\/v2\/product_tag?post=263922"}],"curies":[{"name":"wp","href":"https:\/\/api.w.org\/{rel}","templated":true}]}}