{"id":263924,"date":"2026-04-11T02:00:27","date_gmt":"2026-04-11T00:00:27","guid":{"rendered":"https:\/\/schweizversand.ch\/produkt\/jilong-glitzer-ball\/"},"modified":"2026-04-11T15:31:51","modified_gmt":"2026-04-11T13:31:51","slug":"jilong-glitzer-ball","status":"publish","type":"product","link":"https:\/\/schweizversand.ch\/en\/produkt\/jilong-glitzer-ball\/","title":{"rendered":"Jilong Glitter Ball"},"content":{"rendered":"<h1><strong>Jilong Glitter<\/strong> <strong>Ball (assorted, \u230050 cm)<\/strong><\/h1>\n<div>Bring glamour and fun to your summer! This <strong>inflatable beach ball<\/strong> with sparkling sequins is the ultimate <strong>pool toy sequins<\/strong> and guarantees unforgettable moments at the beach, in the pool, or in the garden.<\/p>\n<\/div>\n<div><strong>Design and Functionality<\/strong><br \/>The <strong>Jilong Glitter Ball<\/strong> impresses with its eye-catching design. Inside the transparent ball are shimmering sequins that create a spectacular, <strong>sparkling beach ball<\/strong> effect with every movement and sunlight. With a diameter of approximately 50 cm, this 50 cm beach ball is ideal for all ages. Your advantages at a glance: &#8211; Spectacular glitter effect thanks to sparkling sequins &#8211; Ideal pool toy for children, teenagers, and adults &#8211; Perfect for summer parties, pool parties, and the beach &#8211; Made of durable vinyl for longevity and robustness &#8211; Easy to inflate and space-saving for transport. Material and dimensions: This glitter beach ball is made of high-quality, durable vinyl, so it can withstand even intensive play sessions. It is robust and does not need to be constantly reinflated.<br \/>&#8211; Diameter (inflated): approx. 50 cm<br \/>&#8211; Material: Durable vinyl<\/p>\n<\/div>\n<div><strong>Delivery Information<\/strong><br \/>The color of the beach ball is not selectable. Delivery is assorted, while stocks last. The price shown is per ball.<\/p>\n<\/div>\n<div>Get this <strong>sparkling beach ball<\/strong> now and make your next trip to the lake or pool a dazzling event!<\/div>\n<div><\/div>\n","protected":false},"excerpt":{"rendered":"<p>Jilong Glitzer Ball begeistert mit funkelnden Pailletten und 50 cm Durchmesser. Das perfekte, auff\u00e4llige Poolspielzeug f\u00fcr unvergesslichen Sommerspa\u00df am Wasser.<\/p>\n","protected":false},"featured_media":265039,"comment_status":"open","ping_status":"closed","template":"","meta":[],"product_brand":[],"product_cat":[38315],"product_tag":[],"class_list":{"0":"post-263924","1":"product","2":"type-product","3":"status-publish","4":"has-post-thumbnail","6":"product_cat-wasserspielzeug","7":"product_shipping_class-global_methods","9":"first","10":"instock","11":"taxable","12":"shipping-taxable","13":"purchasable","14":"product-type-simple"},"yoast_head":"<!-- This site is optimized with the Yoast SEO plugin v27.3 - https:\/\/yoast.com\/product\/yoast-seo-wordpress\/ -->\n<title>Jilong Glitzer Ball<\/title>\n<meta name=\"description\" content=\"Jilong Glitzer Ball (assortiert, \u230050 cm) Bringen Sie Glamour und Spass in Ihren Sommer! Dieser Aufblasbarer Wasserball mit funkelnden Pailletten ist das ultimat\" \/>\n<meta name=\"robots\" content=\"index, follow, max-snippet:-1, max-image-preview:large, max-video-preview:-1\" \/>\n<link rel=\"canonical\" href=\"https:\/\/schweizversand.ch\/en\/produkt\/jilong-glitzer-ball\/\" \/>\n<meta property=\"og:locale\" content=\"en_US\" \/>\n<meta property=\"og:type\" content=\"article\" \/>\n<meta property=\"og:title\" content=\"Jilong Glitzer Ball\" \/>\n<meta property=\"og:description\" content=\"Jilong Glitzer Ball (assortiert, \u230050 cm) Bringen Sie Glamour und Spass in Ihren Sommer! Dieser Aufblasbarer Wasserball mit funkelnden Pailletten ist das ultimat\" \/>\n<meta property=\"og:url\" content=\"https:\/\/schweizversand.ch\/en\/produkt\/jilong-glitzer-ball\/\" \/>\n<meta property=\"og:site_name\" content=\"Schweizer Shop f\u00fcr Sport, Spiel und Freizeit\" \/>\n<meta property=\"article:publisher\" content=\"https:\/\/www.facebook.com\/Schweizversand\" \/>\n<meta property=\"article:modified_time\" content=\"2026-04-11T13:31:51+00:00\" \/>\n<meta property=\"og:image\" content=\"https:\/\/schweizversand.ch\/wp-content\/uploads\/2026\/04\/5471973049.png\" \/>\n\t<meta property=\"og:image:width\" content=\"1024\" \/>\n\t<meta property=\"og:image:height\" content=\"680\" \/>\n\t<meta property=\"og:image:type\" content=\"image\/png\" \/>\n<meta name=\"twitter:card\" content=\"summary_large_image\" \/>\n<meta name=\"twitter:label1\" content=\"Est. reading time\" \/>\n\t<meta name=\"twitter:data1\" content=\"1 minute\" \/>\n<script type=\"application\/ld+json\" class=\"yoast-schema-graph\">{\"@context\":\"https:\\\/\\\/schema.org\",\"@graph\":[{\"@type\":\"WebPage\",\"@id\":\"https:\\\/\\\/schweizversand.ch\\\/en\\\/produkt\\\/jilong-glitzer-ball\\\/\",\"url\":\"https:\\\/\\\/schweizversand.ch\\\/en\\\/produkt\\\/jilong-glitzer-ball\\\/\",\"name\":\"Jilong Glitzer Ball\",\"isPartOf\":{\"@id\":\"https:\\\/\\\/schweizversand.ch\\\/en\\\/#website\"},\"primaryImageOfPage\":{\"@id\":\"https:\\\/\\\/schweizversand.ch\\\/en\\\/produkt\\\/jilong-glitzer-ball\\\/#primaryimage\"},\"image\":{\"@id\":\"https:\\\/\\\/schweizversand.ch\\\/en\\\/produkt\\\/jilong-glitzer-ball\\\/#primaryimage\"},\"thumbnailUrl\":\"https:\\\/\\\/schweizversand.ch\\\/wp-content\\\/uploads\\\/2026\\\/04\\\/5471973049.png\",\"datePublished\":\"2026-04-11T00:00:27+00:00\",\"dateModified\":\"2026-04-11T13:31:51+00:00\",\"description\":\"Jilong Glitzer Ball (assortiert, \u230050 cm) Bringen Sie Glamour und Spass in Ihren Sommer! Dieser Aufblasbarer Wasserball mit funkelnden Pailletten ist das ultimat\",\"breadcrumb\":{\"@id\":\"https:\\\/\\\/schweizversand.ch\\\/en\\\/produkt\\\/jilong-glitzer-ball\\\/#breadcrumb\"},\"inLanguage\":\"en-US\",\"potentialAction\":[{\"@type\":\"ReadAction\",\"target\":[\"https:\\\/\\\/schweizversand.ch\\\/en\\\/produkt\\\/jilong-glitzer-ball\\\/\"]}]},{\"@type\":\"ImageObject\",\"inLanguage\":\"en-US\",\"@id\":\"https:\\\/\\\/schweizversand.ch\\\/en\\\/produkt\\\/jilong-glitzer-ball\\\/#primaryimage\",\"url\":\"https:\\\/\\\/schweizversand.ch\\\/wp-content\\\/uploads\\\/2026\\\/04\\\/5471973049.png\",\"contentUrl\":\"https:\\\/\\\/schweizversand.ch\\\/wp-content\\\/uploads\\\/2026\\\/04\\\/5471973049.png\",\"width\":1024,\"height\":680},{\"@type\":\"BreadcrumbList\",\"@id\":\"https:\\\/\\\/schweizversand.ch\\\/en\\\/produkt\\\/jilong-glitzer-ball\\\/#breadcrumb\",\"itemListElement\":[{\"@type\":\"ListItem\",\"position\":1,\"name\":\"Startseite\",\"item\":\"https:\\\/\\\/schweizversand.ch\\\/en\\\/\"},{\"@type\":\"ListItem\",\"position\":2,\"name\":\"Shop\",\"item\":\"https:\\\/\\\/schweizversand.ch\\\/en\\\/shop\\\/\"},{\"@type\":\"ListItem\",\"position\":3,\"name\":\"Jilong Glitter Ball\"}]},{\"@type\":\"WebSite\",\"@id\":\"https:\\\/\\\/schweizversand.ch\\\/en\\\/#website\",\"url\":\"https:\\\/\\\/schweizversand.ch\\\/en\\\/\",\"name\":\"Schweizer Shop f\u00fcr Sport, Spiel und Freizeit\",\"description\":\"Gratisversand ab 50.- (netto), ab eigenem schweizer Lager, Lieferung innert 48h\",\"publisher\":{\"@id\":\"https:\\\/\\\/schweizversand.ch\\\/en\\\/#organization\"},\"alternateName\":\"Schweizversand.ch\",\"potentialAction\":[{\"@type\":\"SearchAction\",\"target\":{\"@type\":\"EntryPoint\",\"urlTemplate\":\"https:\\\/\\\/schweizversand.ch\\\/en\\\/?s={search_term_string}\"},\"query-input\":{\"@type\":\"PropertyValueSpecification\",\"valueRequired\":true,\"valueName\":\"search_term_string\"}}],\"inLanguage\":\"en-US\"},{\"@type\":\"Organization\",\"@id\":\"https:\\\/\\\/schweizversand.ch\\\/en\\\/#organization\",\"name\":\"Schweizversand.ch\",\"url\":\"https:\\\/\\\/schweizversand.ch\\\/en\\\/\",\"logo\":{\"@type\":\"ImageObject\",\"inLanguage\":\"en-US\",\"@id\":\"https:\\\/\\\/schweizversand.ch\\\/en\\\/#\\\/schema\\\/logo\\\/image\\\/\",\"url\":\"https:\\\/\\\/schweizversand.ch\\\/wp-content\\\/uploads\\\/2026\\\/03\\\/Logo_Rund_Final-1.png\",\"contentUrl\":\"https:\\\/\\\/schweizversand.ch\\\/wp-content\\\/uploads\\\/2026\\\/03\\\/Logo_Rund_Final-1.png\",\"width\":404,\"height\":404,\"caption\":\"Schweizversand.ch\"},\"image\":{\"@id\":\"https:\\\/\\\/schweizversand.ch\\\/en\\\/#\\\/schema\\\/logo\\\/image\\\/\"},\"sameAs\":[\"https:\\\/\\\/www.facebook.com\\\/Schweizversand\",\"https:\\\/\\\/www.instagram.com\\\/schweizversand.ch\\\/\"]}]}<\/script>\n<!-- \/ Yoast SEO plugin. -->","yoast_head_json":{"title":"Jilong Glitzer Ball","description":"Jilong Glitzer Ball (assortiert, \u230050 cm) Bringen Sie Glamour und Spass in Ihren Sommer! Dieser Aufblasbarer Wasserball mit funkelnden Pailletten ist das ultimat","robots":{"index":"index","follow":"follow","max-snippet":"max-snippet:-1","max-image-preview":"max-image-preview:large","max-video-preview":"max-video-preview:-1"},"canonical":"https:\/\/schweizversand.ch\/en\/produkt\/jilong-glitzer-ball\/","og_locale":"en_US","og_type":"article","og_title":"Jilong Glitzer Ball","og_description":"Jilong Glitzer Ball (assortiert, \u230050 cm) Bringen Sie Glamour und Spass in Ihren Sommer! Dieser Aufblasbarer Wasserball mit funkelnden Pailletten ist das ultimat","og_url":"https:\/\/schweizversand.ch\/en\/produkt\/jilong-glitzer-ball\/","og_site_name":"Schweizer Shop f\u00fcr Sport, Spiel und Freizeit","article_publisher":"https:\/\/www.facebook.com\/Schweizversand","article_modified_time":"2026-04-11T13:31:51+00:00","og_image":[{"width":1024,"height":680,"url":"https:\/\/schweizversand.ch\/wp-content\/uploads\/2026\/04\/5471973049.png","type":"image\/png"}],"twitter_card":"summary_large_image","twitter_misc":{"Est. reading time":"1 minute"},"schema":{"@context":"https:\/\/schema.org","@graph":[{"@type":"WebPage","@id":"https:\/\/schweizversand.ch\/en\/produkt\/jilong-glitzer-ball\/","url":"https:\/\/schweizversand.ch\/en\/produkt\/jilong-glitzer-ball\/","name":"Jilong Glitzer Ball","isPartOf":{"@id":"https:\/\/schweizversand.ch\/en\/#website"},"primaryImageOfPage":{"@id":"https:\/\/schweizversand.ch\/en\/produkt\/jilong-glitzer-ball\/#primaryimage"},"image":{"@id":"https:\/\/schweizversand.ch\/en\/produkt\/jilong-glitzer-ball\/#primaryimage"},"thumbnailUrl":"https:\/\/schweizversand.ch\/wp-content\/uploads\/2026\/04\/5471973049.png","datePublished":"2026-04-11T00:00:27+00:00","dateModified":"2026-04-11T13:31:51+00:00","description":"Jilong Glitzer Ball (assortiert, \u230050 cm) Bringen Sie Glamour und Spass in Ihren Sommer! Dieser Aufblasbarer Wasserball mit funkelnden Pailletten ist das ultimat","breadcrumb":{"@id":"https:\/\/schweizversand.ch\/en\/produkt\/jilong-glitzer-ball\/#breadcrumb"},"inLanguage":"en-US","potentialAction":[{"@type":"ReadAction","target":["https:\/\/schweizversand.ch\/en\/produkt\/jilong-glitzer-ball\/"]}]},{"@type":"ImageObject","inLanguage":"en-US","@id":"https:\/\/schweizversand.ch\/en\/produkt\/jilong-glitzer-ball\/#primaryimage","url":"https:\/\/schweizversand.ch\/wp-content\/uploads\/2026\/04\/5471973049.png","contentUrl":"https:\/\/schweizversand.ch\/wp-content\/uploads\/2026\/04\/5471973049.png","width":1024,"height":680},{"@type":"BreadcrumbList","@id":"https:\/\/schweizversand.ch\/en\/produkt\/jilong-glitzer-ball\/#breadcrumb","itemListElement":[{"@type":"ListItem","position":1,"name":"Startseite","item":"https:\/\/schweizversand.ch\/en\/"},{"@type":"ListItem","position":2,"name":"Shop","item":"https:\/\/schweizversand.ch\/en\/shop\/"},{"@type":"ListItem","position":3,"name":"Jilong Glitter Ball"}]},{"@type":"WebSite","@id":"https:\/\/schweizversand.ch\/en\/#website","url":"https:\/\/schweizversand.ch\/en\/","name":"Schweizer Shop f\u00fcr Sport, Spiel und Freizeit","description":"Gratisversand ab 50.- (netto), ab eigenem schweizer Lager, Lieferung innert 48h","publisher":{"@id":"https:\/\/schweizversand.ch\/en\/#organization"},"alternateName":"Schweizversand.ch","potentialAction":[{"@type":"SearchAction","target":{"@type":"EntryPoint","urlTemplate":"https:\/\/schweizversand.ch\/en\/?s={search_term_string}"},"query-input":{"@type":"PropertyValueSpecification","valueRequired":true,"valueName":"search_term_string"}}],"inLanguage":"en-US"},{"@type":"Organization","@id":"https:\/\/schweizversand.ch\/en\/#organization","name":"Schweizversand.ch","url":"https:\/\/schweizversand.ch\/en\/","logo":{"@type":"ImageObject","inLanguage":"en-US","@id":"https:\/\/schweizversand.ch\/en\/#\/schema\/logo\/image\/","url":"https:\/\/schweizversand.ch\/wp-content\/uploads\/2026\/03\/Logo_Rund_Final-1.png","contentUrl":"https:\/\/schweizversand.ch\/wp-content\/uploads\/2026\/03\/Logo_Rund_Final-1.png","width":404,"height":404,"caption":"Schweizversand.ch"},"image":{"@id":"https:\/\/schweizversand.ch\/en\/#\/schema\/logo\/image\/"},"sameAs":["https:\/\/www.facebook.com\/Schweizversand","https:\/\/www.instagram.com\/schweizversand.ch\/"]}]}},"jetpack_sharing_enabled":true,"_links":{"self":[{"href":"https:\/\/schweizversand.ch\/en\/wp-json\/wp\/v2\/product\/263924","targetHints":{"allow":["GET"]}}],"collection":[{"href":"https:\/\/schweizversand.ch\/en\/wp-json\/wp\/v2\/product"}],"about":[{"href":"https:\/\/schweizversand.ch\/en\/wp-json\/wp\/v2\/types\/product"}],"replies":[{"embeddable":true,"href":"https:\/\/schweizversand.ch\/en\/wp-json\/wp\/v2\/comments?post=263924"}],"wp:featuredmedia":[{"embeddable":true,"href":"https:\/\/schweizversand.ch\/en\/wp-json\/wp\/v2\/media\/265039"}],"wp:attachment":[{"href":"https:\/\/schweizversand.ch\/en\/wp-json\/wp\/v2\/media?parent=263924"}],"wp:term":[{"taxonomy":"product_brand","embeddable":true,"href":"https:\/\/schweizversand.ch\/en\/wp-json\/wp\/v2\/product_brand?post=263924"},{"taxonomy":"product_cat","embeddable":true,"href":"https:\/\/schweizversand.ch\/en\/wp-json\/wp\/v2\/product_cat?post=263924"},{"taxonomy":"product_tag","embeddable":true,"href":"https:\/\/schweizversand.ch\/en\/wp-json\/wp\/v2\/product_tag?post=263924"}],"curies":[{"name":"wp","href":"https:\/\/api.w.org\/{rel}","templated":true}]}}