{"id":263927,"date":"2026-04-11T02:00:27","date_gmt":"2026-04-11T00:00:27","guid":{"rendered":"https:\/\/schweizversand.ch\/produkt\/jilong-aufblasbare-schildkroete\/"},"modified":"2026-04-11T15:31:51","modified_gmt":"2026-04-11T13:31:51","slug":"jilong-aufblasbare-schildkroete","status":"publish","type":"product","link":"https:\/\/schweizversand.ch\/en\/produkt\/jilong-aufblasbare-schildkroete\/","title":{"rendered":"Jilong Inflatable Turtle"},"content":{"rendered":"<p>Turtle \u2013 Cute Water Toy for Children Ages 3 and Up<\/p>\n<p>The Sea Turtle Ride-on is the perfect companion for little water lovers! With its generous dimensions of 135 x 119 x 60 cm (inflated), the inflatable turtle ride-on offers plenty of room to play, balance, and have fun.<\/p>\n<p>The cute turtle design delights children ages 3 and up and creates a real vacation feeling in the pool, at the beach, or at the lake. Two separate air chambers and two sturdy handles ensure maximum safety and a secure grip.<\/p>\n<p>The cute turtle design delights children ages 3 and up and creates a real vacation feeling in the pool, at the beach, or at the lake. Product Details:<\/p>\n<p>\u2022 Inflated dimensions: 135 cm x 119 cm x 60 cm (53&#8243; x 47&#8243; x 23.5&#8243;)<\/p>\n<p>\u2022 Deflated dimensions: 117 cm x 115 cm (46&#8243; x 45&#8243;)<\/p>\n<p>\u2022 Design: Cute turtle<\/p>\n<p>\u2022 Safety: 2 air chambers and 2 durable handles<\/p>\n<p>\u2022 Maximum weight capacity: 45 kg (99 lbs)<\/p>\n<p>\u2022 Recommended age: 3 years and up<\/p>\n<p>\u2022 Accessories: Repair patch &amp; paint box<\/p>\n","protected":false},"excerpt":{"rendered":"<p>Jilong Aufblasbare Schildkr\u00f6te bietet sicheren Badespa\u00df mit stabilem Design und extra Luftkammern \u2013 ideal f\u00fcr Kinder ab 3 Jahren im Pool, See oder Planschbecken.<\/p>\n","protected":false},"featured_media":265053,"comment_status":"open","ping_status":"closed","template":"","meta":[],"product_brand":[],"product_cat":[38315],"product_tag":[],"class_list":{"0":"post-263927","1":"product","2":"type-product","3":"status-publish","4":"has-post-thumbnail","6":"product_cat-wasserspielzeug","7":"product_shipping_class-global_methods","9":"first","10":"instock","11":"taxable","12":"shipping-taxable","13":"purchasable","14":"product-type-simple"},"yoast_head":"<!-- This site is optimized with the Yoast SEO plugin v27.3 - https:\/\/yoast.com\/product\/yoast-seo-wordpress\/ -->\n<title>Jilong Aufblasbare Schildkr\u00f6te<\/title>\n<meta name=\"description\" content=\"Schildk\u00f6te \u2013 Niedliches Wasserspielzeug f\u00fcr Kinder ab 3 Jahren Das Sea Turtle Ride-on ist der perfekte Begleiter f\u00fcr kleine Wasserratten! Mit seinen gro\u00dfz\u00fcgige\" \/>\n<meta name=\"robots\" content=\"index, follow, max-snippet:-1, max-image-preview:large, max-video-preview:-1\" \/>\n<link rel=\"canonical\" href=\"https:\/\/schweizversand.ch\/en\/produkt\/jilong-aufblasbare-schildkroete\/\" \/>\n<meta property=\"og:locale\" content=\"en_US\" \/>\n<meta property=\"og:type\" content=\"article\" \/>\n<meta property=\"og:title\" content=\"Jilong Aufblasbare Schildkr\u00f6te\" \/>\n<meta property=\"og:description\" content=\"Schildk\u00f6te \u2013 Niedliches Wasserspielzeug f\u00fcr Kinder ab 3 Jahren Das Sea Turtle Ride-on ist der perfekte Begleiter f\u00fcr kleine Wasserratten! Mit seinen gro\u00dfz\u00fcgige\" \/>\n<meta property=\"og:url\" content=\"https:\/\/schweizversand.ch\/en\/produkt\/jilong-aufblasbare-schildkroete\/\" \/>\n<meta property=\"og:site_name\" content=\"Schweizer Shop f\u00fcr Sport, Spiel und Freizeit\" \/>\n<meta property=\"article:publisher\" content=\"https:\/\/www.facebook.com\/Schweizversand\" \/>\n<meta property=\"article:modified_time\" content=\"2026-04-11T13:31:51+00:00\" \/>\n<meta name=\"twitter:card\" content=\"summary_large_image\" \/>\n<meta name=\"twitter:label1\" content=\"Est. reading time\" \/>\n\t<meta name=\"twitter:data1\" content=\"1 minute\" \/>\n<script type=\"application\/ld+json\" class=\"yoast-schema-graph\">{\"@context\":\"https:\\\/\\\/schema.org\",\"@graph\":[{\"@type\":\"WebPage\",\"@id\":\"https:\\\/\\\/schweizversand.ch\\\/en\\\/produkt\\\/jilong-aufblasbare-schildkroete\\\/\",\"url\":\"https:\\\/\\\/schweizversand.ch\\\/en\\\/produkt\\\/jilong-aufblasbare-schildkroete\\\/\",\"name\":\"Jilong Aufblasbare Schildkr\u00f6te\",\"isPartOf\":{\"@id\":\"https:\\\/\\\/schweizversand.ch\\\/en\\\/#website\"},\"primaryImageOfPage\":{\"@id\":\"https:\\\/\\\/schweizversand.ch\\\/en\\\/produkt\\\/jilong-aufblasbare-schildkroete\\\/#primaryimage\"},\"image\":{\"@id\":\"https:\\\/\\\/schweizversand.ch\\\/en\\\/produkt\\\/jilong-aufblasbare-schildkroete\\\/#primaryimage\"},\"thumbnailUrl\":\"https:\\\/\\\/schweizversand.ch\\\/wp-content\\\/uploads\\\/2026\\\/04\\\/5471919694.png\",\"datePublished\":\"2026-04-11T00:00:27+00:00\",\"dateModified\":\"2026-04-11T13:31:51+00:00\",\"description\":\"Schildk\u00f6te \u2013 Niedliches Wasserspielzeug f\u00fcr Kinder ab 3 Jahren Das Sea Turtle Ride-on ist der perfekte Begleiter f\u00fcr kleine Wasserratten! Mit seinen gro\u00dfz\u00fcgige\",\"breadcrumb\":{\"@id\":\"https:\\\/\\\/schweizversand.ch\\\/en\\\/produkt\\\/jilong-aufblasbare-schildkroete\\\/#breadcrumb\"},\"inLanguage\":\"en-US\",\"potentialAction\":[{\"@type\":\"ReadAction\",\"target\":[\"https:\\\/\\\/schweizversand.ch\\\/en\\\/produkt\\\/jilong-aufblasbare-schildkroete\\\/\"]}]},{\"@type\":\"ImageObject\",\"inLanguage\":\"en-US\",\"@id\":\"https:\\\/\\\/schweizversand.ch\\\/en\\\/produkt\\\/jilong-aufblasbare-schildkroete\\\/#primaryimage\",\"url\":\"https:\\\/\\\/schweizversand.ch\\\/wp-content\\\/uploads\\\/2026\\\/04\\\/5471919694.png\",\"contentUrl\":\"https:\\\/\\\/schweizversand.ch\\\/wp-content\\\/uploads\\\/2026\\\/04\\\/5471919694.png\",\"width\":1024,\"height\":680},{\"@type\":\"BreadcrumbList\",\"@id\":\"https:\\\/\\\/schweizversand.ch\\\/en\\\/produkt\\\/jilong-aufblasbare-schildkroete\\\/#breadcrumb\",\"itemListElement\":[{\"@type\":\"ListItem\",\"position\":1,\"name\":\"Startseite\",\"item\":\"https:\\\/\\\/schweizversand.ch\\\/en\\\/\"},{\"@type\":\"ListItem\",\"position\":2,\"name\":\"Shop\",\"item\":\"https:\\\/\\\/schweizversand.ch\\\/en\\\/shop\\\/\"},{\"@type\":\"ListItem\",\"position\":3,\"name\":\"Jilong Inflatable Turtle\"}]},{\"@type\":\"WebSite\",\"@id\":\"https:\\\/\\\/schweizversand.ch\\\/en\\\/#website\",\"url\":\"https:\\\/\\\/schweizversand.ch\\\/en\\\/\",\"name\":\"Schweizer Shop f\u00fcr Sport, Spiel und Freizeit\",\"description\":\"Gratisversand ab 50.- (netto), ab eigenem schweizer Lager, Lieferung innert 48h\",\"publisher\":{\"@id\":\"https:\\\/\\\/schweizversand.ch\\\/en\\\/#organization\"},\"alternateName\":\"Schweizversand.ch\",\"potentialAction\":[{\"@type\":\"SearchAction\",\"target\":{\"@type\":\"EntryPoint\",\"urlTemplate\":\"https:\\\/\\\/schweizversand.ch\\\/en\\\/?s={search_term_string}\"},\"query-input\":{\"@type\":\"PropertyValueSpecification\",\"valueRequired\":true,\"valueName\":\"search_term_string\"}}],\"inLanguage\":\"en-US\"},{\"@type\":\"Organization\",\"@id\":\"https:\\\/\\\/schweizversand.ch\\\/en\\\/#organization\",\"name\":\"Schweizversand.ch\",\"url\":\"https:\\\/\\\/schweizversand.ch\\\/en\\\/\",\"logo\":{\"@type\":\"ImageObject\",\"inLanguage\":\"en-US\",\"@id\":\"https:\\\/\\\/schweizversand.ch\\\/en\\\/#\\\/schema\\\/logo\\\/image\\\/\",\"url\":\"https:\\\/\\\/schweizversand.ch\\\/wp-content\\\/uploads\\\/2026\\\/03\\\/Logo_Rund_Final-1.png\",\"contentUrl\":\"https:\\\/\\\/schweizversand.ch\\\/wp-content\\\/uploads\\\/2026\\\/03\\\/Logo_Rund_Final-1.png\",\"width\":404,\"height\":404,\"caption\":\"Schweizversand.ch\"},\"image\":{\"@id\":\"https:\\\/\\\/schweizversand.ch\\\/en\\\/#\\\/schema\\\/logo\\\/image\\\/\"},\"sameAs\":[\"https:\\\/\\\/www.facebook.com\\\/Schweizversand\",\"https:\\\/\\\/www.instagram.com\\\/schweizversand.ch\\\/\"]}]}<\/script>\n<!-- \/ Yoast SEO plugin. -->","yoast_head_json":{"title":"Jilong Aufblasbare Schildkr\u00f6te","description":"Schildk\u00f6te \u2013 Niedliches Wasserspielzeug f\u00fcr Kinder ab 3 Jahren Das Sea Turtle Ride-on ist der perfekte Begleiter f\u00fcr kleine Wasserratten! Mit seinen gro\u00dfz\u00fcgige","robots":{"index":"index","follow":"follow","max-snippet":"max-snippet:-1","max-image-preview":"max-image-preview:large","max-video-preview":"max-video-preview:-1"},"canonical":"https:\/\/schweizversand.ch\/en\/produkt\/jilong-aufblasbare-schildkroete\/","og_locale":"en_US","og_type":"article","og_title":"Jilong Aufblasbare Schildkr\u00f6te","og_description":"Schildk\u00f6te \u2013 Niedliches Wasserspielzeug f\u00fcr Kinder ab 3 Jahren Das Sea Turtle Ride-on ist der perfekte Begleiter f\u00fcr kleine Wasserratten! Mit seinen gro\u00dfz\u00fcgige","og_url":"https:\/\/schweizversand.ch\/en\/produkt\/jilong-aufblasbare-schildkroete\/","og_site_name":"Schweizer Shop f\u00fcr Sport, Spiel und Freizeit","article_publisher":"https:\/\/www.facebook.com\/Schweizversand","article_modified_time":"2026-04-11T13:31:51+00:00","twitter_card":"summary_large_image","twitter_misc":{"Est. reading time":"1 minute"},"schema":{"@context":"https:\/\/schema.org","@graph":[{"@type":"WebPage","@id":"https:\/\/schweizversand.ch\/en\/produkt\/jilong-aufblasbare-schildkroete\/","url":"https:\/\/schweizversand.ch\/en\/produkt\/jilong-aufblasbare-schildkroete\/","name":"Jilong Aufblasbare Schildkr\u00f6te","isPartOf":{"@id":"https:\/\/schweizversand.ch\/en\/#website"},"primaryImageOfPage":{"@id":"https:\/\/schweizversand.ch\/en\/produkt\/jilong-aufblasbare-schildkroete\/#primaryimage"},"image":{"@id":"https:\/\/schweizversand.ch\/en\/produkt\/jilong-aufblasbare-schildkroete\/#primaryimage"},"thumbnailUrl":"https:\/\/schweizversand.ch\/wp-content\/uploads\/2026\/04\/5471919694.png","datePublished":"2026-04-11T00:00:27+00:00","dateModified":"2026-04-11T13:31:51+00:00","description":"Schildk\u00f6te \u2013 Niedliches Wasserspielzeug f\u00fcr Kinder ab 3 Jahren Das Sea Turtle Ride-on ist der perfekte Begleiter f\u00fcr kleine Wasserratten! Mit seinen gro\u00dfz\u00fcgige","breadcrumb":{"@id":"https:\/\/schweizversand.ch\/en\/produkt\/jilong-aufblasbare-schildkroete\/#breadcrumb"},"inLanguage":"en-US","potentialAction":[{"@type":"ReadAction","target":["https:\/\/schweizversand.ch\/en\/produkt\/jilong-aufblasbare-schildkroete\/"]}]},{"@type":"ImageObject","inLanguage":"en-US","@id":"https:\/\/schweizversand.ch\/en\/produkt\/jilong-aufblasbare-schildkroete\/#primaryimage","url":"https:\/\/schweizversand.ch\/wp-content\/uploads\/2026\/04\/5471919694.png","contentUrl":"https:\/\/schweizversand.ch\/wp-content\/uploads\/2026\/04\/5471919694.png","width":1024,"height":680},{"@type":"BreadcrumbList","@id":"https:\/\/schweizversand.ch\/en\/produkt\/jilong-aufblasbare-schildkroete\/#breadcrumb","itemListElement":[{"@type":"ListItem","position":1,"name":"Startseite","item":"https:\/\/schweizversand.ch\/en\/"},{"@type":"ListItem","position":2,"name":"Shop","item":"https:\/\/schweizversand.ch\/en\/shop\/"},{"@type":"ListItem","position":3,"name":"Jilong Inflatable Turtle"}]},{"@type":"WebSite","@id":"https:\/\/schweizversand.ch\/en\/#website","url":"https:\/\/schweizversand.ch\/en\/","name":"Schweizer Shop f\u00fcr Sport, Spiel und Freizeit","description":"Gratisversand ab 50.- (netto), ab eigenem schweizer Lager, Lieferung innert 48h","publisher":{"@id":"https:\/\/schweizversand.ch\/en\/#organization"},"alternateName":"Schweizversand.ch","potentialAction":[{"@type":"SearchAction","target":{"@type":"EntryPoint","urlTemplate":"https:\/\/schweizversand.ch\/en\/?s={search_term_string}"},"query-input":{"@type":"PropertyValueSpecification","valueRequired":true,"valueName":"search_term_string"}}],"inLanguage":"en-US"},{"@type":"Organization","@id":"https:\/\/schweizversand.ch\/en\/#organization","name":"Schweizversand.ch","url":"https:\/\/schweizversand.ch\/en\/","logo":{"@type":"ImageObject","inLanguage":"en-US","@id":"https:\/\/schweizversand.ch\/en\/#\/schema\/logo\/image\/","url":"https:\/\/schweizversand.ch\/wp-content\/uploads\/2026\/03\/Logo_Rund_Final-1.png","contentUrl":"https:\/\/schweizversand.ch\/wp-content\/uploads\/2026\/03\/Logo_Rund_Final-1.png","width":404,"height":404,"caption":"Schweizversand.ch"},"image":{"@id":"https:\/\/schweizversand.ch\/en\/#\/schema\/logo\/image\/"},"sameAs":["https:\/\/www.facebook.com\/Schweizversand","https:\/\/www.instagram.com\/schweizversand.ch\/"]}]}},"jetpack_sharing_enabled":true,"_links":{"self":[{"href":"https:\/\/schweizversand.ch\/en\/wp-json\/wp\/v2\/product\/263927","targetHints":{"allow":["GET"]}}],"collection":[{"href":"https:\/\/schweizversand.ch\/en\/wp-json\/wp\/v2\/product"}],"about":[{"href":"https:\/\/schweizversand.ch\/en\/wp-json\/wp\/v2\/types\/product"}],"replies":[{"embeddable":true,"href":"https:\/\/schweizversand.ch\/en\/wp-json\/wp\/v2\/comments?post=263927"}],"wp:featuredmedia":[{"embeddable":true,"href":"https:\/\/schweizversand.ch\/en\/wp-json\/wp\/v2\/media\/265053"}],"wp:attachment":[{"href":"https:\/\/schweizversand.ch\/en\/wp-json\/wp\/v2\/media?parent=263927"}],"wp:term":[{"taxonomy":"product_brand","embeddable":true,"href":"https:\/\/schweizversand.ch\/en\/wp-json\/wp\/v2\/product_brand?post=263927"},{"taxonomy":"product_cat","embeddable":true,"href":"https:\/\/schweizversand.ch\/en\/wp-json\/wp\/v2\/product_cat?post=263927"},{"taxonomy":"product_tag","embeddable":true,"href":"https:\/\/schweizversand.ch\/en\/wp-json\/wp\/v2\/product_tag?post=263927"}],"curies":[{"name":"wp","href":"https:\/\/api.w.org\/{rel}","templated":true}]}}