{"id":263929,"date":"2026-04-11T02:00:28","date_gmt":"2026-04-11T00:00:28","guid":{"rendered":"https:\/\/schweizversand.ch\/produkt\/jilong-schwimmring-blauer-elefant\/"},"modified":"2026-04-11T15:31:51","modified_gmt":"2026-04-11T13:31:51","slug":"jilong-schwimmring-blauer-elefant","status":"publish","type":"product","link":"https:\/\/schweizversand.ch\/en\/produkt\/jilong-schwimmring-blauer-elefant\/","title":{"rendered":"Jilong Swimming Ring &#8220;Blue Elephant&#8221;"},"content":{"rendered":"<div>Blue Elephant Swim Ring \u2013 Cute Bath Fun for Kids<br \/>With the &#8220;Blue Elephant&#8221; swim ring (75 cm x 75 cm), a day at the pool or beach becomes an adorable adventure! The lovingly designed elephant motif delights little water lovers and ensures safe fun for children in the water.<br \/>Thanks to its compact size, the ring is quick to inflate and easy to transport \u2013 ideal for holidays, outdoor pools, or the garden. Perfect for children who love the water and want to splash around in style!<br \/>Product Details:<br \/>\u2022 Dimensions (deflated): 75 cm x 75 cm (29.5&#8243; x 29.5&#8243;)<br \/>\u2022 Design: Cute blue elephant \u2013 child-friendly &amp; Playful<br \/>\u2022 Material: Durable, lightweight PVC<br \/>\u2022 Suitable for: Children (supervision recommended)<br \/>\u2022 Use: Ideal for pool, lake, sea or garden<\/p>\n<\/div>\n","protected":false},"excerpt":{"rendered":"<p>Jilong Schwimmring &#8220;Blauer Elefant&#8221; bietet sicheren Badespa\u00df mit niedlichem Design, robustem PVC und kompakter Gr\u00f6\u00dfe \u2013 perfekt f\u00fcr Kinder im Pool, Strand oder Garten.<\/p>\n","protected":false},"featured_media":265064,"comment_status":"open","ping_status":"closed","template":"","meta":[],"product_brand":[],"product_cat":[38767],"product_tag":[],"class_list":{"0":"post-263929","1":"product","2":"type-product","3":"status-publish","4":"has-post-thumbnail","6":"product_cat-schwimmen-tauchen","7":"product_shipping_class-global_methods","9":"first","10":"instock","11":"taxable","12":"shipping-taxable","13":"purchasable","14":"product-type-simple"},"yoast_head":"<!-- This site is optimized with the Yoast SEO plugin v27.3 - https:\/\/yoast.com\/product\/yoast-seo-wordpress\/ -->\n<title>Jilong Schwimmring &quot;Blauer Elefant&quot;<\/title>\n<meta name=\"description\" content=\"Schwimmring &quot;Blauer Elefant&quot; \u2013 Niedlicher Badespa\u00df f\u00fcr Kinder\u00a0 Mit dem Schwimmring &quot;Blauer Elefant&quot; (75 cm x 75 cm) wird der Tag am Pool oder Strand zum tierisc\" \/>\n<meta name=\"robots\" content=\"index, follow, max-snippet:-1, max-image-preview:large, max-video-preview:-1\" \/>\n<link rel=\"canonical\" href=\"https:\/\/schweizversand.ch\/en\/produkt\/jilong-schwimmring-blauer-elefant\/\" \/>\n<meta property=\"og:locale\" content=\"en_US\" \/>\n<meta property=\"og:type\" content=\"article\" \/>\n<meta property=\"og:title\" content=\"Jilong Schwimmring &quot;Blauer Elefant&quot;\" \/>\n<meta property=\"og:description\" content=\"Schwimmring &quot;Blauer Elefant&quot; \u2013 Niedlicher Badespa\u00df f\u00fcr Kinder\u00a0 Mit dem Schwimmring &quot;Blauer Elefant&quot; (75 cm x 75 cm) wird der Tag am Pool oder Strand zum tierisc\" \/>\n<meta property=\"og:url\" content=\"https:\/\/schweizversand.ch\/en\/produkt\/jilong-schwimmring-blauer-elefant\/\" \/>\n<meta property=\"og:site_name\" content=\"Schweizer Shop f\u00fcr Sport, Spiel und Freizeit\" \/>\n<meta property=\"article:publisher\" content=\"https:\/\/www.facebook.com\/Schweizversand\" \/>\n<meta property=\"article:modified_time\" content=\"2026-04-11T13:31:51+00:00\" \/>\n<meta property=\"og:image\" content=\"https:\/\/schweizversand.ch\/wp-content\/uploads\/2026\/04\/5471920563.png\" \/>\n\t<meta property=\"og:image:width\" content=\"1024\" \/>\n\t<meta property=\"og:image:height\" content=\"680\" \/>\n\t<meta property=\"og:image:type\" content=\"image\/png\" \/>\n<meta name=\"twitter:card\" content=\"summary_large_image\" \/>\n<meta name=\"twitter:label1\" content=\"Est. reading time\" \/>\n\t<meta name=\"twitter:data1\" content=\"1 minute\" \/>\n<script type=\"application\/ld+json\" class=\"yoast-schema-graph\">{\"@context\":\"https:\\\/\\\/schema.org\",\"@graph\":[{\"@type\":\"WebPage\",\"@id\":\"https:\\\/\\\/schweizversand.ch\\\/en\\\/produkt\\\/jilong-schwimmring-blauer-elefant\\\/\",\"url\":\"https:\\\/\\\/schweizversand.ch\\\/en\\\/produkt\\\/jilong-schwimmring-blauer-elefant\\\/\",\"name\":\"Jilong Schwimmring \\\"Blauer Elefant\\\"\",\"isPartOf\":{\"@id\":\"https:\\\/\\\/schweizversand.ch\\\/en\\\/#website\"},\"primaryImageOfPage\":{\"@id\":\"https:\\\/\\\/schweizversand.ch\\\/en\\\/produkt\\\/jilong-schwimmring-blauer-elefant\\\/#primaryimage\"},\"image\":{\"@id\":\"https:\\\/\\\/schweizversand.ch\\\/en\\\/produkt\\\/jilong-schwimmring-blauer-elefant\\\/#primaryimage\"},\"thumbnailUrl\":\"https:\\\/\\\/schweizversand.ch\\\/wp-content\\\/uploads\\\/2026\\\/04\\\/5471920563.png\",\"datePublished\":\"2026-04-11T00:00:28+00:00\",\"dateModified\":\"2026-04-11T13:31:51+00:00\",\"description\":\"Schwimmring \\\"Blauer Elefant\\\" \u2013 Niedlicher Badespa\u00df f\u00fcr Kinder\u00a0 Mit dem Schwimmring \\\"Blauer Elefant\\\" (75 cm x 75 cm) wird der Tag am Pool oder Strand zum tierisc\",\"breadcrumb\":{\"@id\":\"https:\\\/\\\/schweizversand.ch\\\/en\\\/produkt\\\/jilong-schwimmring-blauer-elefant\\\/#breadcrumb\"},\"inLanguage\":\"en-US\",\"potentialAction\":[{\"@type\":\"ReadAction\",\"target\":[\"https:\\\/\\\/schweizversand.ch\\\/en\\\/produkt\\\/jilong-schwimmring-blauer-elefant\\\/\"]}]},{\"@type\":\"ImageObject\",\"inLanguage\":\"en-US\",\"@id\":\"https:\\\/\\\/schweizversand.ch\\\/en\\\/produkt\\\/jilong-schwimmring-blauer-elefant\\\/#primaryimage\",\"url\":\"https:\\\/\\\/schweizversand.ch\\\/wp-content\\\/uploads\\\/2026\\\/04\\\/5471920563.png\",\"contentUrl\":\"https:\\\/\\\/schweizversand.ch\\\/wp-content\\\/uploads\\\/2026\\\/04\\\/5471920563.png\",\"width\":1024,\"height\":680},{\"@type\":\"BreadcrumbList\",\"@id\":\"https:\\\/\\\/schweizversand.ch\\\/en\\\/produkt\\\/jilong-schwimmring-blauer-elefant\\\/#breadcrumb\",\"itemListElement\":[{\"@type\":\"ListItem\",\"position\":1,\"name\":\"Startseite\",\"item\":\"https:\\\/\\\/schweizversand.ch\\\/en\\\/\"},{\"@type\":\"ListItem\",\"position\":2,\"name\":\"Shop\",\"item\":\"https:\\\/\\\/schweizversand.ch\\\/en\\\/shop\\\/\"},{\"@type\":\"ListItem\",\"position\":3,\"name\":\"Jilong Swimming Ring &#8220;Blue Elephant&#8221;\"}]},{\"@type\":\"WebSite\",\"@id\":\"https:\\\/\\\/schweizversand.ch\\\/en\\\/#website\",\"url\":\"https:\\\/\\\/schweizversand.ch\\\/en\\\/\",\"name\":\"Schweizer Shop f\u00fcr Sport, Spiel und Freizeit\",\"description\":\"Gratisversand ab 50.- (netto), ab eigenem schweizer Lager, Lieferung innert 48h\",\"publisher\":{\"@id\":\"https:\\\/\\\/schweizversand.ch\\\/en\\\/#organization\"},\"alternateName\":\"Schweizversand.ch\",\"potentialAction\":[{\"@type\":\"SearchAction\",\"target\":{\"@type\":\"EntryPoint\",\"urlTemplate\":\"https:\\\/\\\/schweizversand.ch\\\/en\\\/?s={search_term_string}\"},\"query-input\":{\"@type\":\"PropertyValueSpecification\",\"valueRequired\":true,\"valueName\":\"search_term_string\"}}],\"inLanguage\":\"en-US\"},{\"@type\":\"Organization\",\"@id\":\"https:\\\/\\\/schweizversand.ch\\\/en\\\/#organization\",\"name\":\"Schweizversand.ch\",\"url\":\"https:\\\/\\\/schweizversand.ch\\\/en\\\/\",\"logo\":{\"@type\":\"ImageObject\",\"inLanguage\":\"en-US\",\"@id\":\"https:\\\/\\\/schweizversand.ch\\\/en\\\/#\\\/schema\\\/logo\\\/image\\\/\",\"url\":\"https:\\\/\\\/schweizversand.ch\\\/wp-content\\\/uploads\\\/2026\\\/03\\\/Logo_Rund_Final-1.png\",\"contentUrl\":\"https:\\\/\\\/schweizversand.ch\\\/wp-content\\\/uploads\\\/2026\\\/03\\\/Logo_Rund_Final-1.png\",\"width\":404,\"height\":404,\"caption\":\"Schweizversand.ch\"},\"image\":{\"@id\":\"https:\\\/\\\/schweizversand.ch\\\/en\\\/#\\\/schema\\\/logo\\\/image\\\/\"},\"sameAs\":[\"https:\\\/\\\/www.facebook.com\\\/Schweizversand\",\"https:\\\/\\\/www.instagram.com\\\/schweizversand.ch\\\/\"]}]}<\/script>\n<!-- \/ Yoast SEO plugin. -->","yoast_head_json":{"title":"Jilong Schwimmring \"Blauer Elefant\"","description":"Schwimmring \"Blauer Elefant\" \u2013 Niedlicher Badespa\u00df f\u00fcr Kinder\u00a0 Mit dem Schwimmring \"Blauer Elefant\" (75 cm x 75 cm) wird der Tag am Pool oder Strand zum tierisc","robots":{"index":"index","follow":"follow","max-snippet":"max-snippet:-1","max-image-preview":"max-image-preview:large","max-video-preview":"max-video-preview:-1"},"canonical":"https:\/\/schweizversand.ch\/en\/produkt\/jilong-schwimmring-blauer-elefant\/","og_locale":"en_US","og_type":"article","og_title":"Jilong Schwimmring \"Blauer Elefant\"","og_description":"Schwimmring \"Blauer Elefant\" \u2013 Niedlicher Badespa\u00df f\u00fcr Kinder\u00a0 Mit dem Schwimmring \"Blauer Elefant\" (75 cm x 75 cm) wird der Tag am Pool oder Strand zum tierisc","og_url":"https:\/\/schweizversand.ch\/en\/produkt\/jilong-schwimmring-blauer-elefant\/","og_site_name":"Schweizer Shop f\u00fcr Sport, Spiel und Freizeit","article_publisher":"https:\/\/www.facebook.com\/Schweizversand","article_modified_time":"2026-04-11T13:31:51+00:00","og_image":[{"width":1024,"height":680,"url":"https:\/\/schweizversand.ch\/wp-content\/uploads\/2026\/04\/5471920563.png","type":"image\/png"}],"twitter_card":"summary_large_image","twitter_misc":{"Est. reading time":"1 minute"},"schema":{"@context":"https:\/\/schema.org","@graph":[{"@type":"WebPage","@id":"https:\/\/schweizversand.ch\/en\/produkt\/jilong-schwimmring-blauer-elefant\/","url":"https:\/\/schweizversand.ch\/en\/produkt\/jilong-schwimmring-blauer-elefant\/","name":"Jilong Schwimmring \"Blauer Elefant\"","isPartOf":{"@id":"https:\/\/schweizversand.ch\/en\/#website"},"primaryImageOfPage":{"@id":"https:\/\/schweizversand.ch\/en\/produkt\/jilong-schwimmring-blauer-elefant\/#primaryimage"},"image":{"@id":"https:\/\/schweizversand.ch\/en\/produkt\/jilong-schwimmring-blauer-elefant\/#primaryimage"},"thumbnailUrl":"https:\/\/schweizversand.ch\/wp-content\/uploads\/2026\/04\/5471920563.png","datePublished":"2026-04-11T00:00:28+00:00","dateModified":"2026-04-11T13:31:51+00:00","description":"Schwimmring \"Blauer Elefant\" \u2013 Niedlicher Badespa\u00df f\u00fcr Kinder\u00a0 Mit dem Schwimmring \"Blauer Elefant\" (75 cm x 75 cm) wird der Tag am Pool oder Strand zum tierisc","breadcrumb":{"@id":"https:\/\/schweizversand.ch\/en\/produkt\/jilong-schwimmring-blauer-elefant\/#breadcrumb"},"inLanguage":"en-US","potentialAction":[{"@type":"ReadAction","target":["https:\/\/schweizversand.ch\/en\/produkt\/jilong-schwimmring-blauer-elefant\/"]}]},{"@type":"ImageObject","inLanguage":"en-US","@id":"https:\/\/schweizversand.ch\/en\/produkt\/jilong-schwimmring-blauer-elefant\/#primaryimage","url":"https:\/\/schweizversand.ch\/wp-content\/uploads\/2026\/04\/5471920563.png","contentUrl":"https:\/\/schweizversand.ch\/wp-content\/uploads\/2026\/04\/5471920563.png","width":1024,"height":680},{"@type":"BreadcrumbList","@id":"https:\/\/schweizversand.ch\/en\/produkt\/jilong-schwimmring-blauer-elefant\/#breadcrumb","itemListElement":[{"@type":"ListItem","position":1,"name":"Startseite","item":"https:\/\/schweizversand.ch\/en\/"},{"@type":"ListItem","position":2,"name":"Shop","item":"https:\/\/schweizversand.ch\/en\/shop\/"},{"@type":"ListItem","position":3,"name":"Jilong Swimming Ring &#8220;Blue Elephant&#8221;"}]},{"@type":"WebSite","@id":"https:\/\/schweizversand.ch\/en\/#website","url":"https:\/\/schweizversand.ch\/en\/","name":"Schweizer Shop f\u00fcr Sport, Spiel und Freizeit","description":"Gratisversand ab 50.- (netto), ab eigenem schweizer Lager, Lieferung innert 48h","publisher":{"@id":"https:\/\/schweizversand.ch\/en\/#organization"},"alternateName":"Schweizversand.ch","potentialAction":[{"@type":"SearchAction","target":{"@type":"EntryPoint","urlTemplate":"https:\/\/schweizversand.ch\/en\/?s={search_term_string}"},"query-input":{"@type":"PropertyValueSpecification","valueRequired":true,"valueName":"search_term_string"}}],"inLanguage":"en-US"},{"@type":"Organization","@id":"https:\/\/schweizversand.ch\/en\/#organization","name":"Schweizversand.ch","url":"https:\/\/schweizversand.ch\/en\/","logo":{"@type":"ImageObject","inLanguage":"en-US","@id":"https:\/\/schweizversand.ch\/en\/#\/schema\/logo\/image\/","url":"https:\/\/schweizversand.ch\/wp-content\/uploads\/2026\/03\/Logo_Rund_Final-1.png","contentUrl":"https:\/\/schweizversand.ch\/wp-content\/uploads\/2026\/03\/Logo_Rund_Final-1.png","width":404,"height":404,"caption":"Schweizversand.ch"},"image":{"@id":"https:\/\/schweizversand.ch\/en\/#\/schema\/logo\/image\/"},"sameAs":["https:\/\/www.facebook.com\/Schweizversand","https:\/\/www.instagram.com\/schweizversand.ch\/"]}]}},"jetpack_sharing_enabled":true,"_links":{"self":[{"href":"https:\/\/schweizversand.ch\/en\/wp-json\/wp\/v2\/product\/263929","targetHints":{"allow":["GET"]}}],"collection":[{"href":"https:\/\/schweizversand.ch\/en\/wp-json\/wp\/v2\/product"}],"about":[{"href":"https:\/\/schweizversand.ch\/en\/wp-json\/wp\/v2\/types\/product"}],"replies":[{"embeddable":true,"href":"https:\/\/schweizversand.ch\/en\/wp-json\/wp\/v2\/comments?post=263929"}],"wp:featuredmedia":[{"embeddable":true,"href":"https:\/\/schweizversand.ch\/en\/wp-json\/wp\/v2\/media\/265064"}],"wp:attachment":[{"href":"https:\/\/schweizversand.ch\/en\/wp-json\/wp\/v2\/media?parent=263929"}],"wp:term":[{"taxonomy":"product_brand","embeddable":true,"href":"https:\/\/schweizversand.ch\/en\/wp-json\/wp\/v2\/product_brand?post=263929"},{"taxonomy":"product_cat","embeddable":true,"href":"https:\/\/schweizversand.ch\/en\/wp-json\/wp\/v2\/product_cat?post=263929"},{"taxonomy":"product_tag","embeddable":true,"href":"https:\/\/schweizversand.ch\/en\/wp-json\/wp\/v2\/product_tag?post=263929"}],"curies":[{"name":"wp","href":"https:\/\/api.w.org\/{rel}","templated":true}]}}