{"id":263952,"date":"2026-04-11T02:00:32","date_gmt":"2026-04-11T00:00:32","guid":{"rendered":"https:\/\/schweizversand.ch\/produkt\/jilong-kinder-planschbecken-marienkaefer\/"},"modified":"2026-04-11T15:31:53","modified_gmt":"2026-04-11T13:31:53","slug":"jilong-kinder-planschbecken-marienkaefer","status":"publish","type":"product","link":"https:\/\/schweizversand.ch\/en\/produkt\/jilong-kinder-planschbecken-marienkaefer\/","title":{"rendered":"Jilong children&#8217;s paddling pool &#8220;Ladybug&#8221;"},"content":{"rendered":"<div>Children&#8217;s Paddling Pool \u00d8 120 cm \u2013 213 l Water Fun for the Little Ones (Ages 2\u20136)<br \/>This colorful paddling pool made of robust PVC offers children aged 2 to 6 years safe water fun in the garden or on the patio. With a diameter of 120 cm, a height of 30 cm and a capacity of 213 liters, it&#8217;s the perfect way to cool off on warm summer days!<br \/>Thanks to its compact size, setup is quick and easy \u2013 simply inflate, fill with water, and let the fun begin! A repair patch is included so that minor damage can be quickly fixed. Product Details: \u2022 Diameter: 120 cm \u2022 Height: 30 cm \u2022 Volume: 213 liters \u2022 Material: Robust PVC \u2022 Recommended Age: 2\u20136 years \u2022 Includes repair patch Benefits at a glance: \u2022 Safe bathing fun for toddlers and preschoolers \u2022 Quick to assemble \u2013 ideal for the garden, balcony, or patio \u2022 Durable material for long-lasting use \u2022 Space-saving storage after summer<\/p>\n","protected":false},"excerpt":{"rendered":"<p>Jilong Kinder-Planschbecken &#8220;Marienk\u00e4fer&#8221; bietet sicheren Wasserspa\u00df f\u00fcr Kinder von 2\u20136 Jahren. Robust, 120 cm \u00d8, 213 l Volumen \u2013 ideal f\u00fcr hei\u00dfe Sommertage im Garten.<\/p>\n","protected":false},"featured_media":265294,"comment_status":"open","ping_status":"closed","template":"","meta":[],"product_brand":[],"product_cat":[38315],"product_tag":[],"class_list":{"0":"post-263952","1":"product","2":"type-product","3":"status-publish","4":"has-post-thumbnail","6":"product_cat-wasserspielzeug","7":"product_shipping_class-global_methods","9":"first","10":"instock","11":"taxable","12":"shipping-taxable","13":"purchasable","14":"product-type-simple"},"yoast_head":"<!-- This site is optimized with the Yoast SEO plugin v27.3 - https:\/\/yoast.com\/product\/yoast-seo-wordpress\/ -->\n<title>Jilong Kinder-Planschbecken &quot;Marienk\u00e4fer&quot;<\/title>\n<meta name=\"description\" content=\"Kinder-Planschbecken \u00d8 120 cm \u2013 213 l Wasser-Spa\u00df f\u00fcr die Kleinsten (Alter 2\u20136 Jahre)\u00a0 Dieses farbenfrohe Planschbecken aus robustem PVC bietet Kindern im Alter\" \/>\n<meta name=\"robots\" content=\"index, follow, max-snippet:-1, max-image-preview:large, max-video-preview:-1\" \/>\n<link rel=\"canonical\" href=\"https:\/\/schweizversand.ch\/en\/produkt\/jilong-kinder-planschbecken-marienkaefer\/\" \/>\n<meta property=\"og:locale\" content=\"en_US\" \/>\n<meta property=\"og:type\" content=\"article\" \/>\n<meta property=\"og:title\" content=\"Jilong Kinder-Planschbecken &quot;Marienk\u00e4fer&quot;\" \/>\n<meta property=\"og:description\" content=\"Kinder-Planschbecken \u00d8 120 cm \u2013 213 l Wasser-Spa\u00df f\u00fcr die Kleinsten (Alter 2\u20136 Jahre)\u00a0 Dieses farbenfrohe Planschbecken aus robustem PVC bietet Kindern im Alter\" \/>\n<meta property=\"og:url\" content=\"https:\/\/schweizversand.ch\/en\/produkt\/jilong-kinder-planschbecken-marienkaefer\/\" \/>\n<meta property=\"og:site_name\" content=\"Schweizer Shop f\u00fcr Sport, Spiel und Freizeit\" \/>\n<meta property=\"article:publisher\" content=\"https:\/\/www.facebook.com\/Schweizversand\" \/>\n<meta property=\"article:modified_time\" content=\"2026-04-11T13:31:53+00:00\" \/>\n<meta property=\"og:image\" content=\"https:\/\/schweizversand.ch\/wp-content\/uploads\/2026\/04\/5471919951.jpg\" \/>\n\t<meta property=\"og:image:width\" content=\"1024\" \/>\n\t<meta property=\"og:image:height\" content=\"1024\" \/>\n\t<meta property=\"og:image:type\" content=\"image\/jpeg\" \/>\n<meta name=\"twitter:card\" content=\"summary_large_image\" \/>\n<meta name=\"twitter:label1\" content=\"Est. reading time\" \/>\n\t<meta name=\"twitter:data1\" content=\"1 minute\" \/>\n<script type=\"application\/ld+json\" class=\"yoast-schema-graph\">{\"@context\":\"https:\\\/\\\/schema.org\",\"@graph\":[{\"@type\":\"WebPage\",\"@id\":\"https:\\\/\\\/schweizversand.ch\\\/en\\\/produkt\\\/jilong-kinder-planschbecken-marienkaefer\\\/\",\"url\":\"https:\\\/\\\/schweizversand.ch\\\/en\\\/produkt\\\/jilong-kinder-planschbecken-marienkaefer\\\/\",\"name\":\"Jilong Kinder-Planschbecken \\\"Marienk\u00e4fer\\\"\",\"isPartOf\":{\"@id\":\"https:\\\/\\\/schweizversand.ch\\\/en\\\/#website\"},\"primaryImageOfPage\":{\"@id\":\"https:\\\/\\\/schweizversand.ch\\\/en\\\/produkt\\\/jilong-kinder-planschbecken-marienkaefer\\\/#primaryimage\"},\"image\":{\"@id\":\"https:\\\/\\\/schweizversand.ch\\\/en\\\/produkt\\\/jilong-kinder-planschbecken-marienkaefer\\\/#primaryimage\"},\"thumbnailUrl\":\"https:\\\/\\\/schweizversand.ch\\\/wp-content\\\/uploads\\\/2026\\\/04\\\/5471919951.jpg\",\"datePublished\":\"2026-04-11T00:00:32+00:00\",\"dateModified\":\"2026-04-11T13:31:53+00:00\",\"description\":\"Kinder-Planschbecken \u00d8 120 cm \u2013 213 l Wasser-Spa\u00df f\u00fcr die Kleinsten (Alter 2\u20136 Jahre)\u00a0 Dieses farbenfrohe Planschbecken aus robustem PVC bietet Kindern im Alter\",\"breadcrumb\":{\"@id\":\"https:\\\/\\\/schweizversand.ch\\\/en\\\/produkt\\\/jilong-kinder-planschbecken-marienkaefer\\\/#breadcrumb\"},\"inLanguage\":\"en-US\",\"potentialAction\":[{\"@type\":\"ReadAction\",\"target\":[\"https:\\\/\\\/schweizversand.ch\\\/en\\\/produkt\\\/jilong-kinder-planschbecken-marienkaefer\\\/\"]}]},{\"@type\":\"ImageObject\",\"inLanguage\":\"en-US\",\"@id\":\"https:\\\/\\\/schweizversand.ch\\\/en\\\/produkt\\\/jilong-kinder-planschbecken-marienkaefer\\\/#primaryimage\",\"url\":\"https:\\\/\\\/schweizversand.ch\\\/wp-content\\\/uploads\\\/2026\\\/04\\\/5471919951.jpg\",\"contentUrl\":\"https:\\\/\\\/schweizversand.ch\\\/wp-content\\\/uploads\\\/2026\\\/04\\\/5471919951.jpg\",\"width\":1024,\"height\":1024},{\"@type\":\"BreadcrumbList\",\"@id\":\"https:\\\/\\\/schweizversand.ch\\\/en\\\/produkt\\\/jilong-kinder-planschbecken-marienkaefer\\\/#breadcrumb\",\"itemListElement\":[{\"@type\":\"ListItem\",\"position\":1,\"name\":\"Startseite\",\"item\":\"https:\\\/\\\/schweizversand.ch\\\/en\\\/\"},{\"@type\":\"ListItem\",\"position\":2,\"name\":\"Shop\",\"item\":\"https:\\\/\\\/schweizversand.ch\\\/en\\\/shop\\\/\"},{\"@type\":\"ListItem\",\"position\":3,\"name\":\"Jilong children&#8217;s paddling pool &#8220;Ladybug&#8221;\"}]},{\"@type\":\"WebSite\",\"@id\":\"https:\\\/\\\/schweizversand.ch\\\/en\\\/#website\",\"url\":\"https:\\\/\\\/schweizversand.ch\\\/en\\\/\",\"name\":\"Schweizer Shop f\u00fcr Sport, Spiel und Freizeit\",\"description\":\"Gratisversand ab 50.- (netto), ab eigenem schweizer Lager, Lieferung innert 48h\",\"publisher\":{\"@id\":\"https:\\\/\\\/schweizversand.ch\\\/en\\\/#organization\"},\"alternateName\":\"Schweizversand.ch\",\"potentialAction\":[{\"@type\":\"SearchAction\",\"target\":{\"@type\":\"EntryPoint\",\"urlTemplate\":\"https:\\\/\\\/schweizversand.ch\\\/en\\\/?s={search_term_string}\"},\"query-input\":{\"@type\":\"PropertyValueSpecification\",\"valueRequired\":true,\"valueName\":\"search_term_string\"}}],\"inLanguage\":\"en-US\"},{\"@type\":\"Organization\",\"@id\":\"https:\\\/\\\/schweizversand.ch\\\/en\\\/#organization\",\"name\":\"Schweizversand.ch\",\"url\":\"https:\\\/\\\/schweizversand.ch\\\/en\\\/\",\"logo\":{\"@type\":\"ImageObject\",\"inLanguage\":\"en-US\",\"@id\":\"https:\\\/\\\/schweizversand.ch\\\/en\\\/#\\\/schema\\\/logo\\\/image\\\/\",\"url\":\"https:\\\/\\\/schweizversand.ch\\\/wp-content\\\/uploads\\\/2026\\\/03\\\/Logo_Rund_Final-1.png\",\"contentUrl\":\"https:\\\/\\\/schweizversand.ch\\\/wp-content\\\/uploads\\\/2026\\\/03\\\/Logo_Rund_Final-1.png\",\"width\":404,\"height\":404,\"caption\":\"Schweizversand.ch\"},\"image\":{\"@id\":\"https:\\\/\\\/schweizversand.ch\\\/en\\\/#\\\/schema\\\/logo\\\/image\\\/\"},\"sameAs\":[\"https:\\\/\\\/www.facebook.com\\\/Schweizversand\",\"https:\\\/\\\/www.instagram.com\\\/schweizversand.ch\\\/\"]}]}<\/script>\n<!-- \/ Yoast SEO plugin. -->","yoast_head_json":{"title":"Jilong Kinder-Planschbecken \"Marienk\u00e4fer\"","description":"Kinder-Planschbecken \u00d8 120 cm \u2013 213 l Wasser-Spa\u00df f\u00fcr die Kleinsten (Alter 2\u20136 Jahre)\u00a0 Dieses farbenfrohe Planschbecken aus robustem PVC bietet Kindern im Alter","robots":{"index":"index","follow":"follow","max-snippet":"max-snippet:-1","max-image-preview":"max-image-preview:large","max-video-preview":"max-video-preview:-1"},"canonical":"https:\/\/schweizversand.ch\/en\/produkt\/jilong-kinder-planschbecken-marienkaefer\/","og_locale":"en_US","og_type":"article","og_title":"Jilong Kinder-Planschbecken \"Marienk\u00e4fer\"","og_description":"Kinder-Planschbecken \u00d8 120 cm \u2013 213 l Wasser-Spa\u00df f\u00fcr die Kleinsten (Alter 2\u20136 Jahre)\u00a0 Dieses farbenfrohe Planschbecken aus robustem PVC bietet Kindern im Alter","og_url":"https:\/\/schweizversand.ch\/en\/produkt\/jilong-kinder-planschbecken-marienkaefer\/","og_site_name":"Schweizer Shop f\u00fcr Sport, Spiel und Freizeit","article_publisher":"https:\/\/www.facebook.com\/Schweizversand","article_modified_time":"2026-04-11T13:31:53+00:00","og_image":[{"width":1024,"height":1024,"url":"https:\/\/schweizversand.ch\/wp-content\/uploads\/2026\/04\/5471919951.jpg","type":"image\/jpeg"}],"twitter_card":"summary_large_image","twitter_misc":{"Est. reading time":"1 minute"},"schema":{"@context":"https:\/\/schema.org","@graph":[{"@type":"WebPage","@id":"https:\/\/schweizversand.ch\/en\/produkt\/jilong-kinder-planschbecken-marienkaefer\/","url":"https:\/\/schweizversand.ch\/en\/produkt\/jilong-kinder-planschbecken-marienkaefer\/","name":"Jilong Kinder-Planschbecken \"Marienk\u00e4fer\"","isPartOf":{"@id":"https:\/\/schweizversand.ch\/en\/#website"},"primaryImageOfPage":{"@id":"https:\/\/schweizversand.ch\/en\/produkt\/jilong-kinder-planschbecken-marienkaefer\/#primaryimage"},"image":{"@id":"https:\/\/schweizversand.ch\/en\/produkt\/jilong-kinder-planschbecken-marienkaefer\/#primaryimage"},"thumbnailUrl":"https:\/\/schweizversand.ch\/wp-content\/uploads\/2026\/04\/5471919951.jpg","datePublished":"2026-04-11T00:00:32+00:00","dateModified":"2026-04-11T13:31:53+00:00","description":"Kinder-Planschbecken \u00d8 120 cm \u2013 213 l Wasser-Spa\u00df f\u00fcr die Kleinsten (Alter 2\u20136 Jahre)\u00a0 Dieses farbenfrohe Planschbecken aus robustem PVC bietet Kindern im Alter","breadcrumb":{"@id":"https:\/\/schweizversand.ch\/en\/produkt\/jilong-kinder-planschbecken-marienkaefer\/#breadcrumb"},"inLanguage":"en-US","potentialAction":[{"@type":"ReadAction","target":["https:\/\/schweizversand.ch\/en\/produkt\/jilong-kinder-planschbecken-marienkaefer\/"]}]},{"@type":"ImageObject","inLanguage":"en-US","@id":"https:\/\/schweizversand.ch\/en\/produkt\/jilong-kinder-planschbecken-marienkaefer\/#primaryimage","url":"https:\/\/schweizversand.ch\/wp-content\/uploads\/2026\/04\/5471919951.jpg","contentUrl":"https:\/\/schweizversand.ch\/wp-content\/uploads\/2026\/04\/5471919951.jpg","width":1024,"height":1024},{"@type":"BreadcrumbList","@id":"https:\/\/schweizversand.ch\/en\/produkt\/jilong-kinder-planschbecken-marienkaefer\/#breadcrumb","itemListElement":[{"@type":"ListItem","position":1,"name":"Startseite","item":"https:\/\/schweizversand.ch\/en\/"},{"@type":"ListItem","position":2,"name":"Shop","item":"https:\/\/schweizversand.ch\/en\/shop\/"},{"@type":"ListItem","position":3,"name":"Jilong children&#8217;s paddling pool &#8220;Ladybug&#8221;"}]},{"@type":"WebSite","@id":"https:\/\/schweizversand.ch\/en\/#website","url":"https:\/\/schweizversand.ch\/en\/","name":"Schweizer Shop f\u00fcr Sport, Spiel und Freizeit","description":"Gratisversand ab 50.- (netto), ab eigenem schweizer Lager, Lieferung innert 48h","publisher":{"@id":"https:\/\/schweizversand.ch\/en\/#organization"},"alternateName":"Schweizversand.ch","potentialAction":[{"@type":"SearchAction","target":{"@type":"EntryPoint","urlTemplate":"https:\/\/schweizversand.ch\/en\/?s={search_term_string}"},"query-input":{"@type":"PropertyValueSpecification","valueRequired":true,"valueName":"search_term_string"}}],"inLanguage":"en-US"},{"@type":"Organization","@id":"https:\/\/schweizversand.ch\/en\/#organization","name":"Schweizversand.ch","url":"https:\/\/schweizversand.ch\/en\/","logo":{"@type":"ImageObject","inLanguage":"en-US","@id":"https:\/\/schweizversand.ch\/en\/#\/schema\/logo\/image\/","url":"https:\/\/schweizversand.ch\/wp-content\/uploads\/2026\/03\/Logo_Rund_Final-1.png","contentUrl":"https:\/\/schweizversand.ch\/wp-content\/uploads\/2026\/03\/Logo_Rund_Final-1.png","width":404,"height":404,"caption":"Schweizversand.ch"},"image":{"@id":"https:\/\/schweizversand.ch\/en\/#\/schema\/logo\/image\/"},"sameAs":["https:\/\/www.facebook.com\/Schweizversand","https:\/\/www.instagram.com\/schweizversand.ch\/"]}]}},"jetpack_sharing_enabled":true,"_links":{"self":[{"href":"https:\/\/schweizversand.ch\/en\/wp-json\/wp\/v2\/product\/263952","targetHints":{"allow":["GET"]}}],"collection":[{"href":"https:\/\/schweizversand.ch\/en\/wp-json\/wp\/v2\/product"}],"about":[{"href":"https:\/\/schweizversand.ch\/en\/wp-json\/wp\/v2\/types\/product"}],"replies":[{"embeddable":true,"href":"https:\/\/schweizversand.ch\/en\/wp-json\/wp\/v2\/comments?post=263952"}],"wp:featuredmedia":[{"embeddable":true,"href":"https:\/\/schweizversand.ch\/en\/wp-json\/wp\/v2\/media\/265294"}],"wp:attachment":[{"href":"https:\/\/schweizversand.ch\/en\/wp-json\/wp\/v2\/media?parent=263952"}],"wp:term":[{"taxonomy":"product_brand","embeddable":true,"href":"https:\/\/schweizversand.ch\/en\/wp-json\/wp\/v2\/product_brand?post=263952"},{"taxonomy":"product_cat","embeddable":true,"href":"https:\/\/schweizversand.ch\/en\/wp-json\/wp\/v2\/product_cat?post=263952"},{"taxonomy":"product_tag","embeddable":true,"href":"https:\/\/schweizversand.ch\/en\/wp-json\/wp\/v2\/product_tag?post=263952"}],"curies":[{"name":"wp","href":"https:\/\/api.w.org\/{rel}","templated":true}]}}