{"id":263961,"date":"2026-04-11T02:00:34","date_gmt":"2026-04-11T00:00:34","guid":{"rendered":"https:\/\/schweizversand.ch\/produkt\/jilong-pool-tor-spielset\/"},"modified":"2026-04-11T15:31:53","modified_gmt":"2026-04-11T13:31:53","slug":"jilong-pool-tor-spielset","status":"publish","type":"product","link":"https:\/\/schweizversand.ch\/en\/produkt\/jilong-pool-tor-spielset\/","title":{"rendered":"Jilong Pool Gate Playset"},"content":{"rendered":"<div>Inflatable Pool Goal Game \u2013 With Ball &amp; Net for Children Ages 3 and Up<br \/>The Pool Goal Game Set guarantees sporty water fun in the summer! With a large inflatable goal (134 \u00d7 66 \u00d7 76 cm) and a ball (\u00d8 21 cm), children and adults can play exciting games in the pool. The printed net design gives the set a realistic look and makes it the highlight of every pool party.<br \/>Game &amp; Fun in the Water<br \/>Inflatable Goal with Net Design<br \/>Includes Inflatable Ball \u00d8 21 cm<br \/>Promotes Movement, Dexterity &amp; Team Spirit<br \/>Product Details<br \/>Recommended age: 3 years and up<br \/>Goal dimensions (inflated): 134 \u00d7 66 \u00d7 76 cm (53\u201d \u00d7 26\u201d \u00d7 30\u201d)<br \/>Ball dimensions (inflated): \u00d8 21 cm (8\u201d)<br \/>Scope of delivery: 1 goal, 1 ball, repair patch<br \/>Highlights<br \/>Easy to inflate &amp; ready to use in no time<br \/>Robust &amp; with repair patch for long-lasting durability<br \/>Perfect for pool, garden &amp; summer parties<br \/>Turn the pool into a playing field \u2013 with the Pool Goal Game Set for sporty action and tons of summer fun!<\/p>\n<\/div>\n","protected":false},"excerpt":{"rendered":"<p>Jilong Pool-Tor-Spielset sorgt mit aufblasbarem Tor und Ball f\u00fcr actionreichen Wasserspa\u00df ab 3 Jahren \u2013 robust, schnell einsatzbereit und perfekt f\u00fcr jede Poolparty!<\/p>\n","protected":false},"featured_media":265437,"comment_status":"open","ping_status":"closed","template":"","meta":[],"product_brand":[],"product_cat":[38315],"product_tag":[],"class_list":{"0":"post-263961","1":"product","2":"type-product","3":"status-publish","4":"has-post-thumbnail","6":"product_cat-wasserspielzeug","7":"product_shipping_class-global_methods","9":"first","10":"instock","11":"taxable","12":"shipping-taxable","13":"purchasable","14":"product-type-simple"},"yoast_head":"<!-- This site is optimized with the Yoast SEO plugin v27.3 - https:\/\/yoast.com\/product\/yoast-seo-wordpress\/ -->\n<title>Jilong Pool-Tor-Spielset<\/title>\n<meta name=\"description\" content=\"Aufblasbares Pool Tor-Spiel \u2013 Mit Ball &amp; Netz f\u00fcr Kinder ab 3 Jahren\u00a0 Das Pool Goal Game Set sorgt f\u00fcr sportlichen Wasserspa\u00df im Sommer! Mit einem gro\u00dfen aufbla\" \/>\n<meta name=\"robots\" content=\"index, follow, max-snippet:-1, max-image-preview:large, max-video-preview:-1\" \/>\n<link rel=\"canonical\" href=\"https:\/\/schweizversand.ch\/en\/produkt\/jilong-pool-tor-spielset\/\" \/>\n<meta property=\"og:locale\" content=\"en_US\" \/>\n<meta property=\"og:type\" content=\"article\" \/>\n<meta property=\"og:title\" content=\"Jilong Pool-Tor-Spielset\" \/>\n<meta property=\"og:description\" content=\"Aufblasbares Pool Tor-Spiel \u2013 Mit Ball &amp; Netz f\u00fcr Kinder ab 3 Jahren\u00a0 Das Pool Goal Game Set sorgt f\u00fcr sportlichen Wasserspa\u00df im Sommer! Mit einem gro\u00dfen aufbla\" \/>\n<meta property=\"og:url\" content=\"https:\/\/schweizversand.ch\/en\/produkt\/jilong-pool-tor-spielset\/\" \/>\n<meta property=\"og:site_name\" content=\"Schweizer Shop f\u00fcr Sport, Spiel und Freizeit\" \/>\n<meta property=\"article:publisher\" content=\"https:\/\/www.facebook.com\/Schweizversand\" \/>\n<meta property=\"article:modified_time\" content=\"2026-04-11T13:31:53+00:00\" \/>\n<meta name=\"twitter:card\" content=\"summary_large_image\" \/>\n<meta name=\"twitter:label1\" content=\"Est. reading time\" \/>\n\t<meta name=\"twitter:data1\" content=\"1 minute\" \/>\n<script type=\"application\/ld+json\" class=\"yoast-schema-graph\">{\"@context\":\"https:\\\/\\\/schema.org\",\"@graph\":[{\"@type\":\"WebPage\",\"@id\":\"https:\\\/\\\/schweizversand.ch\\\/en\\\/produkt\\\/jilong-pool-tor-spielset\\\/\",\"url\":\"https:\\\/\\\/schweizversand.ch\\\/en\\\/produkt\\\/jilong-pool-tor-spielset\\\/\",\"name\":\"Jilong Pool-Tor-Spielset\",\"isPartOf\":{\"@id\":\"https:\\\/\\\/schweizversand.ch\\\/en\\\/#website\"},\"primaryImageOfPage\":{\"@id\":\"https:\\\/\\\/schweizversand.ch\\\/en\\\/produkt\\\/jilong-pool-tor-spielset\\\/#primaryimage\"},\"image\":{\"@id\":\"https:\\\/\\\/schweizversand.ch\\\/en\\\/produkt\\\/jilong-pool-tor-spielset\\\/#primaryimage\"},\"thumbnailUrl\":\"https:\\\/\\\/schweizversand.ch\\\/wp-content\\\/uploads\\\/2026\\\/04\\\/5471974051.png\",\"datePublished\":\"2026-04-11T00:00:34+00:00\",\"dateModified\":\"2026-04-11T13:31:53+00:00\",\"description\":\"Aufblasbares Pool Tor-Spiel \u2013 Mit Ball & Netz f\u00fcr Kinder ab 3 Jahren\u00a0 Das Pool Goal Game Set sorgt f\u00fcr sportlichen Wasserspa\u00df im Sommer! Mit einem gro\u00dfen aufbla\",\"breadcrumb\":{\"@id\":\"https:\\\/\\\/schweizversand.ch\\\/en\\\/produkt\\\/jilong-pool-tor-spielset\\\/#breadcrumb\"},\"inLanguage\":\"en-US\",\"potentialAction\":[{\"@type\":\"ReadAction\",\"target\":[\"https:\\\/\\\/schweizversand.ch\\\/en\\\/produkt\\\/jilong-pool-tor-spielset\\\/\"]}]},{\"@type\":\"ImageObject\",\"inLanguage\":\"en-US\",\"@id\":\"https:\\\/\\\/schweizversand.ch\\\/en\\\/produkt\\\/jilong-pool-tor-spielset\\\/#primaryimage\",\"url\":\"https:\\\/\\\/schweizversand.ch\\\/wp-content\\\/uploads\\\/2026\\\/04\\\/5471974051.png\",\"contentUrl\":\"https:\\\/\\\/schweizversand.ch\\\/wp-content\\\/uploads\\\/2026\\\/04\\\/5471974051.png\",\"width\":1024,\"height\":790},{\"@type\":\"BreadcrumbList\",\"@id\":\"https:\\\/\\\/schweizversand.ch\\\/en\\\/produkt\\\/jilong-pool-tor-spielset\\\/#breadcrumb\",\"itemListElement\":[{\"@type\":\"ListItem\",\"position\":1,\"name\":\"Startseite\",\"item\":\"https:\\\/\\\/schweizversand.ch\\\/en\\\/\"},{\"@type\":\"ListItem\",\"position\":2,\"name\":\"Shop\",\"item\":\"https:\\\/\\\/schweizversand.ch\\\/en\\\/shop\\\/\"},{\"@type\":\"ListItem\",\"position\":3,\"name\":\"Jilong Pool Gate Playset\"}]},{\"@type\":\"WebSite\",\"@id\":\"https:\\\/\\\/schweizversand.ch\\\/en\\\/#website\",\"url\":\"https:\\\/\\\/schweizversand.ch\\\/en\\\/\",\"name\":\"Schweizer Shop f\u00fcr Sport, Spiel und Freizeit\",\"description\":\"Gratisversand ab 50.- (netto), ab eigenem schweizer Lager, Lieferung innert 48h\",\"publisher\":{\"@id\":\"https:\\\/\\\/schweizversand.ch\\\/en\\\/#organization\"},\"alternateName\":\"Schweizversand.ch\",\"potentialAction\":[{\"@type\":\"SearchAction\",\"target\":{\"@type\":\"EntryPoint\",\"urlTemplate\":\"https:\\\/\\\/schweizversand.ch\\\/en\\\/?s={search_term_string}\"},\"query-input\":{\"@type\":\"PropertyValueSpecification\",\"valueRequired\":true,\"valueName\":\"search_term_string\"}}],\"inLanguage\":\"en-US\"},{\"@type\":\"Organization\",\"@id\":\"https:\\\/\\\/schweizversand.ch\\\/en\\\/#organization\",\"name\":\"Schweizversand.ch\",\"url\":\"https:\\\/\\\/schweizversand.ch\\\/en\\\/\",\"logo\":{\"@type\":\"ImageObject\",\"inLanguage\":\"en-US\",\"@id\":\"https:\\\/\\\/schweizversand.ch\\\/en\\\/#\\\/schema\\\/logo\\\/image\\\/\",\"url\":\"https:\\\/\\\/schweizversand.ch\\\/wp-content\\\/uploads\\\/2026\\\/03\\\/Logo_Rund_Final-1.png\",\"contentUrl\":\"https:\\\/\\\/schweizversand.ch\\\/wp-content\\\/uploads\\\/2026\\\/03\\\/Logo_Rund_Final-1.png\",\"width\":404,\"height\":404,\"caption\":\"Schweizversand.ch\"},\"image\":{\"@id\":\"https:\\\/\\\/schweizversand.ch\\\/en\\\/#\\\/schema\\\/logo\\\/image\\\/\"},\"sameAs\":[\"https:\\\/\\\/www.facebook.com\\\/Schweizversand\",\"https:\\\/\\\/www.instagram.com\\\/schweizversand.ch\\\/\"]}]}<\/script>\n<!-- \/ Yoast SEO plugin. -->","yoast_head_json":{"title":"Jilong Pool-Tor-Spielset","description":"Aufblasbares Pool Tor-Spiel \u2013 Mit Ball & Netz f\u00fcr Kinder ab 3 Jahren\u00a0 Das Pool Goal Game Set sorgt f\u00fcr sportlichen Wasserspa\u00df im Sommer! Mit einem gro\u00dfen aufbla","robots":{"index":"index","follow":"follow","max-snippet":"max-snippet:-1","max-image-preview":"max-image-preview:large","max-video-preview":"max-video-preview:-1"},"canonical":"https:\/\/schweizversand.ch\/en\/produkt\/jilong-pool-tor-spielset\/","og_locale":"en_US","og_type":"article","og_title":"Jilong Pool-Tor-Spielset","og_description":"Aufblasbares Pool Tor-Spiel \u2013 Mit Ball & Netz f\u00fcr Kinder ab 3 Jahren\u00a0 Das Pool Goal Game Set sorgt f\u00fcr sportlichen Wasserspa\u00df im Sommer! Mit einem gro\u00dfen aufbla","og_url":"https:\/\/schweizversand.ch\/en\/produkt\/jilong-pool-tor-spielset\/","og_site_name":"Schweizer Shop f\u00fcr Sport, Spiel und Freizeit","article_publisher":"https:\/\/www.facebook.com\/Schweizversand","article_modified_time":"2026-04-11T13:31:53+00:00","twitter_card":"summary_large_image","twitter_misc":{"Est. reading time":"1 minute"},"schema":{"@context":"https:\/\/schema.org","@graph":[{"@type":"WebPage","@id":"https:\/\/schweizversand.ch\/en\/produkt\/jilong-pool-tor-spielset\/","url":"https:\/\/schweizversand.ch\/en\/produkt\/jilong-pool-tor-spielset\/","name":"Jilong Pool-Tor-Spielset","isPartOf":{"@id":"https:\/\/schweizversand.ch\/en\/#website"},"primaryImageOfPage":{"@id":"https:\/\/schweizversand.ch\/en\/produkt\/jilong-pool-tor-spielset\/#primaryimage"},"image":{"@id":"https:\/\/schweizversand.ch\/en\/produkt\/jilong-pool-tor-spielset\/#primaryimage"},"thumbnailUrl":"https:\/\/schweizversand.ch\/wp-content\/uploads\/2026\/04\/5471974051.png","datePublished":"2026-04-11T00:00:34+00:00","dateModified":"2026-04-11T13:31:53+00:00","description":"Aufblasbares Pool Tor-Spiel \u2013 Mit Ball & Netz f\u00fcr Kinder ab 3 Jahren\u00a0 Das Pool Goal Game Set sorgt f\u00fcr sportlichen Wasserspa\u00df im Sommer! Mit einem gro\u00dfen aufbla","breadcrumb":{"@id":"https:\/\/schweizversand.ch\/en\/produkt\/jilong-pool-tor-spielset\/#breadcrumb"},"inLanguage":"en-US","potentialAction":[{"@type":"ReadAction","target":["https:\/\/schweizversand.ch\/en\/produkt\/jilong-pool-tor-spielset\/"]}]},{"@type":"ImageObject","inLanguage":"en-US","@id":"https:\/\/schweizversand.ch\/en\/produkt\/jilong-pool-tor-spielset\/#primaryimage","url":"https:\/\/schweizversand.ch\/wp-content\/uploads\/2026\/04\/5471974051.png","contentUrl":"https:\/\/schweizversand.ch\/wp-content\/uploads\/2026\/04\/5471974051.png","width":1024,"height":790},{"@type":"BreadcrumbList","@id":"https:\/\/schweizversand.ch\/en\/produkt\/jilong-pool-tor-spielset\/#breadcrumb","itemListElement":[{"@type":"ListItem","position":1,"name":"Startseite","item":"https:\/\/schweizversand.ch\/en\/"},{"@type":"ListItem","position":2,"name":"Shop","item":"https:\/\/schweizversand.ch\/en\/shop\/"},{"@type":"ListItem","position":3,"name":"Jilong Pool Gate Playset"}]},{"@type":"WebSite","@id":"https:\/\/schweizversand.ch\/en\/#website","url":"https:\/\/schweizversand.ch\/en\/","name":"Schweizer Shop f\u00fcr Sport, Spiel und Freizeit","description":"Gratisversand ab 50.- (netto), ab eigenem schweizer Lager, Lieferung innert 48h","publisher":{"@id":"https:\/\/schweizversand.ch\/en\/#organization"},"alternateName":"Schweizversand.ch","potentialAction":[{"@type":"SearchAction","target":{"@type":"EntryPoint","urlTemplate":"https:\/\/schweizversand.ch\/en\/?s={search_term_string}"},"query-input":{"@type":"PropertyValueSpecification","valueRequired":true,"valueName":"search_term_string"}}],"inLanguage":"en-US"},{"@type":"Organization","@id":"https:\/\/schweizversand.ch\/en\/#organization","name":"Schweizversand.ch","url":"https:\/\/schweizversand.ch\/en\/","logo":{"@type":"ImageObject","inLanguage":"en-US","@id":"https:\/\/schweizversand.ch\/en\/#\/schema\/logo\/image\/","url":"https:\/\/schweizversand.ch\/wp-content\/uploads\/2026\/03\/Logo_Rund_Final-1.png","contentUrl":"https:\/\/schweizversand.ch\/wp-content\/uploads\/2026\/03\/Logo_Rund_Final-1.png","width":404,"height":404,"caption":"Schweizversand.ch"},"image":{"@id":"https:\/\/schweizversand.ch\/en\/#\/schema\/logo\/image\/"},"sameAs":["https:\/\/www.facebook.com\/Schweizversand","https:\/\/www.instagram.com\/schweizversand.ch\/"]}]}},"jetpack_sharing_enabled":true,"_links":{"self":[{"href":"https:\/\/schweizversand.ch\/en\/wp-json\/wp\/v2\/product\/263961","targetHints":{"allow":["GET"]}}],"collection":[{"href":"https:\/\/schweizversand.ch\/en\/wp-json\/wp\/v2\/product"}],"about":[{"href":"https:\/\/schweizversand.ch\/en\/wp-json\/wp\/v2\/types\/product"}],"replies":[{"embeddable":true,"href":"https:\/\/schweizversand.ch\/en\/wp-json\/wp\/v2\/comments?post=263961"}],"wp:featuredmedia":[{"embeddable":true,"href":"https:\/\/schweizversand.ch\/en\/wp-json\/wp\/v2\/media\/265437"}],"wp:attachment":[{"href":"https:\/\/schweizversand.ch\/en\/wp-json\/wp\/v2\/media?parent=263961"}],"wp:term":[{"taxonomy":"product_brand","embeddable":true,"href":"https:\/\/schweizversand.ch\/en\/wp-json\/wp\/v2\/product_brand?post=263961"},{"taxonomy":"product_cat","embeddable":true,"href":"https:\/\/schweizversand.ch\/en\/wp-json\/wp\/v2\/product_cat?post=263961"},{"taxonomy":"product_tag","embeddable":true,"href":"https:\/\/schweizversand.ch\/en\/wp-json\/wp\/v2\/product_tag?post=263961"}],"curies":[{"name":"wp","href":"https:\/\/api.w.org\/{rel}","templated":true}]}}