{"id":263967,"date":"2026-04-11T02:00:35","date_gmt":"2026-04-11T00:00:35","guid":{"rendered":"https:\/\/schweizversand.ch\/produkt\/jilong-avenli-ac-elektrische-luftpumpe-3\/"},"modified":"2026-04-12T15:31:51","modified_gmt":"2026-04-12T13:31:51","slug":"jilong-avenli-ac-elektrische-luftpumpe-3","status":"publish","type":"product","link":"https:\/\/schweizversand.ch\/en\/produkt\/jilong-avenli-ac-elektrische-luftpumpe-3\/","title":{"rendered":"Jilong Avenli AC electric air pump"},"content":{"rendered":"<div>This versatile electric pump, suitable for indoor use only, offers a convenient way to quickly inflate and deflate inflatable items. It is powered by mains electricity. Its rapid pressure build-up makes inflating and deflating inflatables a breeze.<\/p>\n<p>Here are the key features and details:<\/p>\n<p>Features and Details:<br \/>\u2022 Mains Power Supply: AC 220-240V &#8211; This electric pump plugs into a standard wall outlet.<br \/>\u2022 Fast Inflation and Deflation: The pump has a pressure of 4000 Pa, allowing for quick inflation and deflation of inflatable items. This is especially useful when using inflatable toys, air mattresses, or other inflatable products.<br \/>\u2022 Easy Operation: The pump is lightweight and extremely easy to use. It comes with 3 different adapters to fit all common valves. This makes it versatile and suitable for use with various inflatable items.<\/p>\n","protected":false},"excerpt":{"rendered":"<p>Jilong Avenli AC elektrische Luftpumpe sorgt mit 4000 Pa Druck schnell f\u00fcr pralle Luft \u2013 ideal f\u00fcr Indoor-Luftmatratzen, Spielzeug &amp; Co. Einfach anschlie\u00dfen und loslegen!<\/p>\n","protected":false},"featured_media":265548,"comment_status":"open","ping_status":"closed","template":"","meta":[],"product_brand":[],"product_cat":[39042],"product_tag":[],"class_list":{"0":"post-263967","1":"product","2":"type-product","3":"status-publish","4":"has-post-thumbnail","6":"product_cat-miscellaneous","7":"product_shipping_class-global_methods","9":"first","10":"instock","11":"taxable","12":"shipping-taxable","13":"purchasable","14":"product-type-simple"},"yoast_head":"<!-- This site is optimized with the Yoast SEO plugin v27.3 - https:\/\/yoast.com\/product\/yoast-seo-wordpress\/ -->\n<title>Jilong Avenli AC elektrische Luftpumpe<\/title>\n<meta name=\"description\" content=\"Die vielseitige elektrische Pumpe, die nur f\u00fcr den Innenbereich geeignet ist, bietet eine bequeme M\u00f6glichkeit, aufblasbare Gegenst\u00e4nde schnell mit Luft zu bef\u00fcl\" \/>\n<meta name=\"robots\" content=\"index, follow, max-snippet:-1, max-image-preview:large, max-video-preview:-1\" \/>\n<link rel=\"canonical\" href=\"https:\/\/schweizversand.ch\/en\/produkt\/jilong-avenli-ac-elektrische-luftpumpe-3\/\" \/>\n<meta property=\"og:locale\" content=\"en_US\" \/>\n<meta property=\"og:type\" content=\"article\" \/>\n<meta property=\"og:title\" content=\"Jilong Avenli AC elektrische Luftpumpe\" \/>\n<meta property=\"og:description\" content=\"Die vielseitige elektrische Pumpe, die nur f\u00fcr den Innenbereich geeignet ist, bietet eine bequeme M\u00f6glichkeit, aufblasbare Gegenst\u00e4nde schnell mit Luft zu bef\u00fcl\" \/>\n<meta property=\"og:url\" content=\"https:\/\/schweizversand.ch\/en\/produkt\/jilong-avenli-ac-elektrische-luftpumpe-3\/\" \/>\n<meta property=\"og:site_name\" content=\"Schweizer Shop f\u00fcr Sport, Spiel und Freizeit\" \/>\n<meta property=\"article:publisher\" content=\"https:\/\/www.facebook.com\/Schweizversand\" \/>\n<meta property=\"article:modified_time\" content=\"2026-04-12T13:31:51+00:00\" \/>\n<meta property=\"og:image\" content=\"https:\/\/schweizversand.ch\/wp-content\/uploads\/2026\/04\/5471972547-1.jpg\" \/>\n\t<meta property=\"og:image:width\" content=\"1024\" \/>\n\t<meta property=\"og:image:height\" content=\"1024\" \/>\n\t<meta property=\"og:image:type\" content=\"image\/jpeg\" \/>\n<meta name=\"twitter:card\" content=\"summary_large_image\" \/>\n<meta name=\"twitter:label1\" content=\"Est. reading time\" \/>\n\t<meta name=\"twitter:data1\" content=\"1 minute\" \/>\n<script type=\"application\/ld+json\" class=\"yoast-schema-graph\">{\"@context\":\"https:\\\/\\\/schema.org\",\"@graph\":[{\"@type\":\"WebPage\",\"@id\":\"https:\\\/\\\/schweizversand.ch\\\/en\\\/produkt\\\/jilong-avenli-ac-elektrische-luftpumpe-3\\\/\",\"url\":\"https:\\\/\\\/schweizversand.ch\\\/en\\\/produkt\\\/jilong-avenli-ac-elektrische-luftpumpe-3\\\/\",\"name\":\"Jilong Avenli AC elektrische Luftpumpe\",\"isPartOf\":{\"@id\":\"https:\\\/\\\/schweizversand.ch\\\/en\\\/#website\"},\"primaryImageOfPage\":{\"@id\":\"https:\\\/\\\/schweizversand.ch\\\/en\\\/produkt\\\/jilong-avenli-ac-elektrische-luftpumpe-3\\\/#primaryimage\"},\"image\":{\"@id\":\"https:\\\/\\\/schweizversand.ch\\\/en\\\/produkt\\\/jilong-avenli-ac-elektrische-luftpumpe-3\\\/#primaryimage\"},\"thumbnailUrl\":\"https:\\\/\\\/schweizversand.ch\\\/wp-content\\\/uploads\\\/2026\\\/04\\\/5471972547-1.jpg\",\"datePublished\":\"2026-04-11T00:00:35+00:00\",\"dateModified\":\"2026-04-12T13:31:51+00:00\",\"description\":\"Die vielseitige elektrische Pumpe, die nur f\u00fcr den Innenbereich geeignet ist, bietet eine bequeme M\u00f6glichkeit, aufblasbare Gegenst\u00e4nde schnell mit Luft zu bef\u00fcl\",\"breadcrumb\":{\"@id\":\"https:\\\/\\\/schweizversand.ch\\\/en\\\/produkt\\\/jilong-avenli-ac-elektrische-luftpumpe-3\\\/#breadcrumb\"},\"inLanguage\":\"en-US\",\"potentialAction\":[{\"@type\":\"ReadAction\",\"target\":[\"https:\\\/\\\/schweizversand.ch\\\/en\\\/produkt\\\/jilong-avenli-ac-elektrische-luftpumpe-3\\\/\"]}]},{\"@type\":\"ImageObject\",\"inLanguage\":\"en-US\",\"@id\":\"https:\\\/\\\/schweizversand.ch\\\/en\\\/produkt\\\/jilong-avenli-ac-elektrische-luftpumpe-3\\\/#primaryimage\",\"url\":\"https:\\\/\\\/schweizversand.ch\\\/wp-content\\\/uploads\\\/2026\\\/04\\\/5471972547-1.jpg\",\"contentUrl\":\"https:\\\/\\\/schweizversand.ch\\\/wp-content\\\/uploads\\\/2026\\\/04\\\/5471972547-1.jpg\",\"width\":1024,\"height\":1024},{\"@type\":\"BreadcrumbList\",\"@id\":\"https:\\\/\\\/schweizversand.ch\\\/en\\\/produkt\\\/jilong-avenli-ac-elektrische-luftpumpe-3\\\/#breadcrumb\",\"itemListElement\":[{\"@type\":\"ListItem\",\"position\":1,\"name\":\"Startseite\",\"item\":\"https:\\\/\\\/schweizversand.ch\\\/en\\\/\"},{\"@type\":\"ListItem\",\"position\":2,\"name\":\"Shop\",\"item\":\"https:\\\/\\\/schweizversand.ch\\\/en\\\/shop\\\/\"},{\"@type\":\"ListItem\",\"position\":3,\"name\":\"Jilong Avenli AC electric air pump\"}]},{\"@type\":\"WebSite\",\"@id\":\"https:\\\/\\\/schweizversand.ch\\\/en\\\/#website\",\"url\":\"https:\\\/\\\/schweizversand.ch\\\/en\\\/\",\"name\":\"Schweizer Shop f\u00fcr Sport, Spiel und Freizeit\",\"description\":\"Gratisversand ab 50.- (netto), ab eigenem schweizer Lager, Lieferung innert 48h\",\"publisher\":{\"@id\":\"https:\\\/\\\/schweizversand.ch\\\/en\\\/#organization\"},\"alternateName\":\"Schweizversand.ch\",\"potentialAction\":[{\"@type\":\"SearchAction\",\"target\":{\"@type\":\"EntryPoint\",\"urlTemplate\":\"https:\\\/\\\/schweizversand.ch\\\/en\\\/?s={search_term_string}\"},\"query-input\":{\"@type\":\"PropertyValueSpecification\",\"valueRequired\":true,\"valueName\":\"search_term_string\"}}],\"inLanguage\":\"en-US\"},{\"@type\":\"Organization\",\"@id\":\"https:\\\/\\\/schweizversand.ch\\\/en\\\/#organization\",\"name\":\"Schweizversand.ch\",\"url\":\"https:\\\/\\\/schweizversand.ch\\\/en\\\/\",\"logo\":{\"@type\":\"ImageObject\",\"inLanguage\":\"en-US\",\"@id\":\"https:\\\/\\\/schweizversand.ch\\\/en\\\/#\\\/schema\\\/logo\\\/image\\\/\",\"url\":\"https:\\\/\\\/schweizversand.ch\\\/wp-content\\\/uploads\\\/2026\\\/03\\\/Logo_Rund_Final-1.png\",\"contentUrl\":\"https:\\\/\\\/schweizversand.ch\\\/wp-content\\\/uploads\\\/2026\\\/03\\\/Logo_Rund_Final-1.png\",\"width\":404,\"height\":404,\"caption\":\"Schweizversand.ch\"},\"image\":{\"@id\":\"https:\\\/\\\/schweizversand.ch\\\/en\\\/#\\\/schema\\\/logo\\\/image\\\/\"},\"sameAs\":[\"https:\\\/\\\/www.facebook.com\\\/Schweizversand\",\"https:\\\/\\\/www.instagram.com\\\/schweizversand.ch\\\/\"]}]}<\/script>\n<!-- \/ Yoast SEO plugin. -->","yoast_head_json":{"title":"Jilong Avenli AC elektrische Luftpumpe","description":"Die vielseitige elektrische Pumpe, die nur f\u00fcr den Innenbereich geeignet ist, bietet eine bequeme M\u00f6glichkeit, aufblasbare Gegenst\u00e4nde schnell mit Luft zu bef\u00fcl","robots":{"index":"index","follow":"follow","max-snippet":"max-snippet:-1","max-image-preview":"max-image-preview:large","max-video-preview":"max-video-preview:-1"},"canonical":"https:\/\/schweizversand.ch\/en\/produkt\/jilong-avenli-ac-elektrische-luftpumpe-3\/","og_locale":"en_US","og_type":"article","og_title":"Jilong Avenli AC elektrische Luftpumpe","og_description":"Die vielseitige elektrische Pumpe, die nur f\u00fcr den Innenbereich geeignet ist, bietet eine bequeme M\u00f6glichkeit, aufblasbare Gegenst\u00e4nde schnell mit Luft zu bef\u00fcl","og_url":"https:\/\/schweizversand.ch\/en\/produkt\/jilong-avenli-ac-elektrische-luftpumpe-3\/","og_site_name":"Schweizer Shop f\u00fcr Sport, Spiel und Freizeit","article_publisher":"https:\/\/www.facebook.com\/Schweizversand","article_modified_time":"2026-04-12T13:31:51+00:00","og_image":[{"width":1024,"height":1024,"url":"https:\/\/schweizversand.ch\/wp-content\/uploads\/2026\/04\/5471972547-1.jpg","type":"image\/jpeg"}],"twitter_card":"summary_large_image","twitter_misc":{"Est. reading time":"1 minute"},"schema":{"@context":"https:\/\/schema.org","@graph":[{"@type":"WebPage","@id":"https:\/\/schweizversand.ch\/en\/produkt\/jilong-avenli-ac-elektrische-luftpumpe-3\/","url":"https:\/\/schweizversand.ch\/en\/produkt\/jilong-avenli-ac-elektrische-luftpumpe-3\/","name":"Jilong Avenli AC elektrische Luftpumpe","isPartOf":{"@id":"https:\/\/schweizversand.ch\/en\/#website"},"primaryImageOfPage":{"@id":"https:\/\/schweizversand.ch\/en\/produkt\/jilong-avenli-ac-elektrische-luftpumpe-3\/#primaryimage"},"image":{"@id":"https:\/\/schweizversand.ch\/en\/produkt\/jilong-avenli-ac-elektrische-luftpumpe-3\/#primaryimage"},"thumbnailUrl":"https:\/\/schweizversand.ch\/wp-content\/uploads\/2026\/04\/5471972547-1.jpg","datePublished":"2026-04-11T00:00:35+00:00","dateModified":"2026-04-12T13:31:51+00:00","description":"Die vielseitige elektrische Pumpe, die nur f\u00fcr den Innenbereich geeignet ist, bietet eine bequeme M\u00f6glichkeit, aufblasbare Gegenst\u00e4nde schnell mit Luft zu bef\u00fcl","breadcrumb":{"@id":"https:\/\/schweizversand.ch\/en\/produkt\/jilong-avenli-ac-elektrische-luftpumpe-3\/#breadcrumb"},"inLanguage":"en-US","potentialAction":[{"@type":"ReadAction","target":["https:\/\/schweizversand.ch\/en\/produkt\/jilong-avenli-ac-elektrische-luftpumpe-3\/"]}]},{"@type":"ImageObject","inLanguage":"en-US","@id":"https:\/\/schweizversand.ch\/en\/produkt\/jilong-avenli-ac-elektrische-luftpumpe-3\/#primaryimage","url":"https:\/\/schweizversand.ch\/wp-content\/uploads\/2026\/04\/5471972547-1.jpg","contentUrl":"https:\/\/schweizversand.ch\/wp-content\/uploads\/2026\/04\/5471972547-1.jpg","width":1024,"height":1024},{"@type":"BreadcrumbList","@id":"https:\/\/schweizversand.ch\/en\/produkt\/jilong-avenli-ac-elektrische-luftpumpe-3\/#breadcrumb","itemListElement":[{"@type":"ListItem","position":1,"name":"Startseite","item":"https:\/\/schweizversand.ch\/en\/"},{"@type":"ListItem","position":2,"name":"Shop","item":"https:\/\/schweizversand.ch\/en\/shop\/"},{"@type":"ListItem","position":3,"name":"Jilong Avenli AC electric air pump"}]},{"@type":"WebSite","@id":"https:\/\/schweizversand.ch\/en\/#website","url":"https:\/\/schweizversand.ch\/en\/","name":"Schweizer Shop f\u00fcr Sport, Spiel und Freizeit","description":"Gratisversand ab 50.- (netto), ab eigenem schweizer Lager, Lieferung innert 48h","publisher":{"@id":"https:\/\/schweizversand.ch\/en\/#organization"},"alternateName":"Schweizversand.ch","potentialAction":[{"@type":"SearchAction","target":{"@type":"EntryPoint","urlTemplate":"https:\/\/schweizversand.ch\/en\/?s={search_term_string}"},"query-input":{"@type":"PropertyValueSpecification","valueRequired":true,"valueName":"search_term_string"}}],"inLanguage":"en-US"},{"@type":"Organization","@id":"https:\/\/schweizversand.ch\/en\/#organization","name":"Schweizversand.ch","url":"https:\/\/schweizversand.ch\/en\/","logo":{"@type":"ImageObject","inLanguage":"en-US","@id":"https:\/\/schweizversand.ch\/en\/#\/schema\/logo\/image\/","url":"https:\/\/schweizversand.ch\/wp-content\/uploads\/2026\/03\/Logo_Rund_Final-1.png","contentUrl":"https:\/\/schweizversand.ch\/wp-content\/uploads\/2026\/03\/Logo_Rund_Final-1.png","width":404,"height":404,"caption":"Schweizversand.ch"},"image":{"@id":"https:\/\/schweizversand.ch\/en\/#\/schema\/logo\/image\/"},"sameAs":["https:\/\/www.facebook.com\/Schweizversand","https:\/\/www.instagram.com\/schweizversand.ch\/"]}]}},"jetpack_sharing_enabled":true,"_links":{"self":[{"href":"https:\/\/schweizversand.ch\/en\/wp-json\/wp\/v2\/product\/263967","targetHints":{"allow":["GET"]}}],"collection":[{"href":"https:\/\/schweizversand.ch\/en\/wp-json\/wp\/v2\/product"}],"about":[{"href":"https:\/\/schweizversand.ch\/en\/wp-json\/wp\/v2\/types\/product"}],"replies":[{"embeddable":true,"href":"https:\/\/schweizversand.ch\/en\/wp-json\/wp\/v2\/comments?post=263967"}],"wp:featuredmedia":[{"embeddable":true,"href":"https:\/\/schweizversand.ch\/en\/wp-json\/wp\/v2\/media\/265548"}],"wp:attachment":[{"href":"https:\/\/schweizversand.ch\/en\/wp-json\/wp\/v2\/media?parent=263967"}],"wp:term":[{"taxonomy":"product_brand","embeddable":true,"href":"https:\/\/schweizversand.ch\/en\/wp-json\/wp\/v2\/product_brand?post=263967"},{"taxonomy":"product_cat","embeddable":true,"href":"https:\/\/schweizversand.ch\/en\/wp-json\/wp\/v2\/product_cat?post=263967"},{"taxonomy":"product_tag","embeddable":true,"href":"https:\/\/schweizversand.ch\/en\/wp-json\/wp\/v2\/product_tag?post=263967"}],"curies":[{"name":"wp","href":"https:\/\/api.w.org\/{rel}","templated":true}]}}