{"id":263975,"date":"2026-04-11T02:00:37","date_gmt":"2026-04-11T00:00:37","guid":{"rendered":"https:\/\/schweizversand.ch\/produkt\/jilong-avenli-luftbett-single\/"},"modified":"2026-04-13T02:02:17","modified_gmt":"2026-04-13T00:02:17","slug":"jilong-avenli-luftbett-single","status":"publish","type":"product","link":"https:\/\/schweizversand.ch\/en\/produkt\/jilong-avenli-luftbett-single\/","title":{"rendered":"Jilong Avenli Airbed Single"},"content":{"rendered":"<p>This air mattress offers versatile comfort and flexibility for indoor and outdoor use. With a flocked velour top, it is pleasantly soft, skin-friendly, and water-repellent.<\/p>\n<p>The air mattress features a 2-in-1 safety valve that allows for quick inflation and deflation and is compatible with various pump attachments.<\/p>\n<p>The air mattress&#8217;s construction is based on a coil-beam chamber system, which provides stability and support.<\/p>\n<p>The outer material is made of 100% PVC, while the top is covered with velour to ensure a non-slip and comfortable sleeping experience.<\/p>\n<p>This air mattress is the perfect choice for travel, camping, or overnight guests. A repair patch is included for quick fixes in case of damage.<\/p>\n<p>Details:<\/p>\n<p>&#8211; Flocked velour top, skin-friendly, soft, water-repellent<\/p>\n<p>&#8211; Coil-beam (tubular rib construction)<\/p>\n<p>&#8211; 2-in-1 safety valve for quick inflation and deflation, compatible with various pump heads<\/p>\n<p>&#8211; Suitable for indoor and outdoor use<\/p>\n<p>&#8211; Made of durable PVC<\/p>\n<p>&#8211; Number of valves: 1<\/p>\n<p>&#8211; Number of chambers: 1<\/p>\n<p>Number of people: 1<\/p>\n<p>Pump not included<\/p>\n","protected":false},"excerpt":{"rendered":"<p>Jilong Avenli Luftbett Single bietet weichen Velours-Komfort, stabiles Coil-Beam-System und 2-in-1 Sicherheitsventil \u2013 ideal f\u00fcr Camping, Reisen und G\u00e4ste\u00fcbernachtungen.<\/p>\n","protected":false},"featured_media":265611,"comment_status":"open","ping_status":"closed","template":"","meta":[],"product_brand":[],"product_cat":[38033],"product_tag":[],"class_list":{"0":"post-263975","1":"product","2":"type-product","3":"status-publish","4":"has-post-thumbnail","6":"product_cat-camping","7":"product_shipping_class-global_methods","9":"first","10":"instock","11":"taxable","12":"shipping-taxable","13":"purchasable","14":"product-type-simple"},"yoast_head":"<!-- This site is optimized with the Yoast SEO plugin v27.3 - https:\/\/yoast.com\/product\/yoast-seo-wordpress\/ -->\n<title>Jilong Avenli Luftbett Single<\/title>\n<meta name=\"description\" content=\"Das Luftbett bietet vielseitigen Komfort und Flexibilit\u00e4t f\u00fcr den Innen- und Au\u00dfenbereich. Mit einer beflockten Velours-Oberseite ist es angenehm weich, hautfre\" \/>\n<meta name=\"robots\" content=\"index, follow, max-snippet:-1, max-image-preview:large, max-video-preview:-1\" \/>\n<link rel=\"canonical\" href=\"https:\/\/schweizversand.ch\/en\/produkt\/jilong-avenli-luftbett-single\/\" \/>\n<meta property=\"og:locale\" content=\"en_US\" \/>\n<meta property=\"og:type\" content=\"article\" \/>\n<meta property=\"og:title\" content=\"Jilong Avenli Luftbett Single\" \/>\n<meta property=\"og:description\" content=\"Das Luftbett bietet vielseitigen Komfort und Flexibilit\u00e4t f\u00fcr den Innen- und Au\u00dfenbereich. Mit einer beflockten Velours-Oberseite ist es angenehm weich, hautfre\" \/>\n<meta property=\"og:url\" content=\"https:\/\/schweizversand.ch\/en\/produkt\/jilong-avenli-luftbett-single\/\" \/>\n<meta property=\"og:site_name\" content=\"Schweizer Shop f\u00fcr Sport, Spiel und Freizeit\" \/>\n<meta property=\"article:publisher\" content=\"https:\/\/www.facebook.com\/Schweizversand\" \/>\n<meta property=\"article:modified_time\" content=\"2026-04-13T00:02:17+00:00\" \/>\n<meta property=\"og:image\" content=\"https:\/\/schweizversand.ch\/wp-content\/uploads\/2026\/04\/5471476323-2.jpg\" \/>\n\t<meta property=\"og:image:width\" content=\"1024\" \/>\n\t<meta property=\"og:image:height\" content=\"546\" \/>\n\t<meta property=\"og:image:type\" content=\"image\/jpeg\" \/>\n<meta name=\"twitter:card\" content=\"summary_large_image\" \/>\n<meta name=\"twitter:label1\" content=\"Est. reading time\" \/>\n\t<meta name=\"twitter:data1\" content=\"1 minute\" \/>\n<script type=\"application\/ld+json\" class=\"yoast-schema-graph\">{\"@context\":\"https:\\\/\\\/schema.org\",\"@graph\":[{\"@type\":\"WebPage\",\"@id\":\"https:\\\/\\\/schweizversand.ch\\\/en\\\/produkt\\\/jilong-avenli-luftbett-single\\\/\",\"url\":\"https:\\\/\\\/schweizversand.ch\\\/en\\\/produkt\\\/jilong-avenli-luftbett-single\\\/\",\"name\":\"Jilong Avenli Luftbett Single\",\"isPartOf\":{\"@id\":\"https:\\\/\\\/schweizversand.ch\\\/en\\\/#website\"},\"primaryImageOfPage\":{\"@id\":\"https:\\\/\\\/schweizversand.ch\\\/en\\\/produkt\\\/jilong-avenli-luftbett-single\\\/#primaryimage\"},\"image\":{\"@id\":\"https:\\\/\\\/schweizversand.ch\\\/en\\\/produkt\\\/jilong-avenli-luftbett-single\\\/#primaryimage\"},\"thumbnailUrl\":\"https:\\\/\\\/schweizversand.ch\\\/wp-content\\\/uploads\\\/2026\\\/04\\\/5471476323.jpg\",\"datePublished\":\"2026-04-11T00:00:37+00:00\",\"dateModified\":\"2026-04-13T00:02:17+00:00\",\"description\":\"Das Luftbett bietet vielseitigen Komfort und Flexibilit\u00e4t f\u00fcr den Innen- und Au\u00dfenbereich. Mit einer beflockten Velours-Oberseite ist es angenehm weich, hautfre\",\"breadcrumb\":{\"@id\":\"https:\\\/\\\/schweizversand.ch\\\/en\\\/produkt\\\/jilong-avenli-luftbett-single\\\/#breadcrumb\"},\"inLanguage\":\"en-US\",\"potentialAction\":[{\"@type\":\"ReadAction\",\"target\":[\"https:\\\/\\\/schweizversand.ch\\\/en\\\/produkt\\\/jilong-avenli-luftbett-single\\\/\"]}]},{\"@type\":\"ImageObject\",\"inLanguage\":\"en-US\",\"@id\":\"https:\\\/\\\/schweizversand.ch\\\/en\\\/produkt\\\/jilong-avenli-luftbett-single\\\/#primaryimage\",\"url\":\"https:\\\/\\\/schweizversand.ch\\\/wp-content\\\/uploads\\\/2026\\\/04\\\/5471476323.jpg\",\"contentUrl\":\"https:\\\/\\\/schweizversand.ch\\\/wp-content\\\/uploads\\\/2026\\\/04\\\/5471476323.jpg\",\"width\":1024,\"height\":546},{\"@type\":\"BreadcrumbList\",\"@id\":\"https:\\\/\\\/schweizversand.ch\\\/en\\\/produkt\\\/jilong-avenli-luftbett-single\\\/#breadcrumb\",\"itemListElement\":[{\"@type\":\"ListItem\",\"position\":1,\"name\":\"Startseite\",\"item\":\"https:\\\/\\\/schweizversand.ch\\\/en\\\/\"},{\"@type\":\"ListItem\",\"position\":2,\"name\":\"Shop\",\"item\":\"https:\\\/\\\/schweizversand.ch\\\/en\\\/shop\\\/\"},{\"@type\":\"ListItem\",\"position\":3,\"name\":\"Jilong Avenli Airbed Single\"}]},{\"@type\":\"WebSite\",\"@id\":\"https:\\\/\\\/schweizversand.ch\\\/en\\\/#website\",\"url\":\"https:\\\/\\\/schweizversand.ch\\\/en\\\/\",\"name\":\"Schweizer Shop f\u00fcr Sport, Spiel und Freizeit\",\"description\":\"Gratisversand ab 50.- (netto), ab eigenem schweizer Lager, Lieferung innert 48h\",\"publisher\":{\"@id\":\"https:\\\/\\\/schweizversand.ch\\\/en\\\/#organization\"},\"alternateName\":\"Schweizversand.ch\",\"potentialAction\":[{\"@type\":\"SearchAction\",\"target\":{\"@type\":\"EntryPoint\",\"urlTemplate\":\"https:\\\/\\\/schweizversand.ch\\\/en\\\/?s={search_term_string}\"},\"query-input\":{\"@type\":\"PropertyValueSpecification\",\"valueRequired\":true,\"valueName\":\"search_term_string\"}}],\"inLanguage\":\"en-US\"},{\"@type\":\"Organization\",\"@id\":\"https:\\\/\\\/schweizversand.ch\\\/en\\\/#organization\",\"name\":\"Schweizversand.ch\",\"url\":\"https:\\\/\\\/schweizversand.ch\\\/en\\\/\",\"logo\":{\"@type\":\"ImageObject\",\"inLanguage\":\"en-US\",\"@id\":\"https:\\\/\\\/schweizversand.ch\\\/en\\\/#\\\/schema\\\/logo\\\/image\\\/\",\"url\":\"https:\\\/\\\/schweizversand.ch\\\/wp-content\\\/uploads\\\/2026\\\/03\\\/Logo_Rund_Final-1.png\",\"contentUrl\":\"https:\\\/\\\/schweizversand.ch\\\/wp-content\\\/uploads\\\/2026\\\/03\\\/Logo_Rund_Final-1.png\",\"width\":404,\"height\":404,\"caption\":\"Schweizversand.ch\"},\"image\":{\"@id\":\"https:\\\/\\\/schweizversand.ch\\\/en\\\/#\\\/schema\\\/logo\\\/image\\\/\"},\"sameAs\":[\"https:\\\/\\\/www.facebook.com\\\/Schweizversand\",\"https:\\\/\\\/www.instagram.com\\\/schweizversand.ch\\\/\"]}]}<\/script>\n<!-- \/ Yoast SEO plugin. -->","yoast_head_json":{"title":"Jilong Avenli Luftbett Single","description":"Das Luftbett bietet vielseitigen Komfort und Flexibilit\u00e4t f\u00fcr den Innen- und Au\u00dfenbereich. Mit einer beflockten Velours-Oberseite ist es angenehm weich, hautfre","robots":{"index":"index","follow":"follow","max-snippet":"max-snippet:-1","max-image-preview":"max-image-preview:large","max-video-preview":"max-video-preview:-1"},"canonical":"https:\/\/schweizversand.ch\/en\/produkt\/jilong-avenli-luftbett-single\/","og_locale":"en_US","og_type":"article","og_title":"Jilong Avenli Luftbett Single","og_description":"Das Luftbett bietet vielseitigen Komfort und Flexibilit\u00e4t f\u00fcr den Innen- und Au\u00dfenbereich. Mit einer beflockten Velours-Oberseite ist es angenehm weich, hautfre","og_url":"https:\/\/schweizversand.ch\/en\/produkt\/jilong-avenli-luftbett-single\/","og_site_name":"Schweizer Shop f\u00fcr Sport, Spiel und Freizeit","article_publisher":"https:\/\/www.facebook.com\/Schweizversand","article_modified_time":"2026-04-13T00:02:17+00:00","og_image":[{"width":1024,"height":546,"url":"https:\/\/schweizversand.ch\/wp-content\/uploads\/2026\/04\/5471476323-2.jpg","type":"image\/jpeg"}],"twitter_card":"summary_large_image","twitter_misc":{"Est. reading time":"1 minute"},"schema":{"@context":"https:\/\/schema.org","@graph":[{"@type":"WebPage","@id":"https:\/\/schweizversand.ch\/en\/produkt\/jilong-avenli-luftbett-single\/","url":"https:\/\/schweizversand.ch\/en\/produkt\/jilong-avenli-luftbett-single\/","name":"Jilong Avenli Luftbett Single","isPartOf":{"@id":"https:\/\/schweizversand.ch\/en\/#website"},"primaryImageOfPage":{"@id":"https:\/\/schweizversand.ch\/en\/produkt\/jilong-avenli-luftbett-single\/#primaryimage"},"image":{"@id":"https:\/\/schweizversand.ch\/en\/produkt\/jilong-avenli-luftbett-single\/#primaryimage"},"thumbnailUrl":"https:\/\/schweizversand.ch\/wp-content\/uploads\/2026\/04\/5471476323.jpg","datePublished":"2026-04-11T00:00:37+00:00","dateModified":"2026-04-13T00:02:17+00:00","description":"Das Luftbett bietet vielseitigen Komfort und Flexibilit\u00e4t f\u00fcr den Innen- und Au\u00dfenbereich. Mit einer beflockten Velours-Oberseite ist es angenehm weich, hautfre","breadcrumb":{"@id":"https:\/\/schweizversand.ch\/en\/produkt\/jilong-avenli-luftbett-single\/#breadcrumb"},"inLanguage":"en-US","potentialAction":[{"@type":"ReadAction","target":["https:\/\/schweizversand.ch\/en\/produkt\/jilong-avenli-luftbett-single\/"]}]},{"@type":"ImageObject","inLanguage":"en-US","@id":"https:\/\/schweizversand.ch\/en\/produkt\/jilong-avenli-luftbett-single\/#primaryimage","url":"https:\/\/schweizversand.ch\/wp-content\/uploads\/2026\/04\/5471476323.jpg","contentUrl":"https:\/\/schweizversand.ch\/wp-content\/uploads\/2026\/04\/5471476323.jpg","width":1024,"height":546},{"@type":"BreadcrumbList","@id":"https:\/\/schweizversand.ch\/en\/produkt\/jilong-avenli-luftbett-single\/#breadcrumb","itemListElement":[{"@type":"ListItem","position":1,"name":"Startseite","item":"https:\/\/schweizversand.ch\/en\/"},{"@type":"ListItem","position":2,"name":"Shop","item":"https:\/\/schweizversand.ch\/en\/shop\/"},{"@type":"ListItem","position":3,"name":"Jilong Avenli Airbed Single"}]},{"@type":"WebSite","@id":"https:\/\/schweizversand.ch\/en\/#website","url":"https:\/\/schweizversand.ch\/en\/","name":"Schweizer Shop f\u00fcr Sport, Spiel und Freizeit","description":"Gratisversand ab 50.- (netto), ab eigenem schweizer Lager, Lieferung innert 48h","publisher":{"@id":"https:\/\/schweizversand.ch\/en\/#organization"},"alternateName":"Schweizversand.ch","potentialAction":[{"@type":"SearchAction","target":{"@type":"EntryPoint","urlTemplate":"https:\/\/schweizversand.ch\/en\/?s={search_term_string}"},"query-input":{"@type":"PropertyValueSpecification","valueRequired":true,"valueName":"search_term_string"}}],"inLanguage":"en-US"},{"@type":"Organization","@id":"https:\/\/schweizversand.ch\/en\/#organization","name":"Schweizversand.ch","url":"https:\/\/schweizversand.ch\/en\/","logo":{"@type":"ImageObject","inLanguage":"en-US","@id":"https:\/\/schweizversand.ch\/en\/#\/schema\/logo\/image\/","url":"https:\/\/schweizversand.ch\/wp-content\/uploads\/2026\/03\/Logo_Rund_Final-1.png","contentUrl":"https:\/\/schweizversand.ch\/wp-content\/uploads\/2026\/03\/Logo_Rund_Final-1.png","width":404,"height":404,"caption":"Schweizversand.ch"},"image":{"@id":"https:\/\/schweizversand.ch\/en\/#\/schema\/logo\/image\/"},"sameAs":["https:\/\/www.facebook.com\/Schweizversand","https:\/\/www.instagram.com\/schweizversand.ch\/"]}]}},"jetpack_sharing_enabled":true,"_links":{"self":[{"href":"https:\/\/schweizversand.ch\/en\/wp-json\/wp\/v2\/product\/263975","targetHints":{"allow":["GET"]}}],"collection":[{"href":"https:\/\/schweizversand.ch\/en\/wp-json\/wp\/v2\/product"}],"about":[{"href":"https:\/\/schweizversand.ch\/en\/wp-json\/wp\/v2\/types\/product"}],"replies":[{"embeddable":true,"href":"https:\/\/schweizversand.ch\/en\/wp-json\/wp\/v2\/comments?post=263975"}],"wp:featuredmedia":[{"embeddable":true,"href":"https:\/\/schweizversand.ch\/en\/wp-json\/wp\/v2\/media\/265611"}],"wp:attachment":[{"href":"https:\/\/schweizversand.ch\/en\/wp-json\/wp\/v2\/media?parent=263975"}],"wp:term":[{"taxonomy":"product_brand","embeddable":true,"href":"https:\/\/schweizversand.ch\/en\/wp-json\/wp\/v2\/product_brand?post=263975"},{"taxonomy":"product_cat","embeddable":true,"href":"https:\/\/schweizversand.ch\/en\/wp-json\/wp\/v2\/product_cat?post=263975"},{"taxonomy":"product_tag","embeddable":true,"href":"https:\/\/schweizversand.ch\/en\/wp-json\/wp\/v2\/product_tag?post=263975"}],"curies":[{"name":"wp","href":"https:\/\/api.w.org\/{rel}","templated":true}]}}